{"id":7719,"date":"2025-03-03T07:13:47","date_gmt":"2025-03-03T07:13:47","guid":{"rendered":"https:\/\/jinsuncarbon.com\/?post_type=product&#038;p=7719"},"modified":"2025-03-03T07:14:31","modified_gmt":"2025-03-03T07:14:31","slug":"ladrillo-de-grafito","status":"publish","type":"product","link":"https:\/\/jinsuncarbon.com\/es_ar\/producto\/ladrillo-de-grafito\/","title":{"rendered":"Ladrillo de grafito"},"content":{"rendered":"<p>Los ladrillos de grafito suelen ser cuboides o c\u00fabicos, con diversos tama\u00f1os y especificaciones. Sus ventajas son muy destacadas.<\/p>\n<p><strong><b>E<\/b><\/strong><strong><b>xcelente resistencia a altas temperaturas<\/b><\/strong><\/p>\n<p>Puede mantener la estabilidad estructural a temperaturas ultraelevadas de 1500\u00b0 C-3000 \u00b0C.<\/p>\n<p><strong><b>Buena conductividad el\u00e9ctrica<\/b><\/strong><\/p>\n<p>Puede cumplir requisitos el\u00e9ctricos espec\u00edficos.<\/p>\n<p><strong><b>Qu\u00edmicamente estable<\/b><\/strong><\/p>\n<p>Casi no reacciona con las sustancias qu\u00edmicas comunes.<\/p>\n<p><strong><b>Alta resistencia mec\u00e1nica<\/b><\/strong><\/p>\n<p>No es f\u00e1cil que se deforme y se rompa.<\/p>\n<p><strong><b>Buena resistencia al desgaste<\/b><\/strong><\/p>\n<p>Puede soportar cierto grado de fricci\u00f3n.<\/p>\n<p>&nbsp;<\/p>\n<p>Adem\u00e1s, tambi\u00e9n tiene un buen aislamiento t\u00e9rmico, puede bloquear eficazmente la transferencia de calor. Estas caracter\u00edsticas hacen que desempe\u00f1e un papel clave en los equipos industriales de alta temperatura, prolongando significativamente la vida \u00fatil de los equipos y reduciendo los costes de mantenimiento.<\/p>\n<p>De acuerdo con sus necesidades espec\u00edficas, lo cortaremos, esmerilaremos y someteremos a otros medios de procesamiento para que se ajuste con precisi\u00f3n a su tama\u00f1o, precisi\u00f3n y requisitos estructurales especiales. Adem\u00e1s, puede elegir entre ladrillos de grafito isost\u00e1tico, ladrillos de grafito moldeados u otros tipos de ladrillos de grafito.<\/p>\n<p>&nbsp;<\/p>\n<h2>Usos de los ladrillos de grafito<\/h2>\n<h3>Industria metal\u00fargica:<\/h3>\n<p>Puede utilizarlo como forro de <a href=\"https:\/\/jinsuncarbon.com\/es_ar\/como-funciona-un-alto-horno\/\">altos hornos<\/a>, hornos el\u00e9ctricos, etc. Puede soportar la erosi\u00f3n del metal caliente a alta temperatura y la escoria, para prolongar la vida \u00fatil del horno. Al igual que en los hornos el\u00e9ctricos de fabricaci\u00f3n de acero, puede resistir la alta temperatura de alrededor de 1600\u2103. Tambi\u00e9n se puede utilizar como <a href=\"https:\/\/jinsuncarbon.com\/es_ar\/producto\/revestimiento-de-grafito-para-hornos\/\">revestimiento de grafito<\/a> del molde de colada continua para proporcionar lubricaci\u00f3n y conducci\u00f3n del calor al acero l\u00edquido. Ayuda a la formaci\u00f3n de la palanquilla de fundici\u00f3n y mejora la calidad de la palanquilla de fundici\u00f3n.<\/p>\n<p><strong><b>\u00a0<\/b><\/strong><\/p>\n<h3>Industria qu\u00edmica:<\/h3>\n<p>Puede utilizarse para fabricar revestimientos de reactores qu\u00edmicos. Resiste la corrosi\u00f3n de \u00e1cidos fuertes como el \u00e1cido sulf\u00farico, el \u00e1cido clorh\u00eddrico y el hidr\u00f3xido de sodio y otras bases fuertes. Garantiza la seguridad de la reacci\u00f3n. Tambi\u00e9n se puede utilizar como electrodo de c\u00e9lula electrol\u00edtica. En la industria cloroalcalina, el electrodo de grafito puede estabilizar la corriente de conducci\u00f3n. Y realizar la electr\u00f3lisis de cloro, hidr\u00f3geno y sosa c\u00e1ustica a partir de una soluci\u00f3n de cloruro s\u00f3dico.<\/p>\n<p>&nbsp;<\/p>\n<h3>Fabricaci\u00f3n de vidrio:<\/h3>\n<p>Es un componente clave del horno de fusi\u00f3n de vidrio, tales como ladrillos de pared de la piscina, ladrillos de agujero de flujo, etc. Puede soportar el lavado de vidrio l\u00edquido a alta temperatura por encima de 1500\u2103. Esto asegura la continuidad y la estabilidad de la producci\u00f3n de vidrio y mejora la calidad de los productos de vidrio.<\/p>\n<p>&nbsp;<\/p>\n<h3>Industria nuclear:<\/h3>\n<p>Se pueden utilizar ladrillos de grafito de gran pureza como moderadores de neutrones y materiales reflectantes. Pueden controlar la velocidad y la distribuci\u00f3n de neutrones en <a href=\"https:\/\/en.wikipedia.org\/wiki\/Nuclear_reactor\" target=\"_blank\" rel=\"noopener\">reactores nucleares<\/a>mantener la estabilidad de las reacciones nucleares. Y puede reducir las fugas de neutrones, garantizando el funcionamiento seguro y eficiente de los reactores.<\/p>\n<p><strong><b>\u00a0<\/b><\/strong><\/p>\n<h3>Semiconductor electr\u00f3nico:<\/h3>\n<p>En el horno de difusi\u00f3n de alta temperatura y el horno de recocido de <a href=\"https:\/\/en.wikipedia.org\/wiki\/Semiconductor\" target=\"_blank\" rel=\"noopener\">semiconductor<\/a> fabricaci\u00f3n, se puede utilizar como cojinete y componente de aislamiento t\u00e9rmico. No s\u00f3lo puede soportar materiales semiconductores como obleas de silicio. Sino tambi\u00e9n mantener el ambiente de alta temperatura en el horno con su buen aislamiento t\u00e9rmico para garantizar la precisi\u00f3n del proceso de semiconductores.<\/p>","protected":false},"excerpt":{"rendered":"<p>El ladrillo de grafito es un material en bloque fabricado con materias primas de grafito de gran pureza mediante un proceso espec\u00edfico, y tambi\u00e9n se conoce como ladrillo de grafito especial debido a sus diferentes procesos de producci\u00f3n y usos. Tiene una excelente resistencia a altas temperaturas, conductividad el\u00e9ctrica, estabilidad qu\u00edmica y propiedades mec\u00e1nicas. Por ello, desempe\u00f1a un papel clave en el revestimiento de hornos de alta temperatura, el revestimiento de reactores resistentes a la corrosi\u00f3n y otras aplicaciones. Se comporta bien en muchos entornos industriales extremos, como altas temperaturas y fuerte corrosi\u00f3n, lo que lo convierte en un material ideal para condiciones de trabajo complejas.<\/p>","protected":false},"featured_media":7723,"template":"","meta":[],"product_brand":[],"product_cat":[38],"product_tag":[],"class_list":{"0":"post-7719","1":"product","2":"type-product","3":"status-publish","4":"has-post-thumbnail","6":"product_cat-graphite-products","8":"first","9":"instock","10":"shipping-taxable","11":"product-type-simple"},"yoast_head":"<!-- This site is optimized with the Yoast SEO Premium plugin v19.2.1 (Yoast SEO v25.3) - https:\/\/yoast.com\/wordpress\/plugins\/seo\/ -->\n<title>Graphite Brick Manufacturer in China | Jinsun Carbon<\/title>\n<meta name=\"description\" content=\"Graphite Brick Manufacturer in China\uff0cJinsun can supply graphite bricks in a range of sizes for your application, please contact us to explain your needs.\" \/>\n<meta name=\"robots\" content=\"index, follow, max-snippet:-1, max-image-preview:large, max-video-preview:-1\" \/>\n<link rel=\"canonical\" href=\"https:\/\/jinsuncarbon.com\/es_ar\/producto\/ladrillo-de-grafito\/\" \/>\n<meta property=\"og:locale\" content=\"es_ES\" \/>\n<meta property=\"og:type\" content=\"article\" \/>\n<meta property=\"og:title\" content=\"Graphite Brick\" \/>\n<meta property=\"og:description\" content=\"Graphite Brick Manufacturer in China\uff0cJinsun can supply graphite bricks in a range of sizes for your application, please contact us to explain your needs.\" \/>\n<meta property=\"og:url\" content=\"https:\/\/jinsuncarbon.com\/es_ar\/producto\/ladrillo-de-grafito\/\" \/>\n<meta property=\"og:site_name\" content=\"Jinsun Carbon\" \/>\n<meta property=\"article:publisher\" content=\"https:\/\/www.facebook.com\/Graphite-Electrode-109336238661595\" \/>\n<meta property=\"article:modified_time\" content=\"2025-03-03T07:14:31+00:00\" \/>\n<meta property=\"og:image\" content=\"https:\/\/jinsuncarbon.com\/wp-content\/uploads\/2025\/03\/Graphite-brick.jpg\" \/>\n\t<meta property=\"og:image:width\" content=\"1024\" \/>\n\t<meta property=\"og:image:height\" content=\"763\" \/>\n\t<meta property=\"og:image:type\" content=\"image\/jpeg\" \/>\n<meta name=\"twitter:card\" content=\"summary_large_image\" \/>\n<meta name=\"twitter:site\" content=\"@jinsuncarbon_\" \/>\n<meta name=\"twitter:label1\" content=\"Tiempo de lectura\" \/>\n\t<meta name=\"twitter:data1\" content=\"3 minutos\" \/>\n<script type=\"application\/ld+json\" class=\"yoast-schema-graph\">{\"@context\":\"https:\/\/schema.org\",\"@graph\":[{\"@type\":\"WebPage\",\"@id\":\"https:\/\/jinsuncarbon.com\/product\/graphite-brick\/\",\"url\":\"https:\/\/jinsuncarbon.com\/product\/graphite-brick\/\",\"name\":\"Graphite Brick Manufacturer in China | Jinsun Carbon\",\"isPartOf\":{\"@id\":\"https:\/\/jinsuncarbon.com\/#website\"},\"primaryImageOfPage\":{\"@id\":\"https:\/\/jinsuncarbon.com\/product\/graphite-brick\/#primaryimage\"},\"image\":{\"@id\":\"https:\/\/jinsuncarbon.com\/product\/graphite-brick\/#primaryimage\"},\"thumbnailUrl\":\"https:\/\/jinsuncarbon.com\/wp-content\/uploads\/2025\/03\/Graphite-brick.jpg\",\"datePublished\":\"2025-03-03T07:13:47+00:00\",\"dateModified\":\"2025-03-03T07:14:31+00:00\",\"description\":\"Graphite Brick Manufacturer in China\uff0cJinsun can supply graphite bricks in a range of sizes for your application, please contact us to explain your needs.\",\"breadcrumb\":{\"@id\":\"https:\/\/jinsuncarbon.com\/product\/graphite-brick\/#breadcrumb\"},\"inLanguage\":\"es-AR\",\"potentialAction\":[{\"@type\":\"ReadAction\",\"target\":[\"https:\/\/jinsuncarbon.com\/product\/graphite-brick\/\"]}]},{\"@type\":\"ImageObject\",\"inLanguage\":\"es-AR\",\"@id\":\"https:\/\/jinsuncarbon.com\/product\/graphite-brick\/#primaryimage\",\"url\":\"https:\/\/jinsuncarbon.com\/wp-content\/uploads\/2025\/03\/Graphite-brick.jpg\",\"contentUrl\":\"https:\/\/jinsuncarbon.com\/wp-content\/uploads\/2025\/03\/Graphite-brick.jpg\",\"width\":1024,\"height\":763,\"caption\":\"Graphite brick\"},{\"@type\":\"BreadcrumbList\",\"@id\":\"https:\/\/jinsuncarbon.com\/product\/graphite-brick\/#breadcrumb\",\"itemListElement\":[{\"@type\":\"ListItem\",\"position\":1,\"name\":\"Home\",\"item\":\"https:\/\/jinsuncarbon.com\/\"},{\"@type\":\"ListItem\",\"position\":2,\"name\":\"Products\",\"item\":\"https:\/\/jinsuncarbon.com\/graphite-carbon\/\"},{\"@type\":\"ListItem\",\"position\":3,\"name\":\"Graphite Brick\"}]},{\"@type\":\"WebSite\",\"@id\":\"https:\/\/jinsuncarbon.com\/#website\",\"url\":\"https:\/\/jinsuncarbon.com\/\",\"name\":\"Jinsun Carbon\",\"description\":\"We are the successful graphite electrode manufacturer in China\",\"publisher\":{\"@id\":\"https:\/\/jinsuncarbon.com\/#organization\"},\"potentialAction\":[{\"@type\":\"SearchAction\",\"target\":{\"@type\":\"EntryPoint\",\"urlTemplate\":\"https:\/\/jinsuncarbon.com\/?s={search_term_string}\"},\"query-input\":{\"@type\":\"PropertyValueSpecification\",\"valueRequired\":true,\"valueName\":\"search_term_string\"}}],\"inLanguage\":\"es-AR\"},{\"@type\":\"Organization\",\"@id\":\"https:\/\/jinsuncarbon.com\/#organization\",\"name\":\"Jinsun Carbon\",\"alternateName\":\"Jinsun Carbon\",\"url\":\"https:\/\/jinsuncarbon.com\/\",\"logo\":{\"@type\":\"ImageObject\",\"inLanguage\":\"es-AR\",\"@id\":\"https:\/\/jinsuncarbon.com\/#\/schema\/logo\/image\/\",\"url\":\"https:\/\/jinsuncarbon.com\/wp-content\/uploads\/2022\/12\/LOGO-1.png\",\"contentUrl\":\"https:\/\/jinsuncarbon.com\/wp-content\/uploads\/2022\/12\/LOGO-1.png\",\"width\":207,\"height\":80,\"caption\":\"Jinsun Carbon\"},\"image\":{\"@id\":\"https:\/\/jinsuncarbon.com\/#\/schema\/logo\/image\/\"},\"sameAs\":[\"https:\/\/www.facebook.com\/Graphite-Electrode-109336238661595\",\"https:\/\/x.com\/jinsuncarbon_\",\"https:\/\/www.linkedin.com\/in\/jinsungraphite\",\"https:\/\/www.youtube.com\/channel\/UCysDNyvyR5-3cCWEmpkVC0g\"]}]}<\/script>\n<!-- \/ Yoast SEO Premium plugin. -->","yoast_head_json":{"title":"Fabricante de ladrillos de grafito en China | Jinsun Carbon","description":"Fabricante de ladrillos de grafito en China\uff0cJinsun puede suministrar ladrillos de grafito en una gama de tama\u00f1os para su aplicaci\u00f3n, por favor p\u00f3ngase en contacto con nosotros para explicar sus necesidades.","robots":{"index":"index","follow":"follow","max-snippet":"max-snippet:-1","max-image-preview":"max-image-preview:large","max-video-preview":"max-video-preview:-1"},"canonical":"https:\/\/jinsuncarbon.com\/es_ar\/producto\/ladrillo-de-grafito\/","og_locale":"es_ES","og_type":"article","og_title":"Graphite Brick","og_description":"Graphite Brick Manufacturer in China\uff0cJinsun can supply graphite bricks in a range of sizes for your application, please contact us to explain your needs.","og_url":"https:\/\/jinsuncarbon.com\/es_ar\/producto\/ladrillo-de-grafito\/","og_site_name":"Jinsun Carbon","article_publisher":"https:\/\/www.facebook.com\/Graphite-Electrode-109336238661595","article_modified_time":"2025-03-03T07:14:31+00:00","og_image":[{"width":1024,"height":763,"url":"https:\/\/jinsuncarbon.com\/wp-content\/uploads\/2025\/03\/Graphite-brick.jpg","type":"image\/jpeg"}],"twitter_card":"summary_large_image","twitter_site":"@jinsuncarbon_","twitter_misc":{"Tiempo de lectura":"3 minutos"},"schema":{"@context":"https:\/\/schema.org","@graph":[{"@type":"WebPage","@id":"https:\/\/jinsuncarbon.com\/product\/graphite-brick\/","url":"https:\/\/jinsuncarbon.com\/product\/graphite-brick\/","name":"Fabricante de ladrillos de grafito en China | Jinsun Carbon","isPartOf":{"@id":"https:\/\/jinsuncarbon.com\/#website"},"primaryImageOfPage":{"@id":"https:\/\/jinsuncarbon.com\/product\/graphite-brick\/#primaryimage"},"image":{"@id":"https:\/\/jinsuncarbon.com\/product\/graphite-brick\/#primaryimage"},"thumbnailUrl":"https:\/\/jinsuncarbon.com\/wp-content\/uploads\/2025\/03\/Graphite-brick.jpg","datePublished":"2025-03-03T07:13:47+00:00","dateModified":"2025-03-03T07:14:31+00:00","description":"Fabricante de ladrillos de grafito en China\uff0cJinsun puede suministrar ladrillos de grafito en una gama de tama\u00f1os para su aplicaci\u00f3n, por favor p\u00f3ngase en contacto con nosotros para explicar sus necesidades.","breadcrumb":{"@id":"https:\/\/jinsuncarbon.com\/product\/graphite-brick\/#breadcrumb"},"inLanguage":"es-AR","potentialAction":[{"@type":"ReadAction","target":["https:\/\/jinsuncarbon.com\/product\/graphite-brick\/"]}]},{"@type":"ImageObject","inLanguage":"es-AR","@id":"https:\/\/jinsuncarbon.com\/product\/graphite-brick\/#primaryimage","url":"https:\/\/jinsuncarbon.com\/wp-content\/uploads\/2025\/03\/Graphite-brick.jpg","contentUrl":"https:\/\/jinsuncarbon.com\/wp-content\/uploads\/2025\/03\/Graphite-brick.jpg","width":1024,"height":763,"caption":"Graphite brick"},{"@type":"BreadcrumbList","@id":"https:\/\/jinsuncarbon.com\/product\/graphite-brick\/#breadcrumb","itemListElement":[{"@type":"ListItem","position":1,"name":"Home","item":"https:\/\/jinsuncarbon.com\/"},{"@type":"ListItem","position":2,"name":"Products","item":"https:\/\/jinsuncarbon.com\/graphite-carbon\/"},{"@type":"ListItem","position":3,"name":"Graphite Brick"}]},{"@type":"WebSite","@id":"https:\/\/jinsuncarbon.com\/#website","url":"https:\/\/jinsuncarbon.com\/","name":"Jinsun Carbon","description":"Somos el fabricante de electrodos de grafito con m\u00e1s \u00e9xito de China","publisher":{"@id":"https:\/\/jinsuncarbon.com\/#organization"},"potentialAction":[{"@type":"SearchAction","target":{"@type":"EntryPoint","urlTemplate":"https:\/\/jinsuncarbon.com\/?s={search_term_string}"},"query-input":{"@type":"PropertyValueSpecification","valueRequired":true,"valueName":"search_term_string"}}],"inLanguage":"es-AR"},{"@type":"Organization","@id":"https:\/\/jinsuncarbon.com\/#organization","name":"Jinsun Carbon","alternateName":"Jinsun Carbon","url":"https:\/\/jinsuncarbon.com\/","logo":{"@type":"ImageObject","inLanguage":"es-AR","@id":"https:\/\/jinsuncarbon.com\/#\/schema\/logo\/image\/","url":"https:\/\/jinsuncarbon.com\/wp-content\/uploads\/2022\/12\/LOGO-1.png","contentUrl":"https:\/\/jinsuncarbon.com\/wp-content\/uploads\/2022\/12\/LOGO-1.png","width":207,"height":80,"caption":"Jinsun Carbon"},"image":{"@id":"https:\/\/jinsuncarbon.com\/#\/schema\/logo\/image\/"},"sameAs":["https:\/\/www.facebook.com\/Graphite-Electrode-109336238661595","https:\/\/x.com\/jinsuncarbon_","https:\/\/www.linkedin.com\/in\/jinsungraphite","https:\/\/www.youtube.com\/channel\/UCysDNyvyR5-3cCWEmpkVC0g"]}]}},"_links":{"self":[{"href":"https:\/\/jinsuncarbon.com\/es_ar\/wp-json\/wp\/v2\/product\/7719","targetHints":{"allow":["GET"]}}],"collection":[{"href":"https:\/\/jinsuncarbon.com\/es_ar\/wp-json\/wp\/v2\/product"}],"about":[{"href":"https:\/\/jinsuncarbon.com\/es_ar\/wp-json\/wp\/v2\/types\/product"}],"wp:featuredmedia":[{"embeddable":true,"href":"https:\/\/jinsuncarbon.com\/es_ar\/wp-json\/wp\/v2\/media\/7723"}],"wp:attachment":[{"href":"https:\/\/jinsuncarbon.com\/es_ar\/wp-json\/wp\/v2\/media?parent=7719"}],"wp:term":[{"taxonomy":"product_brand","embeddable":true,"href":"https:\/\/jinsuncarbon.com\/es_ar\/wp-json\/wp\/v2\/product_brand?post=7719"},{"taxonomy":"product_cat","embeddable":true,"href":"https:\/\/jinsuncarbon.com\/es_ar\/wp-json\/wp\/v2\/product_cat?post=7719"},{"taxonomy":"product_tag","embeddable":true,"href":"https:\/\/jinsuncarbon.com\/es_ar\/wp-json\/wp\/v2\/product_tag?post=7719"}],"curies":[{"name":"wp","href":"https:\/\/api.w.org\/{rel}","templated":true}]}}