{"id":7166,"date":"2024-12-29T15:00:58","date_gmt":"2024-12-29T15:00:58","guid":{"rendered":"https:\/\/jinsuncarbon.com\/?post_type=product&#038;p=7166"},"modified":"2025-09-30T05:50:21","modified_gmt":"2025-09-30T05:50:21","slug":"crisol-de-grafito-de-carburo-de-silicio","status":"publish","type":"product","link":"https:\/\/jinsuncarbon.com\/es_ar\/producto\/crisol-de-grafito-de-carburo-de-silicio\/","title":{"rendered":"Crisol de grafito y carburo de silicio"},"content":{"rendered":"<h2>Carburo de silicio Crisol de grafito Especificaci\u00f3n<\/h2>\n<table>\n<tbody>\n<tr>\n<td width=\"29\">NO.<\/td>\n<td width=\"45\">TIPO<\/td>\n<td width=\"71\">DI\u00c1METRO SUPERIOR<\/td>\n<td width=\"85\">ALTURA EXTERIOR<\/td>\n<td width=\"73\">DI\u00c1METRO INTERIOR<\/td>\n<td width=\"95\">DI\u00c1METRO EXTERIOR INFERIOR<\/td>\n<\/tr>\n<tr>\n<td width=\"29\">1<\/td>\n<td width=\"45\">D120<\/td>\n<td width=\"71\">120<\/td>\n<td width=\"85\">135<\/td>\n<td width=\"73\">96<\/td>\n<td width=\"95\">80<\/td>\n<\/tr>\n<tr>\n<td width=\"29\">2<\/td>\n<td width=\"45\">D140<\/td>\n<td width=\"71\">140<\/td>\n<td width=\"85\">155<\/td>\n<td width=\"73\">116<\/td>\n<td width=\"95\">100<\/td>\n<\/tr>\n<tr>\n<td width=\"29\">3<\/td>\n<td width=\"45\">D160<\/td>\n<td width=\"71\">160<\/td>\n<td width=\"85\">166<\/td>\n<td width=\"73\">130<\/td>\n<td width=\"95\">109<\/td>\n<\/tr>\n<tr>\n<td width=\"29\">4<\/td>\n<td width=\"45\">D230<\/td>\n<td width=\"71\">230<\/td>\n<td width=\"85\">400<\/td>\n<td width=\"73\">190<\/td>\n<td width=\"95\">225<\/td>\n<\/tr>\n<tr>\n<td width=\"29\">5<\/td>\n<td width=\"45\">D240<\/td>\n<td width=\"71\">240<\/td>\n<td width=\"85\">335<\/td>\n<td width=\"73\">200<\/td>\n<td width=\"95\">170<\/td>\n<\/tr>\n<tr>\n<td width=\"29\">6<\/td>\n<td width=\"45\">D300<\/td>\n<td width=\"71\">300<\/td>\n<td width=\"85\">600<\/td>\n<td width=\"73\">230<\/td>\n<td width=\"95\">295<\/td>\n<\/tr>\n<tr>\n<td width=\"29\">7<\/td>\n<td width=\"45\">D340<\/td>\n<td width=\"71\">340<\/td>\n<td width=\"85\">560<\/td>\n<td width=\"73\">270<\/td>\n<td width=\"95\">180<\/td>\n<\/tr>\n<tr>\n<td width=\"29\">8<\/td>\n<td width=\"45\">D510<\/td>\n<td width=\"71\">510<\/td>\n<td width=\"85\">900<\/td>\n<td width=\"73\">430<\/td>\n<td width=\"95\">280<\/td>\n<\/tr>\n<tr>\n<td width=\"29\">9<\/td>\n<td width=\"45\">D520<\/td>\n<td width=\"71\">520<\/td>\n<td width=\"85\">760<\/td>\n<td width=\"73\">440<\/td>\n<td width=\"95\">280<\/td>\n<\/tr>\n<tr>\n<td width=\"29\">10<\/td>\n<td width=\"45\">D560<\/td>\n<td width=\"71\">560<\/td>\n<td width=\"85\">665<\/td>\n<td width=\"73\">467<\/td>\n<td width=\"95\">330<\/td>\n<\/tr>\n<tr>\n<td width=\"29\">11<\/td>\n<td width=\"45\">D615<\/td>\n<td width=\"71\">615<\/td>\n<td width=\"85\">630<\/td>\n<td width=\"73\">532.5<\/td>\n<td width=\"95\">300<\/td>\n<\/tr>\n<tr>\n<td width=\"29\">12<\/td>\n<td width=\"45\">D700<\/td>\n<td width=\"71\">700<\/td>\n<td width=\"85\">520<\/td>\n<td width=\"73\">610<\/td>\n<td width=\"95\">290<\/td>\n<\/tr>\n<tr>\n<td width=\"29\">13<\/td>\n<td width=\"45\">D710<\/td>\n<td width=\"71\">710<\/td>\n<td width=\"85\">700<\/td>\n<td width=\"73\">619<\/td>\n<td width=\"95\">285<\/td>\n<\/tr>\n<tr>\n<td width=\"29\">14<\/td>\n<td width=\"45\">D770<\/td>\n<td width=\"71\">770<\/td>\n<td width=\"85\">900<\/td>\n<td width=\"73\">680<\/td>\n<td width=\"95\">310<\/td>\n<\/tr>\n<tr>\n<td width=\"29\">15<\/td>\n<td width=\"45\">D780<\/td>\n<td width=\"71\">780<\/td>\n<td width=\"85\">750<\/td>\n<td width=\"73\">695<\/td>\n<td width=\"95\">360<\/td>\n<\/tr>\n<\/tbody>\n<\/table>\n<p>&nbsp;<\/p>\n<h2>Crisol de grafito y carburo de silicio<\/h2>\n<p>1. Rendimiento del n\u00facleo de carburo de silicio (SiC)<\/p>\n<p>Gran dureza y alta resistencia mec\u00e1nica: el carburo de silicio tiene una dureza Mohs de 9,5, la segunda despu\u00e9s del diamante, y presenta una excelente resistencia al desgaste y a los impactos.<\/p>\n<p>Excelente conductividad t\u00e9rmica y resistencia a altas temperaturas: conductividad t\u00e9rmica de hasta 120-200 W\/(m-K), puede conducir el calor de forma r\u00e1pida y uniforme. Nuestro crisol puede trabajar de forma estable durante mucho tiempo en el entorno de alta temperatura de **1600 \u00b0 C a 2000 \u00b0 C.<\/p>\n<p>Resistencia a la oxidaci\u00f3n y resistencia qu\u00edmica: carburo de silicio a alta temperatura para formar una densa capa protectora de SiO2, prevenir eficazmente la oxidaci\u00f3n. Es adecuado para condiciones de trabajo duras, como metal fundido y escoria corrosiva.<\/p>\n<p>2. Caracter\u00edsticas y funciones del grafito<\/p>\n<p>Alta conductividad y conductividad t\u00e9rmica: <a href=\"https:\/\/jinsuncarbon.com\/es_ar\/que-es-el-grafito-y-de-que-esta-hecho\/\">grafito<\/a> tiene una elevada conductividad t\u00e9rmica, lo que favorece una r\u00e1pida conducci\u00f3n del calor y mejora la eficacia de la fundici\u00f3n.<\/p>\n<p>Buena resistencia al choque t\u00e9rmico: bajo coeficiente de dilataci\u00f3n t\u00e9rmica, se adapta a los cambios dr\u00e1sticos de temperatura, reduce el riesgo de agrietamiento.<\/p>\n<p>3. Ventaja del compuesto de carburo de silicio y grafito<\/p>\n<p>Sinergia de materiales: La estructura compuesta de carburo de silicio y grafito tiene una gran resistencia y una elevada conductividad t\u00e9rmica.<\/p>\n<p>Vida \u00fatil prolongada: la resistencia a las altas temperaturas, la resistencia a la oxidaci\u00f3n y la resistencia al desgaste prolongan enormemente la vida \u00fatil del <a href=\"https:\/\/jinsuncarbon.com\/es_ar\/producto\/crisol-grande-de-grafito\/\">crisol<\/a>.<\/p>\n<p>4. Par\u00e1metros clave de rendimiento<\/p>\n<p>Coeficiente de dilataci\u00f3n t\u00e9rmica: baja dilataci\u00f3n t\u00e9rmica, buena estabilidad t\u00e9rmica.<\/p>\n<p>\u00cdndice de resistencia a la oxidaci\u00f3n: mantiene la estructura estable en condiciones de alta temperatura.<\/p>\n<p>Conductividad t\u00e9rmica y estabilidad al choque t\u00e9rmico: mejoran la eficacia del proceso de fundici\u00f3n, se adaptan a condiciones de temperatura complejas.<\/p>\n<p><img fetchpriority=\"high\" decoding=\"async\" class=\"alignnone  wp-image-8104\" src=\"https:\/\/jinsuncarbon.com\/wp-content\/uploads\/2024\/12\/Silicon-Carbide-Graphite-Crucible-1-225x300.jpg\" alt=\"Crisol de grafito y carburo de silicio\" width=\"263\" height=\"351\" srcset=\"https:\/\/jinsuncarbon.com\/wp-content\/uploads\/2024\/12\/Silicon-Carbide-Graphite-Crucible-1-225x300.jpg 225w, https:\/\/jinsuncarbon.com\/wp-content\/uploads\/2024\/12\/Silicon-Carbide-Graphite-Crucible-1-768x1024.jpg 768w, https:\/\/jinsuncarbon.com\/wp-content\/uploads\/2024\/12\/Silicon-Carbide-Graphite-Crucible-1-9x12.jpg 9w, https:\/\/jinsuncarbon.com\/wp-content\/uploads\/2024\/12\/Silicon-Carbide-Graphite-Crucible-1-600x800.jpg 600w, https:\/\/jinsuncarbon.com\/wp-content\/uploads\/2024\/12\/Silicon-Carbide-Graphite-Crucible-1.jpg 960w\" sizes=\"(max-width: 263px) 100vw, 263px\" \/> <img decoding=\"async\" class=\"alignnone  wp-image-8105\" src=\"https:\/\/jinsuncarbon.com\/wp-content\/uploads\/2024\/12\/Silicon-Carbide-Graphite-Crucible-2-225x300.jpg\" alt=\"Crisol de grafito y carburo de silicio\" width=\"262\" height=\"350\" srcset=\"https:\/\/jinsuncarbon.com\/wp-content\/uploads\/2024\/12\/Silicon-Carbide-Graphite-Crucible-2-225x300.jpg 225w, https:\/\/jinsuncarbon.com\/wp-content\/uploads\/2024\/12\/Silicon-Carbide-Graphite-Crucible-2-768x1024.jpg 768w, https:\/\/jinsuncarbon.com\/wp-content\/uploads\/2024\/12\/Silicon-Carbide-Graphite-Crucible-2-1152x1536.jpg 1152w, https:\/\/jinsuncarbon.com\/wp-content\/uploads\/2024\/12\/Silicon-Carbide-Graphite-Crucible-2-9x12.jpg 9w, https:\/\/jinsuncarbon.com\/wp-content\/uploads\/2024\/12\/Silicon-Carbide-Graphite-Crucible-2-600x800.jpg 600w, https:\/\/jinsuncarbon.com\/wp-content\/uploads\/2024\/12\/Silicon-Carbide-Graphite-Crucible-2.jpg 1280w\" sizes=\"(max-width: 262px) 100vw, 262px\" \/> <img decoding=\"async\" class=\"alignnone  wp-image-8106\" src=\"https:\/\/jinsuncarbon.com\/wp-content\/uploads\/2024\/12\/Silicon-Carbide-Graphite-Crucible-3-225x300.jpg\" alt=\"Crisol de grafito y carburo de silicio\" width=\"261\" height=\"348\" srcset=\"https:\/\/jinsuncarbon.com\/wp-content\/uploads\/2024\/12\/Silicon-Carbide-Graphite-Crucible-3-225x300.jpg 225w, https:\/\/jinsuncarbon.com\/wp-content\/uploads\/2024\/12\/Silicon-Carbide-Graphite-Crucible-3-768x1024.jpg 768w, https:\/\/jinsuncarbon.com\/wp-content\/uploads\/2024\/12\/Silicon-Carbide-Graphite-Crucible-3-1152x1536.jpg 1152w, https:\/\/jinsuncarbon.com\/wp-content\/uploads\/2024\/12\/Silicon-Carbide-Graphite-Crucible-3-9x12.jpg 9w, https:\/\/jinsuncarbon.com\/wp-content\/uploads\/2024\/12\/Silicon-Carbide-Graphite-Crucible-3-600x800.jpg 600w, https:\/\/jinsuncarbon.com\/wp-content\/uploads\/2024\/12\/Silicon-Carbide-Graphite-Crucible-3.jpg 1280w\" sizes=\"(max-width: 261px) 100vw, 261px\" \/><\/p>\n<h2>Carburo de silicio Grafito Crisol Usos<\/h2>\n<p>Industria metal\u00fargica: se utiliza en el proceso de fundici\u00f3n de aluminio, cobre, magnesio y otros metales no ferrosos, con alta eficiencia de conductividad t\u00e9rmica y buena estabilidad estructural.<\/p>\n<p>Industria de la fundici\u00f3n: Garantizar la fabricaci\u00f3n de piezas de fundici\u00f3n de alta precisi\u00f3n, reducir la p\u00e9rdida de energ\u00eda durante la fundici\u00f3n y mejorar la eficiencia de la producci\u00f3n.<\/p>\n<p>Industria de semiconductores: presenta una gran pureza y estabilidad de temperatura en la fundici\u00f3n y estirado de cristales de silicio monocristalino y <a href=\"https:\/\/en.wikipedia.org\/wiki\/Polycrystalline_silicon#:~:text=Polycrystalline%20silicon%20(or%20semi%2Dcrystalline,a%20%22metal%20flake%20effect%22.\" target=\"_blank\" rel=\"noopener\">silicio policristalino<\/a>.<\/p>\n<p>Importancia:<\/p>\n<p>La aplicaci\u00f3n del crisol de grafito de carburo de silicio mejora la eficiencia de la producci\u00f3n industrial, reduce el coste de producci\u00f3n, promueve la innovaci\u00f3n tecnol\u00f3gica y el desarrollo industrial, especialmente desempe\u00f1a un papel insustituible en la preparaci\u00f3n de materiales de alta temperatura y en la industria de las nuevas energ\u00edas.<\/p>\n<p><strong>Ventajas de las fundiciones met\u00e1licas<\/strong><\/p>\n<p>Estabilidad a altas temperaturas y excelente conductividad t\u00e9rmica: conducci\u00f3n eficaz y uniforme del calor, mantiene la estabilidad en entornos de altas temperaturas.<\/p>\n<p>Larga vida \u00fatil, gran econom\u00eda: reducen los costes de mantenimiento, mejoran los beneficios econ\u00f3micos generales.<\/p>\n<p>Resistencia a la oxidaci\u00f3n, resistencia a la corrosi\u00f3n y alta resistencia mec\u00e1nica: adecuado para condiciones de trabajo duras, prolonga la vida \u00fatil del crisol.<\/p>\n<h2>Proceso de preparaci\u00f3n de crisoles de grafito de carburo de silicio<\/h2>\n<p>Selecci\u00f3n y manipulaci\u00f3n de materias primas<\/p>\n<p>Polvo de carburo de silicio de gran pureza y natural\/<a href=\"https:\/\/jinsuncarbon.com\/es_ar\/grafito-sintetico\/\">grafito artificial<\/a> se seleccionan.<\/p>\n<p>Controle la distribuci\u00f3n del tama\u00f1o de las part\u00edculas y la proporci\u00f3n de material para optimizar los par\u00e1metros de rendimiento.<\/p>\n<p>Proceso de formaci\u00f3n<\/p>\n<p>Moldeo por prensado isost\u00e1tico: garantiza una densidad uniforme del crisol y una gran precisi\u00f3n de moldeo.<\/p>\n<p>Moldeo: adecuado para la producci\u00f3n a gran escala, bajo coste de proceso.<\/p>\n<p>Proceso de sinterizaci\u00f3n y densificaci\u00f3n<\/p>\n<p>Sinterizaci\u00f3n por atm\u00f3sfera y sinterizaci\u00f3n por reacci\u00f3n: aumentan la densidad y la resistencia estructural del crisol.<\/p>\n<p>Prensado isost\u00e1tico en caliente (HIP) : optimizar a\u00fan m\u00e1s las propiedades mec\u00e1nicas y la densibilidad.<\/p>\n<p>Tecnolog\u00eda de revestimiento superficial resistente a la oxidaci\u00f3n<\/p>\n<p>Los materiales de revestimiento, como el \u00f3xido de silicio (SiO2), se seleccionan para formar una capa protectora.<\/p>\n<p>Mejorar la resistencia a la oxidaci\u00f3n y la vida \u00fatil del crisol.<\/p>\n<p>Control de calidad y pruebas de rendimiento<\/p>\n<p>Se probaron la resistencia mec\u00e1nica, la conductividad t\u00e9rmica y la resistencia a la oxidaci\u00f3n.<\/p>\n<p>La vida \u00fatil y la resistencia al choque t\u00e9rmico se prueban simulando las condiciones de trabajo reales.<\/p>","protected":false},"excerpt":{"rendered":"<p>El crisol de grafito y carburo de silicio es una combinaci\u00f3n de grafito y carburo de silicio, y se utiliza principalmente para la fundici\u00f3n de metales no ferrosos. Se utiliza para hornos de inducci\u00f3n y hornos de gas. Especificaci\u00f3n del crisol de grafito de carburo de silicio:<\/p>\n<ul>\n<li class=\"ql-align-justify\">Sic contenido:\u00a0<strong>\u2265\u00a0<\/strong>48%<\/li>\n<li>Refractariedad: 1650 \u00b0C<\/li>\n<li class=\"ql-align-justify\">Contenido en carbono:\u00a0<strong>\u2265<\/strong>\u00a030-45%<\/li>\n<li class=\"ql-align-justify\">Porosidad abierta:\u00a0<strong>\u2264<\/strong>18-25%<\/li>\n<li class=\"ql-align-justify\">Densidad aparente:\u00a0<strong>\u2265<\/strong>1,9-2,1 g\/cm<sup>3<\/sup><\/li>\n<\/ul>","protected":false},"featured_media":7167,"template":"","meta":[],"product_brand":[],"product_cat":[38],"product_tag":[],"class_list":{"0":"post-7166","1":"product","2":"type-product","3":"status-publish","4":"has-post-thumbnail","6":"product_cat-graphite-products","8":"first","9":"instock","10":"shipping-taxable","11":"product-type-simple"},"yoast_head":"<!-- This site is optimized with the Yoast SEO Premium plugin v19.2.1 (Yoast SEO v25.3) - https:\/\/yoast.com\/wordpress\/plugins\/seo\/ -->\n<title>Silicon Carbide Graphite Crucible Manufacturer- Best Price<\/title>\n<meta name=\"description\" content=\"Silicon carbide graphite crucible is used for metal smelting and casting, and can melt aluminum, copper and other non-metals.\" \/>\n<meta name=\"robots\" content=\"index, follow, max-snippet:-1, max-image-preview:large, max-video-preview:-1\" \/>\n<link rel=\"canonical\" href=\"https:\/\/jinsuncarbon.com\/es_ar\/producto\/crisol-de-grafito-de-carburo-de-silicio\/\" \/>\n<meta property=\"og:locale\" content=\"es_ES\" \/>\n<meta property=\"og:type\" content=\"article\" \/>\n<meta property=\"og:title\" content=\"Silicon Carbide Graphite Crucible\" \/>\n<meta property=\"og:description\" content=\"Silicon carbide graphite crucible is used for metal smelting and casting, and can melt aluminum, copper and other non-metals.\" \/>\n<meta property=\"og:url\" content=\"https:\/\/jinsuncarbon.com\/es_ar\/producto\/crisol-de-grafito-de-carburo-de-silicio\/\" \/>\n<meta property=\"og:site_name\" content=\"Jinsun Carbon\" \/>\n<meta property=\"article:publisher\" content=\"https:\/\/www.facebook.com\/Graphite-Electrode-109336238661595\" \/>\n<meta property=\"article:modified_time\" content=\"2025-09-30T05:50:21+00:00\" \/>\n<meta property=\"og:image\" content=\"https:\/\/jinsuncarbon.com\/wp-content\/uploads\/2024\/12\/silicon-carbide-graphite-crucible.jpg\" \/>\n\t<meta property=\"og:image:width\" content=\"1024\" \/>\n\t<meta property=\"og:image:height\" content=\"763\" \/>\n\t<meta property=\"og:image:type\" content=\"image\/jpeg\" \/>\n<meta name=\"twitter:card\" content=\"summary_large_image\" \/>\n<meta name=\"twitter:site\" content=\"@jinsuncarbon_\" \/>\n<meta name=\"twitter:label1\" content=\"Tiempo de lectura\" \/>\n\t<meta name=\"twitter:data1\" content=\"4 minutos\" \/>\n<script type=\"application\/ld+json\" class=\"yoast-schema-graph\">{\"@context\":\"https:\/\/schema.org\",\"@graph\":[{\"@type\":\"WebPage\",\"@id\":\"https:\/\/jinsuncarbon.com\/product\/silicon-carbide-graphite-crucible\/\",\"url\":\"https:\/\/jinsuncarbon.com\/product\/silicon-carbide-graphite-crucible\/\",\"name\":\"Silicon Carbide Graphite Crucible Manufacturer- Best Price\",\"isPartOf\":{\"@id\":\"https:\/\/jinsuncarbon.com\/#website\"},\"primaryImageOfPage\":{\"@id\":\"https:\/\/jinsuncarbon.com\/product\/silicon-carbide-graphite-crucible\/#primaryimage\"},\"image\":{\"@id\":\"https:\/\/jinsuncarbon.com\/product\/silicon-carbide-graphite-crucible\/#primaryimage\"},\"thumbnailUrl\":\"https:\/\/jinsuncarbon.com\/wp-content\/uploads\/2024\/12\/silicon-carbide-graphite-crucible.jpg\",\"datePublished\":\"2024-12-29T15:00:58+00:00\",\"dateModified\":\"2025-09-30T05:50:21+00:00\",\"description\":\"Silicon carbide graphite crucible is used for metal smelting and casting, and can melt aluminum, copper and other non-metals.\",\"breadcrumb\":{\"@id\":\"https:\/\/jinsuncarbon.com\/product\/silicon-carbide-graphite-crucible\/#breadcrumb\"},\"inLanguage\":\"es-AR\",\"potentialAction\":[{\"@type\":\"ReadAction\",\"target\":[\"https:\/\/jinsuncarbon.com\/product\/silicon-carbide-graphite-crucible\/\"]}]},{\"@type\":\"ImageObject\",\"inLanguage\":\"es-AR\",\"@id\":\"https:\/\/jinsuncarbon.com\/product\/silicon-carbide-graphite-crucible\/#primaryimage\",\"url\":\"https:\/\/jinsuncarbon.com\/wp-content\/uploads\/2024\/12\/silicon-carbide-graphite-crucible.jpg\",\"contentUrl\":\"https:\/\/jinsuncarbon.com\/wp-content\/uploads\/2024\/12\/silicon-carbide-graphite-crucible.jpg\",\"width\":1024,\"height\":763,\"caption\":\"silicon carbide graphite crucible\"},{\"@type\":\"BreadcrumbList\",\"@id\":\"https:\/\/jinsuncarbon.com\/product\/silicon-carbide-graphite-crucible\/#breadcrumb\",\"itemListElement\":[{\"@type\":\"ListItem\",\"position\":1,\"name\":\"Home\",\"item\":\"https:\/\/jinsuncarbon.com\/\"},{\"@type\":\"ListItem\",\"position\":2,\"name\":\"Products\",\"item\":\"https:\/\/jinsuncarbon.com\/graphite-carbon\/\"},{\"@type\":\"ListItem\",\"position\":3,\"name\":\"Silicon Carbide Graphite Crucible\"}]},{\"@type\":\"WebSite\",\"@id\":\"https:\/\/jinsuncarbon.com\/#website\",\"url\":\"https:\/\/jinsuncarbon.com\/\",\"name\":\"Jinsun Carbon\",\"description\":\"We are the successful graphite electrode manufacturer in China\",\"publisher\":{\"@id\":\"https:\/\/jinsuncarbon.com\/#organization\"},\"potentialAction\":[{\"@type\":\"SearchAction\",\"target\":{\"@type\":\"EntryPoint\",\"urlTemplate\":\"https:\/\/jinsuncarbon.com\/?s={search_term_string}\"},\"query-input\":{\"@type\":\"PropertyValueSpecification\",\"valueRequired\":true,\"valueName\":\"search_term_string\"}}],\"inLanguage\":\"es-AR\"},{\"@type\":\"Organization\",\"@id\":\"https:\/\/jinsuncarbon.com\/#organization\",\"name\":\"Jinsun Carbon\",\"alternateName\":\"Jinsun Carbon\",\"url\":\"https:\/\/jinsuncarbon.com\/\",\"logo\":{\"@type\":\"ImageObject\",\"inLanguage\":\"es-AR\",\"@id\":\"https:\/\/jinsuncarbon.com\/#\/schema\/logo\/image\/\",\"url\":\"https:\/\/jinsuncarbon.com\/wp-content\/uploads\/2022\/12\/LOGO-1.png\",\"contentUrl\":\"https:\/\/jinsuncarbon.com\/wp-content\/uploads\/2022\/12\/LOGO-1.png\",\"width\":207,\"height\":80,\"caption\":\"Jinsun Carbon\"},\"image\":{\"@id\":\"https:\/\/jinsuncarbon.com\/#\/schema\/logo\/image\/\"},\"sameAs\":[\"https:\/\/www.facebook.com\/Graphite-Electrode-109336238661595\",\"https:\/\/x.com\/jinsuncarbon_\",\"https:\/\/www.linkedin.com\/in\/jinsungraphite\",\"https:\/\/www.youtube.com\/channel\/UCysDNyvyR5-3cCWEmpkVC0g\"]}]}<\/script>\n<!-- \/ Yoast SEO Premium plugin. -->","yoast_head_json":{"title":"Carburo de silicio Grafito Crisol Fabricantes- Mejor Precio","description":"El crisol de grafito de carburo de silicio se utiliza para la fundici\u00f3n y moldeado de metales, y puede fundir aluminio, cobre y otros metales no met\u00e1licos.","robots":{"index":"index","follow":"follow","max-snippet":"max-snippet:-1","max-image-preview":"max-image-preview:large","max-video-preview":"max-video-preview:-1"},"canonical":"https:\/\/jinsuncarbon.com\/es_ar\/producto\/crisol-de-grafito-de-carburo-de-silicio\/","og_locale":"es_ES","og_type":"article","og_title":"Silicon Carbide Graphite Crucible","og_description":"Silicon carbide graphite crucible is used for metal smelting and casting, and can melt aluminum, copper and other non-metals.","og_url":"https:\/\/jinsuncarbon.com\/es_ar\/producto\/crisol-de-grafito-de-carburo-de-silicio\/","og_site_name":"Jinsun Carbon","article_publisher":"https:\/\/www.facebook.com\/Graphite-Electrode-109336238661595","article_modified_time":"2025-09-30T05:50:21+00:00","og_image":[{"width":1024,"height":763,"url":"https:\/\/jinsuncarbon.com\/wp-content\/uploads\/2024\/12\/silicon-carbide-graphite-crucible.jpg","type":"image\/jpeg"}],"twitter_card":"summary_large_image","twitter_site":"@jinsuncarbon_","twitter_misc":{"Tiempo de lectura":"4 minutos"},"schema":{"@context":"https:\/\/schema.org","@graph":[{"@type":"WebPage","@id":"https:\/\/jinsuncarbon.com\/product\/silicon-carbide-graphite-crucible\/","url":"https:\/\/jinsuncarbon.com\/product\/silicon-carbide-graphite-crucible\/","name":"Carburo de silicio Grafito Crisol Fabricantes- Mejor Precio","isPartOf":{"@id":"https:\/\/jinsuncarbon.com\/#website"},"primaryImageOfPage":{"@id":"https:\/\/jinsuncarbon.com\/product\/silicon-carbide-graphite-crucible\/#primaryimage"},"image":{"@id":"https:\/\/jinsuncarbon.com\/product\/silicon-carbide-graphite-crucible\/#primaryimage"},"thumbnailUrl":"https:\/\/jinsuncarbon.com\/wp-content\/uploads\/2024\/12\/silicon-carbide-graphite-crucible.jpg","datePublished":"2024-12-29T15:00:58+00:00","dateModified":"2025-09-30T05:50:21+00:00","description":"El crisol de grafito de carburo de silicio se utiliza para la fundici\u00f3n y moldeado de metales, y puede fundir aluminio, cobre y otros metales no met\u00e1licos.","breadcrumb":{"@id":"https:\/\/jinsuncarbon.com\/product\/silicon-carbide-graphite-crucible\/#breadcrumb"},"inLanguage":"es-AR","potentialAction":[{"@type":"ReadAction","target":["https:\/\/jinsuncarbon.com\/product\/silicon-carbide-graphite-crucible\/"]}]},{"@type":"ImageObject","inLanguage":"es-AR","@id":"https:\/\/jinsuncarbon.com\/product\/silicon-carbide-graphite-crucible\/#primaryimage","url":"https:\/\/jinsuncarbon.com\/wp-content\/uploads\/2024\/12\/silicon-carbide-graphite-crucible.jpg","contentUrl":"https:\/\/jinsuncarbon.com\/wp-content\/uploads\/2024\/12\/silicon-carbide-graphite-crucible.jpg","width":1024,"height":763,"caption":"silicon carbide graphite crucible"},{"@type":"BreadcrumbList","@id":"https:\/\/jinsuncarbon.com\/product\/silicon-carbide-graphite-crucible\/#breadcrumb","itemListElement":[{"@type":"ListItem","position":1,"name":"Home","item":"https:\/\/jinsuncarbon.com\/"},{"@type":"ListItem","position":2,"name":"Products","item":"https:\/\/jinsuncarbon.com\/graphite-carbon\/"},{"@type":"ListItem","position":3,"name":"Silicon Carbide Graphite Crucible"}]},{"@type":"WebSite","@id":"https:\/\/jinsuncarbon.com\/#website","url":"https:\/\/jinsuncarbon.com\/","name":"Jinsun Carbon","description":"Somos el fabricante de electrodos de grafito con m\u00e1s \u00e9xito de China","publisher":{"@id":"https:\/\/jinsuncarbon.com\/#organization"},"potentialAction":[{"@type":"SearchAction","target":{"@type":"EntryPoint","urlTemplate":"https:\/\/jinsuncarbon.com\/?s={search_term_string}"},"query-input":{"@type":"PropertyValueSpecification","valueRequired":true,"valueName":"search_term_string"}}],"inLanguage":"es-AR"},{"@type":"Organization","@id":"https:\/\/jinsuncarbon.com\/#organization","name":"Jinsun Carbon","alternateName":"Jinsun Carbon","url":"https:\/\/jinsuncarbon.com\/","logo":{"@type":"ImageObject","inLanguage":"es-AR","@id":"https:\/\/jinsuncarbon.com\/#\/schema\/logo\/image\/","url":"https:\/\/jinsuncarbon.com\/wp-content\/uploads\/2022\/12\/LOGO-1.png","contentUrl":"https:\/\/jinsuncarbon.com\/wp-content\/uploads\/2022\/12\/LOGO-1.png","width":207,"height":80,"caption":"Jinsun Carbon"},"image":{"@id":"https:\/\/jinsuncarbon.com\/#\/schema\/logo\/image\/"},"sameAs":["https:\/\/www.facebook.com\/Graphite-Electrode-109336238661595","https:\/\/x.com\/jinsuncarbon_","https:\/\/www.linkedin.com\/in\/jinsungraphite","https:\/\/www.youtube.com\/channel\/UCysDNyvyR5-3cCWEmpkVC0g"]}]}},"_links":{"self":[{"href":"https:\/\/jinsuncarbon.com\/es_ar\/wp-json\/wp\/v2\/product\/7166","targetHints":{"allow":["GET"]}}],"collection":[{"href":"https:\/\/jinsuncarbon.com\/es_ar\/wp-json\/wp\/v2\/product"}],"about":[{"href":"https:\/\/jinsuncarbon.com\/es_ar\/wp-json\/wp\/v2\/types\/product"}],"wp:featuredmedia":[{"embeddable":true,"href":"https:\/\/jinsuncarbon.com\/es_ar\/wp-json\/wp\/v2\/media\/7167"}],"wp:attachment":[{"href":"https:\/\/jinsuncarbon.com\/es_ar\/wp-json\/wp\/v2\/media?parent=7166"}],"wp:term":[{"taxonomy":"product_brand","embeddable":true,"href":"https:\/\/jinsuncarbon.com\/es_ar\/wp-json\/wp\/v2\/product_brand?post=7166"},{"taxonomy":"product_cat","embeddable":true,"href":"https:\/\/jinsuncarbon.com\/es_ar\/wp-json\/wp\/v2\/product_cat?post=7166"},{"taxonomy":"product_tag","embeddable":true,"href":"https:\/\/jinsuncarbon.com\/es_ar\/wp-json\/wp\/v2\/product_tag?post=7166"}],"curies":[{"name":"wp","href":"https:\/\/api.w.org\/{rel}","templated":true}]}}