{"id":7115,"date":"2024-12-27T03:17:39","date_gmt":"2024-12-27T03:17:39","guid":{"rendered":"https:\/\/jinsuncarbon.com\/?post_type=product&#038;p=7115"},"modified":"2024-12-27T03:47:25","modified_gmt":"2024-12-27T03:47:25","slug":"anodo-de-grafito","status":"publish","type":"product","link":"https:\/\/jinsuncarbon.com\/es_ar\/producto\/anodo-de-grafito\/","title":{"rendered":"\u00c1nodo de grafito"},"content":{"rendered":"<h2>Material del \u00e1nodo de grafito<\/h2>\n<table>\n<tbody>\n<tr>\n<td colspan=\"2\" width=\"181\">Art\u00edculo<\/td>\n<td width=\"102\">Unidad<\/td>\n<td width=\"142\">Valor t\u00edpico<\/td>\n<\/tr>\n<tr>\n<td width=\"71\">Tama\u00f1o de las part\u00edculas<\/td>\n<td width=\"110\">D10<\/td>\n<td width=\"102\">&nbsp;<\/p>\n<p>\u03bcm<\/p>\n<p>&nbsp;<\/td>\n<td width=\"142\">7.6<\/td>\n<\/tr>\n<tr>\n<td width=\"71\"><\/td>\n<td width=\"110\">D50<\/td>\n<td width=\"102\"><\/td>\n<td width=\"142\">13.1<\/td>\n<\/tr>\n<tr>\n<td width=\"71\"><\/td>\n<td width=\"110\">D90<\/td>\n<td width=\"102\"><\/td>\n<td width=\"142\">21.7<\/td>\n<\/tr>\n<tr>\n<td width=\"71\"><\/td>\n<td width=\"110\">Dmax<\/td>\n<td width=\"102\"><\/td>\n<td width=\"142\">31.1<\/td>\n<\/tr>\n<tr>\n<td colspan=\"2\" width=\"181\">Densidad real<\/td>\n<td width=\"102\">g\/cm3<\/td>\n<td width=\"142\">2.26<\/td>\n<\/tr>\n<tr>\n<td colspan=\"2\" width=\"181\">Densidad del grifo<\/td>\n<td width=\"102\">g\/cm3<\/td>\n<td width=\"142\">0.90<\/td>\n<\/tr>\n<tr>\n<td colspan=\"2\" width=\"181\">Superficie<\/td>\n<td width=\"102\">m<sup>2<\/sup>\/g<\/td>\n<td width=\"142\">0.97<\/td>\n<\/tr>\n<tr>\n<td colspan=\"2\" width=\"181\">Capacidad de descarga<\/td>\n<td width=\"102\">mAh\/g<\/td>\n<td width=\"142\">357.9<\/td>\n<\/tr>\n<tr>\n<td colspan=\"2\" width=\"181\">Eficiencia de la primera descarga<\/td>\n<td width=\"102\">%<\/td>\n<td width=\"142\">95.0<\/td>\n<\/tr>\n<tr>\n<td colspan=\"2\" width=\"181\">Contenido de ceniza<\/td>\n<td width=\"102\">%<\/td>\n<td width=\"142\">0.02<\/td>\n<\/tr>\n<\/tbody>\n<\/table>\n<p>&nbsp;<\/p>\n<h2>\u00bfPor qu\u00e9 elegir grafito para los \u00e1nodos?<\/h2>\n<p>El grafeno es uno de los materiales an\u00f3dicos m\u00e1s utilizados en las bater\u00edas de iones de litio debido a su elevada conductividad electr\u00f3nica, tanto en masa como en superficie, y a su estabilidad electroqu\u00edmica durante los procesos de intercalaci\u00f3n y desintercalaci\u00f3n que implican la (des)inserci\u00f3n de iones de litio durante el ciclo. Esto es importante para las bater\u00edas de larga duraci\u00f3n, ya que significa que los iones de litio pueden llenar una estructura de grafeno sin da\u00f1arla. Adem\u00e1s, <a href=\"https:\/\/jinsuncarbon.com\/es_ar\/usos-del-grafito\/\">grafito<\/a> es mucho menos pesado y qu\u00edmicamente inerte que, por ejemplo, el acero u otra sustancia. De hecho, se prefiere un \u00e1nodo de grafito a otros electrodos inertes.<\/p>\n<h3>La importancia de la conductividad<\/h3>\n<p>La raz\u00f3n de elegir grafito para el \u00e1nodo es que es un buen conductor; durante el proceso de carga o descarga, los electrones pueden moverse libremente en el grafito. Esto preservar\u00e1 la carga de la bater\u00eda para suministrar energ\u00eda a todos los mecanismos que dependen de ella. Esto es fundamental, ya que sin la incre\u00edble conductividad del grafito, una bater\u00eda no podr\u00eda funcionar.<\/p>\n<h2>El grafito en las pilas de iones de litio<\/h2>\n<p>Los \u00e1nodos de grafito son indispensables para las bater\u00edas de iones de litio. Durante la carga, los iones de litio se intercalan entre las capas de grafito. Al descargarse, vuelven al c\u00e1todo, donde este movimiento genera una corriente el\u00e9ctrica que puede utilizarse para alimentar los aparatos. La capacidad del grafito para almacenar de forma reversible grandes cantidades de energ\u00eda el\u00e9ctrica lo convierte en un dep\u00f3sito indispensable para almacenar y liberar electricidad en las bater\u00edas de iones de litio.<\/p>\n<h2>Bater\u00eda de iones de litio frente a bater\u00eda de grafeno<\/h2>\n<p>La diferencia m\u00e1s significativa que separa las bater\u00edas de grafeno de las de iones de litio radica en el material del \u00e1nodo. A diferencia de las <a href=\"https:\/\/en.wikipedia.org\/wiki\/Lithium-ion_battery\" target=\"_blank\" rel=\"noopener\">bater\u00edas de iones de litio<\/a>Algunas nuevas tecnolog\u00edas utilizan silicio (en lugar de grafito) como material an\u00f3dico. El grafito gana en duraci\u00f3n de ciclo, mientras que el silicio lo hace en densidad de energ\u00eda potencial. El problema, sin embargo, es que los \u00e1nodos de silicio desprenden un desagradable oleaje durante la carga, lo que provoca da\u00f1os estructurales fatales en los paquetes de bater\u00edas. Aun as\u00ed, el grafito es el material m\u00e1s com\u00fan, a caballo entre el rendimiento y la fiabilidad.<\/p>\n<h2>Proceso de electr\u00f3lisis del \u00e1nodo de grafito<\/h2>\n<p>Durante los procesos de carga y descarga de las bater\u00edas de iones de litio, se produce una reacci\u00f3n electroqu\u00edmica en el \u00e1nodo de grafito. A nivel celular en el \u00e1nodo, la bater\u00eda funciona por electr\u00f3lisis, donde los iones de litio cargados pasan al interior y son capturados en el grafito. Con la liberaci\u00f3n de iones en la descarga, estos iones fluyen una vez m\u00e1s hacia el c\u00e1todo, liberando energ\u00eda. Tambi\u00e9n es reversible, lo que le permite recargar la bater\u00eda innumerables veces antes de que haga grave a su \u00e1nodo de grafito.<\/p>\n<h2>Comparaci\u00f3n entre el \u00e1nodo de grafito y el de silicio<\/h2>\n<p>La mayor capacidad te\u00f3rica de los \u00e1nodos de silicio (en comparaci\u00f3n con los t\u00edpicos de grafito) ha despertado cierto inter\u00e9s por este material. El uso de silicio en lugar de grafito es ventajoso, ya que tiene una mayor capacidad de almacenamiento de iones de litio y, por tanto, puede aumentar la densidad energ\u00e9tica de la bater\u00eda. Pero el silicio tiene un gran inconveniente: se hincha y encoge dr\u00e1sticamente a medida que la bater\u00eda se carga y descarga. Cuando esto ocurre, el \u00e1nodo se hincha, lo que suele provocar que se agriete y acabe fallando. En cambio, el grafito puede mantener su estructura durante muchos ciclos de carga y descarga, lo que lo hace m\u00e1s duradero y fiable para una aplicaci\u00f3n a largo plazo. Aunque los \u00e1nodos de silicio podr\u00edan ser el futuro de las bater\u00edas de alta capacidad, la mayor\u00eda de las aplicaciones siguen confiando en el viejo grafito.<\/p>\n<h2>C\u00e1todo de grafito frente a \u00e1nodo<\/h2>\n<p>En una bater\u00eda de iones de litio se intercambian los papeles de \u00e1nodo y c\u00e1todo. Durante la carga, los iones de litio viven en el \u00e1nodo, mientras que durante la descarga se desprenden en el c\u00e1todo. En la pr\u00e1ctica, el \u00e1nodo es un grafito debido a sus propiedades qu\u00edmicas respecto a la intercalaci\u00f3n del litio. En cambio, se utilizan otros materiales en el <a href=\"https:\/\/jinsuncarbon.com\/es_ar\/producto\/bloque-catodico\/\">c\u00e1todo<\/a> - \u00f3xido de litio y cobalto o fosfato de hierro, por ejemplo- que son mejores tanto para dejar entrar como para capturar esos iones. Por eso, para entender el funcionamiento de una pila, hay que pensar en el \u00e1nodo y el c\u00e1todo seg\u00fan su identidad.<\/p>\n<h2>Proceso de fabricaci\u00f3n de \u00e1nodos de grafito<\/h2>\n<p>La primera es que hay que limpiar el grafito de la materia prima y eliminar impurezas como <a href=\"https:\/\/en.wikipedia.org\/wiki\/Silicon\" target=\"_blank\" rel=\"noopener\">silicio<\/a>, hierro u ox\u00edgeno extra\u00eddo. A continuaci\u00f3n, el grafito se mezcla con aglutinantes para formar una pasta. A continuaci\u00f3n, esta pasta se recubre con un rodillo sobre una l\u00e1mina de cobre, que sirve de colector de corriente. A continuaci\u00f3n, este material se seca y se compacta de manera que tenga un grosor uniforme en toda su superficie, una vez recubierta la capa de relleno. Los \u00e1nodos se calientan a altas temperaturas para que adquieran sus propiedades electroqu\u00edmicas. Se cortan con las formas y tama\u00f1os necesarios, finalizados para su inclusi\u00f3n en las bater\u00edas.<\/p>\n<h2>\u00bfPor qu\u00e9 el \u00e1nodo es de grafito y no de acero?<\/h2>\n<p>El material de acero tiene una baja conductividad para la electricidad, por lo que el litio no puede intercalarse en el acero. Eso reducir\u00eda mucho el rendimiento de la bater\u00eda. En cambio, el grafito es muy buen conductor y puede tolerar el movimiento de iones de litio sin demasiada ruptura. El grafito tambi\u00e9n es un candidato excelente para los \u00e1nodos de las bater\u00edas si se tiene en cuenta tanto el peso como la estabilidad qu\u00edmica\/resistencia a la corrosi\u00f3n, m\u00e1s que materiales como el acero.<\/p>\n<h2>Aplicaciones de los \u00e1nodos de grafito<\/h2>\n<p>Los \u00e1nodos de grafito tienen m\u00faltiples aplicaciones adem\u00e1s de las bater\u00edas de iones de litio. Se emplean en reacciones electroqu\u00edmicas como la electr\u00f3lisis del agua, en la que ayudan a dividir el agua en hidr\u00f3geno y ox\u00edgeno utilizando grafito. Los \u00e1nodos de grafito tambi\u00e9n se utilizan en otros tipos de bater\u00edas (como la bater\u00eda de iones de sodio) y en el almacenamiento de energ\u00eda. El \u00e1nodo de grafito sint\u00e9tico es un material clave en esta transici\u00f3n hacia las energ\u00edas renovables porque nos permite almacenar la naturaleza intermitente de las renovables, como la solar y la e\u00f3lica.<\/p>","protected":false},"excerpt":{"rendered":"<p>Many batteries, such as lithium-ion, have a dark key part called the anode which is graphite. Anode is the name given to a negative electrode, which in these batteries case are graphite-based. Lithium ions then get passed back and forth from cathode to anode until you\u2019re ready to run them through your device. These are perfect properties for this job, as graphite can be charged and discharged thousands of times without wearing down inside the battery.<\/p>\n<p>Specification of graphite anode:<\/p>\n<ul>\n<li>Buen rendimiento de procesamiento<\/li>\n<li>Alta capacidad<\/li>\n<li>larga vida \u00fatil<\/li>\n<li>Gran compatibilidad con electrolitos<\/li>\n<li data-spm-anchor-id=\"a2700.details.0.i63.168335aaj1nDi4\">Rentable<\/li>\n<\/ul>","protected":false},"featured_media":7137,"template":"","meta":[],"product_brand":[],"product_cat":[67],"product_tag":[],"class_list":{"0":"post-7115","1":"product","2":"type-product","3":"status-publish","4":"has-post-thumbnail","6":"product_cat-graphite-material","8":"first","9":"instock","10":"shipping-taxable","11":"product-type-simple"},"yoast_head":"<!-- This site is optimized with the Yoast SEO Premium plugin v19.2.1 (Yoast SEO v25.3) - https:\/\/yoast.com\/wordpress\/plugins\/seo\/ -->\n<title>Graphite Anode Manufacturer in China - Best Price | Jinsun Carbon<\/title>\n<meta name=\"description\" content=\"Graphite anode materials are used in lithium batteries as negative electrode materials for electrolysis, with high specific capacity and strong stability.\" \/>\n<meta name=\"robots\" content=\"index, follow, max-snippet:-1, max-image-preview:large, max-video-preview:-1\" \/>\n<link rel=\"canonical\" href=\"https:\/\/jinsuncarbon.com\/es_ar\/producto\/anodo-de-grafito\/\" \/>\n<meta property=\"og:locale\" content=\"es_ES\" \/>\n<meta property=\"og:type\" content=\"article\" \/>\n<meta property=\"og:title\" content=\"Graphite Anode\" \/>\n<meta property=\"og:description\" content=\"Graphite anode materials are used in lithium batteries as negative electrode materials for electrolysis, with high specific capacity and strong stability.\" \/>\n<meta property=\"og:url\" content=\"https:\/\/jinsuncarbon.com\/es_ar\/producto\/anodo-de-grafito\/\" \/>\n<meta property=\"og:site_name\" content=\"Jinsun Carbon\" \/>\n<meta property=\"article:publisher\" content=\"https:\/\/www.facebook.com\/Graphite-Electrode-109336238661595\" \/>\n<meta property=\"article:modified_time\" content=\"2024-12-27T03:47:25+00:00\" \/>\n<meta property=\"og:image\" content=\"https:\/\/jinsuncarbon.com\/wp-content\/uploads\/2024\/12\/Graphite-anode.jpg\" \/>\n\t<meta property=\"og:image:width\" content=\"1024\" \/>\n\t<meta property=\"og:image:height\" content=\"763\" \/>\n\t<meta property=\"og:image:type\" content=\"image\/jpeg\" \/>\n<meta name=\"twitter:card\" content=\"summary_large_image\" \/>\n<meta name=\"twitter:site\" content=\"@jinsuncarbon_\" \/>\n<meta name=\"twitter:label1\" content=\"Tiempo de lectura\" \/>\n\t<meta name=\"twitter:data1\" content=\"5 minutos\" \/>\n<script type=\"application\/ld+json\" class=\"yoast-schema-graph\">{\"@context\":\"https:\/\/schema.org\",\"@graph\":[{\"@type\":\"WebPage\",\"@id\":\"https:\/\/jinsuncarbon.com\/product\/graphite-anode\/\",\"url\":\"https:\/\/jinsuncarbon.com\/product\/graphite-anode\/\",\"name\":\"Graphite Anode Manufacturer in China - Best Price | Jinsun Carbon\",\"isPartOf\":{\"@id\":\"https:\/\/jinsuncarbon.com\/#website\"},\"primaryImageOfPage\":{\"@id\":\"https:\/\/jinsuncarbon.com\/product\/graphite-anode\/#primaryimage\"},\"image\":{\"@id\":\"https:\/\/jinsuncarbon.com\/product\/graphite-anode\/#primaryimage\"},\"thumbnailUrl\":\"https:\/\/jinsuncarbon.com\/wp-content\/uploads\/2024\/12\/Graphite-anode.jpg\",\"datePublished\":\"2024-12-27T03:17:39+00:00\",\"dateModified\":\"2024-12-27T03:47:25+00:00\",\"description\":\"Graphite anode materials are used in lithium batteries as negative electrode materials for electrolysis, with high specific capacity and strong stability.\",\"breadcrumb\":{\"@id\":\"https:\/\/jinsuncarbon.com\/product\/graphite-anode\/#breadcrumb\"},\"inLanguage\":\"es-AR\",\"potentialAction\":[{\"@type\":\"ReadAction\",\"target\":[\"https:\/\/jinsuncarbon.com\/product\/graphite-anode\/\"]}]},{\"@type\":\"ImageObject\",\"inLanguage\":\"es-AR\",\"@id\":\"https:\/\/jinsuncarbon.com\/product\/graphite-anode\/#primaryimage\",\"url\":\"https:\/\/jinsuncarbon.com\/wp-content\/uploads\/2024\/12\/Graphite-anode.jpg\",\"contentUrl\":\"https:\/\/jinsuncarbon.com\/wp-content\/uploads\/2024\/12\/Graphite-anode.jpg\",\"width\":1024,\"height\":763,\"caption\":\"Graphite anode\"},{\"@type\":\"BreadcrumbList\",\"@id\":\"https:\/\/jinsuncarbon.com\/product\/graphite-anode\/#breadcrumb\",\"itemListElement\":[{\"@type\":\"ListItem\",\"position\":1,\"name\":\"Home\",\"item\":\"https:\/\/jinsuncarbon.com\/\"},{\"@type\":\"ListItem\",\"position\":2,\"name\":\"Products\",\"item\":\"https:\/\/jinsuncarbon.com\/graphite-carbon\/\"},{\"@type\":\"ListItem\",\"position\":3,\"name\":\"Graphite Anode\"}]},{\"@type\":\"WebSite\",\"@id\":\"https:\/\/jinsuncarbon.com\/#website\",\"url\":\"https:\/\/jinsuncarbon.com\/\",\"name\":\"Jinsun Carbon\",\"description\":\"We are the successful graphite electrode manufacturer in China\",\"publisher\":{\"@id\":\"https:\/\/jinsuncarbon.com\/#organization\"},\"potentialAction\":[{\"@type\":\"SearchAction\",\"target\":{\"@type\":\"EntryPoint\",\"urlTemplate\":\"https:\/\/jinsuncarbon.com\/?s={search_term_string}\"},\"query-input\":{\"@type\":\"PropertyValueSpecification\",\"valueRequired\":true,\"valueName\":\"search_term_string\"}}],\"inLanguage\":\"es-AR\"},{\"@type\":\"Organization\",\"@id\":\"https:\/\/jinsuncarbon.com\/#organization\",\"name\":\"Jinsun Carbon\",\"alternateName\":\"Jinsun Carbon\",\"url\":\"https:\/\/jinsuncarbon.com\/\",\"logo\":{\"@type\":\"ImageObject\",\"inLanguage\":\"es-AR\",\"@id\":\"https:\/\/jinsuncarbon.com\/#\/schema\/logo\/image\/\",\"url\":\"https:\/\/jinsuncarbon.com\/wp-content\/uploads\/2022\/12\/LOGO-1.png\",\"contentUrl\":\"https:\/\/jinsuncarbon.com\/wp-content\/uploads\/2022\/12\/LOGO-1.png\",\"width\":207,\"height\":80,\"caption\":\"Jinsun Carbon\"},\"image\":{\"@id\":\"https:\/\/jinsuncarbon.com\/#\/schema\/logo\/image\/\"},\"sameAs\":[\"https:\/\/www.facebook.com\/Graphite-Electrode-109336238661595\",\"https:\/\/x.com\/jinsuncarbon_\",\"https:\/\/www.linkedin.com\/in\/jinsungraphite\",\"https:\/\/www.youtube.com\/channel\/UCysDNyvyR5-3cCWEmpkVC0g\"]}]}<\/script>\n<!-- \/ Yoast SEO Premium plugin. -->","yoast_head_json":{"title":"Fabricante de \u00e1nodos de grafito en China - Mejor precio | Jinsun Carbon","description":"Los materiales de \u00e1nodo de grafito se utilizan en las bater\u00edas de litio como materiales de electrodo negativo para electr\u00f3lisis, con alta capacidad espec\u00edfica y fuerte estabilidad.","robots":{"index":"index","follow":"follow","max-snippet":"max-snippet:-1","max-image-preview":"max-image-preview:large","max-video-preview":"max-video-preview:-1"},"canonical":"https:\/\/jinsuncarbon.com\/es_ar\/producto\/anodo-de-grafito\/","og_locale":"es_ES","og_type":"article","og_title":"Graphite Anode","og_description":"Graphite anode materials are used in lithium batteries as negative electrode materials for electrolysis, with high specific capacity and strong stability.","og_url":"https:\/\/jinsuncarbon.com\/es_ar\/producto\/anodo-de-grafito\/","og_site_name":"Jinsun Carbon","article_publisher":"https:\/\/www.facebook.com\/Graphite-Electrode-109336238661595","article_modified_time":"2024-12-27T03:47:25+00:00","og_image":[{"width":1024,"height":763,"url":"https:\/\/jinsuncarbon.com\/wp-content\/uploads\/2024\/12\/Graphite-anode.jpg","type":"image\/jpeg"}],"twitter_card":"summary_large_image","twitter_site":"@jinsuncarbon_","twitter_misc":{"Tiempo de lectura":"5 minutos"},"schema":{"@context":"https:\/\/schema.org","@graph":[{"@type":"WebPage","@id":"https:\/\/jinsuncarbon.com\/product\/graphite-anode\/","url":"https:\/\/jinsuncarbon.com\/product\/graphite-anode\/","name":"Fabricante de \u00e1nodos de grafito en China - Mejor precio | Jinsun Carbon","isPartOf":{"@id":"https:\/\/jinsuncarbon.com\/#website"},"primaryImageOfPage":{"@id":"https:\/\/jinsuncarbon.com\/product\/graphite-anode\/#primaryimage"},"image":{"@id":"https:\/\/jinsuncarbon.com\/product\/graphite-anode\/#primaryimage"},"thumbnailUrl":"https:\/\/jinsuncarbon.com\/wp-content\/uploads\/2024\/12\/Graphite-anode.jpg","datePublished":"2024-12-27T03:17:39+00:00","dateModified":"2024-12-27T03:47:25+00:00","description":"Los materiales de \u00e1nodo de grafito se utilizan en las bater\u00edas de litio como materiales de electrodo negativo para electr\u00f3lisis, con alta capacidad espec\u00edfica y fuerte estabilidad.","breadcrumb":{"@id":"https:\/\/jinsuncarbon.com\/product\/graphite-anode\/#breadcrumb"},"inLanguage":"es-AR","potentialAction":[{"@type":"ReadAction","target":["https:\/\/jinsuncarbon.com\/product\/graphite-anode\/"]}]},{"@type":"ImageObject","inLanguage":"es-AR","@id":"https:\/\/jinsuncarbon.com\/product\/graphite-anode\/#primaryimage","url":"https:\/\/jinsuncarbon.com\/wp-content\/uploads\/2024\/12\/Graphite-anode.jpg","contentUrl":"https:\/\/jinsuncarbon.com\/wp-content\/uploads\/2024\/12\/Graphite-anode.jpg","width":1024,"height":763,"caption":"Graphite anode"},{"@type":"BreadcrumbList","@id":"https:\/\/jinsuncarbon.com\/product\/graphite-anode\/#breadcrumb","itemListElement":[{"@type":"ListItem","position":1,"name":"Home","item":"https:\/\/jinsuncarbon.com\/"},{"@type":"ListItem","position":2,"name":"Products","item":"https:\/\/jinsuncarbon.com\/graphite-carbon\/"},{"@type":"ListItem","position":3,"name":"Graphite Anode"}]},{"@type":"WebSite","@id":"https:\/\/jinsuncarbon.com\/#website","url":"https:\/\/jinsuncarbon.com\/","name":"Jinsun Carbon","description":"Somos el fabricante de electrodos de grafito con m\u00e1s \u00e9xito de China","publisher":{"@id":"https:\/\/jinsuncarbon.com\/#organization"},"potentialAction":[{"@type":"SearchAction","target":{"@type":"EntryPoint","urlTemplate":"https:\/\/jinsuncarbon.com\/?s={search_term_string}"},"query-input":{"@type":"PropertyValueSpecification","valueRequired":true,"valueName":"search_term_string"}}],"inLanguage":"es-AR"},{"@type":"Organization","@id":"https:\/\/jinsuncarbon.com\/#organization","name":"Jinsun Carbon","alternateName":"Jinsun Carbon","url":"https:\/\/jinsuncarbon.com\/","logo":{"@type":"ImageObject","inLanguage":"es-AR","@id":"https:\/\/jinsuncarbon.com\/#\/schema\/logo\/image\/","url":"https:\/\/jinsuncarbon.com\/wp-content\/uploads\/2022\/12\/LOGO-1.png","contentUrl":"https:\/\/jinsuncarbon.com\/wp-content\/uploads\/2022\/12\/LOGO-1.png","width":207,"height":80,"caption":"Jinsun Carbon"},"image":{"@id":"https:\/\/jinsuncarbon.com\/#\/schema\/logo\/image\/"},"sameAs":["https:\/\/www.facebook.com\/Graphite-Electrode-109336238661595","https:\/\/x.com\/jinsuncarbon_","https:\/\/www.linkedin.com\/in\/jinsungraphite","https:\/\/www.youtube.com\/channel\/UCysDNyvyR5-3cCWEmpkVC0g"]}]}},"_links":{"self":[{"href":"https:\/\/jinsuncarbon.com\/es_ar\/wp-json\/wp\/v2\/product\/7115","targetHints":{"allow":["GET"]}}],"collection":[{"href":"https:\/\/jinsuncarbon.com\/es_ar\/wp-json\/wp\/v2\/product"}],"about":[{"href":"https:\/\/jinsuncarbon.com\/es_ar\/wp-json\/wp\/v2\/types\/product"}],"wp:featuredmedia":[{"embeddable":true,"href":"https:\/\/jinsuncarbon.com\/es_ar\/wp-json\/wp\/v2\/media\/7137"}],"wp:attachment":[{"href":"https:\/\/jinsuncarbon.com\/es_ar\/wp-json\/wp\/v2\/media?parent=7115"}],"wp:term":[{"taxonomy":"product_brand","embeddable":true,"href":"https:\/\/jinsuncarbon.com\/es_ar\/wp-json\/wp\/v2\/product_brand?post=7115"},{"taxonomy":"product_cat","embeddable":true,"href":"https:\/\/jinsuncarbon.com\/es_ar\/wp-json\/wp\/v2\/product_cat?post=7115"},{"taxonomy":"product_tag","embeddable":true,"href":"https:\/\/jinsuncarbon.com\/es_ar\/wp-json\/wp\/v2\/product_tag?post=7115"}],"curies":[{"name":"wp","href":"https:\/\/api.w.org\/{rel}","templated":true}]}}