{"id":7084,"date":"2024-12-20T11:00:56","date_gmt":"2024-12-20T11:00:56","guid":{"rendered":"https:\/\/jinsuncarbon.com\/?post_type=product&#038;p=7084"},"modified":"2024-12-20T11:00:56","modified_gmt":"2024-12-20T11:00:56","slug":"barra-de-grafito","status":"publish","type":"product","link":"https:\/\/jinsuncarbon.com\/es_ar\/producto\/barra-de-grafito\/","title":{"rendered":"Barra de grafito"},"content":{"rendered":"<h2 class=\"ql-align-justify\">Barra de grafito en venta<\/h2>\n<p class=\"ql-align-justify\">El aspecto de la barra redonda de grafito es cil\u00edndrico, y sus ventajas son evidentes.<\/p>\n<p class=\"ql-align-justify\"><strong>Buena conductividad el\u00e9ctrica<\/strong><\/p>\n<p class=\"ql-align-justify\">Tiene una eficiente transmisi\u00f3n de corriente y un excelente rendimiento en aplicaciones el\u00e9ctricas.<\/p>\n<p class=\"ql-align-justify\">\n<p class=\"ql-align-justify\"><strong>Excelente resistencia a altas temperaturas<\/strong><\/p>\n<p class=\"ql-align-justify\">Puede funcionar de forma estable en entornos de alta temperatura, generalmente puede soportar altas temperaturas superiores a 2000\u00b0C. Es adecuado para una variedad de escenarios industriales de alta temperatura.<\/p>\n<p class=\"ql-align-justify\">\n<p class=\"ql-align-justify\"><strong>Propiedades qu\u00edmicas estables<\/strong><\/p>\n<p class=\"ql-align-justify\">Tiene resistencia a la corrosi\u00f3n \u00e1cida y alcalina, no es f\u00e1cil que reaccione con la mayor\u00eda de las sustancias qu\u00edmicas. Puede utilizarse en entornos corrosivos.<\/p>\n<p class=\"ql-align-justify\">\n<p class=\"ql-align-justify\"><strong>Alta resistencia mec\u00e1nica<\/strong><\/p>\n<p class=\"ql-align-justify\">Puede soportar cierta presi\u00f3n y desgaste, con una larga vida \u00fatil.<\/p>\n<p class=\"ql-align-justify\">\n<p class=\"ql-align-justify\"><strong>Bajo coeficiente de dilataci\u00f3n t\u00e9rmica<\/strong><\/p>\n<p class=\"ql-align-justify\">Tiene una buena estabilidad dimensional cuando cambia la temperatura, puede garantizar la precisi\u00f3n y la estabilidad del equipo.<\/p>\n<p class=\"ql-align-justify\">\n<h2 class=\"ql-align-justify\">Tipos de barras de grafito<\/h2>\n<p class=\"ql-align-justify\"><strong>Barra de grafito de gran pureza<\/strong><\/p>\n<p class=\"ql-align-justify\">La pureza suele ser superior al 99,9%, con mejor conductividad y estabilidad qu\u00edmica. A menudo puede utilizarse en electr\u00f3nica, semiconductores y otras industrias con requisitos exigentes de pureza y rendimiento.<\/p>\n<p class=\"ql-align-justify\">\n<p class=\"ql-align-justify\"><strong>Electrodo barra de grafito<\/strong><\/p>\n<p class=\"ql-align-justify\">Especialmente dise\u00f1ado para campos electroqu\u00edmicos, como la electr\u00f3lisis, la galvanoplastia, etc. Con buena conductividad el\u00e9ctrica y resistencia a la corrosi\u00f3n, puede mejorar eficazmente la eficiencia y la estabilidad de los procesos electroqu\u00edmicos.<\/p>\n<p class=\"ql-align-justify\">\n<p class=\"ql-align-justify\"><strong>Barra de grafito calefactora<\/strong><\/p>\n<p class=\"ql-align-justify\">Con alta resistividad, puede generar mucho calor cuando se energiza. Se puede utilizar en hornos de calentamiento industriales, hornos de laboratorio de alta temperatura y otros equipos, para lograr un calentamiento r\u00e1pido.<\/p>\n<p class=\"ql-align-justify\">\n<p class=\"ql-align-justify\"><strong>Barra de grafito refractario<\/strong><\/p>\n<p class=\"ql-align-justify\">Se puede utilizar principalmente en el campo de los materiales refractarios de alta temperatura, en metalurgia, cer\u00e1mica y otras industrias. Puede soportar altas temperaturas y no es f\u00e1cil de deformar, para proporcionar un soporte fiable y aislamiento t\u00e9rmico para equipos de alta temperatura.<\/p>\n<p class=\"ql-align-justify\">\n<p class=\"ql-align-justify\">En la producci\u00f3n de diferentes tipos de barras de grafito, el dise\u00f1o y la selecci\u00f3n de la barra de grafito <a href=\"https:\/\/jinsuncarbon.com\/es_ar\/producto\/molde-de-grafito\/\">moldes<\/a> es crucial. Y personalizaremos seg\u00fan el uso espec\u00edfico y las especificaciones de las barras de grafito. Garantizamos que los tochos de grafito puedan transformarse en productos de barras de grafito que cumplan las normas.<\/p>\n<p class=\"ql-align-justify\">\n<h2 class=\"ql-align-justify\">Usos de la barra de grafito<\/h2>\n<p class=\"ql-align-justify\">Las barras de grafito tienen una amplia gama de aplicaciones.<\/p>\n<p class=\"ql-align-justify\"><strong>En la industria metal\u00fargica<\/strong><\/p>\n<p class=\"ql-align-justify\">Como electrodo para aluminio electrol\u00edtico, cobre electrol\u00edtico y otros procesos de fundici\u00f3n de metales, puede conducir la corriente de forma eficiente. Y promover la reacci\u00f3n de reducci\u00f3n de iones met\u00e1licos, mejorar la eficiencia de la producci\u00f3n y la calidad del producto.<\/p>\n<p class=\"ql-align-justify\">\n<p class=\"ql-align-justify\"><strong>En el \u00e1mbito del mecanizado<\/strong><\/p>\n<p class=\"ql-align-justify\">Puede utilizarlo como electrodo para <a href=\"https:\/\/en.wikipedia.org\/wiki\/Electrical_discharge_machining\" target=\"_blank\" rel=\"noopener\">EDM<\/a>El proceso de mecanizado y conformado de piezas met\u00e1licas de alta precisi\u00f3n se basa en la precisi\u00f3n de su forma y en su buena conductividad el\u00e9ctrica.<\/p>\n<p class=\"ql-align-justify\">\n<p class=\"ql-align-justify\"><strong>En la industria electr\u00f3nica<\/strong><\/p>\n<p class=\"ql-align-justify\">Electrodos utilizados para fabricar componentes electr\u00f3nicos como <a href=\"https:\/\/jinsuncarbon.com\/es_ar\/producto\/tubo-de-grafito-en-venta\/\">tubos<\/a> y transistores. As\u00ed como portadores dopantes para materiales semiconductores, para garantizar el funcionamiento normal y la mejora del rendimiento de los dispositivos electr\u00f3nicos.<\/p>\n<p class=\"ql-align-justify\">\n<p class=\"ql-align-justify\"><strong>En la industria qu\u00edmica<\/strong><\/p>\n<p class=\"ql-align-justify\">Como material de revestimiento de tuber\u00edas resistente a la corrosi\u00f3n y varilla agitadora de la caldera de reacci\u00f3n, puede resistir la erosi\u00f3n de diversas soluciones \u00e1cidas y alcalinas. Para garantizar la seguridad y la estabilidad de la producci\u00f3n qu\u00edmica.<\/p>\n<p class=\"ql-align-justify\">\n<p class=\"ql-align-justify\"><strong>En el laboratorio<\/strong><\/p>\n<p class=\"ql-align-justify\">Se puede utilizar com\u00fanmente como elemento calefactor y soporte de muestras para alta temperatura <a href=\"https:\/\/en.wikipedia.org\/wiki\/Furnace_(central_heating)\" target=\"_blank\" rel=\"noopener\">hornos<\/a>. Puede satisfacer las necesidades de calefacci\u00f3n y apoyo en condiciones experimentales de alta temperatura. Y proporcionar un entorno experimental estable para la investigaci\u00f3n cient\u00edfica.<\/p>","protected":false},"excerpt":{"rendered":"<p>La barra de grafito es un material en forma de barra fabricado con grafito de gran pureza como materia prima. Su proceso de producci\u00f3n implica el procesamiento del molde de la barra de grafito y el grafito en bruto. Las materias primas de grafito se procesan primero para obtener grafito en barras. A continuaci\u00f3n, se fabrican barras de grafito de diferentes especificaciones, como las barras redondas de grafito com\u00fan, mediante extrusi\u00f3n de moldes de barras de grafito o prensado isost\u00e1tico.<\/p>\n<p>La barra de grafito tiene una excelente conductividad el\u00e9ctrica, resistencia a altas temperaturas, estabilidad qu\u00edmica y otras caracter\u00edsticas. Desempe\u00f1a un papel clave en muchos campos, es un fiable y ampliamente utilizado productos de grafito.<\/p>","protected":false},"featured_media":7085,"template":"","meta":[],"product_brand":[],"product_cat":[38],"product_tag":[],"class_list":{"0":"post-7084","1":"product","2":"type-product","3":"status-publish","4":"has-post-thumbnail","6":"product_cat-graphite-products","8":"first","9":"instock","10":"shipping-taxable","11":"product-type-simple"},"yoast_head":"<!-- This site is optimized with the Yoast SEO Premium plugin v19.2.1 (Yoast SEO v25.3) - https:\/\/yoast.com\/wordpress\/plugins\/seo\/ -->\n<title>Graphite Bar for Sale | Jinsun Carbon<\/title>\n<meta name=\"description\" content=\"Graphite bar stock for sale, High temperature resistant and high conductivity graphite rods are used in industries such as electrodes, heat exchange and batteries.\" \/>\n<meta name=\"robots\" content=\"index, follow, max-snippet:-1, max-image-preview:large, max-video-preview:-1\" \/>\n<link rel=\"canonical\" href=\"https:\/\/jinsuncarbon.com\/es_ar\/producto\/barra-de-grafito\/\" \/>\n<meta property=\"og:locale\" content=\"es_ES\" \/>\n<meta property=\"og:type\" content=\"article\" \/>\n<meta property=\"og:title\" content=\"Graphite Bar\" \/>\n<meta property=\"og:description\" content=\"Graphite bar stock for sale, High temperature resistant and high conductivity graphite rods are used in industries such as electrodes, heat exchange and batteries.\" \/>\n<meta property=\"og:url\" content=\"https:\/\/jinsuncarbon.com\/es_ar\/producto\/barra-de-grafito\/\" \/>\n<meta property=\"og:site_name\" content=\"Jinsun Carbon\" \/>\n<meta property=\"article:publisher\" content=\"https:\/\/www.facebook.com\/Graphite-Electrode-109336238661595\" \/>\n<meta property=\"og:image\" content=\"https:\/\/jinsuncarbon.com\/wp-content\/uploads\/2024\/12\/Graphite-bar.jpg\" \/>\n\t<meta property=\"og:image:width\" content=\"1024\" \/>\n\t<meta property=\"og:image:height\" content=\"763\" \/>\n\t<meta property=\"og:image:type\" content=\"image\/jpeg\" \/>\n<meta name=\"twitter:card\" content=\"summary_large_image\" \/>\n<meta name=\"twitter:site\" content=\"@jinsuncarbon_\" \/>\n<meta name=\"twitter:label1\" content=\"Tiempo de lectura\" \/>\n\t<meta name=\"twitter:data1\" content=\"3 minutos\" \/>\n<script type=\"application\/ld+json\" class=\"yoast-schema-graph\">{\"@context\":\"https:\/\/schema.org\",\"@graph\":[{\"@type\":\"WebPage\",\"@id\":\"https:\/\/jinsuncarbon.com\/product\/graphite-bar\/\",\"url\":\"https:\/\/jinsuncarbon.com\/product\/graphite-bar\/\",\"name\":\"Graphite Bar for Sale | Jinsun Carbon\",\"isPartOf\":{\"@id\":\"https:\/\/jinsuncarbon.com\/#website\"},\"primaryImageOfPage\":{\"@id\":\"https:\/\/jinsuncarbon.com\/product\/graphite-bar\/#primaryimage\"},\"image\":{\"@id\":\"https:\/\/jinsuncarbon.com\/product\/graphite-bar\/#primaryimage\"},\"thumbnailUrl\":\"https:\/\/jinsuncarbon.com\/wp-content\/uploads\/2024\/12\/Graphite-bar.jpg\",\"datePublished\":\"2024-12-20T11:00:56+00:00\",\"description\":\"Graphite bar stock for sale, High temperature resistant and high conductivity graphite rods are used in industries such as electrodes, heat exchange and batteries.\",\"breadcrumb\":{\"@id\":\"https:\/\/jinsuncarbon.com\/product\/graphite-bar\/#breadcrumb\"},\"inLanguage\":\"es-AR\",\"potentialAction\":[{\"@type\":\"ReadAction\",\"target\":[\"https:\/\/jinsuncarbon.com\/product\/graphite-bar\/\"]}]},{\"@type\":\"ImageObject\",\"inLanguage\":\"es-AR\",\"@id\":\"https:\/\/jinsuncarbon.com\/product\/graphite-bar\/#primaryimage\",\"url\":\"https:\/\/jinsuncarbon.com\/wp-content\/uploads\/2024\/12\/Graphite-bar.jpg\",\"contentUrl\":\"https:\/\/jinsuncarbon.com\/wp-content\/uploads\/2024\/12\/Graphite-bar.jpg\",\"width\":1024,\"height\":763,\"caption\":\"Graphite bar\"},{\"@type\":\"BreadcrumbList\",\"@id\":\"https:\/\/jinsuncarbon.com\/product\/graphite-bar\/#breadcrumb\",\"itemListElement\":[{\"@type\":\"ListItem\",\"position\":1,\"name\":\"Home\",\"item\":\"https:\/\/jinsuncarbon.com\/\"},{\"@type\":\"ListItem\",\"position\":2,\"name\":\"Products\",\"item\":\"https:\/\/jinsuncarbon.com\/graphite-carbon\/\"},{\"@type\":\"ListItem\",\"position\":3,\"name\":\"Graphite Bar\"}]},{\"@type\":\"WebSite\",\"@id\":\"https:\/\/jinsuncarbon.com\/#website\",\"url\":\"https:\/\/jinsuncarbon.com\/\",\"name\":\"Jinsun Carbon\",\"description\":\"We are the successful graphite electrode manufacturer in China\",\"publisher\":{\"@id\":\"https:\/\/jinsuncarbon.com\/#organization\"},\"potentialAction\":[{\"@type\":\"SearchAction\",\"target\":{\"@type\":\"EntryPoint\",\"urlTemplate\":\"https:\/\/jinsuncarbon.com\/?s={search_term_string}\"},\"query-input\":{\"@type\":\"PropertyValueSpecification\",\"valueRequired\":true,\"valueName\":\"search_term_string\"}}],\"inLanguage\":\"es-AR\"},{\"@type\":\"Organization\",\"@id\":\"https:\/\/jinsuncarbon.com\/#organization\",\"name\":\"Jinsun Carbon\",\"alternateName\":\"Jinsun Carbon\",\"url\":\"https:\/\/jinsuncarbon.com\/\",\"logo\":{\"@type\":\"ImageObject\",\"inLanguage\":\"es-AR\",\"@id\":\"https:\/\/jinsuncarbon.com\/#\/schema\/logo\/image\/\",\"url\":\"https:\/\/jinsuncarbon.com\/wp-content\/uploads\/2022\/12\/LOGO-1.png\",\"contentUrl\":\"https:\/\/jinsuncarbon.com\/wp-content\/uploads\/2022\/12\/LOGO-1.png\",\"width\":207,\"height\":80,\"caption\":\"Jinsun Carbon\"},\"image\":{\"@id\":\"https:\/\/jinsuncarbon.com\/#\/schema\/logo\/image\/\"},\"sameAs\":[\"https:\/\/www.facebook.com\/Graphite-Electrode-109336238661595\",\"https:\/\/x.com\/jinsuncarbon_\",\"https:\/\/www.linkedin.com\/in\/jinsungraphite\",\"https:\/\/www.youtube.com\/channel\/UCysDNyvyR5-3cCWEmpkVC0g\"]}]}<\/script>\n<!-- \/ Yoast SEO Premium plugin. -->","yoast_head_json":{"title":"Venta de barras de grafito | Jinsun Carbon","description":"Venta de barras de grafito, Las barras de grafito resistentes a altas temperaturas y de alta conductividad se utilizan en industrias como la de electrodos, intercambio de calor y bater\u00edas.","robots":{"index":"index","follow":"follow","max-snippet":"max-snippet:-1","max-image-preview":"max-image-preview:large","max-video-preview":"max-video-preview:-1"},"canonical":"https:\/\/jinsuncarbon.com\/es_ar\/producto\/barra-de-grafito\/","og_locale":"es_ES","og_type":"article","og_title":"Graphite Bar","og_description":"Graphite bar stock for sale, High temperature resistant and high conductivity graphite rods are used in industries such as electrodes, heat exchange and batteries.","og_url":"https:\/\/jinsuncarbon.com\/es_ar\/producto\/barra-de-grafito\/","og_site_name":"Jinsun Carbon","article_publisher":"https:\/\/www.facebook.com\/Graphite-Electrode-109336238661595","og_image":[{"width":1024,"height":763,"url":"https:\/\/jinsuncarbon.com\/wp-content\/uploads\/2024\/12\/Graphite-bar.jpg","type":"image\/jpeg"}],"twitter_card":"summary_large_image","twitter_site":"@jinsuncarbon_","twitter_misc":{"Tiempo de lectura":"3 minutos"},"schema":{"@context":"https:\/\/schema.org","@graph":[{"@type":"WebPage","@id":"https:\/\/jinsuncarbon.com\/product\/graphite-bar\/","url":"https:\/\/jinsuncarbon.com\/product\/graphite-bar\/","name":"Venta de barras de grafito | Jinsun Carbon","isPartOf":{"@id":"https:\/\/jinsuncarbon.com\/#website"},"primaryImageOfPage":{"@id":"https:\/\/jinsuncarbon.com\/product\/graphite-bar\/#primaryimage"},"image":{"@id":"https:\/\/jinsuncarbon.com\/product\/graphite-bar\/#primaryimage"},"thumbnailUrl":"https:\/\/jinsuncarbon.com\/wp-content\/uploads\/2024\/12\/Graphite-bar.jpg","datePublished":"2024-12-20T11:00:56+00:00","description":"Venta de barras de grafito, Las barras de grafito resistentes a altas temperaturas y de alta conductividad se utilizan en industrias como la de electrodos, intercambio de calor y bater\u00edas.","breadcrumb":{"@id":"https:\/\/jinsuncarbon.com\/product\/graphite-bar\/#breadcrumb"},"inLanguage":"es-AR","potentialAction":[{"@type":"ReadAction","target":["https:\/\/jinsuncarbon.com\/product\/graphite-bar\/"]}]},{"@type":"ImageObject","inLanguage":"es-AR","@id":"https:\/\/jinsuncarbon.com\/product\/graphite-bar\/#primaryimage","url":"https:\/\/jinsuncarbon.com\/wp-content\/uploads\/2024\/12\/Graphite-bar.jpg","contentUrl":"https:\/\/jinsuncarbon.com\/wp-content\/uploads\/2024\/12\/Graphite-bar.jpg","width":1024,"height":763,"caption":"Graphite bar"},{"@type":"BreadcrumbList","@id":"https:\/\/jinsuncarbon.com\/product\/graphite-bar\/#breadcrumb","itemListElement":[{"@type":"ListItem","position":1,"name":"Home","item":"https:\/\/jinsuncarbon.com\/"},{"@type":"ListItem","position":2,"name":"Products","item":"https:\/\/jinsuncarbon.com\/graphite-carbon\/"},{"@type":"ListItem","position":3,"name":"Graphite Bar"}]},{"@type":"WebSite","@id":"https:\/\/jinsuncarbon.com\/#website","url":"https:\/\/jinsuncarbon.com\/","name":"Jinsun Carbon","description":"Somos el fabricante de electrodos de grafito con m\u00e1s \u00e9xito de China","publisher":{"@id":"https:\/\/jinsuncarbon.com\/#organization"},"potentialAction":[{"@type":"SearchAction","target":{"@type":"EntryPoint","urlTemplate":"https:\/\/jinsuncarbon.com\/?s={search_term_string}"},"query-input":{"@type":"PropertyValueSpecification","valueRequired":true,"valueName":"search_term_string"}}],"inLanguage":"es-AR"},{"@type":"Organization","@id":"https:\/\/jinsuncarbon.com\/#organization","name":"Jinsun Carbon","alternateName":"Jinsun Carbon","url":"https:\/\/jinsuncarbon.com\/","logo":{"@type":"ImageObject","inLanguage":"es-AR","@id":"https:\/\/jinsuncarbon.com\/#\/schema\/logo\/image\/","url":"https:\/\/jinsuncarbon.com\/wp-content\/uploads\/2022\/12\/LOGO-1.png","contentUrl":"https:\/\/jinsuncarbon.com\/wp-content\/uploads\/2022\/12\/LOGO-1.png","width":207,"height":80,"caption":"Jinsun Carbon"},"image":{"@id":"https:\/\/jinsuncarbon.com\/#\/schema\/logo\/image\/"},"sameAs":["https:\/\/www.facebook.com\/Graphite-Electrode-109336238661595","https:\/\/x.com\/jinsuncarbon_","https:\/\/www.linkedin.com\/in\/jinsungraphite","https:\/\/www.youtube.com\/channel\/UCysDNyvyR5-3cCWEmpkVC0g"]}]}},"_links":{"self":[{"href":"https:\/\/jinsuncarbon.com\/es_ar\/wp-json\/wp\/v2\/product\/7084","targetHints":{"allow":["GET"]}}],"collection":[{"href":"https:\/\/jinsuncarbon.com\/es_ar\/wp-json\/wp\/v2\/product"}],"about":[{"href":"https:\/\/jinsuncarbon.com\/es_ar\/wp-json\/wp\/v2\/types\/product"}],"wp:featuredmedia":[{"embeddable":true,"href":"https:\/\/jinsuncarbon.com\/es_ar\/wp-json\/wp\/v2\/media\/7085"}],"wp:attachment":[{"href":"https:\/\/jinsuncarbon.com\/es_ar\/wp-json\/wp\/v2\/media?parent=7084"}],"wp:term":[{"taxonomy":"product_brand","embeddable":true,"href":"https:\/\/jinsuncarbon.com\/es_ar\/wp-json\/wp\/v2\/product_brand?post=7084"},{"taxonomy":"product_cat","embeddable":true,"href":"https:\/\/jinsuncarbon.com\/es_ar\/wp-json\/wp\/v2\/product_cat?post=7084"},{"taxonomy":"product_tag","embeddable":true,"href":"https:\/\/jinsuncarbon.com\/es_ar\/wp-json\/wp\/v2\/product_tag?post=7084"}],"curies":[{"name":"wp","href":"https:\/\/api.w.org\/{rel}","templated":true}]}}