{"id":7060,"date":"2024-12-18T13:09:23","date_gmt":"2024-12-18T13:09:23","guid":{"rendered":"https:\/\/jinsuncarbon.com\/?post_type=product&#038;p=7060"},"modified":"2024-12-18T13:09:24","modified_gmt":"2024-12-18T13:09:24","slug":"coque-de-petroleo-verde-retardado","status":"publish","type":"product","link":"https:\/\/jinsuncarbon.com\/es_ar\/producto\/coque-de-petroleo-verde-retardado\/","title":{"rendered":"Coque de petr\u00f3leo verde retardado"},"content":{"rendered":"<p>El coque de petr\u00f3leo verde retardado se produce cuando el crudo se calienta a altas temperaturas para producir gasolina, gas\u00f3leo y otros productos refinados. S\u00f3lido y rico en carbono, el subproducto residual es el coque de petr\u00f3leo verde.<\/p>\n<h2 class=\"ql-align-justify\">\u00bfC\u00f3mo se fabrica el coque de petr\u00f3leo verde retardado?<\/h2>\n<p>El proceso de coquizaci\u00f3n retardada produce coque de petr\u00f3leo verde. As\u00ed es como funciona:<\/p>\n<p>Refinado del petr\u00f3leo crudo: Los aceites pesados\/residuales se templan en una unidad de coquizaci\u00f3n a unos 450 - 500 grados cent\u00edgrados y se craquean en fracciones ligeras como gasolina y gas\u00f3leo.<\/p>\n<p>Formaci\u00f3n de coque:<\/p>\n<p>El material que queda sin procesar es denso y s\u00f3lido, y se denomina <a href=\"https:\/\/jinsuncarbon.com\/es_ar\/producto\/coque-de-petroleo-verde\/\">coque de petr\u00f3leo verde<\/a>. Posteriormente, el coque s\u00f3lido se recoge y se utiliza en distintos sectores.<\/p>\n<p>Enfriamiento y recogida: Tras la formaci\u00f3n del coque, se enfr\u00eda y se recoge como material granular. En esta fase, todav\u00eda tiene impurezas, como azufre y materia vol\u00e1til, que suelen eliminarse en un tratamiento posterior, si es necesario.<\/p>\n<h2 class=\"ql-align-justify\">Coque de petr\u00f3leo verde frente al carb\u00f3n<\/h2>\n<p>Densidad energ\u00e9tica<\/p>\n<p>El coque de petr\u00f3leo verde tiene una densidad energ\u00e9tica superior a la del carb\u00f3n, lo que lo convierte en una alternativa directa para su uso en procesos industriales pesados. La densidad energ\u00e9tica mide la cantidad de energ\u00eda por unidad de peso ofreciendo eficiencias en los procesos industriales.<\/p>\n<p>Coste<\/p>\n<p>El coque de petr\u00f3leo verde es m\u00e1s asequible que <a href=\"https:\/\/en.wikipedia.org\/wiki\/Coal\" target=\"_blank\" rel=\"noopener\">carb\u00f3n<\/a>y dado que su subproducto del refinado del petr\u00f3leo crudo es m\u00e1s econ\u00f3mico para cualquier proceso industrial que consuma energ\u00eda. El subproducto de la misma es principalmente insignificante para el llamador de combustible para una industria.<\/p>\n<p>Emisiones<\/p>\n<p>Aunque tanto el coque de petr\u00f3leo verde como el carb\u00f3n arden y producen carbono, el coque de petr\u00f3leo suele arder de forma m\u00e1s limpia que el carb\u00f3n. La combusti\u00f3n del coque de petr\u00f3leo produce menos emisiones de azufre y part\u00edculas. La combusti\u00f3n del carb\u00f3n implica una alta combusti\u00f3n y gases sueltos en alta concentraci\u00f3n, lo que afecta al medio ambiente. El contenido de azufre en el coque de petr\u00f3leo puede ser muy elevado, por lo que es muy aconsejable disponer de controles medioambientales.<\/p>\n<p>Huella de carbono<\/p>\n<p>Tanto el carb\u00f3n como el coque de petr\u00f3leo verde contribuyen a la huella de carbono. Sin embargo, debido a su mayor contenido en carbono y a su eficiencia energ\u00e9tica, el coque de petr\u00f3leo es m\u00e1s adecuado para quemar en procesos industriales que requieren mucha energ\u00eda. Por lo tanto, es aconsejable que, en esos procesos industriales de alto consumo energ\u00e9tico, se opte por el coque de petr\u00f3leo, ya que afecta a la limpieza medioambiental.<\/p>\n<h2 class=\"ql-align-justify\">Precio del coque de petr\u00f3leo verde<\/h2>\n<p>Varios factores influyen en el precio del coque de petr\u00f3leo verde:<\/p>\n<p>Precios del crudo:<\/p>\n<p>Los precios del coque de petr\u00f3leo dependen directamente de los precios del crudo, ya que el coque de petr\u00f3leo verde es un subproducto del refinado del crudo. En \u00e9pocas de aumento de los precios del crudo, el coque de petr\u00f3leo se encarece, lo que supondr\u00eda una carga para las industrias que dependen de \u00e9l.<\/p>\n<p>Oferta y demanda:<\/p>\n<p>El coque de petr\u00f3leo verde guarda una estrecha relaci\u00f3n con las necesidades de productos petrol\u00edferos. Hay m\u00e1s coque de petr\u00f3leo verde cuando aumenta la demanda mundial de productos petrol\u00edferos, lo que puede hacer bajar los precios. Por otro lado, una demanda limitada puede hacer subir los precios.<\/p>\n<p>Contenido de azufre:<\/p>\n<p>El coque de petr\u00f3leo con bajo contenido de azufre suele tener un precio m\u00e1s elevado debido a que puede utilizarse en aplicaciones industriales especializadas como la producci\u00f3n de aluminio. La opci\u00f3n m\u00e1s barata, el coque de petr\u00f3leo verde con mayor contenido de azufre, podr\u00eda necesitar un procesamiento adicional.<\/p>\n<p>Geograf\u00eda y transporte:<\/p>\n<p>El coque de petr\u00f3leo verde suele fabricarse en zonas con grandes refiner\u00edas de petr\u00f3leo, por lo que los costes de transporte pueden influir en su precio. Cuando las instalaciones de producci\u00f3n est\u00e1n cerca, el coque de petr\u00f3leo puede ser barato; si no, los costes de transporte pueden pasar factura.<\/p>\n<p>A pesar de estos elementos, el coque de petr\u00f3leo verde es comparativamente una fuente de combustible m\u00e1s barata que otras alternativas, entre ellas <a href=\"https:\/\/jinsuncarbon.com\/es_ar\/producto\/coque-de-petroleo-calcinado\/\">coque de petr\u00f3leo calcinado<\/a> y el carb\u00f3n, sobre todo en las regiones donde se produce como subproducto del refinado del crudo.<\/p>\n<h2 class=\"ql-align-justify\">Ventajas del coque de petr\u00f3leo verde<\/h2>\n<p>De hecho, el coque de petr\u00f3leo verde es una opci\u00f3n favorable para las empresas que necesitan combustible para la producci\u00f3n de energ\u00eda o la fabricaci\u00f3n. Ofrece varias ventajas importantes. En primer lugar, el coque de petr\u00f3leo verde es m\u00e1s barato que el carb\u00f3n y otros tipos de combustible. En consecuencia, es una fuente de bajo coste m\u00e1s rentable para las industrias que deseen reducir los gastos energ\u00e9ticos sin comprometer altos niveles de eficiencia energ\u00e9tica.<\/p>\n<p>En segundo lugar, el coque de petr\u00f3leo verde es m\u00e1s energ\u00e9tico que el carb\u00f3n. Su alta densidad energ\u00e9tica por unidad de peso permite mejorar la eficiencia energ\u00e9tica en el consumo de combustible en centrales el\u00e9ctricas y otras instalaciones industriales. Aunque no es una alternativa energ\u00e9ticamente eficiente, permite a las empresas utilizar menos combustible para completar sus operaciones.<\/p>\n<p>En tercer lugar, aunque se considera un combustible f\u00f3sil, el coque de petr\u00f3leo verde produce menos emisiones de combusti\u00f3n. Reduce la cantidad de <a href=\"https:\/\/en.wikipedia.org\/wiki\/Sulfur\" target=\"_blank\" rel=\"noopener\">azufre<\/a> y part\u00edculas que queman las empresas y, por tanto, contribuye a que las operaciones sean m\u00e1s respetuosas con el medio ambiente y cumplan las normativas de seguridad medioambiental, cada vez m\u00e1s estrictas.<\/p>\n<p>En cuarto lugar, el coque de petr\u00f3leo verde es un recurso vers\u00e1til que puede utilizarse en diversas industrias. Algunos de los mayores consumidores del combustible corresponden a las industrias de generaci\u00f3n de energ\u00eda, manufacturera y productora de cemento. Por \u00faltimo, el coque de petr\u00f3leo verde arde mejor que el carb\u00f3n, es decir, es m\u00e1s carbonoso y consistente, un requisito para las aplicaciones de alta temperatura en entornos industriales.<\/p>","protected":false},"excerpt":{"rendered":"<p>El coque verde de petr\u00f3leo (coque verde de petr\u00f3leo) es un material carbonoso s\u00f3lido y denso producido por el calentamiento del petr\u00f3leo crudo. Se genera a partir de petr\u00f3leos pesados como producto final de menor valor durante la coquizaci\u00f3n retardada, un proceso de tratamiento de petr\u00f3leos pesados para producir fracciones de petr\u00f3leo m\u00e1s ligeras. La etiqueta \"verde\" se aplica al coque de petr\u00f3leo en estado bruto, ya que no se ha refinado para eliminar el azufre y los compuestos org\u00e1nicos vol\u00e1tiles. A pesar de que todav\u00eda requiere un mayor refinamiento para usos espec\u00edficos, debido a su alto contenido en carbono y a su densidad energ\u00e9tica, el coque de petr\u00f3leo verde tiene diversas aplicaciones industriales.<\/p>","protected":false},"featured_media":7061,"template":"","meta":[],"product_brand":[],"product_cat":[40],"product_tag":[],"class_list":{"0":"post-7060","1":"product","2":"type-product","3":"status-publish","4":"has-post-thumbnail","6":"product_cat-petroleum-coke","8":"first","9":"instock","10":"shipping-taxable","11":"product-type-simple"},"yoast_head":"<!-- This site is optimized with the Yoast SEO Premium plugin v19.2.1 (Yoast SEO v25.3) - https:\/\/yoast.com\/wordpress\/plugins\/seo\/ -->\n<title>Green Delayed Petroleum Coke | Jinsun Carbon<\/title>\n<meta name=\"robots\" content=\"index, follow, max-snippet:-1, max-image-preview:large, max-video-preview:-1\" \/>\n<link rel=\"canonical\" href=\"https:\/\/jinsuncarbon.com\/es_ar\/producto\/coque-de-petroleo-verde-retardado\/\" \/>\n<meta property=\"og:locale\" content=\"es_ES\" \/>\n<meta property=\"og:type\" content=\"article\" \/>\n<meta property=\"og:title\" content=\"Green Delayed Petroleum Coke\" \/>\n<meta property=\"og:description\" content=\"Green petroleum coke (green petcoke) is a dense solid carbonaceous material produced by heating crude oil. It is generated from heavy oils as a lower value end product during delayed coking, a process for treating heavy oils to produce lighter oil fractions. The \u201cgreen\u201d label applies to petcoke in its crude state, as it hasn\u2019t been further refined to eliminate sulfur and volatile organic compounds. Despite still requiring further refinement for specific uses, due to its high carbon content and energy density, green petcoke has diverse industrial applications.\" \/>\n<meta property=\"og:url\" content=\"https:\/\/jinsuncarbon.com\/es_ar\/producto\/coque-de-petroleo-verde-retardado\/\" \/>\n<meta property=\"og:site_name\" content=\"Jinsun Carbon\" \/>\n<meta property=\"article:publisher\" content=\"https:\/\/www.facebook.com\/Graphite-Electrode-109336238661595\" \/>\n<meta property=\"article:modified_time\" content=\"2024-12-18T13:09:24+00:00\" \/>\n<meta property=\"og:image\" content=\"https:\/\/jinsuncarbon.com\/wp-content\/uploads\/2024\/12\/Green-delayed-petroleum-coke.jpg\" \/>\n\t<meta property=\"og:image:width\" content=\"1024\" \/>\n\t<meta property=\"og:image:height\" content=\"763\" \/>\n\t<meta property=\"og:image:type\" content=\"image\/jpeg\" \/>\n<meta name=\"twitter:card\" content=\"summary_large_image\" \/>\n<meta name=\"twitter:site\" content=\"@jinsuncarbon_\" \/>\n<meta name=\"twitter:label1\" content=\"Tiempo de lectura\" \/>\n\t<meta name=\"twitter:data1\" content=\"4 minutos\" \/>\n<script type=\"application\/ld+json\" class=\"yoast-schema-graph\">{\"@context\":\"https:\/\/schema.org\",\"@graph\":[{\"@type\":\"WebPage\",\"@id\":\"https:\/\/jinsuncarbon.com\/product\/green-delayed-petroleum-coke\/\",\"url\":\"https:\/\/jinsuncarbon.com\/product\/green-delayed-petroleum-coke\/\",\"name\":\"Green Delayed Petroleum Coke | Jinsun Carbon\",\"isPartOf\":{\"@id\":\"https:\/\/jinsuncarbon.com\/#website\"},\"primaryImageOfPage\":{\"@id\":\"https:\/\/jinsuncarbon.com\/product\/green-delayed-petroleum-coke\/#primaryimage\"},\"image\":{\"@id\":\"https:\/\/jinsuncarbon.com\/product\/green-delayed-petroleum-coke\/#primaryimage\"},\"thumbnailUrl\":\"https:\/\/jinsuncarbon.com\/wp-content\/uploads\/2024\/12\/Green-delayed-petroleum-coke.jpg\",\"datePublished\":\"2024-12-18T13:09:23+00:00\",\"dateModified\":\"2024-12-18T13:09:24+00:00\",\"breadcrumb\":{\"@id\":\"https:\/\/jinsuncarbon.com\/product\/green-delayed-petroleum-coke\/#breadcrumb\"},\"inLanguage\":\"es-AR\",\"potentialAction\":[{\"@type\":\"ReadAction\",\"target\":[\"https:\/\/jinsuncarbon.com\/product\/green-delayed-petroleum-coke\/\"]}]},{\"@type\":\"ImageObject\",\"inLanguage\":\"es-AR\",\"@id\":\"https:\/\/jinsuncarbon.com\/product\/green-delayed-petroleum-coke\/#primaryimage\",\"url\":\"https:\/\/jinsuncarbon.com\/wp-content\/uploads\/2024\/12\/Green-delayed-petroleum-coke.jpg\",\"contentUrl\":\"https:\/\/jinsuncarbon.com\/wp-content\/uploads\/2024\/12\/Green-delayed-petroleum-coke.jpg\",\"width\":1024,\"height\":763,\"caption\":\"Green delayed petroleum coke\"},{\"@type\":\"BreadcrumbList\",\"@id\":\"https:\/\/jinsuncarbon.com\/product\/green-delayed-petroleum-coke\/#breadcrumb\",\"itemListElement\":[{\"@type\":\"ListItem\",\"position\":1,\"name\":\"Home\",\"item\":\"https:\/\/jinsuncarbon.com\/\"},{\"@type\":\"ListItem\",\"position\":2,\"name\":\"Products\",\"item\":\"https:\/\/jinsuncarbon.com\/graphite-carbon\/\"},{\"@type\":\"ListItem\",\"position\":3,\"name\":\"Green Delayed Petroleum Coke\"}]},{\"@type\":\"WebSite\",\"@id\":\"https:\/\/jinsuncarbon.com\/#website\",\"url\":\"https:\/\/jinsuncarbon.com\/\",\"name\":\"Jinsun Carbon\",\"description\":\"We are the successful graphite electrode manufacturer in China\",\"publisher\":{\"@id\":\"https:\/\/jinsuncarbon.com\/#organization\"},\"potentialAction\":[{\"@type\":\"SearchAction\",\"target\":{\"@type\":\"EntryPoint\",\"urlTemplate\":\"https:\/\/jinsuncarbon.com\/?s={search_term_string}\"},\"query-input\":{\"@type\":\"PropertyValueSpecification\",\"valueRequired\":true,\"valueName\":\"search_term_string\"}}],\"inLanguage\":\"es-AR\"},{\"@type\":\"Organization\",\"@id\":\"https:\/\/jinsuncarbon.com\/#organization\",\"name\":\"Jinsun Carbon\",\"alternateName\":\"Jinsun Carbon\",\"url\":\"https:\/\/jinsuncarbon.com\/\",\"logo\":{\"@type\":\"ImageObject\",\"inLanguage\":\"es-AR\",\"@id\":\"https:\/\/jinsuncarbon.com\/#\/schema\/logo\/image\/\",\"url\":\"https:\/\/jinsuncarbon.com\/wp-content\/uploads\/2022\/12\/LOGO-1.png\",\"contentUrl\":\"https:\/\/jinsuncarbon.com\/wp-content\/uploads\/2022\/12\/LOGO-1.png\",\"width\":207,\"height\":80,\"caption\":\"Jinsun Carbon\"},\"image\":{\"@id\":\"https:\/\/jinsuncarbon.com\/#\/schema\/logo\/image\/\"},\"sameAs\":[\"https:\/\/www.facebook.com\/Graphite-Electrode-109336238661595\",\"https:\/\/x.com\/jinsuncarbon_\",\"https:\/\/www.linkedin.com\/in\/jinsungraphite\",\"https:\/\/www.youtube.com\/channel\/UCysDNyvyR5-3cCWEmpkVC0g\"]}]}<\/script>\n<!-- \/ Yoast SEO Premium plugin. -->","yoast_head_json":{"title":"Coque de petr\u00f3leo verde retardado | Jinsun Carbon","robots":{"index":"index","follow":"follow","max-snippet":"max-snippet:-1","max-image-preview":"max-image-preview:large","max-video-preview":"max-video-preview:-1"},"canonical":"https:\/\/jinsuncarbon.com\/es_ar\/producto\/coque-de-petroleo-verde-retardado\/","og_locale":"es_ES","og_type":"article","og_title":"Green Delayed Petroleum Coke","og_description":"Green petroleum coke (green petcoke) is a dense solid carbonaceous material produced by heating crude oil. It is generated from heavy oils as a lower value end product during delayed coking, a process for treating heavy oils to produce lighter oil fractions. The \u201cgreen\u201d label applies to petcoke in its crude state, as it hasn\u2019t been further refined to eliminate sulfur and volatile organic compounds. Despite still requiring further refinement for specific uses, due to its high carbon content and energy density, green petcoke has diverse industrial applications.","og_url":"https:\/\/jinsuncarbon.com\/es_ar\/producto\/coque-de-petroleo-verde-retardado\/","og_site_name":"Jinsun Carbon","article_publisher":"https:\/\/www.facebook.com\/Graphite-Electrode-109336238661595","article_modified_time":"2024-12-18T13:09:24+00:00","og_image":[{"width":1024,"height":763,"url":"https:\/\/jinsuncarbon.com\/wp-content\/uploads\/2024\/12\/Green-delayed-petroleum-coke.jpg","type":"image\/jpeg"}],"twitter_card":"summary_large_image","twitter_site":"@jinsuncarbon_","twitter_misc":{"Tiempo de lectura":"4 minutos"},"schema":{"@context":"https:\/\/schema.org","@graph":[{"@type":"WebPage","@id":"https:\/\/jinsuncarbon.com\/product\/green-delayed-petroleum-coke\/","url":"https:\/\/jinsuncarbon.com\/product\/green-delayed-petroleum-coke\/","name":"Coque de petr\u00f3leo verde retardado | Jinsun Carbon","isPartOf":{"@id":"https:\/\/jinsuncarbon.com\/#website"},"primaryImageOfPage":{"@id":"https:\/\/jinsuncarbon.com\/product\/green-delayed-petroleum-coke\/#primaryimage"},"image":{"@id":"https:\/\/jinsuncarbon.com\/product\/green-delayed-petroleum-coke\/#primaryimage"},"thumbnailUrl":"https:\/\/jinsuncarbon.com\/wp-content\/uploads\/2024\/12\/Green-delayed-petroleum-coke.jpg","datePublished":"2024-12-18T13:09:23+00:00","dateModified":"2024-12-18T13:09:24+00:00","breadcrumb":{"@id":"https:\/\/jinsuncarbon.com\/product\/green-delayed-petroleum-coke\/#breadcrumb"},"inLanguage":"es-AR","potentialAction":[{"@type":"ReadAction","target":["https:\/\/jinsuncarbon.com\/product\/green-delayed-petroleum-coke\/"]}]},{"@type":"ImageObject","inLanguage":"es-AR","@id":"https:\/\/jinsuncarbon.com\/product\/green-delayed-petroleum-coke\/#primaryimage","url":"https:\/\/jinsuncarbon.com\/wp-content\/uploads\/2024\/12\/Green-delayed-petroleum-coke.jpg","contentUrl":"https:\/\/jinsuncarbon.com\/wp-content\/uploads\/2024\/12\/Green-delayed-petroleum-coke.jpg","width":1024,"height":763,"caption":"Green delayed petroleum coke"},{"@type":"BreadcrumbList","@id":"https:\/\/jinsuncarbon.com\/product\/green-delayed-petroleum-coke\/#breadcrumb","itemListElement":[{"@type":"ListItem","position":1,"name":"Home","item":"https:\/\/jinsuncarbon.com\/"},{"@type":"ListItem","position":2,"name":"Products","item":"https:\/\/jinsuncarbon.com\/graphite-carbon\/"},{"@type":"ListItem","position":3,"name":"Green Delayed Petroleum Coke"}]},{"@type":"WebSite","@id":"https:\/\/jinsuncarbon.com\/#website","url":"https:\/\/jinsuncarbon.com\/","name":"Jinsun Carbon","description":"Somos el fabricante de electrodos de grafito con m\u00e1s \u00e9xito de China","publisher":{"@id":"https:\/\/jinsuncarbon.com\/#organization"},"potentialAction":[{"@type":"SearchAction","target":{"@type":"EntryPoint","urlTemplate":"https:\/\/jinsuncarbon.com\/?s={search_term_string}"},"query-input":{"@type":"PropertyValueSpecification","valueRequired":true,"valueName":"search_term_string"}}],"inLanguage":"es-AR"},{"@type":"Organization","@id":"https:\/\/jinsuncarbon.com\/#organization","name":"Jinsun Carbon","alternateName":"Jinsun Carbon","url":"https:\/\/jinsuncarbon.com\/","logo":{"@type":"ImageObject","inLanguage":"es-AR","@id":"https:\/\/jinsuncarbon.com\/#\/schema\/logo\/image\/","url":"https:\/\/jinsuncarbon.com\/wp-content\/uploads\/2022\/12\/LOGO-1.png","contentUrl":"https:\/\/jinsuncarbon.com\/wp-content\/uploads\/2022\/12\/LOGO-1.png","width":207,"height":80,"caption":"Jinsun Carbon"},"image":{"@id":"https:\/\/jinsuncarbon.com\/#\/schema\/logo\/image\/"},"sameAs":["https:\/\/www.facebook.com\/Graphite-Electrode-109336238661595","https:\/\/x.com\/jinsuncarbon_","https:\/\/www.linkedin.com\/in\/jinsungraphite","https:\/\/www.youtube.com\/channel\/UCysDNyvyR5-3cCWEmpkVC0g"]}]}},"_links":{"self":[{"href":"https:\/\/jinsuncarbon.com\/es_ar\/wp-json\/wp\/v2\/product\/7060","targetHints":{"allow":["GET"]}}],"collection":[{"href":"https:\/\/jinsuncarbon.com\/es_ar\/wp-json\/wp\/v2\/product"}],"about":[{"href":"https:\/\/jinsuncarbon.com\/es_ar\/wp-json\/wp\/v2\/types\/product"}],"wp:featuredmedia":[{"embeddable":true,"href":"https:\/\/jinsuncarbon.com\/es_ar\/wp-json\/wp\/v2\/media\/7061"}],"wp:attachment":[{"href":"https:\/\/jinsuncarbon.com\/es_ar\/wp-json\/wp\/v2\/media?parent=7060"}],"wp:term":[{"taxonomy":"product_brand","embeddable":true,"href":"https:\/\/jinsuncarbon.com\/es_ar\/wp-json\/wp\/v2\/product_brand?post=7060"},{"taxonomy":"product_cat","embeddable":true,"href":"https:\/\/jinsuncarbon.com\/es_ar\/wp-json\/wp\/v2\/product_cat?post=7060"},{"taxonomy":"product_tag","embeddable":true,"href":"https:\/\/jinsuncarbon.com\/es_ar\/wp-json\/wp\/v2\/product_tag?post=7060"}],"curies":[{"name":"wp","href":"https:\/\/api.w.org\/{rel}","templated":true}]}}