{"id":6860,"date":"2024-11-30T08:51:26","date_gmt":"2024-11-30T08:51:26","guid":{"rendered":"https:\/\/jinsuncarbon.com\/?post_type=product&#038;p=6860"},"modified":"2024-12-05T01:58:32","modified_gmt":"2024-12-05T01:58:32","slug":"lingote-de-grafito","status":"publish","type":"product","link":"https:\/\/jinsuncarbon.com\/es_ar\/producto\/lingote-de-grafito\/","title":{"rendered":"Lingote de grafito"},"content":{"rendered":"<h2>Fabricante de lingotes de grafito<\/h2>\n<p>Los lingotes de grafito tienen varias caracter\u00edsticas clave que los hacen \u00fatiles en diversas industrias:<\/p>\n<ul>\n<li>Alta densidad: Los lingotes de grafito tienen una densidad aparente que oscila entre 1,78 y 1,9 g\/cm3. Esto les confiere una excelente resistencia mec\u00e1nica y a la compresi\u00f3n.<\/li>\n<\/ul>\n<p>&nbsp;<\/p>\n<ul>\n<li>\u00a0Bajo contenido en cenizas: El contenido en cenizas de los lingotes de grafito suele ser \u22640,15%. Esto garantiza una gran pureza y reduce la contaminaci\u00f3n en diversos procesos.<\/li>\n<\/ul>\n<p>&nbsp;<\/p>\n<ul>\n<li>Resistencia a la corrosi\u00f3n: El lingote de grafito tiene una excelente resistencia al impacto y a la corrosi\u00f3n \u00e1cida y alcalina. El rendimiento estable del lingote de grafito garantiza la fiabilidad del producto.<\/li>\n<\/ul>\n<p>&nbsp;<\/p>\n<ul>\n<li>El\u00e9ctrico: El grafito es un elemento de carbono con un alto grado de integridad reticular. Su forma reticular es similar a la de un panal de abejas y tiene excelentes propiedades el\u00e9ctricas. <a href=\"https:\/\/jinsuncarbon.com\/es_ar\/resistividad-electrica-del-grafito\/\">conductividad<\/a>. Aunque puede ser menos eficaz que los metales, su alta directividad y compresibilidad le permiten tener ventaja en algunas aplicaciones. Por ejemplo, el grafeno puede servir como pel\u00edcula conductora, sustituyendo a los metales para conseguir un mayor rendimiento de los dispositivos y reducir el coste de los materiales. El proceso de preparaci\u00f3n de las pel\u00edculas conductoras de grafeno es relativamente m\u00e1s f\u00e1cil y barato, lo que permite su producci\u00f3n en serie. En muchos casos, duran m\u00e1s que las pel\u00edculas met\u00e1licas.<\/li>\n<\/ul>\n<p>&nbsp;<\/p>\n<ul>\n<li>Material sostenible: Las lingoteras de grafito son muy duraderas y tienen una larga vida \u00fatil, lo que reduce la necesidad de sustituirlas con frecuencia y minimiza los residuos. Adem\u00e1s, el grafito se recicla, lo que proporciona un proceso de fabricaci\u00f3n m\u00e1s sostenible. As\u00ed, las lingoteras desechadas pueden reprocesarse y utilizarse para nuevas aplicaciones.<\/li>\n<\/ul>\n<p>&nbsp;<\/p>\n<p>El lingote de grafito tiene las caracter\u00edsticas de peque\u00f1a inercia t\u00e9rmica y r\u00e1pida capacidad de calentamiento. Puede resistir altas temperaturas y un buen choque t\u00e9rmico. Como los lingotes de grafito tienen una gran \u00e1rea de radiaci\u00f3n y una alta eficiencia de calentamiento, ofrecen un rendimiento b\u00e1sico estable.<\/p>\n<p>&nbsp;<\/p>\n<h2>Aplicaciones del lingote de grafito<\/h2>\n<p><strong>Metalurgia<\/strong>: La metalurgia utiliza lingotes de grafito para la fundici\u00f3n de precisi\u00f3n de metales como el aluminio e incluso metales de alto valor como el oro, la plata, el platino y el paladio. Gracias a su excelente conductividad t\u00e9rmica y a sus propiedades de autolubricaci\u00f3n, el lingote de grafito puede mejorar la velocidad de colada. Los lingotes de grafito pueden mejorar el rendimiento y la calidad del producto de muchas maneras. Garantizan un tama\u00f1o exacto, una superficie lisa y una estructura de cristalizaci\u00f3n uniforme.<\/p>\n<p><strong>Fabricaci\u00f3n de vidrio:<\/strong> La fabricaci\u00f3n de vidrio tambi\u00e9n utiliza mucho los lingotes de grafito. Por ejemplo, en la fabricaci\u00f3n de envases de vidrio y otros productos de vidrio. Puede enfriar el vidrio fundido sin agrietarse bajo un calor extremo.<\/p>\n<p><strong>Fabricaci\u00f3n de joyas:<\/strong> Los metales preciosos, como las joyas de oro y plata, requieren m\u00e1s cautela a la hora de fabricarlos. Las propiedades del grafito hacen que el proceso de personalizaci\u00f3n de lingotes sea relativamente f\u00e1cil. Puede enfriar metales preciosos fundidos sin que se agrieten bajo un calor extremo.<\/p>\n<p><strong>Colada continua de metales no f\u00e9rreos:<\/strong> Muchos fabricantes han utilizado con \u00e9xito material de grafito artificial en la fundici\u00f3n a presi\u00f3n de metales no ferrosos. La producci\u00f3n de aleaci\u00f3n de zinc y aleaci\u00f3n de cobre. <a href=\"https:\/\/www.merriam-webster.com\/dictionary\/casting\" target=\"_blank\" rel=\"noopener\">piezas de fundici\u00f3n<\/a> se han utilizado en piezas de automoci\u00f3n.<\/p>\n<p>&nbsp;<\/p>\n<h2>Especificaciones t\u00e9cnicas de los lingotes de grafito<\/h2>\n<p>El grafito de alta pureza es un tipo de material de carbono de gran pureza, y sus especificaciones t\u00e9cnicas var\u00edan seg\u00fan los distintos grados. A continuaci\u00f3n se indican los principales productos de grafito y sus indicadores correspondientes:<\/p>\n<p>&nbsp;<\/p>\n<p>1. LC50-99,9: tiene un alto contenido de carbono fijo, que alcanza 99,90%, y un contenido de agua muy bajo, s\u00f3lo 0,20%. Esta alta pureza lo hace adecuado para aplicaciones de sellado estrictas. Por ejemplo, como material de sellado de grafito flexible, lo que garantiza que mantenga un buen rendimiento en condiciones extremas.<\/p>\n<p>2. LC300-99.9: Su contenido de carbono fijo es ligeramente inferior, pero sigue siendo superior a 99,9%. Y el contenido de humedad se controla por debajo de 20,0%. Esto hace que los lingotes sean adecuados para ocasiones con altos requisitos de rendimiento de lubricaci\u00f3n. Por lo tanto, puede utilizarse como material de base para lubricantes.<\/p>\n<p>3. LC180-99,9 y LC(I)150-99,99: Estas calidades de grafito tambi\u00e9n tienen una alta pureza, contenido de humedad controlado dentro de 20,0%. Son adecuados para usos industriales espec\u00edficos. Por ejemplo, posiblemente como material que requiere mayor pureza y estabilidad.<\/p>","protected":false},"excerpt":{"rendered":"<p>Los lingotes de grafito son bloques de grafito de gran pureza conformados con formas espec\u00edficas, y muchas industrias los utilizan como moldes para fundir.<\/p>\n<p>Nuestros lingotes de grafito se producen mediante prensado isost\u00e1tico. Esto les permite tener las caracter\u00edsticas de alta resistencia, alta pureza, alta densidad, alta estabilidad qu\u00edmica y buenas propiedades f\u00edsicas. Adem\u00e1s, tambi\u00e9n podemos fabricar una variedad de moldes para lingotes de grafito, incluyendo lingotes personalizados para satisfacer sus diferentes necesidades.<\/p>","protected":false},"featured_media":6871,"template":"","meta":[],"product_brand":[],"product_cat":[38],"product_tag":[],"class_list":{"0":"post-6860","1":"product","2":"type-product","3":"status-publish","4":"has-post-thumbnail","6":"product_cat-graphite-products","8":"first","9":"instock","10":"shipping-taxable","11":"product-type-simple"},"yoast_head":"<!-- This site is optimized with the Yoast SEO Premium plugin v19.2.1 (Yoast SEO v25.3) - https:\/\/yoast.com\/wordpress\/plugins\/seo\/ -->\n<title>Graphite Ingot Manufacturer in China<\/title>\n<meta name=\"robots\" content=\"index, follow, max-snippet:-1, max-image-preview:large, max-video-preview:-1\" \/>\n<link rel=\"canonical\" href=\"https:\/\/jinsuncarbon.com\/es_ar\/producto\/lingote-de-grafito\/\" \/>\n<meta property=\"og:locale\" content=\"es_ES\" \/>\n<meta property=\"og:type\" content=\"article\" \/>\n<meta property=\"og:title\" content=\"Graphite Ingot\" \/>\n<meta property=\"og:description\" content=\"Graphite ingots are blocks of high purity graphite formed into specific shapes, and many industries use them as molds to casting.  Our graphite ingot is produced by isostatic pressing. This allows them to have the characteristics of high strength, high purity, high density, high chemical stability and good physical properties. Besides, we can also manufacture a variety of graphite ingot molds, including customized ingots to meet your different needs.\" \/>\n<meta property=\"og:url\" content=\"https:\/\/jinsuncarbon.com\/es_ar\/producto\/lingote-de-grafito\/\" \/>\n<meta property=\"og:site_name\" content=\"Jinsun Carbon\" \/>\n<meta property=\"article:publisher\" content=\"https:\/\/www.facebook.com\/Graphite-Electrode-109336238661595\" \/>\n<meta property=\"article:modified_time\" content=\"2024-12-05T01:58:32+00:00\" \/>\n<meta property=\"og:image\" content=\"https:\/\/jinsuncarbon.com\/wp-content\/uploads\/2024\/11\/Graphite-Ingot.jpg\" \/>\n\t<meta property=\"og:image:width\" content=\"1024\" \/>\n\t<meta property=\"og:image:height\" content=\"763\" \/>\n\t<meta property=\"og:image:type\" content=\"image\/jpeg\" \/>\n<meta name=\"twitter:card\" content=\"summary_large_image\" \/>\n<meta name=\"twitter:site\" content=\"@jinsuncarbon_\" \/>\n<meta name=\"twitter:label1\" content=\"Tiempo de lectura\" \/>\n\t<meta name=\"twitter:data1\" content=\"3 minutos\" \/>\n<script type=\"application\/ld+json\" class=\"yoast-schema-graph\">{\"@context\":\"https:\/\/schema.org\",\"@graph\":[{\"@type\":\"WebPage\",\"@id\":\"https:\/\/jinsuncarbon.com\/product\/graphite-ingot\/\",\"url\":\"https:\/\/jinsuncarbon.com\/product\/graphite-ingot\/\",\"name\":\"Graphite Ingot Manufacturer in China\",\"isPartOf\":{\"@id\":\"https:\/\/jinsuncarbon.com\/#website\"},\"primaryImageOfPage\":{\"@id\":\"https:\/\/jinsuncarbon.com\/product\/graphite-ingot\/#primaryimage\"},\"image\":{\"@id\":\"https:\/\/jinsuncarbon.com\/product\/graphite-ingot\/#primaryimage\"},\"thumbnailUrl\":\"https:\/\/jinsuncarbon.com\/wp-content\/uploads\/2024\/11\/Graphite-Ingot.jpg\",\"datePublished\":\"2024-11-30T08:51:26+00:00\",\"dateModified\":\"2024-12-05T01:58:32+00:00\",\"breadcrumb\":{\"@id\":\"https:\/\/jinsuncarbon.com\/product\/graphite-ingot\/#breadcrumb\"},\"inLanguage\":\"es-AR\",\"potentialAction\":[{\"@type\":\"ReadAction\",\"target\":[\"https:\/\/jinsuncarbon.com\/product\/graphite-ingot\/\"]}]},{\"@type\":\"ImageObject\",\"inLanguage\":\"es-AR\",\"@id\":\"https:\/\/jinsuncarbon.com\/product\/graphite-ingot\/#primaryimage\",\"url\":\"https:\/\/jinsuncarbon.com\/wp-content\/uploads\/2024\/11\/Graphite-Ingot.jpg\",\"contentUrl\":\"https:\/\/jinsuncarbon.com\/wp-content\/uploads\/2024\/11\/Graphite-Ingot.jpg\",\"width\":1024,\"height\":763,\"caption\":\"Graphite Ingot\"},{\"@type\":\"BreadcrumbList\",\"@id\":\"https:\/\/jinsuncarbon.com\/product\/graphite-ingot\/#breadcrumb\",\"itemListElement\":[{\"@type\":\"ListItem\",\"position\":1,\"name\":\"Home\",\"item\":\"https:\/\/jinsuncarbon.com\/\"},{\"@type\":\"ListItem\",\"position\":2,\"name\":\"Products\",\"item\":\"https:\/\/jinsuncarbon.com\/graphite-carbon\/\"},{\"@type\":\"ListItem\",\"position\":3,\"name\":\"Graphite Ingot\"}]},{\"@type\":\"WebSite\",\"@id\":\"https:\/\/jinsuncarbon.com\/#website\",\"url\":\"https:\/\/jinsuncarbon.com\/\",\"name\":\"Jinsun Carbon\",\"description\":\"We are the successful graphite electrode manufacturer in China\",\"publisher\":{\"@id\":\"https:\/\/jinsuncarbon.com\/#organization\"},\"potentialAction\":[{\"@type\":\"SearchAction\",\"target\":{\"@type\":\"EntryPoint\",\"urlTemplate\":\"https:\/\/jinsuncarbon.com\/?s={search_term_string}\"},\"query-input\":{\"@type\":\"PropertyValueSpecification\",\"valueRequired\":true,\"valueName\":\"search_term_string\"}}],\"inLanguage\":\"es-AR\"},{\"@type\":\"Organization\",\"@id\":\"https:\/\/jinsuncarbon.com\/#organization\",\"name\":\"Jinsun Carbon\",\"alternateName\":\"Jinsun Carbon\",\"url\":\"https:\/\/jinsuncarbon.com\/\",\"logo\":{\"@type\":\"ImageObject\",\"inLanguage\":\"es-AR\",\"@id\":\"https:\/\/jinsuncarbon.com\/#\/schema\/logo\/image\/\",\"url\":\"https:\/\/jinsuncarbon.com\/wp-content\/uploads\/2022\/12\/LOGO-1.png\",\"contentUrl\":\"https:\/\/jinsuncarbon.com\/wp-content\/uploads\/2022\/12\/LOGO-1.png\",\"width\":207,\"height\":80,\"caption\":\"Jinsun Carbon\"},\"image\":{\"@id\":\"https:\/\/jinsuncarbon.com\/#\/schema\/logo\/image\/\"},\"sameAs\":[\"https:\/\/www.facebook.com\/Graphite-Electrode-109336238661595\",\"https:\/\/x.com\/jinsuncarbon_\",\"https:\/\/www.linkedin.com\/in\/jinsungraphite\",\"https:\/\/www.youtube.com\/channel\/UCysDNyvyR5-3cCWEmpkVC0g\"]}]}<\/script>\n<!-- \/ Yoast SEO Premium plugin. -->","yoast_head_json":{"title":"Fabricante de lingotes de grafito en China","robots":{"index":"index","follow":"follow","max-snippet":"max-snippet:-1","max-image-preview":"max-image-preview:large","max-video-preview":"max-video-preview:-1"},"canonical":"https:\/\/jinsuncarbon.com\/es_ar\/producto\/lingote-de-grafito\/","og_locale":"es_ES","og_type":"article","og_title":"Graphite Ingot","og_description":"Graphite ingots are blocks of high purity graphite formed into specific shapes, and many industries use them as molds to casting.  Our graphite ingot is produced by isostatic pressing. This allows them to have the characteristics of high strength, high purity, high density, high chemical stability and good physical properties. Besides, we can also manufacture a variety of graphite ingot molds, including customized ingots to meet your different needs.","og_url":"https:\/\/jinsuncarbon.com\/es_ar\/producto\/lingote-de-grafito\/","og_site_name":"Jinsun Carbon","article_publisher":"https:\/\/www.facebook.com\/Graphite-Electrode-109336238661595","article_modified_time":"2024-12-05T01:58:32+00:00","og_image":[{"width":1024,"height":763,"url":"https:\/\/jinsuncarbon.com\/wp-content\/uploads\/2024\/11\/Graphite-Ingot.jpg","type":"image\/jpeg"}],"twitter_card":"summary_large_image","twitter_site":"@jinsuncarbon_","twitter_misc":{"Tiempo de lectura":"3 minutos"},"schema":{"@context":"https:\/\/schema.org","@graph":[{"@type":"WebPage","@id":"https:\/\/jinsuncarbon.com\/product\/graphite-ingot\/","url":"https:\/\/jinsuncarbon.com\/product\/graphite-ingot\/","name":"Fabricante de lingotes de grafito en China","isPartOf":{"@id":"https:\/\/jinsuncarbon.com\/#website"},"primaryImageOfPage":{"@id":"https:\/\/jinsuncarbon.com\/product\/graphite-ingot\/#primaryimage"},"image":{"@id":"https:\/\/jinsuncarbon.com\/product\/graphite-ingot\/#primaryimage"},"thumbnailUrl":"https:\/\/jinsuncarbon.com\/wp-content\/uploads\/2024\/11\/Graphite-Ingot.jpg","datePublished":"2024-11-30T08:51:26+00:00","dateModified":"2024-12-05T01:58:32+00:00","breadcrumb":{"@id":"https:\/\/jinsuncarbon.com\/product\/graphite-ingot\/#breadcrumb"},"inLanguage":"es-AR","potentialAction":[{"@type":"ReadAction","target":["https:\/\/jinsuncarbon.com\/product\/graphite-ingot\/"]}]},{"@type":"ImageObject","inLanguage":"es-AR","@id":"https:\/\/jinsuncarbon.com\/product\/graphite-ingot\/#primaryimage","url":"https:\/\/jinsuncarbon.com\/wp-content\/uploads\/2024\/11\/Graphite-Ingot.jpg","contentUrl":"https:\/\/jinsuncarbon.com\/wp-content\/uploads\/2024\/11\/Graphite-Ingot.jpg","width":1024,"height":763,"caption":"Graphite Ingot"},{"@type":"BreadcrumbList","@id":"https:\/\/jinsuncarbon.com\/product\/graphite-ingot\/#breadcrumb","itemListElement":[{"@type":"ListItem","position":1,"name":"Home","item":"https:\/\/jinsuncarbon.com\/"},{"@type":"ListItem","position":2,"name":"Products","item":"https:\/\/jinsuncarbon.com\/graphite-carbon\/"},{"@type":"ListItem","position":3,"name":"Graphite Ingot"}]},{"@type":"WebSite","@id":"https:\/\/jinsuncarbon.com\/#website","url":"https:\/\/jinsuncarbon.com\/","name":"Jinsun Carbon","description":"Somos el fabricante de electrodos de grafito con m\u00e1s \u00e9xito de China","publisher":{"@id":"https:\/\/jinsuncarbon.com\/#organization"},"potentialAction":[{"@type":"SearchAction","target":{"@type":"EntryPoint","urlTemplate":"https:\/\/jinsuncarbon.com\/?s={search_term_string}"},"query-input":{"@type":"PropertyValueSpecification","valueRequired":true,"valueName":"search_term_string"}}],"inLanguage":"es-AR"},{"@type":"Organization","@id":"https:\/\/jinsuncarbon.com\/#organization","name":"Jinsun Carbon","alternateName":"Jinsun Carbon","url":"https:\/\/jinsuncarbon.com\/","logo":{"@type":"ImageObject","inLanguage":"es-AR","@id":"https:\/\/jinsuncarbon.com\/#\/schema\/logo\/image\/","url":"https:\/\/jinsuncarbon.com\/wp-content\/uploads\/2022\/12\/LOGO-1.png","contentUrl":"https:\/\/jinsuncarbon.com\/wp-content\/uploads\/2022\/12\/LOGO-1.png","width":207,"height":80,"caption":"Jinsun Carbon"},"image":{"@id":"https:\/\/jinsuncarbon.com\/#\/schema\/logo\/image\/"},"sameAs":["https:\/\/www.facebook.com\/Graphite-Electrode-109336238661595","https:\/\/x.com\/jinsuncarbon_","https:\/\/www.linkedin.com\/in\/jinsungraphite","https:\/\/www.youtube.com\/channel\/UCysDNyvyR5-3cCWEmpkVC0g"]}]}},"_links":{"self":[{"href":"https:\/\/jinsuncarbon.com\/es_ar\/wp-json\/wp\/v2\/product\/6860","targetHints":{"allow":["GET"]}}],"collection":[{"href":"https:\/\/jinsuncarbon.com\/es_ar\/wp-json\/wp\/v2\/product"}],"about":[{"href":"https:\/\/jinsuncarbon.com\/es_ar\/wp-json\/wp\/v2\/types\/product"}],"wp:featuredmedia":[{"embeddable":true,"href":"https:\/\/jinsuncarbon.com\/es_ar\/wp-json\/wp\/v2\/media\/6871"}],"wp:attachment":[{"href":"https:\/\/jinsuncarbon.com\/es_ar\/wp-json\/wp\/v2\/media?parent=6860"}],"wp:term":[{"taxonomy":"product_brand","embeddable":true,"href":"https:\/\/jinsuncarbon.com\/es_ar\/wp-json\/wp\/v2\/product_brand?post=6860"},{"taxonomy":"product_cat","embeddable":true,"href":"https:\/\/jinsuncarbon.com\/es_ar\/wp-json\/wp\/v2\/product_cat?post=6860"},{"taxonomy":"product_tag","embeddable":true,"href":"https:\/\/jinsuncarbon.com\/es_ar\/wp-json\/wp\/v2\/product_tag?post=6860"}],"curies":[{"name":"wp","href":"https:\/\/api.w.org\/{rel}","templated":true}]}}