{"id":6797,"date":"2024-11-25T11:28:34","date_gmt":"2024-11-25T11:28:34","guid":{"rendered":"https:\/\/jinsuncarbon.com\/?post_type=product&#038;p=6797"},"modified":"2024-12-01T12:55:15","modified_gmt":"2024-12-01T12:55:15","slug":"hoja-de-grafito-flexible","status":"publish","type":"product","link":"https:\/\/jinsuncarbon.com\/es_ar\/producto\/hoja-de-grafito-flexible\/","title":{"rendered":"L\u00e1mina de grafito flexible"},"content":{"rendered":"<p>La preparaci\u00f3n de l\u00e1minas de grafito flexible suele comenzar con la acidificaci\u00f3n del grafito natural para eliminar impurezas. Esto permite la formaci\u00f3n de compuestos intercalares de grafito. A continuaci\u00f3n, tras el lavado, el secado y otros pasos, se utiliza la tecnolog\u00eda de hinchado a alta temperatura. Bajo la acci\u00f3n de la alta temperatura instant\u00e1nea (generalmente hasta 1000\u2103 o m\u00e1s), los compuestos intercalares de grafito se descomponen r\u00e1pidamente para producir gas. Por lo tanto, el grafito a lo largo de la direcci\u00f3n de expansi\u00f3n entre capas forma grafito expandido en forma de gusano. Finalmente, convertimos el grafito expandido en l\u00e1minas de grafito flexibles con cierto grosor y resistencia mediante laminaci\u00f3n, laminaci\u00f3n y otros m\u00e9todos de procesamiento mec\u00e1nico.<\/p>\n<p>&nbsp;<\/p>\n<p>Seg\u00fan sus necesidades individuales, podemos adaptarlo con precisi\u00f3n a cualquier tama\u00f1o y forma que necesite mediante corte profesional, moldeado y otros procesamientos finos. Ya se trate de las necesidades de sellado de peque\u00f1os espacios o de los requisitos de disipaci\u00f3n de calor de zonas de calentamiento irregulares, las l\u00e1minas de grafito flexible pueden resolverse f\u00e1cilmente. Esto proporciona soluciones de material eficaces, fiables y personalizadas para su producci\u00f3n industrial o sus proyectos de investigaci\u00f3n y desarrollo cient\u00edfico y tecnol\u00f3gico. La elecci\u00f3n ideal para su b\u00fasqueda de calidad superior y aplicaciones \u00fanicas.<\/p>\n<p>&nbsp;<\/p>\n<h2>Ventajas de las l\u00e1minas de grafito flexible<\/h2>\n<ul>\n<li>Excelente conductividad t\u00e9rmica. La conductividad t\u00e9rmica de la l\u00e1mina de grafito flexible es alta. Puede conducir r\u00e1pidamente el calor. Y puede reducir eficazmente la temperatura de componentes clave como los chips en el campo de la disipaci\u00f3n de calor de equipos electr\u00f3nicos. Esto garantiza el funcionamiento estable del equipo y evita la degradaci\u00f3n del rendimiento o los fallos causados por el sobrecalentamiento.<\/li>\n<\/ul>\n<p>&nbsp;<\/p>\n<ul>\n<li>Excelente resistencia a altas temperaturas. Puede seguir trabajando en un entorno de alta temperatura. Y puede soportar miles de grados de alta temperatura en una atm\u00f3sfera inerte, adecuada para el aislamiento de hornos de alta temperatura, revestimiento refractario, etc. Adem\u00e1s, puede mantener la integridad estructural y un rendimiento estable en condiciones extremas de alta temperatura.<\/li>\n<\/ul>\n<p>&nbsp;<\/p>\n<ul>\n<li>Buena estabilidad qu\u00edmica. Tolera bien los \u00e1cidos fuertes, los \u00e1lcalis fuertes y la mayor\u00eda de los disolventes org\u00e1nicos. En los sectores qu\u00edmico, farmac\u00e9utico y otros entornos industriales corrosivos, puede utilizarse como revestimiento resistente a la corrosi\u00f3n, junta y otros materiales. Estos prevenir eficazmente la erosi\u00f3n de los medios qu\u00edmicos en el equipo.<\/li>\n<\/ul>\n<p>&nbsp;<\/p>\n<ul>\n<li>Excelente flexibilidad y procesabilidad. Podemos cortarlo, doblarlo y plegarlo en una variedad de formas complejas con facilidad. Esto resulta conveniente para su instalaci\u00f3n y uso en componentes de equipos de diferentes formas. Como el sellado de tuber\u00edas de forma especial y la forma irregular del m\u00f3dulo de refrigeraci\u00f3n.<\/li>\n<\/ul>\n<p>&nbsp;<\/p>\n<ul>\n<li>Baja densidad. El peso ligero puede satisfacer las necesidades de rendimiento del material. (En los escenarios de aplicaci\u00f3n con estrictas restricciones de peso. Tales como equipos aeroespaciales, equipos electr\u00f3nicos port\u00e1tiles, etc.) Y tambi\u00e9n puede reducir el peso total, reducir el consumo de energ\u00eda.<\/li>\n<\/ul>\n<p>&nbsp;<\/p>\n<h2>Principales aplicaciones<\/h2>\n<p><strong>Electr\u00f3nica y comunicaciones<\/strong>. En tel\u00e9fonos inteligentes, ordenadores y otros equipos electr\u00f3nicos, las l\u00e1minas de grafito flexible se utilizan ampliamente como materiales de disipaci\u00f3n del calor. Adheridas a <a href=\"https:\/\/en.wikipedia.org\/wiki\/CHiPs\" target=\"_blank\" rel=\"noopener\">chips<\/a>, bater\u00edas y otras piezas calefactoras, el calor se disipa r\u00e1pidamente. Esto garantiza que la temperatura del equipo sea estable en condiciones de funcionamiento de alto rendimiento. En los equipos como el amplificador de potencia de la estaci\u00f3n base de comunicaciones, su buena conductividad t\u00e9rmica y su alta resistencia a la temperatura tambi\u00e9n se utilizan para garantizar el funcionamiento normal y la vida \u00fatil del equipo.<\/p>\n<p>&nbsp;<\/p>\n<p><strong>Industria energ\u00e9tica<\/strong>. En las bater\u00edas de iones de litio, podemos utilizarlo como aditivo para <a href=\"https:\/\/jinsuncarbon.com\/es_ar\/producto\/electrodo-de-varilla-de-grafito\/\">electrodo<\/a> materiales o un material de revestimiento para la recogida de fluidos. Esto mejora\u00a0<a href=\"https:\/\/en.wikipedia.org\/wiki\/Electric_battery\" target=\"_blank\" rel=\"noopener\">bater\u00eda<\/a> rendimiento de carga y descarga y vida \u00fatil del ciclo. En las pilas de combustible, podemos utilizarlo como material sellante y conductor de las placas bipolares para mejorar el rendimiento general y la estabilidad de las pilas de combustible.<\/p>\n<p>&nbsp;<\/p>\n<p><strong>Fabricaci\u00f3n de maquinaria e industria del autom\u00f3vil<\/strong>. En la junta de culata, escape <a href=\"https:\/\/jinsuncarbon.com\/es_ar\/producto\/tubo-de-grafito-en-venta\/\">tubo<\/a> juntas y otras piezas del motor del autom\u00f3vil, tambi\u00e9n podemos utilizarlo. La l\u00e1mina de grafito flexible utiliza su resistencia a altas temperaturas y su buen rendimiento de sellado para evitar fugas de gases y l\u00edquidos. Y garantiza el funcionamiento eficaz del motor. El enlace de sellado de varios equipos de alta temperatura y alta presi\u00f3n en la fabricaci\u00f3n mec\u00e1nica, como compresores, v\u00e1lvulas de bombas, etc., tambi\u00e9n desempe\u00f1a un papel de sellado clave. Reduce los costes de mantenimiento de los equipos y mejora la fiabilidad del funcionamiento.<\/p>","protected":false},"excerpt":{"rendered":"<p>La l\u00e1mina de grafito flexible es un material muy caracter\u00edstico. Se fabrica principalmente con grafito natural de alta calidad como material de partida y se crea cuidadosamente mediante una tecnolog\u00eda especial. En las l\u00e1minas de grafito flexible de alta calidad, el contenido de carbono se mantiene en 95% o m\u00e1s. Esto garantiza un rendimiento excelente. Las l\u00e1minas de grafito flexible se presentan principalmente en forma de hoja, que puede ajustarse perfectamente a la superficie de diversas formas complejas de piezas.<\/p>","protected":false},"featured_media":6810,"template":"","meta":[],"product_brand":[],"product_cat":[38],"product_tag":[],"class_list":{"0":"post-6797","1":"product","2":"type-product","3":"status-publish","4":"has-post-thumbnail","6":"product_cat-graphite-products","8":"first","9":"instock","10":"shipping-taxable","11":"product-type-simple"},"yoast_head":"<!-- This site is optimized with the Yoast SEO Premium plugin v19.2.1 (Yoast SEO v25.3) - https:\/\/yoast.com\/wordpress\/plugins\/seo\/ -->\n<title>Flexible Graphite Sheet Manufacturer | Jinsun Carbon<\/title>\n<meta name=\"description\" content=\"Flexible graphite sheet is a very characteristic sheet material. It is mainly made of high quality natural graphite as the source material and carefully created by special technology.\" \/>\n<meta name=\"robots\" content=\"index, follow, max-snippet:-1, max-image-preview:large, max-video-preview:-1\" \/>\n<link rel=\"canonical\" href=\"https:\/\/jinsuncarbon.com\/es_ar\/producto\/hoja-de-grafito-flexible\/\" \/>\n<meta property=\"og:locale\" content=\"es_ES\" \/>\n<meta property=\"og:type\" content=\"article\" \/>\n<meta property=\"og:title\" content=\"Flexible Graphite Sheet\" \/>\n<meta property=\"og:description\" content=\"Flexible graphite sheet is a very characteristic sheet material. It is mainly made of high quality natural graphite as the source material and carefully created by special technology.\" \/>\n<meta property=\"og:url\" content=\"https:\/\/jinsuncarbon.com\/es_ar\/producto\/hoja-de-grafito-flexible\/\" \/>\n<meta property=\"og:site_name\" content=\"Jinsun Carbon\" \/>\n<meta property=\"article:publisher\" content=\"https:\/\/www.facebook.com\/Graphite-Electrode-109336238661595\" \/>\n<meta property=\"article:modified_time\" content=\"2024-12-01T12:55:15+00:00\" \/>\n<meta property=\"og:image\" content=\"https:\/\/jinsuncarbon.com\/wp-content\/uploads\/2024\/11\/WechatIMG1547.jpg\" \/>\n\t<meta property=\"og:image:width\" content=\"1024\" \/>\n\t<meta property=\"og:image:height\" content=\"763\" \/>\n\t<meta property=\"og:image:type\" content=\"image\/jpeg\" \/>\n<meta name=\"twitter:card\" content=\"summary_large_image\" \/>\n<meta name=\"twitter:site\" content=\"@jinsuncarbon_\" \/>\n<meta name=\"twitter:label1\" content=\"Tiempo de lectura\" \/>\n\t<meta name=\"twitter:data1\" content=\"4 minutos\" \/>\n<script type=\"application\/ld+json\" class=\"yoast-schema-graph\">{\"@context\":\"https:\/\/schema.org\",\"@graph\":[{\"@type\":\"WebPage\",\"@id\":\"https:\/\/jinsuncarbon.com\/product\/flexible-graphite-sheet\/\",\"url\":\"https:\/\/jinsuncarbon.com\/product\/flexible-graphite-sheet\/\",\"name\":\"Flexible Graphite Sheet Manufacturer | Jinsun Carbon\",\"isPartOf\":{\"@id\":\"https:\/\/jinsuncarbon.com\/#website\"},\"primaryImageOfPage\":{\"@id\":\"https:\/\/jinsuncarbon.com\/product\/flexible-graphite-sheet\/#primaryimage\"},\"image\":{\"@id\":\"https:\/\/jinsuncarbon.com\/product\/flexible-graphite-sheet\/#primaryimage\"},\"thumbnailUrl\":\"https:\/\/jinsuncarbon.com\/wp-content\/uploads\/2024\/11\/WechatIMG1547.jpg\",\"datePublished\":\"2024-11-25T11:28:34+00:00\",\"dateModified\":\"2024-12-01T12:55:15+00:00\",\"description\":\"Flexible graphite sheet is a very characteristic sheet material. It is mainly made of high quality natural graphite as the source material and carefully created by special technology.\",\"breadcrumb\":{\"@id\":\"https:\/\/jinsuncarbon.com\/product\/flexible-graphite-sheet\/#breadcrumb\"},\"inLanguage\":\"es-AR\",\"potentialAction\":[{\"@type\":\"ReadAction\",\"target\":[\"https:\/\/jinsuncarbon.com\/product\/flexible-graphite-sheet\/\"]}]},{\"@type\":\"ImageObject\",\"inLanguage\":\"es-AR\",\"@id\":\"https:\/\/jinsuncarbon.com\/product\/flexible-graphite-sheet\/#primaryimage\",\"url\":\"https:\/\/jinsuncarbon.com\/wp-content\/uploads\/2024\/11\/WechatIMG1547.jpg\",\"contentUrl\":\"https:\/\/jinsuncarbon.com\/wp-content\/uploads\/2024\/11\/WechatIMG1547.jpg\",\"width\":1024,\"height\":763,\"caption\":\"Flexible graphite sheet\"},{\"@type\":\"BreadcrumbList\",\"@id\":\"https:\/\/jinsuncarbon.com\/product\/flexible-graphite-sheet\/#breadcrumb\",\"itemListElement\":[{\"@type\":\"ListItem\",\"position\":1,\"name\":\"Home\",\"item\":\"https:\/\/jinsuncarbon.com\/\"},{\"@type\":\"ListItem\",\"position\":2,\"name\":\"Products\",\"item\":\"https:\/\/jinsuncarbon.com\/graphite-carbon\/\"},{\"@type\":\"ListItem\",\"position\":3,\"name\":\"Flexible Graphite Sheet\"}]},{\"@type\":\"WebSite\",\"@id\":\"https:\/\/jinsuncarbon.com\/#website\",\"url\":\"https:\/\/jinsuncarbon.com\/\",\"name\":\"Jinsun Carbon\",\"description\":\"We are the successful graphite electrode manufacturer in China\",\"publisher\":{\"@id\":\"https:\/\/jinsuncarbon.com\/#organization\"},\"potentialAction\":[{\"@type\":\"SearchAction\",\"target\":{\"@type\":\"EntryPoint\",\"urlTemplate\":\"https:\/\/jinsuncarbon.com\/?s={search_term_string}\"},\"query-input\":{\"@type\":\"PropertyValueSpecification\",\"valueRequired\":true,\"valueName\":\"search_term_string\"}}],\"inLanguage\":\"es-AR\"},{\"@type\":\"Organization\",\"@id\":\"https:\/\/jinsuncarbon.com\/#organization\",\"name\":\"Jinsun Carbon\",\"alternateName\":\"Jinsun Carbon\",\"url\":\"https:\/\/jinsuncarbon.com\/\",\"logo\":{\"@type\":\"ImageObject\",\"inLanguage\":\"es-AR\",\"@id\":\"https:\/\/jinsuncarbon.com\/#\/schema\/logo\/image\/\",\"url\":\"https:\/\/jinsuncarbon.com\/wp-content\/uploads\/2022\/12\/LOGO-1.png\",\"contentUrl\":\"https:\/\/jinsuncarbon.com\/wp-content\/uploads\/2022\/12\/LOGO-1.png\",\"width\":207,\"height\":80,\"caption\":\"Jinsun Carbon\"},\"image\":{\"@id\":\"https:\/\/jinsuncarbon.com\/#\/schema\/logo\/image\/\"},\"sameAs\":[\"https:\/\/www.facebook.com\/Graphite-Electrode-109336238661595\",\"https:\/\/x.com\/jinsuncarbon_\",\"https:\/\/www.linkedin.com\/in\/jinsungraphite\",\"https:\/\/www.youtube.com\/channel\/UCysDNyvyR5-3cCWEmpkVC0g\"]}]}<\/script>\n<!-- \/ Yoast SEO Premium plugin. -->","yoast_head_json":{"title":"Fabricante de l\u00e1minas de grafito flexible | Jinsun Carbon","description":"La l\u00e1mina de grafito flexible es un material muy caracter\u00edstico. Se fabrica principalmente con grafito natural de alta calidad como material de partida y se crea cuidadosamente mediante una tecnolog\u00eda especial.","robots":{"index":"index","follow":"follow","max-snippet":"max-snippet:-1","max-image-preview":"max-image-preview:large","max-video-preview":"max-video-preview:-1"},"canonical":"https:\/\/jinsuncarbon.com\/es_ar\/producto\/hoja-de-grafito-flexible\/","og_locale":"es_ES","og_type":"article","og_title":"Flexible Graphite Sheet","og_description":"Flexible graphite sheet is a very characteristic sheet material. It is mainly made of high quality natural graphite as the source material and carefully created by special technology.","og_url":"https:\/\/jinsuncarbon.com\/es_ar\/producto\/hoja-de-grafito-flexible\/","og_site_name":"Jinsun Carbon","article_publisher":"https:\/\/www.facebook.com\/Graphite-Electrode-109336238661595","article_modified_time":"2024-12-01T12:55:15+00:00","og_image":[{"width":1024,"height":763,"url":"https:\/\/jinsuncarbon.com\/wp-content\/uploads\/2024\/11\/WechatIMG1547.jpg","type":"image\/jpeg"}],"twitter_card":"summary_large_image","twitter_site":"@jinsuncarbon_","twitter_misc":{"Tiempo de lectura":"4 minutos"},"schema":{"@context":"https:\/\/schema.org","@graph":[{"@type":"WebPage","@id":"https:\/\/jinsuncarbon.com\/product\/flexible-graphite-sheet\/","url":"https:\/\/jinsuncarbon.com\/product\/flexible-graphite-sheet\/","name":"Fabricante de l\u00e1minas de grafito flexible | Jinsun Carbon","isPartOf":{"@id":"https:\/\/jinsuncarbon.com\/#website"},"primaryImageOfPage":{"@id":"https:\/\/jinsuncarbon.com\/product\/flexible-graphite-sheet\/#primaryimage"},"image":{"@id":"https:\/\/jinsuncarbon.com\/product\/flexible-graphite-sheet\/#primaryimage"},"thumbnailUrl":"https:\/\/jinsuncarbon.com\/wp-content\/uploads\/2024\/11\/WechatIMG1547.jpg","datePublished":"2024-11-25T11:28:34+00:00","dateModified":"2024-12-01T12:55:15+00:00","description":"La l\u00e1mina de grafito flexible es un material muy caracter\u00edstico. Se fabrica principalmente con grafito natural de alta calidad como material de partida y se crea cuidadosamente mediante una tecnolog\u00eda especial.","breadcrumb":{"@id":"https:\/\/jinsuncarbon.com\/product\/flexible-graphite-sheet\/#breadcrumb"},"inLanguage":"es-AR","potentialAction":[{"@type":"ReadAction","target":["https:\/\/jinsuncarbon.com\/product\/flexible-graphite-sheet\/"]}]},{"@type":"ImageObject","inLanguage":"es-AR","@id":"https:\/\/jinsuncarbon.com\/product\/flexible-graphite-sheet\/#primaryimage","url":"https:\/\/jinsuncarbon.com\/wp-content\/uploads\/2024\/11\/WechatIMG1547.jpg","contentUrl":"https:\/\/jinsuncarbon.com\/wp-content\/uploads\/2024\/11\/WechatIMG1547.jpg","width":1024,"height":763,"caption":"Flexible graphite sheet"},{"@type":"BreadcrumbList","@id":"https:\/\/jinsuncarbon.com\/product\/flexible-graphite-sheet\/#breadcrumb","itemListElement":[{"@type":"ListItem","position":1,"name":"Home","item":"https:\/\/jinsuncarbon.com\/"},{"@type":"ListItem","position":2,"name":"Products","item":"https:\/\/jinsuncarbon.com\/graphite-carbon\/"},{"@type":"ListItem","position":3,"name":"Flexible Graphite Sheet"}]},{"@type":"WebSite","@id":"https:\/\/jinsuncarbon.com\/#website","url":"https:\/\/jinsuncarbon.com\/","name":"Jinsun Carbon","description":"Somos el fabricante de electrodos de grafito con m\u00e1s \u00e9xito de China","publisher":{"@id":"https:\/\/jinsuncarbon.com\/#organization"},"potentialAction":[{"@type":"SearchAction","target":{"@type":"EntryPoint","urlTemplate":"https:\/\/jinsuncarbon.com\/?s={search_term_string}"},"query-input":{"@type":"PropertyValueSpecification","valueRequired":true,"valueName":"search_term_string"}}],"inLanguage":"es-AR"},{"@type":"Organization","@id":"https:\/\/jinsuncarbon.com\/#organization","name":"Jinsun Carbon","alternateName":"Jinsun Carbon","url":"https:\/\/jinsuncarbon.com\/","logo":{"@type":"ImageObject","inLanguage":"es-AR","@id":"https:\/\/jinsuncarbon.com\/#\/schema\/logo\/image\/","url":"https:\/\/jinsuncarbon.com\/wp-content\/uploads\/2022\/12\/LOGO-1.png","contentUrl":"https:\/\/jinsuncarbon.com\/wp-content\/uploads\/2022\/12\/LOGO-1.png","width":207,"height":80,"caption":"Jinsun Carbon"},"image":{"@id":"https:\/\/jinsuncarbon.com\/#\/schema\/logo\/image\/"},"sameAs":["https:\/\/www.facebook.com\/Graphite-Electrode-109336238661595","https:\/\/x.com\/jinsuncarbon_","https:\/\/www.linkedin.com\/in\/jinsungraphite","https:\/\/www.youtube.com\/channel\/UCysDNyvyR5-3cCWEmpkVC0g"]}]}},"_links":{"self":[{"href":"https:\/\/jinsuncarbon.com\/es_ar\/wp-json\/wp\/v2\/product\/6797","targetHints":{"allow":["GET"]}}],"collection":[{"href":"https:\/\/jinsuncarbon.com\/es_ar\/wp-json\/wp\/v2\/product"}],"about":[{"href":"https:\/\/jinsuncarbon.com\/es_ar\/wp-json\/wp\/v2\/types\/product"}],"wp:featuredmedia":[{"embeddable":true,"href":"https:\/\/jinsuncarbon.com\/es_ar\/wp-json\/wp\/v2\/media\/6810"}],"wp:attachment":[{"href":"https:\/\/jinsuncarbon.com\/es_ar\/wp-json\/wp\/v2\/media?parent=6797"}],"wp:term":[{"taxonomy":"product_brand","embeddable":true,"href":"https:\/\/jinsuncarbon.com\/es_ar\/wp-json\/wp\/v2\/product_brand?post=6797"},{"taxonomy":"product_cat","embeddable":true,"href":"https:\/\/jinsuncarbon.com\/es_ar\/wp-json\/wp\/v2\/product_cat?post=6797"},{"taxonomy":"product_tag","embeddable":true,"href":"https:\/\/jinsuncarbon.com\/es_ar\/wp-json\/wp\/v2\/product_tag?post=6797"}],"curies":[{"name":"wp","href":"https:\/\/api.w.org\/{rel}","templated":true}]}}