{"id":6578,"date":"2024-11-10T11:38:01","date_gmt":"2024-11-10T11:38:01","guid":{"rendered":"https:\/\/jinsuncarbon.com\/?post_type=product&#038;p=6578"},"modified":"2025-01-15T07:20:24","modified_gmt":"2025-01-15T07:20:24","slug":"anillo-de-grafito","status":"publish","type":"product","link":"https:\/\/jinsuncarbon.com\/es_ar\/producto\/anillo-de-grafito\/","title":{"rendered":"Anillo de grafito"},"content":{"rendered":"<h2>\u00bfQu\u00e9 son los anillos de grafito?<\/h2>\n<p>Los anillos de grafito son componentes de transmisi\u00f3n clave de muchas aplicaciones industriales. Est\u00e1n fabricados con materiales de grafito de carbono estables y de alta resistencia. Principalmente, estos anillos se utilizan para formar juntas estancas en diversos tipos de maquinaria. Lo que les permite sobrevivir a temperaturas y presiones extremas, haci\u00e9ndolos id\u00f3neos en lugares con entornos exigentes.<\/p>\n<h2>Tipos<\/h2>\n<h3>Anillos de grafito puro<\/h3>\n<p>El grafito 100% nos ofrece anillos de grafito puro. Tienen una gran resistencia a los productos qu\u00edmicos y al calor. Util\u00edcelos cuando necesite los m\u00e1s altos niveles de pureza.<\/p>\n<h3>Anillos de grafito expandido<\/h3>\n<p>Anillos de grafito expandido de naturaleza ligera y flexible. Se originan a partir de la expansi\u00f3n de <a href=\"https:\/\/jinsuncarbon.com\/es_ar\/producto\/graphite-flakes\/\">copos de grafito<\/a>. Esta forma es ideal para el sellado sometido a ciclos t\u00e9rmicos.<\/p>\n<h3>Anillos flexibles de grafito<\/h3>\n<p>Se adaptan f\u00e1cilmente a la superficie impartiendo todo su par. Este tipo de junta es estanca y responde a los cambios de temperatura. Esto las hace adecuadas para sistemas complejos.<\/p>\n<h3>Anillos de grafito troquelados<\/h3>\n<p>La compresi\u00f3n a alta presi\u00f3n del grafito forma los anillos troquelados. Durante este proceso se les da la forma y el tama\u00f1o perfectos. Son beneficiosos para aplicaciones de estanquidad precisas.<\/p>\n<p>&nbsp;<\/p>\n<figure id=\"attachment_6728\" aria-describedby=\"caption-attachment-6728\" style=\"width: 2404px\" class=\"wp-caption alignnone\"><img fetchpriority=\"high\" decoding=\"async\" class=\"wp-image-6728 size-full\" src=\"https:\/\/jinsuncarbon.com\/wp-content\/uploads\/2024\/11\/High-Purity-Graphite-Seal-Ring-Flexible-graphite-packing-ringGraphite-gasket-ringReinforced-Graphite-Seal-Ring.jpg\" alt=\"Anillo de sellado de grafito de alta pureza |Anillo de empaquetadura de grafito flexible|Anillo de junta de grafito|Anillo de sellado de grafito reforzado\" width=\"2404\" height=\"873\" srcset=\"https:\/\/jinsuncarbon.com\/wp-content\/uploads\/2024\/11\/High-Purity-Graphite-Seal-Ring-Flexible-graphite-packing-ringGraphite-gasket-ringReinforced-Graphite-Seal-Ring.jpg 2404w, https:\/\/jinsuncarbon.com\/wp-content\/uploads\/2024\/11\/High-Purity-Graphite-Seal-Ring-Flexible-graphite-packing-ringGraphite-gasket-ringReinforced-Graphite-Seal-Ring-300x109.jpg 300w, https:\/\/jinsuncarbon.com\/wp-content\/uploads\/2024\/11\/High-Purity-Graphite-Seal-Ring-Flexible-graphite-packing-ringGraphite-gasket-ringReinforced-Graphite-Seal-Ring-1024x372.jpg 1024w, https:\/\/jinsuncarbon.com\/wp-content\/uploads\/2024\/11\/High-Purity-Graphite-Seal-Ring-Flexible-graphite-packing-ringGraphite-gasket-ringReinforced-Graphite-Seal-Ring-768x279.jpg 768w, https:\/\/jinsuncarbon.com\/wp-content\/uploads\/2024\/11\/High-Purity-Graphite-Seal-Ring-Flexible-graphite-packing-ringGraphite-gasket-ringReinforced-Graphite-Seal-Ring-1536x558.jpg 1536w, https:\/\/jinsuncarbon.com\/wp-content\/uploads\/2024\/11\/High-Purity-Graphite-Seal-Ring-Flexible-graphite-packing-ringGraphite-gasket-ringReinforced-Graphite-Seal-Ring-2048x744.jpg 2048w, https:\/\/jinsuncarbon.com\/wp-content\/uploads\/2024\/11\/High-Purity-Graphite-Seal-Ring-Flexible-graphite-packing-ringGraphite-gasket-ringReinforced-Graphite-Seal-Ring-18x7.jpg 18w, https:\/\/jinsuncarbon.com\/wp-content\/uploads\/2024\/11\/High-Purity-Graphite-Seal-Ring-Flexible-graphite-packing-ringGraphite-gasket-ringReinforced-Graphite-Seal-Ring-600x218.jpg 600w\" sizes=\"(max-width: 2404px) 100vw, 2404px\" \/><figcaption id=\"caption-attachment-6728\" class=\"wp-caption-text\">Anillo de sellado de grafito de alta pureza | Anillo de empaquetadura de grafito flexible | Anillo de sellado de grafito reforzado<\/figcaption><\/figure>\n<p>&nbsp;<\/p>\n<h2>Caracter\u00edsticas<\/h2>\n<h3>Alta resistencia al calor<\/h3>\n<p>Anillos de grafito para altas temperaturas de hasta 2300 cent\u00edgrados. No arden ni siquiera a alta temperatura. No se funden ni pierden resistencia.<\/p>\n<h3>Buena resistencia qu\u00edmica<\/h3>\n<p>Muchos productos qu\u00edmicos no se ven afectados por los anillos de grafito. No se degradan en presencia de \u00e1cidos y \u00e1lcalis. Esa propiedad proporciona un buen rendimiento en la qu\u00edmica agresiva.<\/p>\n<h3>Autolubricaci\u00f3n<\/h3>\n<p>Los anillos de grafito son autolubricantes. Sin requerir una lubricaci\u00f3n suplementaria, aquellos pueden disminuir el desgaste. Esto ahorra tiempo y esfuerzo.<\/p>\n<h3>Baja fricci\u00f3n<\/h3>\n<p>La cuarta es la baja fricci\u00f3n, que parece bastante obvia. Estos anillos cortan la fuga de energ\u00eda que se percibe en los componentes m\u00f3viles. Esto ayuda a aprovechar la eficiencia.<\/p>\n<h3>Flexibilidad<\/h3>\n<p>Los anillos de grafito son flexibles. Pueden meterse por sitios peque\u00f1os y se adaptan a diversas superficies. Esto proporciona un buen sellado.<\/p>\n<h2>Usos de los anillos de grafito<\/h2>\n<h3>Estanqueidad en v\u00e1lvulas<\/h3>\n<p>Anillos de grafito como sellos de las v\u00e1lvulas. Estos s\u00f3lo permiten un bloqueo herm\u00e9tico de fugas. Hacen su manera en usos de alta temperatura de la v\u00e1lvula con frecuencia.<\/p>\n<h3>Bombas<\/h3>\n<p>Tambi\u00e9n se utilizan mucho en bombas. Es un buen ajuste con piezas m\u00f3viles, debido a la<a href=\"https:\/\/jinsuncarbon.com\/es_ar\/producto\/material-de-grafito\/\"> material de grafito<\/a>. Esto minimiza la fricci\u00f3n y mantiene el buen funcionamiento de la bomba.<\/p>\n<h3>Equipos rotativos<\/h3>\n<p>Los anillos de grafito se utilizan sobre todo en equipos rotativos. Incluso con piezas m\u00f3viles, ofrecen un sellado herm\u00e9tico. Por eso son adecuados para compresores y turbinas.<\/p>\n<h3>Intercambiadores de calor<\/h3>\n<p>Los intercambiadores de calor necesitan juntas fiables, especialmente a altas temperaturas y presiones. Estas condiciones se mantienen con la ayuda de los anillos de grafito. Tienen buena resistencia al calor y flexibilidad de adaptaci\u00f3n.<\/p>\n<p>&nbsp;<\/p>\n<h2>Beneficios<\/h2>\n<h3>Tolerancia t\u00e9rmica<\/h3>\n<p>Los anillos de grafito pueden soportar temperaturas extremadamente bajas y extremadamente excesivas. Esto los hace ideales para un gran n\u00famero de aplicaciones industriales. Pueden depender de cualquier clima.<\/p>\n<h3>Compatibilidad qu\u00edmica<\/h3>\n<p>Esto significa que los anillos de grafito son compatibles con una amplia gama de materiales. Por este motivo, no deber\u00edan presentar una interacci\u00f3n perjudicial con la mayor\u00eda de los fluidos industriales. Pueden utilizarse en casi cualquier entorno sin ning\u00fan problema.<\/p>\n<h3>Durabilidad<\/h3>\n<p>Los aros de grafito tienen resistencia. Son capaces de sobresalir en situaciones de alta presi\u00f3n y entornos adversos. Esto significa que no los sustituir\u00e1 tanto, lo que resulta rentable a largo plazo.<\/p>\n<h3>Adaptabilidad<\/h3>\n<p>Estos anillos son muy vers\u00e1tiles. Son adecuados para distintos tipos de dispositivos. Estos anillos de grafito pueden adaptarse a trabajos espec\u00edficos, ya sea una bomba, una v\u00e1lvula o un engranaje giratorio.<\/p>\n<h3>Bajo mantenimiento<\/h3>\n<p>En cuanto al mantenimiento, los aros de grafito apenas necesitan mantenimiento. Mantienen <a href=\"https:\/\/www.merriam-webster.com\/dictionary\/self-lubricating\" target=\"_blank\" rel=\"noopener\">autolubricante<\/a>y, como tales, requieren muy poco mantenimiento. Le ayudar\u00e1n a ahorrar tiempo y energ\u00eda.<\/p>","protected":false},"excerpt":{"rendered":"<p>El anillo de grafito es un material de grafito en forma de anillo resistente a altas temperaturas que puede procesarse en diferentes tama\u00f1os. Sus ventajas son la autolubricaci\u00f3n, la resistencia a la corrosi\u00f3n y la facilidad de procesamiento. Los anillos de grafito de carbono Jinsun son de varios tipos, ya sea anillo de sellado de grafito, anillo de empaquetadura de grafito o anillo de junta de grafito. Estos anillos pueden satisfacer sus diferentes necesidades industriales.<\/p>","protected":false},"featured_media":6585,"template":"","meta":[],"product_brand":[],"product_cat":[38],"product_tag":[],"class_list":{"0":"post-6578","1":"product","2":"type-product","3":"status-publish","4":"has-post-thumbnail","6":"product_cat-graphite-products","8":"first","9":"instock","10":"shipping-taxable","11":"product-type-simple"},"yoast_head":"<!-- This site is optimized with the Yoast SEO Premium plugin v19.2.1 (Yoast SEO v25.3) - https:\/\/yoast.com\/wordpress\/plugins\/seo\/ -->\n<title>Graphite Ring Manufacturer | Jinsun Carbon<\/title>\n<meta name=\"description\" content=\"Graphite ring is a high temperature resistant ring-shaped graphite material that can be processed into different sizes.\" \/>\n<meta name=\"robots\" content=\"index, follow, max-snippet:-1, max-image-preview:large, max-video-preview:-1\" \/>\n<link rel=\"canonical\" href=\"https:\/\/jinsuncarbon.com\/es_ar\/producto\/anillo-de-grafito\/\" \/>\n<meta property=\"og:locale\" content=\"es_ES\" \/>\n<meta property=\"og:type\" content=\"article\" \/>\n<meta property=\"og:title\" content=\"Graphite Ring\" \/>\n<meta property=\"og:description\" content=\"Graphite ring is a high temperature resistant ring-shaped graphite material that can be processed into different sizes.\" \/>\n<meta property=\"og:url\" content=\"https:\/\/jinsuncarbon.com\/es_ar\/producto\/anillo-de-grafito\/\" \/>\n<meta property=\"og:site_name\" content=\"Jinsun Carbon\" \/>\n<meta property=\"article:publisher\" content=\"https:\/\/www.facebook.com\/Graphite-Electrode-109336238661595\" \/>\n<meta property=\"article:modified_time\" content=\"2025-01-15T07:20:24+00:00\" \/>\n<meta property=\"og:image\" content=\"https:\/\/jinsuncarbon.com\/wp-content\/uploads\/2024\/11\/Graphite-Ring.jpg\" \/>\n\t<meta property=\"og:image:width\" content=\"1024\" \/>\n\t<meta property=\"og:image:height\" content=\"763\" \/>\n\t<meta property=\"og:image:type\" content=\"image\/jpeg\" \/>\n<meta name=\"twitter:card\" content=\"summary_large_image\" \/>\n<meta name=\"twitter:site\" content=\"@jinsuncarbon_\" \/>\n<meta name=\"twitter:label1\" content=\"Tiempo de lectura\" \/>\n\t<meta name=\"twitter:data1\" content=\"4 minutos\" \/>\n<script type=\"application\/ld+json\" class=\"yoast-schema-graph\">{\"@context\":\"https:\/\/schema.org\",\"@graph\":[{\"@type\":\"WebPage\",\"@id\":\"https:\/\/jinsuncarbon.com\/product\/graphite-ring\/\",\"url\":\"https:\/\/jinsuncarbon.com\/product\/graphite-ring\/\",\"name\":\"Graphite Ring Manufacturer | Jinsun Carbon\",\"isPartOf\":{\"@id\":\"https:\/\/jinsuncarbon.com\/#website\"},\"primaryImageOfPage\":{\"@id\":\"https:\/\/jinsuncarbon.com\/product\/graphite-ring\/#primaryimage\"},\"image\":{\"@id\":\"https:\/\/jinsuncarbon.com\/product\/graphite-ring\/#primaryimage\"},\"thumbnailUrl\":\"https:\/\/jinsuncarbon.com\/wp-content\/uploads\/2024\/11\/Graphite-Ring.jpg\",\"datePublished\":\"2024-11-10T11:38:01+00:00\",\"dateModified\":\"2025-01-15T07:20:24+00:00\",\"description\":\"Graphite ring is a high temperature resistant ring-shaped graphite material that can be processed into different sizes.\",\"breadcrumb\":{\"@id\":\"https:\/\/jinsuncarbon.com\/product\/graphite-ring\/#breadcrumb\"},\"inLanguage\":\"es-AR\",\"potentialAction\":[{\"@type\":\"ReadAction\",\"target\":[\"https:\/\/jinsuncarbon.com\/product\/graphite-ring\/\"]}]},{\"@type\":\"ImageObject\",\"inLanguage\":\"es-AR\",\"@id\":\"https:\/\/jinsuncarbon.com\/product\/graphite-ring\/#primaryimage\",\"url\":\"https:\/\/jinsuncarbon.com\/wp-content\/uploads\/2024\/11\/Graphite-Ring.jpg\",\"contentUrl\":\"https:\/\/jinsuncarbon.com\/wp-content\/uploads\/2024\/11\/Graphite-Ring.jpg\",\"width\":1024,\"height\":763,\"caption\":\"graphite ring manufacturer\"},{\"@type\":\"BreadcrumbList\",\"@id\":\"https:\/\/jinsuncarbon.com\/product\/graphite-ring\/#breadcrumb\",\"itemListElement\":[{\"@type\":\"ListItem\",\"position\":1,\"name\":\"Home\",\"item\":\"https:\/\/jinsuncarbon.com\/\"},{\"@type\":\"ListItem\",\"position\":2,\"name\":\"Products\",\"item\":\"https:\/\/jinsuncarbon.com\/graphite-carbon\/\"},{\"@type\":\"ListItem\",\"position\":3,\"name\":\"Graphite Ring\"}]},{\"@type\":\"WebSite\",\"@id\":\"https:\/\/jinsuncarbon.com\/#website\",\"url\":\"https:\/\/jinsuncarbon.com\/\",\"name\":\"Jinsun Carbon\",\"description\":\"We are the successful graphite electrode manufacturer in China\",\"publisher\":{\"@id\":\"https:\/\/jinsuncarbon.com\/#organization\"},\"potentialAction\":[{\"@type\":\"SearchAction\",\"target\":{\"@type\":\"EntryPoint\",\"urlTemplate\":\"https:\/\/jinsuncarbon.com\/?s={search_term_string}\"},\"query-input\":{\"@type\":\"PropertyValueSpecification\",\"valueRequired\":true,\"valueName\":\"search_term_string\"}}],\"inLanguage\":\"es-AR\"},{\"@type\":\"Organization\",\"@id\":\"https:\/\/jinsuncarbon.com\/#organization\",\"name\":\"Jinsun Carbon\",\"alternateName\":\"Jinsun Carbon\",\"url\":\"https:\/\/jinsuncarbon.com\/\",\"logo\":{\"@type\":\"ImageObject\",\"inLanguage\":\"es-AR\",\"@id\":\"https:\/\/jinsuncarbon.com\/#\/schema\/logo\/image\/\",\"url\":\"https:\/\/jinsuncarbon.com\/wp-content\/uploads\/2022\/12\/LOGO-1.png\",\"contentUrl\":\"https:\/\/jinsuncarbon.com\/wp-content\/uploads\/2022\/12\/LOGO-1.png\",\"width\":207,\"height\":80,\"caption\":\"Jinsun Carbon\"},\"image\":{\"@id\":\"https:\/\/jinsuncarbon.com\/#\/schema\/logo\/image\/\"},\"sameAs\":[\"https:\/\/www.facebook.com\/Graphite-Electrode-109336238661595\",\"https:\/\/x.com\/jinsuncarbon_\",\"https:\/\/www.linkedin.com\/in\/jinsungraphite\",\"https:\/\/www.youtube.com\/channel\/UCysDNyvyR5-3cCWEmpkVC0g\"]}]}<\/script>\n<!-- \/ Yoast SEO Premium plugin. -->","yoast_head_json":{"title":"Fabricante de anillos de grafito | Jinsun Carbon","description":"El anillo de grafito es un material de grafito en forma de anillo resistente a altas temperaturas que puede procesarse en diferentes tama\u00f1os.","robots":{"index":"index","follow":"follow","max-snippet":"max-snippet:-1","max-image-preview":"max-image-preview:large","max-video-preview":"max-video-preview:-1"},"canonical":"https:\/\/jinsuncarbon.com\/es_ar\/producto\/anillo-de-grafito\/","og_locale":"es_ES","og_type":"article","og_title":"Graphite Ring","og_description":"Graphite ring is a high temperature resistant ring-shaped graphite material that can be processed into different sizes.","og_url":"https:\/\/jinsuncarbon.com\/es_ar\/producto\/anillo-de-grafito\/","og_site_name":"Jinsun Carbon","article_publisher":"https:\/\/www.facebook.com\/Graphite-Electrode-109336238661595","article_modified_time":"2025-01-15T07:20:24+00:00","og_image":[{"width":1024,"height":763,"url":"https:\/\/jinsuncarbon.com\/wp-content\/uploads\/2024\/11\/Graphite-Ring.jpg","type":"image\/jpeg"}],"twitter_card":"summary_large_image","twitter_site":"@jinsuncarbon_","twitter_misc":{"Tiempo de lectura":"4 minutos"},"schema":{"@context":"https:\/\/schema.org","@graph":[{"@type":"WebPage","@id":"https:\/\/jinsuncarbon.com\/product\/graphite-ring\/","url":"https:\/\/jinsuncarbon.com\/product\/graphite-ring\/","name":"Fabricante de anillos de grafito | Jinsun Carbon","isPartOf":{"@id":"https:\/\/jinsuncarbon.com\/#website"},"primaryImageOfPage":{"@id":"https:\/\/jinsuncarbon.com\/product\/graphite-ring\/#primaryimage"},"image":{"@id":"https:\/\/jinsuncarbon.com\/product\/graphite-ring\/#primaryimage"},"thumbnailUrl":"https:\/\/jinsuncarbon.com\/wp-content\/uploads\/2024\/11\/Graphite-Ring.jpg","datePublished":"2024-11-10T11:38:01+00:00","dateModified":"2025-01-15T07:20:24+00:00","description":"El anillo de grafito es un material de grafito en forma de anillo resistente a altas temperaturas que puede procesarse en diferentes tama\u00f1os.","breadcrumb":{"@id":"https:\/\/jinsuncarbon.com\/product\/graphite-ring\/#breadcrumb"},"inLanguage":"es-AR","potentialAction":[{"@type":"ReadAction","target":["https:\/\/jinsuncarbon.com\/product\/graphite-ring\/"]}]},{"@type":"ImageObject","inLanguage":"es-AR","@id":"https:\/\/jinsuncarbon.com\/product\/graphite-ring\/#primaryimage","url":"https:\/\/jinsuncarbon.com\/wp-content\/uploads\/2024\/11\/Graphite-Ring.jpg","contentUrl":"https:\/\/jinsuncarbon.com\/wp-content\/uploads\/2024\/11\/Graphite-Ring.jpg","width":1024,"height":763,"caption":"graphite ring manufacturer"},{"@type":"BreadcrumbList","@id":"https:\/\/jinsuncarbon.com\/product\/graphite-ring\/#breadcrumb","itemListElement":[{"@type":"ListItem","position":1,"name":"Home","item":"https:\/\/jinsuncarbon.com\/"},{"@type":"ListItem","position":2,"name":"Products","item":"https:\/\/jinsuncarbon.com\/graphite-carbon\/"},{"@type":"ListItem","position":3,"name":"Graphite Ring"}]},{"@type":"WebSite","@id":"https:\/\/jinsuncarbon.com\/#website","url":"https:\/\/jinsuncarbon.com\/","name":"Jinsun Carbon","description":"Somos el fabricante de electrodos de grafito con m\u00e1s \u00e9xito de China","publisher":{"@id":"https:\/\/jinsuncarbon.com\/#organization"},"potentialAction":[{"@type":"SearchAction","target":{"@type":"EntryPoint","urlTemplate":"https:\/\/jinsuncarbon.com\/?s={search_term_string}"},"query-input":{"@type":"PropertyValueSpecification","valueRequired":true,"valueName":"search_term_string"}}],"inLanguage":"es-AR"},{"@type":"Organization","@id":"https:\/\/jinsuncarbon.com\/#organization","name":"Jinsun Carbon","alternateName":"Jinsun Carbon","url":"https:\/\/jinsuncarbon.com\/","logo":{"@type":"ImageObject","inLanguage":"es-AR","@id":"https:\/\/jinsuncarbon.com\/#\/schema\/logo\/image\/","url":"https:\/\/jinsuncarbon.com\/wp-content\/uploads\/2022\/12\/LOGO-1.png","contentUrl":"https:\/\/jinsuncarbon.com\/wp-content\/uploads\/2022\/12\/LOGO-1.png","width":207,"height":80,"caption":"Jinsun Carbon"},"image":{"@id":"https:\/\/jinsuncarbon.com\/#\/schema\/logo\/image\/"},"sameAs":["https:\/\/www.facebook.com\/Graphite-Electrode-109336238661595","https:\/\/x.com\/jinsuncarbon_","https:\/\/www.linkedin.com\/in\/jinsungraphite","https:\/\/www.youtube.com\/channel\/UCysDNyvyR5-3cCWEmpkVC0g"]}]}},"_links":{"self":[{"href":"https:\/\/jinsuncarbon.com\/es_ar\/wp-json\/wp\/v2\/product\/6578","targetHints":{"allow":["GET"]}}],"collection":[{"href":"https:\/\/jinsuncarbon.com\/es_ar\/wp-json\/wp\/v2\/product"}],"about":[{"href":"https:\/\/jinsuncarbon.com\/es_ar\/wp-json\/wp\/v2\/types\/product"}],"wp:featuredmedia":[{"embeddable":true,"href":"https:\/\/jinsuncarbon.com\/es_ar\/wp-json\/wp\/v2\/media\/6585"}],"wp:attachment":[{"href":"https:\/\/jinsuncarbon.com\/es_ar\/wp-json\/wp\/v2\/media?parent=6578"}],"wp:term":[{"taxonomy":"product_brand","embeddable":true,"href":"https:\/\/jinsuncarbon.com\/es_ar\/wp-json\/wp\/v2\/product_brand?post=6578"},{"taxonomy":"product_cat","embeddable":true,"href":"https:\/\/jinsuncarbon.com\/es_ar\/wp-json\/wp\/v2\/product_cat?post=6578"},{"taxonomy":"product_tag","embeddable":true,"href":"https:\/\/jinsuncarbon.com\/es_ar\/wp-json\/wp\/v2\/product_tag?post=6578"}],"curies":[{"name":"wp","href":"https:\/\/api.w.org\/{rel}","templated":true}]}}