{"id":4091,"date":"2024-02-02T09:45:55","date_gmt":"2024-02-02T09:45:55","guid":{"rendered":"https:\/\/jinsuncarbon.com\/?post_type=product&#038;p=4091"},"modified":"2024-11-01T01:07:37","modified_gmt":"2024-11-01T01:07:37","slug":"boquilla-de-electrodo-de-grafito","status":"publish","type":"product","link":"https:\/\/jinsuncarbon.com\/es_ar\/producto\/boquilla-de-electrodo-de-grafito\/","title":{"rendered":"Boquilla de electrodo de grafito"},"content":{"rendered":"<p>Existen dos tipos de boquillas para electrodos de grafito<strong>:<\/strong>\u00a0uno es cil\u00edndrico<strong>,<\/strong>\u00a0y el otro es c\u00f3nico<strong>.<\/strong> En la actualidad, las boquillas c\u00f3nicas con RP, HP y <a href=\"https:\/\/jinsuncarbon.com\/es_ar\/producto\/electrodo-de-grafito-uhp\/\">Electrodos de grafito UHP<\/a> se utilizan principalmente en todo el mundo.<\/p>\n<p>Dado que la secci\u00f3n transversal de las espigas de electrodos de grafito es menor que la del electrodo al que est\u00e1 conectada, el material con el que se fabrica la espiga tiene una resistencia a la compresi\u00f3n mayor que la del electrodo al que est\u00e1 conectada y tiene una resistividad menor.<\/p>\n<p>En el proceso de fabricaci\u00f3n de estelas EAF, al quemarse el electrodo de grafito inferior, es necesario sustituir y conectar nuevos electrodos constantemente. La funci\u00f3n de la boquilla es completar la conexi\u00f3n entre los electrodos.<\/p>\n<h2>Conexiones de la boquilla del electrodo de grafito<\/h2>\n<p>Para mejorar la calidad de conexi\u00f3n de los electrodos de grafito y evitar que se aflojen las espigas, excave dos ranuras en la espiga a lo largo de la rosca longitudinal transversal e inserte el pasador de asfalto en el cuerpo de la espiga. Durante <a href=\"https:\/\/en.wikipedia.org\/wiki\/Electric_arc_furnace\" target=\"_blank\" rel=\"noopener\">Acer\u00eda EAF<\/a>la temperatura aumenta despu\u00e9s de electrificar los electrodos de grafito.<\/p>\n<p>Entonces, el bet\u00fan se fundir\u00e1 a una temperatura espec\u00edfica. Cuando el bet\u00fan se funde, fluye hacia el hueco entre la boquilla roscada y la ranura. Al aumentar la temperatura, el bet\u00fan se carboniza. El resultado es que la rosca de la tetina y el orificio de la tetina se condensan en una sola pieza. As\u00ed, este resultado reduce el aflojamiento de la tetina cuando se utilizan electrodos de grafito en la producci\u00f3n sider\u00fargica de horno de arco el\u00e9ctrico.<\/p>\n<p>&nbsp;<\/p>\n<h2>Niples para electrodos de grafito Tama\u00f1o<\/h2>\n<p><strong>\u00a0 \u00a0 \u00a0 \u00a0 \u00a0 \u00a0 \u00a0 \u00a0 \u00a0 \u00a0 \u00a0 \u00a0 \u00a0 \u00a0 \u00a0 \u00a0 \u00a0 \u00a0 \u00a0 \u00a0 \u00a0 \u00a0 \u00a0 \u00a0 \u00a0 \u00a0 \u00a0 \u00a0 \u00a0 \u00a0 \u00a0 \u00a0 \u00a0 \u00a0 \u00a0 \u00a0 \u00a0 \u00a0 \u00a0 \u00a0 \u00a0 \u00a0 \u00a0 \u00a0 \u00a0 \u00a0 \u00a0 \u00a0 \u00a0 \u00a0 \u00a0 \u00a0 \u00a0 \u00a0 \u00a0 \u00a0 \u00a0 \u00a0 \u00a0 \u00a0 \u00a0 \u00a0 \u00a0 \u00a0 \u00a0 \u00a0 \u00a0 \u00a0 \u00a0 \u00a0 \u00a0 \u00a0 \u00a0 \u00a0 \u00a0 \u00a0 \u00a0 \u00a0 \u00a0 \u00a0 \u00a0 \u00a0 \u00a0 \u00a0 \u00a0 \u00a0 \u00a0 \u00a0 \u00a0 \u00a0 \u00a0 \u00a0 \u00a0 \u00a0 \u00a0 \u00a0 \u00a0 \u00a0 \u00a0 \u00a0 \u00a0 \u00a0 \u00a0 \u00a0 \u00a0 \u00a0 \u00a0 \u00a0 \u00a0 \u00a0 \u00a0 \u00a0 \u00a0 \u00a0 \u00a0 \u00a0 \u00a0 \u00a0 \u00a0 \u00a0 \u00a0 \u00a0 \u00a0 \u00a0 \u00a0 \u00a0 \u00a0 \u00a0 \u00a0 \u00a0 \u00a0 Unidad: mm<\/strong><\/p>\n<table>\n<tbody>\n<tr>\n<td rowspan=\"2\" width=\"73\">&nbsp;<\/p>\n<p>Nominal<\/p>\n<p>Di\u00e1metro<\/td>\n<td rowspan=\"2\" width=\"94\">Internacional<\/p>\n<p>C\u00f3digo seg\u00fan la CEI<\/td>\n<td colspan=\"2\" width=\"132\">&nbsp;<\/p>\n<p>Pez\u00f3n<\/td>\n<td rowspan=\"2\" width=\"66\">Medio<\/p>\n<p>Di\u00e1metro<\/p>\n<p>D2\/D2<\/td>\n<td colspan=\"2\" width=\"142\">&nbsp;<\/p>\n<p>Enchufe<\/td>\n<td rowspan=\"2\" width=\"60\">Hilo<\/p>\n<p>paso<\/td>\n<\/tr>\n<tr>\n<td width=\"76\">Grande<\/p>\n<p>dia.<\/td>\n<td width=\"57\">Longitud<\/td>\n<td width=\"76\">Peque\u00f1o<\/p>\n<p>dia.<\/td>\n<td width=\"66\">Enchufe<\/p>\n<p>profundidad<\/td>\n<\/tr>\n<tr>\n<td width=\"73\">300<\/td>\n<td width=\"94\">177T3N<\/td>\n<td width=\"76\">177.16<\/td>\n<td width=\"57\">270.90<\/td>\n<td width=\"66\">172.95<\/td>\n<td width=\"76\">168.73<\/td>\n<td width=\"66\">141.50<\/td>\n<td rowspan=\"9\" width=\"60\">8.47<\/td>\n<\/tr>\n<tr>\n<td width=\"73\">350<\/td>\n<td width=\"94\">215 T3N<\/td>\n<td width=\"76\">215.90<\/td>\n<td width=\"57\">304.80<\/td>\n<td width=\"66\">211.69<\/td>\n<td width=\"76\">207.47<\/td>\n<td width=\"66\">158.40<\/td>\n<\/tr>\n<tr>\n<td width=\"73\">400<\/td>\n<td width=\"94\">215 T3N<\/td>\n<td width=\"76\">215.90<\/td>\n<td width=\"57\">304.80<\/td>\n<td width=\"66\">211.69<\/td>\n<td width=\"76\">207.47<\/td>\n<td width=\"66\">158.40<\/td>\n<\/tr>\n<tr>\n<td width=\"73\">400<\/td>\n<td width=\"94\">241 T3N<\/td>\n<td width=\"76\">241.30<\/td>\n<td width=\"57\">338.70<\/td>\n<td width=\"66\">237.09<\/td>\n<td width=\"76\">232.87<\/td>\n<td width=\"66\">175.30<\/td>\n<\/tr>\n<tr>\n<td width=\"73\">450<\/td>\n<td width=\"94\">241 T3N<\/td>\n<td width=\"76\">241.30<\/td>\n<td width=\"57\">338.70<\/td>\n<td width=\"66\">237.09<\/td>\n<td width=\"76\">232.87<\/td>\n<td width=\"66\">175.30<\/td>\n<\/tr>\n<tr>\n<td width=\"73\">450<\/td>\n<td width=\"94\">273 T3N<\/td>\n<td width=\"76\">273.05<\/td>\n<td width=\"57\">355.60<\/td>\n<td width=\"66\">268.84<\/td>\n<td width=\"76\">264.62<\/td>\n<td width=\"66\">183.80<\/td>\n<\/tr>\n<tr>\n<td width=\"73\">500<\/td>\n<td width=\"94\">273 T3N<\/td>\n<td width=\"76\">273.05<\/td>\n<td width=\"57\">355.60<\/td>\n<td width=\"66\">268.84<\/td>\n<td width=\"76\">264.62<\/td>\n<td width=\"66\">183.80<\/td>\n<\/tr>\n<tr>\n<td width=\"73\">500<\/td>\n<td width=\"94\">298 T3N<\/td>\n<td width=\"76\">298.45<\/td>\n<td width=\"57\">372.60<\/td>\n<td width=\"66\">294.24<\/td>\n<td width=\"76\">290.02<\/td>\n<td width=\"66\">192.20<\/td>\n<\/tr>\n<tr>\n<td width=\"73\">550<\/td>\n<td width=\"94\">298 T3N<\/td>\n<td width=\"76\">298.45<\/td>\n<td width=\"57\">372.60<\/td>\n<td width=\"66\">294.24<\/td>\n<td width=\"76\">290.02<\/td>\n<td width=\"66\">192.20<\/td>\n<\/tr>\n<tr>\n<td colspan=\"7\" width=\"508\"><\/td>\n<td width=\"60\"><\/td>\n<\/tr>\n<tr>\n<td width=\"73\">300<\/td>\n<td width=\"94\">177T4N<\/td>\n<td width=\"76\">177.80<\/td>\n<td width=\"57\">215.90<\/td>\n<td width=\"66\">176.64<\/td>\n<td width=\"76\">171.48<\/td>\n<td width=\"66\">114.00<\/td>\n<td rowspan=\"14\" width=\"60\">6.35<\/td>\n<\/tr>\n<tr>\n<td width=\"73\">350<\/td>\n<td width=\"94\">203 T4N<\/td>\n<td width=\"76\">203.20<\/td>\n<td width=\"57\">254.00<\/td>\n<td width=\"66\">200.04<\/td>\n<td width=\"76\">196.88<\/td>\n<td width=\"66\">133.00<\/td>\n<\/tr>\n<tr>\n<td width=\"73\">400<\/td>\n<td width=\"94\">222 T4N<\/td>\n<td width=\"76\">222.25<\/td>\n<td width=\"57\">304.80<\/td>\n<td width=\"66\">219.09<\/td>\n<td width=\"76\">215.93<\/td>\n<td width=\"66\">158.40<\/td>\n<\/tr>\n<tr>\n<td width=\"73\">400<\/td>\n<td width=\"94\">222 T4N<\/td>\n<td width=\"76\">222.25<\/td>\n<td width=\"57\">355.60<\/td>\n<td width=\"66\">219.09<\/td>\n<td width=\"76\">215.93<\/td>\n<td width=\"66\">183.80<\/td>\n<\/tr>\n<tr>\n<td width=\"73\">450<\/td>\n<td width=\"94\">241 T4N<\/td>\n<td width=\"76\">241.30<\/td>\n<td width=\"57\">304.80<\/td>\n<td width=\"66\">238.14<\/td>\n<td width=\"76\">234.98<\/td>\n<td width=\"66\">158.40<\/td>\n<\/tr>\n<tr>\n<td width=\"73\">450<\/td>\n<td width=\"94\">241 T4N<\/td>\n<td width=\"76\">241.30<\/td>\n<td width=\"57\">355.60<\/td>\n<td width=\"66\">238.14<\/td>\n<td width=\"76\">234.98<\/td>\n<td width=\"66\">183.80<\/td>\n<\/tr>\n<tr>\n<td width=\"73\">500<\/td>\n<td width=\"94\">269 T4N<\/td>\n<td width=\"76\">269.88<\/td>\n<td width=\"57\">355.60<\/td>\n<td width=\"66\">266.72<\/td>\n<td width=\"76\">263.56<\/td>\n<td width=\"66\">183.80<\/td>\n<\/tr>\n<tr>\n<td width=\"73\">500<\/td>\n<td width=\"94\">269 T4N<\/td>\n<td width=\"76\">269.88<\/td>\n<td width=\"57\">457.20<\/td>\n<td width=\"66\">266.72<\/td>\n<td width=\"76\">263.56<\/td>\n<td width=\"66\">234.60<\/p>\n<p>&nbsp;<\/td>\n<\/tr>\n<tr>\n<td width=\"73\">550<\/td>\n<td width=\"94\">298 T4N<\/td>\n<td width=\"76\">298.45<\/td>\n<td width=\"57\">355.60<\/td>\n<td width=\"66\">295.29<\/td>\n<td width=\"76\">292.13<\/td>\n<td width=\"66\">183.80<\/td>\n<\/tr>\n<tr>\n<td width=\"73\">550<\/td>\n<td width=\"94\">298 T4N<\/td>\n<td width=\"76\">298.45<\/td>\n<td width=\"57\">457.20<\/td>\n<td width=\"66\">295.29<\/td>\n<td width=\"76\">292.13<\/td>\n<td width=\"66\">234.60<\/td>\n<\/tr>\n<tr>\n<td width=\"73\">600<\/td>\n<td width=\"94\">317 T4N<\/td>\n<td width=\"76\">317.50<\/td>\n<td width=\"57\">355.60<\/td>\n<td width=\"66\">314.34<\/td>\n<td width=\"76\">311.18<\/td>\n<td width=\"66\">183.80<\/td>\n<\/tr>\n<tr>\n<td width=\"73\">600<\/td>\n<td width=\"94\">317 T4N<\/td>\n<td width=\"76\">317.50<\/td>\n<td width=\"57\">457.20<\/td>\n<td width=\"66\">314.34<\/td>\n<td width=\"76\">311.18<\/td>\n<td width=\"66\">234.60<\/td>\n<\/tr>\n<tr>\n<td width=\"73\">700<\/td>\n<td width=\"94\">374 T4N<\/td>\n<td width=\"76\">374.65<\/td>\n<td width=\"57\">457.20<\/td>\n<td width=\"66\">371.49<\/td>\n<td width=\"76\">368.33<\/td>\n<td width=\"66\">234.60<\/td>\n<\/tr>\n<tr>\n<td width=\"73\">700<\/td>\n<td width=\"94\">374 T4N<\/td>\n<td width=\"76\">374.65<\/td>\n<td width=\"57\">558.80<\/td>\n<td width=\"66\">371.49<\/td>\n<td width=\"76\">368.33<\/td>\n<td width=\"66\">285.40<\/td>\n<\/tr>\n<\/tbody>\n<\/table>","protected":false},"excerpt":{"rendered":"<p>La boquilla de electrodo de grafito es importante para conectar los electrodos en los procesos industriales de fabricaci\u00f3n de acero por arco el\u00e9ctrico. Conducen la electricidad, permitiendo que la corriente fluya a trav\u00e9s de los electrodos. La boquilla de grafito para electrodos est\u00e1 disponible en varios di\u00e1metros y longitudes, y el tama\u00f1o y la forma del accesorio dependen de la aplicaci\u00f3n.<\/p>\n<p>La boquilla debe inspeccionarse cuidadosamente en busca de da\u00f1os o desgaste y sustituirse si es necesario. Cuando la<a href=\"https:\/\/jinsuncarbon.com\/es_ar\/producto\/electrodo-de-grafito\/\">\u00a0electrodo de grafito<\/a> sale de f\u00e1brica, hay que procesar la superficie y convertir los dos extremos en orificios para niples con rosca trapezoidal. Cada electrodo est\u00e1 equipado con una boquilla.<\/p>","protected":false},"featured_media":1136,"template":"","meta":[],"product_brand":[],"product_cat":[37],"product_tag":[],"class_list":{"0":"post-4091","1":"product","2":"type-product","3":"status-publish","4":"has-post-thumbnail","6":"product_cat-graphite-electrode","8":"first","9":"instock","10":"shipping-taxable","11":"product-type-simple"},"yoast_head":"<!-- This site is optimized with the Yoast SEO Premium plugin v19.2.1 (Yoast SEO v25.3) - https:\/\/yoast.com\/wordpress\/plugins\/seo\/ -->\n<title>Graphite Electrode Nipple | Jinsun Carbon<\/title>\n<meta name=\"description\" content=\"Graphite electrode nipple, its main function in electric arc furnace is to connect two graphite electrodes. Ensure continuous use of electrodes.\" \/>\n<meta name=\"robots\" content=\"index, follow, max-snippet:-1, max-image-preview:large, max-video-preview:-1\" \/>\n<link rel=\"canonical\" href=\"https:\/\/jinsuncarbon.com\/es_ar\/producto\/boquilla-de-electrodo-de-grafito\/\" \/>\n<meta property=\"og:locale\" content=\"es_ES\" \/>\n<meta property=\"og:type\" content=\"article\" \/>\n<meta property=\"og:title\" content=\"Graphite Electrode Nipple\" \/>\n<meta property=\"og:description\" content=\"Graphite electrode nipple, its main function in electric arc furnace is to connect two graphite electrodes. Ensure continuous use of electrodes.\" \/>\n<meta property=\"og:url\" content=\"https:\/\/jinsuncarbon.com\/es_ar\/producto\/boquilla-de-electrodo-de-grafito\/\" \/>\n<meta property=\"og:site_name\" content=\"Jinsun Carbon\" \/>\n<meta property=\"article:publisher\" content=\"https:\/\/www.facebook.com\/Graphite-Electrode-109336238661595\" \/>\n<meta property=\"article:modified_time\" content=\"2024-11-01T01:07:37+00:00\" \/>\n<meta property=\"og:image\" content=\"https:\/\/jinsuncarbon.com\/wp-content\/uploads\/2022\/12\/nipples2-scaled.jpg\" \/>\n\t<meta property=\"og:image:width\" content=\"1920\" \/>\n\t<meta property=\"og:image:height\" content=\"1280\" \/>\n\t<meta property=\"og:image:type\" content=\"image\/jpeg\" \/>\n<meta name=\"twitter:card\" content=\"summary_large_image\" \/>\n<meta name=\"twitter:site\" content=\"@jinsuncarbon_\" \/>\n<meta name=\"twitter:label1\" content=\"Tiempo de lectura\" \/>\n\t<meta name=\"twitter:data1\" content=\"3 minutos\" \/>\n<script type=\"application\/ld+json\" class=\"yoast-schema-graph\">{\"@context\":\"https:\/\/schema.org\",\"@graph\":[{\"@type\":\"WebPage\",\"@id\":\"https:\/\/jinsuncarbon.com\/product\/graphite-electrode-nipple\/\",\"url\":\"https:\/\/jinsuncarbon.com\/product\/graphite-electrode-nipple\/\",\"name\":\"Graphite Electrode Nipple | Jinsun Carbon\",\"isPartOf\":{\"@id\":\"https:\/\/jinsuncarbon.com\/#website\"},\"primaryImageOfPage\":{\"@id\":\"https:\/\/jinsuncarbon.com\/product\/graphite-electrode-nipple\/#primaryimage\"},\"image\":{\"@id\":\"https:\/\/jinsuncarbon.com\/product\/graphite-electrode-nipple\/#primaryimage\"},\"thumbnailUrl\":\"https:\/\/jinsuncarbon.com\/wp-content\/uploads\/2022\/12\/nipples2-scaled.jpg\",\"datePublished\":\"2024-02-02T09:45:55+00:00\",\"dateModified\":\"2024-11-01T01:07:37+00:00\",\"description\":\"Graphite electrode nipple, its main function in electric arc furnace is to connect two graphite electrodes. Ensure continuous use of electrodes.\",\"breadcrumb\":{\"@id\":\"https:\/\/jinsuncarbon.com\/product\/graphite-electrode-nipple\/#breadcrumb\"},\"inLanguage\":\"es-AR\",\"potentialAction\":[{\"@type\":\"ReadAction\",\"target\":[\"https:\/\/jinsuncarbon.com\/product\/graphite-electrode-nipple\/\"]}]},{\"@type\":\"ImageObject\",\"inLanguage\":\"es-AR\",\"@id\":\"https:\/\/jinsuncarbon.com\/product\/graphite-electrode-nipple\/#primaryimage\",\"url\":\"https:\/\/jinsuncarbon.com\/wp-content\/uploads\/2022\/12\/nipples2-scaled.jpg\",\"contentUrl\":\"https:\/\/jinsuncarbon.com\/wp-content\/uploads\/2022\/12\/nipples2-scaled.jpg\",\"width\":1920,\"height\":1280,\"caption\":\"graphite electrode nipple\"},{\"@type\":\"BreadcrumbList\",\"@id\":\"https:\/\/jinsuncarbon.com\/product\/graphite-electrode-nipple\/#breadcrumb\",\"itemListElement\":[{\"@type\":\"ListItem\",\"position\":1,\"name\":\"Home\",\"item\":\"https:\/\/jinsuncarbon.com\/\"},{\"@type\":\"ListItem\",\"position\":2,\"name\":\"Products\",\"item\":\"https:\/\/jinsuncarbon.com\/graphite-carbon\/\"},{\"@type\":\"ListItem\",\"position\":3,\"name\":\"Graphite Electrode Nipple\"}]},{\"@type\":\"WebSite\",\"@id\":\"https:\/\/jinsuncarbon.com\/#website\",\"url\":\"https:\/\/jinsuncarbon.com\/\",\"name\":\"Jinsun Carbon\",\"description\":\"We are the successful graphite electrode manufacturer in China\",\"publisher\":{\"@id\":\"https:\/\/jinsuncarbon.com\/#organization\"},\"potentialAction\":[{\"@type\":\"SearchAction\",\"target\":{\"@type\":\"EntryPoint\",\"urlTemplate\":\"https:\/\/jinsuncarbon.com\/?s={search_term_string}\"},\"query-input\":{\"@type\":\"PropertyValueSpecification\",\"valueRequired\":true,\"valueName\":\"search_term_string\"}}],\"inLanguage\":\"es-AR\"},{\"@type\":\"Organization\",\"@id\":\"https:\/\/jinsuncarbon.com\/#organization\",\"name\":\"Jinsun Carbon\",\"alternateName\":\"Jinsun Carbon\",\"url\":\"https:\/\/jinsuncarbon.com\/\",\"logo\":{\"@type\":\"ImageObject\",\"inLanguage\":\"es-AR\",\"@id\":\"https:\/\/jinsuncarbon.com\/#\/schema\/logo\/image\/\",\"url\":\"https:\/\/jinsuncarbon.com\/wp-content\/uploads\/2022\/12\/LOGO-1.png\",\"contentUrl\":\"https:\/\/jinsuncarbon.com\/wp-content\/uploads\/2022\/12\/LOGO-1.png\",\"width\":207,\"height\":80,\"caption\":\"Jinsun Carbon\"},\"image\":{\"@id\":\"https:\/\/jinsuncarbon.com\/#\/schema\/logo\/image\/\"},\"sameAs\":[\"https:\/\/www.facebook.com\/Graphite-Electrode-109336238661595\",\"https:\/\/x.com\/jinsuncarbon_\",\"https:\/\/www.linkedin.com\/in\/jinsungraphite\",\"https:\/\/www.youtube.com\/channel\/UCysDNyvyR5-3cCWEmpkVC0g\"]}]}<\/script>\n<!-- \/ Yoast SEO Premium plugin. -->","yoast_head_json":{"title":"Espiga de electrodo de grafito | Jinsun Carbon","description":"Tetina de electrodo de grafito, su funci\u00f3n principal en el horno de arco el\u00e9ctrico es conectar dos electrodos de grafito. Garantiza el uso continuo de los electrodos.","robots":{"index":"index","follow":"follow","max-snippet":"max-snippet:-1","max-image-preview":"max-image-preview:large","max-video-preview":"max-video-preview:-1"},"canonical":"https:\/\/jinsuncarbon.com\/es_ar\/producto\/boquilla-de-electrodo-de-grafito\/","og_locale":"es_ES","og_type":"article","og_title":"Graphite Electrode Nipple","og_description":"Graphite electrode nipple, its main function in electric arc furnace is to connect two graphite electrodes. Ensure continuous use of electrodes.","og_url":"https:\/\/jinsuncarbon.com\/es_ar\/producto\/boquilla-de-electrodo-de-grafito\/","og_site_name":"Jinsun Carbon","article_publisher":"https:\/\/www.facebook.com\/Graphite-Electrode-109336238661595","article_modified_time":"2024-11-01T01:07:37+00:00","og_image":[{"width":1920,"height":1280,"url":"https:\/\/jinsuncarbon.com\/wp-content\/uploads\/2022\/12\/nipples2-scaled.jpg","type":"image\/jpeg"}],"twitter_card":"summary_large_image","twitter_site":"@jinsuncarbon_","twitter_misc":{"Tiempo de lectura":"3 minutos"},"schema":{"@context":"https:\/\/schema.org","@graph":[{"@type":"WebPage","@id":"https:\/\/jinsuncarbon.com\/product\/graphite-electrode-nipple\/","url":"https:\/\/jinsuncarbon.com\/product\/graphite-electrode-nipple\/","name":"Espiga de electrodo de grafito | Jinsun Carbon","isPartOf":{"@id":"https:\/\/jinsuncarbon.com\/#website"},"primaryImageOfPage":{"@id":"https:\/\/jinsuncarbon.com\/product\/graphite-electrode-nipple\/#primaryimage"},"image":{"@id":"https:\/\/jinsuncarbon.com\/product\/graphite-electrode-nipple\/#primaryimage"},"thumbnailUrl":"https:\/\/jinsuncarbon.com\/wp-content\/uploads\/2022\/12\/nipples2-scaled.jpg","datePublished":"2024-02-02T09:45:55+00:00","dateModified":"2024-11-01T01:07:37+00:00","description":"Tetina de electrodo de grafito, su funci\u00f3n principal en el horno de arco el\u00e9ctrico es conectar dos electrodos de grafito. Garantiza el uso continuo de los electrodos.","breadcrumb":{"@id":"https:\/\/jinsuncarbon.com\/product\/graphite-electrode-nipple\/#breadcrumb"},"inLanguage":"es-AR","potentialAction":[{"@type":"ReadAction","target":["https:\/\/jinsuncarbon.com\/product\/graphite-electrode-nipple\/"]}]},{"@type":"ImageObject","inLanguage":"es-AR","@id":"https:\/\/jinsuncarbon.com\/product\/graphite-electrode-nipple\/#primaryimage","url":"https:\/\/jinsuncarbon.com\/wp-content\/uploads\/2022\/12\/nipples2-scaled.jpg","contentUrl":"https:\/\/jinsuncarbon.com\/wp-content\/uploads\/2022\/12\/nipples2-scaled.jpg","width":1920,"height":1280,"caption":"graphite electrode nipple"},{"@type":"BreadcrumbList","@id":"https:\/\/jinsuncarbon.com\/product\/graphite-electrode-nipple\/#breadcrumb","itemListElement":[{"@type":"ListItem","position":1,"name":"Home","item":"https:\/\/jinsuncarbon.com\/"},{"@type":"ListItem","position":2,"name":"Products","item":"https:\/\/jinsuncarbon.com\/graphite-carbon\/"},{"@type":"ListItem","position":3,"name":"Graphite Electrode Nipple"}]},{"@type":"WebSite","@id":"https:\/\/jinsuncarbon.com\/#website","url":"https:\/\/jinsuncarbon.com\/","name":"Jinsun Carbon","description":"Somos el fabricante de electrodos de grafito con m\u00e1s \u00e9xito de China","publisher":{"@id":"https:\/\/jinsuncarbon.com\/#organization"},"potentialAction":[{"@type":"SearchAction","target":{"@type":"EntryPoint","urlTemplate":"https:\/\/jinsuncarbon.com\/?s={search_term_string}"},"query-input":{"@type":"PropertyValueSpecification","valueRequired":true,"valueName":"search_term_string"}}],"inLanguage":"es-AR"},{"@type":"Organization","@id":"https:\/\/jinsuncarbon.com\/#organization","name":"Jinsun Carbon","alternateName":"Jinsun Carbon","url":"https:\/\/jinsuncarbon.com\/","logo":{"@type":"ImageObject","inLanguage":"es-AR","@id":"https:\/\/jinsuncarbon.com\/#\/schema\/logo\/image\/","url":"https:\/\/jinsuncarbon.com\/wp-content\/uploads\/2022\/12\/LOGO-1.png","contentUrl":"https:\/\/jinsuncarbon.com\/wp-content\/uploads\/2022\/12\/LOGO-1.png","width":207,"height":80,"caption":"Jinsun Carbon"},"image":{"@id":"https:\/\/jinsuncarbon.com\/#\/schema\/logo\/image\/"},"sameAs":["https:\/\/www.facebook.com\/Graphite-Electrode-109336238661595","https:\/\/x.com\/jinsuncarbon_","https:\/\/www.linkedin.com\/in\/jinsungraphite","https:\/\/www.youtube.com\/channel\/UCysDNyvyR5-3cCWEmpkVC0g"]}]}},"_links":{"self":[{"href":"https:\/\/jinsuncarbon.com\/es_ar\/wp-json\/wp\/v2\/product\/4091","targetHints":{"allow":["GET"]}}],"collection":[{"href":"https:\/\/jinsuncarbon.com\/es_ar\/wp-json\/wp\/v2\/product"}],"about":[{"href":"https:\/\/jinsuncarbon.com\/es_ar\/wp-json\/wp\/v2\/types\/product"}],"wp:featuredmedia":[{"embeddable":true,"href":"https:\/\/jinsuncarbon.com\/es_ar\/wp-json\/wp\/v2\/media\/1136"}],"wp:attachment":[{"href":"https:\/\/jinsuncarbon.com\/es_ar\/wp-json\/wp\/v2\/media?parent=4091"}],"wp:term":[{"taxonomy":"product_brand","embeddable":true,"href":"https:\/\/jinsuncarbon.com\/es_ar\/wp-json\/wp\/v2\/product_brand?post=4091"},{"taxonomy":"product_cat","embeddable":true,"href":"https:\/\/jinsuncarbon.com\/es_ar\/wp-json\/wp\/v2\/product_cat?post=4091"},{"taxonomy":"product_tag","embeddable":true,"href":"https:\/\/jinsuncarbon.com\/es_ar\/wp-json\/wp\/v2\/product_tag?post=4091"}],"curies":[{"name":"wp","href":"https:\/\/api.w.org\/{rel}","templated":true}]}}