{"id":2407,"date":"2023-02-04T03:00:45","date_gmt":"2023-02-04T03:00:45","guid":{"rendered":"https:\/\/jinsuncarbon.com\/?post_type=product&#038;p=2407"},"modified":"2024-11-01T01:03:16","modified_gmt":"2024-11-01T01:03:16","slug":"electrodo-de-grafito","status":"publish","type":"product","link":"https:\/\/jinsuncarbon.com\/es_ar\/producto\/electrodo-de-grafito\/","title":{"rendered":"Electrodo de grafito"},"content":{"rendered":"<h2>\u00a0\u00bfQu\u00e9 es un electrodo de grafito?<\/h2>\n<p>El electrodo de grafito sirve como material de suministro de corriente en el espacio del horno de arco el\u00e9ctrico para el calentamiento y posterior fusi\u00f3n de la carga a altas temperaturas de hasta 1700 \u2103. En el coste de la fabricaci\u00f3n de acero eaf, el consumo de electrodos de grafito representa alrededor de 10%.<\/p>\n<p>Se fabrica con coque de petr\u00f3leo y coque de brea, y los grados de alta y ultra alta potencia se fabrican con coque de aguja. Tienen bajo contenido en cenizas, buena conductividad el\u00e9ctrica, resistencia al calor y a la corrosi\u00f3n, y no se funden ni deforman a altas temperaturas.<\/p>\n<h2>Tipos de electrodos de grafito<\/h2>\n<p>JINSUN tiene diferentes grados y di\u00e1metros. Usted puede elegir entre los tipos de grados RP, HP o UHP, que pueden ayudarle a mejorar el rendimiento del horno de arco el\u00e9ctrico, aumentar la eficiencia de la producci\u00f3n y aumentar los beneficios econ\u00f3micos. Tenemos varios di\u00e1metros, 150mm-700mm, que pueden ser utilizados para operaciones de fundici\u00f3n de hornos de arco el\u00e9ctrico de diferentes tonelajes.<\/p>\n<p>La elecci\u00f3n correcta del tipo y el tama\u00f1o del electrodo es muy importante. Esto desempe\u00f1ar\u00e1 un papel clave para garantizar la calidad del metal fundido y el funcionamiento normal del horno de arco el\u00e9ctrico.<\/p>\n<h2>Aplicaciones:<\/h2>\n<p>Los electrodos de grafito se utilizan principalmente en:<\/p>\n<ul>\n<li>Hornos el\u00e9ctricos de arco (EAF): Se utilizan para fabricar acero y fundir chatarra.<\/li>\n<li>Hornos de cuchara de refinado: Utilizados para el afino secundario del acero.<\/li>\n<li>Hornos de arco sumergido: Utilizados para la producci\u00f3n de ferroaleaciones y otros metales.<\/li>\n<li>Hornos de resistencia: Producir carburo de silicio, vidrio, etc.<\/li>\n<\/ul>\n<p>&nbsp;<\/p>\n<p><strong>Industria metal\u00fargica del hierro y el acero:<\/strong> El electrodo de grafito es un importante material conductor para hornos de arco el\u00e9ctrico, utilizado en los procesos de fabricaci\u00f3n de acero (bruto y refinado) y fundici\u00f3n de acero. Puede soportar altas temperaturas y densidades de corriente de alto nivel, y cumple la funci\u00f3n de conducir la corriente y calentar las piezas durante la descarga del arco.<\/p>\n<p><strong>Fundici\u00f3n de minerales y metales:<\/strong> Los electrodos de grafito tambi\u00e9n se utilizan mucho en la fundici\u00f3n de metales no f\u00e9rreos, como el cobre, el aluminio y el zinc. En los hornos electrol\u00edticos, los electrodos de grafito se utilizan como \u00e1nodos o c\u00e1todos para conducir la corriente y los reactivos.<\/p>\n<p><strong>Industria qu\u00edmica:<\/strong> Los electrodos de grafito tambi\u00e9n tienen usos importantes en las reacciones qu\u00edmicas. Pueden utilizarse en electr\u00f3lisis, electrooxidaci\u00f3n, electrorreducci\u00f3n y otros procesos para proporcionar entrada de corriente y superficies de reacci\u00f3n qu\u00edmica.<\/p>\n<p><strong>Almacenamiento de electricidad:<\/strong> Los electrodos de grafito tambi\u00e9n se utilizan en el campo del almacenamiento de energ\u00eda, incluidas las bater\u00edas de almacenamiento de energ\u00eda, los dispositivos de almacenamiento de energ\u00eda y los sistemas de bater\u00edas. Pueden almacenar y liberar energ\u00eda el\u00e9ctrica de forma eficiente, favoreciendo la conversi\u00f3n y utilizaci\u00f3n de la energ\u00eda.<\/p>\n<p>&nbsp;<\/p>\n<p><img fetchpriority=\"high\" decoding=\"async\" class=\"alignnone wp-image-2488\" src=\"https:\/\/jinsuncarbon.com\/wp-content\/uploads\/2023\/02\/888-300x200.jpg\" alt=\"fabricaci\u00f3n de acero en horno de arco el\u00e9ctrico\" width=\"353\" height=\"235\" srcset=\"https:\/\/jinsuncarbon.com\/wp-content\/uploads\/2023\/02\/888-300x200.jpg 300w, https:\/\/jinsuncarbon.com\/wp-content\/uploads\/2023\/02\/888.jpg 600w\" sizes=\"(max-width: 353px) 100vw, 353px\" \/> <img decoding=\"async\" class=\"alignnone wp-image-2491\" src=\"https:\/\/jinsuncarbon.com\/wp-content\/uploads\/2023\/02\/7-300x200.jpg\" alt=\"Los electrodos de grafito se utilizan en hornos de arco el\u00e9ctrico\" width=\"351\" height=\"234\" srcset=\"https:\/\/jinsuncarbon.com\/wp-content\/uploads\/2023\/02\/7-300x200.jpg 300w, https:\/\/jinsuncarbon.com\/wp-content\/uploads\/2023\/02\/7-600x400.jpg 600w, https:\/\/jinsuncarbon.com\/wp-content\/uploads\/2023\/02\/7-768x512.jpg 768w, https:\/\/jinsuncarbon.com\/wp-content\/uploads\/2023\/02\/7.jpg 1024w\" sizes=\"(max-width: 351px) 100vw, 351px\" \/><img decoding=\"async\" class=\"alignnone wp-image-2489\" src=\"https:\/\/jinsuncarbon.com\/wp-content\/uploads\/2023\/02\/Graphite-Electrode-for-Silicon-Phosphorus-and-Steel-Making.webp.jpg\" alt=\"Horno de cuchara para refinado de acero\" width=\"336\" height=\"235\" \/><\/p>\n<h2>Caracter\u00edsticas y ventajas<\/h2>\n<p>El electrodo de grafito es una materia prima clave como buen conductor en el EAF <a href=\"https:\/\/corporate.arcelormittal.com\/about\/making-steel#:~:text=Steel%20is%20made%20from%20iron,the%20electric%20arc%20furnace%20route.\" target=\"_blank\" rel=\"noopener\">siderurgia<\/a> proceso.  Como fuente de energ\u00eda el\u00e9ctrica para un horno de arco el\u00e9ctrico, que es la forma m\u00e1s eficaz de calentar y fundir chatarra de acero. Conducen la electricidad desde la fuente de energ\u00eda hasta el horno, permiti\u00e9ndole alcanzar las temperaturas de alto nivel necesarias para la producci\u00f3n de acero.<\/p>\n<ul>\n<li>Alta densidad aparente<\/li>\n<li>baja resistencia espec\u00edfica<\/li>\n<li>Permiten una gran carga de corriente<\/li>\n<li>Coeficiente de dilataci\u00f3n t\u00e9rmica peque\u00f1o<\/li>\n<li>Alta resistencia a la flexi\u00f3n<\/li>\n<li>Bajo contenido en cenizas<\/li>\n<li>Gran rendimiento del mecanizado de grafito<\/li>\n<\/ul>\n<p>&nbsp;<\/p>\n<p><img loading=\"lazy\" decoding=\"async\" class=\"alignnone wp-image-5054 size-large\" src=\"https:\/\/jinsuncarbon.com\/wp-content\/uploads\/2023\/02\/China-graphite-electrode-supplier--1024x577.jpg\" alt=\"China proveedor de electrodos de grafito \" width=\"800\" height=\"451\" srcset=\"https:\/\/jinsuncarbon.com\/wp-content\/uploads\/2023\/02\/China-graphite-electrode-supplier--1024x577.jpg 1024w, https:\/\/jinsuncarbon.com\/wp-content\/uploads\/2023\/02\/China-graphite-electrode-supplier--600x338.jpg 600w, https:\/\/jinsuncarbon.com\/wp-content\/uploads\/2023\/02\/China-graphite-electrode-supplier--300x169.jpg 300w, https:\/\/jinsuncarbon.com\/wp-content\/uploads\/2023\/02\/China-graphite-electrode-supplier--768x433.jpg 768w, https:\/\/jinsuncarbon.com\/wp-content\/uploads\/2023\/02\/China-graphite-electrode-supplier--18x10.jpg 18w, https:\/\/jinsuncarbon.com\/wp-content\/uploads\/2023\/02\/China-graphite-electrode-supplier-.jpg 1447w\" sizes=\"(max-width: 800px) 100vw, 800px\" \/><\/p>\n<p>&nbsp;<\/p>\n<h2>Su proveedor profesional de electrodos de grafito en China.<\/h2>\n<p>JINSUN es un fabricante y proveedor profesional de electrodos de grafito en China. Suministramos electrodos de grafito UHP\/HP\/RP de alta calidad, que se utilizan en la fabricaci\u00f3n de acero EAF, la industria de la fundici\u00f3n y la industria metal\u00fargica. Utilizamos procesos de fabricaci\u00f3n avanzados para producir productos de alta calidad. Adem\u00e1s de esto, JINSUN tambi\u00e9n ofrece en diferentes grados. Tambi\u00e9n est\u00e1 disponible en longitudes, di\u00e1metros y dise\u00f1os personalizados.<\/p>\n<p>&nbsp;<\/p>\n<h2>Especificaciones del electrodo de grafito<\/h2>\n<table border=\"0.5\">\n<tbody>\n<tr>\n<td colspan=\"2\"><strong>Di\u00e1metro nominal<\/strong><\/td>\n<td colspan=\"3\"><strong>Di\u00e1metro real<\/strong><\/td>\n<td rowspan=\"2\"><strong>Longitud nominal (mm)<\/strong><\/td>\n<\/tr>\n<tr>\n<td><strong>mm<\/strong><\/td>\n<td><strong>En pulgadas<\/strong><\/td>\n<td><strong>M\u00e1x(mm)<\/strong><\/td>\n<td><strong>M\u00ednimo (mm)<\/strong><\/td>\n<td><strong>Di\u00e1metro m\u00ednimo de la corteza (mm)<\/strong><\/td>\n<\/tr>\n<tr>\n<td>150<\/td>\n<td>6<\/td>\n<td>154<\/td>\n<td>149<\/td>\n<td>146<\/td>\n<td>1500-1800<\/td>\n<\/tr>\n<tr>\n<td>200<\/td>\n<td>8<\/td>\n<td>205<\/td>\n<td>200<\/td>\n<td>197<\/td>\n<td>1500-1800<\/td>\n<\/tr>\n<tr>\n<td>250<\/td>\n<td>10<\/td>\n<td>256<\/td>\n<td>251<\/td>\n<td>248<\/td>\n<td>1500-2100<\/td>\n<\/tr>\n<tr>\n<td>300<\/td>\n<td>12<\/td>\n<td>307<\/td>\n<td>302<\/td>\n<td>299<\/td>\n<td>1500-2100<\/td>\n<\/tr>\n<tr>\n<td>350<\/td>\n<td>14<\/td>\n<td>357<\/td>\n<td>352<\/td>\n<td>349<\/td>\n<td>1500-2400<\/td>\n<\/tr>\n<tr>\n<td>400<\/td>\n<td>16<\/td>\n<td>409<\/td>\n<td>403<\/td>\n<td>400<\/td>\n<td>1500-2400<\/td>\n<\/tr>\n<tr>\n<td>450<\/td>\n<td>18<\/td>\n<td>460<\/td>\n<td>454<\/td>\n<td>451<\/td>\n<td>1500-2400<\/td>\n<\/tr>\n<tr>\n<td>500<\/td>\n<td>20<\/td>\n<td>511<\/td>\n<td>505<\/td>\n<td>502<\/td>\n<td>1800-2700<\/td>\n<\/tr>\n<tr>\n<td>550<\/td>\n<td>22<\/td>\n<td>562<\/td>\n<td>556<\/td>\n<td>553<\/td>\n<td>1800-2700<\/td>\n<\/tr>\n<tr>\n<td>600<\/td>\n<td>24<\/td>\n<td>613<\/td>\n<td>607<\/td>\n<td>604<\/td>\n<td>2100-2700<\/td>\n<\/tr>\n<tr>\n<td>650<\/td>\n<td>26<\/td>\n<td>663<\/td>\n<td>657<\/td>\n<td>654<\/td>\n<td>2100-2700<\/td>\n<\/tr>\n<tr>\n<td>700<\/td>\n<td>28<\/td>\n<td>714<\/td>\n<td>708<\/td>\n<td>705<\/td>\n<td>2100-2700<\/td>\n<\/tr>\n<tr>\n<td>750<\/td>\n<td>30<\/td>\n<td>765<\/td>\n<td>759<\/td>\n<td>756<\/td>\n<td>2400-2700<\/td>\n<\/tr>\n<tr>\n<td>800<\/td>\n<td>32<\/td>\n<td>816<\/td>\n<td>810<\/td>\n<td>807<\/td>\n<td>2400-2700<\/td>\n<\/tr>\n<\/tbody>\n<\/table>\n<p>&nbsp;<\/p>\n<p>&nbsp;<\/p>\n<h2>Preguntas frecuentes:<\/h2>\n<h3>\u00bfC\u00f3mo funciona en la siderurgia eaf?<\/h3>\n<p>El electrodo de grafito introduce la corriente el\u00e9ctrica en el horno de fabricaci\u00f3n de acero, que es el proceso de fabricaci\u00f3n de acero en horno de arco el\u00e9ctrico. La fuerte corriente se transmite desde el transformador del horno a trav\u00e9s del cable al soporte en el extremo de los tres brazos de electrodos y fluye en \u00e9l.<\/p>\n<p>Por lo tanto, entre el extremo del electrodo y la carga se produce una descarga de arco, y la carga comienza a fundirse utilizando el calor generado por el arco y la carga comienza a fundirse. Seg\u00fan la capacidad del horno el\u00e9ctrico, el fabricante elegir\u00e1 diferentes di\u00e1metros para su uso.<\/p>\n<p>Para utilizar continuamente los electrodos de grafito durante el proceso de fundici\u00f3n, los conectamos mediante espigas roscadas. Dado que la secci\u00f3n transversal de la espiga es menor que la del electrodo, la espiga debe tener mayor resistencia a la compresi\u00f3n y menor resistividad que el electrodo.<\/p>\n<p>Adem\u00e1s, existen varios tama\u00f1os, en funci\u00f3n de su uso y de los requisitos espec\u00edficos del proceso de fabricaci\u00f3n de acero eaf.<\/p>\n<h3>\u00bfCu\u00e1l es el c\u00f3digo SA de los electrodos de grafito?<\/h3>\n<p>El c\u00f3digo del Sistema Armonizado (SA) para los electrodos de grafito es generalmente 8545.1100.<\/p>\n<h3>\u00bfC\u00f3mo es el consumo del electrodo de grafito?<\/h3>\n<p>El consumo de electrodos var\u00eda con la densidad de corriente, normalmente entre 0,8 y 2 kg por tonelada de acero.<\/p>\n<p>Los electrodos de grafito de diferentes potencias se utilizan en hornos de arco el\u00e9ctrico de diferentes tonelajes. Al mismo tiempo, debe tener en cuenta las especificaciones del electrodo, el funcionamiento en el horno, como la pureza de la chatarra de acero, el soplado de ox\u00edgeno del horno de arco el\u00e9ctrico, etc. As\u00ed podr\u00e1 calcular el consumo con mayor precisi\u00f3n.<\/p>\n<h3>\u00bfPor qu\u00e9 hay que cambiar regularmente los electrodos de grafito?<\/h3>\n<p>Debido a las tensiones t\u00e9rmicas y mec\u00e1nicas, se oxidan con el tiempo, por lo que deben sustituirse peri\u00f3dicamente para garantizar su eficacia.<\/p>\n<p>Los electrodos de grafito reaccionan con el ox\u00edgeno durante la electricidad a alta temperatura. Como resultado de la oxidaci\u00f3n gradual, el di\u00e1metro y la longitud se reducen. La sustituci\u00f3n peri\u00f3dica de los electrodos puede garantizar la entrada de corriente y la estabilidad del arco en el horno de arco. Esto no afectar\u00e1 a la calidad de los productos de acero y garantizar\u00e1 la eficiencia de la producci\u00f3n.<\/p>\n<h3>Principales factores que influyen en el precio de los electrodos de grafito.<\/h3>\n<p>Coste de la materia prima: El precio del coque de petr\u00f3leo y del coque de aguja afecta directamente al coste de producci\u00f3n del mismo, y tambi\u00e9n afecta a la <a href=\"https:\/\/jinsuncarbon.com\/es_ar\/\">precio<\/a>.<\/p>\n<p>Precio de la energ\u00eda: Los procesos de producci\u00f3n de calcinaci\u00f3n y grafitizaci\u00f3n requieren grandes cantidades de electricidad. As\u00ed que las fluctuaciones del precio de la energ\u00eda pueden repercutir en el precio final.<\/p>\n<p>Desarrollo de la tecnolog\u00eda de los hornos de arco el\u00e9ctrico: La aparici\u00f3n de hornos de arco el\u00e9ctrico de gran tonelaje y potencia ultraelevada impone mayores exigencias a su rendimiento. Por lo tanto, el coste del proceso de producci\u00f3n y de la tecnolog\u00eda tambi\u00e9n aumenta en consecuencia.<\/p>\n<p>Oferta y demanda del mercado: Cuando aumente el n\u00famero de hornos de arco el\u00e9ctrico, aumentar\u00e1 inevitablemente la demanda y es probable que suban los precios.<\/p>\n<p>Gastos de env\u00edo: Fluctuaciones de precios en los fletes mar\u00edtimos o terrestres, que pueden influir en el precio final.<\/p>\n<p>Situaci\u00f3n econ\u00f3mica internacional: Cambios en las relaciones y pol\u00edticas comerciales, fluctuaciones de los tipos de cambio, etc. Pueden repercutir en la importaci\u00f3n y exportaci\u00f3n de materias primas, afectando as\u00ed al precio.<\/p>\n<h3>\u00bfPor qu\u00e9 se utilizan electrodos de grafito en la electr\u00f3lisis?<\/h3>\n<p>Su excelente conductividad el\u00e9ctrica y estabilidad t\u00e9rmica los hacen ideales para aplicaciones de electr\u00f3lisis.<\/p>\n<p>El electrodo de grafito puede seguir manteniendo la estabilidad qu\u00edmica cuando se enciende la electricidad y se genera alta temperatura. Puede utilizarse como \u00e1nodo y como c\u00e1todo. No reaccionar\u00e1 con la soluci\u00f3n durante el proceso de electr\u00f3lisis, ni se corroer\u00e1 f\u00e1cilmente, y puede mantener un funcionamiento estable.<\/p>\n<h3>Electrodo de grafito frente a electrodo de carbono:<\/h3>\n<p>Los electrodos de grafito son generalmente superiores a los electrodos de carbono convencionales debido a su menor resistencia el\u00e9ctrica y mayor estabilidad t\u00e9rmica.<\/p>\n<p>El coste de producci\u00f3n de los electrodos de carbono es menor porque no hay proceso de grafitizaci\u00f3n. Por lo tanto, el precio es relativamente bajo y se ahorra m\u00e1s en costes de producci\u00f3n.<\/p>\n<p>&nbsp;<\/p>","protected":false},"excerpt":{"rendered":"<p>Los electrodos de grafito se utilizan en hornos de arco el\u00e9ctrico, hornos de cuchara y hornos de arco sumergido. Como buen conductor, se utiliza para generar un arco, y el calor del arco se utiliza para fundir y refinar el acero, los metales no ferrosos y sus aleaciones. Es un buen conductor de corriente en el horno de arco el\u00e9ctrico, no se funde ni se deforma a altas temperaturas y mantiene una resistencia mec\u00e1nica espec\u00edfica.  Existen tres tipos: <a href=\"https:\/\/jinsuncarbon.com\/es_ar\/producto\/electrodo-de-grafito-rp\/\">RP \u3001<\/a><a href=\"https:\/\/jinsuncarbon.com\/es_ar\/producto\/electrodo-de-grafito-hp\/\">HP<\/a>y <a href=\"https:\/\/jinsuncarbon.com\/es_ar\/producto\/electrodo-de-grafito-uhp\/\">Electrodo de grafito UHP<\/a>.<\/p>","protected":false},"featured_media":2555,"template":"","meta":[],"product_brand":[],"product_cat":[37],"product_tag":[43],"class_list":{"0":"post-2407","1":"product","2":"type-product","3":"status-publish","4":"has-post-thumbnail","6":"product_cat-graphite-electrode","7":"product_tag-graphtie-electrodeeafsteelmaking","9":"first","10":"instock","11":"shipping-taxable","12":"product-type-simple"},"yoast_head":"<!-- This site is optimized with the Yoast SEO Premium plugin v19.2.1 (Yoast SEO v25.3) - https:\/\/yoast.com\/wordpress\/plugins\/seo\/ -->\n<title>UHP\/HP\/RP Graphite Electrode Manufacturer &amp; Supplier in China<\/title>\n<meta name=\"description\" content=\"Graphite electrode mainly used for electric arc furnaces and submerged heat and resistance furnaces as a good conductor in eaf steelmaking.\" \/>\n<meta name=\"robots\" content=\"index, follow, max-snippet:-1, max-image-preview:large, max-video-preview:-1\" \/>\n<link rel=\"canonical\" href=\"https:\/\/jinsuncarbon.com\/es_ar\/producto\/electrodo-de-grafito\/\" \/>\n<meta property=\"og:locale\" content=\"es_ES\" \/>\n<meta property=\"og:type\" content=\"article\" \/>\n<meta property=\"og:title\" content=\"Graphite Electrode\" \/>\n<meta property=\"og:description\" content=\"Graphite electrode mainly used for electric arc furnaces and submerged heat and resistance furnaces as a good conductor in eaf steelmaking.\" \/>\n<meta property=\"og:url\" content=\"https:\/\/jinsuncarbon.com\/es_ar\/producto\/electrodo-de-grafito\/\" \/>\n<meta property=\"og:site_name\" content=\"Jinsun Carbon\" \/>\n<meta property=\"article:publisher\" content=\"https:\/\/www.facebook.com\/Graphite-Electrode-109336238661595\" \/>\n<meta property=\"article:modified_time\" content=\"2024-11-01T01:03:16+00:00\" \/>\n<meta property=\"og:image\" content=\"https:\/\/jinsuncarbon.com\/wp-content\/uploads\/2023\/02\/506.jpg\" \/>\n\t<meta property=\"og:image:width\" content=\"1024\" \/>\n\t<meta property=\"og:image:height\" content=\"763\" \/>\n\t<meta property=\"og:image:type\" content=\"image\/jpeg\" \/>\n<meta name=\"twitter:card\" content=\"summary_large_image\" \/>\n<meta name=\"twitter:site\" content=\"@jinsuncarbon_\" \/>\n<meta name=\"twitter:label1\" content=\"Tiempo de lectura\" \/>\n\t<meta name=\"twitter:data1\" content=\"7 minutos\" \/>\n<script type=\"application\/ld+json\" class=\"yoast-schema-graph\">{\"@context\":\"https:\/\/schema.org\",\"@graph\":[{\"@type\":\"WebPage\",\"@id\":\"https:\/\/jinsuncarbon.com\/product\/graphite-electrode\/\",\"url\":\"https:\/\/jinsuncarbon.com\/product\/graphite-electrode\/\",\"name\":\"UHP\/HP\/RP Graphite Electrode Manufacturer & Supplier in China\",\"isPartOf\":{\"@id\":\"https:\/\/jinsuncarbon.com\/#website\"},\"primaryImageOfPage\":{\"@id\":\"https:\/\/jinsuncarbon.com\/product\/graphite-electrode\/#primaryimage\"},\"image\":{\"@id\":\"https:\/\/jinsuncarbon.com\/product\/graphite-electrode\/#primaryimage\"},\"thumbnailUrl\":\"https:\/\/jinsuncarbon.com\/wp-content\/uploads\/2023\/02\/506.jpg\",\"datePublished\":\"2023-02-04T03:00:45+00:00\",\"dateModified\":\"2024-11-01T01:03:16+00:00\",\"description\":\"Graphite electrode mainly used for electric arc furnaces and submerged heat and resistance furnaces as a good conductor in eaf steelmaking.\",\"breadcrumb\":{\"@id\":\"https:\/\/jinsuncarbon.com\/product\/graphite-electrode\/#breadcrumb\"},\"inLanguage\":\"es-AR\",\"potentialAction\":[{\"@type\":\"ReadAction\",\"target\":[\"https:\/\/jinsuncarbon.com\/product\/graphite-electrode\/\"]}]},{\"@type\":\"ImageObject\",\"inLanguage\":\"es-AR\",\"@id\":\"https:\/\/jinsuncarbon.com\/product\/graphite-electrode\/#primaryimage\",\"url\":\"https:\/\/jinsuncarbon.com\/wp-content\/uploads\/2023\/02\/506.jpg\",\"contentUrl\":\"https:\/\/jinsuncarbon.com\/wp-content\/uploads\/2023\/02\/506.jpg\",\"width\":1024,\"height\":763,\"caption\":\"graphite electrode-uhp\/hp\/rp graphite electrode\"},{\"@type\":\"BreadcrumbList\",\"@id\":\"https:\/\/jinsuncarbon.com\/product\/graphite-electrode\/#breadcrumb\",\"itemListElement\":[{\"@type\":\"ListItem\",\"position\":1,\"name\":\"Home\",\"item\":\"https:\/\/jinsuncarbon.com\/\"},{\"@type\":\"ListItem\",\"position\":2,\"name\":\"Products\",\"item\":\"https:\/\/jinsuncarbon.com\/graphite-carbon\/\"},{\"@type\":\"ListItem\",\"position\":3,\"name\":\"Graphite Electrode\"}]},{\"@type\":\"WebSite\",\"@id\":\"https:\/\/jinsuncarbon.com\/#website\",\"url\":\"https:\/\/jinsuncarbon.com\/\",\"name\":\"Jinsun Carbon\",\"description\":\"We are the successful graphite electrode manufacturer in China\",\"publisher\":{\"@id\":\"https:\/\/jinsuncarbon.com\/#organization\"},\"potentialAction\":[{\"@type\":\"SearchAction\",\"target\":{\"@type\":\"EntryPoint\",\"urlTemplate\":\"https:\/\/jinsuncarbon.com\/?s={search_term_string}\"},\"query-input\":{\"@type\":\"PropertyValueSpecification\",\"valueRequired\":true,\"valueName\":\"search_term_string\"}}],\"inLanguage\":\"es-AR\"},{\"@type\":\"Organization\",\"@id\":\"https:\/\/jinsuncarbon.com\/#organization\",\"name\":\"Jinsun Carbon\",\"alternateName\":\"Jinsun Carbon\",\"url\":\"https:\/\/jinsuncarbon.com\/\",\"logo\":{\"@type\":\"ImageObject\",\"inLanguage\":\"es-AR\",\"@id\":\"https:\/\/jinsuncarbon.com\/#\/schema\/logo\/image\/\",\"url\":\"https:\/\/jinsuncarbon.com\/wp-content\/uploads\/2022\/12\/LOGO-1.png\",\"contentUrl\":\"https:\/\/jinsuncarbon.com\/wp-content\/uploads\/2022\/12\/LOGO-1.png\",\"width\":207,\"height\":80,\"caption\":\"Jinsun Carbon\"},\"image\":{\"@id\":\"https:\/\/jinsuncarbon.com\/#\/schema\/logo\/image\/\"},\"sameAs\":[\"https:\/\/www.facebook.com\/Graphite-Electrode-109336238661595\",\"https:\/\/x.com\/jinsuncarbon_\",\"https:\/\/www.linkedin.com\/in\/jinsungraphite\",\"https:\/\/www.youtube.com\/channel\/UCysDNyvyR5-3cCWEmpkVC0g\"]}]}<\/script>\n<!-- \/ Yoast SEO Premium plugin. -->","yoast_head_json":{"title":"Fabricante y proveedor de electrodos de grafito UHP\/HP\/RP en China","description":"Electrodo de grafito utilizado principalmente para hornos de arco el\u00e9ctrico y hornos sumergidos de calor y resistencia como buen conductor en la fabricaci\u00f3n de acero eaf.","robots":{"index":"index","follow":"follow","max-snippet":"max-snippet:-1","max-image-preview":"max-image-preview:large","max-video-preview":"max-video-preview:-1"},"canonical":"https:\/\/jinsuncarbon.com\/es_ar\/producto\/electrodo-de-grafito\/","og_locale":"es_ES","og_type":"article","og_title":"Graphite Electrode","og_description":"Graphite electrode mainly used for electric arc furnaces and submerged heat and resistance furnaces as a good conductor in eaf steelmaking.","og_url":"https:\/\/jinsuncarbon.com\/es_ar\/producto\/electrodo-de-grafito\/","og_site_name":"Jinsun Carbon","article_publisher":"https:\/\/www.facebook.com\/Graphite-Electrode-109336238661595","article_modified_time":"2024-11-01T01:03:16+00:00","og_image":[{"width":1024,"height":763,"url":"https:\/\/jinsuncarbon.com\/wp-content\/uploads\/2023\/02\/506.jpg","type":"image\/jpeg"}],"twitter_card":"summary_large_image","twitter_site":"@jinsuncarbon_","twitter_misc":{"Tiempo de lectura":"7 minutos"},"schema":{"@context":"https:\/\/schema.org","@graph":[{"@type":"WebPage","@id":"https:\/\/jinsuncarbon.com\/product\/graphite-electrode\/","url":"https:\/\/jinsuncarbon.com\/product\/graphite-electrode\/","name":"Fabricante y proveedor de electrodos de grafito UHP\/HP\/RP en China","isPartOf":{"@id":"https:\/\/jinsuncarbon.com\/#website"},"primaryImageOfPage":{"@id":"https:\/\/jinsuncarbon.com\/product\/graphite-electrode\/#primaryimage"},"image":{"@id":"https:\/\/jinsuncarbon.com\/product\/graphite-electrode\/#primaryimage"},"thumbnailUrl":"https:\/\/jinsuncarbon.com\/wp-content\/uploads\/2023\/02\/506.jpg","datePublished":"2023-02-04T03:00:45+00:00","dateModified":"2024-11-01T01:03:16+00:00","description":"Electrodo de grafito utilizado principalmente para hornos de arco el\u00e9ctrico y hornos sumergidos de calor y resistencia como buen conductor en la fabricaci\u00f3n de acero eaf.","breadcrumb":{"@id":"https:\/\/jinsuncarbon.com\/product\/graphite-electrode\/#breadcrumb"},"inLanguage":"es-AR","potentialAction":[{"@type":"ReadAction","target":["https:\/\/jinsuncarbon.com\/product\/graphite-electrode\/"]}]},{"@type":"ImageObject","inLanguage":"es-AR","@id":"https:\/\/jinsuncarbon.com\/product\/graphite-electrode\/#primaryimage","url":"https:\/\/jinsuncarbon.com\/wp-content\/uploads\/2023\/02\/506.jpg","contentUrl":"https:\/\/jinsuncarbon.com\/wp-content\/uploads\/2023\/02\/506.jpg","width":1024,"height":763,"caption":"graphite electrode-uhp\/hp\/rp graphite electrode"},{"@type":"BreadcrumbList","@id":"https:\/\/jinsuncarbon.com\/product\/graphite-electrode\/#breadcrumb","itemListElement":[{"@type":"ListItem","position":1,"name":"Home","item":"https:\/\/jinsuncarbon.com\/"},{"@type":"ListItem","position":2,"name":"Products","item":"https:\/\/jinsuncarbon.com\/graphite-carbon\/"},{"@type":"ListItem","position":3,"name":"Graphite Electrode"}]},{"@type":"WebSite","@id":"https:\/\/jinsuncarbon.com\/#website","url":"https:\/\/jinsuncarbon.com\/","name":"Jinsun Carbon","description":"Somos el fabricante de electrodos de grafito con m\u00e1s \u00e9xito de China","publisher":{"@id":"https:\/\/jinsuncarbon.com\/#organization"},"potentialAction":[{"@type":"SearchAction","target":{"@type":"EntryPoint","urlTemplate":"https:\/\/jinsuncarbon.com\/?s={search_term_string}"},"query-input":{"@type":"PropertyValueSpecification","valueRequired":true,"valueName":"search_term_string"}}],"inLanguage":"es-AR"},{"@type":"Organization","@id":"https:\/\/jinsuncarbon.com\/#organization","name":"Jinsun Carbon","alternateName":"Jinsun Carbon","url":"https:\/\/jinsuncarbon.com\/","logo":{"@type":"ImageObject","inLanguage":"es-AR","@id":"https:\/\/jinsuncarbon.com\/#\/schema\/logo\/image\/","url":"https:\/\/jinsuncarbon.com\/wp-content\/uploads\/2022\/12\/LOGO-1.png","contentUrl":"https:\/\/jinsuncarbon.com\/wp-content\/uploads\/2022\/12\/LOGO-1.png","width":207,"height":80,"caption":"Jinsun Carbon"},"image":{"@id":"https:\/\/jinsuncarbon.com\/#\/schema\/logo\/image\/"},"sameAs":["https:\/\/www.facebook.com\/Graphite-Electrode-109336238661595","https:\/\/x.com\/jinsuncarbon_","https:\/\/www.linkedin.com\/in\/jinsungraphite","https:\/\/www.youtube.com\/channel\/UCysDNyvyR5-3cCWEmpkVC0g"]}]}},"_links":{"self":[{"href":"https:\/\/jinsuncarbon.com\/es_ar\/wp-json\/wp\/v2\/product\/2407","targetHints":{"allow":["GET"]}}],"collection":[{"href":"https:\/\/jinsuncarbon.com\/es_ar\/wp-json\/wp\/v2\/product"}],"about":[{"href":"https:\/\/jinsuncarbon.com\/es_ar\/wp-json\/wp\/v2\/types\/product"}],"wp:featuredmedia":[{"embeddable":true,"href":"https:\/\/jinsuncarbon.com\/es_ar\/wp-json\/wp\/v2\/media\/2555"}],"wp:attachment":[{"href":"https:\/\/jinsuncarbon.com\/es_ar\/wp-json\/wp\/v2\/media?parent=2407"}],"wp:term":[{"taxonomy":"product_brand","embeddable":true,"href":"https:\/\/jinsuncarbon.com\/es_ar\/wp-json\/wp\/v2\/product_brand?post=2407"},{"taxonomy":"product_cat","embeddable":true,"href":"https:\/\/jinsuncarbon.com\/es_ar\/wp-json\/wp\/v2\/product_cat?post=2407"},{"taxonomy":"product_tag","embeddable":true,"href":"https:\/\/jinsuncarbon.com\/es_ar\/wp-json\/wp\/v2\/product_tag?post=2407"}],"curies":[{"name":"wp","href":"https:\/\/api.w.org\/{rel}","templated":true}]}}