{"id":2149,"date":"2023-01-30T09:32:46","date_gmt":"2023-01-30T09:32:46","guid":{"rendered":"https:\/\/jinsuncarbon.com\/?post_type=product&#038;p=2149"},"modified":"2025-01-18T16:19:30","modified_gmt":"2025-01-18T16:19:30","slug":"pasta-de-electrodo","status":"publish","type":"product","link":"https:\/\/jinsuncarbon.com\/es_ar\/producto\/pasta-de-electrodo\/","title":{"rendered":"Pasta de electrodos"},"content":{"rendered":"<p>La pasta de electrodo se utiliza para la producci\u00f3n de carburo de calcio y ferroaleaciones, es un material conductor consumible. Como materia prima de los electrodos de autococci\u00f3n, y su tostado se completa en hornos de arco sumergido de carburo de calcio y ferroaleaciones.<\/p>\n<p>Por lo tanto, la velocidad y el tiempo de tostado de la pasta de electrodos son variables, dependiendo del tipo de horno y de la variedad de fundici\u00f3n del horno el\u00e9ctrico de calor sumergido.<\/p>\n<p>Los electrodos autopolimerizables de pasta de electrodos permiten una baja densidad de corriente de trabajo, generalmente 8-6A\/m<sup>2<\/sup>. Requiere pocas materias primas, su proceso de fabricaci\u00f3n es sencillo y los costes de producci\u00f3n son bajos. Al mismo tiempo, tiene una gran adhesividad y conductividad.<\/p>\n<p>Los tipos incluyen pasta cerrada, pasta de electrodo est\u00e1ndar y pasta de electrodo qu\u00edmica adecuada para electrodos de autococci\u00f3n de hornos de arco sumergido cerrados, abiertos y semicerrados.<\/p>\n<p>&nbsp;<\/p>\n<h2>Fabricaci\u00f3n de pasta de electrodos<\/h2>\n<p>Generalmente, el coque metal\u00fargico o el coque de brea pueden utilizarse para la pasta de electrodos de peque\u00f1os hornos de carburo de calcio u hornos de ferroaleaciones. Para la pasta de electrodos utilizada en grandes <a href=\"https:\/\/www.britannica.com\/technology\/electric-furnace\" target=\"_blank\" rel=\"noopener\">hornos el\u00e9ctricos<\/a>se utilizan antracita y coque metal\u00fargico, mientras que <a href=\"https:\/\/jinsuncarbon.com\/es_ar\/producto\/electrodo-de-grafito\/\">grafito<\/a> se a\u00f1aden virutas.<\/p>\n<p>Esta f\u00f3rmula de producci\u00f3n es beneficiosa para mejorar su conductividad t\u00e9rmica y el\u00e9ctrica.  Se produce a\u00f1adiendo un aglutinante y someti\u00e9ndose a procesos como la calcinaci\u00f3n, la dosificaci\u00f3n, el amasado y el moldeado.<\/p>\n<p><img fetchpriority=\"high\" decoding=\"async\" class=\"size-large wp-image-4056 aligncenter\" src=\"https:\/\/jinsuncarbon.com\/wp-content\/uploads\/2023\/01\/632a31710052d6384c0ff0d71e69f9a-1024x438.jpg\" alt=\"Pasta de electrodos para horno el\u00e9ctrico\" width=\"800\" height=\"342\" srcset=\"https:\/\/jinsuncarbon.com\/wp-content\/uploads\/2023\/01\/632a31710052d6384c0ff0d71e69f9a-1024x438.jpg 1024w, https:\/\/jinsuncarbon.com\/wp-content\/uploads\/2023\/01\/632a31710052d6384c0ff0d71e69f9a-600x257.jpg 600w, https:\/\/jinsuncarbon.com\/wp-content\/uploads\/2023\/01\/632a31710052d6384c0ff0d71e69f9a-300x128.jpg 300w, https:\/\/jinsuncarbon.com\/wp-content\/uploads\/2023\/01\/632a31710052d6384c0ff0d71e69f9a-768x329.jpg 768w, https:\/\/jinsuncarbon.com\/wp-content\/uploads\/2023\/01\/632a31710052d6384c0ff0d71e69f9a-1536x657.jpg 1536w, https:\/\/jinsuncarbon.com\/wp-content\/uploads\/2023\/01\/632a31710052d6384c0ff0d71e69f9a-2048x876.jpg 2048w, https:\/\/jinsuncarbon.com\/wp-content\/uploads\/2023\/01\/632a31710052d6384c0ff0d71e69f9a-18x8.jpg 18w\" sizes=\"(max-width: 800px) 100vw, 800px\" \/><\/p>\n<h2>Usos del electrodo de pasta de carbono<\/h2>\n<p>Cuando la pasta de electrodo se introduce en el cilindro del electrodo, se desplaza hacia abajo con el cilindro al mismo tiempo y se consume y repone continuamente. A medida que aumenta la temperatura, se funde y pasa de un estado s\u00f3lido a una pasta fina.<\/p>\n<p>Tras volatilizarse, se transforma en una sustancia similar al coque y se somete al proceso final de sinterizaci\u00f3n para convertirse en un electrodo. A lo largo de este proceso, se cuece y la resistencia del electrodo mejora continuamente, mientras que el <a href=\"https:\/\/www.epa.gov\/national-aquatic-resource-surveys\/indicators-conductivity#:~:text=What%20is%20conductivity%3F,conductivity%20increases%20as%20salinity%20increases.\" target=\"_blank\" rel=\"noopener\">conductividad<\/a> aumenta gradualmente.<\/p>\n<h2>\u00bfPor qu\u00e9 se llama electrodo de autococci\u00f3n?<\/h2>\n<p>Tras tostarse a una temperatura elevada superior a 1000 \u2103, la pasta se carboniza completamente en un <a href=\"https:\/\/jinsuncarbon.com\/es_ar\/producto\/electrodo-de-carbono\/\">electrodo de carbono<\/a>. Por \u00faltimo, conduce la electricidad y convierte la energ\u00eda en <a href=\"https:\/\/www.totalmateria.com\/page.aspx?ID=CheckArticle&amp;site=ktn&amp;NM=399\" target=\"_blank\" rel=\"noopener\"> horno el\u00e9ctrico sumergido<\/a> piscina fundida.<\/p>\n<p>Dado que el cilindro portaelectrodo se somete a soldadura sin corte de corriente, tambi\u00e9n garantiza el consumo continuo del electrodo y el tostado constante de la pasta de electrodo para formar un electrodo.<\/p>\n<p>Este proceso da lugar a un tipo \u00fanico de electrodo conocido como electrodo de autococci\u00f3n o electrodo de tostaci\u00f3n autom\u00e1tica continua. En la pr\u00e1ctica actual de producci\u00f3n, su di\u00e1metro puede aumentar hasta 2 m. Esto crea condiciones favorables para la aplicaci\u00f3n de hornos de arco sumergido con grandes capacidades de carga. Por \u00faltimo, es barato y f\u00e1cil de manejar.<\/p>\n<h2>Elecci\u00f3n del proveedor adecuado para su sector<\/h2>\n<p>Experimente el excepcional rendimiento y la rentabilidad de nuestra pasta de electrodos de alta calidad. Con su conductividad superior, durabilidad y fabricaci\u00f3n precisa, nuestro producto es la opci\u00f3n ideal para la producci\u00f3n de carburo de calcio y ferroaleaciones. Tanto si busca baja densidad de corriente de trabajo, procesos de fabricaci\u00f3n simplificados o costes de producci\u00f3n reducidos. As\u00f3ciese con nosotros y benef\u00edciese de nuestra experiencia, suministro fiable y precios competitivos.<\/p>\n<h2>Especificaci\u00f3n<\/h2>\n<table>\n<tbody>\n<tr>\n<td width=\"152\">PUNTO<\/td>\n<td width=\"64\">UNIDAD<\/td>\n<td width=\"92\">Pasta cerrada<\/td>\n<td width=\"112\">Tipo est\u00e1ndar<\/td>\n<td width=\"113\">Tipo qu\u00edmico<\/td>\n<\/tr>\n<tr>\n<td width=\"152\">Fresno<\/td>\n<td width=\"64\">%\u2264<\/td>\n<td width=\"92\">3.0<\/td>\n<td width=\"112\">5.0<\/td>\n<td width=\"113\">7.0<\/td>\n<\/tr>\n<tr>\n<td width=\"152\">Materia vol\u00e1til<\/td>\n<td width=\"64\">%<\/td>\n<td width=\"92\">9.5-15.5<\/td>\n<td width=\"112\">9.5-15.5<\/td>\n<td width=\"113\">9.5-15.5<\/td>\n<\/tr>\n<tr>\n<td width=\"152\">Resistencia a la compresi\u00f3n<\/td>\n<td width=\"64\">MPa\u2265<\/td>\n<td width=\"92\">19.0<\/td>\n<td width=\"112\">21.0<\/td>\n<td width=\"113\">22.0<\/td>\n<\/tr>\n<tr>\n<td width=\"152\"><a href=\"https:\/\/www.y-ic.com\/blog\/comprehensive-guide-to-resistivity.html\" target=\"_blank\" rel=\"noopener\">Resistividad el\u00e9ctrica<\/a><\/td>\n<td width=\"64\">\u03bc\u03a9-m\u2264<\/td>\n<td width=\"92\">65<\/td>\n<td width=\"112\">70<\/td>\n<td width=\"113\">78<\/td>\n<\/tr>\n<tr>\n<td width=\"152\">Densidad aparente<\/td>\n<td width=\"64\">g\u2215\u339d<sup>3<\/sup>\u2265<\/td>\n<td width=\"92\">1.40<\/td>\n<td width=\"112\">1.40<\/td>\n<td width=\"113\">1.38<\/td>\n<\/tr>\n<tr>\n<td width=\"152\">Extensibilidad<\/td>\n<td width=\"64\">%<\/td>\n<td width=\"92\">5-20<\/td>\n<td width=\"112\">5-30<\/td>\n<td width=\"113\">10-10<\/td>\n<\/tr>\n<\/tbody>\n<\/table>\n<p>&nbsp;<\/p>","protected":false},"excerpt":{"rendered":"<p>La pasta de electrodo se suministra al horno de ferroaleaciones. Se utiliza como material conductor consumible y electrodo de autococci\u00f3n en hornos el\u00e9ctricos para producir carburo de calcio y f\u00f3sforo amarillo.<\/p>\n<p>El llamado electrodo de autococci\u00f3n rellena la carcasa met\u00e1lica con un electrodo de pasta de carbono. Bajo la acci\u00f3n de la alta temperatura del horno y el calor generado cuando la corriente pasa a trav\u00e9s del electrodo, el electrodo de pasta de carbono se cuece para convertirlo en un electrodo conductor.<\/p>","protected":false},"featured_media":2679,"template":"","meta":[],"product_brand":[],"product_cat":[39],"product_tag":[],"class_list":{"0":"post-2149","1":"product","2":"type-product","3":"status-publish","4":"has-post-thumbnail","6":"product_cat-carbon-products","8":"first","9":"instock","10":"shipping-taxable","11":"product-type-simple"},"yoast_head":"<!-- This site is optimized with the Yoast SEO Premium plugin v19.2.1 (Yoast SEO v25.3) - https:\/\/yoast.com\/wordpress\/plugins\/seo\/ -->\n<title>Electrode Paste Manufacturer &amp; Supplier<\/title>\n<meta name=\"description\" content=\"It is used as consumable conductive material and self-baking electrode in electric furnaces for producing calcium carbide and yellow phosphorus.\" \/>\n<meta name=\"robots\" content=\"index, follow, max-snippet:-1, max-image-preview:large, max-video-preview:-1\" \/>\n<link rel=\"canonical\" href=\"https:\/\/jinsuncarbon.com\/es_ar\/producto\/pasta-de-electrodo\/\" \/>\n<meta property=\"og:locale\" content=\"es_ES\" \/>\n<meta property=\"og:type\" content=\"article\" \/>\n<meta property=\"og:title\" content=\"Electrode Paste\" \/>\n<meta property=\"og:description\" content=\"It is used as consumable conductive material and self-baking electrode in electric furnaces for producing calcium carbide and yellow phosphorus.\" \/>\n<meta property=\"og:url\" content=\"https:\/\/jinsuncarbon.com\/es_ar\/producto\/pasta-de-electrodo\/\" \/>\n<meta property=\"og:site_name\" content=\"Jinsun Carbon\" \/>\n<meta property=\"article:publisher\" content=\"https:\/\/www.facebook.com\/Graphite-Electrode-109336238661595\" \/>\n<meta property=\"article:modified_time\" content=\"2025-01-18T16:19:30+00:00\" \/>\n<meta property=\"og:image\" content=\"https:\/\/jinsuncarbon.com\/wp-content\/uploads\/2023\/01\/43aa3cb7f37484eea3c9df5a8196c7c.jpg\" \/>\n\t<meta property=\"og:image:width\" content=\"1024\" \/>\n\t<meta property=\"og:image:height\" content=\"763\" \/>\n\t<meta property=\"og:image:type\" content=\"image\/jpeg\" \/>\n<meta name=\"twitter:card\" content=\"summary_large_image\" \/>\n<meta name=\"twitter:site\" content=\"@jinsuncarbon_\" \/>\n<meta name=\"twitter:label1\" content=\"Tiempo de lectura\" \/>\n\t<meta name=\"twitter:data1\" content=\"3 minutos\" \/>\n<script type=\"application\/ld+json\" class=\"yoast-schema-graph\">{\"@context\":\"https:\/\/schema.org\",\"@graph\":[{\"@type\":\"WebPage\",\"@id\":\"https:\/\/jinsuncarbon.com\/product\/electrode-paste\/\",\"url\":\"https:\/\/jinsuncarbon.com\/product\/electrode-paste\/\",\"name\":\"Electrode Paste Manufacturer & Supplier\",\"isPartOf\":{\"@id\":\"https:\/\/jinsuncarbon.com\/#website\"},\"primaryImageOfPage\":{\"@id\":\"https:\/\/jinsuncarbon.com\/product\/electrode-paste\/#primaryimage\"},\"image\":{\"@id\":\"https:\/\/jinsuncarbon.com\/product\/electrode-paste\/#primaryimage\"},\"thumbnailUrl\":\"https:\/\/jinsuncarbon.com\/wp-content\/uploads\/2023\/01\/43aa3cb7f37484eea3c9df5a8196c7c.jpg\",\"datePublished\":\"2023-01-30T09:32:46+00:00\",\"dateModified\":\"2025-01-18T16:19:30+00:00\",\"description\":\"It is used as consumable conductive material and self-baking electrode in electric furnaces for producing calcium carbide and yellow phosphorus.\",\"breadcrumb\":{\"@id\":\"https:\/\/jinsuncarbon.com\/product\/electrode-paste\/#breadcrumb\"},\"inLanguage\":\"es-AR\",\"potentialAction\":[{\"@type\":\"ReadAction\",\"target\":[\"https:\/\/jinsuncarbon.com\/product\/electrode-paste\/\"]}]},{\"@type\":\"ImageObject\",\"inLanguage\":\"es-AR\",\"@id\":\"https:\/\/jinsuncarbon.com\/product\/electrode-paste\/#primaryimage\",\"url\":\"https:\/\/jinsuncarbon.com\/wp-content\/uploads\/2023\/01\/43aa3cb7f37484eea3c9df5a8196c7c.jpg\",\"contentUrl\":\"https:\/\/jinsuncarbon.com\/wp-content\/uploads\/2023\/01\/43aa3cb7f37484eea3c9df5a8196c7c.jpg\",\"width\":1024,\"height\":763,\"caption\":\"carbon paste electrode\"},{\"@type\":\"BreadcrumbList\",\"@id\":\"https:\/\/jinsuncarbon.com\/product\/electrode-paste\/#breadcrumb\",\"itemListElement\":[{\"@type\":\"ListItem\",\"position\":1,\"name\":\"Home\",\"item\":\"https:\/\/jinsuncarbon.com\/\"},{\"@type\":\"ListItem\",\"position\":2,\"name\":\"Products\",\"item\":\"https:\/\/jinsuncarbon.com\/graphite-carbon\/\"},{\"@type\":\"ListItem\",\"position\":3,\"name\":\"Electrode Paste\"}]},{\"@type\":\"WebSite\",\"@id\":\"https:\/\/jinsuncarbon.com\/#website\",\"url\":\"https:\/\/jinsuncarbon.com\/\",\"name\":\"Jinsun Carbon\",\"description\":\"We are the successful graphite electrode manufacturer in China\",\"publisher\":{\"@id\":\"https:\/\/jinsuncarbon.com\/#organization\"},\"potentialAction\":[{\"@type\":\"SearchAction\",\"target\":{\"@type\":\"EntryPoint\",\"urlTemplate\":\"https:\/\/jinsuncarbon.com\/?s={search_term_string}\"},\"query-input\":{\"@type\":\"PropertyValueSpecification\",\"valueRequired\":true,\"valueName\":\"search_term_string\"}}],\"inLanguage\":\"es-AR\"},{\"@type\":\"Organization\",\"@id\":\"https:\/\/jinsuncarbon.com\/#organization\",\"name\":\"Jinsun Carbon\",\"alternateName\":\"Jinsun Carbon\",\"url\":\"https:\/\/jinsuncarbon.com\/\",\"logo\":{\"@type\":\"ImageObject\",\"inLanguage\":\"es-AR\",\"@id\":\"https:\/\/jinsuncarbon.com\/#\/schema\/logo\/image\/\",\"url\":\"https:\/\/jinsuncarbon.com\/wp-content\/uploads\/2022\/12\/LOGO-1.png\",\"contentUrl\":\"https:\/\/jinsuncarbon.com\/wp-content\/uploads\/2022\/12\/LOGO-1.png\",\"width\":207,\"height\":80,\"caption\":\"Jinsun Carbon\"},\"image\":{\"@id\":\"https:\/\/jinsuncarbon.com\/#\/schema\/logo\/image\/\"},\"sameAs\":[\"https:\/\/www.facebook.com\/Graphite-Electrode-109336238661595\",\"https:\/\/x.com\/jinsuncarbon_\",\"https:\/\/www.linkedin.com\/in\/jinsungraphite\",\"https:\/\/www.youtube.com\/channel\/UCysDNyvyR5-3cCWEmpkVC0g\"]}]}<\/script>\n<!-- \/ Yoast SEO Premium plugin. -->","yoast_head_json":{"title":"Pasta de electrodos Fabricante y proveedor","description":"Se utiliza como material conductor consumible y electrodo de autococci\u00f3n en hornos el\u00e9ctricos para producir carburo de calcio y f\u00f3sforo amarillo.","robots":{"index":"index","follow":"follow","max-snippet":"max-snippet:-1","max-image-preview":"max-image-preview:large","max-video-preview":"max-video-preview:-1"},"canonical":"https:\/\/jinsuncarbon.com\/es_ar\/producto\/pasta-de-electrodo\/","og_locale":"es_ES","og_type":"article","og_title":"Electrode Paste","og_description":"It is used as consumable conductive material and self-baking electrode in electric furnaces for producing calcium carbide and yellow phosphorus.","og_url":"https:\/\/jinsuncarbon.com\/es_ar\/producto\/pasta-de-electrodo\/","og_site_name":"Jinsun Carbon","article_publisher":"https:\/\/www.facebook.com\/Graphite-Electrode-109336238661595","article_modified_time":"2025-01-18T16:19:30+00:00","og_image":[{"width":1024,"height":763,"url":"https:\/\/jinsuncarbon.com\/wp-content\/uploads\/2023\/01\/43aa3cb7f37484eea3c9df5a8196c7c.jpg","type":"image\/jpeg"}],"twitter_card":"summary_large_image","twitter_site":"@jinsuncarbon_","twitter_misc":{"Tiempo de lectura":"3 minutos"},"schema":{"@context":"https:\/\/schema.org","@graph":[{"@type":"WebPage","@id":"https:\/\/jinsuncarbon.com\/product\/electrode-paste\/","url":"https:\/\/jinsuncarbon.com\/product\/electrode-paste\/","name":"Pasta de electrodos Fabricante y proveedor","isPartOf":{"@id":"https:\/\/jinsuncarbon.com\/#website"},"primaryImageOfPage":{"@id":"https:\/\/jinsuncarbon.com\/product\/electrode-paste\/#primaryimage"},"image":{"@id":"https:\/\/jinsuncarbon.com\/product\/electrode-paste\/#primaryimage"},"thumbnailUrl":"https:\/\/jinsuncarbon.com\/wp-content\/uploads\/2023\/01\/43aa3cb7f37484eea3c9df5a8196c7c.jpg","datePublished":"2023-01-30T09:32:46+00:00","dateModified":"2025-01-18T16:19:30+00:00","description":"Se utiliza como material conductor consumible y electrodo de autococci\u00f3n en hornos el\u00e9ctricos para producir carburo de calcio y f\u00f3sforo amarillo.","breadcrumb":{"@id":"https:\/\/jinsuncarbon.com\/product\/electrode-paste\/#breadcrumb"},"inLanguage":"es-AR","potentialAction":[{"@type":"ReadAction","target":["https:\/\/jinsuncarbon.com\/product\/electrode-paste\/"]}]},{"@type":"ImageObject","inLanguage":"es-AR","@id":"https:\/\/jinsuncarbon.com\/product\/electrode-paste\/#primaryimage","url":"https:\/\/jinsuncarbon.com\/wp-content\/uploads\/2023\/01\/43aa3cb7f37484eea3c9df5a8196c7c.jpg","contentUrl":"https:\/\/jinsuncarbon.com\/wp-content\/uploads\/2023\/01\/43aa3cb7f37484eea3c9df5a8196c7c.jpg","width":1024,"height":763,"caption":"carbon paste electrode"},{"@type":"BreadcrumbList","@id":"https:\/\/jinsuncarbon.com\/product\/electrode-paste\/#breadcrumb","itemListElement":[{"@type":"ListItem","position":1,"name":"Home","item":"https:\/\/jinsuncarbon.com\/"},{"@type":"ListItem","position":2,"name":"Products","item":"https:\/\/jinsuncarbon.com\/graphite-carbon\/"},{"@type":"ListItem","position":3,"name":"Electrode Paste"}]},{"@type":"WebSite","@id":"https:\/\/jinsuncarbon.com\/#website","url":"https:\/\/jinsuncarbon.com\/","name":"Jinsun Carbon","description":"Somos el fabricante de electrodos de grafito con m\u00e1s \u00e9xito de China","publisher":{"@id":"https:\/\/jinsuncarbon.com\/#organization"},"potentialAction":[{"@type":"SearchAction","target":{"@type":"EntryPoint","urlTemplate":"https:\/\/jinsuncarbon.com\/?s={search_term_string}"},"query-input":{"@type":"PropertyValueSpecification","valueRequired":true,"valueName":"search_term_string"}}],"inLanguage":"es-AR"},{"@type":"Organization","@id":"https:\/\/jinsuncarbon.com\/#organization","name":"Jinsun Carbon","alternateName":"Jinsun Carbon","url":"https:\/\/jinsuncarbon.com\/","logo":{"@type":"ImageObject","inLanguage":"es-AR","@id":"https:\/\/jinsuncarbon.com\/#\/schema\/logo\/image\/","url":"https:\/\/jinsuncarbon.com\/wp-content\/uploads\/2022\/12\/LOGO-1.png","contentUrl":"https:\/\/jinsuncarbon.com\/wp-content\/uploads\/2022\/12\/LOGO-1.png","width":207,"height":80,"caption":"Jinsun Carbon"},"image":{"@id":"https:\/\/jinsuncarbon.com\/#\/schema\/logo\/image\/"},"sameAs":["https:\/\/www.facebook.com\/Graphite-Electrode-109336238661595","https:\/\/x.com\/jinsuncarbon_","https:\/\/www.linkedin.com\/in\/jinsungraphite","https:\/\/www.youtube.com\/channel\/UCysDNyvyR5-3cCWEmpkVC0g"]}]}},"_links":{"self":[{"href":"https:\/\/jinsuncarbon.com\/es_ar\/wp-json\/wp\/v2\/product\/2149","targetHints":{"allow":["GET"]}}],"collection":[{"href":"https:\/\/jinsuncarbon.com\/es_ar\/wp-json\/wp\/v2\/product"}],"about":[{"href":"https:\/\/jinsuncarbon.com\/es_ar\/wp-json\/wp\/v2\/types\/product"}],"wp:featuredmedia":[{"embeddable":true,"href":"https:\/\/jinsuncarbon.com\/es_ar\/wp-json\/wp\/v2\/media\/2679"}],"wp:attachment":[{"href":"https:\/\/jinsuncarbon.com\/es_ar\/wp-json\/wp\/v2\/media?parent=2149"}],"wp:term":[{"taxonomy":"product_brand","embeddable":true,"href":"https:\/\/jinsuncarbon.com\/es_ar\/wp-json\/wp\/v2\/product_brand?post=2149"},{"taxonomy":"product_cat","embeddable":true,"href":"https:\/\/jinsuncarbon.com\/es_ar\/wp-json\/wp\/v2\/product_cat?post=2149"},{"taxonomy":"product_tag","embeddable":true,"href":"https:\/\/jinsuncarbon.com\/es_ar\/wp-json\/wp\/v2\/product_tag?post=2149"}],"curies":[{"name":"wp","href":"https:\/\/api.w.org\/{rel}","templated":true}]}}