{"id":2131,"date":"2024-09-30T09:10:18","date_gmt":"2024-09-30T09:10:18","guid":{"rendered":"https:\/\/jinsuncarbon.com\/?post_type=product&#038;p=2131"},"modified":"2024-12-13T06:27:48","modified_gmt":"2024-12-13T06:27:48","slug":"bloque-de-grafito","status":"publish","type":"product","link":"https:\/\/jinsuncarbon.com\/es_ar\/producto\/bloque-de-grafito\/","title":{"rendered":"Bloque de grafito"},"content":{"rendered":"<h2>Venta de bloques de grafito<\/h2>\n<p>Los bloques de grafito se fabrican mediante tres m\u00e9todos est\u00e1ndar: moldeado, extrusi\u00f3n y prensado isost\u00e1tico. Cada proceso garantiza la creaci\u00f3n de estructuras de alta densidad y uniformes del bloque de grafito.<\/p>\n<p style=\"text-align: left;\">\u00a01. Moldeado: El moldeo por compresi\u00f3n consiste en colocar una pasta transparente o polvo prensado en un molde de la forma y tama\u00f1o deseados. Bajo presi\u00f3n, las part\u00edculas se entrecruzan, dando lugar a un bloque de grafito compacto y duradero.<\/p>\n<p style=\"text-align: left;\">\u00a02. Extrusi\u00f3n: La materia prima se somete a presi\u00f3n mediante el m\u00e9todo de extrusi\u00f3n al pasar por una matriz de una forma espec\u00edfica. A continuaci\u00f3n, la compactaci\u00f3n y la deformaci\u00f3n pl\u00e1stica producen con tama\u00f1os y formas precisos.<\/p>\n<p style=\"text-align: left;\">3. Prensado isost\u00e1tico: Utilizamos <a href=\"https:\/\/oceanservice.noaa.gov\/facts\/glacial-adjustment.html\" target=\"_blank\" rel=\"noopener\">isost\u00e1tico<\/a> para fabricar bloques de grafito de alta densidad y pureza. Este exclusivo proceso de fabricaci\u00f3n consiste en someter el material a altas temperaturas y presi\u00f3n. El resultado son productos de calidad y durabilidad excepcionales. El ciclo del proceso de fabricaci\u00f3n suele ser m\u00e1s largo, de m\u00e1s de dos meses.<\/p>\n<p style=\"text-align: left;\">El fabricante de carb\u00f3n Jinsun fabrica bloques de grafito con alto contenido en carbono, y los bloques se clasifican seg\u00fan diferentes tama\u00f1os de part\u00edcula, incluidos los de grano medio-grueso, grano fino y alta pureza.<\/p>\n<h2>Ventajas del bloque de grafito<\/h2>\n<ul>\n<li style=\"text-align: left;\">Excelente conductividad: Tienen una alta conductividad el\u00e9ctrica, lo que ayuda a mejorar la eficiencia de transmisi\u00f3n de la corriente.<\/li>\n<li>Resistencia a altas temperaturas: Permanece estable a altas temperaturas y no es f\u00e1cil de deformar, por lo que es adecuado para aplicaciones a altas temperaturas.<\/li>\n<li>Inercia qu\u00edmica: Presenta una buena resistencia a la corrosi\u00f3n frente a diversos productos qu\u00edmicos y prolonga su vida \u00fatil.<\/li>\n<li>Resistencia mec\u00e1nica: Tienen una estructura fuerte y son resistentes al desgaste, por lo que son adecuados para diversos entornos industriales.<\/li>\n<li style=\"text-align: left;\">F\u00e1cil procesamiento: Puede cortarse, ranurarse o perforarse f\u00e1cilmente para adaptarse a aplicaciones industriales especiales.<\/li>\n<\/ul>\n<h2>Usos del bloque de grafito<\/h2>\n<p><strong>Utilizado en electr\u00f3lisis:<\/strong> Son indispensables como conductores <a href=\"https:\/\/jinsuncarbon.com\/es_ar\/producto\/electrodo-de-grafito\/\">electrodos<\/a> materiales en industrias como <a href=\"https:\/\/artoolworks.com\/\" target=\"_blank\" rel=\"noopener\">electrol\u00edtico<\/a> metal, magnesio, n\u00edquel, etc. Tiene resistencia a la corrosi\u00f3n, puede resistir la erosi\u00f3n de medios qu\u00edmicos como \u00e1cidos y \u00e1lcalis, y mantiene un rendimiento estable.<\/p>\n<p><strong>Hornos metal\u00fargicos y de resistencia:<\/strong> Se utilizan no s\u00f3lo en <a href=\"https:\/\/www.nature.com\/articles\/112755a0\" target=\"_blank\" rel=\"noopener\">hornos metal\u00fargicos<\/a>En los hornos de resistencia, pero tambi\u00e9n en otras aplicaciones que requieren resistencia a altas temperaturas y conductividad el\u00e9ctrica.<\/p>\n<p><strong>Industria qu\u00edmica:<\/strong> Destacan como materiales de hornos para equipos de intercambio de calor resistentes a la corrosi\u00f3n y hornos de alta temperatura. Gran bloque de grafito <a href=\"https:\/\/www.mersen.com\/products\/anticorrosion-equipment\/heat-exchanger-manufacturer\/cubic-graphite-heat-exchangers\" target=\"_blank\" rel=\"noopener\">intercambiador de calor<\/a> pueden cumplir los estrictos requisitos de la industria qu\u00edmica. Porque tienen una mayor resistencia espec\u00edfica.<\/p>\n<p><strong>Industria de la fundici\u00f3n: <\/strong>Puede convertirlo en <a href=\"https:\/\/jinsuncarbon.com\/es_ar\/molde-de-grafito-a-medida-para-cabotaje\/\">molde de grafito<\/a> para fundici\u00f3n y colada. Debido a su densidad ultra alta y estructura compacta son muy adecuados para la fundici\u00f3n de oro, plata y otros metales preciosos.<\/p>\n<p><strong>Industria aeroespacial:<\/strong> Son resistentes a altas temperaturas, ligeros y muy resistentes. Por eso se utilizan mucho en la industria aeroespacial y militar.<\/p>\n<p><img fetchpriority=\"high\" decoding=\"async\" class=\"alignnone wp-image-4449\" src=\"https:\/\/jinsuncarbon.com\/wp-content\/uploads\/2023\/01\/Chemical-Industry-1024x943.jpg\" alt=\"Industria qu\u00edmica\" width=\"262\" height=\"242\" srcset=\"https:\/\/jinsuncarbon.com\/wp-content\/uploads\/2023\/01\/Chemical-Industry-1024x943.jpg 1024w, https:\/\/jinsuncarbon.com\/wp-content\/uploads\/2023\/01\/Chemical-Industry-600x553.jpg 600w, https:\/\/jinsuncarbon.com\/wp-content\/uploads\/2023\/01\/Chemical-Industry-300x276.jpg 300w, https:\/\/jinsuncarbon.com\/wp-content\/uploads\/2023\/01\/Chemical-Industry-768x708.jpg 768w, https:\/\/jinsuncarbon.com\/wp-content\/uploads\/2023\/01\/Chemical-Industry-13x12.jpg 13w, https:\/\/jinsuncarbon.com\/wp-content\/uploads\/2023\/01\/Chemical-Industry.jpg 1080w\" sizes=\"(max-width: 262px) 100vw, 262px\" \/> \u00a0 <img decoding=\"async\" class=\"alignnone wp-image-4450\" src=\"https:\/\/jinsuncarbon.com\/wp-content\/uploads\/2023\/01\/Aerospace-industry-1024x578.jpg\" alt=\"Industria aeroespacial\" width=\"428\" height=\"242\" srcset=\"https:\/\/jinsuncarbon.com\/wp-content\/uploads\/2023\/01\/Aerospace-industry-1024x578.jpg 1024w, https:\/\/jinsuncarbon.com\/wp-content\/uploads\/2023\/01\/Aerospace-industry-600x339.jpg 600w, https:\/\/jinsuncarbon.com\/wp-content\/uploads\/2023\/01\/Aerospace-industry-300x169.jpg 300w, https:\/\/jinsuncarbon.com\/wp-content\/uploads\/2023\/01\/Aerospace-industry-768x434.jpg 768w, https:\/\/jinsuncarbon.com\/wp-content\/uploads\/2023\/01\/Aerospace-industry-18x10.jpg 18w, https:\/\/jinsuncarbon.com\/wp-content\/uploads\/2023\/01\/Aerospace-industry.jpg 1080w\" sizes=\"(max-width: 428px) 100vw, 428px\" \/><\/p>\n<p>Industria de la fundici\u00f3n Industria qu\u00edmica Industria aeroespacial<\/p>\n<p>&nbsp;<\/p>\n<h3>Especificaciones t\u00e9cnicas<\/h3>\n<table width=\"613\">\n<thead>\n<tr>\n<td width=\"218\"><strong>PUNTO<\/strong><\/td>\n<td width=\"111\"><strong>Unidad<\/strong><\/td>\n<td colspan=\"3\" width=\"275\"><strong>Tama\u00f1o de las part\u00edculas<\/strong><\/td>\n<\/tr>\n<\/thead>\n<tbody>\n<tr>\n<td width=\"218\">Granularidad<\/td>\n<td width=\"111\">mm<\/td>\n<td width=\"92\">0,8 mm<\/td>\n<td width=\"93\">2 mm<\/td>\n<td width=\"86\">4 mm<\/td>\n<\/tr>\n<tr>\n<td width=\"218\">Resistencia<\/td>\n<td width=\"111\">\u03bc\u03a9m<\/td>\n<td width=\"92\">\u22647.5<\/td>\n<td width=\"93\">\u22648<\/td>\n<td width=\"86\">\u22648.5<\/td>\n<\/tr>\n<tr>\n<td width=\"218\">Densidad aparente<\/td>\n<td width=\"111\">g\/cm\u00b3<\/td>\n<td width=\"92\">\u22651.75<\/td>\n<td width=\"93\">\u22651.72<\/td>\n<td width=\"86\">\u22651.65<\/td>\n<\/tr>\n<tr>\n<td width=\"218\">Resistencia a la compresi\u00f3n<\/td>\n<td width=\"111\">MPa<\/td>\n<td width=\"92\">\u226536<\/td>\n<td width=\"93\">\u226535<\/td>\n<td width=\"86\">\u226534<\/td>\n<\/tr>\n<tr>\n<td width=\"218\">Resistencia a la flexi\u00f3n<\/td>\n<td width=\"111\">MPa<\/td>\n<td width=\"92\">\u226515<\/td>\n<td width=\"93\">\u226514.5<\/td>\n<td width=\"86\">\u226514<\/td>\n<\/tr>\n<tr>\n<td width=\"218\">Fresno<\/td>\n<td width=\"111\">%<\/td>\n<td width=\"92\">\u22640.3<\/td>\n<td width=\"93\">\u22640.3<\/td>\n<td width=\"86\">\u22640.3<\/td>\n<\/tr>\n<tr>\n<td width=\"218\">M\u00f3dulo el\u00e1stico<\/td>\n<td width=\"111\">Gpa<\/td>\n<td width=\"92\">\u22648<\/td>\n<td width=\"93\">\u22647<\/td>\n<td width=\"86\">\u22646<\/td>\n<\/tr>\n<tr>\n<td width=\"218\">CTE<\/td>\n<td width=\"111\">10^-6\/\u2103<\/td>\n<td width=\"92\">\u22643<\/td>\n<td width=\"93\">\u22642.5<\/td>\n<td width=\"86\">\u22642<\/td>\n<\/tr>\n<tr>\n<td width=\"218\">Porosidad<\/td>\n<td width=\"111\">%<\/td>\n<td width=\"92\">\u226518<\/td>\n<td width=\"93\">\u226520<\/td>\n<td width=\"86\">\u226522<\/td>\n<\/tr>\n<\/tbody>\n<\/table>\n<p>&nbsp;<\/p>\n<h2>JINSUN: Su proveedor de bloques de grafito<\/h2>\n<p>Como fabricante de bloques de grafito en China, cada bloque de grafito se somete a exhaustivos controles de calidad. Al comprar cualquier tipo de bloque de grafito, nos aseguramos de que la resistencia espec\u00edfica y la resistencia a la compresi\u00f3n cumplan las normas m\u00e1s exigentes. Tambi\u00e9n podemos satisfacer sus necesidades de mecanizado personalizado de bloques de grafito proporcionando sus dibujos.<\/p>","protected":false},"excerpt":{"rendered":"<p>Los bloques de grafito tienen alta densidad y alta conductividad, pueden utilizarse para la fundici\u00f3n metal\u00fargica y la industria qu\u00edmica. Como hornos metal\u00fargicos, hornos de carburo de silicio, hornos de grafitizaci\u00f3n, intercambiadores de calor qu\u00edmicos, etc. Con alta precisi\u00f3n mec\u00e1nica, puede fabricarse en diferentes formas como c\u00edrculos, rect\u00e1ngulos y trapecios. El tama\u00f1o m\u00e1s grande de materiales de bloques s\u00f3lidos que podemos producir es: la longitud m\u00e1xima de 2500mm, el ancho m\u00e1ximo de 600mm, y la altura m\u00e1xima de 600mm.  Adem\u00e1s, los tipos de material que podemos suministrar incluyen: bloques de grafito moldeado, bloques de grafito de alta pureza y bloques de grafito isost\u00e1tico.<\/p>","protected":false},"featured_media":2453,"template":"","meta":[],"product_brand":[],"product_cat":[38],"product_tag":[],"class_list":{"0":"post-2131","1":"product","2":"type-product","3":"status-publish","4":"has-post-thumbnail","6":"product_cat-graphite-products","8":"first","9":"instock","10":"shipping-taxable","11":"product-type-simple"},"yoast_head":"<!-- This site is optimized with the Yoast SEO Premium plugin v19.2.1 (Yoast SEO v25.3) - https:\/\/yoast.com\/wordpress\/plugins\/seo\/ -->\n<title>Graphite Block Manufacturer - Best Price<\/title>\n<meta name=\"description\" content=\"Graphite blocks can be molded into various shapes. Due to its high density and high conductivity, it is used in metallurgical casting and chemical industry.\" \/>\n<meta name=\"robots\" content=\"index, follow, max-snippet:-1, max-image-preview:large, max-video-preview:-1\" \/>\n<link rel=\"canonical\" href=\"https:\/\/jinsuncarbon.com\/es_ar\/producto\/bloque-de-grafito\/\" \/>\n<meta property=\"og:locale\" content=\"es_ES\" \/>\n<meta property=\"og:type\" content=\"article\" \/>\n<meta property=\"og:title\" content=\"Graphite Block\" \/>\n<meta property=\"og:description\" content=\"Graphite blocks can be molded into various shapes. Due to its high density and high conductivity, it is used in metallurgical casting and chemical industry.\" \/>\n<meta property=\"og:url\" content=\"https:\/\/jinsuncarbon.com\/es_ar\/producto\/bloque-de-grafito\/\" \/>\n<meta property=\"og:site_name\" content=\"Jinsun Carbon\" \/>\n<meta property=\"article:publisher\" content=\"https:\/\/www.facebook.com\/Graphite-Electrode-109336238661595\" \/>\n<meta property=\"article:modified_time\" content=\"2024-12-13T06:27:48+00:00\" \/>\n<meta property=\"og:image\" content=\"https:\/\/jinsuncarbon.com\/wp-content\/uploads\/2023\/01\/7351.jpg\" \/>\n\t<meta property=\"og:image:width\" content=\"1173\" \/>\n\t<meta property=\"og:image:height\" content=\"1028\" \/>\n\t<meta property=\"og:image:type\" content=\"image\/jpeg\" \/>\n<meta name=\"twitter:card\" content=\"summary_large_image\" \/>\n<meta name=\"twitter:site\" content=\"@jinsuncarbon_\" \/>\n<meta name=\"twitter:label1\" content=\"Tiempo de lectura\" \/>\n\t<meta name=\"twitter:data1\" content=\"3 minutos\" \/>\n<script type=\"application\/ld+json\" class=\"yoast-schema-graph\">{\"@context\":\"https:\/\/schema.org\",\"@graph\":[{\"@type\":\"WebPage\",\"@id\":\"https:\/\/jinsuncarbon.com\/product\/graphite-block\/\",\"url\":\"https:\/\/jinsuncarbon.com\/product\/graphite-block\/\",\"name\":\"Graphite Block Manufacturer - Best Price\",\"isPartOf\":{\"@id\":\"https:\/\/jinsuncarbon.com\/#website\"},\"primaryImageOfPage\":{\"@id\":\"https:\/\/jinsuncarbon.com\/product\/graphite-block\/#primaryimage\"},\"image\":{\"@id\":\"https:\/\/jinsuncarbon.com\/product\/graphite-block\/#primaryimage\"},\"thumbnailUrl\":\"https:\/\/jinsuncarbon.com\/wp-content\/uploads\/2023\/01\/7351.jpg\",\"datePublished\":\"2024-09-30T09:10:18+00:00\",\"dateModified\":\"2024-12-13T06:27:48+00:00\",\"description\":\"Graphite blocks can be molded into various shapes. Due to its high density and high conductivity, it is used in metallurgical casting and chemical industry.\",\"breadcrumb\":{\"@id\":\"https:\/\/jinsuncarbon.com\/product\/graphite-block\/#breadcrumb\"},\"inLanguage\":\"es-AR\",\"potentialAction\":[{\"@type\":\"ReadAction\",\"target\":[\"https:\/\/jinsuncarbon.com\/product\/graphite-block\/\"]}]},{\"@type\":\"ImageObject\",\"inLanguage\":\"es-AR\",\"@id\":\"https:\/\/jinsuncarbon.com\/product\/graphite-block\/#primaryimage\",\"url\":\"https:\/\/jinsuncarbon.com\/wp-content\/uploads\/2023\/01\/7351.jpg\",\"contentUrl\":\"https:\/\/jinsuncarbon.com\/wp-content\/uploads\/2023\/01\/7351.jpg\",\"width\":1173,\"height\":1028,\"caption\":\"Graphite Block manufacturer\"},{\"@type\":\"BreadcrumbList\",\"@id\":\"https:\/\/jinsuncarbon.com\/product\/graphite-block\/#breadcrumb\",\"itemListElement\":[{\"@type\":\"ListItem\",\"position\":1,\"name\":\"Home\",\"item\":\"https:\/\/jinsuncarbon.com\/\"},{\"@type\":\"ListItem\",\"position\":2,\"name\":\"Products\",\"item\":\"https:\/\/jinsuncarbon.com\/graphite-carbon\/\"},{\"@type\":\"ListItem\",\"position\":3,\"name\":\"Graphite Block\"}]},{\"@type\":\"WebSite\",\"@id\":\"https:\/\/jinsuncarbon.com\/#website\",\"url\":\"https:\/\/jinsuncarbon.com\/\",\"name\":\"Jinsun Carbon\",\"description\":\"We are the successful graphite electrode manufacturer in China\",\"publisher\":{\"@id\":\"https:\/\/jinsuncarbon.com\/#organization\"},\"potentialAction\":[{\"@type\":\"SearchAction\",\"target\":{\"@type\":\"EntryPoint\",\"urlTemplate\":\"https:\/\/jinsuncarbon.com\/?s={search_term_string}\"},\"query-input\":{\"@type\":\"PropertyValueSpecification\",\"valueRequired\":true,\"valueName\":\"search_term_string\"}}],\"inLanguage\":\"es-AR\"},{\"@type\":\"Organization\",\"@id\":\"https:\/\/jinsuncarbon.com\/#organization\",\"name\":\"Jinsun Carbon\",\"alternateName\":\"Jinsun Carbon\",\"url\":\"https:\/\/jinsuncarbon.com\/\",\"logo\":{\"@type\":\"ImageObject\",\"inLanguage\":\"es-AR\",\"@id\":\"https:\/\/jinsuncarbon.com\/#\/schema\/logo\/image\/\",\"url\":\"https:\/\/jinsuncarbon.com\/wp-content\/uploads\/2022\/12\/LOGO-1.png\",\"contentUrl\":\"https:\/\/jinsuncarbon.com\/wp-content\/uploads\/2022\/12\/LOGO-1.png\",\"width\":207,\"height\":80,\"caption\":\"Jinsun Carbon\"},\"image\":{\"@id\":\"https:\/\/jinsuncarbon.com\/#\/schema\/logo\/image\/\"},\"sameAs\":[\"https:\/\/www.facebook.com\/Graphite-Electrode-109336238661595\",\"https:\/\/x.com\/jinsuncarbon_\",\"https:\/\/www.linkedin.com\/in\/jinsungraphite\",\"https:\/\/www.youtube.com\/channel\/UCysDNyvyR5-3cCWEmpkVC0g\"]}]}<\/script>\n<!-- \/ Yoast SEO Premium plugin. -->","yoast_head_json":{"title":"Fabricante de bloques de grafito - Mejor precio","description":"Los bloques de grafito pueden moldearse de diversas formas. Debido a su alta densidad y alta conductividad, se utiliza en la fundici\u00f3n metal\u00fargica y la industria qu\u00edmica.","robots":{"index":"index","follow":"follow","max-snippet":"max-snippet:-1","max-image-preview":"max-image-preview:large","max-video-preview":"max-video-preview:-1"},"canonical":"https:\/\/jinsuncarbon.com\/es_ar\/producto\/bloque-de-grafito\/","og_locale":"es_ES","og_type":"article","og_title":"Graphite Block","og_description":"Graphite blocks can be molded into various shapes. Due to its high density and high conductivity, it is used in metallurgical casting and chemical industry.","og_url":"https:\/\/jinsuncarbon.com\/es_ar\/producto\/bloque-de-grafito\/","og_site_name":"Jinsun Carbon","article_publisher":"https:\/\/www.facebook.com\/Graphite-Electrode-109336238661595","article_modified_time":"2024-12-13T06:27:48+00:00","og_image":[{"width":1173,"height":1028,"url":"https:\/\/jinsuncarbon.com\/wp-content\/uploads\/2023\/01\/7351.jpg","type":"image\/jpeg"}],"twitter_card":"summary_large_image","twitter_site":"@jinsuncarbon_","twitter_misc":{"Tiempo de lectura":"3 minutos"},"schema":{"@context":"https:\/\/schema.org","@graph":[{"@type":"WebPage","@id":"https:\/\/jinsuncarbon.com\/product\/graphite-block\/","url":"https:\/\/jinsuncarbon.com\/product\/graphite-block\/","name":"Fabricante de bloques de grafito - Mejor precio","isPartOf":{"@id":"https:\/\/jinsuncarbon.com\/#website"},"primaryImageOfPage":{"@id":"https:\/\/jinsuncarbon.com\/product\/graphite-block\/#primaryimage"},"image":{"@id":"https:\/\/jinsuncarbon.com\/product\/graphite-block\/#primaryimage"},"thumbnailUrl":"https:\/\/jinsuncarbon.com\/wp-content\/uploads\/2023\/01\/7351.jpg","datePublished":"2024-09-30T09:10:18+00:00","dateModified":"2024-12-13T06:27:48+00:00","description":"Los bloques de grafito pueden moldearse de diversas formas. Debido a su alta densidad y alta conductividad, se utiliza en la fundici\u00f3n metal\u00fargica y la industria qu\u00edmica.","breadcrumb":{"@id":"https:\/\/jinsuncarbon.com\/product\/graphite-block\/#breadcrumb"},"inLanguage":"es-AR","potentialAction":[{"@type":"ReadAction","target":["https:\/\/jinsuncarbon.com\/product\/graphite-block\/"]}]},{"@type":"ImageObject","inLanguage":"es-AR","@id":"https:\/\/jinsuncarbon.com\/product\/graphite-block\/#primaryimage","url":"https:\/\/jinsuncarbon.com\/wp-content\/uploads\/2023\/01\/7351.jpg","contentUrl":"https:\/\/jinsuncarbon.com\/wp-content\/uploads\/2023\/01\/7351.jpg","width":1173,"height":1028,"caption":"Graphite Block manufacturer"},{"@type":"BreadcrumbList","@id":"https:\/\/jinsuncarbon.com\/product\/graphite-block\/#breadcrumb","itemListElement":[{"@type":"ListItem","position":1,"name":"Home","item":"https:\/\/jinsuncarbon.com\/"},{"@type":"ListItem","position":2,"name":"Products","item":"https:\/\/jinsuncarbon.com\/graphite-carbon\/"},{"@type":"ListItem","position":3,"name":"Graphite Block"}]},{"@type":"WebSite","@id":"https:\/\/jinsuncarbon.com\/#website","url":"https:\/\/jinsuncarbon.com\/","name":"Jinsun Carbon","description":"Somos el fabricante de electrodos de grafito con m\u00e1s \u00e9xito de China","publisher":{"@id":"https:\/\/jinsuncarbon.com\/#organization"},"potentialAction":[{"@type":"SearchAction","target":{"@type":"EntryPoint","urlTemplate":"https:\/\/jinsuncarbon.com\/?s={search_term_string}"},"query-input":{"@type":"PropertyValueSpecification","valueRequired":true,"valueName":"search_term_string"}}],"inLanguage":"es-AR"},{"@type":"Organization","@id":"https:\/\/jinsuncarbon.com\/#organization","name":"Jinsun Carbon","alternateName":"Jinsun Carbon","url":"https:\/\/jinsuncarbon.com\/","logo":{"@type":"ImageObject","inLanguage":"es-AR","@id":"https:\/\/jinsuncarbon.com\/#\/schema\/logo\/image\/","url":"https:\/\/jinsuncarbon.com\/wp-content\/uploads\/2022\/12\/LOGO-1.png","contentUrl":"https:\/\/jinsuncarbon.com\/wp-content\/uploads\/2022\/12\/LOGO-1.png","width":207,"height":80,"caption":"Jinsun Carbon"},"image":{"@id":"https:\/\/jinsuncarbon.com\/#\/schema\/logo\/image\/"},"sameAs":["https:\/\/www.facebook.com\/Graphite-Electrode-109336238661595","https:\/\/x.com\/jinsuncarbon_","https:\/\/www.linkedin.com\/in\/jinsungraphite","https:\/\/www.youtube.com\/channel\/UCysDNyvyR5-3cCWEmpkVC0g"]}]}},"_links":{"self":[{"href":"https:\/\/jinsuncarbon.com\/es_ar\/wp-json\/wp\/v2\/product\/2131","targetHints":{"allow":["GET"]}}],"collection":[{"href":"https:\/\/jinsuncarbon.com\/es_ar\/wp-json\/wp\/v2\/product"}],"about":[{"href":"https:\/\/jinsuncarbon.com\/es_ar\/wp-json\/wp\/v2\/types\/product"}],"wp:featuredmedia":[{"embeddable":true,"href":"https:\/\/jinsuncarbon.com\/es_ar\/wp-json\/wp\/v2\/media\/2453"}],"wp:attachment":[{"href":"https:\/\/jinsuncarbon.com\/es_ar\/wp-json\/wp\/v2\/media?parent=2131"}],"wp:term":[{"taxonomy":"product_brand","embeddable":true,"href":"https:\/\/jinsuncarbon.com\/es_ar\/wp-json\/wp\/v2\/product_brand?post=2131"},{"taxonomy":"product_cat","embeddable":true,"href":"https:\/\/jinsuncarbon.com\/es_ar\/wp-json\/wp\/v2\/product_cat?post=2131"},{"taxonomy":"product_tag","embeddable":true,"href":"https:\/\/jinsuncarbon.com\/es_ar\/wp-json\/wp\/v2\/product_tag?post=2131"}],"curies":[{"name":"wp","href":"https:\/\/api.w.org\/{rel}","templated":true}]}}