{"id":2129,"date":"2023-01-30T09:07:59","date_gmt":"2023-01-30T09:07:59","guid":{"rendered":"https:\/\/jinsuncarbon.com\/?post_type=product&#038;p=2129"},"modified":"2024-11-03T13:16:47","modified_gmt":"2024-11-03T13:16:47","slug":"electrodo-de-grafito-rp","status":"publish","type":"product","link":"https:\/\/jinsuncarbon.com\/es_ar\/producto\/electrodo-de-grafito-rp\/","title":{"rendered":"Electrodo de grafito RP"},"content":{"rendered":"<div id=\"igc-ui-kit-r3ip-tag\" class=\"___STag_13gq5_gg_ _size_l_13gq5_gg_ _theme_primary_13gq5_gg_\" tabindex=\"-1\" data-ui-name=\"Tag\"><\/div>\n<p><strong>Electrodo de grafito RP, principalmente coque de petr\u00f3leo, coque de aguja como materia prima, brea de carb\u00f3n como aglutinante, calcinaci\u00f3n, ingredientes, amasado, moldeado, horneado, grafitizaci\u00f3n y procesamiento mec\u00e1nico.<\/strong><\/p>\n<p>El ciclo de producci\u00f3n es de unos 45 d\u00edas y el electrodo de grafito RP se utiliza principalmente para la fundici\u00f3n de acero ordinario, silicio y f\u00f3sforo amarillo en horno de arco el\u00e9ctrico. Se utiliza en el horno de arco el\u00e9ctrico en forma de conductor de arco de electricidad para calentar la carga del horno de fusi\u00f3n.<\/p>\n<p>Tiene un alto rendimiento el\u00e9ctrico <a href=\"https:\/\/www.sciencedirect.com\/topics\/materials-science\/conductivity\" target=\"_blank\" rel=\"noopener\">conductividad<\/a>La tecnolog\u00eda de los rodamientos de bolas de acero inoxidable, con un rendimiento mejorado frente a los choques t\u00e9rmicos, resistencia a la oxidaci\u00f3n y la corrosi\u00f3n, larga vida \u00fatil, capacidad para funcionar a altas temperaturas y bajo impacto ambiental.<\/p>\n<h2>Usos industriales del electrodo de grafito RP<\/h2>\n<p>Rp de potencia regular <a href=\"https:\/\/jinsuncarbon.com\/es_ar\/producto\/electrodo-de-grafito\/\">electrodos de grafito<\/a> se utilizan ampliamente para la producci\u00f3n de acero en hornos de arco el\u00e9ctrico, fundici\u00f3n metal\u00fargica y otras industrias. Se utilizan en hornos de arco el\u00e9ctrico, hornos de cuchara y hornos de arco sumergido. Tambi\u00e9n se utilizan en otros procesos de fusi\u00f3n en los que son esenciales los entornos de alta temperatura y una conductividad el\u00e9ctrica eficaz.<\/p>\n<p>Proporciona una v\u00eda conductora para el paso de la corriente en el <a href=\"https:\/\/en.wikipedia.org\/wiki\/Electric_arc_furnace\" target=\"_blank\" rel=\"noopener\">horno de arco el\u00e9ctrico<\/a>. Tambi\u00e9n permite controlar con precisi\u00f3n las temperaturas y las corrientes el\u00e9ctricas necesarias para la fusi\u00f3n, el refinado y la aleaci\u00f3n en los procesos de fundici\u00f3n. Su conductividad el\u00e9ctrica uniforme y su baja dilataci\u00f3n t\u00e9rmica los hacen id\u00f3neos para los hornos de arco el\u00e9ctrico. <a href=\"https:\/\/www.britannica.com\/technology\/steel\/Primary-steelmaking\" target=\"_blank\" rel=\"noopener\">proceso de fabricaci\u00f3n del acero.<\/a><\/p>\n<p>Es importante se\u00f1alar que no es adecuado para su uso en hornos el\u00e9ctricos de arco de potencia ultra alta y alta potencia. Los diferentes grados de electrodos de grafito son adecuados para diferentes hornos el\u00e9ctricos.<\/p>\n<p><img fetchpriority=\"high\" decoding=\"async\" class=\"alignnone wp-image-2964\" src=\"https:\/\/jinsuncarbon.com\/wp-content\/uploads\/2022\/12\/7-1-300x200.jpg\" alt=\"Electrodos de grafito para horno de arco el\u00e9ctrico - Jinsun Carbon\" width=\"422\" height=\"281\" srcset=\"https:\/\/jinsuncarbon.com\/wp-content\/uploads\/2022\/12\/7-1-300x200.jpg 300w, https:\/\/jinsuncarbon.com\/wp-content\/uploads\/2022\/12\/7-1-600x400.jpg 600w, https:\/\/jinsuncarbon.com\/wp-content\/uploads\/2022\/12\/7-1-768x512.jpg 768w, https:\/\/jinsuncarbon.com\/wp-content\/uploads\/2022\/12\/7-1.jpg 1024w\" sizes=\"(max-width: 422px) 100vw, 422px\" \/> \u00a0<img decoding=\"async\" class=\"alignnone wp-image-2488\" src=\"https:\/\/jinsuncarbon.com\/wp-content\/uploads\/2023\/02\/888-300x200.jpg\" alt=\"Los electrodos de grafito se utilizan en la siderurgia de horno de arco el\u00e9ctrico\" width=\"419\" height=\"279\" srcset=\"https:\/\/jinsuncarbon.com\/wp-content\/uploads\/2023\/02\/888-300x200.jpg 300w, https:\/\/jinsuncarbon.com\/wp-content\/uploads\/2023\/02\/888.jpg 600w\" sizes=\"(max-width: 419px) 100vw, 419px\" \/><\/p>\n<p>&nbsp;<\/p>\n<h2>Ventaja<\/h2>\n<ul>\n<li>Materiales de alta calidad y pureza <a href=\"https:\/\/jinsuncarbon.com\/es_ar\/producto\/coque-de-petroleo-calcinado\/\">coque de petr\u00f3leo<\/a> y coca de brea.<\/li>\n<li>Muy conductor. Debido a su menor resistividad, es m\u00e1s f\u00e1cil que la corriente el\u00e9ctrica pase a trav\u00e9s de \u00e9l en un horno de arco el\u00e9ctrico.<\/li>\n<li>Posee una gran resistencia mec\u00e1nica, a la flexi\u00f3n y a la compresi\u00f3n, por lo que no es f\u00e1cil de segmentar o romper.<\/li>\n<li>El coste es bajo, porque el proceso de fabricaci\u00f3n es relativamente sencillo, y el precio es bajo.<\/li>\n<li>Alta precisi\u00f3n de mecanizado, por lo que el acabado superficial es bueno.<\/li>\n<\/ul>\n<p>&nbsp;<\/p>\n<h2>Especificaciones<\/h2>\n<p><strong>Capacidades de corriente admisibles<\/strong><\/p>\n<table width=\"584\">\n<tbody>\n<tr>\n<td colspan=\"2\" width=\"284\">Nominal<\/td>\n<td colspan=\"2\" width=\"300\">Electrodos de grafito RP<\/td>\n<\/tr>\n<tr>\n<td width=\"142\">mm<\/td>\n<td width=\"142\">pulgada<\/td>\n<td width=\"158\">Corriente<\/p>\n<p>Capacidad\uff08A\uff09<\/td>\n<td width=\"142\">Densidad actual<\/p>\n<p>\uff08A\/cm<sup>2<\/sup>\uff09<\/td>\n<\/tr>\n<tr>\n<td width=\"142\">300<\/td>\n<td width=\"142\">12<\/td>\n<td width=\"158\">10000~13000<\/td>\n<td width=\"142\">14~18<\/td>\n<\/tr>\n<tr>\n<td width=\"142\">350<\/td>\n<td width=\"142\">14<\/td>\n<td width=\"158\">13500~18000<\/td>\n<td width=\"142\">14~18<\/td>\n<\/tr>\n<tr>\n<td width=\"142\">400<\/td>\n<td width=\"142\">16<\/td>\n<td width=\"158\">18000~23500<\/td>\n<td width=\"142\">14~18<\/td>\n<\/tr>\n<tr>\n<td width=\"142\">450<\/td>\n<td width=\"142\">18<\/td>\n<td width=\"158\">22000~27000<\/td>\n<td width=\"142\">13~17<\/td>\n<\/tr>\n<tr>\n<td width=\"142\">500<\/td>\n<td width=\"142\">20<\/td>\n<td width=\"158\">25000~32000<\/td>\n<td width=\"142\">13~16<\/td>\n<\/tr>\n<tr>\n<td width=\"142\">600<\/td>\n<td width=\"142\">24<\/td>\n<td width=\"158\">35000~41000<\/td>\n<td width=\"142\">13~15<\/td>\n<\/tr>\n<\/tbody>\n<\/table>\n<p>&nbsp;<\/p>\n<p><strong>Propiedades f\u00edsicas y qu\u00edmicas del electrodo y la boquilla<\/strong><\/p>\n<table width=\"531\">\n<tbody>\n<tr>\n<td colspan=\"2\" rowspan=\"2\" width=\"223\">Electrodo de grafito RP<\/td>\n<td rowspan=\"2\" width=\"59\">Unidad<\/td>\n<td colspan=\"3\" width=\"249\">Di\u00e1metro<\/td>\n<\/tr>\n<tr>\n<td width=\"79\">12\"-16\"<\/td>\n<td width=\"85\">18\"-20\"<\/td>\n<td width=\"85\">24\"<\/td>\n<\/tr>\n<tr>\n<td rowspan=\"2\" width=\"148\">Resistencia espec\u00edfica<\/td>\n<td width=\"76\">Electrodo<\/td>\n<td rowspan=\"2\" width=\"59\">\u03bc\u03a9-m<\/td>\n<td width=\"79\"><strong>\u2264<\/strong>8.0<\/td>\n<td width=\"85\"><strong>\u2264<\/strong>8.0<\/td>\n<td width=\"85\"><strong>\u2264<\/strong>9.0<\/td>\n<\/tr>\n<tr>\n<td width=\"76\">Pez\u00f3n<\/td>\n<td width=\"79\"><strong>\u2264<\/strong>7.0<\/td>\n<td width=\"85\"><strong>\u2264<\/strong>7.0<\/td>\n<td width=\"85\"><strong>\u2264<\/strong>7.0<\/td>\n<\/tr>\n<tr>\n<td rowspan=\"2\" width=\"148\">Resistencia transversal<\/td>\n<td width=\"76\">Electrodo<\/td>\n<td rowspan=\"2\" width=\"59\">\u039c\u0420a<\/td>\n<td width=\"79\"><strong>\u2265<\/strong>6.8<\/td>\n<td width=\"85\"><strong>\u2265<\/strong>6.4<\/td>\n<td width=\"85\"><strong>\u2265<\/strong>6.4<\/td>\n<\/tr>\n<tr>\n<td width=\"76\">Pez\u00f3n<\/td>\n<td width=\"79\"><strong>\u2265<\/strong>15.0<\/td>\n<td width=\"85\"><strong>\u2265<\/strong>13.0<\/td>\n<td width=\"85\"><strong>\u2265<\/strong>13.0<\/td>\n<\/tr>\n<tr>\n<td rowspan=\"2\" width=\"148\">M\u00f3dulo el\u00e1stico<\/td>\n<td width=\"76\">Electrodo<\/td>\n<td rowspan=\"2\" width=\"59\">G\u0420a<\/td>\n<td width=\"79\"><strong>\u2264<\/strong>9.3<\/td>\n<td width=\"85\"><strong>\u2264<\/strong>9.3<\/td>\n<td width=\"85\"><strong>\u2264<\/strong>9.3<\/td>\n<\/tr>\n<tr>\n<td width=\"76\">Pez\u00f3n<\/td>\n<td width=\"79\"><strong>\u2264<\/strong>14.0<\/td>\n<td width=\"85\"><strong>\u2264<\/strong>14.0<\/td>\n<td width=\"85\"><strong>\u2264<\/strong>14.0<\/td>\n<\/tr>\n<tr>\n<td rowspan=\"2\" width=\"148\">Densidad aparente<\/td>\n<td width=\"76\">Electrodo<\/td>\n<td rowspan=\"2\" width=\"59\">g\u2215\u339d<sup>3<\/sup><\/td>\n<td width=\"79\"><strong>\u2265<\/strong>1.56<\/td>\n<td width=\"85\"><strong>\u2265<\/strong>1.56<\/td>\n<td width=\"85\"><strong>\u2265<\/strong>1.55<\/td>\n<\/tr>\n<tr>\n<td width=\"76\">Pez\u00f3n<\/td>\n<td width=\"79\"><strong>\u2265<\/strong>1.70<\/td>\n<td width=\"85\"><strong>\u2265<\/strong>1.70<\/td>\n<td width=\"85\"><strong>\u2265<\/strong>1.72<\/td>\n<\/tr>\n<tr>\n<td rowspan=\"2\" width=\"148\">C.T.E<\/p>\n<p>\uff08100\uff5e600\u2103\uff09<\/td>\n<td width=\"76\">Electrodo<\/td>\n<td rowspan=\"2\" width=\"59\">10<sup>-6<\/sup>\u2215\u2103<\/td>\n<td width=\"79\"><strong>\u2264<\/strong>2.9<\/td>\n<td width=\"85\"><strong>\u2264<\/strong>2.9<\/td>\n<td width=\"85\"><strong>\u2264<\/strong>2.9<\/td>\n<\/tr>\n<tr>\n<td width=\"76\">Pez\u00f3n<\/td>\n<td width=\"79\"><strong>\u2264<\/strong>2.8<\/td>\n<td width=\"85\"><strong>\u2264<\/strong>2.8<\/td>\n<td width=\"85\"><strong>\u2264<\/strong>2.8<\/td>\n<\/tr>\n<tr>\n<td colspan=\"2\" width=\"223\">Contenido en cenizas<\/td>\n<td width=\"59\">%<\/td>\n<td width=\"79\"><strong>\u2264<\/strong>0.5<\/td>\n<td width=\"85\"><strong>\u2264<\/strong>0.5<\/td>\n<td width=\"85\"><strong>\u2264<\/strong>0.5<\/td>\n<\/tr>\n<\/tbody>\n<\/table>\n<p>&nbsp;<\/p>","protected":false},"excerpt":{"rendered":"<p><!--more--><br \/>\nEl electrodo de grafito RP se utiliza en hornos de arco el\u00e9ctrico de potencia ordinaria, como la siderurgia, la fundici\u00f3n de silicio y la fundici\u00f3n de f\u00f3sforo amarillo. Se fabrica con coque de petr\u00f3leo y brea de carb\u00f3n como materias primas. Se caracteriza por su bajo contenido en cenizas, buena conductividad el\u00e9ctrica, resistencia a altas temperaturas y no se funde ni se deforma a altas temperaturas.<\/p>\n<p>Electrodo de grafito RP como material conductor en hornos metal\u00fargicos de arco para la fundici\u00f3n de diversos metales no ferrosos y raros. Puede utilizarse con densidades de corriente superiores a 17 A\/cm2. Especificaciones y di\u00e1metros de los modelos: 100mm-960mm.<\/p>","protected":false},"featured_media":3453,"template":"","meta":[],"product_brand":[],"product_cat":[37],"product_tag":[],"class_list":{"0":"post-2129","1":"product","2":"type-product","3":"status-publish","4":"has-post-thumbnail","6":"product_cat-graphite-electrode","8":"first","9":"instock","10":"shipping-taxable","11":"product-type-simple"},"yoast_head":"<!-- This site is optimized with the Yoast SEO Premium plugin v19.2.1 (Yoast SEO v25.3) - https:\/\/yoast.com\/wordpress\/plugins\/seo\/ -->\n<title>RP Graphite Electrode - Used in Electric Arc Furnace Steel Production<\/title>\n<meta name=\"description\" content=\"RP Graphite Electrode is used as a conductive material in arc metallurgical furnaces for smelting various non-ferrous and rare metals. It can be used at current densities exceeding 17A\/cm2.\" \/>\n<meta name=\"robots\" content=\"index, follow, max-snippet:-1, max-image-preview:large, max-video-preview:-1\" \/>\n<link rel=\"canonical\" href=\"https:\/\/jinsuncarbon.com\/es_ar\/producto\/electrodo-de-grafito-rp\/\" \/>\n<meta property=\"og:locale\" content=\"es_ES\" \/>\n<meta property=\"og:type\" content=\"article\" \/>\n<meta property=\"og:title\" content=\"RP Graphite Electrode\" \/>\n<meta property=\"og:description\" content=\"RP Graphite Electrode is used as a conductive material in arc metallurgical furnaces for smelting various non-ferrous and rare metals. It can be used at current densities exceeding 17A\/cm2.\" \/>\n<meta property=\"og:url\" content=\"https:\/\/jinsuncarbon.com\/es_ar\/producto\/electrodo-de-grafito-rp\/\" \/>\n<meta property=\"og:site_name\" content=\"Jinsun Carbon\" \/>\n<meta property=\"article:publisher\" content=\"https:\/\/www.facebook.com\/Graphite-Electrode-109336238661595\" \/>\n<meta property=\"article:modified_time\" content=\"2024-11-03T13:16:47+00:00\" \/>\n<meta property=\"og:image\" content=\"https:\/\/jinsuncarbon.com\/wp-content\/uploads\/2023\/01\/8943e41550f3524cd61ca9d4f8acb00.jpg\" \/>\n\t<meta property=\"og:image:width\" content=\"1024\" \/>\n\t<meta property=\"og:image:height\" content=\"792\" \/>\n\t<meta property=\"og:image:type\" content=\"image\/jpeg\" \/>\n<meta name=\"twitter:card\" content=\"summary_large_image\" \/>\n<meta name=\"twitter:site\" content=\"@jinsuncarbon_\" \/>\n<meta name=\"twitter:label1\" content=\"Tiempo de lectura\" \/>\n\t<meta name=\"twitter:data1\" content=\"3 minutos\" \/>\n<script type=\"application\/ld+json\" class=\"yoast-schema-graph\">{\"@context\":\"https:\/\/schema.org\",\"@graph\":[{\"@type\":\"WebPage\",\"@id\":\"https:\/\/jinsuncarbon.com\/product\/rp-graphite-electrode\/\",\"url\":\"https:\/\/jinsuncarbon.com\/product\/rp-graphite-electrode\/\",\"name\":\"RP Graphite Electrode - Used in Electric Arc Furnace Steel Production\",\"isPartOf\":{\"@id\":\"https:\/\/jinsuncarbon.com\/#website\"},\"primaryImageOfPage\":{\"@id\":\"https:\/\/jinsuncarbon.com\/product\/rp-graphite-electrode\/#primaryimage\"},\"image\":{\"@id\":\"https:\/\/jinsuncarbon.com\/product\/rp-graphite-electrode\/#primaryimage\"},\"thumbnailUrl\":\"https:\/\/jinsuncarbon.com\/wp-content\/uploads\/2023\/01\/8943e41550f3524cd61ca9d4f8acb00.jpg\",\"datePublished\":\"2023-01-30T09:07:59+00:00\",\"dateModified\":\"2024-11-03T13:16:47+00:00\",\"description\":\"RP Graphite Electrode is used as a conductive material in arc metallurgical furnaces for smelting various non-ferrous and rare metals. It can be used at current densities exceeding 17A\/cm2.\",\"breadcrumb\":{\"@id\":\"https:\/\/jinsuncarbon.com\/product\/rp-graphite-electrode\/#breadcrumb\"},\"inLanguage\":\"es-AR\",\"potentialAction\":[{\"@type\":\"ReadAction\",\"target\":[\"https:\/\/jinsuncarbon.com\/product\/rp-graphite-electrode\/\"]}]},{\"@type\":\"ImageObject\",\"inLanguage\":\"es-AR\",\"@id\":\"https:\/\/jinsuncarbon.com\/product\/rp-graphite-electrode\/#primaryimage\",\"url\":\"https:\/\/jinsuncarbon.com\/wp-content\/uploads\/2023\/01\/8943e41550f3524cd61ca9d4f8acb00.jpg\",\"contentUrl\":\"https:\/\/jinsuncarbon.com\/wp-content\/uploads\/2023\/01\/8943e41550f3524cd61ca9d4f8acb00.jpg\",\"width\":1024,\"height\":792,\"caption\":\"RP graphite electrode - China graphite electrode factory and supplier\"},{\"@type\":\"BreadcrumbList\",\"@id\":\"https:\/\/jinsuncarbon.com\/product\/rp-graphite-electrode\/#breadcrumb\",\"itemListElement\":[{\"@type\":\"ListItem\",\"position\":1,\"name\":\"Home\",\"item\":\"https:\/\/jinsuncarbon.com\/\"},{\"@type\":\"ListItem\",\"position\":2,\"name\":\"Products\",\"item\":\"https:\/\/jinsuncarbon.com\/graphite-carbon\/\"},{\"@type\":\"ListItem\",\"position\":3,\"name\":\"RP Graphite Electrode\"}]},{\"@type\":\"WebSite\",\"@id\":\"https:\/\/jinsuncarbon.com\/#website\",\"url\":\"https:\/\/jinsuncarbon.com\/\",\"name\":\"Jinsun Carbon\",\"description\":\"We are the successful graphite electrode manufacturer in China\",\"publisher\":{\"@id\":\"https:\/\/jinsuncarbon.com\/#organization\"},\"potentialAction\":[{\"@type\":\"SearchAction\",\"target\":{\"@type\":\"EntryPoint\",\"urlTemplate\":\"https:\/\/jinsuncarbon.com\/?s={search_term_string}\"},\"query-input\":{\"@type\":\"PropertyValueSpecification\",\"valueRequired\":true,\"valueName\":\"search_term_string\"}}],\"inLanguage\":\"es-AR\"},{\"@type\":\"Organization\",\"@id\":\"https:\/\/jinsuncarbon.com\/#organization\",\"name\":\"Jinsun Carbon\",\"alternateName\":\"Jinsun Carbon\",\"url\":\"https:\/\/jinsuncarbon.com\/\",\"logo\":{\"@type\":\"ImageObject\",\"inLanguage\":\"es-AR\",\"@id\":\"https:\/\/jinsuncarbon.com\/#\/schema\/logo\/image\/\",\"url\":\"https:\/\/jinsuncarbon.com\/wp-content\/uploads\/2022\/12\/LOGO-1.png\",\"contentUrl\":\"https:\/\/jinsuncarbon.com\/wp-content\/uploads\/2022\/12\/LOGO-1.png\",\"width\":207,\"height\":80,\"caption\":\"Jinsun Carbon\"},\"image\":{\"@id\":\"https:\/\/jinsuncarbon.com\/#\/schema\/logo\/image\/\"},\"sameAs\":[\"https:\/\/www.facebook.com\/Graphite-Electrode-109336238661595\",\"https:\/\/x.com\/jinsuncarbon_\",\"https:\/\/www.linkedin.com\/in\/jinsungraphite\",\"https:\/\/www.youtube.com\/channel\/UCysDNyvyR5-3cCWEmpkVC0g\"]}]}<\/script>\n<!-- \/ Yoast SEO Premium plugin. -->","yoast_head_json":{"title":"Electrodo de grafito RP - Utilizado en la producci\u00f3n de acero en horno de arco el\u00e9ctrico","description":"El electrodo de grafito RP se utiliza como material conductor en hornos metal\u00fargicos de arco para fundir diversos metales no ferrosos y raros. Puede utilizarse con densidades de corriente superiores a 17 A\/cm2.","robots":{"index":"index","follow":"follow","max-snippet":"max-snippet:-1","max-image-preview":"max-image-preview:large","max-video-preview":"max-video-preview:-1"},"canonical":"https:\/\/jinsuncarbon.com\/es_ar\/producto\/electrodo-de-grafito-rp\/","og_locale":"es_ES","og_type":"article","og_title":"RP Graphite Electrode","og_description":"RP Graphite Electrode is used as a conductive material in arc metallurgical furnaces for smelting various non-ferrous and rare metals. It can be used at current densities exceeding 17A\/cm2.","og_url":"https:\/\/jinsuncarbon.com\/es_ar\/producto\/electrodo-de-grafito-rp\/","og_site_name":"Jinsun Carbon","article_publisher":"https:\/\/www.facebook.com\/Graphite-Electrode-109336238661595","article_modified_time":"2024-11-03T13:16:47+00:00","og_image":[{"width":1024,"height":792,"url":"https:\/\/jinsuncarbon.com\/wp-content\/uploads\/2023\/01\/8943e41550f3524cd61ca9d4f8acb00.jpg","type":"image\/jpeg"}],"twitter_card":"summary_large_image","twitter_site":"@jinsuncarbon_","twitter_misc":{"Tiempo de lectura":"3 minutos"},"schema":{"@context":"https:\/\/schema.org","@graph":[{"@type":"WebPage","@id":"https:\/\/jinsuncarbon.com\/product\/rp-graphite-electrode\/","url":"https:\/\/jinsuncarbon.com\/product\/rp-graphite-electrode\/","name":"Electrodo de grafito RP - Utilizado en la producci\u00f3n de acero en horno de arco el\u00e9ctrico","isPartOf":{"@id":"https:\/\/jinsuncarbon.com\/#website"},"primaryImageOfPage":{"@id":"https:\/\/jinsuncarbon.com\/product\/rp-graphite-electrode\/#primaryimage"},"image":{"@id":"https:\/\/jinsuncarbon.com\/product\/rp-graphite-electrode\/#primaryimage"},"thumbnailUrl":"https:\/\/jinsuncarbon.com\/wp-content\/uploads\/2023\/01\/8943e41550f3524cd61ca9d4f8acb00.jpg","datePublished":"2023-01-30T09:07:59+00:00","dateModified":"2024-11-03T13:16:47+00:00","description":"El electrodo de grafito RP se utiliza como material conductor en hornos metal\u00fargicos de arco para fundir diversos metales no ferrosos y raros. Puede utilizarse con densidades de corriente superiores a 17 A\/cm2.","breadcrumb":{"@id":"https:\/\/jinsuncarbon.com\/product\/rp-graphite-electrode\/#breadcrumb"},"inLanguage":"es-AR","potentialAction":[{"@type":"ReadAction","target":["https:\/\/jinsuncarbon.com\/product\/rp-graphite-electrode\/"]}]},{"@type":"ImageObject","inLanguage":"es-AR","@id":"https:\/\/jinsuncarbon.com\/product\/rp-graphite-electrode\/#primaryimage","url":"https:\/\/jinsuncarbon.com\/wp-content\/uploads\/2023\/01\/8943e41550f3524cd61ca9d4f8acb00.jpg","contentUrl":"https:\/\/jinsuncarbon.com\/wp-content\/uploads\/2023\/01\/8943e41550f3524cd61ca9d4f8acb00.jpg","width":1024,"height":792,"caption":"RP graphite electrode - China graphite electrode factory and supplier"},{"@type":"BreadcrumbList","@id":"https:\/\/jinsuncarbon.com\/product\/rp-graphite-electrode\/#breadcrumb","itemListElement":[{"@type":"ListItem","position":1,"name":"Home","item":"https:\/\/jinsuncarbon.com\/"},{"@type":"ListItem","position":2,"name":"Products","item":"https:\/\/jinsuncarbon.com\/graphite-carbon\/"},{"@type":"ListItem","position":3,"name":"RP Graphite Electrode"}]},{"@type":"WebSite","@id":"https:\/\/jinsuncarbon.com\/#website","url":"https:\/\/jinsuncarbon.com\/","name":"Jinsun Carbon","description":"Somos el fabricante de electrodos de grafito con m\u00e1s \u00e9xito de China","publisher":{"@id":"https:\/\/jinsuncarbon.com\/#organization"},"potentialAction":[{"@type":"SearchAction","target":{"@type":"EntryPoint","urlTemplate":"https:\/\/jinsuncarbon.com\/?s={search_term_string}"},"query-input":{"@type":"PropertyValueSpecification","valueRequired":true,"valueName":"search_term_string"}}],"inLanguage":"es-AR"},{"@type":"Organization","@id":"https:\/\/jinsuncarbon.com\/#organization","name":"Jinsun Carbon","alternateName":"Jinsun Carbon","url":"https:\/\/jinsuncarbon.com\/","logo":{"@type":"ImageObject","inLanguage":"es-AR","@id":"https:\/\/jinsuncarbon.com\/#\/schema\/logo\/image\/","url":"https:\/\/jinsuncarbon.com\/wp-content\/uploads\/2022\/12\/LOGO-1.png","contentUrl":"https:\/\/jinsuncarbon.com\/wp-content\/uploads\/2022\/12\/LOGO-1.png","width":207,"height":80,"caption":"Jinsun Carbon"},"image":{"@id":"https:\/\/jinsuncarbon.com\/#\/schema\/logo\/image\/"},"sameAs":["https:\/\/www.facebook.com\/Graphite-Electrode-109336238661595","https:\/\/x.com\/jinsuncarbon_","https:\/\/www.linkedin.com\/in\/jinsungraphite","https:\/\/www.youtube.com\/channel\/UCysDNyvyR5-3cCWEmpkVC0g"]}]}},"_links":{"self":[{"href":"https:\/\/jinsuncarbon.com\/es_ar\/wp-json\/wp\/v2\/product\/2129","targetHints":{"allow":["GET"]}}],"collection":[{"href":"https:\/\/jinsuncarbon.com\/es_ar\/wp-json\/wp\/v2\/product"}],"about":[{"href":"https:\/\/jinsuncarbon.com\/es_ar\/wp-json\/wp\/v2\/types\/product"}],"wp:featuredmedia":[{"embeddable":true,"href":"https:\/\/jinsuncarbon.com\/es_ar\/wp-json\/wp\/v2\/media\/3453"}],"wp:attachment":[{"href":"https:\/\/jinsuncarbon.com\/es_ar\/wp-json\/wp\/v2\/media?parent=2129"}],"wp:term":[{"taxonomy":"product_brand","embeddable":true,"href":"https:\/\/jinsuncarbon.com\/es_ar\/wp-json\/wp\/v2\/product_brand?post=2129"},{"taxonomy":"product_cat","embeddable":true,"href":"https:\/\/jinsuncarbon.com\/es_ar\/wp-json\/wp\/v2\/product_cat?post=2129"},{"taxonomy":"product_tag","embeddable":true,"href":"https:\/\/jinsuncarbon.com\/es_ar\/wp-json\/wp\/v2\/product_tag?post=2129"}],"curies":[{"name":"wp","href":"https:\/\/api.w.org\/{rel}","templated":true}]}}