{"id":8068,"date":"2025-09-13T08:58:54","date_gmt":"2025-09-13T08:58:54","guid":{"rendered":"https:\/\/jinsuncarbon.com\/?post_type=product&#038;p=8068"},"modified":"2025-09-13T08:58:55","modified_gmt":"2025-09-13T08:58:55","slug":"pernos-de-fibra-de-carbono","status":"publish","type":"product","link":"https:\/\/jinsuncarbon.com\/es\/producto\/pernos-de-fibra-de-carbono\/","title":{"rendered":"Pernos de fibra de carbono"},"content":{"rendered":"<h2>Ventajas de los pernos de fibra de carbono<\/h2>\n<p><strong><b>Peso ligero<\/b><\/strong><\/p>\n<p>Su peso es mucho menor que el de las fijaciones de acero de la misma especificaci\u00f3n, lo que puede reducir significativamente el peso total del equipo. Y puede garantizar la resistencia de la conexi\u00f3n, siendo aplicable a campos sensibles al peso, como el aeroespacial.<\/p>\n<p>&nbsp;<\/p>\n<p><strong><b>Caracter\u00edsticas de alta resistencia<\/b><\/strong><\/p>\n<p>Su resistencia a la tracci\u00f3n y su resistencia espec\u00edfica superan con creces las de los metales tradicionales.<\/p>\n<p>&nbsp;<\/p>\n<p><strong><b>Excelente resistencia a la corrosi\u00f3n<\/b><\/strong><\/p>\n<p>Los tornillos de fibra de carbono no son propensos a la oxidaci\u00f3n ni a la corrosi\u00f3n en entornos h\u00famedos, \u00e1cidos o alcalinos. Esto evita los problemas habituales de oxidaci\u00f3n de las fijaciones met\u00e1licas y prolonga considerablemente su vida \u00fatil.<\/p>\n<p>&nbsp;<\/p>\n<p><strong><b>Excelente comportamiento frente a la fatiga<\/b><\/strong><\/p>\n<p>No es propenso a fracturarse bajo cargas alternas de larga duraci\u00f3n, por lo que mejora la seguridad de funcionamiento de los equipos.<\/p>\n<p>&nbsp;<\/p>\n<p><strong><b>Bajo coeficiente de dilataci\u00f3n t\u00e9rmica<\/b><\/strong><\/p>\n<p>Puede reducir el aflojamiento de las conexiones causado por la dilataci\u00f3n y contracci\u00f3n t\u00e9rmicas, garantizando la estabilidad de la conexi\u00f3n.<\/p>\n<p>&nbsp;<\/p>\n<h2>Tipos de pernos de fibra de carbono<\/h2>\n<h3>Seg\u00fan la clasificaci\u00f3n del material de base<\/h3>\n<p><strong><b>T<\/b><\/strong><strong><b>tornillos y tuercas compuestos hermosetting<\/b><\/strong><\/p>\n<p>Est\u00e1n hechos de resina epoxi, resina fen\u00f3lica, etc., que tienen propiedades estables despu\u00e9s del moldeo. Son adecuados para escenarios de conexi\u00f3n est\u00e1tica con requisitos de alta resistencia estructural, como la fijaci\u00f3n de estructuras internas de naves espaciales.<\/p>\n<p><strong><b>\u00a0<\/b><\/strong><\/p>\n<p><strong><b>T<\/b><\/strong><strong><b>tornillo y tuerca de material compuesto hermopl\u00e1stico<\/b><\/strong><\/p>\n<p>Se fabrican con polieteretercetona (PEEK) y otras <a href=\"https:\/\/jinsuncarbon.com\/es\/es-el-grafito-un-material-compuesto\/\">materiales<\/a>que tienen cierta dureza, capacidad de reciclaje y mayor resistencia a los impactos. Son adecuados para conexiones din\u00e1micas con ligeras vibraciones, como los componentes de chasis de veh\u00edculos de gama alta.<\/p>\n<p>&nbsp;<\/p>\n<h2>Usos de los pernos de fibra de carbono<\/h2>\n<p><strong><b>En el \u00e1mbito aeroespacial<\/b><\/strong><\/p>\n<p>Su ligereza se utiliza para unir el armaz\u00f3n del fuselaje de los aviones, la piel y el armaz\u00f3n de las alas. Y para fijar los componentes estructurales de los sat\u00e9lites, puede reducir el consumo de combustible o el coste de lanzamiento. Y su resistencia a la corrosi\u00f3n puede hacer frente a las duras condiciones a gran altitud.<\/p>\n<p>&nbsp;<\/p>\n<p><strong><b>En el \u00e1mbito de los veh\u00edculos de nueva energ\u00eda<\/b><\/strong><\/p>\n<p>Se puede utilizar para conectar la carcasa de la bater\u00eda, que puede cumplir los requisitos de aislamiento. Tambi\u00e9n reduce el peso de la <a href=\"https:\/\/www.continentalbattery.com\/\" target=\"_blank\" rel=\"noopener\">sistema de bater\u00edas<\/a> y mejora la autonom\u00eda del veh\u00edculo. Y tambi\u00e9n se puede utilizar para el montaje ligero de motores y sistemas de control electr\u00f3nico.<\/p>\n<p>&nbsp;<\/p>\n<p><strong><b>En el \u00e1mbito de los equipos de gama alta<\/b><\/strong><\/p>\n<p>Debido a su resistencia a la intemperie puede hacer frente a los complejos climas exteriores y evitar problemas de oxidaci\u00f3n durante el uso a largo plazo. Puede utilizarse como conexi\u00f3n de la estructura interna de las cabinas de los equipos de aerogeneradores. Al mismo tiempo, su propiedad de alta resistencia puede soportar las cargas de vibraci\u00f3n durante el funcionamiento de las turbinas e\u00f3licas.<\/p>\n<p>&nbsp;<\/p>\n<p><strong><b>En el \u00e1mbito de los productos sanitarios<\/b><\/strong><\/p>\n<p>Puede utilizarse para conectar componentes de instrumentos como equipos de resonancia magn\u00e9tica que son sensibles a las interferencias met\u00e1licas. Sus caracter\u00edsticas no met\u00e1licas pueden evitar que afecte al campo magn\u00e9tico del equipo, lo que garantiza la seguridad de uso.<\/p>","protected":false},"excerpt":{"rendered":"<p>Los tornillos y tuercas de carbono compuesto son un tipo de combinaci\u00f3n de elementos de fijaci\u00f3n fabricados combinando fibras de carbono como elementos de refuerzo con resinas y otros materiales como matriz. Presentan ventajas fundamentales como peso ligero, alta resistencia y resistencia a la corrosi\u00f3n. Pueden superar las limitaciones de rendimiento de las fijaciones met\u00e1licas tradicionales, por lo que son componentes de conexi\u00f3n clave en campos como el aeroespacial. Y rinden excepcionalmente bien en escenarios que exigen altas prestaciones y resistencia a la intemperie.<\/p>","protected":false},"featured_media":8069,"template":"","meta":[],"product_brand":[],"product_cat":[38],"product_tag":[],"class_list":{"0":"post-8068","1":"product","2":"type-product","3":"status-publish","4":"has-post-thumbnail","6":"product_cat-graphite-products","8":"first","9":"instock","10":"shipping-taxable","11":"product-type-simple"},"yoast_head":"<!-- This site is optimized with the Yoast SEO Premium plugin v19.2.1 (Yoast SEO v25.3) - https:\/\/yoast.com\/wordpress\/plugins\/seo\/ -->\n<title>Carbon Fiber Bolts | Jinsun Carbon<\/title>\n<meta name=\"robots\" content=\"index, follow, max-snippet:-1, max-image-preview:large, max-video-preview:-1\" \/>\n<link rel=\"canonical\" href=\"https:\/\/jinsuncarbon.com\/es\/producto\/pernos-de-fibra-de-carbono\/\" \/>\n<meta property=\"og:locale\" content=\"es_MX\" \/>\n<meta property=\"og:type\" content=\"article\" \/>\n<meta property=\"og:title\" content=\"Carbon Fiber Bolts\" \/>\n<meta property=\"og:description\" content=\"Carbon composite bolt and nut are a type of fastener combination made by combining carbon fibers as reinforcing elements with resins and other materials as the matrix. They have the\u00a0core advantages such as light weight, high strength, and corrosion resistance. They can overcome the performance limitations of traditional metal fasteners, so they are key connection components in fields\u00a0like aerospace.\u00a0And they perform exceptionally well in scenarios\u00a0which\u00a0has\u00a0high performance requirement\u00a0and weather resistance.\" \/>\n<meta property=\"og:url\" content=\"https:\/\/jinsuncarbon.com\/es\/producto\/pernos-de-fibra-de-carbono\/\" \/>\n<meta property=\"og:site_name\" content=\"Jinsun Carbon\" \/>\n<meta property=\"article:publisher\" content=\"https:\/\/www.facebook.com\/Graphite-Electrode-109336238661595\" \/>\n<meta property=\"article:modified_time\" content=\"2025-09-13T08:58:55+00:00\" \/>\n<meta property=\"og:image\" content=\"https:\/\/jinsuncarbon.com\/wp-content\/uploads\/2025\/09\/Carbon-Composite-Bolt-and-Nut.jpg\" \/>\n\t<meta property=\"og:image:width\" content=\"1024\" \/>\n\t<meta property=\"og:image:height\" content=\"763\" \/>\n\t<meta property=\"og:image:type\" content=\"image\/jpeg\" \/>\n<meta name=\"twitter:card\" content=\"summary_large_image\" \/>\n<meta name=\"twitter:site\" content=\"@jinsuncarbon_\" \/>\n<meta name=\"twitter:label1\" content=\"Tiempo de lectura\" \/>\n\t<meta name=\"twitter:data1\" content=\"3 minutos\" \/>\n<script type=\"application\/ld+json\" class=\"yoast-schema-graph\">{\"@context\":\"https:\/\/schema.org\",\"@graph\":[{\"@type\":\"WebPage\",\"@id\":\"https:\/\/jinsuncarbon.com\/product\/carbon-fiber-bolts\/\",\"url\":\"https:\/\/jinsuncarbon.com\/product\/carbon-fiber-bolts\/\",\"name\":\"Carbon Fiber Bolts | Jinsun Carbon\",\"isPartOf\":{\"@id\":\"https:\/\/jinsuncarbon.com\/#website\"},\"primaryImageOfPage\":{\"@id\":\"https:\/\/jinsuncarbon.com\/product\/carbon-fiber-bolts\/#primaryimage\"},\"image\":{\"@id\":\"https:\/\/jinsuncarbon.com\/product\/carbon-fiber-bolts\/#primaryimage\"},\"thumbnailUrl\":\"https:\/\/jinsuncarbon.com\/wp-content\/uploads\/2025\/09\/Carbon-Composite-Bolt-and-Nut.jpg\",\"datePublished\":\"2025-09-13T08:58:54+00:00\",\"dateModified\":\"2025-09-13T08:58:55+00:00\",\"breadcrumb\":{\"@id\":\"https:\/\/jinsuncarbon.com\/product\/carbon-fiber-bolts\/#breadcrumb\"},\"inLanguage\":\"es\",\"potentialAction\":[{\"@type\":\"ReadAction\",\"target\":[\"https:\/\/jinsuncarbon.com\/product\/carbon-fiber-bolts\/\"]}]},{\"@type\":\"ImageObject\",\"inLanguage\":\"es\",\"@id\":\"https:\/\/jinsuncarbon.com\/product\/carbon-fiber-bolts\/#primaryimage\",\"url\":\"https:\/\/jinsuncarbon.com\/wp-content\/uploads\/2025\/09\/Carbon-Composite-Bolt-and-Nut.jpg\",\"contentUrl\":\"https:\/\/jinsuncarbon.com\/wp-content\/uploads\/2025\/09\/Carbon-Composite-Bolt-and-Nut.jpg\",\"width\":1024,\"height\":763,\"caption\":\"Carbon Fiber Bolts\"},{\"@type\":\"BreadcrumbList\",\"@id\":\"https:\/\/jinsuncarbon.com\/product\/carbon-fiber-bolts\/#breadcrumb\",\"itemListElement\":[{\"@type\":\"ListItem\",\"position\":1,\"name\":\"Home\",\"item\":\"https:\/\/jinsuncarbon.com\/\"},{\"@type\":\"ListItem\",\"position\":2,\"name\":\"Products\",\"item\":\"https:\/\/jinsuncarbon.com\/graphite-carbon\/\"},{\"@type\":\"ListItem\",\"position\":3,\"name\":\"Carbon Fiber Bolts\"}]},{\"@type\":\"WebSite\",\"@id\":\"https:\/\/jinsuncarbon.com\/#website\",\"url\":\"https:\/\/jinsuncarbon.com\/\",\"name\":\"Jinsun Carbon\",\"description\":\"We are the successful graphite electrode manufacturer in China\",\"publisher\":{\"@id\":\"https:\/\/jinsuncarbon.com\/#organization\"},\"potentialAction\":[{\"@type\":\"SearchAction\",\"target\":{\"@type\":\"EntryPoint\",\"urlTemplate\":\"https:\/\/jinsuncarbon.com\/?s={search_term_string}\"},\"query-input\":{\"@type\":\"PropertyValueSpecification\",\"valueRequired\":true,\"valueName\":\"search_term_string\"}}],\"inLanguage\":\"es\"},{\"@type\":\"Organization\",\"@id\":\"https:\/\/jinsuncarbon.com\/#organization\",\"name\":\"Jinsun Carbon\",\"alternateName\":\"Jinsun Carbon\",\"url\":\"https:\/\/jinsuncarbon.com\/\",\"logo\":{\"@type\":\"ImageObject\",\"inLanguage\":\"es\",\"@id\":\"https:\/\/jinsuncarbon.com\/#\/schema\/logo\/image\/\",\"url\":\"https:\/\/jinsuncarbon.com\/wp-content\/uploads\/2022\/12\/LOGO-1.png\",\"contentUrl\":\"https:\/\/jinsuncarbon.com\/wp-content\/uploads\/2022\/12\/LOGO-1.png\",\"width\":207,\"height\":80,\"caption\":\"Jinsun Carbon\"},\"image\":{\"@id\":\"https:\/\/jinsuncarbon.com\/#\/schema\/logo\/image\/\"},\"sameAs\":[\"https:\/\/www.facebook.com\/Graphite-Electrode-109336238661595\",\"https:\/\/x.com\/jinsuncarbon_\",\"https:\/\/www.linkedin.com\/in\/jinsungraphite\",\"https:\/\/www.youtube.com\/channel\/UCysDNyvyR5-3cCWEmpkVC0g\"]}]}<\/script>\n<!-- \/ Yoast SEO Premium plugin. -->","yoast_head_json":{"title":"Pernos de fibra de carbono | Jinsun Carbon","robots":{"index":"index","follow":"follow","max-snippet":"max-snippet:-1","max-image-preview":"max-image-preview:large","max-video-preview":"max-video-preview:-1"},"canonical":"https:\/\/jinsuncarbon.com\/es\/producto\/pernos-de-fibra-de-carbono\/","og_locale":"es_MX","og_type":"article","og_title":"Carbon Fiber Bolts","og_description":"Carbon composite bolt and nut are a type of fastener combination made by combining carbon fibers as reinforcing elements with resins and other materials as the matrix. They have the\u00a0core advantages such as light weight, high strength, and corrosion resistance. They can overcome the performance limitations of traditional metal fasteners, so they are key connection components in fields\u00a0like aerospace.\u00a0And they perform exceptionally well in scenarios\u00a0which\u00a0has\u00a0high performance requirement\u00a0and weather resistance.","og_url":"https:\/\/jinsuncarbon.com\/es\/producto\/pernos-de-fibra-de-carbono\/","og_site_name":"Jinsun Carbon","article_publisher":"https:\/\/www.facebook.com\/Graphite-Electrode-109336238661595","article_modified_time":"2025-09-13T08:58:55+00:00","og_image":[{"width":1024,"height":763,"url":"https:\/\/jinsuncarbon.com\/wp-content\/uploads\/2025\/09\/Carbon-Composite-Bolt-and-Nut.jpg","type":"image\/jpeg"}],"twitter_card":"summary_large_image","twitter_site":"@jinsuncarbon_","twitter_misc":{"Tiempo de lectura":"3 minutos"},"schema":{"@context":"https:\/\/schema.org","@graph":[{"@type":"WebPage","@id":"https:\/\/jinsuncarbon.com\/product\/carbon-fiber-bolts\/","url":"https:\/\/jinsuncarbon.com\/product\/carbon-fiber-bolts\/","name":"Pernos de fibra de carbono | Jinsun Carbon","isPartOf":{"@id":"https:\/\/jinsuncarbon.com\/#website"},"primaryImageOfPage":{"@id":"https:\/\/jinsuncarbon.com\/product\/carbon-fiber-bolts\/#primaryimage"},"image":{"@id":"https:\/\/jinsuncarbon.com\/product\/carbon-fiber-bolts\/#primaryimage"},"thumbnailUrl":"https:\/\/jinsuncarbon.com\/wp-content\/uploads\/2025\/09\/Carbon-Composite-Bolt-and-Nut.jpg","datePublished":"2025-09-13T08:58:54+00:00","dateModified":"2025-09-13T08:58:55+00:00","breadcrumb":{"@id":"https:\/\/jinsuncarbon.com\/product\/carbon-fiber-bolts\/#breadcrumb"},"inLanguage":"es","potentialAction":[{"@type":"ReadAction","target":["https:\/\/jinsuncarbon.com\/product\/carbon-fiber-bolts\/"]}]},{"@type":"ImageObject","inLanguage":"es","@id":"https:\/\/jinsuncarbon.com\/product\/carbon-fiber-bolts\/#primaryimage","url":"https:\/\/jinsuncarbon.com\/wp-content\/uploads\/2025\/09\/Carbon-Composite-Bolt-and-Nut.jpg","contentUrl":"https:\/\/jinsuncarbon.com\/wp-content\/uploads\/2025\/09\/Carbon-Composite-Bolt-and-Nut.jpg","width":1024,"height":763,"caption":"Carbon Fiber Bolts"},{"@type":"BreadcrumbList","@id":"https:\/\/jinsuncarbon.com\/product\/carbon-fiber-bolts\/#breadcrumb","itemListElement":[{"@type":"ListItem","position":1,"name":"Home","item":"https:\/\/jinsuncarbon.com\/"},{"@type":"ListItem","position":2,"name":"Products","item":"https:\/\/jinsuncarbon.com\/graphite-carbon\/"},{"@type":"ListItem","position":3,"name":"Carbon Fiber Bolts"}]},{"@type":"WebSite","@id":"https:\/\/jinsuncarbon.com\/#website","url":"https:\/\/jinsuncarbon.com\/","name":"Jinsun Carbon","description":"Somos el fabricante de electrodos de grafito con m\u00e1s \u00e9xito de China","publisher":{"@id":"https:\/\/jinsuncarbon.com\/#organization"},"potentialAction":[{"@type":"SearchAction","target":{"@type":"EntryPoint","urlTemplate":"https:\/\/jinsuncarbon.com\/?s={search_term_string}"},"query-input":{"@type":"PropertyValueSpecification","valueRequired":true,"valueName":"search_term_string"}}],"inLanguage":"es"},{"@type":"Organization","@id":"https:\/\/jinsuncarbon.com\/#organization","name":"Jinsun Carbon","alternateName":"Jinsun Carbon","url":"https:\/\/jinsuncarbon.com\/","logo":{"@type":"ImageObject","inLanguage":"es","@id":"https:\/\/jinsuncarbon.com\/#\/schema\/logo\/image\/","url":"https:\/\/jinsuncarbon.com\/wp-content\/uploads\/2022\/12\/LOGO-1.png","contentUrl":"https:\/\/jinsuncarbon.com\/wp-content\/uploads\/2022\/12\/LOGO-1.png","width":207,"height":80,"caption":"Jinsun Carbon"},"image":{"@id":"https:\/\/jinsuncarbon.com\/#\/schema\/logo\/image\/"},"sameAs":["https:\/\/www.facebook.com\/Graphite-Electrode-109336238661595","https:\/\/x.com\/jinsuncarbon_","https:\/\/www.linkedin.com\/in\/jinsungraphite","https:\/\/www.youtube.com\/channel\/UCysDNyvyR5-3cCWEmpkVC0g"]}]}},"_links":{"self":[{"href":"https:\/\/jinsuncarbon.com\/es\/wp-json\/wp\/v2\/product\/8068","targetHints":{"allow":["GET"]}}],"collection":[{"href":"https:\/\/jinsuncarbon.com\/es\/wp-json\/wp\/v2\/product"}],"about":[{"href":"https:\/\/jinsuncarbon.com\/es\/wp-json\/wp\/v2\/types\/product"}],"wp:featuredmedia":[{"embeddable":true,"href":"https:\/\/jinsuncarbon.com\/es\/wp-json\/wp\/v2\/media\/8069"}],"wp:attachment":[{"href":"https:\/\/jinsuncarbon.com\/es\/wp-json\/wp\/v2\/media?parent=8068"}],"wp:term":[{"taxonomy":"product_brand","embeddable":true,"href":"https:\/\/jinsuncarbon.com\/es\/wp-json\/wp\/v2\/product_brand?post=8068"},{"taxonomy":"product_cat","embeddable":true,"href":"https:\/\/jinsuncarbon.com\/es\/wp-json\/wp\/v2\/product_cat?post=8068"},{"taxonomy":"product_tag","embeddable":true,"href":"https:\/\/jinsuncarbon.com\/es\/wp-json\/wp\/v2\/product_tag?post=8068"}],"curies":[{"name":"wp","href":"https:\/\/api.w.org\/{rel}","templated":true}]}}