{"id":8059,"date":"2025-09-09T02:29:18","date_gmt":"2025-09-09T02:29:18","guid":{"rendered":"https:\/\/jinsuncarbon.com\/?post_type=product&#038;p=8059"},"modified":"2026-02-28T00:47:48","modified_gmt":"2026-02-28T00:47:48","slug":"bloque-de-grafito-para-fundicion","status":"publish","type":"product","link":"https:\/\/jinsuncarbon.com\/es\/producto\/bloque-de-grafito-para-fundicion\/","title":{"rendered":"Bloque de grafito para fundici\u00f3n"},"content":{"rendered":"<h2>Ventajas del bloque de grafito para fundici\u00f3n<\/h2>\n<p>Se presenta en varias formas, como bloques rectangulares, c\u00fabicos e irregulares, y tiene ventajas bastante notables.<\/p>\n<p><strong><b>E<\/b><\/strong><strong><b>xcelente resistencia a altas temperaturas<\/b><\/strong><\/p>\n<p>Mantiene la estabilidad estructural en un entorno de fundici\u00f3n a alta temperatura que oscila entre 1200\u00b0C y 1800\u00b0C. Adem\u00e1s, no se deforma ni se agrieta por el impacto de l\u00edquidos met\u00e1licos ni a altas temperaturas.<\/p>\n<p>&nbsp;<\/p>\n<p><strong><b>L<\/b><\/strong><strong><b>ow coeficiente de dilataci\u00f3n t\u00e9rmica<\/b><\/strong><\/p>\n<p>Durante el calentamiento y el enfriamiento a alta temperatura, puede garantizar la precisi\u00f3n de conformado de la fundici\u00f3n y reducir los errores de deformaci\u00f3n de la fundici\u00f3n.<\/p>\n<p>&nbsp;<\/p>\n<p><strong><b>Estable <\/b><\/strong><strong><b>propiedades qu\u00edmicas<\/b><\/strong><\/p>\n<p><a href=\"https:\/\/jinsuncarbon.com\/es\/producto\/bloque-de-grafito\/\">Bloques de grafito<\/a> no son propensos a reacciones qu\u00edmicas con l\u00edquidos de metales no f\u00e9rreos a altas temperaturas. As\u00ed se evita la contaminaci\u00f3n de la colada y se garantiza su pureza.<\/p>\n<p>&nbsp;<\/p>\n<p><strong><b>Suave<\/b><\/strong><strong><b>\u00a0la superficie es lisa y no se pega al l\u00edquido met\u00e1lico<\/b><\/strong><\/p>\n<p>Esto reduce defectos como la adherencia de la arena y las rebabas en la superficie de la pieza fundida, mejorando la calidad de la superficie de la pieza.<\/p>\n<p>&nbsp;<\/p>\n<p><strong><b>G<\/b><\/strong><strong><b>uen rendimiento mec\u00e1nico<\/b><\/strong><\/p>\n<p>Puede procesar con precisi\u00f3n la fundici\u00f3n en una estructura irregular seg\u00fan su forma, que se adapta a diversos requisitos de fundici\u00f3n.<\/p>\n<p>&nbsp;<\/p>\n<p><strong><b>L<\/b><\/strong><strong><b>ong vida \u00fatil<\/b><\/strong><\/p>\n<p>Es resistente al desgaste y a los impactos, por lo que puede reutilizarse para m\u00faltiples producciones de fundici\u00f3n, reduciendo as\u00ed los costes de fundici\u00f3n.<\/p>\n<p>&nbsp;<\/p>\n<h2>Usos del bloque de grafito para fundici\u00f3n<\/h2>\n<h3>Fundici\u00f3n de metales no f\u00e9rreos<\/h3>\n<p><strong><b>T<\/b><\/strong><strong><b>a cavidad de <a href=\"https:\/\/en.wikipedia.org\/wiki\/Die_casting\" target=\"_blank\" rel=\"noopener\">fundici\u00f3n a presi\u00f3n<\/a> moldes<\/b><\/strong><\/p>\n<p>Puede utilizarse en la producci\u00f3n de piezas de aleaci\u00f3n de aluminio de precisi\u00f3n, como ruedas de autom\u00f3vil y carcasas de ordenadores port\u00e1tiles. Puede reducir la resistencia al desmoldeo y garantiza una superficie lisa de las piezas fundidas.<\/p>\n<p>&nbsp;<\/p>\n<p><strong><b>El n\u00facleo de la coronilla<\/b><\/strong><\/p>\n<p>Puede utilizar bloques de grafito en la fundici\u00f3n de v\u00e1lvulas y accesorios de tuber\u00eda de aleaci\u00f3n de cobre para formar estructuras internas de orificios pasantes. Evita la aparici\u00f3n de defectos como cavidades de contracci\u00f3n y porosidad en las piezas fundidas, mejorando las propiedades mec\u00e1nicas.<\/p>\n<p>&nbsp;<\/p>\n<h3>Campo de la fundici\u00f3n de aleaciones especiales<\/h3>\n<p><strong><b>I<\/b><\/strong><strong><b>n la fundici\u00f3n de \u00e1labes de motores de aviaci\u00f3n<\/b><\/strong><\/p>\n<p>Puede utilizar bloques de grafito para crear n\u00facleos precisos gracias a su resistencia a las altas temperaturas y sus propiedades de baja impureza. Favorece la formaci\u00f3n del l\u00edquido de aleaci\u00f3n de alta temperatura, garantizando la precisi\u00f3n de los complejos canales de refrigeraci\u00f3n del interior de los \u00e1labes.<\/p>\n<p>&nbsp;<\/p>\n<p><strong><b>En la fundici\u00f3n de componentes de acero especiales en el \u00e1mbito de la energ\u00eda nuclear<\/b><\/strong><\/p>\n<p>Act\u00faa como bloque auxiliar de los moldes para controlar la velocidad de enfriamiento de las piezas fundidas, reduciendo las tensiones internas.<\/p>\n<p>&nbsp;<\/p>\n<h3>Campo de la fundici\u00f3n de precisi\u00f3n<\/h3>\n<p><strong><b>I<\/b><\/strong><strong><b>n fundici\u00f3n de joyas<\/b><\/strong><\/p>\n<p>Puede procesar bloques de grafito para formar la cavidad de moldes de joyer\u00eda y verter l\u00edquidos de metales preciosos en ellos. El rendimiento de procesamiento de alta precisi\u00f3n garantiza que las joyas tengan patrones claros y dimensiones precisas.<\/p>\n<p>&nbsp;<\/p>\n<p><strong><b>En la fundici\u00f3n de piezas de dispositivos m\u00e9dicos (como componentes de articulaciones artificiales)<\/b><\/strong><\/p>\n<p>Puede utilizarse como n\u00facleo para formar la compleja estructura interna de las piezas. Su estabilidad qu\u00edmica garantiza que no contamine las aleaciones biocompatibles.<\/p>\n<p>&nbsp;<\/p>\n<h3>Campo de la fundici\u00f3n mec\u00e1nica general<\/h3>\n<h5>En la fundici\u00f3n de piezas mec\u00e1nicas en general<\/h5>\n<p><strong><b>I<\/b><\/strong><strong><b>n la fundici\u00f3n de piezas de hierro o acero moldeado<\/b><\/strong><\/p>\n<p>Se puede utilizar como bloques de posicionamiento auxiliares para cooperar con el molde, reduciendo el error exc\u00e9ntrico de las piezas fundidas.<\/p>\n<p>&nbsp;<\/p>\n<p><strong><b>I<\/b><\/strong><strong><b>n la fundici\u00f3n de piezas de maquinaria agr\u00edcola (como engranajes y cajas de rodamientos)<\/b><\/strong><\/p>\n<p>Puede utilizarse para fabricar bloques de machos sencillos, reduciendo la dificultad de producci\u00f3n de piezas de fundici\u00f3n complejas.<\/p>","protected":false},"excerpt":{"rendered":"<p>El bloque de grafito para fundici\u00f3n es un tipo de producto en forma de bloque fabricado con materiales de grafito de gran pureza. Tiene una excelente resistencia a las altas temperaturas, un bajo coeficiente de expansi\u00f3n t\u00e9rmica, estabilidad qu\u00edmica y propiedades antiadherentes al metal. Por ello, los bloques de grafito tienen un rendimiento excepcional en campos industriales modernos como la fundici\u00f3n de metales no f\u00e9rreos y aleaciones. Con una alta resistencia y una buena precisi\u00f3n de conformado, es muy adecuado para los requisitos din\u00e1micos en escenarios de fundici\u00f3n, como la formaci\u00f3n de piezas de fundici\u00f3n y el soporte del n\u00facleo.<\/p>","protected":false},"featured_media":8060,"template":"","meta":[],"product_brand":[],"product_cat":[38],"product_tag":[],"class_list":{"0":"post-8059","1":"product","2":"type-product","3":"status-publish","4":"has-post-thumbnail","6":"product_cat-graphite-products","8":"first","9":"instock","10":"shipping-taxable","11":"product-type-simple"},"yoast_head":"<!-- This site is optimized with the Yoast SEO Premium plugin v19.2.1 (Yoast SEO v25.3) - https:\/\/yoast.com\/wordpress\/plugins\/seo\/ -->\n<title>Graphite Block For Casting | Jinsun Carbon<\/title>\n<meta name=\"robots\" content=\"index, follow, max-snippet:-1, max-image-preview:large, max-video-preview:-1\" \/>\n<link rel=\"canonical\" href=\"https:\/\/jinsuncarbon.com\/es\/producto\/bloque-de-grafito-para-fundicion\/\" \/>\n<meta property=\"og:locale\" content=\"es_MX\" \/>\n<meta property=\"og:type\" content=\"article\" \/>\n<meta property=\"og:title\" content=\"Graphite Block For Casting\" \/>\n<meta property=\"og:description\" content=\"Graphite block for casting is a kind of block-shaped products made from high-purity graphite materials. It has excellent high-temperature resistance, low thermal expansion coefficient, chemical stability, and non-stick metal property. So graphite blocks perform exceptionally well in modern industrial fields such as non-ferrous metals and alloy casting. With high strength and good forming accuracy, it is highly suitable for dynamic requirements in casting scenarios such as casting part formation and core support.\" \/>\n<meta property=\"og:url\" content=\"https:\/\/jinsuncarbon.com\/es\/producto\/bloque-de-grafito-para-fundicion\/\" \/>\n<meta property=\"og:site_name\" content=\"Jinsun Carbon\" \/>\n<meta property=\"article:publisher\" content=\"https:\/\/www.facebook.com\/Graphite-Electrode-109336238661595\" \/>\n<meta property=\"article:modified_time\" content=\"2026-02-28T00:47:48+00:00\" \/>\n<meta property=\"og:image\" content=\"https:\/\/jinsuncarbon.com\/wp-content\/uploads\/2025\/09\/Graphite-block-for-casting.jpg\" \/>\n\t<meta property=\"og:image:width\" content=\"1024\" \/>\n\t<meta property=\"og:image:height\" content=\"763\" \/>\n\t<meta property=\"og:image:type\" content=\"image\/jpeg\" \/>\n<meta name=\"twitter:card\" content=\"summary_large_image\" \/>\n<meta name=\"twitter:site\" content=\"@jinsuncarbon_\" \/>\n<meta name=\"twitter:label1\" content=\"Tiempo de lectura\" \/>\n\t<meta name=\"twitter:data1\" content=\"3 minutos\" \/>\n<script type=\"application\/ld+json\" class=\"yoast-schema-graph\">{\"@context\":\"https:\/\/schema.org\",\"@graph\":[{\"@type\":\"WebPage\",\"@id\":\"https:\/\/jinsuncarbon.com\/product\/graphite-block-for-casting\/\",\"url\":\"https:\/\/jinsuncarbon.com\/product\/graphite-block-for-casting\/\",\"name\":\"Graphite Block For Casting | Jinsun Carbon\",\"isPartOf\":{\"@id\":\"https:\/\/jinsuncarbon.com\/#website\"},\"primaryImageOfPage\":{\"@id\":\"https:\/\/jinsuncarbon.com\/product\/graphite-block-for-casting\/#primaryimage\"},\"image\":{\"@id\":\"https:\/\/jinsuncarbon.com\/product\/graphite-block-for-casting\/#primaryimage\"},\"thumbnailUrl\":\"https:\/\/jinsuncarbon.com\/wp-content\/uploads\/2025\/09\/Graphite-block-for-casting.jpg\",\"datePublished\":\"2025-09-09T02:29:18+00:00\",\"dateModified\":\"2026-02-28T00:47:48+00:00\",\"breadcrumb\":{\"@id\":\"https:\/\/jinsuncarbon.com\/product\/graphite-block-for-casting\/#breadcrumb\"},\"inLanguage\":\"es\",\"potentialAction\":[{\"@type\":\"ReadAction\",\"target\":[\"https:\/\/jinsuncarbon.com\/product\/graphite-block-for-casting\/\"]}]},{\"@type\":\"ImageObject\",\"inLanguage\":\"es\",\"@id\":\"https:\/\/jinsuncarbon.com\/product\/graphite-block-for-casting\/#primaryimage\",\"url\":\"https:\/\/jinsuncarbon.com\/wp-content\/uploads\/2025\/09\/Graphite-block-for-casting.jpg\",\"contentUrl\":\"https:\/\/jinsuncarbon.com\/wp-content\/uploads\/2025\/09\/Graphite-block-for-casting.jpg\",\"width\":1024,\"height\":763,\"caption\":\"Graphite block for casting\"},{\"@type\":\"BreadcrumbList\",\"@id\":\"https:\/\/jinsuncarbon.com\/product\/graphite-block-for-casting\/#breadcrumb\",\"itemListElement\":[{\"@type\":\"ListItem\",\"position\":1,\"name\":\"Home\",\"item\":\"https:\/\/jinsuncarbon.com\/\"},{\"@type\":\"ListItem\",\"position\":2,\"name\":\"Products\",\"item\":\"https:\/\/jinsuncarbon.com\/graphite-carbon\/\"},{\"@type\":\"ListItem\",\"position\":3,\"name\":\"Graphite Block For Casting\"}]},{\"@type\":\"WebSite\",\"@id\":\"https:\/\/jinsuncarbon.com\/#website\",\"url\":\"https:\/\/jinsuncarbon.com\/\",\"name\":\"Jinsun Carbon\",\"description\":\"We are the successful graphite electrode manufacturer in China\",\"publisher\":{\"@id\":\"https:\/\/jinsuncarbon.com\/#organization\"},\"potentialAction\":[{\"@type\":\"SearchAction\",\"target\":{\"@type\":\"EntryPoint\",\"urlTemplate\":\"https:\/\/jinsuncarbon.com\/?s={search_term_string}\"},\"query-input\":{\"@type\":\"PropertyValueSpecification\",\"valueRequired\":true,\"valueName\":\"search_term_string\"}}],\"inLanguage\":\"es\"},{\"@type\":\"Organization\",\"@id\":\"https:\/\/jinsuncarbon.com\/#organization\",\"name\":\"Jinsun Carbon\",\"alternateName\":\"Jinsun Carbon\",\"url\":\"https:\/\/jinsuncarbon.com\/\",\"logo\":{\"@type\":\"ImageObject\",\"inLanguage\":\"es\",\"@id\":\"https:\/\/jinsuncarbon.com\/#\/schema\/logo\/image\/\",\"url\":\"https:\/\/jinsuncarbon.com\/wp-content\/uploads\/2022\/12\/LOGO-1.png\",\"contentUrl\":\"https:\/\/jinsuncarbon.com\/wp-content\/uploads\/2022\/12\/LOGO-1.png\",\"width\":207,\"height\":80,\"caption\":\"Jinsun Carbon\"},\"image\":{\"@id\":\"https:\/\/jinsuncarbon.com\/#\/schema\/logo\/image\/\"},\"sameAs\":[\"https:\/\/www.facebook.com\/Graphite-Electrode-109336238661595\",\"https:\/\/x.com\/jinsuncarbon_\",\"https:\/\/www.linkedin.com\/in\/jinsungraphite\",\"https:\/\/www.youtube.com\/channel\/UCysDNyvyR5-3cCWEmpkVC0g\"]}]}<\/script>\n<!-- \/ Yoast SEO Premium plugin. -->","yoast_head_json":{"title":"Bloque De Grafito Para Fundici\u00f3n | Jinsun Carbon","robots":{"index":"index","follow":"follow","max-snippet":"max-snippet:-1","max-image-preview":"max-image-preview:large","max-video-preview":"max-video-preview:-1"},"canonical":"https:\/\/jinsuncarbon.com\/es\/producto\/bloque-de-grafito-para-fundicion\/","og_locale":"es_MX","og_type":"article","og_title":"Graphite Block For Casting","og_description":"Graphite block for casting is a kind of block-shaped products made from high-purity graphite materials. It has excellent high-temperature resistance, low thermal expansion coefficient, chemical stability, and non-stick metal property. So graphite blocks perform exceptionally well in modern industrial fields such as non-ferrous metals and alloy casting. With high strength and good forming accuracy, it is highly suitable for dynamic requirements in casting scenarios such as casting part formation and core support.","og_url":"https:\/\/jinsuncarbon.com\/es\/producto\/bloque-de-grafito-para-fundicion\/","og_site_name":"Jinsun Carbon","article_publisher":"https:\/\/www.facebook.com\/Graphite-Electrode-109336238661595","article_modified_time":"2026-02-28T00:47:48+00:00","og_image":[{"width":1024,"height":763,"url":"https:\/\/jinsuncarbon.com\/wp-content\/uploads\/2025\/09\/Graphite-block-for-casting.jpg","type":"image\/jpeg"}],"twitter_card":"summary_large_image","twitter_site":"@jinsuncarbon_","twitter_misc":{"Tiempo de lectura":"3 minutos"},"schema":{"@context":"https:\/\/schema.org","@graph":[{"@type":"WebPage","@id":"https:\/\/jinsuncarbon.com\/product\/graphite-block-for-casting\/","url":"https:\/\/jinsuncarbon.com\/product\/graphite-block-for-casting\/","name":"Bloque De Grafito Para Fundici\u00f3n | Jinsun Carbon","isPartOf":{"@id":"https:\/\/jinsuncarbon.com\/#website"},"primaryImageOfPage":{"@id":"https:\/\/jinsuncarbon.com\/product\/graphite-block-for-casting\/#primaryimage"},"image":{"@id":"https:\/\/jinsuncarbon.com\/product\/graphite-block-for-casting\/#primaryimage"},"thumbnailUrl":"https:\/\/jinsuncarbon.com\/wp-content\/uploads\/2025\/09\/Graphite-block-for-casting.jpg","datePublished":"2025-09-09T02:29:18+00:00","dateModified":"2026-02-28T00:47:48+00:00","breadcrumb":{"@id":"https:\/\/jinsuncarbon.com\/product\/graphite-block-for-casting\/#breadcrumb"},"inLanguage":"es","potentialAction":[{"@type":"ReadAction","target":["https:\/\/jinsuncarbon.com\/product\/graphite-block-for-casting\/"]}]},{"@type":"ImageObject","inLanguage":"es","@id":"https:\/\/jinsuncarbon.com\/product\/graphite-block-for-casting\/#primaryimage","url":"https:\/\/jinsuncarbon.com\/wp-content\/uploads\/2025\/09\/Graphite-block-for-casting.jpg","contentUrl":"https:\/\/jinsuncarbon.com\/wp-content\/uploads\/2025\/09\/Graphite-block-for-casting.jpg","width":1024,"height":763,"caption":"Graphite block for casting"},{"@type":"BreadcrumbList","@id":"https:\/\/jinsuncarbon.com\/product\/graphite-block-for-casting\/#breadcrumb","itemListElement":[{"@type":"ListItem","position":1,"name":"Home","item":"https:\/\/jinsuncarbon.com\/"},{"@type":"ListItem","position":2,"name":"Products","item":"https:\/\/jinsuncarbon.com\/graphite-carbon\/"},{"@type":"ListItem","position":3,"name":"Graphite Block For Casting"}]},{"@type":"WebSite","@id":"https:\/\/jinsuncarbon.com\/#website","url":"https:\/\/jinsuncarbon.com\/","name":"Jinsun Carbon","description":"Somos el fabricante de electrodos de grafito con m\u00e1s \u00e9xito de China","publisher":{"@id":"https:\/\/jinsuncarbon.com\/#organization"},"potentialAction":[{"@type":"SearchAction","target":{"@type":"EntryPoint","urlTemplate":"https:\/\/jinsuncarbon.com\/?s={search_term_string}"},"query-input":{"@type":"PropertyValueSpecification","valueRequired":true,"valueName":"search_term_string"}}],"inLanguage":"es"},{"@type":"Organization","@id":"https:\/\/jinsuncarbon.com\/#organization","name":"Jinsun Carbon","alternateName":"Jinsun Carbon","url":"https:\/\/jinsuncarbon.com\/","logo":{"@type":"ImageObject","inLanguage":"es","@id":"https:\/\/jinsuncarbon.com\/#\/schema\/logo\/image\/","url":"https:\/\/jinsuncarbon.com\/wp-content\/uploads\/2022\/12\/LOGO-1.png","contentUrl":"https:\/\/jinsuncarbon.com\/wp-content\/uploads\/2022\/12\/LOGO-1.png","width":207,"height":80,"caption":"Jinsun Carbon"},"image":{"@id":"https:\/\/jinsuncarbon.com\/#\/schema\/logo\/image\/"},"sameAs":["https:\/\/www.facebook.com\/Graphite-Electrode-109336238661595","https:\/\/x.com\/jinsuncarbon_","https:\/\/www.linkedin.com\/in\/jinsungraphite","https:\/\/www.youtube.com\/channel\/UCysDNyvyR5-3cCWEmpkVC0g"]}]}},"_links":{"self":[{"href":"https:\/\/jinsuncarbon.com\/es\/wp-json\/wp\/v2\/product\/8059","targetHints":{"allow":["GET"]}}],"collection":[{"href":"https:\/\/jinsuncarbon.com\/es\/wp-json\/wp\/v2\/product"}],"about":[{"href":"https:\/\/jinsuncarbon.com\/es\/wp-json\/wp\/v2\/types\/product"}],"wp:featuredmedia":[{"embeddable":true,"href":"https:\/\/jinsuncarbon.com\/es\/wp-json\/wp\/v2\/media\/8060"}],"wp:attachment":[{"href":"https:\/\/jinsuncarbon.com\/es\/wp-json\/wp\/v2\/media?parent=8059"}],"wp:term":[{"taxonomy":"product_brand","embeddable":true,"href":"https:\/\/jinsuncarbon.com\/es\/wp-json\/wp\/v2\/product_brand?post=8059"},{"taxonomy":"product_cat","embeddable":true,"href":"https:\/\/jinsuncarbon.com\/es\/wp-json\/wp\/v2\/product_cat?post=8059"},{"taxonomy":"product_tag","embeddable":true,"href":"https:\/\/jinsuncarbon.com\/es\/wp-json\/wp\/v2\/product_tag?post=8059"}],"curies":[{"name":"wp","href":"https:\/\/api.w.org\/{rel}","templated":true}]}}