{"id":8025,"date":"2025-08-18T02:43:58","date_gmt":"2025-08-18T02:43:58","guid":{"rendered":"https:\/\/jinsuncarbon.com\/?post_type=product&#038;p=8025"},"modified":"2025-08-18T02:43:59","modified_gmt":"2025-08-18T02:43:59","slug":"junta-flexible-de-grafito","status":"publish","type":"product","link":"https:\/\/jinsuncarbon.com\/es\/producto\/junta-flexible-de-grafito\/","title":{"rendered":"Junta flexible de grafito"},"content":{"rendered":"<h2 class=\"ql-align-justify\">Ventajas de la junta de grafito flexible<\/h2>\n<p class=\"ql-align-justify\">Generalmente, la junta de grafito flexible se presenta en diversas formas, como circular, cuadrada y diversas formas irregulares, y presenta notables ventajas.<\/p>\n<p class=\"ql-align-justify\"><strong>Excelente estabilidad t\u00e9rmica<\/strong><\/p>\n<p class=\"ql-align-justify\">Puede mantener el sellado\u00a0<span data-type=\"0\" data-index=\"3\" data-gid=\"0\">rendimiento dentro de una amplia gama de temperaturas de -200\u00b0C a<\/span>\u00a0650\u00b0C.<\/p>\n<p class=\"ql-align-justify\"><strong><span data-type=\"2\" data-index=\"5\" data-gid=\"1\">Propiedades qu\u00edmicas estables<\/span><\/strong><\/p>\n<p class=\"ql-align-justify\"><span data-type=\"2\" data-index=\"7\" data-gid=\"1\">Muestra inercia frente a la mayor\u00eda de \u00e1cidos, bases, disolventes org\u00e1nicos y otros medios corrosivos.<\/span><\/p>\n<p class=\"ql-align-justify\"><strong>Sellado fiable<\/strong><\/p>\n<p class=\"ql-align-justify\">Gracias a su microelasticidad, puede rellenar los peque\u00f1os ara\u00f1azos y desniveles de la superficie de sellado.<\/p>\n<p class=\"ql-align-justify\"><strong><span data-type=\"2\" data-index=\"9\" data-gid=\"2\">Bajo coeficiente de fricci\u00f3n<\/span><\/strong><\/p>\n<p class=\"ql-align-justify\"><span data-type=\"2\" data-index=\"11\" data-gid=\"2\">Esto hace que se reduzca el desgaste de la superficie de sellado.<\/span><\/p>\n<p class=\"ql-align-justify\"><strong>Buen comportamiento de rebote en compresi\u00f3n<\/strong><\/p>\n<p class=\"ql-align-justify\">Puede compensar peque\u00f1os defectos en la superficie de sellado y mantener un sellado estable incluso bajo fluctuaciones de presi\u00f3n.<\/p>\n<p class=\"ql-align-justify\"><strong>3.Tipos de junta de grafito flexible<\/strong><\/p>\n<p class=\"ql-align-justify\">Seg\u00fan el material y el m\u00e9todo de refuerzo, la junta de grafito flexible puede clasificarse en los dos tipos siguientes:<\/p>\n<p class=\"ql-align-justify\"><strong>Junta de grafito puro flexible<\/strong><\/p>\n<p class=\"ql-align-justify\">Est\u00e1 hecho de material de grafito flexible puro, por lo que tiene una excelente flexibilidad. Y es adecuado para escenarios generales de sellado de baja presi\u00f3n y temperatura normal, cuyo coste es relativamente bajo.<\/p>\n<p class=\"ql-align-justify\"><strong>Junta de grafito flexible mejorada<\/strong><\/p>\n<p class=\"ql-align-justify\">Utiliza malla met\u00e1lica, l\u00e1mina met\u00e1lica o tela de fibra como capa de refuerzo, y la capa exterior se envuelve con <a href=\"https:\/\/jinsuncarbon.com\/es\/que-es-el-grafito-y-de-que-esta-hecho\/\">grafito flexible<\/a>. Por lo tanto, tiene una mayor fuerza y resistencia a la presi\u00f3n, adecuado para media y alta presi\u00f3n, as\u00ed como las duras condiciones de trabajo. Tales como tuber\u00edas de alta presi\u00f3n qu\u00edmica y recipientes a presi\u00f3n.<\/p>\n<h2 class=\"ql-align-justify\">Usos de la junta de grafito flexible<\/h2>\n<p class=\"ql-align-justify\"><strong>En la industria petroqu\u00edmica<\/strong><\/p>\n<p class=\"ql-align-justify\">Puede utilizarlo para sellar diversas tuber\u00edas, bombas, v\u00e1lvulas y recipientes a presi\u00f3n.\u00a0<span class=\"\" data-type=\"2\" data-index=\"13\" data-gid=\"1\">Gracias a sus propiedades qu\u00edmicas estables, puede resistir medios corrosivos como el petr\u00f3leo crudo, los \u00e1cidos y los \u00e1lcalis.<\/span>\u00a0Y es adecuado para condiciones de alta temperatura y alta presi\u00f3n, lo que puede prevenir eficazmente la fuga de medios.<\/p>\n<p class=\"ql-align-justify\"><strong>Industria energ\u00e9tica<\/strong><\/p>\n<p class=\"ql-align-justify\">Puede soportar la alta temperatura y la alta presi\u00f3n del vapor y garantizar el funcionamiento estable de las unidades. As\u00ed que puede utilizarlo en el sellado de equipos como turbinas de vapor, tuber\u00edas de calderas y unidades de generaci\u00f3n de energ\u00eda.<\/p>\n<p class=\"ql-align-justify\"><strong>Industria metal\u00fargica<\/strong><\/p>\n<p class=\"ql-align-justify\">Puede utilizarse para sellar las tuber\u00edas, v\u00e1lvulas y recipientes de reacci\u00f3n de los equipos de fundici\u00f3n. Puede resistir la erosi\u00f3n del gas de horno a alta temperatura y los metales fundidos, prolongando as\u00ed la vida \u00fatil del equipo.<\/p>\n<p class=\"ql-align-justify\"><strong><span data-type=\"2\" data-index=\"15\" data-gid=\"3\">Industria farmac\u00e9utica y alimentaria<\/span><\/strong><\/p>\n<p class=\"ql-align-justify\"><span class=\"\" data-type=\"2\" data-index=\"17\" data-gid=\"3\">Gracias a su inercia qu\u00edmica y baja susceptibilidad a la contaminaci\u00f3n, puede utilizarse para sellar recipientes de reacci\u00f3n farmac\u00e9uticos y equipos de procesamiento de alimentos.<\/span><\/p>\n<p class=\"ql-align-justify\"><strong>En los \u00e1mbitos de la refrigeraci\u00f3n y la climatizaci\u00f3n<\/strong><\/p>\n<p class=\"ql-align-justify\">Tambi\u00e9n desempe\u00f1a un papel importante en las juntas de interfaz de las tuber\u00edas de refrigeraci\u00f3n y los sistemas de aire acondicionado. Porque puede soportar las caracter\u00edsticas de baja temperatura de los refrigerantes, evitando as\u00ed que las fugas afecten a la eficiencia del sistema.<\/p>\n<p class=\"ql-align-justify\"><strong>Campos naval y aeron\u00e1utico<\/strong><\/p>\n<p class=\"ql-align-justify\">Tambi\u00e9n es aplicable al sellado de tuber\u00edas y componentes de motores de barcos y <a href=\"https:\/\/www.aircraftspruce.com\/\" target=\"_blank\" rel=\"noopener\">equipos de aviaci\u00f3n<\/a>. Incluso en entornos con importantes vibraciones y variaciones de temperatura, puede mantener un sellado fiable.<\/p>\n<p class=\"ql-align-justify\">","protected":false},"excerpt":{"rendered":"<p class=\"ql-align-justify\">La junta de grafito flexible es un tipo de componente de sellado fabricado principalmente con grafito flexible, que a menudo se refuerza con estructuras met\u00e1licas para aumentar su resistencia. Se fabrica comprimiendo y procesando grafito natural tras un tratamiento qu\u00edmico y una expansi\u00f3n a alta temperatura. Debido a su excelente resistencia a altas temperaturas, rendimiento de sellado, etc., se puede utilizar ampliamente en el sellado de conexiones de brida de tuber\u00edas y equipos industriales. Es un componente importante para resolver problemas de sellado en condiciones de trabajo complejas, como alta temperatura, alta presi\u00f3n y fuerte corrosi\u00f3n.<\/p>\n<p class=\"ql-align-justify\">","protected":false},"featured_media":8027,"template":"","meta":[],"product_brand":[],"product_cat":[37],"product_tag":[],"class_list":{"0":"post-8025","1":"product","2":"type-product","3":"status-publish","4":"has-post-thumbnail","6":"product_cat-graphite-electrode","8":"first","9":"instock","10":"shipping-taxable","11":"product-type-simple"},"yoast_head":"<!-- This site is optimized with the Yoast SEO Premium plugin v19.2.1 (Yoast SEO v25.3) - https:\/\/yoast.com\/wordpress\/plugins\/seo\/ -->\n<title>Flexible Graphite Gasket Manufacturer in China<\/title>\n<meta name=\"description\" content=\"Flexible graphite gasket comes in various shapes such as circular, square, and various irregular forms and has remarkable advantages.\" \/>\n<meta name=\"robots\" content=\"index, follow, max-snippet:-1, max-image-preview:large, max-video-preview:-1\" \/>\n<link rel=\"canonical\" href=\"https:\/\/jinsuncarbon.com\/es\/producto\/junta-flexible-de-grafito\/\" \/>\n<meta property=\"og:locale\" content=\"es_MX\" \/>\n<meta property=\"og:type\" content=\"article\" \/>\n<meta property=\"og:title\" content=\"Flexible Graphite Gasket\" \/>\n<meta property=\"og:description\" content=\"Flexible graphite gasket comes in various shapes such as circular, square, and various irregular forms and has remarkable advantages.\" \/>\n<meta property=\"og:url\" content=\"https:\/\/jinsuncarbon.com\/es\/producto\/junta-flexible-de-grafito\/\" \/>\n<meta property=\"og:site_name\" content=\"Jinsun Carbon\" \/>\n<meta property=\"article:publisher\" content=\"https:\/\/www.facebook.com\/Graphite-Electrode-109336238661595\" \/>\n<meta property=\"article:modified_time\" content=\"2025-08-18T02:43:59+00:00\" \/>\n<meta property=\"og:image\" content=\"https:\/\/jinsuncarbon.com\/wp-content\/uploads\/2025\/08\/Flexible-Graphite-Gasket.jpg\" \/>\n\t<meta property=\"og:image:width\" content=\"1024\" \/>\n\t<meta property=\"og:image:height\" content=\"763\" \/>\n\t<meta property=\"og:image:type\" content=\"image\/jpeg\" \/>\n<meta name=\"twitter:card\" content=\"summary_large_image\" \/>\n<meta name=\"twitter:site\" content=\"@jinsuncarbon_\" \/>\n<meta name=\"twitter:label1\" content=\"Tiempo de lectura\" \/>\n\t<meta name=\"twitter:data1\" content=\"3 minutos\" \/>\n<script type=\"application\/ld+json\" class=\"yoast-schema-graph\">{\"@context\":\"https:\/\/schema.org\",\"@graph\":[{\"@type\":\"WebPage\",\"@id\":\"https:\/\/jinsuncarbon.com\/product\/flexible-graphite-gasket\/\",\"url\":\"https:\/\/jinsuncarbon.com\/product\/flexible-graphite-gasket\/\",\"name\":\"Flexible Graphite Gasket Manufacturer in China\",\"isPartOf\":{\"@id\":\"https:\/\/jinsuncarbon.com\/#website\"},\"primaryImageOfPage\":{\"@id\":\"https:\/\/jinsuncarbon.com\/product\/flexible-graphite-gasket\/#primaryimage\"},\"image\":{\"@id\":\"https:\/\/jinsuncarbon.com\/product\/flexible-graphite-gasket\/#primaryimage\"},\"thumbnailUrl\":\"https:\/\/jinsuncarbon.com\/wp-content\/uploads\/2025\/08\/Flexible-Graphite-Gasket.jpg\",\"datePublished\":\"2025-08-18T02:43:58+00:00\",\"dateModified\":\"2025-08-18T02:43:59+00:00\",\"description\":\"Flexible graphite gasket comes in various shapes such as circular, square, and various irregular forms and has remarkable advantages.\",\"breadcrumb\":{\"@id\":\"https:\/\/jinsuncarbon.com\/product\/flexible-graphite-gasket\/#breadcrumb\"},\"inLanguage\":\"es\",\"potentialAction\":[{\"@type\":\"ReadAction\",\"target\":[\"https:\/\/jinsuncarbon.com\/product\/flexible-graphite-gasket\/\"]}]},{\"@type\":\"ImageObject\",\"inLanguage\":\"es\",\"@id\":\"https:\/\/jinsuncarbon.com\/product\/flexible-graphite-gasket\/#primaryimage\",\"url\":\"https:\/\/jinsuncarbon.com\/wp-content\/uploads\/2025\/08\/Flexible-Graphite-Gasket.jpg\",\"contentUrl\":\"https:\/\/jinsuncarbon.com\/wp-content\/uploads\/2025\/08\/Flexible-Graphite-Gasket.jpg\",\"width\":1024,\"height\":763,\"caption\":\"Flexible Graphite Gasket\"},{\"@type\":\"BreadcrumbList\",\"@id\":\"https:\/\/jinsuncarbon.com\/product\/flexible-graphite-gasket\/#breadcrumb\",\"itemListElement\":[{\"@type\":\"ListItem\",\"position\":1,\"name\":\"Home\",\"item\":\"https:\/\/jinsuncarbon.com\/\"},{\"@type\":\"ListItem\",\"position\":2,\"name\":\"Products\",\"item\":\"https:\/\/jinsuncarbon.com\/graphite-carbon\/\"},{\"@type\":\"ListItem\",\"position\":3,\"name\":\"Flexible Graphite Gasket\"}]},{\"@type\":\"WebSite\",\"@id\":\"https:\/\/jinsuncarbon.com\/#website\",\"url\":\"https:\/\/jinsuncarbon.com\/\",\"name\":\"Jinsun Carbon\",\"description\":\"We are the successful graphite electrode manufacturer in China\",\"publisher\":{\"@id\":\"https:\/\/jinsuncarbon.com\/#organization\"},\"potentialAction\":[{\"@type\":\"SearchAction\",\"target\":{\"@type\":\"EntryPoint\",\"urlTemplate\":\"https:\/\/jinsuncarbon.com\/?s={search_term_string}\"},\"query-input\":{\"@type\":\"PropertyValueSpecification\",\"valueRequired\":true,\"valueName\":\"search_term_string\"}}],\"inLanguage\":\"es\"},{\"@type\":\"Organization\",\"@id\":\"https:\/\/jinsuncarbon.com\/#organization\",\"name\":\"Jinsun Carbon\",\"alternateName\":\"Jinsun Carbon\",\"url\":\"https:\/\/jinsuncarbon.com\/\",\"logo\":{\"@type\":\"ImageObject\",\"inLanguage\":\"es\",\"@id\":\"https:\/\/jinsuncarbon.com\/#\/schema\/logo\/image\/\",\"url\":\"https:\/\/jinsuncarbon.com\/wp-content\/uploads\/2022\/12\/LOGO-1.png\",\"contentUrl\":\"https:\/\/jinsuncarbon.com\/wp-content\/uploads\/2022\/12\/LOGO-1.png\",\"width\":207,\"height\":80,\"caption\":\"Jinsun Carbon\"},\"image\":{\"@id\":\"https:\/\/jinsuncarbon.com\/#\/schema\/logo\/image\/\"},\"sameAs\":[\"https:\/\/www.facebook.com\/Graphite-Electrode-109336238661595\",\"https:\/\/x.com\/jinsuncarbon_\",\"https:\/\/www.linkedin.com\/in\/jinsungraphite\",\"https:\/\/www.youtube.com\/channel\/UCysDNyvyR5-3cCWEmpkVC0g\"]}]}<\/script>\n<!-- \/ Yoast SEO Premium plugin. -->","yoast_head_json":{"title":"Fabricante de juntas flexibles de grafito en China","description":"La junta de grafito flexible se presenta en diversas formas, como circular, cuadrada y diversas formas irregulares, y presenta notables ventajas.","robots":{"index":"index","follow":"follow","max-snippet":"max-snippet:-1","max-image-preview":"max-image-preview:large","max-video-preview":"max-video-preview:-1"},"canonical":"https:\/\/jinsuncarbon.com\/es\/producto\/junta-flexible-de-grafito\/","og_locale":"es_MX","og_type":"article","og_title":"Flexible Graphite Gasket","og_description":"Flexible graphite gasket comes in various shapes such as circular, square, and various irregular forms and has remarkable advantages.","og_url":"https:\/\/jinsuncarbon.com\/es\/producto\/junta-flexible-de-grafito\/","og_site_name":"Jinsun Carbon","article_publisher":"https:\/\/www.facebook.com\/Graphite-Electrode-109336238661595","article_modified_time":"2025-08-18T02:43:59+00:00","og_image":[{"width":1024,"height":763,"url":"https:\/\/jinsuncarbon.com\/wp-content\/uploads\/2025\/08\/Flexible-Graphite-Gasket.jpg","type":"image\/jpeg"}],"twitter_card":"summary_large_image","twitter_site":"@jinsuncarbon_","twitter_misc":{"Tiempo de lectura":"3 minutos"},"schema":{"@context":"https:\/\/schema.org","@graph":[{"@type":"WebPage","@id":"https:\/\/jinsuncarbon.com\/product\/flexible-graphite-gasket\/","url":"https:\/\/jinsuncarbon.com\/product\/flexible-graphite-gasket\/","name":"Fabricante de juntas flexibles de grafito en China","isPartOf":{"@id":"https:\/\/jinsuncarbon.com\/#website"},"primaryImageOfPage":{"@id":"https:\/\/jinsuncarbon.com\/product\/flexible-graphite-gasket\/#primaryimage"},"image":{"@id":"https:\/\/jinsuncarbon.com\/product\/flexible-graphite-gasket\/#primaryimage"},"thumbnailUrl":"https:\/\/jinsuncarbon.com\/wp-content\/uploads\/2025\/08\/Flexible-Graphite-Gasket.jpg","datePublished":"2025-08-18T02:43:58+00:00","dateModified":"2025-08-18T02:43:59+00:00","description":"La junta de grafito flexible se presenta en diversas formas, como circular, cuadrada y diversas formas irregulares, y presenta notables ventajas.","breadcrumb":{"@id":"https:\/\/jinsuncarbon.com\/product\/flexible-graphite-gasket\/#breadcrumb"},"inLanguage":"es","potentialAction":[{"@type":"ReadAction","target":["https:\/\/jinsuncarbon.com\/product\/flexible-graphite-gasket\/"]}]},{"@type":"ImageObject","inLanguage":"es","@id":"https:\/\/jinsuncarbon.com\/product\/flexible-graphite-gasket\/#primaryimage","url":"https:\/\/jinsuncarbon.com\/wp-content\/uploads\/2025\/08\/Flexible-Graphite-Gasket.jpg","contentUrl":"https:\/\/jinsuncarbon.com\/wp-content\/uploads\/2025\/08\/Flexible-Graphite-Gasket.jpg","width":1024,"height":763,"caption":"Flexible Graphite Gasket"},{"@type":"BreadcrumbList","@id":"https:\/\/jinsuncarbon.com\/product\/flexible-graphite-gasket\/#breadcrumb","itemListElement":[{"@type":"ListItem","position":1,"name":"Home","item":"https:\/\/jinsuncarbon.com\/"},{"@type":"ListItem","position":2,"name":"Products","item":"https:\/\/jinsuncarbon.com\/graphite-carbon\/"},{"@type":"ListItem","position":3,"name":"Flexible Graphite Gasket"}]},{"@type":"WebSite","@id":"https:\/\/jinsuncarbon.com\/#website","url":"https:\/\/jinsuncarbon.com\/","name":"Jinsun Carbon","description":"Somos el fabricante de electrodos de grafito con m\u00e1s \u00e9xito de China","publisher":{"@id":"https:\/\/jinsuncarbon.com\/#organization"},"potentialAction":[{"@type":"SearchAction","target":{"@type":"EntryPoint","urlTemplate":"https:\/\/jinsuncarbon.com\/?s={search_term_string}"},"query-input":{"@type":"PropertyValueSpecification","valueRequired":true,"valueName":"search_term_string"}}],"inLanguage":"es"},{"@type":"Organization","@id":"https:\/\/jinsuncarbon.com\/#organization","name":"Jinsun Carbon","alternateName":"Jinsun Carbon","url":"https:\/\/jinsuncarbon.com\/","logo":{"@type":"ImageObject","inLanguage":"es","@id":"https:\/\/jinsuncarbon.com\/#\/schema\/logo\/image\/","url":"https:\/\/jinsuncarbon.com\/wp-content\/uploads\/2022\/12\/LOGO-1.png","contentUrl":"https:\/\/jinsuncarbon.com\/wp-content\/uploads\/2022\/12\/LOGO-1.png","width":207,"height":80,"caption":"Jinsun Carbon"},"image":{"@id":"https:\/\/jinsuncarbon.com\/#\/schema\/logo\/image\/"},"sameAs":["https:\/\/www.facebook.com\/Graphite-Electrode-109336238661595","https:\/\/x.com\/jinsuncarbon_","https:\/\/www.linkedin.com\/in\/jinsungraphite","https:\/\/www.youtube.com\/channel\/UCysDNyvyR5-3cCWEmpkVC0g"]}]}},"_links":{"self":[{"href":"https:\/\/jinsuncarbon.com\/es\/wp-json\/wp\/v2\/product\/8025","targetHints":{"allow":["GET"]}}],"collection":[{"href":"https:\/\/jinsuncarbon.com\/es\/wp-json\/wp\/v2\/product"}],"about":[{"href":"https:\/\/jinsuncarbon.com\/es\/wp-json\/wp\/v2\/types\/product"}],"wp:featuredmedia":[{"embeddable":true,"href":"https:\/\/jinsuncarbon.com\/es\/wp-json\/wp\/v2\/media\/8027"}],"wp:attachment":[{"href":"https:\/\/jinsuncarbon.com\/es\/wp-json\/wp\/v2\/media?parent=8025"}],"wp:term":[{"taxonomy":"product_brand","embeddable":true,"href":"https:\/\/jinsuncarbon.com\/es\/wp-json\/wp\/v2\/product_brand?post=8025"},{"taxonomy":"product_cat","embeddable":true,"href":"https:\/\/jinsuncarbon.com\/es\/wp-json\/wp\/v2\/product_cat?post=8025"},{"taxonomy":"product_tag","embeddable":true,"href":"https:\/\/jinsuncarbon.com\/es\/wp-json\/wp\/v2\/product_tag?post=8025"}],"curies":[{"name":"wp","href":"https:\/\/api.w.org\/{rel}","templated":true}]}}