{"id":8018,"date":"2025-08-03T02:11:28","date_gmt":"2025-08-03T02:11:28","guid":{"rendered":"https:\/\/jinsuncarbon.com\/?post_type=product&#038;p=8018"},"modified":"2025-08-03T02:11:29","modified_gmt":"2025-08-03T02:11:29","slug":"coque-de-petroleo-semigrafitado","status":"publish","type":"product","link":"https:\/\/jinsuncarbon.com\/es\/producto\/coque-de-petroleo-semigrafitado\/","title":{"rendered":"Coque de petr\u00f3leo semigrafito"},"content":{"rendered":"<h2>Ventajas del coque de petr\u00f3leo semigr\u00e1fico<\/h2>\n<p>El coque de petr\u00f3leo semigr\u00e1fico suele tener forma de bloques o part\u00edculas, y sus ventajas son muy significativas.<\/p>\n<p><strong><b>E<\/b><\/strong><strong><b>xcelente estabilidad a altas temperaturas<\/b><\/strong><\/p>\n<p>Puede mantener un rendimiento estable dentro de la gama de temperaturas de 800\u00b0C a 1500\u00b0C.<\/p>\n<p>&nbsp;<\/p>\n<p><strong><b>Genial<\/b><\/strong><strong><b>\u00a0conductividad<\/b><\/strong><\/p>\n<p>Es mejor que la del coque de petr\u00f3leo ordinario, que cumple los requisitos de transmisi\u00f3n de corriente media y baja.<\/p>\n<p>&nbsp;<\/p>\n<p><strong><b>Estable <\/b><\/strong><strong><b>propiedades qu\u00edmicas<\/b><\/strong><\/p>\n<p>Tiene una gran resistencia a la corrosi\u00f3n \u00e1cida y alcalina.<\/p>\n<p>&nbsp;<\/p>\n<p><strong><b>M<\/b><\/strong><strong><b>oderada dureza<\/b><\/strong><\/p>\n<p>Es f\u00e1cil de romper y moldear, y su estructura es densa, lo que le confiere una gran resistencia mec\u00e1nica.<\/p>\n<p>&nbsp;<\/p>\n<p><strong><b>C<\/b><\/strong><strong><b>cierta conductividad t\u00e9rmica<\/b><\/strong><\/p>\n<p>Es adecuado para su uso en escenarios que requieren una conducci\u00f3n uniforme del calor. Por ejemplo, en la producci\u00f3n de electrodos, su conductividad moderada y su estabilidad t\u00e9rmica pueden garantizar el funcionamiento estable del electrodo durante su uso.<\/p>\n<p>&nbsp;<\/p>\n<p>Tambi\u00e9n puede elegir de coque de petr\u00f3leo de semigrafito de bajo contenido en azufre, coque de petr\u00f3leo de semigrafito de alta densidad, coque de petr\u00f3leo de semigrafito en polvo ultrafino u otros tipos.<\/p>\n<p>&nbsp;<\/p>\n<h2>Usos del coque de petr\u00f3leo semigr\u00e1fico<\/h2>\n<p><strong><b>Industria metal\u00fargica <\/b><\/strong><\/p>\n<p><strong><b>C<\/b><\/strong><strong><b>aditivo de arb\u00f3n<\/b><\/strong><\/p>\n<p>Se puede utilizar en los procesos de fabricaci\u00f3n de acero y fundici\u00f3n de hierro para reponer el elemento de carbono en el metal fundido. Puede ajustar el contenido de carbono para mejorar las propiedades mec\u00e1nicas del metal, como la dureza y la resistencia al desgaste. Y es adecuado para la producci\u00f3n rutinaria de fundici\u00f3n y colada en empresas sider\u00fargicas medianas y peque\u00f1as.<\/p>\n<p>&nbsp;<\/p>\n<p><strong><b>Campo de fabricaci\u00f3n de electrodos <\/b><\/strong><\/p>\n<p><strong><b>Electrodos de grafito de potencia en producci\u00f3n<\/b><\/strong><\/p>\n<p>Puede utilizarse ampliamente en escenarios como la siderurgia de horno de arco el\u00e9ctrico y la fundici\u00f3n de horno de arco el\u00e9ctrico. Gracias a su conductividad y resistencia a altas temperaturas, puede satisfacer los requisitos de la fundici\u00f3n de carga media.<\/p>\n<p>&nbsp;<\/p>\n<p><strong><b>R<\/b><\/strong><strong><b>aw material para pasta de electrodos<\/b><\/strong><\/p>\n<p>Se puede utilizar en la producci\u00f3n de electrodos de autococci\u00f3n, que es adecuado para la producci\u00f3n continua en hornos industriales. Tales como hornos de ferroaleaciones, hornos de carburo de calcio, etc., mediante autococci\u00f3n para formar... <a href=\"https:\/\/jinsuncarbon.com\/es\/producto\/pasta-de-electrodo\/\">electrodos<\/a>Puede reducir los costes de producci\u00f3n. Y participa en las reacciones de desoxidaci\u00f3n y desulfuraci\u00f3n, y repone simult\u00e1neamente el contenido de carbono del acero fundido.<\/p>\n<p>&nbsp;<\/p>\n<p><strong><b>Campos qu\u00edmicos y energ\u00e9ticos <\/b><\/strong><\/p>\n<p><strong><b>F<\/b><\/strong><strong><b>uel aditivo<\/b><\/strong><\/p>\n<p>Se puede utilizar en calderas industriales, hornos, etc., lo que aumenta el poder calor\u00edfico y la eficacia de combusti\u00f3n del combustible. Al mismo tiempo que reduce las emisiones contaminantes, sustituye parte del petr\u00f3leo pesado o del polvo de carb\u00f3n por otras sustancias para reducir los costes de combustible.<\/p>\n<p>&nbsp;<\/p>\n<p><strong><b>I<\/b><\/strong><strong><b>nert material de relleno<\/b><\/strong><\/p>\n<p>En algunas reacciones qu\u00edmicas, puede utilizar su estabilidad qu\u00edmica para aislar reactivos, proteger recipientes de reacci\u00f3n. Y puede servir como material de electrodo auxiliar para <a href=\"https:\/\/en.wikipedia.org\/wiki\/Electrolytic_cell\" target=\"_blank\" rel=\"noopener\">c\u00e9lulas electrol\u00edticas<\/a>porque puede soportar entornos dif\u00edciles, como altas temperaturas.<\/p>","protected":false},"excerpt":{"rendered":"<p>El coque de petr\u00f3leo semigrafitado es una categor\u00eda importante de coque de petr\u00f3leo, que se sit\u00faa entre el coque de petr\u00f3leo crudo y el coque de petr\u00f3leo grafitado. Se produce sometiendo el petr\u00f3leo pesado derivado del refino de petr\u00f3leo a un tratamiento de coquizaci\u00f3n y, a continuaci\u00f3n, a un proceso moderado de grafitizaci\u00f3n. Tiene la estructura densa del coque de petr\u00f3leo y ciertas caracter\u00edsticas del grafito, como una excelente conductividad el\u00e9ctrica, resistencia a altas temperaturas y estabilidad qu\u00edmica. Tiene un buen rendimiento en diversas aplicaciones industriales, por lo que es un material importante para satisfacer las demandas de las industrias de gama media y alta. Se puede utilizar en la fabricaci\u00f3n de electrodos de grafito de potencia media, como refuerzo de carbono en la fundici\u00f3n de acero, etc.<\/p>","protected":false},"featured_media":8022,"template":"","meta":[],"product_brand":[],"product_cat":[40],"product_tag":[],"class_list":{"0":"post-8018","1":"product","2":"type-product","3":"status-publish","4":"has-post-thumbnail","6":"product_cat-petroleum-coke","8":"first","9":"instock","10":"shipping-taxable","11":"product-type-simple"},"yoast_head":"<!-- This site is optimized with the Yoast SEO Premium plugin v19.2.1 (Yoast SEO v25.3) - https:\/\/yoast.com\/wordpress\/plugins\/seo\/ -->\n<title>Semi-Graphite Petroleum Coke Manufacturer In China<\/title>\n<meta name=\"description\" content=\"Semi-graphite petroleum coke has high calorific value and is used as fuel in the power generation industry to effectively improve power generation efficiency.\" \/>\n<meta name=\"robots\" content=\"index, follow, max-snippet:-1, max-image-preview:large, max-video-preview:-1\" \/>\n<link rel=\"canonical\" href=\"https:\/\/jinsuncarbon.com\/es\/producto\/coque-de-petroleo-semigrafitado\/\" \/>\n<meta property=\"og:locale\" content=\"es_MX\" \/>\n<meta property=\"og:type\" content=\"article\" \/>\n<meta property=\"og:title\" content=\"Semi-Graphite Petroleum Coke\" \/>\n<meta property=\"og:description\" content=\"Semi-graphite petroleum coke has high calorific value and is used as fuel in the power generation industry to effectively improve power generation efficiency.\" \/>\n<meta property=\"og:url\" content=\"https:\/\/jinsuncarbon.com\/es\/producto\/coque-de-petroleo-semigrafitado\/\" \/>\n<meta property=\"og:site_name\" content=\"Jinsun Carbon\" \/>\n<meta property=\"article:publisher\" content=\"https:\/\/www.facebook.com\/Graphite-Electrode-109336238661595\" \/>\n<meta property=\"article:modified_time\" content=\"2025-08-03T02:11:29+00:00\" \/>\n<meta property=\"og:image\" content=\"https:\/\/jinsuncarbon.com\/wp-content\/uploads\/2025\/08\/Semi-Graphite-Petroleum-Coke.jpg\" \/>\n\t<meta property=\"og:image:width\" content=\"1024\" \/>\n\t<meta property=\"og:image:height\" content=\"763\" \/>\n\t<meta property=\"og:image:type\" content=\"image\/jpeg\" \/>\n<meta name=\"twitter:card\" content=\"summary_large_image\" \/>\n<meta name=\"twitter:site\" content=\"@jinsuncarbon_\" \/>\n<meta name=\"twitter:label1\" content=\"Tiempo de lectura\" \/>\n\t<meta name=\"twitter:data1\" content=\"3 minutos\" \/>\n<script type=\"application\/ld+json\" class=\"yoast-schema-graph\">{\"@context\":\"https:\/\/schema.org\",\"@graph\":[{\"@type\":\"WebPage\",\"@id\":\"https:\/\/jinsuncarbon.com\/product\/semi-graphite-petroleum-coke\/\",\"url\":\"https:\/\/jinsuncarbon.com\/product\/semi-graphite-petroleum-coke\/\",\"name\":\"Semi-Graphite Petroleum Coke Manufacturer In China\",\"isPartOf\":{\"@id\":\"https:\/\/jinsuncarbon.com\/#website\"},\"primaryImageOfPage\":{\"@id\":\"https:\/\/jinsuncarbon.com\/product\/semi-graphite-petroleum-coke\/#primaryimage\"},\"image\":{\"@id\":\"https:\/\/jinsuncarbon.com\/product\/semi-graphite-petroleum-coke\/#primaryimage\"},\"thumbnailUrl\":\"https:\/\/jinsuncarbon.com\/wp-content\/uploads\/2025\/08\/Semi-Graphite-Petroleum-Coke.jpg\",\"datePublished\":\"2025-08-03T02:11:28+00:00\",\"dateModified\":\"2025-08-03T02:11:29+00:00\",\"description\":\"Semi-graphite petroleum coke has high calorific value and is used as fuel in the power generation industry to effectively improve power generation efficiency.\",\"breadcrumb\":{\"@id\":\"https:\/\/jinsuncarbon.com\/product\/semi-graphite-petroleum-coke\/#breadcrumb\"},\"inLanguage\":\"es\",\"potentialAction\":[{\"@type\":\"ReadAction\",\"target\":[\"https:\/\/jinsuncarbon.com\/product\/semi-graphite-petroleum-coke\/\"]}]},{\"@type\":\"ImageObject\",\"inLanguage\":\"es\",\"@id\":\"https:\/\/jinsuncarbon.com\/product\/semi-graphite-petroleum-coke\/#primaryimage\",\"url\":\"https:\/\/jinsuncarbon.com\/wp-content\/uploads\/2025\/08\/Semi-Graphite-Petroleum-Coke.jpg\",\"contentUrl\":\"https:\/\/jinsuncarbon.com\/wp-content\/uploads\/2025\/08\/Semi-Graphite-Petroleum-Coke.jpg\",\"width\":1024,\"height\":763,\"caption\":\"Semi-Graphite Petroleum Coke\"},{\"@type\":\"BreadcrumbList\",\"@id\":\"https:\/\/jinsuncarbon.com\/product\/semi-graphite-petroleum-coke\/#breadcrumb\",\"itemListElement\":[{\"@type\":\"ListItem\",\"position\":1,\"name\":\"Home\",\"item\":\"https:\/\/jinsuncarbon.com\/\"},{\"@type\":\"ListItem\",\"position\":2,\"name\":\"Products\",\"item\":\"https:\/\/jinsuncarbon.com\/graphite-carbon\/\"},{\"@type\":\"ListItem\",\"position\":3,\"name\":\"Semi-Graphite Petroleum Coke\"}]},{\"@type\":\"WebSite\",\"@id\":\"https:\/\/jinsuncarbon.com\/#website\",\"url\":\"https:\/\/jinsuncarbon.com\/\",\"name\":\"Jinsun Carbon\",\"description\":\"We are the successful graphite electrode manufacturer in China\",\"publisher\":{\"@id\":\"https:\/\/jinsuncarbon.com\/#organization\"},\"potentialAction\":[{\"@type\":\"SearchAction\",\"target\":{\"@type\":\"EntryPoint\",\"urlTemplate\":\"https:\/\/jinsuncarbon.com\/?s={search_term_string}\"},\"query-input\":{\"@type\":\"PropertyValueSpecification\",\"valueRequired\":true,\"valueName\":\"search_term_string\"}}],\"inLanguage\":\"es\"},{\"@type\":\"Organization\",\"@id\":\"https:\/\/jinsuncarbon.com\/#organization\",\"name\":\"Jinsun Carbon\",\"alternateName\":\"Jinsun Carbon\",\"url\":\"https:\/\/jinsuncarbon.com\/\",\"logo\":{\"@type\":\"ImageObject\",\"inLanguage\":\"es\",\"@id\":\"https:\/\/jinsuncarbon.com\/#\/schema\/logo\/image\/\",\"url\":\"https:\/\/jinsuncarbon.com\/wp-content\/uploads\/2022\/12\/LOGO-1.png\",\"contentUrl\":\"https:\/\/jinsuncarbon.com\/wp-content\/uploads\/2022\/12\/LOGO-1.png\",\"width\":207,\"height\":80,\"caption\":\"Jinsun Carbon\"},\"image\":{\"@id\":\"https:\/\/jinsuncarbon.com\/#\/schema\/logo\/image\/\"},\"sameAs\":[\"https:\/\/www.facebook.com\/Graphite-Electrode-109336238661595\",\"https:\/\/x.com\/jinsuncarbon_\",\"https:\/\/www.linkedin.com\/in\/jinsungraphite\",\"https:\/\/www.youtube.com\/channel\/UCysDNyvyR5-3cCWEmpkVC0g\"]}]}<\/script>\n<!-- \/ Yoast SEO Premium plugin. -->","yoast_head_json":{"title":"Fabricante de coque de petr\u00f3leo semigrafito en China","description":"El coque de petr\u00f3leo semigr\u00e1fico tiene un alto poder calor\u00edfico y se utiliza como combustible en la industria de generaci\u00f3n de energ\u00eda para mejorar eficazmente la eficiencia de la generaci\u00f3n de energ\u00eda.","robots":{"index":"index","follow":"follow","max-snippet":"max-snippet:-1","max-image-preview":"max-image-preview:large","max-video-preview":"max-video-preview:-1"},"canonical":"https:\/\/jinsuncarbon.com\/es\/producto\/coque-de-petroleo-semigrafitado\/","og_locale":"es_MX","og_type":"article","og_title":"Semi-Graphite Petroleum Coke","og_description":"Semi-graphite petroleum coke has high calorific value and is used as fuel in the power generation industry to effectively improve power generation efficiency.","og_url":"https:\/\/jinsuncarbon.com\/es\/producto\/coque-de-petroleo-semigrafitado\/","og_site_name":"Jinsun Carbon","article_publisher":"https:\/\/www.facebook.com\/Graphite-Electrode-109336238661595","article_modified_time":"2025-08-03T02:11:29+00:00","og_image":[{"width":1024,"height":763,"url":"https:\/\/jinsuncarbon.com\/wp-content\/uploads\/2025\/08\/Semi-Graphite-Petroleum-Coke.jpg","type":"image\/jpeg"}],"twitter_card":"summary_large_image","twitter_site":"@jinsuncarbon_","twitter_misc":{"Tiempo de lectura":"3 minutos"},"schema":{"@context":"https:\/\/schema.org","@graph":[{"@type":"WebPage","@id":"https:\/\/jinsuncarbon.com\/product\/semi-graphite-petroleum-coke\/","url":"https:\/\/jinsuncarbon.com\/product\/semi-graphite-petroleum-coke\/","name":"Fabricante de coque de petr\u00f3leo semigrafito en China","isPartOf":{"@id":"https:\/\/jinsuncarbon.com\/#website"},"primaryImageOfPage":{"@id":"https:\/\/jinsuncarbon.com\/product\/semi-graphite-petroleum-coke\/#primaryimage"},"image":{"@id":"https:\/\/jinsuncarbon.com\/product\/semi-graphite-petroleum-coke\/#primaryimage"},"thumbnailUrl":"https:\/\/jinsuncarbon.com\/wp-content\/uploads\/2025\/08\/Semi-Graphite-Petroleum-Coke.jpg","datePublished":"2025-08-03T02:11:28+00:00","dateModified":"2025-08-03T02:11:29+00:00","description":"El coque de petr\u00f3leo semigr\u00e1fico tiene un alto poder calor\u00edfico y se utiliza como combustible en la industria de generaci\u00f3n de energ\u00eda para mejorar eficazmente la eficiencia de la generaci\u00f3n de energ\u00eda.","breadcrumb":{"@id":"https:\/\/jinsuncarbon.com\/product\/semi-graphite-petroleum-coke\/#breadcrumb"},"inLanguage":"es","potentialAction":[{"@type":"ReadAction","target":["https:\/\/jinsuncarbon.com\/product\/semi-graphite-petroleum-coke\/"]}]},{"@type":"ImageObject","inLanguage":"es","@id":"https:\/\/jinsuncarbon.com\/product\/semi-graphite-petroleum-coke\/#primaryimage","url":"https:\/\/jinsuncarbon.com\/wp-content\/uploads\/2025\/08\/Semi-Graphite-Petroleum-Coke.jpg","contentUrl":"https:\/\/jinsuncarbon.com\/wp-content\/uploads\/2025\/08\/Semi-Graphite-Petroleum-Coke.jpg","width":1024,"height":763,"caption":"Semi-Graphite Petroleum Coke"},{"@type":"BreadcrumbList","@id":"https:\/\/jinsuncarbon.com\/product\/semi-graphite-petroleum-coke\/#breadcrumb","itemListElement":[{"@type":"ListItem","position":1,"name":"Home","item":"https:\/\/jinsuncarbon.com\/"},{"@type":"ListItem","position":2,"name":"Products","item":"https:\/\/jinsuncarbon.com\/graphite-carbon\/"},{"@type":"ListItem","position":3,"name":"Semi-Graphite Petroleum Coke"}]},{"@type":"WebSite","@id":"https:\/\/jinsuncarbon.com\/#website","url":"https:\/\/jinsuncarbon.com\/","name":"Jinsun Carbon","description":"Somos el fabricante de electrodos de grafito con m\u00e1s \u00e9xito de China","publisher":{"@id":"https:\/\/jinsuncarbon.com\/#organization"},"potentialAction":[{"@type":"SearchAction","target":{"@type":"EntryPoint","urlTemplate":"https:\/\/jinsuncarbon.com\/?s={search_term_string}"},"query-input":{"@type":"PropertyValueSpecification","valueRequired":true,"valueName":"search_term_string"}}],"inLanguage":"es"},{"@type":"Organization","@id":"https:\/\/jinsuncarbon.com\/#organization","name":"Jinsun Carbon","alternateName":"Jinsun Carbon","url":"https:\/\/jinsuncarbon.com\/","logo":{"@type":"ImageObject","inLanguage":"es","@id":"https:\/\/jinsuncarbon.com\/#\/schema\/logo\/image\/","url":"https:\/\/jinsuncarbon.com\/wp-content\/uploads\/2022\/12\/LOGO-1.png","contentUrl":"https:\/\/jinsuncarbon.com\/wp-content\/uploads\/2022\/12\/LOGO-1.png","width":207,"height":80,"caption":"Jinsun Carbon"},"image":{"@id":"https:\/\/jinsuncarbon.com\/#\/schema\/logo\/image\/"},"sameAs":["https:\/\/www.facebook.com\/Graphite-Electrode-109336238661595","https:\/\/x.com\/jinsuncarbon_","https:\/\/www.linkedin.com\/in\/jinsungraphite","https:\/\/www.youtube.com\/channel\/UCysDNyvyR5-3cCWEmpkVC0g"]}]}},"_links":{"self":[{"href":"https:\/\/jinsuncarbon.com\/es\/wp-json\/wp\/v2\/product\/8018","targetHints":{"allow":["GET"]}}],"collection":[{"href":"https:\/\/jinsuncarbon.com\/es\/wp-json\/wp\/v2\/product"}],"about":[{"href":"https:\/\/jinsuncarbon.com\/es\/wp-json\/wp\/v2\/types\/product"}],"wp:featuredmedia":[{"embeddable":true,"href":"https:\/\/jinsuncarbon.com\/es\/wp-json\/wp\/v2\/media\/8022"}],"wp:attachment":[{"href":"https:\/\/jinsuncarbon.com\/es\/wp-json\/wp\/v2\/media?parent=8018"}],"wp:term":[{"taxonomy":"product_brand","embeddable":true,"href":"https:\/\/jinsuncarbon.com\/es\/wp-json\/wp\/v2\/product_brand?post=8018"},{"taxonomy":"product_cat","embeddable":true,"href":"https:\/\/jinsuncarbon.com\/es\/wp-json\/wp\/v2\/product_cat?post=8018"},{"taxonomy":"product_tag","embeddable":true,"href":"https:\/\/jinsuncarbon.com\/es\/wp-json\/wp\/v2\/product_tag?post=8018"}],"curies":[{"name":"wp","href":"https:\/\/api.w.org\/{rel}","templated":true}]}}