{"id":8016,"date":"2025-09-25T07:43:05","date_gmt":"2025-09-25T07:43:05","guid":{"rendered":"https:\/\/jinsuncarbon.com\/?post_type=product&#038;p=8016"},"modified":"2025-09-25T07:43:07","modified_gmt":"2025-09-25T07:43:07","slug":"fibra-de-carbono-activado","status":"publish","type":"product","link":"https:\/\/jinsuncarbon.com\/es\/producto\/fibra-de-carbono-activado\/","title":{"rendered":"Fibra de carbono activado"},"content":{"rendered":"<p>La fibra de carbono activado suele presentarse en forma de esteras, pa\u00f1os, <a href=\"https:\/\/jinsuncarbon.com\/es\/producto\/hoja-de-fibra-de-carbono\/\">hojas<\/a> o hilos, y tiene notables ventajas.<\/p>\n<p><strong><b>E<\/b><\/strong><strong><b>xtremadamente alta superficie espec\u00edfica<\/b><\/strong><\/p>\n<p>Su superficie espec\u00edfica alcanza los 1000-3000 m\u00b2\/g, por lo que tiene una gran capacidad de adsorci\u00f3n.<\/p>\n<p>&nbsp;<\/p>\n<p><strong><b>Microporos distribuidos uniformemente<\/b><\/strong><strong><b>\u00a0y di\u00e1metros peque\u00f1os<\/b><\/strong><\/p>\n<p>Sus di\u00e1metros son en su mayor\u00eda de 1-2 nm, lo que se traduce en una r\u00e1pida velocidad de adsorci\u00f3n. As\u00ed, la eficacia de adsorci\u00f3n de sustancias de mol\u00e9culas peque\u00f1as es mucho mayor que la del carb\u00f3n activado tradicional.<\/p>\n<p>&nbsp;<\/p>\n<p><strong><b>G<\/b><\/strong><strong><b>uena estabilidad qu\u00edmica<\/b><\/strong><\/p>\n<p>Puede resistir a \u00e1cidos y \u00e1lcalis, y mantener un rendimiento estable dentro de una amplia gama de temperaturas, generalmente de -100\u00b0C a 300\u00b0C.<\/p>\n<p>&nbsp;<\/p>\n<p><strong><b>E<\/b><\/strong><strong><b>f\u00e1cil de regenerar<\/b><\/strong><\/p>\n<p>Su capacidad de adsorci\u00f3n puede restaurarse mediante calentamiento, lavado con agua, etc., lo que permite su reutilizaci\u00f3n.<\/p>\n<p>&nbsp;<\/p>\n<p><strong><b>G<\/b><\/strong><strong><b>uena flexibilidad<\/b><\/strong><\/p>\n<p>Esto facilita su transformaci\u00f3n en diversas formas. De acuerdo con sus requisitos espec\u00edficos, se procesar\u00e1 para cumplir sus normas de especificaci\u00f3n.<\/p>\n<p>&nbsp;<\/p>\n<p>Adem\u00e1s, tambi\u00e9n puede elegir fibras de carb\u00f3n activado a base de viscosa, fibras de carb\u00f3n activado a base de poliacrilonitrilo, fibras de carb\u00f3n activado a base de fenol u otros tipos de fibras de carb\u00f3n activado.<\/p>\n<p>&nbsp;<\/p>\n<p><strong><b>E<\/b><\/strong><strong><b>xcelente conductividad el\u00e9ctrica<\/b><\/strong><\/p>\n<p>Tiene una buena capacidad de adsorci\u00f3n de iones de metales pesados, por lo que puede utilizarse en escenarios que requieran conductividad el\u00e9ctrica.<\/p>\n<p><strong><b>\u00a0<\/b><\/strong><\/p>\n<h2>Usos de la fibra de carbono activado<\/h2>\n<p><strong><b>Depuraci\u00f3n medioambiental <\/b><\/strong><\/p>\n<p><strong><b>Depuraci\u00f3n del aire<\/b><\/strong><\/p>\n<p>Puede adsorber gases nocivos como formaldeh\u00eddo, benceno y TVOC en el aire, lo que puede mejorar eficazmente la calidad del aire. Puede utilizarse en purificadores de aire de interiores, filtros de aire acondicionado de autom\u00f3viles, equipos de tratamiento de gases residuales industriales, etc.<\/p>\n<p><strong><b>\u00a0<\/b><\/strong><\/p>\n<p><strong><b>Tratamiento del agua<\/b><\/strong><\/p>\n<p>Puede eliminar eficazmente las sustancias org\u00e1nicas, <a href=\"https:\/\/www.sciencedirect.com\/topics\/engineering\/heavy-metal-ion\" target=\"_blank\" rel=\"noopener\">iones de metales pesados<\/a>olores y pigmentos del agua. As\u00ed que se puede aplicar en la purificaci\u00f3n de agua potable, tratamiento de aguas residuales industriales, y los escenarios de tratamiento de aguas residuales.<\/p>\n<p>&nbsp;<\/p>\n<p><strong><b>Campo de protecci\u00f3n <\/b><\/strong><\/p>\n<p>Como material filtrante b\u00e1sico para m\u00e1scaras antig\u00e1s y trajes de protecci\u00f3n, puede adsorber r\u00e1pidamente gases t\u00f3xicos, vapores y part\u00edculas. Por tanto, puede proteger la seguridad del personal en entornos peligrosos como los de las industrias qu\u00edmica y militar.<\/p>\n<p>&nbsp;<\/p>\n<p><strong><b>Sector de la energ\u00eda <\/b><\/strong><\/p>\n<p>Por su estructura porosa y su conductividad, puede utilizarse como material de electrodos para supercondensadores y bater\u00edas de iones de litio. Puede aumentar la capacidad de almacenamiento de la bater\u00eda y mejorar su eficiencia de carga y descarga.<\/p>\n<p>&nbsp;<\/p>\n<p><strong><b>Sector m\u00e9dico<\/b><\/strong><\/p>\n<p>Se puede utilizar en dispositivos de purificaci\u00f3n de la sangre para adsorber las toxinas de la sangre. Adem\u00e1s, puede adsorber sustancias nocivas exudadas de las heridas y favorecer la cicatrizaci\u00f3n, por lo que tambi\u00e9n se puede utilizar en ap\u00f3sitos antibacterianos para heridas.<\/p>\n<p><strong><b>\u00a0<\/b><\/strong><\/p>\n<p><strong><b>Sector industrial <\/b><\/strong><\/p>\n<p><strong><b>Recuperaci\u00f3n de disolventes<\/b><\/strong><\/p>\n<p>En la producci\u00f3n qu\u00edmica, puede recuperar disolventes org\u00e1nicos como la acetona y el etanol, logrando el reciclaje y la reutilizaci\u00f3n de recursos.<\/p>\n<p>&nbsp;<\/p>\n<p><strong><b>Apoyo a los catalizadores<\/b><\/strong><\/p>\n<p>Al utilizarlo como soporte de catalizadores, se aprovecha su estructura porosa para mejorar la eficacia de las reacciones catal\u00edticas.<\/p>","protected":false},"excerpt":{"rendered":"<p>La fibra de carbono activado es un material de carbono poroso producido a partir de materiales similares a fibras (como poliacrilonitrilo, resina fen\u00f3lica, fibra de viscosa, etc.). Se fabrica mediante procesos como la carbonizaci\u00f3n y la activaci\u00f3n y se abrevia como ACF. Y tiene una superficie espec\u00edfica extremadamente grande, abundante estructura microporosa y un excelente rendimiento de adsorci\u00f3n. Por lo tanto, tiene un gran valor de aplicaci\u00f3n en diversos campos, como la protecci\u00f3n y purificaci\u00f3n del medio ambiente. Es un material de adsorci\u00f3n funcional de alto rendimiento, que puede satisfacer las necesidades de separaci\u00f3n y purificaci\u00f3n precisas. Por ejemplo, en las m\u00e1scaras antig\u00e1s, puede adsorber r\u00e1pidamente gases t\u00f3xicos; en el tratamiento de aguas, puede eliminar eficazmente trazas de contaminantes.<\/p>","protected":false},"featured_media":8081,"template":"","meta":[],"product_brand":[],"product_cat":[39],"product_tag":[],"class_list":{"0":"post-8016","1":"product","2":"type-product","3":"status-publish","4":"has-post-thumbnail","6":"product_cat-carbon-products","8":"first","9":"instock","10":"shipping-taxable","11":"product-type-simple"},"yoast_head":"<!-- This site is optimized with the Yoast SEO Premium plugin v19.2.1 (Yoast SEO v25.3) - https:\/\/yoast.com\/wordpress\/plugins\/seo\/ -->\n<title>Activated Carbon Fiber | Jinsun Carbon<\/title>\n<meta name=\"robots\" content=\"index, follow, max-snippet:-1, max-image-preview:large, max-video-preview:-1\" \/>\n<link rel=\"canonical\" href=\"https:\/\/jinsuncarbon.com\/es\/producto\/fibra-de-carbono-activado\/\" \/>\n<meta property=\"og:locale\" content=\"es_MX\" \/>\n<meta property=\"og:type\" content=\"article\" \/>\n<meta property=\"og:title\" content=\"Activated Carbon Fiber\" \/>\n<meta property=\"og:description\" content=\"Activated carbon fiber is a porous carbon material produced from fiber-like materials (such as polyacrylonitrile, phenolic resin, viscose fiber, etc.). It is made through processes such as carbonization and activation and is abbreviated as ACF. And it has extremely large specific surface area, abundant microporous structure, and excellent adsorption performance. So it demonstrates high application value in various fields such as environmental protection and purification. It is a highly performing functional adsorption material, which can meet the needs of various precise separation and purification. For example, in gas masks, it can quickly adsorb toxic gases, in water treatment, it can efficiently remove trace pollutants.\" \/>\n<meta property=\"og:url\" content=\"https:\/\/jinsuncarbon.com\/es\/producto\/fibra-de-carbono-activado\/\" \/>\n<meta property=\"og:site_name\" content=\"Jinsun Carbon\" \/>\n<meta property=\"article:publisher\" content=\"https:\/\/www.facebook.com\/Graphite-Electrode-109336238661595\" \/>\n<meta property=\"article:modified_time\" content=\"2025-09-25T07:43:07+00:00\" \/>\n<meta property=\"og:image\" content=\"https:\/\/jinsuncarbon.com\/wp-content\/uploads\/2025\/08\/Activated-carbon-fiber.png\" \/>\n\t<meta property=\"og:image:width\" content=\"936\" \/>\n\t<meta property=\"og:image:height\" content=\"852\" \/>\n\t<meta property=\"og:image:type\" content=\"image\/png\" \/>\n<meta name=\"twitter:card\" content=\"summary_large_image\" \/>\n<meta name=\"twitter:site\" content=\"@jinsuncarbon_\" \/>\n<meta name=\"twitter:label1\" content=\"Tiempo de lectura\" \/>\n\t<meta name=\"twitter:data1\" content=\"3 minutos\" \/>\n<script type=\"application\/ld+json\" class=\"yoast-schema-graph\">{\"@context\":\"https:\/\/schema.org\",\"@graph\":[{\"@type\":\"WebPage\",\"@id\":\"https:\/\/jinsuncarbon.com\/product\/activated-carbon-fiber\/\",\"url\":\"https:\/\/jinsuncarbon.com\/product\/activated-carbon-fiber\/\",\"name\":\"Activated Carbon Fiber | Jinsun Carbon\",\"isPartOf\":{\"@id\":\"https:\/\/jinsuncarbon.com\/#website\"},\"primaryImageOfPage\":{\"@id\":\"https:\/\/jinsuncarbon.com\/product\/activated-carbon-fiber\/#primaryimage\"},\"image\":{\"@id\":\"https:\/\/jinsuncarbon.com\/product\/activated-carbon-fiber\/#primaryimage\"},\"thumbnailUrl\":\"https:\/\/jinsuncarbon.com\/wp-content\/uploads\/2025\/08\/Activated-carbon-fiber.png\",\"datePublished\":\"2025-09-25T07:43:05+00:00\",\"dateModified\":\"2025-09-25T07:43:07+00:00\",\"breadcrumb\":{\"@id\":\"https:\/\/jinsuncarbon.com\/product\/activated-carbon-fiber\/#breadcrumb\"},\"inLanguage\":\"es\",\"potentialAction\":[{\"@type\":\"ReadAction\",\"target\":[\"https:\/\/jinsuncarbon.com\/product\/activated-carbon-fiber\/\"]}]},{\"@type\":\"ImageObject\",\"inLanguage\":\"es\",\"@id\":\"https:\/\/jinsuncarbon.com\/product\/activated-carbon-fiber\/#primaryimage\",\"url\":\"https:\/\/jinsuncarbon.com\/wp-content\/uploads\/2025\/08\/Activated-carbon-fiber.png\",\"contentUrl\":\"https:\/\/jinsuncarbon.com\/wp-content\/uploads\/2025\/08\/Activated-carbon-fiber.png\",\"width\":936,\"height\":852,\"caption\":\"Activated carbon fiber\"},{\"@type\":\"BreadcrumbList\",\"@id\":\"https:\/\/jinsuncarbon.com\/product\/activated-carbon-fiber\/#breadcrumb\",\"itemListElement\":[{\"@type\":\"ListItem\",\"position\":1,\"name\":\"Home\",\"item\":\"https:\/\/jinsuncarbon.com\/\"},{\"@type\":\"ListItem\",\"position\":2,\"name\":\"Products\",\"item\":\"https:\/\/jinsuncarbon.com\/graphite-carbon\/\"},{\"@type\":\"ListItem\",\"position\":3,\"name\":\"Activated Carbon Fiber\"}]},{\"@type\":\"WebSite\",\"@id\":\"https:\/\/jinsuncarbon.com\/#website\",\"url\":\"https:\/\/jinsuncarbon.com\/\",\"name\":\"Jinsun Carbon\",\"description\":\"We are the successful graphite electrode manufacturer in China\",\"publisher\":{\"@id\":\"https:\/\/jinsuncarbon.com\/#organization\"},\"potentialAction\":[{\"@type\":\"SearchAction\",\"target\":{\"@type\":\"EntryPoint\",\"urlTemplate\":\"https:\/\/jinsuncarbon.com\/?s={search_term_string}\"},\"query-input\":{\"@type\":\"PropertyValueSpecification\",\"valueRequired\":true,\"valueName\":\"search_term_string\"}}],\"inLanguage\":\"es\"},{\"@type\":\"Organization\",\"@id\":\"https:\/\/jinsuncarbon.com\/#organization\",\"name\":\"Jinsun Carbon\",\"alternateName\":\"Jinsun Carbon\",\"url\":\"https:\/\/jinsuncarbon.com\/\",\"logo\":{\"@type\":\"ImageObject\",\"inLanguage\":\"es\",\"@id\":\"https:\/\/jinsuncarbon.com\/#\/schema\/logo\/image\/\",\"url\":\"https:\/\/jinsuncarbon.com\/wp-content\/uploads\/2022\/12\/LOGO-1.png\",\"contentUrl\":\"https:\/\/jinsuncarbon.com\/wp-content\/uploads\/2022\/12\/LOGO-1.png\",\"width\":207,\"height\":80,\"caption\":\"Jinsun Carbon\"},\"image\":{\"@id\":\"https:\/\/jinsuncarbon.com\/#\/schema\/logo\/image\/\"},\"sameAs\":[\"https:\/\/www.facebook.com\/Graphite-Electrode-109336238661595\",\"https:\/\/x.com\/jinsuncarbon_\",\"https:\/\/www.linkedin.com\/in\/jinsungraphite\",\"https:\/\/www.youtube.com\/channel\/UCysDNyvyR5-3cCWEmpkVC0g\"]}]}<\/script>\n<!-- \/ Yoast SEO Premium plugin. -->","yoast_head_json":{"title":"Fibra de carb\u00f3n activado | Jinsun Carbon","robots":{"index":"index","follow":"follow","max-snippet":"max-snippet:-1","max-image-preview":"max-image-preview:large","max-video-preview":"max-video-preview:-1"},"canonical":"https:\/\/jinsuncarbon.com\/es\/producto\/fibra-de-carbono-activado\/","og_locale":"es_MX","og_type":"article","og_title":"Activated Carbon Fiber","og_description":"Activated carbon fiber is a porous carbon material produced from fiber-like materials (such as polyacrylonitrile, phenolic resin, viscose fiber, etc.). It is made through processes such as carbonization and activation and is abbreviated as ACF. And it has extremely large specific surface area, abundant microporous structure, and excellent adsorption performance. So it demonstrates high application value in various fields such as environmental protection and purification. It is a highly performing functional adsorption material, which can meet the needs of various precise separation and purification. For example, in gas masks, it can quickly adsorb toxic gases, in water treatment, it can efficiently remove trace pollutants.","og_url":"https:\/\/jinsuncarbon.com\/es\/producto\/fibra-de-carbono-activado\/","og_site_name":"Jinsun Carbon","article_publisher":"https:\/\/www.facebook.com\/Graphite-Electrode-109336238661595","article_modified_time":"2025-09-25T07:43:07+00:00","og_image":[{"width":936,"height":852,"url":"https:\/\/jinsuncarbon.com\/wp-content\/uploads\/2025\/08\/Activated-carbon-fiber.png","type":"image\/png"}],"twitter_card":"summary_large_image","twitter_site":"@jinsuncarbon_","twitter_misc":{"Tiempo de lectura":"3 minutos"},"schema":{"@context":"https:\/\/schema.org","@graph":[{"@type":"WebPage","@id":"https:\/\/jinsuncarbon.com\/product\/activated-carbon-fiber\/","url":"https:\/\/jinsuncarbon.com\/product\/activated-carbon-fiber\/","name":"Fibra de carb\u00f3n activado | Jinsun Carbon","isPartOf":{"@id":"https:\/\/jinsuncarbon.com\/#website"},"primaryImageOfPage":{"@id":"https:\/\/jinsuncarbon.com\/product\/activated-carbon-fiber\/#primaryimage"},"image":{"@id":"https:\/\/jinsuncarbon.com\/product\/activated-carbon-fiber\/#primaryimage"},"thumbnailUrl":"https:\/\/jinsuncarbon.com\/wp-content\/uploads\/2025\/08\/Activated-carbon-fiber.png","datePublished":"2025-09-25T07:43:05+00:00","dateModified":"2025-09-25T07:43:07+00:00","breadcrumb":{"@id":"https:\/\/jinsuncarbon.com\/product\/activated-carbon-fiber\/#breadcrumb"},"inLanguage":"es","potentialAction":[{"@type":"ReadAction","target":["https:\/\/jinsuncarbon.com\/product\/activated-carbon-fiber\/"]}]},{"@type":"ImageObject","inLanguage":"es","@id":"https:\/\/jinsuncarbon.com\/product\/activated-carbon-fiber\/#primaryimage","url":"https:\/\/jinsuncarbon.com\/wp-content\/uploads\/2025\/08\/Activated-carbon-fiber.png","contentUrl":"https:\/\/jinsuncarbon.com\/wp-content\/uploads\/2025\/08\/Activated-carbon-fiber.png","width":936,"height":852,"caption":"Activated carbon fiber"},{"@type":"BreadcrumbList","@id":"https:\/\/jinsuncarbon.com\/product\/activated-carbon-fiber\/#breadcrumb","itemListElement":[{"@type":"ListItem","position":1,"name":"Home","item":"https:\/\/jinsuncarbon.com\/"},{"@type":"ListItem","position":2,"name":"Products","item":"https:\/\/jinsuncarbon.com\/graphite-carbon\/"},{"@type":"ListItem","position":3,"name":"Activated Carbon Fiber"}]},{"@type":"WebSite","@id":"https:\/\/jinsuncarbon.com\/#website","url":"https:\/\/jinsuncarbon.com\/","name":"Jinsun Carbon","description":"Somos el fabricante de electrodos de grafito con m\u00e1s \u00e9xito de China","publisher":{"@id":"https:\/\/jinsuncarbon.com\/#organization"},"potentialAction":[{"@type":"SearchAction","target":{"@type":"EntryPoint","urlTemplate":"https:\/\/jinsuncarbon.com\/?s={search_term_string}"},"query-input":{"@type":"PropertyValueSpecification","valueRequired":true,"valueName":"search_term_string"}}],"inLanguage":"es"},{"@type":"Organization","@id":"https:\/\/jinsuncarbon.com\/#organization","name":"Jinsun Carbon","alternateName":"Jinsun Carbon","url":"https:\/\/jinsuncarbon.com\/","logo":{"@type":"ImageObject","inLanguage":"es","@id":"https:\/\/jinsuncarbon.com\/#\/schema\/logo\/image\/","url":"https:\/\/jinsuncarbon.com\/wp-content\/uploads\/2022\/12\/LOGO-1.png","contentUrl":"https:\/\/jinsuncarbon.com\/wp-content\/uploads\/2022\/12\/LOGO-1.png","width":207,"height":80,"caption":"Jinsun Carbon"},"image":{"@id":"https:\/\/jinsuncarbon.com\/#\/schema\/logo\/image\/"},"sameAs":["https:\/\/www.facebook.com\/Graphite-Electrode-109336238661595","https:\/\/x.com\/jinsuncarbon_","https:\/\/www.linkedin.com\/in\/jinsungraphite","https:\/\/www.youtube.com\/channel\/UCysDNyvyR5-3cCWEmpkVC0g"]}]}},"_links":{"self":[{"href":"https:\/\/jinsuncarbon.com\/es\/wp-json\/wp\/v2\/product\/8016","targetHints":{"allow":["GET"]}}],"collection":[{"href":"https:\/\/jinsuncarbon.com\/es\/wp-json\/wp\/v2\/product"}],"about":[{"href":"https:\/\/jinsuncarbon.com\/es\/wp-json\/wp\/v2\/types\/product"}],"wp:featuredmedia":[{"embeddable":true,"href":"https:\/\/jinsuncarbon.com\/es\/wp-json\/wp\/v2\/media\/8081"}],"wp:attachment":[{"href":"https:\/\/jinsuncarbon.com\/es\/wp-json\/wp\/v2\/media?parent=8016"}],"wp:term":[{"taxonomy":"product_brand","embeddable":true,"href":"https:\/\/jinsuncarbon.com\/es\/wp-json\/wp\/v2\/product_brand?post=8016"},{"taxonomy":"product_cat","embeddable":true,"href":"https:\/\/jinsuncarbon.com\/es\/wp-json\/wp\/v2\/product_cat?post=8016"},{"taxonomy":"product_tag","embeddable":true,"href":"https:\/\/jinsuncarbon.com\/es\/wp-json\/wp\/v2\/product_tag?post=8016"}],"curies":[{"name":"wp","href":"https:\/\/api.w.org\/{rel}","templated":true}]}}