{"id":7453,"date":"2025-01-27T02:20:01","date_gmt":"2025-01-27T02:20:01","guid":{"rendered":"https:\/\/jinsuncarbon.com\/?post_type=product&#038;p=7453"},"modified":"2025-01-27T02:21:16","modified_gmt":"2025-01-27T02:21:16","slug":"moldes-para-lingotes-de-oro","status":"publish","type":"product","link":"https:\/\/jinsuncarbon.com\/es\/producto\/moldes-para-lingotes-de-oro\/","title":{"rendered":"Moldes para lingotes de oro"},"content":{"rendered":"<h2 class=\"ql-align-justify\">Venta de moldes para lingotes de oro<\/h2>\n<h3 class=\"ql-align-justify\">Ventajas del molde para lingote de oro<\/h3>\n<ul>\n<li class=\"ql-align-justify\"><strong>Gran precisi\u00f3n dimensional<\/strong><\/li>\n<\/ul>\n<p class=\"ql-align-justify\">La desviaci\u00f3n es muy peque\u00f1a, puede cumplir con el almacenamiento financiero, el comercio y la fabricaci\u00f3n industrial de sus especificaciones requisitos estrictos.<\/p>\n<ul>\n<li class=\"ql-align-justify\"><strong>Gran resistencia estructural<\/strong><\/li>\n<\/ul>\n<p class=\"ql-align-justify\">Puede soportar el impacto y la presi\u00f3n de oro l\u00edquido de alta temperatura, el uso repetido no es f\u00e1cil a la deformaci\u00f3n, el da\u00f1o.<\/p>\n<ul>\n<li class=\"ql-align-justify\"><strong>Gran suavidad de la superficie<\/strong><\/li>\n<\/ul>\n<p class=\"ql-align-justify\">Esto favorece el decapado del lingote de oro y no da\u00f1a su superficie. Para asegurarse de que la superficie de la misma es lisa.<\/p>\n<ul>\n<li class=\"ql-align-justify\"><strong>Gran estabilidad qu\u00edmica<\/strong><\/li>\n<\/ul>\n<p class=\"ql-align-justify\">No reacciona con el oro, para garantizar la pureza y la calidad de los lingotes de oro.<\/p>\n<p>&nbsp;<\/p>\n<h2 class=\"ql-align-justify\">Proceso de producci\u00f3n de moldes para lingotes de oro<\/h2>\n<p class=\"ql-align-justify\">Producimos el lingote de oro de grafito de alta calidad <a href=\"https:\/\/jinsuncarbon.com\/es\/producto\/molde-de-grafito\/\">molde<\/a>y tenemos que seguir unos pasos estrictos:<\/p>\n<p class=\"ql-align-justify\"><strong>Paso 1. Seleccionar el material del molde Seleccione el material del molde:<\/strong><\/p>\n<p class=\"ql-align-justify\">La selecci\u00f3n de productos de gran pureza <a href=\"https:\/\/jinsuncarbon.com\/es\/producto\/grafito-natural-en-escamas\/\">grafito en escamas<\/a> como material para la fabricaci\u00f3n de moldes de lingotes de oro. Tiene una excelente resistencia a altas temperaturas y caracter\u00edsticas de no adhesi\u00f3n, para garantizar el mejor rendimiento en el proceso de fundici\u00f3n de lingotes de oro.<\/p>\n<p class=\"ql-align-justify\"><strong>Etapa 2. Procesamiento de las materias primas:<\/strong><\/p>\n<p class=\"ql-align-justify\">Primero trituramos el grafito para que su tama\u00f1o de part\u00edcula alcance el rango adecuado. Las operaciones de purificaci\u00f3n posteriores eliminan las impurezas para mejorar la pureza. Por \u00faltimo, convertimos el grafito tratado en piezas en bruto para moldes mediante prensado en molde o prensado isost\u00e1tico.<\/p>\n<p class=\"ql-align-justify\"><strong>Etapa 3. Moldeado y acabado:<\/strong><\/p>\n<p class=\"ql-align-justify\">El uso de equipos de procesamiento CNC, de acuerdo con los dibujos de dise\u00f1o de moldes precisos, el grafito preliminar corte en blanco, perforaci\u00f3n, rectificado y otras operaciones de procesamiento mec\u00e1nico. Para producir un molde de lingote de oro que cumpla los requisitos de precisi\u00f3n dimensional y calidad superficial. Por \u00faltimo, recortaremos con precisi\u00f3n el molde y trataremos el revestimiento de la superficie para mejorar su durabilidad y rendimiento de desmoldeo.<\/p>\n<p>&nbsp;<\/p>\n<h2 class=\"ql-align-justify\">Usos de los moldes de fundici\u00f3n para lingotes de oro<\/h2>\n<p class=\"ql-align-justify\">El molde para lingotes de oro es ampliamente utilizado, concentr\u00e1ndose principalmente en las siguientes \u00e1reas.<\/p>\n<p class=\"ql-align-justify\"><strong>Campo de la inversi\u00f3n financiera:<\/strong><\/p>\n<p class=\"ql-align-justify\">Disponemos de un gran n\u00famero de especificaciones est\u00e1ndar de lingotes de oro para satisfacer la demanda de inversi\u00f3n en oro de los inversores. Por ejemplo, 1 onza, 10 onzas, 1 kilogramo, etc. Es un importante soporte de la circulaci\u00f3n del oro en el mercado financiero.<\/p>\n<p class=\"ql-align-justify\"><strong>Campo de la colecci\u00f3n conmemorativa:<\/strong><\/p>\n<p class=\"ql-align-justify\">Fabricar una gran variedad de lingotes de oro con significado conmemorativo y valor de colecci\u00f3n, como lingotes de oro conmemorativos de grandes acontecimientos hist\u00f3ricos, actividades culturales, etc. A trav\u00e9s de un dise\u00f1o y una tecnolog\u00eda \u00fanicos, realzar el valor art\u00edstico y el valor de colecci\u00f3n de los lingotes de oro.<\/p>\n<p class=\"ql-align-justify\"><strong>Fabricaci\u00f3n industrial:<\/strong><\/p>\n<p class=\"ql-align-justify\">Proporcionar tochos para algunas producciones industriales con requisitos especiales de forma y tama\u00f1o para el oro. Como los conectores de oro utilizados en la <a href=\"https:\/\/en.wikipedia.org\/wiki\/Electronics_industry\" target=\"_blank\" rel=\"noopener\">industria electr\u00f3nica<\/a>, piezas decorativas de oro en la industria de la decoraci\u00f3n de alta gama, etc. Garantiza la precisi\u00f3n y calidad de los tochos, sentando las bases para su posterior procesamiento.<\/p>\n<p class=\"ql-align-justify\">","protected":false},"excerpt":{"rendered":"<p class=\"ql-align-justify\">El molde para lingotes de oro es un instrumento especialmente utilizado para fundir oro l\u00edquido en lingotes de oro. Se fabrica principalmente con materiales resistentes a altas temperaturas, de alta resistencia y qu\u00edmicamente estables, como el grafito de alta calidad.<\/p>\n<p class=\"ql-align-justify\">Gracias al dise\u00f1o preciso del molde, puede crear lingotes de oro de tama\u00f1o exacto y forma regular. Desempe\u00f1a un papel clave en la producci\u00f3n y el procesamiento del oro. De acuerdo con sus necesidades especiales, podemos personalizar moldes para lingotes de oro de diferentes pesos, formas o con un logotipo de patr\u00f3n \u00fanico.<\/p>\n<p class=\"ql-align-justify\">","protected":false},"featured_media":7457,"template":"","meta":[],"product_brand":[],"product_cat":[38],"product_tag":[],"class_list":{"0":"post-7453","1":"product","2":"type-product","3":"status-publish","4":"has-post-thumbnail","6":"product_cat-graphite-products","8":"first","9":"instock","10":"shipping-taxable","11":"product-type-simple"},"yoast_head":"<!-- This site is optimized with the Yoast SEO Premium plugin v19.2.1 (Yoast SEO v25.3) - https:\/\/yoast.com\/wordpress\/plugins\/seo\/ -->\n<title>Gold Bar Molds Manufacturer in China | Jinsun Carbon<\/title>\n<meta name=\"description\" content=\"Gold bar molds for sale, Graphite has good high temperature resistance and high thermal conductivity, making it suitable for the melting process of gold.\" \/>\n<meta name=\"robots\" content=\"index, follow, max-snippet:-1, max-image-preview:large, max-video-preview:-1\" \/>\n<link rel=\"canonical\" href=\"https:\/\/jinsuncarbon.com\/es\/producto\/moldes-para-lingotes-de-oro\/\" \/>\n<meta property=\"og:locale\" content=\"es_MX\" \/>\n<meta property=\"og:type\" content=\"article\" \/>\n<meta property=\"og:title\" content=\"Gold Bar Molds\" \/>\n<meta property=\"og:description\" content=\"Gold bar molds for sale, Graphite has good high temperature resistance and high thermal conductivity, making it suitable for the melting process of gold.\" \/>\n<meta property=\"og:url\" content=\"https:\/\/jinsuncarbon.com\/es\/producto\/moldes-para-lingotes-de-oro\/\" \/>\n<meta property=\"og:site_name\" content=\"Jinsun Carbon\" \/>\n<meta property=\"article:publisher\" content=\"https:\/\/www.facebook.com\/Graphite-Electrode-109336238661595\" \/>\n<meta property=\"article:modified_time\" content=\"2025-01-27T02:21:16+00:00\" \/>\n<meta property=\"og:image\" content=\"https:\/\/jinsuncarbon.com\/wp-content\/uploads\/2025\/01\/Gold-Bar-Mold.jpg\" \/>\n\t<meta property=\"og:image:width\" content=\"1024\" \/>\n\t<meta property=\"og:image:height\" content=\"763\" \/>\n\t<meta property=\"og:image:type\" content=\"image\/jpeg\" \/>\n<meta name=\"twitter:card\" content=\"summary_large_image\" \/>\n<meta name=\"twitter:site\" content=\"@jinsuncarbon_\" \/>\n<meta name=\"twitter:label1\" content=\"Tiempo de lectura\" \/>\n\t<meta name=\"twitter:data1\" content=\"3 minutos\" \/>\n<script type=\"application\/ld+json\" class=\"yoast-schema-graph\">{\"@context\":\"https:\/\/schema.org\",\"@graph\":[{\"@type\":\"WebPage\",\"@id\":\"https:\/\/jinsuncarbon.com\/product\/gold-bar-molds\/\",\"url\":\"https:\/\/jinsuncarbon.com\/product\/gold-bar-molds\/\",\"name\":\"Gold Bar Molds Manufacturer in China | Jinsun Carbon\",\"isPartOf\":{\"@id\":\"https:\/\/jinsuncarbon.com\/#website\"},\"primaryImageOfPage\":{\"@id\":\"https:\/\/jinsuncarbon.com\/product\/gold-bar-molds\/#primaryimage\"},\"image\":{\"@id\":\"https:\/\/jinsuncarbon.com\/product\/gold-bar-molds\/#primaryimage\"},\"thumbnailUrl\":\"https:\/\/jinsuncarbon.com\/wp-content\/uploads\/2025\/01\/Gold-Bar-Mold.jpg\",\"datePublished\":\"2025-01-27T02:20:01+00:00\",\"dateModified\":\"2025-01-27T02:21:16+00:00\",\"description\":\"Gold bar molds for sale, Graphite has good high temperature resistance and high thermal conductivity, making it suitable for the melting process of gold.\",\"breadcrumb\":{\"@id\":\"https:\/\/jinsuncarbon.com\/product\/gold-bar-molds\/#breadcrumb\"},\"inLanguage\":\"es\",\"potentialAction\":[{\"@type\":\"ReadAction\",\"target\":[\"https:\/\/jinsuncarbon.com\/product\/gold-bar-molds\/\"]}]},{\"@type\":\"ImageObject\",\"inLanguage\":\"es\",\"@id\":\"https:\/\/jinsuncarbon.com\/product\/gold-bar-molds\/#primaryimage\",\"url\":\"https:\/\/jinsuncarbon.com\/wp-content\/uploads\/2025\/01\/Gold-Bar-Mold.jpg\",\"contentUrl\":\"https:\/\/jinsuncarbon.com\/wp-content\/uploads\/2025\/01\/Gold-Bar-Mold.jpg\",\"width\":1024,\"height\":763,\"caption\":\"Gold Bar Mold\"},{\"@type\":\"BreadcrumbList\",\"@id\":\"https:\/\/jinsuncarbon.com\/product\/gold-bar-molds\/#breadcrumb\",\"itemListElement\":[{\"@type\":\"ListItem\",\"position\":1,\"name\":\"Home\",\"item\":\"https:\/\/jinsuncarbon.com\/\"},{\"@type\":\"ListItem\",\"position\":2,\"name\":\"Products\",\"item\":\"https:\/\/jinsuncarbon.com\/graphite-carbon\/\"},{\"@type\":\"ListItem\",\"position\":3,\"name\":\"Gold Bar Molds\"}]},{\"@type\":\"WebSite\",\"@id\":\"https:\/\/jinsuncarbon.com\/#website\",\"url\":\"https:\/\/jinsuncarbon.com\/\",\"name\":\"Jinsun Carbon\",\"description\":\"We are the successful graphite electrode manufacturer in China\",\"publisher\":{\"@id\":\"https:\/\/jinsuncarbon.com\/#organization\"},\"potentialAction\":[{\"@type\":\"SearchAction\",\"target\":{\"@type\":\"EntryPoint\",\"urlTemplate\":\"https:\/\/jinsuncarbon.com\/?s={search_term_string}\"},\"query-input\":{\"@type\":\"PropertyValueSpecification\",\"valueRequired\":true,\"valueName\":\"search_term_string\"}}],\"inLanguage\":\"es\"},{\"@type\":\"Organization\",\"@id\":\"https:\/\/jinsuncarbon.com\/#organization\",\"name\":\"Jinsun Carbon\",\"alternateName\":\"Jinsun Carbon\",\"url\":\"https:\/\/jinsuncarbon.com\/\",\"logo\":{\"@type\":\"ImageObject\",\"inLanguage\":\"es\",\"@id\":\"https:\/\/jinsuncarbon.com\/#\/schema\/logo\/image\/\",\"url\":\"https:\/\/jinsuncarbon.com\/wp-content\/uploads\/2022\/12\/LOGO-1.png\",\"contentUrl\":\"https:\/\/jinsuncarbon.com\/wp-content\/uploads\/2022\/12\/LOGO-1.png\",\"width\":207,\"height\":80,\"caption\":\"Jinsun Carbon\"},\"image\":{\"@id\":\"https:\/\/jinsuncarbon.com\/#\/schema\/logo\/image\/\"},\"sameAs\":[\"https:\/\/www.facebook.com\/Graphite-Electrode-109336238661595\",\"https:\/\/x.com\/jinsuncarbon_\",\"https:\/\/www.linkedin.com\/in\/jinsungraphite\",\"https:\/\/www.youtube.com\/channel\/UCysDNyvyR5-3cCWEmpkVC0g\"]}]}<\/script>\n<!-- \/ Yoast SEO Premium plugin. -->","yoast_head_json":{"title":"Fabricante de moldes para lingotes de oro en China | Jinsun Carbon","description":"Venta de moldes para lingotes de oro, El grafito tiene una buena resistencia a las altas temperaturas y una alta conductividad t\u00e9rmica, por lo que es adecuado para el proceso de fusi\u00f3n del oro.","robots":{"index":"index","follow":"follow","max-snippet":"max-snippet:-1","max-image-preview":"max-image-preview:large","max-video-preview":"max-video-preview:-1"},"canonical":"https:\/\/jinsuncarbon.com\/es\/producto\/moldes-para-lingotes-de-oro\/","og_locale":"es_MX","og_type":"article","og_title":"Gold Bar Molds","og_description":"Gold bar molds for sale, Graphite has good high temperature resistance and high thermal conductivity, making it suitable for the melting process of gold.","og_url":"https:\/\/jinsuncarbon.com\/es\/producto\/moldes-para-lingotes-de-oro\/","og_site_name":"Jinsun Carbon","article_publisher":"https:\/\/www.facebook.com\/Graphite-Electrode-109336238661595","article_modified_time":"2025-01-27T02:21:16+00:00","og_image":[{"width":1024,"height":763,"url":"https:\/\/jinsuncarbon.com\/wp-content\/uploads\/2025\/01\/Gold-Bar-Mold.jpg","type":"image\/jpeg"}],"twitter_card":"summary_large_image","twitter_site":"@jinsuncarbon_","twitter_misc":{"Tiempo de lectura":"3 minutos"},"schema":{"@context":"https:\/\/schema.org","@graph":[{"@type":"WebPage","@id":"https:\/\/jinsuncarbon.com\/product\/gold-bar-molds\/","url":"https:\/\/jinsuncarbon.com\/product\/gold-bar-molds\/","name":"Fabricante de moldes para lingotes de oro en China | Jinsun Carbon","isPartOf":{"@id":"https:\/\/jinsuncarbon.com\/#website"},"primaryImageOfPage":{"@id":"https:\/\/jinsuncarbon.com\/product\/gold-bar-molds\/#primaryimage"},"image":{"@id":"https:\/\/jinsuncarbon.com\/product\/gold-bar-molds\/#primaryimage"},"thumbnailUrl":"https:\/\/jinsuncarbon.com\/wp-content\/uploads\/2025\/01\/Gold-Bar-Mold.jpg","datePublished":"2025-01-27T02:20:01+00:00","dateModified":"2025-01-27T02:21:16+00:00","description":"Venta de moldes para lingotes de oro, El grafito tiene una buena resistencia a las altas temperaturas y una alta conductividad t\u00e9rmica, por lo que es adecuado para el proceso de fusi\u00f3n del oro.","breadcrumb":{"@id":"https:\/\/jinsuncarbon.com\/product\/gold-bar-molds\/#breadcrumb"},"inLanguage":"es","potentialAction":[{"@type":"ReadAction","target":["https:\/\/jinsuncarbon.com\/product\/gold-bar-molds\/"]}]},{"@type":"ImageObject","inLanguage":"es","@id":"https:\/\/jinsuncarbon.com\/product\/gold-bar-molds\/#primaryimage","url":"https:\/\/jinsuncarbon.com\/wp-content\/uploads\/2025\/01\/Gold-Bar-Mold.jpg","contentUrl":"https:\/\/jinsuncarbon.com\/wp-content\/uploads\/2025\/01\/Gold-Bar-Mold.jpg","width":1024,"height":763,"caption":"Gold Bar Mold"},{"@type":"BreadcrumbList","@id":"https:\/\/jinsuncarbon.com\/product\/gold-bar-molds\/#breadcrumb","itemListElement":[{"@type":"ListItem","position":1,"name":"Home","item":"https:\/\/jinsuncarbon.com\/"},{"@type":"ListItem","position":2,"name":"Products","item":"https:\/\/jinsuncarbon.com\/graphite-carbon\/"},{"@type":"ListItem","position":3,"name":"Gold Bar Molds"}]},{"@type":"WebSite","@id":"https:\/\/jinsuncarbon.com\/#website","url":"https:\/\/jinsuncarbon.com\/","name":"Jinsun Carbon","description":"Somos el fabricante de electrodos de grafito con m\u00e1s \u00e9xito de China","publisher":{"@id":"https:\/\/jinsuncarbon.com\/#organization"},"potentialAction":[{"@type":"SearchAction","target":{"@type":"EntryPoint","urlTemplate":"https:\/\/jinsuncarbon.com\/?s={search_term_string}"},"query-input":{"@type":"PropertyValueSpecification","valueRequired":true,"valueName":"search_term_string"}}],"inLanguage":"es"},{"@type":"Organization","@id":"https:\/\/jinsuncarbon.com\/#organization","name":"Jinsun Carbon","alternateName":"Jinsun Carbon","url":"https:\/\/jinsuncarbon.com\/","logo":{"@type":"ImageObject","inLanguage":"es","@id":"https:\/\/jinsuncarbon.com\/#\/schema\/logo\/image\/","url":"https:\/\/jinsuncarbon.com\/wp-content\/uploads\/2022\/12\/LOGO-1.png","contentUrl":"https:\/\/jinsuncarbon.com\/wp-content\/uploads\/2022\/12\/LOGO-1.png","width":207,"height":80,"caption":"Jinsun Carbon"},"image":{"@id":"https:\/\/jinsuncarbon.com\/#\/schema\/logo\/image\/"},"sameAs":["https:\/\/www.facebook.com\/Graphite-Electrode-109336238661595","https:\/\/x.com\/jinsuncarbon_","https:\/\/www.linkedin.com\/in\/jinsungraphite","https:\/\/www.youtube.com\/channel\/UCysDNyvyR5-3cCWEmpkVC0g"]}]}},"_links":{"self":[{"href":"https:\/\/jinsuncarbon.com\/es\/wp-json\/wp\/v2\/product\/7453","targetHints":{"allow":["GET"]}}],"collection":[{"href":"https:\/\/jinsuncarbon.com\/es\/wp-json\/wp\/v2\/product"}],"about":[{"href":"https:\/\/jinsuncarbon.com\/es\/wp-json\/wp\/v2\/types\/product"}],"wp:featuredmedia":[{"embeddable":true,"href":"https:\/\/jinsuncarbon.com\/es\/wp-json\/wp\/v2\/media\/7457"}],"wp:attachment":[{"href":"https:\/\/jinsuncarbon.com\/es\/wp-json\/wp\/v2\/media?parent=7453"}],"wp:term":[{"taxonomy":"product_brand","embeddable":true,"href":"https:\/\/jinsuncarbon.com\/es\/wp-json\/wp\/v2\/product_brand?post=7453"},{"taxonomy":"product_cat","embeddable":true,"href":"https:\/\/jinsuncarbon.com\/es\/wp-json\/wp\/v2\/product_cat?post=7453"},{"taxonomy":"product_tag","embeddable":true,"href":"https:\/\/jinsuncarbon.com\/es\/wp-json\/wp\/v2\/product_tag?post=7453"}],"curies":[{"name":"wp","href":"https:\/\/api.w.org\/{rel}","templated":true}]}}