{"id":7316,"date":"2025-01-12T13:56:18","date_gmt":"2025-01-12T13:56:18","guid":{"rendered":"https:\/\/jinsuncarbon.com\/?post_type=product&#038;p=7316"},"modified":"2025-04-06T11:14:39","modified_gmt":"2025-04-06T11:14:39","slug":"pasta-de-electrodos-soderbergh","status":"publish","type":"product","link":"https:\/\/jinsuncarbon.com\/es\/producto\/pasta-de-electrodos-soderbergh\/","title":{"rendered":"Pasta para electrodos Soderberg"},"content":{"rendered":"<h2>Pasta de electrodos Soderbergh<\/h2>\n<p>La pasta de electrodos Soderbergh suele presentarse como una pasta espesa. Sus ventajas son extraordinarias.<\/p>\n<p><strong><b>Buena resistencia a altas temperaturas<\/b><\/strong><\/p>\n<p>Puede mantener una forma f\u00edsica y unas propiedades qu\u00edmicas estables en entornos de altas temperaturas superiores a 1000\u00b0C. Adem\u00e1s, no se funde, volatiliza ni descompone f\u00e1cilmente.<\/p>\n<p><strong><b>\u00a0<\/b><\/strong><\/p>\n<p><strong><b>Excelente conductividad el\u00e9ctrica<\/b><\/strong><\/p>\n<p>Esto hace que la corriente pueda transmitirse eficazmente a trav\u00e9s de la pasta de electrodo al electrodo. Poviding soporte de energ\u00eda estable para la electr\u00f3lisis, fundici\u00f3n y otros procesos en la producci\u00f3n industrial.<\/p>\n<p>&nbsp;<\/p>\n<p><strong><b>Fuerte adherencia<\/b><\/strong><\/p>\n<p>En el proceso de producci\u00f3n del electrodo, puede unirse estrechamente con la envoltura del electrodo y otros componentes. Formando un conjunto s\u00f3lido para garantizar la estabilidad estructural del electrodo.<\/p>\n<p>&nbsp;<\/p>\n<p><strong><b>Buena plasticidad<\/b><\/strong><\/p>\n<p>Es f\u00e1cil rellenar la c\u00e1scara del electrodo, para adaptarse a las diferentes formas y tama\u00f1os de las necesidades de producci\u00f3n de electrodos.<\/p>\n<p><strong><b>\u00a0<\/b><\/strong><\/p>\n<p><strong><b>Gran estabilidad qu\u00edmica<\/b><\/strong><\/p>\n<p>Tiene una gran resistencia a la corrosi\u00f3n frente a la mayor\u00eda de sustancias qu\u00edmicas. Se puede utilizar en entornos qu\u00edmicos complejos durante mucho tiempo sin que se erosione.<\/p>\n<p>&nbsp;<\/p>\n<p>Adem\u00e1s, la pasta de electrodo Soderbergh tambi\u00e9n tiene ciertas caracter\u00edsticas de autocuraci\u00f3n. En el uso del electrodo, si se produce un ligero da\u00f1o local, la pasta de electrodo puede rellenarse y repararse hasta cierto punto. As\u00ed se prolonga la vida \u00fatil del electrodo.<\/p>\n<p><strong><b>\u00a0<\/b><\/strong><\/p>\n<h2>Usos de la pasta para electrodos Soderberg<\/h2>\n<p>La pasta de electrodos Soderbergh se utiliza ampliamente y ocupa un lugar indispensable en muchos campos industriales.<\/p>\n<p>&nbsp;<\/p>\n<p><strong><b>Industria de fundici\u00f3n de metales no f\u00e9rreos:<\/b><\/strong><\/p>\n<p>En la producci\u00f3n de aluminio electrol\u00edtico, la pasta de electrodo Soderberg es el material clave. Se puede rellenar en la c\u00e1scara del electrodo. Despu\u00e9s de la sinterizaci\u00f3n para formar un buen conductor <a href=\"https:\/\/jinsuncarbon.com\/es\/producto\/electrodo-de-varilla-de-grafito\/\">electrodo<\/a>Puede proporcionar la corriente necesaria para la electr\u00f3lisis de la al\u00famina. Para promover la reducci\u00f3n de iones de aluminio en aluminio en el c\u00e1todo, y asegurar la producci\u00f3n eficiente de aluminio electrol\u00edtico.<\/p>\n<p>&nbsp;<\/p>\n<p>En el proceso de fundici\u00f3n de otros metales no f\u00e9rreos, como el cobre, el plomo, el zinc, etc., tambi\u00e9n desempe\u00f1a un papel importante en la conducci\u00f3n y el soporte del electrodo. Ayuda a conseguir la extracci\u00f3n y el refinado de metales.<\/p>\n<p>&nbsp;<\/p>\n<p><strong><b>Campo de producci\u00f3n de ferroaleaciones: <\/b><\/strong><\/p>\n<p>En la producci\u00f3n de ferrosilicio, ferromanganeso, ferrocromo y otras ferroaleaciones, el electrodo hecho de pasta de electrodo Soderberg puede proporcionar una fuerte corriente para el horno de mineral. Para que el mineral y el agente reductor en la reacci\u00f3n qu\u00edmica del horno, para lograr la fundici\u00f3n de ferroaleaciones. Su buena resistencia a las altas temperaturas y sus propiedades conductoras garantizan el funcionamiento estable del electrodo a altas temperaturas. Y tambi\u00e9n garantizar las condiciones de trabajo de alta corriente, mejorar la eficiencia de la producci\u00f3n y la calidad de ferroaleaciones.<\/p>\n<p>&nbsp;<\/p>\n<p><strong><b>Industria qu\u00edmica: <\/b><\/strong><\/p>\n<p>En algunos procesos de producci\u00f3n qu\u00edmica que requieren reacci\u00f3n electrol\u00edtica, como la industria cloroalcalina, puede utilizarse como material de electrodo. Puede soportar medios corrosivos como \u00e1cidos fuertes y \u00e1lcalis en la <a href=\"https:\/\/en.wikipedia.org\/wiki\/Electrolysis\" target=\"_blank\" rel=\"noopener\">electrol\u00edtico<\/a> proceso. Proporcionar un entorno de electrodo estable para la reacci\u00f3n electrol\u00edtica, y garantizar la producci\u00f3n sin problemas de productos qu\u00edmicos. Al mismo tiempo, en la s\u00edntesis de algunos productos qu\u00edmicos, si interviene la reacci\u00f3n electroqu\u00edmica, tambi\u00e9n puede desempe\u00f1ar un papel importante.<\/p>\n<p>&nbsp;<\/p>\n<h2>Especificaciones de la pasta de electrodos Soderberg<\/h2>\n<table class=\"has-title is-zebra hight-light-first-column all magic-10\">\n<tbody>\n<tr>\n<td colspan=\"1\" rowspan=\"2\">\n<div class=\"magic-13\">Art\u00edculo<\/div>\n<\/td>\n<td colspan=\"2\" rowspan=\"1\">\n<div class=\"magic-14\">Pasta de electrodos sellada<\/div>\n<\/td>\n<td colspan=\"3\" rowspan=\"1\">\n<div class=\"magic-17\">Pasta de electrodos est\u00e1ndar<\/div>\n<\/td>\n<\/tr>\n<tr>\n<td colspan=\"1\" rowspan=\"1\">\n<div class=\"magic-21\">Groenlandia-1<\/div>\n<\/td>\n<td colspan=\"1\" rowspan=\"1\">\n<div class=\"magic-16\">Groenlandia-2<\/div>\n<\/td>\n<td colspan=\"1\" rowspan=\"1\">\n<div class=\"magic-22\">Groenlandia-3<\/div>\n<\/td>\n<td colspan=\"1\" rowspan=\"1\">\n<div class=\"magic-18\">Groenlandia-4<\/div>\n<\/td>\n<td colspan=\"1\" rowspan=\"1\">\n<div class=\"magic-23\">Groenlandia-5<\/div>\n<\/td>\n<\/tr>\n<tr>\n<td colspan=\"1\" rowspan=\"1\">\n<div class=\"magic-20\">Flujo vol\u00e1til(%)<\/div>\n<\/td>\n<td colspan=\"1\" rowspan=\"1\">\n<div class=\"magic-21\">12.0-15.5<\/div>\n<\/td>\n<td colspan=\"1\" rowspan=\"1\">\n<div class=\"magic-16\">12.0-15.5<\/div>\n<\/td>\n<td colspan=\"1\" rowspan=\"1\">\n<div class=\"magic-22\">9.5-13.5<\/div>\n<\/td>\n<td colspan=\"1\" rowspan=\"1\">\n<div class=\"magic-18\">11.5-15.5<\/div>\n<\/td>\n<td colspan=\"1\" rowspan=\"1\">\n<div class=\"magic-23\">11.5-15.5<\/div>\n<\/td>\n<\/tr>\n<tr>\n<td colspan=\"1\" rowspan=\"1\">\n<div class=\"magic-20\">Resistencia a la compresi\u00f3n (Mpa)<\/div>\n<\/td>\n<td colspan=\"1\" rowspan=\"1\">\n<div class=\"magic-21\">18<\/div>\n<\/td>\n<td colspan=\"1\" rowspan=\"1\">\n<div class=\"magic-16\">17<\/div>\n<\/td>\n<td colspan=\"1\" rowspan=\"1\">\n<div class=\"magic-22\">22<\/div>\n<\/td>\n<td colspan=\"1\" rowspan=\"1\">\n<div class=\"magic-18\">21<\/div>\n<\/td>\n<td colspan=\"1\" rowspan=\"1\">\n<div class=\"magic-23\">20<\/div>\n<\/td>\n<\/tr>\n<tr>\n<td colspan=\"1\" rowspan=\"1\">\n<div class=\"magic-20\">Resistividad(u\u03a9m)<\/div>\n<\/td>\n<td colspan=\"1\" rowspan=\"1\">\n<div class=\"magic-21\">65<\/div>\n<\/td>\n<td colspan=\"1\" rowspan=\"1\">\n<div class=\"magic-16\">75<\/div>\n<\/td>\n<td colspan=\"1\" rowspan=\"1\">\n<div class=\"magic-22\">80<\/div>\n<\/td>\n<td colspan=\"1\" rowspan=\"1\">\n<div class=\"magic-18\">85<\/div>\n<\/td>\n<td colspan=\"1\" rowspan=\"1\">\n<div class=\"magic-23\">90<\/div>\n<\/td>\n<\/tr>\n<tr>\n<td colspan=\"1\" rowspan=\"1\">\n<div class=\"magic-20\">Volumen Densidad(g\/cm3)<\/div>\n<\/td>\n<td colspan=\"1\" rowspan=\"1\">\n<div class=\"magic-21\">1.38<\/div>\n<\/td>\n<td colspan=\"1\" rowspan=\"1\">\n<div class=\"magic-16\">1.38<\/div>\n<\/td>\n<td colspan=\"1\" rowspan=\"1\">\n<div class=\"magic-22\">1.38<\/div>\n<\/td>\n<td colspan=\"1\" rowspan=\"1\">\n<div class=\"magic-18\">1.38<\/div>\n<\/td>\n<td colspan=\"1\" rowspan=\"1\">\n<div class=\"magic-23\">1.38<\/div>\n<\/td>\n<\/tr>\n<tr>\n<td colspan=\"1\" rowspan=\"1\">\n<div class=\"magic-20\">Elongaci\u00f3n(%)<\/div>\n<\/td>\n<td colspan=\"1\" rowspan=\"1\">\n<div class=\"magic-21\">5-20<\/div>\n<\/td>\n<td colspan=\"1\" rowspan=\"1\">\n<div class=\"magic-16\">5-20<\/div>\n<\/td>\n<td colspan=\"1\" rowspan=\"1\">\n<div class=\"magic-22\">5-30<\/div>\n<\/td>\n<td colspan=\"1\" rowspan=\"1\">\n<div class=\"magic-18\">15-40<\/div>\n<\/td>\n<td colspan=\"1\" rowspan=\"1\">\n<div class=\"magic-23\">15-40<\/div>\n<\/td>\n<\/tr>\n<tr>\n<td colspan=\"1\" rowspan=\"1\">\n<div class=\"magic-20\">Ceniza(%)<\/div>\n<\/td>\n<td colspan=\"1\" rowspan=\"1\">\n<div class=\"magic-21\">4<\/div>\n<\/td>\n<td colspan=\"1\" rowspan=\"1\">\n<div class=\"magic-16\">6<\/div>\n<\/td>\n<td colspan=\"1\" rowspan=\"1\">\n<div class=\"magic-22\">7<\/div>\n<\/td>\n<td colspan=\"1\" rowspan=\"1\">\n<div class=\"magic-18\">9<\/div>\n<\/td>\n<td colspan=\"1\" rowspan=\"1\">\n<div class=\"magic-23\" data-spm-anchor-id=\"a2700.details.0.i68.2af16603U6DgBr\">11<\/div>\n<\/td>\n<\/tr>\n<\/tbody>\n<\/table>","protected":false},"excerpt":{"rendered":"<p>La pasta para electrodos Soderbergh es una pasta especial para electrodos Soderbergh. Se fabrica mezclando una variedad de materias primas seleccionadas en una proporci\u00f3n espec\u00edfica. Y con sus propiedades f\u00edsicas y qu\u00edmicas \u00fanicas, desempe\u00f1a un papel clave en muchos escenarios de producci\u00f3n industrial. Y es un material industrial de excelente rendimiento y fiabilidad.<\/p>\n<p>&nbsp;<\/p>","protected":false},"featured_media":7317,"template":"","meta":[],"product_brand":[],"product_cat":[39],"product_tag":[],"class_list":{"0":"post-7316","1":"product","2":"type-product","3":"status-publish","4":"has-post-thumbnail","6":"product_cat-carbon-products","8":"first","9":"instock","10":"shipping-taxable","11":"product-type-simple"},"yoast_head":"<!-- This site is optimized with the Yoast SEO Premium plugin v19.2.1 (Yoast SEO v25.3) - https:\/\/yoast.com\/wordpress\/plugins\/seo\/ -->\n<title>Soderberg Electrode Paste Manufacturer in China<\/title>\n<meta name=\"robots\" content=\"index, follow, max-snippet:-1, max-image-preview:large, max-video-preview:-1\" \/>\n<link rel=\"canonical\" href=\"https:\/\/jinsuncarbon.com\/es\/producto\/pasta-de-electrodos-soderbergh\/\" \/>\n<meta property=\"og:locale\" content=\"es_MX\" \/>\n<meta property=\"og:type\" content=\"article\" \/>\n<meta property=\"og:title\" content=\"Soderberg Electrode Paste\" \/>\n<meta property=\"og:description\" content=\"Soderbergh electrode paste is a special paste specially used for Soderbergh electrode. It is made by mixing a variety of selected raw materials in a specific proportion. And with its unique physical and chemical properties, it plays a key role in many industrial production scenarios. And it is an industrial material with excellent performance and reliability.  &nbsp;\" \/>\n<meta property=\"og:url\" content=\"https:\/\/jinsuncarbon.com\/es\/producto\/pasta-de-electrodos-soderbergh\/\" \/>\n<meta property=\"og:site_name\" content=\"Jinsun Carbon\" \/>\n<meta property=\"article:publisher\" content=\"https:\/\/www.facebook.com\/Graphite-Electrode-109336238661595\" \/>\n<meta property=\"article:modified_time\" content=\"2025-04-06T11:14:39+00:00\" \/>\n<meta property=\"og:image\" content=\"https:\/\/jinsuncarbon.com\/wp-content\/uploads\/2025\/01\/Soderbergh-electrode-paste.jpg\" \/>\n\t<meta property=\"og:image:width\" content=\"1024\" \/>\n\t<meta property=\"og:image:height\" content=\"763\" \/>\n\t<meta property=\"og:image:type\" content=\"image\/jpeg\" \/>\n<meta name=\"twitter:card\" content=\"summary_large_image\" \/>\n<meta name=\"twitter:site\" content=\"@jinsuncarbon_\" \/>\n<meta name=\"twitter:label1\" content=\"Tiempo de lectura\" \/>\n\t<meta name=\"twitter:data1\" content=\"3 minutos\" \/>\n<script type=\"application\/ld+json\" class=\"yoast-schema-graph\">{\"@context\":\"https:\/\/schema.org\",\"@graph\":[{\"@type\":\"WebPage\",\"@id\":\"https:\/\/jinsuncarbon.com\/product\/soderbergh-electrode-paste\/\",\"url\":\"https:\/\/jinsuncarbon.com\/product\/soderbergh-electrode-paste\/\",\"name\":\"Soderberg Electrode Paste Manufacturer in China\",\"isPartOf\":{\"@id\":\"https:\/\/jinsuncarbon.com\/#website\"},\"primaryImageOfPage\":{\"@id\":\"https:\/\/jinsuncarbon.com\/product\/soderbergh-electrode-paste\/#primaryimage\"},\"image\":{\"@id\":\"https:\/\/jinsuncarbon.com\/product\/soderbergh-electrode-paste\/#primaryimage\"},\"thumbnailUrl\":\"https:\/\/jinsuncarbon.com\/wp-content\/uploads\/2025\/01\/Soderbergh-electrode-paste.jpg\",\"datePublished\":\"2025-01-12T13:56:18+00:00\",\"dateModified\":\"2025-04-06T11:14:39+00:00\",\"breadcrumb\":{\"@id\":\"https:\/\/jinsuncarbon.com\/product\/soderbergh-electrode-paste\/#breadcrumb\"},\"inLanguage\":\"es\",\"potentialAction\":[{\"@type\":\"ReadAction\",\"target\":[\"https:\/\/jinsuncarbon.com\/product\/soderbergh-electrode-paste\/\"]}]},{\"@type\":\"ImageObject\",\"inLanguage\":\"es\",\"@id\":\"https:\/\/jinsuncarbon.com\/product\/soderbergh-electrode-paste\/#primaryimage\",\"url\":\"https:\/\/jinsuncarbon.com\/wp-content\/uploads\/2025\/01\/Soderbergh-electrode-paste.jpg\",\"contentUrl\":\"https:\/\/jinsuncarbon.com\/wp-content\/uploads\/2025\/01\/Soderbergh-electrode-paste.jpg\",\"width\":1024,\"height\":763,\"caption\":\"Soderbergh electrode paste\"},{\"@type\":\"BreadcrumbList\",\"@id\":\"https:\/\/jinsuncarbon.com\/product\/soderbergh-electrode-paste\/#breadcrumb\",\"itemListElement\":[{\"@type\":\"ListItem\",\"position\":1,\"name\":\"Home\",\"item\":\"https:\/\/jinsuncarbon.com\/\"},{\"@type\":\"ListItem\",\"position\":2,\"name\":\"Products\",\"item\":\"https:\/\/jinsuncarbon.com\/graphite-carbon\/\"},{\"@type\":\"ListItem\",\"position\":3,\"name\":\"Soderberg Electrode Paste\"}]},{\"@type\":\"WebSite\",\"@id\":\"https:\/\/jinsuncarbon.com\/#website\",\"url\":\"https:\/\/jinsuncarbon.com\/\",\"name\":\"Jinsun Carbon\",\"description\":\"We are the successful graphite electrode manufacturer in China\",\"publisher\":{\"@id\":\"https:\/\/jinsuncarbon.com\/#organization\"},\"potentialAction\":[{\"@type\":\"SearchAction\",\"target\":{\"@type\":\"EntryPoint\",\"urlTemplate\":\"https:\/\/jinsuncarbon.com\/?s={search_term_string}\"},\"query-input\":{\"@type\":\"PropertyValueSpecification\",\"valueRequired\":true,\"valueName\":\"search_term_string\"}}],\"inLanguage\":\"es\"},{\"@type\":\"Organization\",\"@id\":\"https:\/\/jinsuncarbon.com\/#organization\",\"name\":\"Jinsun Carbon\",\"alternateName\":\"Jinsun Carbon\",\"url\":\"https:\/\/jinsuncarbon.com\/\",\"logo\":{\"@type\":\"ImageObject\",\"inLanguage\":\"es\",\"@id\":\"https:\/\/jinsuncarbon.com\/#\/schema\/logo\/image\/\",\"url\":\"https:\/\/jinsuncarbon.com\/wp-content\/uploads\/2022\/12\/LOGO-1.png\",\"contentUrl\":\"https:\/\/jinsuncarbon.com\/wp-content\/uploads\/2022\/12\/LOGO-1.png\",\"width\":207,\"height\":80,\"caption\":\"Jinsun Carbon\"},\"image\":{\"@id\":\"https:\/\/jinsuncarbon.com\/#\/schema\/logo\/image\/\"},\"sameAs\":[\"https:\/\/www.facebook.com\/Graphite-Electrode-109336238661595\",\"https:\/\/x.com\/jinsuncarbon_\",\"https:\/\/www.linkedin.com\/in\/jinsungraphite\",\"https:\/\/www.youtube.com\/channel\/UCysDNyvyR5-3cCWEmpkVC0g\"]}]}<\/script>\n<!-- \/ Yoast SEO Premium plugin. -->","yoast_head_json":{"title":"Fabricante de pasta de electrodos Soderberg en China","robots":{"index":"index","follow":"follow","max-snippet":"max-snippet:-1","max-image-preview":"max-image-preview:large","max-video-preview":"max-video-preview:-1"},"canonical":"https:\/\/jinsuncarbon.com\/es\/producto\/pasta-de-electrodos-soderbergh\/","og_locale":"es_MX","og_type":"article","og_title":"Soderberg Electrode Paste","og_description":"Soderbergh electrode paste is a special paste specially used for Soderbergh electrode. It is made by mixing a variety of selected raw materials in a specific proportion. And with its unique physical and chemical properties, it plays a key role in many industrial production scenarios. And it is an industrial material with excellent performance and reliability.  &nbsp;","og_url":"https:\/\/jinsuncarbon.com\/es\/producto\/pasta-de-electrodos-soderbergh\/","og_site_name":"Jinsun Carbon","article_publisher":"https:\/\/www.facebook.com\/Graphite-Electrode-109336238661595","article_modified_time":"2025-04-06T11:14:39+00:00","og_image":[{"width":1024,"height":763,"url":"https:\/\/jinsuncarbon.com\/wp-content\/uploads\/2025\/01\/Soderbergh-electrode-paste.jpg","type":"image\/jpeg"}],"twitter_card":"summary_large_image","twitter_site":"@jinsuncarbon_","twitter_misc":{"Tiempo de lectura":"3 minutos"},"schema":{"@context":"https:\/\/schema.org","@graph":[{"@type":"WebPage","@id":"https:\/\/jinsuncarbon.com\/product\/soderbergh-electrode-paste\/","url":"https:\/\/jinsuncarbon.com\/product\/soderbergh-electrode-paste\/","name":"Fabricante de pasta de electrodos Soderberg en China","isPartOf":{"@id":"https:\/\/jinsuncarbon.com\/#website"},"primaryImageOfPage":{"@id":"https:\/\/jinsuncarbon.com\/product\/soderbergh-electrode-paste\/#primaryimage"},"image":{"@id":"https:\/\/jinsuncarbon.com\/product\/soderbergh-electrode-paste\/#primaryimage"},"thumbnailUrl":"https:\/\/jinsuncarbon.com\/wp-content\/uploads\/2025\/01\/Soderbergh-electrode-paste.jpg","datePublished":"2025-01-12T13:56:18+00:00","dateModified":"2025-04-06T11:14:39+00:00","breadcrumb":{"@id":"https:\/\/jinsuncarbon.com\/product\/soderbergh-electrode-paste\/#breadcrumb"},"inLanguage":"es","potentialAction":[{"@type":"ReadAction","target":["https:\/\/jinsuncarbon.com\/product\/soderbergh-electrode-paste\/"]}]},{"@type":"ImageObject","inLanguage":"es","@id":"https:\/\/jinsuncarbon.com\/product\/soderbergh-electrode-paste\/#primaryimage","url":"https:\/\/jinsuncarbon.com\/wp-content\/uploads\/2025\/01\/Soderbergh-electrode-paste.jpg","contentUrl":"https:\/\/jinsuncarbon.com\/wp-content\/uploads\/2025\/01\/Soderbergh-electrode-paste.jpg","width":1024,"height":763,"caption":"Soderbergh electrode paste"},{"@type":"BreadcrumbList","@id":"https:\/\/jinsuncarbon.com\/product\/soderbergh-electrode-paste\/#breadcrumb","itemListElement":[{"@type":"ListItem","position":1,"name":"Home","item":"https:\/\/jinsuncarbon.com\/"},{"@type":"ListItem","position":2,"name":"Products","item":"https:\/\/jinsuncarbon.com\/graphite-carbon\/"},{"@type":"ListItem","position":3,"name":"Soderberg Electrode Paste"}]},{"@type":"WebSite","@id":"https:\/\/jinsuncarbon.com\/#website","url":"https:\/\/jinsuncarbon.com\/","name":"Jinsun Carbon","description":"Somos el fabricante de electrodos de grafito con m\u00e1s \u00e9xito de China","publisher":{"@id":"https:\/\/jinsuncarbon.com\/#organization"},"potentialAction":[{"@type":"SearchAction","target":{"@type":"EntryPoint","urlTemplate":"https:\/\/jinsuncarbon.com\/?s={search_term_string}"},"query-input":{"@type":"PropertyValueSpecification","valueRequired":true,"valueName":"search_term_string"}}],"inLanguage":"es"},{"@type":"Organization","@id":"https:\/\/jinsuncarbon.com\/#organization","name":"Jinsun Carbon","alternateName":"Jinsun Carbon","url":"https:\/\/jinsuncarbon.com\/","logo":{"@type":"ImageObject","inLanguage":"es","@id":"https:\/\/jinsuncarbon.com\/#\/schema\/logo\/image\/","url":"https:\/\/jinsuncarbon.com\/wp-content\/uploads\/2022\/12\/LOGO-1.png","contentUrl":"https:\/\/jinsuncarbon.com\/wp-content\/uploads\/2022\/12\/LOGO-1.png","width":207,"height":80,"caption":"Jinsun Carbon"},"image":{"@id":"https:\/\/jinsuncarbon.com\/#\/schema\/logo\/image\/"},"sameAs":["https:\/\/www.facebook.com\/Graphite-Electrode-109336238661595","https:\/\/x.com\/jinsuncarbon_","https:\/\/www.linkedin.com\/in\/jinsungraphite","https:\/\/www.youtube.com\/channel\/UCysDNyvyR5-3cCWEmpkVC0g"]}]}},"_links":{"self":[{"href":"https:\/\/jinsuncarbon.com\/es\/wp-json\/wp\/v2\/product\/7316","targetHints":{"allow":["GET"]}}],"collection":[{"href":"https:\/\/jinsuncarbon.com\/es\/wp-json\/wp\/v2\/product"}],"about":[{"href":"https:\/\/jinsuncarbon.com\/es\/wp-json\/wp\/v2\/types\/product"}],"wp:featuredmedia":[{"embeddable":true,"href":"https:\/\/jinsuncarbon.com\/es\/wp-json\/wp\/v2\/media\/7317"}],"wp:attachment":[{"href":"https:\/\/jinsuncarbon.com\/es\/wp-json\/wp\/v2\/media?parent=7316"}],"wp:term":[{"taxonomy":"product_brand","embeddable":true,"href":"https:\/\/jinsuncarbon.com\/es\/wp-json\/wp\/v2\/product_brand?post=7316"},{"taxonomy":"product_cat","embeddable":true,"href":"https:\/\/jinsuncarbon.com\/es\/wp-json\/wp\/v2\/product_cat?post=7316"},{"taxonomy":"product_tag","embeddable":true,"href":"https:\/\/jinsuncarbon.com\/es\/wp-json\/wp\/v2\/product_tag?post=7316"}],"curies":[{"name":"wp","href":"https:\/\/api.w.org\/{rel}","templated":true}]}}