{"id":7262,"date":"2025-01-09T01:32:34","date_gmt":"2025-01-09T01:32:34","guid":{"rendered":"https:\/\/jinsuncarbon.com\/?post_type=product&#038;p=7262"},"modified":"2025-01-09T01:33:11","modified_gmt":"2025-01-09T01:33:11","slug":"molde-de-grafito-para-monedas","status":"publish","type":"product","link":"https:\/\/jinsuncarbon.com\/es\/producto\/molde-de-grafito-para-monedas\/","title":{"rendered":"Molde de grafito para monedas"},"content":{"rendered":"<h2>Molde de grafito para fundici\u00f3n de metales<\/h2>\n<p><strong><b>Alta conductividad t\u00e9rmica<\/b><\/strong><\/p>\n<p>Los moldes de grafito poseen una alta conductividad t\u00e9rmica. El molde de monedas distribuye uniformemente la temperatura de fundici\u00f3n, reduciendo los defectos del producto y generando moldes de monedas de grafito de alta calidad.<\/p>\n<p><strong><b>Excelente resistencia a altas temperaturas<\/b><\/strong><\/p>\n<p>Este molde puede mantener la estabilidad en un estado de alta temperatura. Durante la alta temperatura en el proceso de fundici\u00f3n, mantiene la estabilidad del producto para producir monedas de grafito.<\/p>\n<p><strong><b>Procesado de alta precisi\u00f3n<\/b><\/strong><\/p>\n<p>Los moldes de grafito pueden soportar formas geom\u00e9tricas complicadas y detalles de gran precisi\u00f3n. Por este motivo, este molde es muy adecuado para reproducir patrones complejos y fabricar monedas.<\/p>\n<p><strong><b>Anticorrosi\u00f3n<\/b><\/strong><\/p>\n<p>El material de grafito de este troquel es muy resistente al ataque qu\u00edmico de la mayor\u00eda de los metales fundidos. El material de grafito puede prolongar la vida \u00fatil del troquel para monedas.<\/p>\n<p><strong><b>Reproducibilidad<\/b><\/strong><\/p>\n<p>Los fabricantes pueden reutilizar este troquel para m\u00faltiples ciclos de acu\u00f1aci\u00f3n de producci\u00f3n. Si se cuida y limpia a largo plazo, este troquel producir\u00e1 monedas de alta calidad con el paso del tiempo.<\/p>\n<h2>Tipos de moldes<\/h2>\n<h2><strong style=\"font-size: 16px;\"><b>Tipos de molde para monedas<\/b><\/strong><\/h2>\n<p>En general, los moldes para monedas est\u00e1n hechos de grafito, acero, silicona, lat\u00f3n, aluminio, imanes, plata, etc. Los fabricantes utilizan moldes de grafito y acero para producir monedas a gran escala. Por la alta temperatura en el proceso de trabajo, los moldes de cer\u00e1mica pueden fundir monedas con dise\u00f1os complejos. Los fabricantes pueden utilizar moldes de silicona, lat\u00f3n y aluminio en prototipos o aplicaciones de baja temperatura. Los moldes para monedas de plata requieren atenci\u00f3n en la precisi\u00f3n en sus productos de dise\u00f1o y estabilidad t\u00e9rmica durante <a href=\"https:\/\/en.wikipedia.org\/wiki\/Casting\" target=\"_blank\" rel=\"noopener\">fundici\u00f3n<\/a>.<\/p>\n<p><strong><b>Tipos de moldes de grafito para monedas<\/b><\/strong><\/p>\n<p>Los fabricantes clasifican los moldes de grafito para monedas en moldes de una cara, moldes de dos caras, moldes de resistencia, moldes personalizados, moldes insertados y moldes divididos. Bas\u00e1ndose en la diferencia de dise\u00f1o y uso, existen estas clases de clasificaci\u00f3n de tipos de moldes<\/p>\n<h2>C\u00f3mo moldear monedas de grafito\uff1f<\/h2>\n<h2><strong style=\"font-size: 16px;\"><b>Selecci\u00f3n de materiales<\/b><\/strong><\/h2>\n<p>Los productores deben cribar los materiales de grafito para producir buenos moldes de grafito. Hay que seleccionar grafito de gran pureza y granulado. Utilizar grafito de buena calidad aumenta la calidad del producto y garantiza monedas de gran precisi\u00f3n.<\/p>\n<p><strong><b>Dise\u00f1o de moldes<\/b><\/strong><\/p>\n<p>Dise\u00f1e los detalles de las monedas utilizando CAD, es decir, dise\u00f1o asistido por ordenador. Con ayuda del dise\u00f1o por ordenador, utilice el software de fabricaci\u00f3n asistida por ordenador CAM para construir utillajes mediante el mecanizado por control num\u00e9rico computerizado.<\/p>\n<p><strong><b>Tratamiento del moho<\/b><\/strong><\/p>\n<p>A continuaci\u00f3n, los productores montan el bloque de grafito en la fresadora CNC y graban el patr\u00f3n de la moneda en la superficie de grafito con la herramienta de grabado. A continuaci\u00f3n, pulen el molde con papel de lija para obtener una superficie de grafito lisa.<\/p>\n<p><strong><b>Pruebas de moho<\/b><\/strong><\/p>\n<p>Para garantizar la producci\u00f3n de moldes de alta calidad, los t\u00e9cnicos tendr\u00e1n que probar y comprobar el resultado. Despu\u00e9s, prueban la fundici\u00f3n del molde para producir las monedas de muestra necesarias. Adem\u00e1s, los t\u00e9cnicos comprueban la precisi\u00f3n del dise\u00f1o y la consistencia del tama\u00f1o de las monedas producidas.<\/p>\n<p><strong><b>Producci\u00f3n de moldes<\/b><\/strong><\/p>\n<p>Una vez finalizado el proceso de producci\u00f3n, utilizamos el <a href=\"https:\/\/jinsuncarbon.com\/es\/producto\/molde-de-grafito\/\">molde de grafito<\/a> para hacer monedas. Primero se vierte el metal fundido en el molde. A continuaci\u00f3n, utilizamos alta presi\u00f3n para ablandar la pieza de metal y poder presionarla contra el molde.<\/p>\n<h2>Aplicaci\u00f3n del molde de grafito para monedas<\/h2>\n<p><strong><b>Acu\u00f1aci\u00f3n de monedas<\/b><\/strong><\/p>\n<p>Los troqueles de grafito est\u00e1n dise\u00f1ados para fabricar monedas de metal. Con este troquel se pueden hacer grabados finos en las monedas.<\/p>\n<p><strong><b>Fabricaci\u00f3n de la moneda conmemorativa<\/b><\/strong><\/p>\n<p>Los fabricantes pueden utilizar moldes de grafito para crear monedas y medallas conmemorativas. Ser\u00e1 dif\u00edcil generar patrones complejos en una moneda o medalla conmemorativa con precisi\u00f3n; este molde hace el trabajo a la perfecci\u00f3n.<\/p>\n<p><strong><b>Fabricaci\u00f3n de monedas personalizadas<\/b><\/strong><\/p>\n<p>Los troqueles personalizados para satisfacer los requisitos del cliente pueden llevar incluso dise\u00f1os complejos. Puede personalizar las monedas de organizaciones privadas utilizando troqueles de grafito.<\/p>\n<h3>Moldes de grafito para fundici\u00f3n de metales<\/h3>\n<p>Puede utilizar moldes de grafito para acu\u00f1ar monedas de metales con puntos de fusi\u00f3n elevados. Esto se debe a que la estabilidad t\u00e9rmica de <a href=\"https:\/\/jinsuncarbon.com\/es\/que-es-el-grafito-y-de-que-esta-hecho\/\">grafito<\/a> garantiza que a altas temperaturas se consigan monedas de buena calidad.<\/p>\n<p>&nbsp;<\/p>\n<h2>\u00bfPor qu\u00e9 elegir nuestro molde de grafito para monedas?<\/h2>\n<p>Fabricamos nuestros moldes de grafito para monedas utilizando grafito de gran pureza. Las monedas producidas pueden ser de buena calidad y tener una vida \u00fatil m\u00e1s larga con una excelente estabilidad t\u00e9rmica y resistencia a la corrosi\u00f3n. Los moldes de grafito para monedas producidos por nuestra empresa tambi\u00e9n son resistentes a las altas temperaturas, por lo que pueden utilizarse en la fundici\u00f3n de materiales de metales preciosos, como <a href=\"https:\/\/en.wikipedia.org\/wiki\/Silver\" target=\"_blank\" rel=\"noopener\">plata<\/a> y monedas de oro. Dise\u00f1aremos moldes para monedas de grafito de alta calidad de acuerdo con la forma, el tama\u00f1o y los requisitos de dise\u00f1o espec\u00edficos de los clientes. Nuestros moldes para monedas de grafito personalizados son capaces de procesar con alta precisi\u00f3n, complejidad y un tratamiento perfecto de la superficie. En la fundici\u00f3n de monedas conmemorativas, monedas de colecci\u00f3n y monedas de circulaci\u00f3n, el molde es su mejor opci\u00f3n.<\/p>\n<p>&nbsp;<\/p>\n<p class=\"ql-align-justify\">","protected":false},"excerpt":{"rendered":"<p>Los moldes de grafito para monedas son herramientas esenciales para fabricar monedas de alta calidad y monedas conmemorativas. Este molde est\u00e1 fabricado con grafito de gran pureza. El molde de grafito ofrece una buena estabilidad t\u00e9rmica y resistencia a altas temperaturas. Satisface las demandas de patrones y dise\u00f1os complejos para monedas personalizadas y monedas conmemorativas. Este molde produce productos de excelente calidad y precisi\u00f3n.<\/p>","protected":false},"featured_media":7278,"template":"","meta":[],"product_brand":[],"product_cat":[38],"product_tag":[],"class_list":{"0":"post-7262","1":"product","2":"type-product","3":"status-publish","4":"has-post-thumbnail","6":"product_cat-graphite-products","8":"first","9":"instock","10":"shipping-taxable","11":"product-type-simple"},"yoast_head":"<!-- This site is optimized with the Yoast SEO Premium plugin v19.2.1 (Yoast SEO v25.3) - https:\/\/yoast.com\/wordpress\/plugins\/seo\/ -->\n<title>Graphite Coin Mold Manufacturer in China | Jinsun Carbon<\/title>\n<meta name=\"description\" content=\"Graphite coin mold manufacture \/ supplier, for metal casting, glass, copper, gold, silver, jewelry. Custom graphite coin mold for metal casting needs.\" \/>\n<meta name=\"robots\" content=\"index, follow, max-snippet:-1, max-image-preview:large, max-video-preview:-1\" \/>\n<link rel=\"canonical\" href=\"https:\/\/jinsuncarbon.com\/es\/producto\/molde-de-grafito-para-monedas\/\" \/>\n<meta property=\"og:locale\" content=\"es_MX\" \/>\n<meta property=\"og:type\" content=\"article\" \/>\n<meta property=\"og:title\" content=\"Graphite Coin Mold\" \/>\n<meta property=\"og:description\" content=\"Graphite coin mold manufacture \/ supplier, for metal casting, glass, copper, gold, silver, jewelry. Custom graphite coin mold for metal casting needs.\" \/>\n<meta property=\"og:url\" content=\"https:\/\/jinsuncarbon.com\/es\/producto\/molde-de-grafito-para-monedas\/\" \/>\n<meta property=\"og:site_name\" content=\"Jinsun Carbon\" \/>\n<meta property=\"article:publisher\" content=\"https:\/\/www.facebook.com\/Graphite-Electrode-109336238661595\" \/>\n<meta property=\"article:modified_time\" content=\"2025-01-09T01:33:11+00:00\" \/>\n<meta property=\"og:image\" content=\"https:\/\/jinsuncarbon.com\/wp-content\/uploads\/2025\/01\/Graphite-Coin-Mold.jpg\" \/>\n\t<meta property=\"og:image:width\" content=\"1024\" \/>\n\t<meta property=\"og:image:height\" content=\"763\" \/>\n\t<meta property=\"og:image:type\" content=\"image\/jpeg\" \/>\n<meta name=\"twitter:card\" content=\"summary_large_image\" \/>\n<meta name=\"twitter:site\" content=\"@jinsuncarbon_\" \/>\n<meta name=\"twitter:label1\" content=\"Tiempo de lectura\" \/>\n\t<meta name=\"twitter:data1\" content=\"4 minutos\" \/>\n<script type=\"application\/ld+json\" class=\"yoast-schema-graph\">{\"@context\":\"https:\/\/schema.org\",\"@graph\":[{\"@type\":\"WebPage\",\"@id\":\"https:\/\/jinsuncarbon.com\/product\/graphite-coin-mold\/\",\"url\":\"https:\/\/jinsuncarbon.com\/product\/graphite-coin-mold\/\",\"name\":\"Graphite Coin Mold Manufacturer in China | Jinsun Carbon\",\"isPartOf\":{\"@id\":\"https:\/\/jinsuncarbon.com\/#website\"},\"primaryImageOfPage\":{\"@id\":\"https:\/\/jinsuncarbon.com\/product\/graphite-coin-mold\/#primaryimage\"},\"image\":{\"@id\":\"https:\/\/jinsuncarbon.com\/product\/graphite-coin-mold\/#primaryimage\"},\"thumbnailUrl\":\"https:\/\/jinsuncarbon.com\/wp-content\/uploads\/2025\/01\/Graphite-Coin-Mold.jpg\",\"datePublished\":\"2025-01-09T01:32:34+00:00\",\"dateModified\":\"2025-01-09T01:33:11+00:00\",\"description\":\"Graphite coin mold manufacture \/ supplier, for metal casting, glass, copper, gold, silver, jewelry. Custom graphite coin mold for metal casting needs.\",\"breadcrumb\":{\"@id\":\"https:\/\/jinsuncarbon.com\/product\/graphite-coin-mold\/#breadcrumb\"},\"inLanguage\":\"es\",\"potentialAction\":[{\"@type\":\"ReadAction\",\"target\":[\"https:\/\/jinsuncarbon.com\/product\/graphite-coin-mold\/\"]}]},{\"@type\":\"ImageObject\",\"inLanguage\":\"es\",\"@id\":\"https:\/\/jinsuncarbon.com\/product\/graphite-coin-mold\/#primaryimage\",\"url\":\"https:\/\/jinsuncarbon.com\/wp-content\/uploads\/2025\/01\/Graphite-Coin-Mold.jpg\",\"contentUrl\":\"https:\/\/jinsuncarbon.com\/wp-content\/uploads\/2025\/01\/Graphite-Coin-Mold.jpg\",\"width\":1024,\"height\":763,\"caption\":\"Graphite Coin Mold\"},{\"@type\":\"BreadcrumbList\",\"@id\":\"https:\/\/jinsuncarbon.com\/product\/graphite-coin-mold\/#breadcrumb\",\"itemListElement\":[{\"@type\":\"ListItem\",\"position\":1,\"name\":\"Home\",\"item\":\"https:\/\/jinsuncarbon.com\/\"},{\"@type\":\"ListItem\",\"position\":2,\"name\":\"Products\",\"item\":\"https:\/\/jinsuncarbon.com\/graphite-carbon\/\"},{\"@type\":\"ListItem\",\"position\":3,\"name\":\"Graphite Coin Mold\"}]},{\"@type\":\"WebSite\",\"@id\":\"https:\/\/jinsuncarbon.com\/#website\",\"url\":\"https:\/\/jinsuncarbon.com\/\",\"name\":\"Jinsun Carbon\",\"description\":\"We are the successful graphite electrode manufacturer in China\",\"publisher\":{\"@id\":\"https:\/\/jinsuncarbon.com\/#organization\"},\"potentialAction\":[{\"@type\":\"SearchAction\",\"target\":{\"@type\":\"EntryPoint\",\"urlTemplate\":\"https:\/\/jinsuncarbon.com\/?s={search_term_string}\"},\"query-input\":{\"@type\":\"PropertyValueSpecification\",\"valueRequired\":true,\"valueName\":\"search_term_string\"}}],\"inLanguage\":\"es\"},{\"@type\":\"Organization\",\"@id\":\"https:\/\/jinsuncarbon.com\/#organization\",\"name\":\"Jinsun Carbon\",\"alternateName\":\"Jinsun Carbon\",\"url\":\"https:\/\/jinsuncarbon.com\/\",\"logo\":{\"@type\":\"ImageObject\",\"inLanguage\":\"es\",\"@id\":\"https:\/\/jinsuncarbon.com\/#\/schema\/logo\/image\/\",\"url\":\"https:\/\/jinsuncarbon.com\/wp-content\/uploads\/2022\/12\/LOGO-1.png\",\"contentUrl\":\"https:\/\/jinsuncarbon.com\/wp-content\/uploads\/2022\/12\/LOGO-1.png\",\"width\":207,\"height\":80,\"caption\":\"Jinsun Carbon\"},\"image\":{\"@id\":\"https:\/\/jinsuncarbon.com\/#\/schema\/logo\/image\/\"},\"sameAs\":[\"https:\/\/www.facebook.com\/Graphite-Electrode-109336238661595\",\"https:\/\/x.com\/jinsuncarbon_\",\"https:\/\/www.linkedin.com\/in\/jinsungraphite\",\"https:\/\/www.youtube.com\/channel\/UCysDNyvyR5-3cCWEmpkVC0g\"]}]}<\/script>\n<!-- \/ Yoast SEO Premium plugin. -->","yoast_head_json":{"title":"Fabricante de moldes de grafito para monedas en China | Jinsun Carbon","description":"Grafito molde de la moneda fabricaci\u00f3n \/ proveedor, para la fundici\u00f3n de metales, vidrio, cobre, oro, plata, joyer\u00eda. Molde de la moneda de grafito de encargo para las necesidades de fundici\u00f3n de metales.","robots":{"index":"index","follow":"follow","max-snippet":"max-snippet:-1","max-image-preview":"max-image-preview:large","max-video-preview":"max-video-preview:-1"},"canonical":"https:\/\/jinsuncarbon.com\/es\/producto\/molde-de-grafito-para-monedas\/","og_locale":"es_MX","og_type":"article","og_title":"Graphite Coin Mold","og_description":"Graphite coin mold manufacture \/ supplier, for metal casting, glass, copper, gold, silver, jewelry. Custom graphite coin mold for metal casting needs.","og_url":"https:\/\/jinsuncarbon.com\/es\/producto\/molde-de-grafito-para-monedas\/","og_site_name":"Jinsun Carbon","article_publisher":"https:\/\/www.facebook.com\/Graphite-Electrode-109336238661595","article_modified_time":"2025-01-09T01:33:11+00:00","og_image":[{"width":1024,"height":763,"url":"https:\/\/jinsuncarbon.com\/wp-content\/uploads\/2025\/01\/Graphite-Coin-Mold.jpg","type":"image\/jpeg"}],"twitter_card":"summary_large_image","twitter_site":"@jinsuncarbon_","twitter_misc":{"Tiempo de lectura":"4 minutos"},"schema":{"@context":"https:\/\/schema.org","@graph":[{"@type":"WebPage","@id":"https:\/\/jinsuncarbon.com\/product\/graphite-coin-mold\/","url":"https:\/\/jinsuncarbon.com\/product\/graphite-coin-mold\/","name":"Fabricante de moldes de grafito para monedas en China | Jinsun Carbon","isPartOf":{"@id":"https:\/\/jinsuncarbon.com\/#website"},"primaryImageOfPage":{"@id":"https:\/\/jinsuncarbon.com\/product\/graphite-coin-mold\/#primaryimage"},"image":{"@id":"https:\/\/jinsuncarbon.com\/product\/graphite-coin-mold\/#primaryimage"},"thumbnailUrl":"https:\/\/jinsuncarbon.com\/wp-content\/uploads\/2025\/01\/Graphite-Coin-Mold.jpg","datePublished":"2025-01-09T01:32:34+00:00","dateModified":"2025-01-09T01:33:11+00:00","description":"Grafito molde de la moneda fabricaci\u00f3n \/ proveedor, para la fundici\u00f3n de metales, vidrio, cobre, oro, plata, joyer\u00eda. Molde de la moneda de grafito de encargo para las necesidades de fundici\u00f3n de metales.","breadcrumb":{"@id":"https:\/\/jinsuncarbon.com\/product\/graphite-coin-mold\/#breadcrumb"},"inLanguage":"es","potentialAction":[{"@type":"ReadAction","target":["https:\/\/jinsuncarbon.com\/product\/graphite-coin-mold\/"]}]},{"@type":"ImageObject","inLanguage":"es","@id":"https:\/\/jinsuncarbon.com\/product\/graphite-coin-mold\/#primaryimage","url":"https:\/\/jinsuncarbon.com\/wp-content\/uploads\/2025\/01\/Graphite-Coin-Mold.jpg","contentUrl":"https:\/\/jinsuncarbon.com\/wp-content\/uploads\/2025\/01\/Graphite-Coin-Mold.jpg","width":1024,"height":763,"caption":"Graphite Coin Mold"},{"@type":"BreadcrumbList","@id":"https:\/\/jinsuncarbon.com\/product\/graphite-coin-mold\/#breadcrumb","itemListElement":[{"@type":"ListItem","position":1,"name":"Home","item":"https:\/\/jinsuncarbon.com\/"},{"@type":"ListItem","position":2,"name":"Products","item":"https:\/\/jinsuncarbon.com\/graphite-carbon\/"},{"@type":"ListItem","position":3,"name":"Graphite Coin Mold"}]},{"@type":"WebSite","@id":"https:\/\/jinsuncarbon.com\/#website","url":"https:\/\/jinsuncarbon.com\/","name":"Jinsun Carbon","description":"Somos el fabricante de electrodos de grafito con m\u00e1s \u00e9xito de China","publisher":{"@id":"https:\/\/jinsuncarbon.com\/#organization"},"potentialAction":[{"@type":"SearchAction","target":{"@type":"EntryPoint","urlTemplate":"https:\/\/jinsuncarbon.com\/?s={search_term_string}"},"query-input":{"@type":"PropertyValueSpecification","valueRequired":true,"valueName":"search_term_string"}}],"inLanguage":"es"},{"@type":"Organization","@id":"https:\/\/jinsuncarbon.com\/#organization","name":"Jinsun Carbon","alternateName":"Jinsun Carbon","url":"https:\/\/jinsuncarbon.com\/","logo":{"@type":"ImageObject","inLanguage":"es","@id":"https:\/\/jinsuncarbon.com\/#\/schema\/logo\/image\/","url":"https:\/\/jinsuncarbon.com\/wp-content\/uploads\/2022\/12\/LOGO-1.png","contentUrl":"https:\/\/jinsuncarbon.com\/wp-content\/uploads\/2022\/12\/LOGO-1.png","width":207,"height":80,"caption":"Jinsun Carbon"},"image":{"@id":"https:\/\/jinsuncarbon.com\/#\/schema\/logo\/image\/"},"sameAs":["https:\/\/www.facebook.com\/Graphite-Electrode-109336238661595","https:\/\/x.com\/jinsuncarbon_","https:\/\/www.linkedin.com\/in\/jinsungraphite","https:\/\/www.youtube.com\/channel\/UCysDNyvyR5-3cCWEmpkVC0g"]}]}},"_links":{"self":[{"href":"https:\/\/jinsuncarbon.com\/es\/wp-json\/wp\/v2\/product\/7262","targetHints":{"allow":["GET"]}}],"collection":[{"href":"https:\/\/jinsuncarbon.com\/es\/wp-json\/wp\/v2\/product"}],"about":[{"href":"https:\/\/jinsuncarbon.com\/es\/wp-json\/wp\/v2\/types\/product"}],"wp:featuredmedia":[{"embeddable":true,"href":"https:\/\/jinsuncarbon.com\/es\/wp-json\/wp\/v2\/media\/7278"}],"wp:attachment":[{"href":"https:\/\/jinsuncarbon.com\/es\/wp-json\/wp\/v2\/media?parent=7262"}],"wp:term":[{"taxonomy":"product_brand","embeddable":true,"href":"https:\/\/jinsuncarbon.com\/es\/wp-json\/wp\/v2\/product_brand?post=7262"},{"taxonomy":"product_cat","embeddable":true,"href":"https:\/\/jinsuncarbon.com\/es\/wp-json\/wp\/v2\/product_cat?post=7262"},{"taxonomy":"product_tag","embeddable":true,"href":"https:\/\/jinsuncarbon.com\/es\/wp-json\/wp\/v2\/product_tag?post=7262"}],"curies":[{"name":"wp","href":"https:\/\/api.w.org\/{rel}","templated":true}]}}