{"id":7038,"date":"2024-12-16T10:58:56","date_gmt":"2024-12-16T10:58:56","guid":{"rendered":"https:\/\/jinsuncarbon.com\/?post_type=product&#038;p=7038"},"modified":"2024-12-16T22:19:43","modified_gmt":"2024-12-16T22:19:43","slug":"coque-metalurgico-de-baja-ceniza","status":"publish","type":"product","link":"https:\/\/jinsuncarbon.com\/es\/producto\/coque-metalurgico-de-baja-ceniza\/","title":{"rendered":"Coque metal\u00fargico de bajo contenido en cenizas"},"content":{"rendered":"<h2>Ventajas del coque metal\u00fargico con bajo contenido en cenizas<\/h2>\n<p>La ventaja del coque metal\u00fargico bajo en cenizas es muy significativa.<\/p>\n<p><strong><b>Alto contenido de carbono fijo<\/b><\/strong><\/p>\n<p>Puede liberar de forma continua y estable calor a alta temperatura, proporcionar energ\u00eda suficiente para la fundici\u00f3n metal\u00fargica. Y asegurar el proceso de fundici\u00f3n eficiente.<\/p>\n<p>&nbsp;<\/p>\n<p><strong><b>Bajo contenido en cenizas<\/b><\/strong><\/p>\n<p>Reduce eficazmente la introducci\u00f3n de impurezas, reduce la cantidad de generaci\u00f3n de escoria. Ayuda a mejorar la pureza y la recuperaci\u00f3n del metal.<\/p>\n<p>&nbsp;<\/p>\n<p><strong><b>Bajo contenido en azufre<\/b><\/strong><\/p>\n<p>En el proceso de fundici\u00f3n de la contaminaci\u00f3n del metal es peque\u00f1o, puede mejorar eficazmente la calidad del producto.<\/p>\n<p>&nbsp;<\/p>\n<p><strong><b>Alta resistencia mec\u00e1nica<\/b><\/strong><\/p>\n<p>No es f\u00e1cil de romper durante el transporte, la carga y descarga y la reacci\u00f3n en el horno, garantizando la permeabilidad y la reactividad del coque. Hace que la reacci\u00f3n metal\u00fargica sea m\u00e1s adecuada y estable.<\/p>\n<p>&nbsp;<\/p>\n<p><strong><b>Estructura de poros desarrollada<\/b><\/strong><\/p>\n<p>Aumenta la superficie de contacto con el ox\u00edgeno y el mineral. Se acelera la velocidad de reacci\u00f3n REDOX y se mejora la eficiencia de la fundici\u00f3n.<\/p>\n<p><strong><b>\u00a0<\/b><\/strong><\/p>\n<h2>Tipos de coque metal\u00fargico con bajo contenido en cenizas<\/h2>\n<p><strong><b>Coque de acero<\/b><\/strong><\/p>\n<p>Puede utilizarse principalmente en el proceso de fabricaci\u00f3n de hierro en altos hornos, que requiere que el coque tenga una alta reactividad y resistencia al choque t\u00e9rmico. Puede reducir r\u00e1pidamente el mineral de hierro a metal caliente y garantizar el avance del alto horno. El control de <a href=\"https:\/\/en.wikipedia.org\/wiki\/Sulfur\" target=\"_blank\" rel=\"noopener\">azufre<\/a>, f\u00f3sforo y otras impurezas es m\u00e1s estricto para garantizar la calidad del acero en el proceso de fabricaci\u00f3n.<\/p>\n<p><strong><b>\u00a0<\/b><\/strong><\/p>\n<p><strong><b>Coque de fundici\u00f3n<\/b><\/strong><\/p>\n<p>En el cubilote utilizado en la industria de la fundici\u00f3n, el coque debe tener buena grumosidad, resistencia y baja porosidad. Esto garantiza que el calor pueda suministrarse de forma estable durante el proceso de fundici\u00f3n del hierro, mantener la temperatura y la composici\u00f3n del metal caliente. Y el <a href=\"https:\/\/jinsuncarbon.com\/es\/producto\/coque-de-fundicion\/\">coque de fundici\u00f3n<\/a> hace que las piezas fundidas tengan mayor calidad, mejor acabado superficial y menos defectos internos.<\/p>\n<p><strong><b>\u00a0<\/b><\/strong><\/p>\n<h2>Usos del coque metal\u00fargico de baja ceniza<\/h2>\n<p><strong><b>Industria sider\u00fargica<\/b><\/strong><\/p>\n<p>En la fabricaci\u00f3n de hierro en altos hornos, el coque metal\u00fargico bajo en cenizas, como principal combustible y agente reductor, reduce el \u00f3xido de hierro del mineral de hierro a metal caliente l\u00edquido. Al mismo tiempo que proporciona el calor necesario para mantener el entorno de alta temperatura en el <a href=\"https:\/\/en.wikipedia.org\/wiki\/Blast_furnace\" target=\"_blank\" rel=\"noopener\">alto horno<\/a>. Garantizar el funcionamiento continuo y estable del alto horno. Su calidad influye directamente en la producci\u00f3n y la calidad del arrabio, as\u00ed como en la vida \u00fatil y el coste de producci\u00f3n del alto horno.<\/p>\n<p>&nbsp;<\/p>\n<p><strong><b>Fundici\u00f3n de metales no f\u00e9rreos<\/b><\/strong><\/p>\n<p>En el proceso de fundici\u00f3n de cobre, plomo, zinc y otros metales no f\u00e9rreos, la ceniza baja <a href=\"https:\/\/jinsuncarbon.com\/es\/producto\/coque-metalurgico\/\">coque metal\u00fargico<\/a> tambi\u00e9n desempe\u00f1a un papel importante. Por ejemplo, en el horno de reflexi\u00f3n o alto horno de fundici\u00f3n de cobre, se puede quemar coque como combustible para producir alta temperatura. As\u00ed se puede fundir y separar el elemento de cobre del mineral de cobre. En la fundici\u00f3n de plomo y zinc, el coque participa en la reacci\u00f3n REDOX para promover el proceso de fundici\u00f3n de reducci\u00f3n y refinado del concentrado de plomo y zinc. Mejora la recuperaci\u00f3n y la pureza de los metales no ferrosos, reduce el consumo de energ\u00eda y los costes de producci\u00f3n en el proceso de fundici\u00f3n. Y mejorar los beneficios econ\u00f3micos de las empresas.<\/p>\n<p>&nbsp;<\/p>\n<p><strong><b>Fabricaci\u00f3n de maquinaria<\/b><\/strong><\/p>\n<p>En el proceso de fundici\u00f3n, puede utilizar coque metal\u00fargico de baja ceniza en cubilote para proporcionar una fuente de calor estable para fundir el metal. Garantiza que el metal l\u00edquido tenga buena fluidez y capacidad de llenado. El coque metal\u00fargico de baja ceniza de alta calidad puede garantizar el buen progreso del proceso de fundici\u00f3n, reducir los defectos de las piezas fundidas, mejorar la calidad general y el rendimiento de los productos mec\u00e1nicos. Y aumentar la competitividad en el mercado de las empresas fabricantes de maquinaria.<\/p>","protected":false},"excerpt":{"rendered":"<p>El coque metal\u00fargico de bajo contenido en cenizas es un tipo de producto de coque con bajo contenido en cenizas tras un procesamiento especial. Se fabrica a partir de carb\u00f3n de alta calidad como materia prima, mediante un estricto proceso de producci\u00f3n. Ocupa una posici\u00f3n importante en la industria metal\u00fargica, es un material clave para satisfacer las necesidades de fundici\u00f3n de alta calidad.<\/p>\n<p>&nbsp;<\/p>\n<p>Con alta resistencia, bajas impurezas y otras excelentes caracter\u00edsticas, puede proporcionar un soporte energ\u00e9tico estable y fiable y un entorno de reacci\u00f3n de reducci\u00f3n eficiente para el proceso metal\u00fargico.<\/p>","protected":false},"featured_media":7039,"template":"","meta":[],"product_brand":[],"product_cat":[40],"product_tag":[],"class_list":{"0":"post-7038","1":"product","2":"type-product","3":"status-publish","4":"has-post-thumbnail","6":"product_cat-petroleum-coke","8":"first","9":"instock","10":"shipping-taxable","11":"product-type-simple"},"yoast_head":"<!-- This site is optimized with the Yoast SEO Premium plugin v19.2.1 (Yoast SEO v25.3) - https:\/\/yoast.com\/wordpress\/plugins\/seo\/ -->\n<title>Low Ash Metallurgical Coke Supplier in China | Jinsun Carbon<\/title>\n<meta name=\"description\" content=\"Low sulfur metallurgical coke manufacturers at best price, Metallurgical coke is used as fuel for blast furnace steelmaking.\" \/>\n<meta name=\"robots\" content=\"index, follow, max-snippet:-1, max-image-preview:large, max-video-preview:-1\" \/>\n<link rel=\"canonical\" href=\"https:\/\/jinsuncarbon.com\/es\/producto\/coque-metalurgico-de-baja-ceniza\/\" \/>\n<meta property=\"og:locale\" content=\"es_MX\" \/>\n<meta property=\"og:type\" content=\"article\" \/>\n<meta property=\"og:title\" content=\"Low Ash Metallurgical Coke\" \/>\n<meta property=\"og:description\" content=\"Low sulfur metallurgical coke manufacturers at best price, Metallurgical coke is used as fuel for blast furnace steelmaking.\" \/>\n<meta property=\"og:url\" content=\"https:\/\/jinsuncarbon.com\/es\/producto\/coque-metalurgico-de-baja-ceniza\/\" \/>\n<meta property=\"og:site_name\" content=\"Jinsun Carbon\" \/>\n<meta property=\"article:publisher\" content=\"https:\/\/www.facebook.com\/Graphite-Electrode-109336238661595\" \/>\n<meta property=\"article:modified_time\" content=\"2024-12-16T22:19:43+00:00\" \/>\n<meta property=\"og:image\" content=\"https:\/\/jinsuncarbon.com\/wp-content\/uploads\/2024\/12\/low-ash-metallurgical-coke.jpg\" \/>\n\t<meta property=\"og:image:width\" content=\"1024\" \/>\n\t<meta property=\"og:image:height\" content=\"763\" \/>\n\t<meta property=\"og:image:type\" content=\"image\/jpeg\" \/>\n<meta name=\"twitter:card\" content=\"summary_large_image\" \/>\n<meta name=\"twitter:site\" content=\"@jinsuncarbon_\" \/>\n<meta name=\"twitter:label1\" content=\"Tiempo de lectura\" \/>\n\t<meta name=\"twitter:data1\" content=\"3 minutos\" \/>\n<script type=\"application\/ld+json\" class=\"yoast-schema-graph\">{\"@context\":\"https:\/\/schema.org\",\"@graph\":[{\"@type\":\"WebPage\",\"@id\":\"https:\/\/jinsuncarbon.com\/product\/low-ash-metallurgical-coke\/\",\"url\":\"https:\/\/jinsuncarbon.com\/product\/low-ash-metallurgical-coke\/\",\"name\":\"Low Ash Metallurgical Coke Supplier in China | Jinsun Carbon\",\"isPartOf\":{\"@id\":\"https:\/\/jinsuncarbon.com\/#website\"},\"primaryImageOfPage\":{\"@id\":\"https:\/\/jinsuncarbon.com\/product\/low-ash-metallurgical-coke\/#primaryimage\"},\"image\":{\"@id\":\"https:\/\/jinsuncarbon.com\/product\/low-ash-metallurgical-coke\/#primaryimage\"},\"thumbnailUrl\":\"https:\/\/jinsuncarbon.com\/wp-content\/uploads\/2024\/12\/low-ash-metallurgical-coke.jpg\",\"datePublished\":\"2024-12-16T10:58:56+00:00\",\"dateModified\":\"2024-12-16T22:19:43+00:00\",\"description\":\"Low sulfur metallurgical coke manufacturers at best price, Metallurgical coke is used as fuel for blast furnace steelmaking.\",\"breadcrumb\":{\"@id\":\"https:\/\/jinsuncarbon.com\/product\/low-ash-metallurgical-coke\/#breadcrumb\"},\"inLanguage\":\"es\",\"potentialAction\":[{\"@type\":\"ReadAction\",\"target\":[\"https:\/\/jinsuncarbon.com\/product\/low-ash-metallurgical-coke\/\"]}]},{\"@type\":\"ImageObject\",\"inLanguage\":\"es\",\"@id\":\"https:\/\/jinsuncarbon.com\/product\/low-ash-metallurgical-coke\/#primaryimage\",\"url\":\"https:\/\/jinsuncarbon.com\/wp-content\/uploads\/2024\/12\/low-ash-metallurgical-coke.jpg\",\"contentUrl\":\"https:\/\/jinsuncarbon.com\/wp-content\/uploads\/2024\/12\/low-ash-metallurgical-coke.jpg\",\"width\":1024,\"height\":763,\"caption\":\"low ash metallurgical coke\"},{\"@type\":\"BreadcrumbList\",\"@id\":\"https:\/\/jinsuncarbon.com\/product\/low-ash-metallurgical-coke\/#breadcrumb\",\"itemListElement\":[{\"@type\":\"ListItem\",\"position\":1,\"name\":\"Home\",\"item\":\"https:\/\/jinsuncarbon.com\/\"},{\"@type\":\"ListItem\",\"position\":2,\"name\":\"Products\",\"item\":\"https:\/\/jinsuncarbon.com\/graphite-carbon\/\"},{\"@type\":\"ListItem\",\"position\":3,\"name\":\"Low Ash Metallurgical Coke\"}]},{\"@type\":\"WebSite\",\"@id\":\"https:\/\/jinsuncarbon.com\/#website\",\"url\":\"https:\/\/jinsuncarbon.com\/\",\"name\":\"Jinsun Carbon\",\"description\":\"We are the successful graphite electrode manufacturer in China\",\"publisher\":{\"@id\":\"https:\/\/jinsuncarbon.com\/#organization\"},\"potentialAction\":[{\"@type\":\"SearchAction\",\"target\":{\"@type\":\"EntryPoint\",\"urlTemplate\":\"https:\/\/jinsuncarbon.com\/?s={search_term_string}\"},\"query-input\":{\"@type\":\"PropertyValueSpecification\",\"valueRequired\":true,\"valueName\":\"search_term_string\"}}],\"inLanguage\":\"es\"},{\"@type\":\"Organization\",\"@id\":\"https:\/\/jinsuncarbon.com\/#organization\",\"name\":\"Jinsun Carbon\",\"alternateName\":\"Jinsun Carbon\",\"url\":\"https:\/\/jinsuncarbon.com\/\",\"logo\":{\"@type\":\"ImageObject\",\"inLanguage\":\"es\",\"@id\":\"https:\/\/jinsuncarbon.com\/#\/schema\/logo\/image\/\",\"url\":\"https:\/\/jinsuncarbon.com\/wp-content\/uploads\/2022\/12\/LOGO-1.png\",\"contentUrl\":\"https:\/\/jinsuncarbon.com\/wp-content\/uploads\/2022\/12\/LOGO-1.png\",\"width\":207,\"height\":80,\"caption\":\"Jinsun Carbon\"},\"image\":{\"@id\":\"https:\/\/jinsuncarbon.com\/#\/schema\/logo\/image\/\"},\"sameAs\":[\"https:\/\/www.facebook.com\/Graphite-Electrode-109336238661595\",\"https:\/\/x.com\/jinsuncarbon_\",\"https:\/\/www.linkedin.com\/in\/jinsungraphite\",\"https:\/\/www.youtube.com\/channel\/UCysDNyvyR5-3cCWEmpkVC0g\"]}]}<\/script>\n<!-- \/ Yoast SEO Premium plugin. -->","yoast_head_json":{"title":"Proveedor de coque metal\u00fargico de bajo contenido en cenizas en China | Jinsun Carbon","description":"Fabricantes de coque metal\u00fargico bajo en azufre al mejor precio, El coque metal\u00fargico se utiliza como combustible para la fabricaci\u00f3n de acero en altos hornos.","robots":{"index":"index","follow":"follow","max-snippet":"max-snippet:-1","max-image-preview":"max-image-preview:large","max-video-preview":"max-video-preview:-1"},"canonical":"https:\/\/jinsuncarbon.com\/es\/producto\/coque-metalurgico-de-baja-ceniza\/","og_locale":"es_MX","og_type":"article","og_title":"Low Ash Metallurgical Coke","og_description":"Low sulfur metallurgical coke manufacturers at best price, Metallurgical coke is used as fuel for blast furnace steelmaking.","og_url":"https:\/\/jinsuncarbon.com\/es\/producto\/coque-metalurgico-de-baja-ceniza\/","og_site_name":"Jinsun Carbon","article_publisher":"https:\/\/www.facebook.com\/Graphite-Electrode-109336238661595","article_modified_time":"2024-12-16T22:19:43+00:00","og_image":[{"width":1024,"height":763,"url":"https:\/\/jinsuncarbon.com\/wp-content\/uploads\/2024\/12\/low-ash-metallurgical-coke.jpg","type":"image\/jpeg"}],"twitter_card":"summary_large_image","twitter_site":"@jinsuncarbon_","twitter_misc":{"Tiempo de lectura":"3 minutos"},"schema":{"@context":"https:\/\/schema.org","@graph":[{"@type":"WebPage","@id":"https:\/\/jinsuncarbon.com\/product\/low-ash-metallurgical-coke\/","url":"https:\/\/jinsuncarbon.com\/product\/low-ash-metallurgical-coke\/","name":"Proveedor de coque metal\u00fargico de bajo contenido en cenizas en China | Jinsun Carbon","isPartOf":{"@id":"https:\/\/jinsuncarbon.com\/#website"},"primaryImageOfPage":{"@id":"https:\/\/jinsuncarbon.com\/product\/low-ash-metallurgical-coke\/#primaryimage"},"image":{"@id":"https:\/\/jinsuncarbon.com\/product\/low-ash-metallurgical-coke\/#primaryimage"},"thumbnailUrl":"https:\/\/jinsuncarbon.com\/wp-content\/uploads\/2024\/12\/low-ash-metallurgical-coke.jpg","datePublished":"2024-12-16T10:58:56+00:00","dateModified":"2024-12-16T22:19:43+00:00","description":"Fabricantes de coque metal\u00fargico bajo en azufre al mejor precio, El coque metal\u00fargico se utiliza como combustible para la fabricaci\u00f3n de acero en altos hornos.","breadcrumb":{"@id":"https:\/\/jinsuncarbon.com\/product\/low-ash-metallurgical-coke\/#breadcrumb"},"inLanguage":"es","potentialAction":[{"@type":"ReadAction","target":["https:\/\/jinsuncarbon.com\/product\/low-ash-metallurgical-coke\/"]}]},{"@type":"ImageObject","inLanguage":"es","@id":"https:\/\/jinsuncarbon.com\/product\/low-ash-metallurgical-coke\/#primaryimage","url":"https:\/\/jinsuncarbon.com\/wp-content\/uploads\/2024\/12\/low-ash-metallurgical-coke.jpg","contentUrl":"https:\/\/jinsuncarbon.com\/wp-content\/uploads\/2024\/12\/low-ash-metallurgical-coke.jpg","width":1024,"height":763,"caption":"low ash metallurgical coke"},{"@type":"BreadcrumbList","@id":"https:\/\/jinsuncarbon.com\/product\/low-ash-metallurgical-coke\/#breadcrumb","itemListElement":[{"@type":"ListItem","position":1,"name":"Home","item":"https:\/\/jinsuncarbon.com\/"},{"@type":"ListItem","position":2,"name":"Products","item":"https:\/\/jinsuncarbon.com\/graphite-carbon\/"},{"@type":"ListItem","position":3,"name":"Low Ash Metallurgical Coke"}]},{"@type":"WebSite","@id":"https:\/\/jinsuncarbon.com\/#website","url":"https:\/\/jinsuncarbon.com\/","name":"Jinsun Carbon","description":"Somos el fabricante de electrodos de grafito con m\u00e1s \u00e9xito de China","publisher":{"@id":"https:\/\/jinsuncarbon.com\/#organization"},"potentialAction":[{"@type":"SearchAction","target":{"@type":"EntryPoint","urlTemplate":"https:\/\/jinsuncarbon.com\/?s={search_term_string}"},"query-input":{"@type":"PropertyValueSpecification","valueRequired":true,"valueName":"search_term_string"}}],"inLanguage":"es"},{"@type":"Organization","@id":"https:\/\/jinsuncarbon.com\/#organization","name":"Jinsun Carbon","alternateName":"Jinsun Carbon","url":"https:\/\/jinsuncarbon.com\/","logo":{"@type":"ImageObject","inLanguage":"es","@id":"https:\/\/jinsuncarbon.com\/#\/schema\/logo\/image\/","url":"https:\/\/jinsuncarbon.com\/wp-content\/uploads\/2022\/12\/LOGO-1.png","contentUrl":"https:\/\/jinsuncarbon.com\/wp-content\/uploads\/2022\/12\/LOGO-1.png","width":207,"height":80,"caption":"Jinsun Carbon"},"image":{"@id":"https:\/\/jinsuncarbon.com\/#\/schema\/logo\/image\/"},"sameAs":["https:\/\/www.facebook.com\/Graphite-Electrode-109336238661595","https:\/\/x.com\/jinsuncarbon_","https:\/\/www.linkedin.com\/in\/jinsungraphite","https:\/\/www.youtube.com\/channel\/UCysDNyvyR5-3cCWEmpkVC0g"]}]}},"_links":{"self":[{"href":"https:\/\/jinsuncarbon.com\/es\/wp-json\/wp\/v2\/product\/7038","targetHints":{"allow":["GET"]}}],"collection":[{"href":"https:\/\/jinsuncarbon.com\/es\/wp-json\/wp\/v2\/product"}],"about":[{"href":"https:\/\/jinsuncarbon.com\/es\/wp-json\/wp\/v2\/types\/product"}],"wp:featuredmedia":[{"embeddable":true,"href":"https:\/\/jinsuncarbon.com\/es\/wp-json\/wp\/v2\/media\/7039"}],"wp:attachment":[{"href":"https:\/\/jinsuncarbon.com\/es\/wp-json\/wp\/v2\/media?parent=7038"}],"wp:term":[{"taxonomy":"product_brand","embeddable":true,"href":"https:\/\/jinsuncarbon.com\/es\/wp-json\/wp\/v2\/product_brand?post=7038"},{"taxonomy":"product_cat","embeddable":true,"href":"https:\/\/jinsuncarbon.com\/es\/wp-json\/wp\/v2\/product_cat?post=7038"},{"taxonomy":"product_tag","embeddable":true,"href":"https:\/\/jinsuncarbon.com\/es\/wp-json\/wp\/v2\/product_tag?post=7038"}],"curies":[{"name":"wp","href":"https:\/\/api.w.org\/{rel}","templated":true}]}}