{"id":7015,"date":"2024-12-13T11:06:31","date_gmt":"2024-12-13T11:06:31","guid":{"rendered":"https:\/\/jinsuncarbon.com\/?post_type=product&#038;p=7015"},"modified":"2024-12-13T11:16:06","modified_gmt":"2024-12-13T11:16:06","slug":"hoja-de-fibra-de-carbono","status":"publish","type":"product","link":"https:\/\/jinsuncarbon.com\/es\/producto\/hoja-de-fibra-de-carbono\/","title":{"rendered":"Hoja de fibra de carbono"},"content":{"rendered":"<h2>Propiedades de las l\u00e1minas de fibra de carbono<\/h2>\n<p>&nbsp;<\/p>\n<p>La hoja de fibra de carbono suele ser plana, en forma de rollo y otras formas. Tiene muchas ventajas.<\/p>\n<p>&nbsp;<\/p>\n<p>Excelente resistencia y rigidez, alta resistencia a la tracci\u00f3n. Puede soportar grandes fuerzas externas y no es f\u00e1cil de deformar.<\/p>\n<p>&nbsp;<\/p>\n<p>Bajo coeficiente de dilataci\u00f3n t\u00e9rmica. Tiene buena estabilidad dimensional bajo ambiente de cambio de temperatura, se puede utilizar normalmente en una amplia gama de temperaturas.<\/p>\n<p>&nbsp;<\/p>\n<p>Excelente estabilidad qu\u00edmica. Buena tolerancia a la mayor\u00eda de los productos qu\u00edmicos.<\/p>\n<p>&nbsp;<\/p>\n<p>Buena conductividad el\u00e9ctrica. Esto hace que tenga un valor potencial de aplicaci\u00f3n en algunos campos electr\u00f3nicos y el\u00e9ctricos.<\/p>\n<p>&nbsp;<\/p>\n<p>Baja densidad y peso ligero. La l\u00e1mina de fibra de grafeno presenta ventajas evidentes en escenarios de aplicaci\u00f3n en los que se requiere peso, como en los campos aeroespacial y automovil\u00edstico.<\/p>\n<p>&nbsp;<\/p>\n<p>La superficie es lisa y la calidad de la apariencia es alta. Se puede utilizar para hacer piezas de apariencia.<\/p>\n<p>&nbsp;<\/p>\n<p>Adem\u00e1s, tras la combinaci\u00f3n de la l\u00e1mina de fibra de carbono y la resina, se puede mejorar a\u00fan m\u00e1s el rendimiento integral del material. Por ejemplo, el material compuesto de l\u00e1mina de fibra de carbono y <a href=\"https:\/\/en.wikipedia.org\/wiki\/Resin\" target=\"_blank\" rel=\"noopener\">resina<\/a>y se mejora su resistencia.<\/p>\n<p>&nbsp;<\/p>\n<p>En t\u00e9rminos de propiedades mec\u00e1nicas, las placas de fibra de carbono pueden mejorar eficazmente la capacidad portante de la estructura utilizando sus caracter\u00edsticas de alta resistencia. Reducir el peso de la estructura, y mejorar la eficiencia energ\u00e9tica del equipo.<\/p>\n<p>&nbsp;<\/p>\n<p>&nbsp;<\/p>\n<h2>Especificaciones de las planchas de fibra de carbono<\/h2>\n<table>\n<tbody>\n<tr>\n<td width=\"113\">Base de clasificaci\u00f3n<\/td>\n<td width=\"148\">Detalles<\/td>\n<td width=\"164\">Gama de precios de las planchas de fibra de carbono<\/td>\n<\/tr>\n<tr>\n<td width=\"113\">Espesor de la hoja de fibra de carbono<\/td>\n<td width=\"148\">1 mm<\/p>\n<p>2 mm<\/p>\n<p>3 mm<\/p>\n<p>4 mm<\/p>\n<p>5 mm<\/td>\n<td width=\"164\">Cuanto mayor sea el grosor, mayor ser\u00e1 el precio.<\/p>\n<p>Por lo general, la hoja de fibra de carbono de 1 mm por metro cuadrado tiene un precio de 14-28 USD, y la de 5 mm por metro cuadrado puede alcanzar los 115-215 USD.<\/td>\n<\/tr>\n<tr>\n<td width=\"113\">Talla<\/td>\n<td width=\"148\">Plancha de fibra de carbono 4\u00d78<\/p>\n<p>&nbsp;<\/p>\n<p>Y otros tama\u00f1os comunes, as\u00ed como otros tama\u00f1os personalizados de l\u00e1minas de fibra de carbono para satisfacer las necesidades de tama\u00f1o de diferentes proyectos y productos.<\/td>\n<td width=\"164\">El precio del tama\u00f1o convencional es relativamente estable. Y el precio del tama\u00f1o personalizado flotar\u00e1 20%-50% sobre la base del tama\u00f1o convencional debido a la particularidad del tama\u00f1o y la dificultad de producci\u00f3n. Por ejemplo, la hoja de fibra de carbono 4\u00d78 43-86 USD por metro cuadrado.<\/td>\n<\/tr>\n<tr>\n<td width=\"113\">Proceso<\/td>\n<td width=\"148\">Planchas de fibra de carbono ordinarias<\/p>\n<p>&nbsp;<\/p>\n<p>Planchas de fibra de carbono forjadas<\/td>\n<td width=\"164\">Debido a la complejidad del proceso, el precio de las planchas de fibra de carbono forjadas es entre 3 y 5 veces superior al de las planchas de fibra de carbono normales.<\/p>\n<p>El ordinario 58-115 USD por metro cuadrado, la forja por metro cuadrado puede alcanzar 215-570 USD.<\/td>\n<\/tr>\n<tr>\n<td width=\"113\">Forma<\/td>\n<td width=\"148\">Placa plana de fibra de carbono<\/p>\n<p>&nbsp;<\/p>\n<p>Rollos de chapa de fibra de carbono<\/td>\n<td width=\"164\">La diferencia de precio entre la chapa y el rollo no es grande, depende principalmente de la superficie y el grosor.<\/p>\n<p>Tales como las mismas especificaciones bajo la forma de placa 215-143 USD por metro cuadrado, rollo tambi\u00e9n fluct\u00faa en este rango<\/td>\n<\/tr>\n<\/tbody>\n<\/table>\n<p>&nbsp;<\/p>\n<p>&nbsp;<\/p>\n<h2>Usos de las planchas de fibra de carbono<\/h2>\n<p><strong>Electr\u00f3nica y electricidad:<\/strong><\/p>\n<p>Disipaci\u00f3n del calor. Cuando los equipos electr\u00f3nicos funcionan, producen calor. Algunas l\u00e1minas de fibra de carbono <a href=\"https:\/\/jinsuncarbon.com\/es\/producto\/fibra-de-carbono\/\">material<\/a> tiene cierta conductividad t\u00e9rmica, lo que puede ayudar a disipar el calor y mantener el rendimiento y la estabilidad del equipo.<\/p>\n<p>&nbsp;<\/p>\n<p><strong><b>Sector de la automoci\u00f3n: <\/b><\/strong><\/p>\n<p>El uso de l\u00e1minas de fibra de carbono para coches en la fabricaci\u00f3n de autom\u00f3viles es cada vez m\u00e1s aplicaciones. Se puede utilizar para la carcasa de la carrocer\u00eda, reducir el peso de la carrocer\u00eda, reducir <a href=\"https:\/\/en.wikipedia.org\/wiki\/Fuel_(band)\" target=\"_blank\" rel=\"noopener\">combustible<\/a> consumo. Y mejora la aceleraci\u00f3n y el control del veh\u00edculo. Tambi\u00e9n puede utilizarlo accesorios para el interior del coche.<\/p>\n<p>&nbsp;<\/p>\n<p><strong><b>\u00c1mbito aeroespacial: <\/b><\/strong><\/p>\n<p>Debido a las caracter\u00edsticas de ligereza y alta resistencia de <a href=\"https:\/\/jinsuncarbon.com\/es\/producto\/compuesto-de-carbono\/\">carbono<\/a> es un material ideal para la fabricaci\u00f3n de alas de avi\u00f3n, fuselajes y otras estructuras.<\/p>\n<p>&nbsp;<\/p>\n<p><strong><b>\u00c1mbito arquitect\u00f3nico: <\/b><\/strong><\/p>\n<p>Como material de refuerzo para la construcci\u00f3n, puede utilizar placas de fibra de carbono y l\u00e1minas de fibra de carbono para reforzar estructuras de hormig\u00f3n. Tambi\u00e9n puede utilizarlo para decoraci\u00f3n arquitect\u00f3nica.<\/p>\n<p>&nbsp;<\/p>\n<p><strong><b>Campo de art\u00edculos deportivos: <\/b><\/strong><\/p>\n<p>Se utiliza para fabricar equipamiento deportivo de gama alta, como palos de golf, raquetas de tenis, cuadros de bicicleta, etc. Mejorar el rendimiento de los equipos deportivos, para proporcionar a los atletas una mejor experiencia deportiva.<\/p>\n<p>&nbsp;<\/p>\n<p><strong><b>Campo de energ\u00eda: <\/b><\/strong><\/p>\n<p>En algunos equipos de nuevas energ\u00edas, se pueden utilizar l\u00e1minas de fibra de carbono para fabricar palas de aerogeneradores y otros componentes. Su alta resistencia y resistencia a la fatiga para mejorar la vida \u00fatil y la eficiencia de generaci\u00f3n de energ\u00eda de las palas.<\/p>\n<p>&nbsp;<\/p>\n<p><strong><b>Industria mec\u00e1nica: <\/b><\/strong><\/p>\n<p>Como material de estructura mec\u00e1nica, el material de l\u00e1mina de fibra de carbono puede fabricar una gran variedad de piezas mec\u00e1nicas de alta precisi\u00f3n, como brazos mec\u00e1nicos, moldes, etc.<\/p>\n<p>&nbsp;<\/p>\n<p>Adem\u00e1s, en el proceso de procesamiento, es muy importante entender c\u00f3mo cortar la placa de fibra de carbono para hacer piezas de tama\u00f1o y forma adecuados, y los diferentes m\u00e9todos de corte pueden satisfacer diferentes requisitos de precisi\u00f3n y eficiencia de la producci\u00f3n.<\/p>\n<p>&nbsp;<\/p>","protected":false},"excerpt":{"rendered":"<p>La l\u00e1mina de fibra de carbono, tambi\u00e9n conocida como l\u00e1mina de carbono o l\u00e1mina de carbono, es un material fabricado con fibra de carbono como materia prima principal. Incluye la l\u00e1mina de fibra de carbono, el panel de fibra de carbono, la l\u00e1mina de pl\u00e1stico reforzado con fibra de carbono, el laminado de carbono, la placa de fibra de carbono y otras formas.<\/p>\n<p>&nbsp;<\/p>\n<p>Y el mercado de ventas de l\u00e1minas de fibra de carbono tambi\u00e9n es m\u00e1s activo, podemos suministrar una variedad de especificaciones para que los consumidores elijan.<\/p>","protected":false},"featured_media":7017,"template":"","meta":[],"product_brand":[],"product_cat":[39],"product_tag":[],"class_list":{"0":"post-7015","1":"product","2":"type-product","3":"status-publish","4":"has-post-thumbnail","6":"product_cat-carbon-products","8":"first","9":"instock","10":"shipping-taxable","11":"product-type-simple"},"yoast_head":"<!-- This site is optimized with the Yoast SEO Premium plugin v19.2.1 (Yoast SEO v25.3) - https:\/\/yoast.com\/wordpress\/plugins\/seo\/ -->\n<title>Carbon Fiber Sheet Manufacturer in China | Jinsun Carbon<\/title>\n<meta name=\"description\" content=\"Carbon fiber sheet supplier in China. Carbon fiber sheet for sale, With excellent chemical stability, Good electrical conductivity.\" \/>\n<meta name=\"robots\" content=\"index, follow, max-snippet:-1, max-image-preview:large, max-video-preview:-1\" \/>\n<link rel=\"canonical\" href=\"https:\/\/jinsuncarbon.com\/es\/producto\/hoja-de-fibra-de-carbono\/\" \/>\n<meta property=\"og:locale\" content=\"es_MX\" \/>\n<meta property=\"og:type\" content=\"article\" \/>\n<meta property=\"og:title\" content=\"Carbon Fiber Sheet\" \/>\n<meta property=\"og:description\" content=\"Carbon fiber sheet supplier in China. Carbon fiber sheet for sale, With excellent chemical stability, Good electrical conductivity.\" \/>\n<meta property=\"og:url\" content=\"https:\/\/jinsuncarbon.com\/es\/producto\/hoja-de-fibra-de-carbono\/\" \/>\n<meta property=\"og:site_name\" content=\"Jinsun Carbon\" \/>\n<meta property=\"article:publisher\" content=\"https:\/\/www.facebook.com\/Graphite-Electrode-109336238661595\" \/>\n<meta property=\"article:modified_time\" content=\"2024-12-13T11:16:06+00:00\" \/>\n<meta property=\"og:image\" content=\"https:\/\/jinsuncarbon.com\/wp-content\/uploads\/2024\/12\/carbon-fiber-sheet-1.jpg\" \/>\n\t<meta property=\"og:image:width\" content=\"1024\" \/>\n\t<meta property=\"og:image:height\" content=\"763\" \/>\n\t<meta property=\"og:image:type\" content=\"image\/jpeg\" \/>\n<meta name=\"twitter:card\" content=\"summary_large_image\" \/>\n<meta name=\"twitter:site\" content=\"@jinsuncarbon_\" \/>\n<meta name=\"twitter:label1\" content=\"Tiempo de lectura\" \/>\n\t<meta name=\"twitter:data1\" content=\"4 minutos\" \/>\n<script type=\"application\/ld+json\" class=\"yoast-schema-graph\">{\"@context\":\"https:\/\/schema.org\",\"@graph\":[{\"@type\":\"WebPage\",\"@id\":\"https:\/\/jinsuncarbon.com\/product\/carbon-fiber-sheet\/\",\"url\":\"https:\/\/jinsuncarbon.com\/product\/carbon-fiber-sheet\/\",\"name\":\"Carbon Fiber Sheet Manufacturer in China | Jinsun Carbon\",\"isPartOf\":{\"@id\":\"https:\/\/jinsuncarbon.com\/#website\"},\"primaryImageOfPage\":{\"@id\":\"https:\/\/jinsuncarbon.com\/product\/carbon-fiber-sheet\/#primaryimage\"},\"image\":{\"@id\":\"https:\/\/jinsuncarbon.com\/product\/carbon-fiber-sheet\/#primaryimage\"},\"thumbnailUrl\":\"https:\/\/jinsuncarbon.com\/wp-content\/uploads\/2024\/12\/carbon-fiber-sheet-1.jpg\",\"datePublished\":\"2024-12-13T11:06:31+00:00\",\"dateModified\":\"2024-12-13T11:16:06+00:00\",\"description\":\"Carbon fiber sheet supplier in China. Carbon fiber sheet for sale, With excellent chemical stability, Good electrical conductivity.\",\"breadcrumb\":{\"@id\":\"https:\/\/jinsuncarbon.com\/product\/carbon-fiber-sheet\/#breadcrumb\"},\"inLanguage\":\"es\",\"potentialAction\":[{\"@type\":\"ReadAction\",\"target\":[\"https:\/\/jinsuncarbon.com\/product\/carbon-fiber-sheet\/\"]}]},{\"@type\":\"ImageObject\",\"inLanguage\":\"es\",\"@id\":\"https:\/\/jinsuncarbon.com\/product\/carbon-fiber-sheet\/#primaryimage\",\"url\":\"https:\/\/jinsuncarbon.com\/wp-content\/uploads\/2024\/12\/carbon-fiber-sheet-1.jpg\",\"contentUrl\":\"https:\/\/jinsuncarbon.com\/wp-content\/uploads\/2024\/12\/carbon-fiber-sheet-1.jpg\",\"width\":1024,\"height\":763,\"caption\":\"carbon fiber sheet\"},{\"@type\":\"BreadcrumbList\",\"@id\":\"https:\/\/jinsuncarbon.com\/product\/carbon-fiber-sheet\/#breadcrumb\",\"itemListElement\":[{\"@type\":\"ListItem\",\"position\":1,\"name\":\"Home\",\"item\":\"https:\/\/jinsuncarbon.com\/\"},{\"@type\":\"ListItem\",\"position\":2,\"name\":\"Products\",\"item\":\"https:\/\/jinsuncarbon.com\/graphite-carbon\/\"},{\"@type\":\"ListItem\",\"position\":3,\"name\":\"Carbon Fiber Sheet\"}]},{\"@type\":\"WebSite\",\"@id\":\"https:\/\/jinsuncarbon.com\/#website\",\"url\":\"https:\/\/jinsuncarbon.com\/\",\"name\":\"Jinsun Carbon\",\"description\":\"We are the successful graphite electrode manufacturer in China\",\"publisher\":{\"@id\":\"https:\/\/jinsuncarbon.com\/#organization\"},\"potentialAction\":[{\"@type\":\"SearchAction\",\"target\":{\"@type\":\"EntryPoint\",\"urlTemplate\":\"https:\/\/jinsuncarbon.com\/?s={search_term_string}\"},\"query-input\":{\"@type\":\"PropertyValueSpecification\",\"valueRequired\":true,\"valueName\":\"search_term_string\"}}],\"inLanguage\":\"es\"},{\"@type\":\"Organization\",\"@id\":\"https:\/\/jinsuncarbon.com\/#organization\",\"name\":\"Jinsun Carbon\",\"alternateName\":\"Jinsun Carbon\",\"url\":\"https:\/\/jinsuncarbon.com\/\",\"logo\":{\"@type\":\"ImageObject\",\"inLanguage\":\"es\",\"@id\":\"https:\/\/jinsuncarbon.com\/#\/schema\/logo\/image\/\",\"url\":\"https:\/\/jinsuncarbon.com\/wp-content\/uploads\/2022\/12\/LOGO-1.png\",\"contentUrl\":\"https:\/\/jinsuncarbon.com\/wp-content\/uploads\/2022\/12\/LOGO-1.png\",\"width\":207,\"height\":80,\"caption\":\"Jinsun Carbon\"},\"image\":{\"@id\":\"https:\/\/jinsuncarbon.com\/#\/schema\/logo\/image\/\"},\"sameAs\":[\"https:\/\/www.facebook.com\/Graphite-Electrode-109336238661595\",\"https:\/\/x.com\/jinsuncarbon_\",\"https:\/\/www.linkedin.com\/in\/jinsungraphite\",\"https:\/\/www.youtube.com\/channel\/UCysDNyvyR5-3cCWEmpkVC0g\"]}]}<\/script>\n<!-- \/ Yoast SEO Premium plugin. -->","yoast_head_json":{"title":"Fabricante de hojas de fibra de carbono en China | Jinsun Carbon","description":"Proveedor de hojas de fibra de carbono en China. Hoja de fibra de carbono para la venta, con excelente estabilidad qu\u00edmica, buena conductividad el\u00e9ctrica.","robots":{"index":"index","follow":"follow","max-snippet":"max-snippet:-1","max-image-preview":"max-image-preview:large","max-video-preview":"max-video-preview:-1"},"canonical":"https:\/\/jinsuncarbon.com\/es\/producto\/hoja-de-fibra-de-carbono\/","og_locale":"es_MX","og_type":"article","og_title":"Carbon Fiber Sheet","og_description":"Carbon fiber sheet supplier in China. Carbon fiber sheet for sale, With excellent chemical stability, Good electrical conductivity.","og_url":"https:\/\/jinsuncarbon.com\/es\/producto\/hoja-de-fibra-de-carbono\/","og_site_name":"Jinsun Carbon","article_publisher":"https:\/\/www.facebook.com\/Graphite-Electrode-109336238661595","article_modified_time":"2024-12-13T11:16:06+00:00","og_image":[{"width":1024,"height":763,"url":"https:\/\/jinsuncarbon.com\/wp-content\/uploads\/2024\/12\/carbon-fiber-sheet-1.jpg","type":"image\/jpeg"}],"twitter_card":"summary_large_image","twitter_site":"@jinsuncarbon_","twitter_misc":{"Tiempo de lectura":"4 minutos"},"schema":{"@context":"https:\/\/schema.org","@graph":[{"@type":"WebPage","@id":"https:\/\/jinsuncarbon.com\/product\/carbon-fiber-sheet\/","url":"https:\/\/jinsuncarbon.com\/product\/carbon-fiber-sheet\/","name":"Fabricante de hojas de fibra de carbono en China | Jinsun Carbon","isPartOf":{"@id":"https:\/\/jinsuncarbon.com\/#website"},"primaryImageOfPage":{"@id":"https:\/\/jinsuncarbon.com\/product\/carbon-fiber-sheet\/#primaryimage"},"image":{"@id":"https:\/\/jinsuncarbon.com\/product\/carbon-fiber-sheet\/#primaryimage"},"thumbnailUrl":"https:\/\/jinsuncarbon.com\/wp-content\/uploads\/2024\/12\/carbon-fiber-sheet-1.jpg","datePublished":"2024-12-13T11:06:31+00:00","dateModified":"2024-12-13T11:16:06+00:00","description":"Proveedor de hojas de fibra de carbono en China. Hoja de fibra de carbono para la venta, con excelente estabilidad qu\u00edmica, buena conductividad el\u00e9ctrica.","breadcrumb":{"@id":"https:\/\/jinsuncarbon.com\/product\/carbon-fiber-sheet\/#breadcrumb"},"inLanguage":"es","potentialAction":[{"@type":"ReadAction","target":["https:\/\/jinsuncarbon.com\/product\/carbon-fiber-sheet\/"]}]},{"@type":"ImageObject","inLanguage":"es","@id":"https:\/\/jinsuncarbon.com\/product\/carbon-fiber-sheet\/#primaryimage","url":"https:\/\/jinsuncarbon.com\/wp-content\/uploads\/2024\/12\/carbon-fiber-sheet-1.jpg","contentUrl":"https:\/\/jinsuncarbon.com\/wp-content\/uploads\/2024\/12\/carbon-fiber-sheet-1.jpg","width":1024,"height":763,"caption":"carbon fiber sheet"},{"@type":"BreadcrumbList","@id":"https:\/\/jinsuncarbon.com\/product\/carbon-fiber-sheet\/#breadcrumb","itemListElement":[{"@type":"ListItem","position":1,"name":"Home","item":"https:\/\/jinsuncarbon.com\/"},{"@type":"ListItem","position":2,"name":"Products","item":"https:\/\/jinsuncarbon.com\/graphite-carbon\/"},{"@type":"ListItem","position":3,"name":"Carbon Fiber Sheet"}]},{"@type":"WebSite","@id":"https:\/\/jinsuncarbon.com\/#website","url":"https:\/\/jinsuncarbon.com\/","name":"Jinsun Carbon","description":"Somos el fabricante de electrodos de grafito con m\u00e1s \u00e9xito de China","publisher":{"@id":"https:\/\/jinsuncarbon.com\/#organization"},"potentialAction":[{"@type":"SearchAction","target":{"@type":"EntryPoint","urlTemplate":"https:\/\/jinsuncarbon.com\/?s={search_term_string}"},"query-input":{"@type":"PropertyValueSpecification","valueRequired":true,"valueName":"search_term_string"}}],"inLanguage":"es"},{"@type":"Organization","@id":"https:\/\/jinsuncarbon.com\/#organization","name":"Jinsun Carbon","alternateName":"Jinsun Carbon","url":"https:\/\/jinsuncarbon.com\/","logo":{"@type":"ImageObject","inLanguage":"es","@id":"https:\/\/jinsuncarbon.com\/#\/schema\/logo\/image\/","url":"https:\/\/jinsuncarbon.com\/wp-content\/uploads\/2022\/12\/LOGO-1.png","contentUrl":"https:\/\/jinsuncarbon.com\/wp-content\/uploads\/2022\/12\/LOGO-1.png","width":207,"height":80,"caption":"Jinsun Carbon"},"image":{"@id":"https:\/\/jinsuncarbon.com\/#\/schema\/logo\/image\/"},"sameAs":["https:\/\/www.facebook.com\/Graphite-Electrode-109336238661595","https:\/\/x.com\/jinsuncarbon_","https:\/\/www.linkedin.com\/in\/jinsungraphite","https:\/\/www.youtube.com\/channel\/UCysDNyvyR5-3cCWEmpkVC0g"]}]}},"_links":{"self":[{"href":"https:\/\/jinsuncarbon.com\/es\/wp-json\/wp\/v2\/product\/7015","targetHints":{"allow":["GET"]}}],"collection":[{"href":"https:\/\/jinsuncarbon.com\/es\/wp-json\/wp\/v2\/product"}],"about":[{"href":"https:\/\/jinsuncarbon.com\/es\/wp-json\/wp\/v2\/types\/product"}],"wp:featuredmedia":[{"embeddable":true,"href":"https:\/\/jinsuncarbon.com\/es\/wp-json\/wp\/v2\/media\/7017"}],"wp:attachment":[{"href":"https:\/\/jinsuncarbon.com\/es\/wp-json\/wp\/v2\/media?parent=7015"}],"wp:term":[{"taxonomy":"product_brand","embeddable":true,"href":"https:\/\/jinsuncarbon.com\/es\/wp-json\/wp\/v2\/product_brand?post=7015"},{"taxonomy":"product_cat","embeddable":true,"href":"https:\/\/jinsuncarbon.com\/es\/wp-json\/wp\/v2\/product_cat?post=7015"},{"taxonomy":"product_tag","embeddable":true,"href":"https:\/\/jinsuncarbon.com\/es\/wp-json\/wp\/v2\/product_tag?post=7015"}],"curies":[{"name":"wp","href":"https:\/\/api.w.org\/{rel}","templated":true}]}}