{"id":6920,"date":"2024-12-03T14:47:39","date_gmt":"2024-12-03T14:47:39","guid":{"rendered":"https:\/\/jinsuncarbon.com\/?post_type=product&#038;p=6920"},"modified":"2025-01-02T10:00:10","modified_gmt":"2025-01-02T10:00:10","slug":"compuesto-de-carbono","status":"publish","type":"product","link":"https:\/\/jinsuncarbon.com\/es\/producto\/compuesto-de-carbono\/","title":{"rendered":"Compuesto de carbono-carbono"},"content":{"rendered":"<p>Compuesto de carbono-carbono, tambi\u00e9n denominado com\u00fanmente carbono-carbono reforzado. Estos materiales son resistentes a altas temperaturas (condiciones sin ox\u00edgeno), tienen una gran resistencia mec\u00e1nica a altas temperaturas, son ligeros y tienen una gran resistencia espec\u00edfica. En particular, estos materiales tienen buenas propiedades de absorci\u00f3n de determinadas ondas. Por ello, los materiales compuestos de carbono-carbono se utilizan mucho en la industria aeroespacial y militar.<\/p>\n<h2>Propiedades de los compuestos carbono-carbono<\/h2>\n<ul>\n<li>Alta resistencia<\/li>\n<\/ul>\n<p><span data-type=\"2\" data-index=\"1\" data-gid=\"0\">La estructura del compuesto de carbono es incre\u00edblemente resistente y est\u00e1 formada por fibras de carbono.<\/span>\u00a0Los CCC presentan una resistencia excepcional no s\u00f3lo a temperatura ambiente, sino tambi\u00e9n a altas temperaturas, lo que los convierte en candidatos id\u00f3neos para su aplicaci\u00f3n en \u00e1reas exigentes.<\/p>\n<ul>\n<li>Estabilidad t\u00e9rmica<\/li>\n<\/ul>\n<p><span data-type=\"2\" data-index=\"3\" data-gid=\"1\">Los compuestos de carbono-carbono son capaces de soportar temperaturas extremadamente altas sin volverse quebradizos.<\/span>\u00a0Por ello, tambi\u00e9n se utilizan habitualmente en aplicaciones de calor ultraelevado, como las de defensa y automoci\u00f3n.<\/p>\n<ul>\n<li>Resistencia a la corrosi\u00f3n<\/li>\n<\/ul>\n<p>Los compuestos carbono-carbono tienen una buena resistencia a la corrosi\u00f3n. No se oxidan ni se descomponen con los productos qu\u00edmicos o la humedad, como los metales. Esto los hace ideales para su uso en entornos extremos, donde los materiales tradicionales no resistir\u00edan.<\/p>\n<h2>Fabricaci\u00f3n de compuestos de carbono-carbono<\/h2>\n<p><span data-type=\"2\" data-index=\"5\" data-gid=\"2\">En primer lugar, las fibras de carbono se tejen en un tejido o estera para crear compuestos de carbono-carbono.<\/span>\u00a0Por lo tanto, estas fibras se impregnan con una matriz de carbono, normalmente con la ayuda de un proceso llamado infiltraci\u00f3n qu\u00edmica de vapor (CVI). Las fibras se mantienen unidas por la matriz, formando as\u00ed una estructura s\u00f3lida. A continuaci\u00f3n, este compuesto se calienta a altas temperaturas para desarrollar sus propiedades de aeropropulsi\u00f3n.<\/p>\n<p>Es un proceso de fabricaci\u00f3n que permite una gran personalizaci\u00f3n; el producto final puede optimizarse para determinadas aplicaciones. El resultado es un material de alt\u00edsima resistencia y bajo peso con una magn\u00edfica firma t\u00e9rmica.<\/p>\n<h2>Tipos de compuestos de carbono-carbono<\/h2>\n<h3>Compuestos de carbono reforzados con fibra<\/h3>\n<p>El tipo m\u00e1s com\u00fan que fabricamos son los compuestos reforzados con fibra de carbono. Tienen una estructura de fibras de carbono dentro de un <a href=\"https:\/\/jinsuncarbon.com\/es\/usos-del-carbono\/\">carbono<\/a>-matriz. Las fibras aportan resistencia y rigidez, mientras que la matriz imparte estabilidad y durabilidad. El resultado de esta combinaci\u00f3n es que los compuestos reforzados con fibras son muy adecuados para aplicaciones tendinosas y de alto rendimiento.<\/p>\n<h3>Composites carbono-carbono con matriz cer\u00e1mica<\/h3>\n<p>Algunos compuestos de carbono-carbono est\u00e1n reforzados con una matriz cer\u00e1mica. La cer\u00e1mica a\u00f1ade resistencia al desgaste y al choque t\u00e9rmico. Esto hace que estos compuestos sean a\u00fan m\u00e1s estables y resistentes al calor, perfectos para su uso en entornos extremos, como toberas de cohetes o discos de freno.<\/p>\n<h2>Aplicaciones de los compuestos de carbono-carbono<\/h2>\n<ul>\n<li>Industria aeroespacial<\/li>\n<\/ul>\n<p>Se utilizan ampliamente en la industria aeroespacial como compuestos de carbono-carbono. Soportan temperaturas extremas y ofrecen una resistencia considerable con un peso reducido, por lo que son ideales para su uso en componentes de motores a reacci\u00f3n, sistemas de frenos y escudos t\u00e9rmicos.<\/p>\n<p>El material compuesto de carbono-carbono utilizado como pastillas de freno es ligero, tiene un bajo coeficiente de fricci\u00f3n y una gran capacidad de frenado a altas temperaturas.<\/p>\n<p>Como materiales estructurales para aviones, son fuertes y resistentes a la corrosi\u00f3n, y el fuselaje no se deforma ni se corroe en condiciones de funcionamiento prolongado.<\/p>\n<ul>\n<li>Fotovoltaica<\/li>\n<\/ul>\n<p>Los materiales compuestos de carbono-carbono pueden utilizarse para fundir materiales de silicio en <a href=\"https:\/\/en.wikipedia.org\/wiki\/Vacuum_furnace\" target=\"_blank\" rel=\"noopener\">hornos de vac\u00edo<\/a> para cultivar monocristales de alta calidad. Proporciona un campo t\u00e9rmico de alta calidad para el proceso de monocristal CZ con el fin de garantizar la integridad estructural del <a href=\"https:\/\/www.britannica.com\/science\/single-crystal\" target=\"_blank\" rel=\"noopener\">cristal \u00fanico<\/a>.<\/p>\n<ul>\n<li>Aplicaciones militares<\/li>\n<\/ul>\n<p>Por su uso en el ej\u00e9rcito, los compuestos de carbono-carbono se emplean en numerosas aplicaciones, como componentes de misiles, proyectiles perforantes y escudos t\u00e9rmicos. Incluso las tecnolog\u00edas de defensa requieren sensores capaces de trabajar en condiciones extremas de temperatura y presi\u00f3n.<\/p>\n<p>&nbsp;<\/p>","protected":false},"excerpt":{"rendered":"<p>Los materiales compuestos de carbono-carbono son un nuevo tipo de material con excelentes prestaciones fabricado a partir de fibra de carbono y matriz a base de carbono y sometido a un tratamiento t\u00e9rmico de alta temperatura. Estos materiales tienen las caracter\u00edsticas de alta resistencia, gran m\u00f3dulo, resistencia a altas temperaturas y resistencia a la corrosi\u00f3n. Por lo tanto, se utilizan ampliamente en la industria aeroespacial, la fabricaci\u00f3n de autom\u00f3viles, la construcci\u00f3n naval, los equipos qu\u00edmicos y otros campos.<\/p>","protected":false},"featured_media":6922,"template":"","meta":[],"product_brand":[],"product_cat":[39],"product_tag":[],"class_list":{"0":"post-6920","1":"product","2":"type-product","3":"status-publish","4":"has-post-thumbnail","6":"product_cat-carbon-products","8":"first","9":"instock","10":"shipping-taxable","11":"product-type-simple"},"yoast_head":"<!-- This site is optimized with the Yoast SEO Premium plugin v19.2.1 (Yoast SEO v25.3) - https:\/\/yoast.com\/wordpress\/plugins\/seo\/ -->\n<title>Carbon Composite Manufacturer in China | Jinsun Carbon<\/title>\n<meta name=\"description\" content=\"Carbon-carbon composite (CCCs) consist of a carbon matrix with carbon fibers arranged to achieve the smallest necessary area for the structure.\" \/>\n<meta name=\"robots\" content=\"index, follow, max-snippet:-1, max-image-preview:large, max-video-preview:-1\" \/>\n<link rel=\"canonical\" href=\"https:\/\/jinsuncarbon.com\/es\/producto\/compuesto-de-carbono\/\" \/>\n<meta property=\"og:locale\" content=\"es_MX\" \/>\n<meta property=\"og:type\" content=\"article\" \/>\n<meta property=\"og:title\" content=\"Carbon-Carbon Composite\" \/>\n<meta property=\"og:description\" content=\"Carbon-carbon composite (CCCs) consist of a carbon matrix with carbon fibers arranged to achieve the smallest necessary area for the structure.\" \/>\n<meta property=\"og:url\" content=\"https:\/\/jinsuncarbon.com\/es\/producto\/compuesto-de-carbono\/\" \/>\n<meta property=\"og:site_name\" content=\"Jinsun Carbon\" \/>\n<meta property=\"article:publisher\" content=\"https:\/\/www.facebook.com\/Graphite-Electrode-109336238661595\" \/>\n<meta property=\"article:modified_time\" content=\"2025-01-02T10:00:10+00:00\" \/>\n<meta property=\"og:image\" content=\"https:\/\/jinsuncarbon.com\/wp-content\/uploads\/2024\/12\/Carbon-Carbon-Composite.jpg\" \/>\n\t<meta property=\"og:image:width\" content=\"1024\" \/>\n\t<meta property=\"og:image:height\" content=\"763\" \/>\n\t<meta property=\"og:image:type\" content=\"image\/jpeg\" \/>\n<meta name=\"twitter:card\" content=\"summary_large_image\" \/>\n<meta name=\"twitter:site\" content=\"@jinsuncarbon_\" \/>\n<meta name=\"twitter:label1\" content=\"Tiempo de lectura\" \/>\n\t<meta name=\"twitter:data1\" content=\"3 minutos\" \/>\n<script type=\"application\/ld+json\" class=\"yoast-schema-graph\">{\"@context\":\"https:\/\/schema.org\",\"@graph\":[{\"@type\":\"WebPage\",\"@id\":\"https:\/\/jinsuncarbon.com\/product\/carbon-carbon-composite\/\",\"url\":\"https:\/\/jinsuncarbon.com\/product\/carbon-carbon-composite\/\",\"name\":\"Carbon Composite Manufacturer in China | Jinsun Carbon\",\"isPartOf\":{\"@id\":\"https:\/\/jinsuncarbon.com\/#website\"},\"primaryImageOfPage\":{\"@id\":\"https:\/\/jinsuncarbon.com\/product\/carbon-carbon-composite\/#primaryimage\"},\"image\":{\"@id\":\"https:\/\/jinsuncarbon.com\/product\/carbon-carbon-composite\/#primaryimage\"},\"thumbnailUrl\":\"https:\/\/jinsuncarbon.com\/wp-content\/uploads\/2024\/12\/Carbon-Carbon-Composite.jpg\",\"datePublished\":\"2024-12-03T14:47:39+00:00\",\"dateModified\":\"2025-01-02T10:00:10+00:00\",\"description\":\"Carbon-carbon composite (CCCs) consist of a carbon matrix with carbon fibers arranged to achieve the smallest necessary area for the structure.\",\"breadcrumb\":{\"@id\":\"https:\/\/jinsuncarbon.com\/product\/carbon-carbon-composite\/#breadcrumb\"},\"inLanguage\":\"es\",\"potentialAction\":[{\"@type\":\"ReadAction\",\"target\":[\"https:\/\/jinsuncarbon.com\/product\/carbon-carbon-composite\/\"]}]},{\"@type\":\"ImageObject\",\"inLanguage\":\"es\",\"@id\":\"https:\/\/jinsuncarbon.com\/product\/carbon-carbon-composite\/#primaryimage\",\"url\":\"https:\/\/jinsuncarbon.com\/wp-content\/uploads\/2024\/12\/Carbon-Carbon-Composite.jpg\",\"contentUrl\":\"https:\/\/jinsuncarbon.com\/wp-content\/uploads\/2024\/12\/Carbon-Carbon-Composite.jpg\",\"width\":1024,\"height\":763,\"caption\":\"Carbon-Carbon Composite\"},{\"@type\":\"BreadcrumbList\",\"@id\":\"https:\/\/jinsuncarbon.com\/product\/carbon-carbon-composite\/#breadcrumb\",\"itemListElement\":[{\"@type\":\"ListItem\",\"position\":1,\"name\":\"Home\",\"item\":\"https:\/\/jinsuncarbon.com\/\"},{\"@type\":\"ListItem\",\"position\":2,\"name\":\"Products\",\"item\":\"https:\/\/jinsuncarbon.com\/graphite-carbon\/\"},{\"@type\":\"ListItem\",\"position\":3,\"name\":\"Carbon-Carbon Composite\"}]},{\"@type\":\"WebSite\",\"@id\":\"https:\/\/jinsuncarbon.com\/#website\",\"url\":\"https:\/\/jinsuncarbon.com\/\",\"name\":\"Jinsun Carbon\",\"description\":\"We are the successful graphite electrode manufacturer in China\",\"publisher\":{\"@id\":\"https:\/\/jinsuncarbon.com\/#organization\"},\"potentialAction\":[{\"@type\":\"SearchAction\",\"target\":{\"@type\":\"EntryPoint\",\"urlTemplate\":\"https:\/\/jinsuncarbon.com\/?s={search_term_string}\"},\"query-input\":{\"@type\":\"PropertyValueSpecification\",\"valueRequired\":true,\"valueName\":\"search_term_string\"}}],\"inLanguage\":\"es\"},{\"@type\":\"Organization\",\"@id\":\"https:\/\/jinsuncarbon.com\/#organization\",\"name\":\"Jinsun Carbon\",\"alternateName\":\"Jinsun Carbon\",\"url\":\"https:\/\/jinsuncarbon.com\/\",\"logo\":{\"@type\":\"ImageObject\",\"inLanguage\":\"es\",\"@id\":\"https:\/\/jinsuncarbon.com\/#\/schema\/logo\/image\/\",\"url\":\"https:\/\/jinsuncarbon.com\/wp-content\/uploads\/2022\/12\/LOGO-1.png\",\"contentUrl\":\"https:\/\/jinsuncarbon.com\/wp-content\/uploads\/2022\/12\/LOGO-1.png\",\"width\":207,\"height\":80,\"caption\":\"Jinsun Carbon\"},\"image\":{\"@id\":\"https:\/\/jinsuncarbon.com\/#\/schema\/logo\/image\/\"},\"sameAs\":[\"https:\/\/www.facebook.com\/Graphite-Electrode-109336238661595\",\"https:\/\/x.com\/jinsuncarbon_\",\"https:\/\/www.linkedin.com\/in\/jinsungraphite\",\"https:\/\/www.youtube.com\/channel\/UCysDNyvyR5-3cCWEmpkVC0g\"]}]}<\/script>\n<!-- \/ Yoast SEO Premium plugin. -->","yoast_head_json":{"title":"Fabricante de compuestos de carbono en China | Jinsun Carbon","description":"Los compuestos carbono-carbono (CCC) est\u00e1n formados por una matriz de carbono con fibras de carbono dispuestas para conseguir la menor superficie necesaria para la estructura.","robots":{"index":"index","follow":"follow","max-snippet":"max-snippet:-1","max-image-preview":"max-image-preview:large","max-video-preview":"max-video-preview:-1"},"canonical":"https:\/\/jinsuncarbon.com\/es\/producto\/compuesto-de-carbono\/","og_locale":"es_MX","og_type":"article","og_title":"Carbon-Carbon Composite","og_description":"Carbon-carbon composite (CCCs) consist of a carbon matrix with carbon fibers arranged to achieve the smallest necessary area for the structure.","og_url":"https:\/\/jinsuncarbon.com\/es\/producto\/compuesto-de-carbono\/","og_site_name":"Jinsun Carbon","article_publisher":"https:\/\/www.facebook.com\/Graphite-Electrode-109336238661595","article_modified_time":"2025-01-02T10:00:10+00:00","og_image":[{"width":1024,"height":763,"url":"https:\/\/jinsuncarbon.com\/wp-content\/uploads\/2024\/12\/Carbon-Carbon-Composite.jpg","type":"image\/jpeg"}],"twitter_card":"summary_large_image","twitter_site":"@jinsuncarbon_","twitter_misc":{"Tiempo de lectura":"3 minutos"},"schema":{"@context":"https:\/\/schema.org","@graph":[{"@type":"WebPage","@id":"https:\/\/jinsuncarbon.com\/product\/carbon-carbon-composite\/","url":"https:\/\/jinsuncarbon.com\/product\/carbon-carbon-composite\/","name":"Fabricante de compuestos de carbono en China | Jinsun Carbon","isPartOf":{"@id":"https:\/\/jinsuncarbon.com\/#website"},"primaryImageOfPage":{"@id":"https:\/\/jinsuncarbon.com\/product\/carbon-carbon-composite\/#primaryimage"},"image":{"@id":"https:\/\/jinsuncarbon.com\/product\/carbon-carbon-composite\/#primaryimage"},"thumbnailUrl":"https:\/\/jinsuncarbon.com\/wp-content\/uploads\/2024\/12\/Carbon-Carbon-Composite.jpg","datePublished":"2024-12-03T14:47:39+00:00","dateModified":"2025-01-02T10:00:10+00:00","description":"Los compuestos carbono-carbono (CCC) est\u00e1n formados por una matriz de carbono con fibras de carbono dispuestas para conseguir la menor superficie necesaria para la estructura.","breadcrumb":{"@id":"https:\/\/jinsuncarbon.com\/product\/carbon-carbon-composite\/#breadcrumb"},"inLanguage":"es","potentialAction":[{"@type":"ReadAction","target":["https:\/\/jinsuncarbon.com\/product\/carbon-carbon-composite\/"]}]},{"@type":"ImageObject","inLanguage":"es","@id":"https:\/\/jinsuncarbon.com\/product\/carbon-carbon-composite\/#primaryimage","url":"https:\/\/jinsuncarbon.com\/wp-content\/uploads\/2024\/12\/Carbon-Carbon-Composite.jpg","contentUrl":"https:\/\/jinsuncarbon.com\/wp-content\/uploads\/2024\/12\/Carbon-Carbon-Composite.jpg","width":1024,"height":763,"caption":"Carbon-Carbon Composite"},{"@type":"BreadcrumbList","@id":"https:\/\/jinsuncarbon.com\/product\/carbon-carbon-composite\/#breadcrumb","itemListElement":[{"@type":"ListItem","position":1,"name":"Home","item":"https:\/\/jinsuncarbon.com\/"},{"@type":"ListItem","position":2,"name":"Products","item":"https:\/\/jinsuncarbon.com\/graphite-carbon\/"},{"@type":"ListItem","position":3,"name":"Carbon-Carbon Composite"}]},{"@type":"WebSite","@id":"https:\/\/jinsuncarbon.com\/#website","url":"https:\/\/jinsuncarbon.com\/","name":"Jinsun Carbon","description":"Somos el fabricante de electrodos de grafito con m\u00e1s \u00e9xito de China","publisher":{"@id":"https:\/\/jinsuncarbon.com\/#organization"},"potentialAction":[{"@type":"SearchAction","target":{"@type":"EntryPoint","urlTemplate":"https:\/\/jinsuncarbon.com\/?s={search_term_string}"},"query-input":{"@type":"PropertyValueSpecification","valueRequired":true,"valueName":"search_term_string"}}],"inLanguage":"es"},{"@type":"Organization","@id":"https:\/\/jinsuncarbon.com\/#organization","name":"Jinsun Carbon","alternateName":"Jinsun Carbon","url":"https:\/\/jinsuncarbon.com\/","logo":{"@type":"ImageObject","inLanguage":"es","@id":"https:\/\/jinsuncarbon.com\/#\/schema\/logo\/image\/","url":"https:\/\/jinsuncarbon.com\/wp-content\/uploads\/2022\/12\/LOGO-1.png","contentUrl":"https:\/\/jinsuncarbon.com\/wp-content\/uploads\/2022\/12\/LOGO-1.png","width":207,"height":80,"caption":"Jinsun Carbon"},"image":{"@id":"https:\/\/jinsuncarbon.com\/#\/schema\/logo\/image\/"},"sameAs":["https:\/\/www.facebook.com\/Graphite-Electrode-109336238661595","https:\/\/x.com\/jinsuncarbon_","https:\/\/www.linkedin.com\/in\/jinsungraphite","https:\/\/www.youtube.com\/channel\/UCysDNyvyR5-3cCWEmpkVC0g"]}]}},"_links":{"self":[{"href":"https:\/\/jinsuncarbon.com\/es\/wp-json\/wp\/v2\/product\/6920","targetHints":{"allow":["GET"]}}],"collection":[{"href":"https:\/\/jinsuncarbon.com\/es\/wp-json\/wp\/v2\/product"}],"about":[{"href":"https:\/\/jinsuncarbon.com\/es\/wp-json\/wp\/v2\/types\/product"}],"wp:featuredmedia":[{"embeddable":true,"href":"https:\/\/jinsuncarbon.com\/es\/wp-json\/wp\/v2\/media\/6922"}],"wp:attachment":[{"href":"https:\/\/jinsuncarbon.com\/es\/wp-json\/wp\/v2\/media?parent=6920"}],"wp:term":[{"taxonomy":"product_brand","embeddable":true,"href":"https:\/\/jinsuncarbon.com\/es\/wp-json\/wp\/v2\/product_brand?post=6920"},{"taxonomy":"product_cat","embeddable":true,"href":"https:\/\/jinsuncarbon.com\/es\/wp-json\/wp\/v2\/product_cat?post=6920"},{"taxonomy":"product_tag","embeddable":true,"href":"https:\/\/jinsuncarbon.com\/es\/wp-json\/wp\/v2\/product_tag?post=6920"}],"curies":[{"name":"wp","href":"https:\/\/api.w.org\/{rel}","templated":true}]}}