{"id":6864,"date":"2024-11-30T02:12:51","date_gmt":"2024-11-30T02:12:51","guid":{"rendered":"https:\/\/jinsuncarbon.com\/?post_type=product&#038;p=6864"},"modified":"2024-12-01T04:40:26","modified_gmt":"2024-12-01T04:40:26","slug":"junta-de-grafito","status":"publish","type":"product","link":"https:\/\/jinsuncarbon.com\/es\/producto\/junta-de-grafito\/","title":{"rendered":"Junta de grafito"},"content":{"rendered":"<p>La junta de grafito es un material de sellado utilizado habitualmente en aplicaciones de alta temperatura, alta presi\u00f3n y resistentes a la corrosi\u00f3n. Tambi\u00e9n suele utilizarse para evitar la p\u00e9rdida de gases o l\u00edquidos entre superficies de separaci\u00f3n. Por ello, son muy vers\u00e1tiles, duraderas y capaces de soportar altas temperaturas, lo que las hace muy adecuadas para entornos dif\u00edciles.<\/p>\n<h2>Especificaciones de las juntas de grafito<\/h2>\n<h3>Resistencia a altas temperaturas<\/h3>\n<p>Una plancha de junta de grafito es capaz de soportar temperaturas severas con un rango de -200\u00b0C a 450\u00b0C (-328\u00b0F -842\u00b0F). Algunos modelos de gama alta pueden soportar incluso temperaturas m\u00e1s elevadas. En las industrias en las que son habituales las aplicaciones a altas temperaturas, demuestran ser buenas.<\/p>\n<h3>Resistencia a la corrosi\u00f3n<\/h3>\n<p><span class=\"\" data-type=\"2\" data-index=\"9\" data-gid=\"1\">El material de la junta de grafito es resistente a la mayor\u00eda de las sustancias corrosivas, como \u00e1cidos y \u00e1lcalis.<\/span>\u00a0Por este motivo, contribuye a la integridad de la junta en un entorno qu\u00edmico.<\/p>\n<h3>Flexible y comprimible<\/h3>\n<p>Tiene alta compresi\u00f3n por lo que se adaptan a superficies irregulares. Esto asegura un sellado correcto incluso si te encuentras con una superficie irregular o situaciones de alta presi\u00f3n.<\/p>\n<h3>Durabilidad<\/h3>\n<p>Tambi\u00e9n son duraderas y ofrecen una gran resistencia al desgaste. Si se cuidan con esmero, durar\u00e1n varias d\u00e9cadas, lo que limitar\u00e1 la frecuencia de sustituci\u00f3n.<\/p>\n<h3>Conductividad t\u00e9rmica<\/h3>\n<p>El material de las juntas de grafito es un buen conductor t\u00e9rmico. Esto evita el sobrecalentamiento y mantiene el rendimiento del sistema al garantizar que el calor se transfiere eficazmente fuera de la zona de sellado.<\/p>\n<h3>Compatibilidad qu\u00edmica<\/h3>\n<p>Las juntas de grafito ofrecen una amplia gama de compatibilidad qu\u00edmica. No importa si trabaja con aceites, gases o disolventes: las juntas de este tipo pueden garantizar un sellado fiable sin degradaci\u00f3n con el paso del tiempo.<\/p>\n<h3>Insertos: Con inserto de acero inoxidable, malla de alambre<\/h3>\n<p>Para proporcionar una resistencia adicional y resistir los da\u00f1os bajo presi\u00f3n, muchas juntas de grafito reforzado tienen insertos de acero inoxidable o malla met\u00e1lica. Estos insertos aumentan la durabilidad al tiempo que mantienen las buenas caracter\u00edsticas de sellado del grafito.<\/p>\n<h2>Usos de la junta de grafito<\/h2>\n<h3>Centrales el\u00e9ctricas<\/h3>\n<p>Las juntas de grafito de escape encuentran su relevancia en las centrales el\u00e9ctricas, especialmente en entornos de alta temperatura y alta presi\u00f3n, que requieren un sellado duradero para la seguridad y la eficiencia.<\/p>\n<p>Procesado qu\u00edmico<\/p>\n<p>El material de las juntas de grafito se utiliza mucho en plantas de procesamiento qu\u00edmico, ya que es compatible con los productos qu\u00edmicos. Puede sellar tuber\u00edas y v\u00e1lvulas, deteniendo fugas de sustancias nocivas.<\/p>\n<p>Automoci\u00f3n<\/p>\n<p>Los componentes de motor de los fabricantes de autom\u00f3viles se fabrican con juntas de grafito. Su resistencia al calor y compresibilidad las hacen id\u00f3neas para su uso en sistemas de escape y otras zonas sometidas a grandes esfuerzos.<\/p>\n<h3>Petr\u00f3leo y gas<\/h3>\n<p>Las juntas de grafito de escape encuentran su nicho en la industria del petr\u00f3leo y el gas, sellando tuber\u00edas, bombas y compresores que experimentan altas presiones y temperaturas.<\/p>\n<p>Tubos de escape<\/p>\n<p>Principalmente Juntas de grafito de escape, un tipo de junta met\u00e1lica de alta temperatura, es muy importante en el sellado del sistema de escape, un entorno con alta temperatura y gas corrosivo.<\/p>\n<p>Junta din\u00e1mica o de eje<\/p>\n<p>Se utilizan en juntas din\u00e1micas y juntas de eje en forma de juntas de grafito y grafito <a href=\"https:\/\/jinsuncarbon.com\/es\/producto\/anillo-de-grafito\/\">anillo<\/a> juntas. Su flexibilidad les permite proporcionar un sellado seguro en condiciones cambiantes, como ocurre en bombas o compresores.<\/p>\n<h2>Tipos de juntas de grafito<\/h2>\n<h3>Junta de grafito puro<\/h3>\n<p>Estas juntas se fabrican con 100% puro <a href=\"https:\/\/jinsuncarbon.com\/es\/que-es-el-grafito-y-de-que-esta-hecho\/\">grafito<\/a> que garantiza una excelente estanqueidad en diversos sectores.<\/p>\n<h3>Juntas de grafito reforzadas<\/h3>\n<p>Estas juntas llevan un inserto de acero inoxidable u otros materiales mejorados para ayudarlas a soportar altas presiones; son ideales para aplicaciones a bordo.<\/p>\n<h3>Juntas flexibles de grafito<\/h3>\n<p>Estas juntas permiten una gran flexibilidad, lo que hace que produzcan un mejor sellado, ya que se amoldan a la forma de la superficie. Suelen utilizarse en aplicaciones con superficies irregulares o rugosas.<\/p>\n<h3>Junta de culata de grafito<\/h3>\n<p>Se utiliza para sellar el motor. Su funci\u00f3n a alta temperatura y alta presi\u00f3n es garantizar que no haya diferencia de temperatura ni movimiento relativo entre el bloque de cilindros y la culata debido a la dilataci\u00f3n y contracci\u00f3n t\u00e9rmicas. Las juntas de culata de grafito tienen un rendimiento de sellado mucho mejor que las juntas de amianto o las juntas met\u00e1licas.<\/p>\n<h3>Juntas de grafito en espiral<\/h3>\n<p>Est\u00e1n formados por capas de tiras met\u00e1licas de grafito enrolladas entre s\u00ed. Ofrecen un mayor nivel de sellado para <a href=\"https:\/\/en.wikipedia.org\/wiki\/Flange\" target=\"_blank\" rel=\"noopener\">con bridas<\/a> conexiones.<\/p>\n<h3>Juntas de grafito expandido<\/h3>\n<p>Las juntas de grafito expandido son m\u00e1s porosas por naturaleza, lo que es bueno para aplicaciones que necesitan un tipo m\u00e1s extenso de <a href=\"https:\/\/en.wikipedia.org\/wiki\/Flexibility_(anatomy)\" target=\"_blank\" rel=\"noopener\">flexibilidad<\/a> y sellado.<\/p>\n<h3><\/h3>\n<h2>Ventajas de las juntas de grafito<\/h2>\n<p><strong>Excelente capacidad de sellado<\/strong><\/p>\n<p><span class=\"\" data-type=\"2\" data-index=\"19\" data-gid=\"2\">Las juntas de grafito sellan bien en todo tipo de sistemas.<\/span>\u00a0Se adaptan a superficies irregulares, garantizando un cierre herm\u00e9tico y a prueba de fugas.<\/p>\n<p><strong>Rentable<\/strong><\/p>\n<p>Las juntas de grafito ofrecen un excelente rendimiento y son bastante baratas en comparaci\u00f3n con la mayor\u00eda de los materiales de juntas. Esto las convierte en un activo rentable para las industrias de todo el mundo.<\/p>\n<p><strong>F\u00e1cil instalaci\u00f3n<\/strong><\/p>\n<p>F\u00e1ciles de instalar, pueden utilizarse en sistemas de alta y baja presi\u00f3n. Su capacidad de compresi\u00f3n hace que se amolden a ti con el m\u00ednimo esfuerzo para crear un ajuste perfecto.<\/p>\n<p><strong>Resistente al desgaste abrasivo<\/strong><\/p>\n<p>Son, por tanto, menos susceptibles al desgaste por materiales abrasivos. Esto les permite durar mucho tiempo en entornos exigentes.<\/p>","protected":false},"excerpt":{"rendered":"<p>Las juntas de grafito se utilizan sobre todo en bridas de tuber\u00edas industriales, intercambiadores de calor, condensadores, generadores, v\u00e1lvulas, etc.\u00a0<span data-type=\"2\" data-index=\"1\" data-gid=\"0\">Material p<\/span>ropiedades son:<\/p>\n<ul>\n<li><span data-type=\"0\" data-index=\"7\" data-gid=\"0\">Amplia gama de temperaturas<\/span><\/li>\n<li>Autolubricante<\/li>\n<li>Excelente resistencia qu\u00edmica<\/li>\n<li>Alta resistencia mec\u00e1nica<\/li>\n<li>Gran resistencia a la presi\u00f3n<\/li>\n<\/ul>","protected":false},"featured_media":6866,"template":"","meta":[],"product_brand":[],"product_cat":[38],"product_tag":[],"class_list":{"0":"post-6864","1":"product","2":"type-product","3":"status-publish","4":"has-post-thumbnail","6":"product_cat-graphite-products","8":"first","9":"instock","10":"shipping-taxable","11":"product-type-simple"},"yoast_head":"<!-- This site is optimized with the Yoast SEO Premium plugin v19.2.1 (Yoast SEO v25.3) - https:\/\/yoast.com\/wordpress\/plugins\/seo\/ -->\n<title>Graphite Gasket Manufacturer in China | Jinsun Carbon<\/title>\n<meta name=\"description\" content=\"Graphite gasket is a sealing material commonly used in high temperature, high pressure and corrosion resistant applications.\u00a0\" \/>\n<meta name=\"robots\" content=\"index, follow, max-snippet:-1, max-image-preview:large, max-video-preview:-1\" \/>\n<link rel=\"canonical\" href=\"https:\/\/jinsuncarbon.com\/es\/producto\/junta-de-grafito\/\" \/>\n<meta property=\"og:locale\" content=\"es_MX\" \/>\n<meta property=\"og:type\" content=\"article\" \/>\n<meta property=\"og:title\" content=\"Graphite Gasket\" \/>\n<meta property=\"og:description\" content=\"Graphite gasket is a sealing material commonly used in high temperature, high pressure and corrosion resistant applications.\u00a0\" \/>\n<meta property=\"og:url\" content=\"https:\/\/jinsuncarbon.com\/es\/producto\/junta-de-grafito\/\" \/>\n<meta property=\"og:site_name\" content=\"Jinsun Carbon\" \/>\n<meta property=\"article:publisher\" content=\"https:\/\/www.facebook.com\/Graphite-Electrode-109336238661595\" \/>\n<meta property=\"article:modified_time\" content=\"2024-12-01T04:40:26+00:00\" \/>\n<meta property=\"og:image\" content=\"https:\/\/jinsuncarbon.com\/wp-content\/uploads\/2024\/11\/Graphite-Gaskets-1.jpg\" \/>\n\t<meta property=\"og:image:width\" content=\"1024\" \/>\n\t<meta property=\"og:image:height\" content=\"763\" \/>\n\t<meta property=\"og:image:type\" content=\"image\/jpeg\" \/>\n<meta name=\"twitter:card\" content=\"summary_large_image\" \/>\n<meta name=\"twitter:site\" content=\"@jinsuncarbon_\" \/>\n<meta name=\"twitter:label1\" content=\"Tiempo de lectura\" \/>\n\t<meta name=\"twitter:data1\" content=\"4 minutos\" \/>\n<script type=\"application\/ld+json\" class=\"yoast-schema-graph\">{\"@context\":\"https:\/\/schema.org\",\"@graph\":[{\"@type\":\"WebPage\",\"@id\":\"https:\/\/jinsuncarbon.com\/product\/graphite-gasket\/\",\"url\":\"https:\/\/jinsuncarbon.com\/product\/graphite-gasket\/\",\"name\":\"Graphite Gasket Manufacturer in China | Jinsun Carbon\",\"isPartOf\":{\"@id\":\"https:\/\/jinsuncarbon.com\/#website\"},\"primaryImageOfPage\":{\"@id\":\"https:\/\/jinsuncarbon.com\/product\/graphite-gasket\/#primaryimage\"},\"image\":{\"@id\":\"https:\/\/jinsuncarbon.com\/product\/graphite-gasket\/#primaryimage\"},\"thumbnailUrl\":\"https:\/\/jinsuncarbon.com\/wp-content\/uploads\/2024\/11\/Graphite-Gaskets-1.jpg\",\"datePublished\":\"2024-11-30T02:12:51+00:00\",\"dateModified\":\"2024-12-01T04:40:26+00:00\",\"description\":\"Graphite gasket is a sealing material commonly used in high temperature, high pressure and corrosion resistant applications.\u00a0\",\"breadcrumb\":{\"@id\":\"https:\/\/jinsuncarbon.com\/product\/graphite-gasket\/#breadcrumb\"},\"inLanguage\":\"es\",\"potentialAction\":[{\"@type\":\"ReadAction\",\"target\":[\"https:\/\/jinsuncarbon.com\/product\/graphite-gasket\/\"]}]},{\"@type\":\"ImageObject\",\"inLanguage\":\"es\",\"@id\":\"https:\/\/jinsuncarbon.com\/product\/graphite-gasket\/#primaryimage\",\"url\":\"https:\/\/jinsuncarbon.com\/wp-content\/uploads\/2024\/11\/Graphite-Gaskets-1.jpg\",\"contentUrl\":\"https:\/\/jinsuncarbon.com\/wp-content\/uploads\/2024\/11\/Graphite-Gaskets-1.jpg\",\"width\":1024,\"height\":763,\"caption\":\"Graphite Gaskets\"},{\"@type\":\"BreadcrumbList\",\"@id\":\"https:\/\/jinsuncarbon.com\/product\/graphite-gasket\/#breadcrumb\",\"itemListElement\":[{\"@type\":\"ListItem\",\"position\":1,\"name\":\"Home\",\"item\":\"https:\/\/jinsuncarbon.com\/\"},{\"@type\":\"ListItem\",\"position\":2,\"name\":\"Products\",\"item\":\"https:\/\/jinsuncarbon.com\/graphite-carbon\/\"},{\"@type\":\"ListItem\",\"position\":3,\"name\":\"Graphite Gasket\"}]},{\"@type\":\"WebSite\",\"@id\":\"https:\/\/jinsuncarbon.com\/#website\",\"url\":\"https:\/\/jinsuncarbon.com\/\",\"name\":\"Jinsun Carbon\",\"description\":\"We are the successful graphite electrode manufacturer in China\",\"publisher\":{\"@id\":\"https:\/\/jinsuncarbon.com\/#organization\"},\"potentialAction\":[{\"@type\":\"SearchAction\",\"target\":{\"@type\":\"EntryPoint\",\"urlTemplate\":\"https:\/\/jinsuncarbon.com\/?s={search_term_string}\"},\"query-input\":{\"@type\":\"PropertyValueSpecification\",\"valueRequired\":true,\"valueName\":\"search_term_string\"}}],\"inLanguage\":\"es\"},{\"@type\":\"Organization\",\"@id\":\"https:\/\/jinsuncarbon.com\/#organization\",\"name\":\"Jinsun Carbon\",\"alternateName\":\"Jinsun Carbon\",\"url\":\"https:\/\/jinsuncarbon.com\/\",\"logo\":{\"@type\":\"ImageObject\",\"inLanguage\":\"es\",\"@id\":\"https:\/\/jinsuncarbon.com\/#\/schema\/logo\/image\/\",\"url\":\"https:\/\/jinsuncarbon.com\/wp-content\/uploads\/2022\/12\/LOGO-1.png\",\"contentUrl\":\"https:\/\/jinsuncarbon.com\/wp-content\/uploads\/2022\/12\/LOGO-1.png\",\"width\":207,\"height\":80,\"caption\":\"Jinsun Carbon\"},\"image\":{\"@id\":\"https:\/\/jinsuncarbon.com\/#\/schema\/logo\/image\/\"},\"sameAs\":[\"https:\/\/www.facebook.com\/Graphite-Electrode-109336238661595\",\"https:\/\/x.com\/jinsuncarbon_\",\"https:\/\/www.linkedin.com\/in\/jinsungraphite\",\"https:\/\/www.youtube.com\/channel\/UCysDNyvyR5-3cCWEmpkVC0g\"]}]}<\/script>\n<!-- \/ Yoast SEO Premium plugin. -->","yoast_head_json":{"title":"Fabricante de juntas de grafito en China | Jinsun Carbon","description":"La junta de grafito es un material de sellado utilizado habitualmente en aplicaciones de alta temperatura, alta presi\u00f3n y resistentes a la corrosi\u00f3n.\u00a0","robots":{"index":"index","follow":"follow","max-snippet":"max-snippet:-1","max-image-preview":"max-image-preview:large","max-video-preview":"max-video-preview:-1"},"canonical":"https:\/\/jinsuncarbon.com\/es\/producto\/junta-de-grafito\/","og_locale":"es_MX","og_type":"article","og_title":"Graphite Gasket","og_description":"Graphite gasket is a sealing material commonly used in high temperature, high pressure and corrosion resistant applications.\u00a0","og_url":"https:\/\/jinsuncarbon.com\/es\/producto\/junta-de-grafito\/","og_site_name":"Jinsun Carbon","article_publisher":"https:\/\/www.facebook.com\/Graphite-Electrode-109336238661595","article_modified_time":"2024-12-01T04:40:26+00:00","og_image":[{"width":1024,"height":763,"url":"https:\/\/jinsuncarbon.com\/wp-content\/uploads\/2024\/11\/Graphite-Gaskets-1.jpg","type":"image\/jpeg"}],"twitter_card":"summary_large_image","twitter_site":"@jinsuncarbon_","twitter_misc":{"Tiempo de lectura":"4 minutos"},"schema":{"@context":"https:\/\/schema.org","@graph":[{"@type":"WebPage","@id":"https:\/\/jinsuncarbon.com\/product\/graphite-gasket\/","url":"https:\/\/jinsuncarbon.com\/product\/graphite-gasket\/","name":"Fabricante de juntas de grafito en China | Jinsun Carbon","isPartOf":{"@id":"https:\/\/jinsuncarbon.com\/#website"},"primaryImageOfPage":{"@id":"https:\/\/jinsuncarbon.com\/product\/graphite-gasket\/#primaryimage"},"image":{"@id":"https:\/\/jinsuncarbon.com\/product\/graphite-gasket\/#primaryimage"},"thumbnailUrl":"https:\/\/jinsuncarbon.com\/wp-content\/uploads\/2024\/11\/Graphite-Gaskets-1.jpg","datePublished":"2024-11-30T02:12:51+00:00","dateModified":"2024-12-01T04:40:26+00:00","description":"La junta de grafito es un material de sellado utilizado habitualmente en aplicaciones de alta temperatura, alta presi\u00f3n y resistentes a la corrosi\u00f3n.\u00a0","breadcrumb":{"@id":"https:\/\/jinsuncarbon.com\/product\/graphite-gasket\/#breadcrumb"},"inLanguage":"es","potentialAction":[{"@type":"ReadAction","target":["https:\/\/jinsuncarbon.com\/product\/graphite-gasket\/"]}]},{"@type":"ImageObject","inLanguage":"es","@id":"https:\/\/jinsuncarbon.com\/product\/graphite-gasket\/#primaryimage","url":"https:\/\/jinsuncarbon.com\/wp-content\/uploads\/2024\/11\/Graphite-Gaskets-1.jpg","contentUrl":"https:\/\/jinsuncarbon.com\/wp-content\/uploads\/2024\/11\/Graphite-Gaskets-1.jpg","width":1024,"height":763,"caption":"Graphite Gaskets"},{"@type":"BreadcrumbList","@id":"https:\/\/jinsuncarbon.com\/product\/graphite-gasket\/#breadcrumb","itemListElement":[{"@type":"ListItem","position":1,"name":"Home","item":"https:\/\/jinsuncarbon.com\/"},{"@type":"ListItem","position":2,"name":"Products","item":"https:\/\/jinsuncarbon.com\/graphite-carbon\/"},{"@type":"ListItem","position":3,"name":"Graphite Gasket"}]},{"@type":"WebSite","@id":"https:\/\/jinsuncarbon.com\/#website","url":"https:\/\/jinsuncarbon.com\/","name":"Jinsun Carbon","description":"Somos el fabricante de electrodos de grafito con m\u00e1s \u00e9xito de China","publisher":{"@id":"https:\/\/jinsuncarbon.com\/#organization"},"potentialAction":[{"@type":"SearchAction","target":{"@type":"EntryPoint","urlTemplate":"https:\/\/jinsuncarbon.com\/?s={search_term_string}"},"query-input":{"@type":"PropertyValueSpecification","valueRequired":true,"valueName":"search_term_string"}}],"inLanguage":"es"},{"@type":"Organization","@id":"https:\/\/jinsuncarbon.com\/#organization","name":"Jinsun Carbon","alternateName":"Jinsun Carbon","url":"https:\/\/jinsuncarbon.com\/","logo":{"@type":"ImageObject","inLanguage":"es","@id":"https:\/\/jinsuncarbon.com\/#\/schema\/logo\/image\/","url":"https:\/\/jinsuncarbon.com\/wp-content\/uploads\/2022\/12\/LOGO-1.png","contentUrl":"https:\/\/jinsuncarbon.com\/wp-content\/uploads\/2022\/12\/LOGO-1.png","width":207,"height":80,"caption":"Jinsun Carbon"},"image":{"@id":"https:\/\/jinsuncarbon.com\/#\/schema\/logo\/image\/"},"sameAs":["https:\/\/www.facebook.com\/Graphite-Electrode-109336238661595","https:\/\/x.com\/jinsuncarbon_","https:\/\/www.linkedin.com\/in\/jinsungraphite","https:\/\/www.youtube.com\/channel\/UCysDNyvyR5-3cCWEmpkVC0g"]}]}},"_links":{"self":[{"href":"https:\/\/jinsuncarbon.com\/es\/wp-json\/wp\/v2\/product\/6864","targetHints":{"allow":["GET"]}}],"collection":[{"href":"https:\/\/jinsuncarbon.com\/es\/wp-json\/wp\/v2\/product"}],"about":[{"href":"https:\/\/jinsuncarbon.com\/es\/wp-json\/wp\/v2\/types\/product"}],"wp:featuredmedia":[{"embeddable":true,"href":"https:\/\/jinsuncarbon.com\/es\/wp-json\/wp\/v2\/media\/6866"}],"wp:attachment":[{"href":"https:\/\/jinsuncarbon.com\/es\/wp-json\/wp\/v2\/media?parent=6864"}],"wp:term":[{"taxonomy":"product_brand","embeddable":true,"href":"https:\/\/jinsuncarbon.com\/es\/wp-json\/wp\/v2\/product_brand?post=6864"},{"taxonomy":"product_cat","embeddable":true,"href":"https:\/\/jinsuncarbon.com\/es\/wp-json\/wp\/v2\/product_cat?post=6864"},{"taxonomy":"product_tag","embeddable":true,"href":"https:\/\/jinsuncarbon.com\/es\/wp-json\/wp\/v2\/product_tag?post=6864"}],"curies":[{"name":"wp","href":"https:\/\/api.w.org\/{rel}","templated":true}]}}