{"id":6834,"date":"2024-11-26T11:37:08","date_gmt":"2024-11-26T11:37:08","guid":{"rendered":"https:\/\/jinsuncarbon.com\/?post_type=product&#038;p=6834"},"modified":"2025-10-02T07:22:10","modified_gmt":"2025-10-02T07:22:10","slug":"chatarra-de-electrodos-de-grafito","status":"publish","type":"product","link":"https:\/\/jinsuncarbon.com\/es\/producto\/chatarra-de-electrodos-de-grafito\/","title":{"rendered":"Chatarra de electrodo de grafito"},"content":{"rendered":"<p>La chatarra de electrodos de grafito tiene un considerable potencial de reutilizaci\u00f3n. El contenido de carbono se mantiene en una proporci\u00f3n considerable. Puede proporcionar la posibilidad de extracci\u00f3n de valor secundario para muchos eslabones industriales. Las formas de la chatarra de electrodos de grafito son diferentes, en bloque, granular, etc., con una amplia gama de tama\u00f1os. Tanto si se trata de una gran reconversi\u00f3n industrial como de una peque\u00f1a innovaci\u00f3n de procesos, puede utilizar nuestros servicios profesionales de procesamiento e implantaci\u00f3n. Exploraci\u00f3n en profundidad de su valor oculto, para que pueda adaptarse con precisi\u00f3n a su escenario de aplicaci\u00f3n espec\u00edfico. Convi\u00e9rtase en su asistente adecuado para la reducci\u00f3n de costes, la eficiencia y el reciclaje de recursos.<\/p>\n<p>&nbsp;<\/p>\n<h2>Ventajas de la chatarra de electrodos de grafito<\/h2>\n<ul>\n<li>Gran capacidad de reciclaje. Con una tecnolog\u00eda y un proceso de reciclaje avanzados, puede reintegrar la chatarra de forma eficaz. La tasa de recuperaci\u00f3n puede alcanzar 96% o m\u00e1s. Reduce en gran medida la chatarra de recursos, ahorra muchos costes de adquisici\u00f3n de materias primas para las empresas. Adem\u00e1s, el proceso de reciclaje es relativamente sencillo y r\u00e1pido. Puede lograr el reciclaje de chatarra a gran escala en poco tiempo, mejorando efectivamente la eficiencia de reciclaje de recursos de las empresas.<\/li>\n<\/ul>\n<p>&nbsp;<\/p>\n<ul>\n<li>Valor potencial de utilizaci\u00f3n del calor. En un entorno de altas temperaturas, la chatarra de electrodo de grafito puede absorber y almacenar calor de forma estable. Y su capacidad calor\u00edfica es alta, por lo que puede utilizarse como medio de intercambio de calor de alta calidad en sistemas industriales de ciclos de calor. Adem\u00e1s, reduce el consumo de energ\u00eda y mejora la eficiencia energ\u00e9tica.<\/li>\n<\/ul>\n<p>&nbsp;<\/p>\n<ul>\n<li>Tiene una cierta base de conductividad el\u00e9ctrica. Puede utilizarse como material conductor auxiliar. En la fabricaci\u00f3n o reparaci\u00f3n de circuitos de componentes electr\u00f3nicos con bajos requisitos de conductividad pero que requieren ciertas propiedades conductoras.<\/li>\n<\/ul>\n<p>&nbsp;<\/p>\n<ul>\n<li>La estabilidad qu\u00edmica es relativamente alta. Puede soportar la erosi\u00f3n de sustancias corrosivas como \u00e1cidos fuertes y \u00e1lcalis. Esto prolonga la vida \u00fatil de los contenedores y reduce los costes de mantenimiento de los equipos y los tiempos de inactividad causados por la corrosi\u00f3n qu\u00edmica.<\/li>\n<\/ul>\n<p>&nbsp;<\/p>\n<ul>\n<li>Densidad moderada para facilitar su manipulaci\u00f3n. No es ni demasiado pesada para aumentar la dificultad de transporte y manipulaci\u00f3n, ni demasiado ligera para manejarla. La chatarra puede reducir las p\u00e9rdidas y el consumo de energ\u00eda de los equipos. Tambi\u00e9n mejora la eficacia del tratamiento y facilita a las empresas el reprocesamiento y la utilizaci\u00f3n a gran escala de la chatarra de electrodos de grafito.<\/li>\n<\/ul>\n<p>&nbsp;<\/p>\n<ul>\n<li>El contenido de impurezas se encuentra en el rango separable. Mediante los m\u00e9todos convencionales de separaci\u00f3n f\u00edsica, como el cribado, la flotaci\u00f3n y los medios de purificaci\u00f3n qu\u00edmica, el contenido de impurezas puede reducirse a un nivel extremadamente bajo. De este modo, la chatarra de electrodo de grafito purificada puede satisfacer los requisitos m\u00e1s exigentes de las aplicaciones industriales.<\/li>\n<\/ul>\n<p>&nbsp;<\/p>\n<h2>Usos de los restos de electrodos de grafito<\/h2>\n<ul>\n<li><strong>Fabricaci\u00f3n de electrodos de grafito reciclado:<\/strong> Tras un tratamiento espec\u00edfico, la chatarra de electrodos de grafito puede reutilizarse como parte de la materia prima para fabricar electrodos de grafito. Esto permite ahorrar recursos de forma eficaz.<\/li>\n<\/ul>\n<p>&nbsp;<\/p>\n<ul>\n<li><strong>Fabricaci\u00f3n de electrodos de carbono:<\/strong> Los trozos de electrodo de grafito se utilizan como materia prima para la producci\u00f3n de <a href=\"https:\/\/jinsuncarbon.com\/es\/producto\/electrodo-de-carbono\/\">electrodos de carbono<\/a> principalmente porque puede mejorar significativamente la conductividad de los electrodos de carbono. Adem\u00e1s, tambi\u00e9n puede mejorar la resistencia mec\u00e1nica de los electrodos de carbono y hacer que su estructura sea m\u00e1s estable.<\/li>\n<\/ul>\n<p>&nbsp;<\/p>\n<ul>\n<li><strong>Producci\u00f3n de bloques de carb\u00f3n cat\u00f3dico:<\/strong> Despu\u00e9s de a\u00f1adir virutas de grafito a la producci\u00f3n de bloques de carb\u00f3n cat\u00f3dico, la resistencia del <a href=\"https:\/\/jinsuncarbon.com\/es\/producto\/bloque-catodico\/\">bloques de carbono cat\u00f3dico<\/a> se reduce, lo que favorece la electr\u00f3lisis. Al mismo tiempo, el grafito es blando, lo que facilita el procesamiento y moldeado de los bloques de carbono cat\u00f3dico.<\/li>\n<\/ul>\n<p>&nbsp;<\/p>\n<ul>\n<li><strong>Carburizador de acero:<\/strong> En el proceso de fabricaci\u00f3n del acero, la adici\u00f3n de chatarra de electrodo de grafito tratada puede ajustar con precisi\u00f3n el contenido de carbono del acero fundido. Y tambi\u00e9n mejora la calidad del acero.<\/li>\n<\/ul>\n<p>&nbsp;<\/p>\n<ul>\n<li><strong>Aditivos refractarios:<\/strong> A\u00f1adido a los materiales refractarios, puede mejorar su resistencia a las altas temperaturas y su estabilidad estructural. Por lo tanto, puede prolongar la vida \u00fatil de los materiales refractarios.<\/li>\n<\/ul>","protected":false},"excerpt":{"rendered":"<p>La chatarra de electrodos de grafito es el material residual generado durante la producci\u00f3n o el uso de electrodos de grafito. Tras el bautismo y la precipitaci\u00f3n de muchos procesos complejos, su estructura interna encierra misterios \u00fanicos. Aunque es un residuo, conserva las caracter\u00edsticas esenciales de los materiales de grafito. La chatarra de electrodos de grafito tiene ciertas caracter\u00edsticas de estructura cristalina, mostrando una forma irregular en bloque o granular. En la mayor\u00eda de los casos, sirven como reserva de recursos renovables.<\/p>","protected":false},"featured_media":6835,"template":"","meta":[],"product_brand":[],"product_cat":[38],"product_tag":[],"class_list":{"0":"post-6834","1":"product","2":"type-product","3":"status-publish","4":"has-post-thumbnail","6":"product_cat-graphite-products","8":"first","9":"instock","10":"shipping-taxable","11":"product-type-simple"},"yoast_head":"<!-- This site is optimized with the Yoast SEO Premium plugin v19.2.1 (Yoast SEO v25.3) - https:\/\/yoast.com\/wordpress\/plugins\/seo\/ -->\n<title>Graphite Electrode Scrap Manufacturer | Jinsun Carbon<\/title>\n<meta name=\"description\" content=\"Graphite electrode scrap has considerable potential for reuse. The carbon content is still maintained in a considerable proportion.\" \/>\n<meta name=\"robots\" content=\"index, follow, max-snippet:-1, max-image-preview:large, max-video-preview:-1\" \/>\n<link rel=\"canonical\" href=\"https:\/\/jinsuncarbon.com\/es\/producto\/chatarra-de-electrodos-de-grafito\/\" \/>\n<meta property=\"og:locale\" content=\"es_MX\" \/>\n<meta property=\"og:type\" content=\"article\" \/>\n<meta property=\"og:title\" content=\"Graphite Electrode Scrap\" \/>\n<meta property=\"og:description\" content=\"Graphite electrode scrap has considerable potential for reuse. The carbon content is still maintained in a considerable proportion.\" \/>\n<meta property=\"og:url\" content=\"https:\/\/jinsuncarbon.com\/es\/producto\/chatarra-de-electrodos-de-grafito\/\" \/>\n<meta property=\"og:site_name\" content=\"Jinsun Carbon\" \/>\n<meta property=\"article:publisher\" content=\"https:\/\/www.facebook.com\/Graphite-Electrode-109336238661595\" \/>\n<meta property=\"article:modified_time\" content=\"2025-10-02T07:22:10+00:00\" \/>\n<meta property=\"og:image\" content=\"https:\/\/jinsuncarbon.com\/wp-content\/uploads\/2024\/11\/Graphite-electrode-scrap.jpg\" \/>\n\t<meta property=\"og:image:width\" content=\"1024\" \/>\n\t<meta property=\"og:image:height\" content=\"763\" \/>\n\t<meta property=\"og:image:type\" content=\"image\/jpeg\" \/>\n<meta name=\"twitter:card\" content=\"summary_large_image\" \/>\n<meta name=\"twitter:site\" content=\"@jinsuncarbon_\" \/>\n<meta name=\"twitter:label1\" content=\"Tiempo de lectura\" \/>\n\t<meta name=\"twitter:data1\" content=\"3 minutos\" \/>\n<script type=\"application\/ld+json\" class=\"yoast-schema-graph\">{\"@context\":\"https:\/\/schema.org\",\"@graph\":[{\"@type\":\"WebPage\",\"@id\":\"https:\/\/jinsuncarbon.com\/product\/graphite-electrode-scrap\/\",\"url\":\"https:\/\/jinsuncarbon.com\/product\/graphite-electrode-scrap\/\",\"name\":\"Graphite Electrode Scrap Manufacturer | Jinsun Carbon\",\"isPartOf\":{\"@id\":\"https:\/\/jinsuncarbon.com\/#website\"},\"primaryImageOfPage\":{\"@id\":\"https:\/\/jinsuncarbon.com\/product\/graphite-electrode-scrap\/#primaryimage\"},\"image\":{\"@id\":\"https:\/\/jinsuncarbon.com\/product\/graphite-electrode-scrap\/#primaryimage\"},\"thumbnailUrl\":\"https:\/\/jinsuncarbon.com\/wp-content\/uploads\/2024\/11\/Graphite-electrode-scrap.jpg\",\"datePublished\":\"2024-11-26T11:37:08+00:00\",\"dateModified\":\"2025-10-02T07:22:10+00:00\",\"description\":\"Graphite electrode scrap has considerable potential for reuse. The carbon content is still maintained in a considerable proportion.\",\"breadcrumb\":{\"@id\":\"https:\/\/jinsuncarbon.com\/product\/graphite-electrode-scrap\/#breadcrumb\"},\"inLanguage\":\"es\",\"potentialAction\":[{\"@type\":\"ReadAction\",\"target\":[\"https:\/\/jinsuncarbon.com\/product\/graphite-electrode-scrap\/\"]}]},{\"@type\":\"ImageObject\",\"inLanguage\":\"es\",\"@id\":\"https:\/\/jinsuncarbon.com\/product\/graphite-electrode-scrap\/#primaryimage\",\"url\":\"https:\/\/jinsuncarbon.com\/wp-content\/uploads\/2024\/11\/Graphite-electrode-scrap.jpg\",\"contentUrl\":\"https:\/\/jinsuncarbon.com\/wp-content\/uploads\/2024\/11\/Graphite-electrode-scrap.jpg\",\"width\":1024,\"height\":763,\"caption\":\"Graphite electrode scrap\"},{\"@type\":\"BreadcrumbList\",\"@id\":\"https:\/\/jinsuncarbon.com\/product\/graphite-electrode-scrap\/#breadcrumb\",\"itemListElement\":[{\"@type\":\"ListItem\",\"position\":1,\"name\":\"Home\",\"item\":\"https:\/\/jinsuncarbon.com\/\"},{\"@type\":\"ListItem\",\"position\":2,\"name\":\"Products\",\"item\":\"https:\/\/jinsuncarbon.com\/graphite-carbon\/\"},{\"@type\":\"ListItem\",\"position\":3,\"name\":\"Graphite Electrode Scrap\"}]},{\"@type\":\"WebSite\",\"@id\":\"https:\/\/jinsuncarbon.com\/#website\",\"url\":\"https:\/\/jinsuncarbon.com\/\",\"name\":\"Jinsun Carbon\",\"description\":\"We are the successful graphite electrode manufacturer in China\",\"publisher\":{\"@id\":\"https:\/\/jinsuncarbon.com\/#organization\"},\"potentialAction\":[{\"@type\":\"SearchAction\",\"target\":{\"@type\":\"EntryPoint\",\"urlTemplate\":\"https:\/\/jinsuncarbon.com\/?s={search_term_string}\"},\"query-input\":{\"@type\":\"PropertyValueSpecification\",\"valueRequired\":true,\"valueName\":\"search_term_string\"}}],\"inLanguage\":\"es\"},{\"@type\":\"Organization\",\"@id\":\"https:\/\/jinsuncarbon.com\/#organization\",\"name\":\"Jinsun Carbon\",\"alternateName\":\"Jinsun Carbon\",\"url\":\"https:\/\/jinsuncarbon.com\/\",\"logo\":{\"@type\":\"ImageObject\",\"inLanguage\":\"es\",\"@id\":\"https:\/\/jinsuncarbon.com\/#\/schema\/logo\/image\/\",\"url\":\"https:\/\/jinsuncarbon.com\/wp-content\/uploads\/2022\/12\/LOGO-1.png\",\"contentUrl\":\"https:\/\/jinsuncarbon.com\/wp-content\/uploads\/2022\/12\/LOGO-1.png\",\"width\":207,\"height\":80,\"caption\":\"Jinsun Carbon\"},\"image\":{\"@id\":\"https:\/\/jinsuncarbon.com\/#\/schema\/logo\/image\/\"},\"sameAs\":[\"https:\/\/www.facebook.com\/Graphite-Electrode-109336238661595\",\"https:\/\/x.com\/jinsuncarbon_\",\"https:\/\/www.linkedin.com\/in\/jinsungraphite\",\"https:\/\/www.youtube.com\/channel\/UCysDNyvyR5-3cCWEmpkVC0g\"]}]}<\/script>\n<!-- \/ Yoast SEO Premium plugin. -->","yoast_head_json":{"title":"Fabricante de chatarra de electrodo de grafito | Jinsun Carbon","description":"La chatarra de electrodos de grafito tiene un considerable potencial de reutilizaci\u00f3n. El contenido de carbono se mantiene en una proporci\u00f3n considerable.","robots":{"index":"index","follow":"follow","max-snippet":"max-snippet:-1","max-image-preview":"max-image-preview:large","max-video-preview":"max-video-preview:-1"},"canonical":"https:\/\/jinsuncarbon.com\/es\/producto\/chatarra-de-electrodos-de-grafito\/","og_locale":"es_MX","og_type":"article","og_title":"Graphite Electrode Scrap","og_description":"Graphite electrode scrap has considerable potential for reuse. The carbon content is still maintained in a considerable proportion.","og_url":"https:\/\/jinsuncarbon.com\/es\/producto\/chatarra-de-electrodos-de-grafito\/","og_site_name":"Jinsun Carbon","article_publisher":"https:\/\/www.facebook.com\/Graphite-Electrode-109336238661595","article_modified_time":"2025-10-02T07:22:10+00:00","og_image":[{"width":1024,"height":763,"url":"https:\/\/jinsuncarbon.com\/wp-content\/uploads\/2024\/11\/Graphite-electrode-scrap.jpg","type":"image\/jpeg"}],"twitter_card":"summary_large_image","twitter_site":"@jinsuncarbon_","twitter_misc":{"Tiempo de lectura":"3 minutos"},"schema":{"@context":"https:\/\/schema.org","@graph":[{"@type":"WebPage","@id":"https:\/\/jinsuncarbon.com\/product\/graphite-electrode-scrap\/","url":"https:\/\/jinsuncarbon.com\/product\/graphite-electrode-scrap\/","name":"Fabricante de chatarra de electrodo de grafito | Jinsun Carbon","isPartOf":{"@id":"https:\/\/jinsuncarbon.com\/#website"},"primaryImageOfPage":{"@id":"https:\/\/jinsuncarbon.com\/product\/graphite-electrode-scrap\/#primaryimage"},"image":{"@id":"https:\/\/jinsuncarbon.com\/product\/graphite-electrode-scrap\/#primaryimage"},"thumbnailUrl":"https:\/\/jinsuncarbon.com\/wp-content\/uploads\/2024\/11\/Graphite-electrode-scrap.jpg","datePublished":"2024-11-26T11:37:08+00:00","dateModified":"2025-10-02T07:22:10+00:00","description":"La chatarra de electrodos de grafito tiene un considerable potencial de reutilizaci\u00f3n. El contenido de carbono se mantiene en una proporci\u00f3n considerable.","breadcrumb":{"@id":"https:\/\/jinsuncarbon.com\/product\/graphite-electrode-scrap\/#breadcrumb"},"inLanguage":"es","potentialAction":[{"@type":"ReadAction","target":["https:\/\/jinsuncarbon.com\/product\/graphite-electrode-scrap\/"]}]},{"@type":"ImageObject","inLanguage":"es","@id":"https:\/\/jinsuncarbon.com\/product\/graphite-electrode-scrap\/#primaryimage","url":"https:\/\/jinsuncarbon.com\/wp-content\/uploads\/2024\/11\/Graphite-electrode-scrap.jpg","contentUrl":"https:\/\/jinsuncarbon.com\/wp-content\/uploads\/2024\/11\/Graphite-electrode-scrap.jpg","width":1024,"height":763,"caption":"Graphite electrode scrap"},{"@type":"BreadcrumbList","@id":"https:\/\/jinsuncarbon.com\/product\/graphite-electrode-scrap\/#breadcrumb","itemListElement":[{"@type":"ListItem","position":1,"name":"Home","item":"https:\/\/jinsuncarbon.com\/"},{"@type":"ListItem","position":2,"name":"Products","item":"https:\/\/jinsuncarbon.com\/graphite-carbon\/"},{"@type":"ListItem","position":3,"name":"Graphite Electrode Scrap"}]},{"@type":"WebSite","@id":"https:\/\/jinsuncarbon.com\/#website","url":"https:\/\/jinsuncarbon.com\/","name":"Jinsun Carbon","description":"Somos el fabricante de electrodos de grafito con m\u00e1s \u00e9xito de China","publisher":{"@id":"https:\/\/jinsuncarbon.com\/#organization"},"potentialAction":[{"@type":"SearchAction","target":{"@type":"EntryPoint","urlTemplate":"https:\/\/jinsuncarbon.com\/?s={search_term_string}"},"query-input":{"@type":"PropertyValueSpecification","valueRequired":true,"valueName":"search_term_string"}}],"inLanguage":"es"},{"@type":"Organization","@id":"https:\/\/jinsuncarbon.com\/#organization","name":"Jinsun Carbon","alternateName":"Jinsun Carbon","url":"https:\/\/jinsuncarbon.com\/","logo":{"@type":"ImageObject","inLanguage":"es","@id":"https:\/\/jinsuncarbon.com\/#\/schema\/logo\/image\/","url":"https:\/\/jinsuncarbon.com\/wp-content\/uploads\/2022\/12\/LOGO-1.png","contentUrl":"https:\/\/jinsuncarbon.com\/wp-content\/uploads\/2022\/12\/LOGO-1.png","width":207,"height":80,"caption":"Jinsun Carbon"},"image":{"@id":"https:\/\/jinsuncarbon.com\/#\/schema\/logo\/image\/"},"sameAs":["https:\/\/www.facebook.com\/Graphite-Electrode-109336238661595","https:\/\/x.com\/jinsuncarbon_","https:\/\/www.linkedin.com\/in\/jinsungraphite","https:\/\/www.youtube.com\/channel\/UCysDNyvyR5-3cCWEmpkVC0g"]}]}},"_links":{"self":[{"href":"https:\/\/jinsuncarbon.com\/es\/wp-json\/wp\/v2\/product\/6834","targetHints":{"allow":["GET"]}}],"collection":[{"href":"https:\/\/jinsuncarbon.com\/es\/wp-json\/wp\/v2\/product"}],"about":[{"href":"https:\/\/jinsuncarbon.com\/es\/wp-json\/wp\/v2\/types\/product"}],"wp:featuredmedia":[{"embeddable":true,"href":"https:\/\/jinsuncarbon.com\/es\/wp-json\/wp\/v2\/media\/6835"}],"wp:attachment":[{"href":"https:\/\/jinsuncarbon.com\/es\/wp-json\/wp\/v2\/media?parent=6834"}],"wp:term":[{"taxonomy":"product_brand","embeddable":true,"href":"https:\/\/jinsuncarbon.com\/es\/wp-json\/wp\/v2\/product_brand?post=6834"},{"taxonomy":"product_cat","embeddable":true,"href":"https:\/\/jinsuncarbon.com\/es\/wp-json\/wp\/v2\/product_cat?post=6834"},{"taxonomy":"product_tag","embeddable":true,"href":"https:\/\/jinsuncarbon.com\/es\/wp-json\/wp\/v2\/product_tag?post=6834"}],"curies":[{"name":"wp","href":"https:\/\/api.w.org\/{rel}","templated":true}]}}