{"id":6799,"date":"2024-11-25T09:34:57","date_gmt":"2024-11-25T09:34:57","guid":{"rendered":"https:\/\/jinsuncarbon.com\/?post_type=product&#038;p=6799"},"modified":"2024-12-01T12:56:31","modified_gmt":"2024-12-01T12:56:31","slug":"electrodo-de-grafito-pirolitico","status":"publish","type":"product","link":"https:\/\/jinsuncarbon.com\/es\/producto\/electrodo-de-grafito-pirolitico\/","title":{"rendered":"Electrodo de grafito pirol\u00edtico"},"content":{"rendered":"<p>Las formas de los electrodos de grafito pirol\u00edtico son diversas, de tama\u00f1o flexible y excelente pureza. Ya sea peque\u00f1o o grande, puede basarse en sus necesidades espec\u00edficas. Mediante un proceso de personalizaci\u00f3n profesional, puede adaptarse perfectamente a los requisitos de su proyecto. El contenido de carbono del electrodo de grafito es generalmente tan alto como 98% o superior. Y es un modelo bien merecido de materiales de electrodo de alta pureza.<\/p>\n<p>&nbsp;<\/p>\n<h2>Ventajas de los electrodos de grafito pirol\u00edtico<\/h2>\n<ul>\n<li><strong>Estabilidad a altas temperaturas:<\/strong>\u00a0Los electrodos de grafito pirol\u00edtico pueden soportar temperaturas extremadamente altas. Y sigue manteniendo la estabilidad estructural en entornos de altas temperaturas de m\u00e1s de 3000 \u00b0C, sin reblandecerse ni fundirse. Esto le permite trabajar de forma estable en la fusi\u00f3n a alta temperatura, la s\u00edntesis a alta temperatura y otros procesos. Por ejemplo, en el proceso de fundici\u00f3n de metales especiales. Esto puede soportar altas temperaturas durante mucho tiempo y seguir desempe\u00f1ando el papel de los electrodos.<\/li>\n<\/ul>\n<p>&nbsp;<\/p>\n<ul>\n<li><strong>Excelente conductividad el\u00e9ctrica:<\/strong> Con una buena conductividad el\u00e9ctrica, puede conducir la corriente con eficacia. En aplicaciones electroqu\u00edmicas, puede reducir eficazmente la p\u00e9rdida de resistencia y mejorar la eficiencia energ\u00e9tica. En las industrias electrol\u00edticas a gran escala, como la producci\u00f3n de aluminio electrol\u00edtico, su excelente conductividad el\u00e9ctrica ayuda a reducir los costes de producci\u00f3n y aumentar la velocidad de producci\u00f3n.<\/li>\n<\/ul>\n<p>&nbsp;<\/p>\n<ul>\n<li><strong>Tolerancia qu\u00edmica:<\/strong> Tiene una fuerte inercia qu\u00edmica, \u00e1cido, \u00e1lcali, disolventes org\u00e1nicos y otras sustancias qu\u00edmicas. Tiene un alto grado de tolerancia, no es f\u00e1cil a la reacci\u00f3n qu\u00edmica y la corrosi\u00f3n. En el complejo entorno qu\u00edmico del sector qu\u00edmico, como la presencia de diversos electrolitos y gases corrosivos, puede funcionar de forma estable durante mucho tiempo. Esto reduce la frecuencia de sustituci\u00f3n de los electrodos y los costes de mantenimiento.<\/li>\n<\/ul>\n<p>&nbsp;<\/p>\n<ul>\n<li><strong>Bajo coeficiente de dilataci\u00f3n:<\/strong> El coeficiente de dilataci\u00f3n t\u00e9rmica del electrodo de grafito pirol\u00edtico es muy bajo. Y su tama\u00f1o cambia ligeramente cuando var\u00eda la temperatura. Esta caracter\u00edstica es especialmente importante en el mecanizado de alta precisi\u00f3n y los procesos experimentales. Como la fabricaci\u00f3n de semiconductores. Esto garantiza la precisi\u00f3n dimensional de los electrodos a diferentes temperaturas de proceso y asegura la estabilidad de la calidad del producto.<\/li>\n<\/ul>\n<p>&nbsp;<\/p>\n<h2>Aplicaciones del electrodo de grafito pirol\u00edtico<\/h2>\n<p>La superficie del electrodo de grafito pirol\u00edtico puede modificarse para detectar iones de forma selectiva. Por ejemplo, al detectar iones de metales pesados, los electrodos modificados qu\u00edmicamente producen reacciones espec\u00edficas con los iones de metales pesados. Y las concentraciones de iones se determinan en funci\u00f3n de los cambios en <a href=\"https:\/\/en.wikipedia.org\/wiki\/Electrochemistry\" target=\"_blank\" rel=\"noopener\">electroqu\u00edmico<\/a> se\u00f1ales. Tambi\u00e9n puede detectar materia org\u00e1nica. Como la detecci\u00f3n de glucosa y otros componentes biol\u00f3gicos peque\u00f1os, fijados en la superficie del electrodo de la glucosa oxidasa y otras enzimas biol\u00f3gicas. Utiliza la reacci\u00f3n espec\u00edfica de la enzima y la glucosa generada por los cambios de se\u00f1al el\u00e9ctrica para la detecci\u00f3n cuantitativa.<\/p>\n<p>&nbsp;<\/p>\n<p><strong>En el campo de la investigaci\u00f3n electroqu\u00edmica,<\/strong> el electrodo de grafito pirol\u00edtico tiene buena conductividad y estabilidad. Y podemos utilizarlo para estudiar el proceso de transferencia de carga en el <a href=\"https:\/\/jinsuncarbon.com\/es\/producto\/electrodo-de-varilla-de-grafito\/\">electrodo<\/a> superficie, el proceso de adsorci\u00f3n y desorci\u00f3n de sustancias y otros problemas cin\u00e9ticos. Esto ayuda a comprender en profundidad el mecanismo de la reacci\u00f3n electroqu\u00edmica. Y proporciona apoyo te\u00f3rico para el dise\u00f1o de dispositivos electroqu\u00edmicos de alto rendimiento. Al mismo tiempo, tambi\u00e9n podemos utilizarlo como soporte de catalizadores, cargar diferentes catalizadores para estudiar el impacto de las reacciones electrocatal\u00edticas. Como la reacci\u00f3n de reducci\u00f3n de ox\u00edgeno, la reacci\u00f3n de evoluci\u00f3n de hidr\u00f3geno, etc. Por lo tanto, podemos explorar materiales electrocatal\u00edticos y sistemas de reacci\u00f3n eficientes. Y esto tambi\u00e9n promueve el progreso de las pilas de combustible, el agua electrol\u00edtica y otras tecnolog\u00edas.<\/p>\n<p>&nbsp;<\/p>\n<p><strong>En <a href=\"https:\/\/en.wikipedia.org\/wiki\/Sensor#:~:text=In%20the%20broadest%20definition%2C%20a,electronics%2C%20frequently%20a%20computer%20processor.\" target=\"_blank\" rel=\"noopener\">sensor<\/a> aplicaciones,<\/strong> Los electrodos de grafito pirol\u00edtico pueden responder a gases espec\u00edficos. Por ejemplo, se modifican materiales sensibles como \u00f3xidos met\u00e1licos en la superficie del electrodo para detectar gases como ox\u00edgeno, hidr\u00f3geno y <a href=\"https:\/\/jinsuncarbon.com\/es\/usos-del-carbono\/\">carbono<\/a> mon\u00f3xido. Tambi\u00e9n puede fabricar biosensores para detectar sustancias o actividad biol\u00f3gica en organismos vivos. Por ejemplo, combinarlo con enzimas, anticuerpos, \u00e1cidos nucleicos y otros elementos biom\u00e9tricos. Entonces puede detectar de forma r\u00e1pida y sensible az\u00facar en sangre, l\u00edpidos en sangre, pat\u00f3genos, etc.<\/p>","protected":false},"excerpt":{"rendered":"<p>El electrodo de grafito pirol\u00edtico se construye cuidadosamente mediante el vanguardista proceso CVD (deposici\u00f3n qu\u00edmica de vapor). En un entorno de alta temperatura y precisi\u00f3n controlada, los gases que contienen carbono se descomponen t\u00e9rmicamente. Los \u00e1tomos de carbono se depositan con precisi\u00f3n. Y se forman capas de grafito con estructuras \u00fanicas gracias a su estructura cristalina altamente ordenada. Especialmente la estructura de plano de borde clave, que hace que destaque sobre otros materiales y consiga un rendimiento excepcional.<\/p>","protected":false},"featured_media":6800,"template":"","meta":[],"product_brand":[],"product_cat":[38],"product_tag":[],"class_list":{"0":"post-6799","1":"product","2":"type-product","3":"status-publish","4":"has-post-thumbnail","6":"product_cat-graphite-products","8":"first","9":"instock","10":"shipping-taxable","11":"product-type-simple"},"yoast_head":"<!-- This site is optimized with the Yoast SEO Premium plugin v19.2.1 (Yoast SEO v25.3) - https:\/\/yoast.com\/wordpress\/plugins\/seo\/ -->\n<title>Pyrolytic Graphite Electrode Manufacturer in China<\/title>\n<meta name=\"description\" content=\"Pyrolytic graphite electrode is constructed by the cutting-edge CVD (chemical vapor deposition) process, it can be based on your specific needs.\" \/>\n<meta name=\"robots\" content=\"index, follow, max-snippet:-1, max-image-preview:large, max-video-preview:-1\" \/>\n<link rel=\"canonical\" href=\"https:\/\/jinsuncarbon.com\/es\/producto\/electrodo-de-grafito-pirolitico\/\" \/>\n<meta property=\"og:locale\" content=\"es_MX\" \/>\n<meta property=\"og:type\" content=\"article\" \/>\n<meta property=\"og:title\" content=\"Pyrolytic Graphite Electrode\" \/>\n<meta property=\"og:description\" content=\"Pyrolytic graphite electrode is constructed by the cutting-edge CVD (chemical vapor deposition) process, it can be based on your specific needs.\" \/>\n<meta property=\"og:url\" content=\"https:\/\/jinsuncarbon.com\/es\/producto\/electrodo-de-grafito-pirolitico\/\" \/>\n<meta property=\"og:site_name\" content=\"Jinsun Carbon\" \/>\n<meta property=\"article:publisher\" content=\"https:\/\/www.facebook.com\/Graphite-Electrode-109336238661595\" \/>\n<meta property=\"article:modified_time\" content=\"2024-12-01T12:56:31+00:00\" \/>\n<meta property=\"og:image\" content=\"https:\/\/jinsuncarbon.com\/wp-content\/uploads\/2024\/11\/pyrolytic-graphite-electrode.jpg\" \/>\n\t<meta property=\"og:image:width\" content=\"1024\" \/>\n\t<meta property=\"og:image:height\" content=\"763\" \/>\n\t<meta property=\"og:image:type\" content=\"image\/jpeg\" \/>\n<meta name=\"twitter:card\" content=\"summary_large_image\" \/>\n<meta name=\"twitter:site\" content=\"@jinsuncarbon_\" \/>\n<meta name=\"twitter:label1\" content=\"Tiempo de lectura\" \/>\n\t<meta name=\"twitter:data1\" content=\"3 minutos\" \/>\n<script type=\"application\/ld+json\" class=\"yoast-schema-graph\">{\"@context\":\"https:\/\/schema.org\",\"@graph\":[{\"@type\":\"WebPage\",\"@id\":\"https:\/\/jinsuncarbon.com\/product\/pyrolytic-graphite-electrode\/\",\"url\":\"https:\/\/jinsuncarbon.com\/product\/pyrolytic-graphite-electrode\/\",\"name\":\"Pyrolytic Graphite Electrode Manufacturer in China\",\"isPartOf\":{\"@id\":\"https:\/\/jinsuncarbon.com\/#website\"},\"primaryImageOfPage\":{\"@id\":\"https:\/\/jinsuncarbon.com\/product\/pyrolytic-graphite-electrode\/#primaryimage\"},\"image\":{\"@id\":\"https:\/\/jinsuncarbon.com\/product\/pyrolytic-graphite-electrode\/#primaryimage\"},\"thumbnailUrl\":\"https:\/\/jinsuncarbon.com\/wp-content\/uploads\/2024\/11\/pyrolytic-graphite-electrode.jpg\",\"datePublished\":\"2024-11-25T09:34:57+00:00\",\"dateModified\":\"2024-12-01T12:56:31+00:00\",\"description\":\"Pyrolytic graphite electrode is constructed by the cutting-edge CVD (chemical vapor deposition) process, it can be based on your specific needs.\",\"breadcrumb\":{\"@id\":\"https:\/\/jinsuncarbon.com\/product\/pyrolytic-graphite-electrode\/#breadcrumb\"},\"inLanguage\":\"es\",\"potentialAction\":[{\"@type\":\"ReadAction\",\"target\":[\"https:\/\/jinsuncarbon.com\/product\/pyrolytic-graphite-electrode\/\"]}]},{\"@type\":\"ImageObject\",\"inLanguage\":\"es\",\"@id\":\"https:\/\/jinsuncarbon.com\/product\/pyrolytic-graphite-electrode\/#primaryimage\",\"url\":\"https:\/\/jinsuncarbon.com\/wp-content\/uploads\/2024\/11\/pyrolytic-graphite-electrode.jpg\",\"contentUrl\":\"https:\/\/jinsuncarbon.com\/wp-content\/uploads\/2024\/11\/pyrolytic-graphite-electrode.jpg\",\"width\":1024,\"height\":763,\"caption\":\"pyrolytic graphite electrode\"},{\"@type\":\"BreadcrumbList\",\"@id\":\"https:\/\/jinsuncarbon.com\/product\/pyrolytic-graphite-electrode\/#breadcrumb\",\"itemListElement\":[{\"@type\":\"ListItem\",\"position\":1,\"name\":\"Home\",\"item\":\"https:\/\/jinsuncarbon.com\/\"},{\"@type\":\"ListItem\",\"position\":2,\"name\":\"Products\",\"item\":\"https:\/\/jinsuncarbon.com\/graphite-carbon\/\"},{\"@type\":\"ListItem\",\"position\":3,\"name\":\"Pyrolytic Graphite Electrode\"}]},{\"@type\":\"WebSite\",\"@id\":\"https:\/\/jinsuncarbon.com\/#website\",\"url\":\"https:\/\/jinsuncarbon.com\/\",\"name\":\"Jinsun Carbon\",\"description\":\"We are the successful graphite electrode manufacturer in China\",\"publisher\":{\"@id\":\"https:\/\/jinsuncarbon.com\/#organization\"},\"potentialAction\":[{\"@type\":\"SearchAction\",\"target\":{\"@type\":\"EntryPoint\",\"urlTemplate\":\"https:\/\/jinsuncarbon.com\/?s={search_term_string}\"},\"query-input\":{\"@type\":\"PropertyValueSpecification\",\"valueRequired\":true,\"valueName\":\"search_term_string\"}}],\"inLanguage\":\"es\"},{\"@type\":\"Organization\",\"@id\":\"https:\/\/jinsuncarbon.com\/#organization\",\"name\":\"Jinsun Carbon\",\"alternateName\":\"Jinsun Carbon\",\"url\":\"https:\/\/jinsuncarbon.com\/\",\"logo\":{\"@type\":\"ImageObject\",\"inLanguage\":\"es\",\"@id\":\"https:\/\/jinsuncarbon.com\/#\/schema\/logo\/image\/\",\"url\":\"https:\/\/jinsuncarbon.com\/wp-content\/uploads\/2022\/12\/LOGO-1.png\",\"contentUrl\":\"https:\/\/jinsuncarbon.com\/wp-content\/uploads\/2022\/12\/LOGO-1.png\",\"width\":207,\"height\":80,\"caption\":\"Jinsun Carbon\"},\"image\":{\"@id\":\"https:\/\/jinsuncarbon.com\/#\/schema\/logo\/image\/\"},\"sameAs\":[\"https:\/\/www.facebook.com\/Graphite-Electrode-109336238661595\",\"https:\/\/x.com\/jinsuncarbon_\",\"https:\/\/www.linkedin.com\/in\/jinsungraphite\",\"https:\/\/www.youtube.com\/channel\/UCysDNyvyR5-3cCWEmpkVC0g\"]}]}<\/script>\n<!-- \/ Yoast SEO Premium plugin. -->","yoast_head_json":{"title":"Fabricante de electrodos de grafito pirol\u00edtico en China","description":"El electrodo de grafito pirol\u00edtico se construye mediante el vanguardista proceso CVD (deposici\u00f3n qu\u00edmica en fase vapor) y puede adaptarse a sus necesidades espec\u00edficas.","robots":{"index":"index","follow":"follow","max-snippet":"max-snippet:-1","max-image-preview":"max-image-preview:large","max-video-preview":"max-video-preview:-1"},"canonical":"https:\/\/jinsuncarbon.com\/es\/producto\/electrodo-de-grafito-pirolitico\/","og_locale":"es_MX","og_type":"article","og_title":"Pyrolytic Graphite Electrode","og_description":"Pyrolytic graphite electrode is constructed by the cutting-edge CVD (chemical vapor deposition) process, it can be based on your specific needs.","og_url":"https:\/\/jinsuncarbon.com\/es\/producto\/electrodo-de-grafito-pirolitico\/","og_site_name":"Jinsun Carbon","article_publisher":"https:\/\/www.facebook.com\/Graphite-Electrode-109336238661595","article_modified_time":"2024-12-01T12:56:31+00:00","og_image":[{"width":1024,"height":763,"url":"https:\/\/jinsuncarbon.com\/wp-content\/uploads\/2024\/11\/pyrolytic-graphite-electrode.jpg","type":"image\/jpeg"}],"twitter_card":"summary_large_image","twitter_site":"@jinsuncarbon_","twitter_misc":{"Tiempo de lectura":"3 minutos"},"schema":{"@context":"https:\/\/schema.org","@graph":[{"@type":"WebPage","@id":"https:\/\/jinsuncarbon.com\/product\/pyrolytic-graphite-electrode\/","url":"https:\/\/jinsuncarbon.com\/product\/pyrolytic-graphite-electrode\/","name":"Fabricante de electrodos de grafito pirol\u00edtico en China","isPartOf":{"@id":"https:\/\/jinsuncarbon.com\/#website"},"primaryImageOfPage":{"@id":"https:\/\/jinsuncarbon.com\/product\/pyrolytic-graphite-electrode\/#primaryimage"},"image":{"@id":"https:\/\/jinsuncarbon.com\/product\/pyrolytic-graphite-electrode\/#primaryimage"},"thumbnailUrl":"https:\/\/jinsuncarbon.com\/wp-content\/uploads\/2024\/11\/pyrolytic-graphite-electrode.jpg","datePublished":"2024-11-25T09:34:57+00:00","dateModified":"2024-12-01T12:56:31+00:00","description":"El electrodo de grafito pirol\u00edtico se construye mediante el vanguardista proceso CVD (deposici\u00f3n qu\u00edmica en fase vapor) y puede adaptarse a sus necesidades espec\u00edficas.","breadcrumb":{"@id":"https:\/\/jinsuncarbon.com\/product\/pyrolytic-graphite-electrode\/#breadcrumb"},"inLanguage":"es","potentialAction":[{"@type":"ReadAction","target":["https:\/\/jinsuncarbon.com\/product\/pyrolytic-graphite-electrode\/"]}]},{"@type":"ImageObject","inLanguage":"es","@id":"https:\/\/jinsuncarbon.com\/product\/pyrolytic-graphite-electrode\/#primaryimage","url":"https:\/\/jinsuncarbon.com\/wp-content\/uploads\/2024\/11\/pyrolytic-graphite-electrode.jpg","contentUrl":"https:\/\/jinsuncarbon.com\/wp-content\/uploads\/2024\/11\/pyrolytic-graphite-electrode.jpg","width":1024,"height":763,"caption":"pyrolytic graphite electrode"},{"@type":"BreadcrumbList","@id":"https:\/\/jinsuncarbon.com\/product\/pyrolytic-graphite-electrode\/#breadcrumb","itemListElement":[{"@type":"ListItem","position":1,"name":"Home","item":"https:\/\/jinsuncarbon.com\/"},{"@type":"ListItem","position":2,"name":"Products","item":"https:\/\/jinsuncarbon.com\/graphite-carbon\/"},{"@type":"ListItem","position":3,"name":"Pyrolytic Graphite Electrode"}]},{"@type":"WebSite","@id":"https:\/\/jinsuncarbon.com\/#website","url":"https:\/\/jinsuncarbon.com\/","name":"Jinsun Carbon","description":"Somos el fabricante de electrodos de grafito con m\u00e1s \u00e9xito de China","publisher":{"@id":"https:\/\/jinsuncarbon.com\/#organization"},"potentialAction":[{"@type":"SearchAction","target":{"@type":"EntryPoint","urlTemplate":"https:\/\/jinsuncarbon.com\/?s={search_term_string}"},"query-input":{"@type":"PropertyValueSpecification","valueRequired":true,"valueName":"search_term_string"}}],"inLanguage":"es"},{"@type":"Organization","@id":"https:\/\/jinsuncarbon.com\/#organization","name":"Jinsun Carbon","alternateName":"Jinsun Carbon","url":"https:\/\/jinsuncarbon.com\/","logo":{"@type":"ImageObject","inLanguage":"es","@id":"https:\/\/jinsuncarbon.com\/#\/schema\/logo\/image\/","url":"https:\/\/jinsuncarbon.com\/wp-content\/uploads\/2022\/12\/LOGO-1.png","contentUrl":"https:\/\/jinsuncarbon.com\/wp-content\/uploads\/2022\/12\/LOGO-1.png","width":207,"height":80,"caption":"Jinsun Carbon"},"image":{"@id":"https:\/\/jinsuncarbon.com\/#\/schema\/logo\/image\/"},"sameAs":["https:\/\/www.facebook.com\/Graphite-Electrode-109336238661595","https:\/\/x.com\/jinsuncarbon_","https:\/\/www.linkedin.com\/in\/jinsungraphite","https:\/\/www.youtube.com\/channel\/UCysDNyvyR5-3cCWEmpkVC0g"]}]}},"_links":{"self":[{"href":"https:\/\/jinsuncarbon.com\/es\/wp-json\/wp\/v2\/product\/6799","targetHints":{"allow":["GET"]}}],"collection":[{"href":"https:\/\/jinsuncarbon.com\/es\/wp-json\/wp\/v2\/product"}],"about":[{"href":"https:\/\/jinsuncarbon.com\/es\/wp-json\/wp\/v2\/types\/product"}],"wp:featuredmedia":[{"embeddable":true,"href":"https:\/\/jinsuncarbon.com\/es\/wp-json\/wp\/v2\/media\/6800"}],"wp:attachment":[{"href":"https:\/\/jinsuncarbon.com\/es\/wp-json\/wp\/v2\/media?parent=6799"}],"wp:term":[{"taxonomy":"product_brand","embeddable":true,"href":"https:\/\/jinsuncarbon.com\/es\/wp-json\/wp\/v2\/product_brand?post=6799"},{"taxonomy":"product_cat","embeddable":true,"href":"https:\/\/jinsuncarbon.com\/es\/wp-json\/wp\/v2\/product_cat?post=6799"},{"taxonomy":"product_tag","embeddable":true,"href":"https:\/\/jinsuncarbon.com\/es\/wp-json\/wp\/v2\/product_tag?post=6799"}],"curies":[{"name":"wp","href":"https:\/\/api.w.org\/{rel}","templated":true}]}}