{"id":6444,"date":"2024-11-02T00:02:55","date_gmt":"2024-11-02T00:02:55","guid":{"rendered":"https:\/\/jinsuncarbon.com\/?post_type=product&#038;p=6444"},"modified":"2025-01-18T23:16:22","modified_gmt":"2025-01-18T23:16:22","slug":"elemento-calefactor-de-grafito","status":"publish","type":"product","link":"https:\/\/jinsuncarbon.com\/es\/producto\/elemento-calefactor-de-grafito\/","title":{"rendered":"Elementos calefactores de grafito"},"content":{"rendered":"<h2>Fabricante de resistencias de grafito<\/h2>\n<p>El elemento calefactor de grafito es un componente de dispositivo fabricado cuidadosamente con material de grafito de alta pureza para calefacci\u00f3n. Con una excelente resistencia a altas temperaturas, conductividad el\u00e9ctrica y estabilidad qu\u00edmica, tiene importantes aplicaciones en hornos de vac\u00edo, fundici\u00f3n de metales y semiconductores. Y est\u00e1 dise\u00f1ado teniendo en cuenta los requisitos de rendimiento. Es un elemento calefactor fiable y duradero que puede satisfacer bien las necesidades de calentamiento de diferentes condiciones de trabajo.<\/p>\n<h2 class=\"ql-align-justify\">Propiedades de los elementos calefactores de grafito<\/h2>\n<p class=\"ql-align-justify\"><span data-type=\"2\" data-index=\"5\" data-gid=\"1\">Los calentadores de grafito suelen tener diversas formas, como <a href=\"https:\/\/jinsuncarbon.com\/es\/producto\/barra-de-grafito\/\">varilla<\/a>placa y tubo.<\/span>\u00a0Ofrece una serie de ventajas significativas.<\/p>\n<p class=\"ql-align-justify\"><strong>Excelente resistencia a altas temperaturas<\/strong><\/p>\n<p class=\"ql-align-justify\">El elemento calefactor de grafito tiene un funcionamiento estable a temperaturas de hasta 1000\u00b0C y superiores.<\/p>\n<p class=\"ql-align-justify\"><strong>Buena resistencia<\/strong><\/p>\n<p>Puede convertir eficazmente la corriente en energ\u00eda t\u00e9rmica, y la tasa de conversi\u00f3n de calor es muy impresionante. Y puede satisfacer las necesidades de calefacci\u00f3n de distintos escenarios.<\/p>\n<p class=\"ql-align-justify\"><strong>Propiedades qu\u00edmicas extremadamente estables<\/strong><\/p>\n<p class=\"ql-align-justify\">No reacciona en la mayor\u00eda de los entornos qu\u00edmicos y es muy resistente a la corrosi\u00f3n.<\/p>\n<p class=\"ql-align-justify\"><strong>Alta resistencia mec\u00e1nica<\/strong><\/p>\n<p class=\"ql-align-justify\">No es f\u00e1cil que lo da\u00f1e una fuerza externa convencional.<\/p>\n<p class=\"ql-align-justify\"><strong>Alta eficacia de conducci\u00f3n del calor<\/strong><\/p>\n<p class=\"ql-align-justify\">La velocidad de calentamiento es r\u00e1pida, y se puede alcanzar r\u00e1pidamente la temperatura de calentamiento deseada.<\/p>\n<p class=\"ql-align-justify\">Adem\u00e1s, tambi\u00e9n tiene buena plasticidad y es f\u00e1cil de procesar en diversas formas. En condiciones de procesamiento adecuadas, podemos darle forma mediante estampado mec\u00e1nico, moldeado o mecanizado CNC para satisfacer sus necesidades.<\/p>\n<h2 class=\"ql-align-justify\">Tipos de resistencias de grafito<\/h2>\n<p class=\"ql-align-justify\"><strong>Elemento calefactor de varilla de grafito:<\/strong><\/p>\n<p class=\"ql-align-justify\">Esta estructura es de varilla simple y alargada. Debido a sus caracter\u00edsticas de forma, se puede utilizar ampliamente en algunos escenarios que necesitan ser calentados profundamente en un espacio espec\u00edfico. Como en peque\u00f1os hornos experimentales, reactores tubulares y otros equipos, que pueden calentar con precisi\u00f3n \u00e1reas locales.<\/p>\n<p class=\"ql-align-justify\"><strong>Elemento calefactor de grafito en forma de placa:<\/strong><\/p>\n<p class=\"ql-align-justify\">Su aspecto es el de una placa plana, con una gran superficie de calentamiento. Es adecuado para calentar uniformemente una gran superficie de objetos. Por ejemplo, en algunos equipos de tratamiento t\u00e9rmico y equipos de secado. Puede hacer que el material se caliente de manera m\u00e1s uniforme y mejorar el efecto de calentamiento.<\/p>\n<p class=\"ql-align-justify\"><strong>Elemento calefactor tubular de grafito:<\/strong><\/p>\n<p class=\"ql-align-justify\">Una estructura tubular hueca, esta estructura hace que tenga ventajas evidentes en el calentamiento de medios fluidos. Permite que el fluido fluya por el tubo y se caliente uniformemente. Es com\u00fan en el proceso de calentamiento de fluidos en la industria qu\u00edmica, el petr\u00f3leo y otras industrias.<\/p>\n<h2 class=\"ql-align-justify\">Usos de las resistencias de grafito<\/h2>\n<ul>\n<li class=\"ql-align-justify\">\n<h3>Hornos de vac\u00edo<\/h3>\n<\/li>\n<\/ul>\n<p class=\"ql-align-justify\">Los elementos calefactores de grafito pueden convertir eficazmente la energ\u00eda el\u00e9ctrica en calor. El entorno de vac\u00edo se basa principalmente en la transferencia de radiaci\u00f3n de calor, la capacidad de radiaci\u00f3n de grafito es fuerte, puede crear un entorno uniforme de alta temperatura. Es adecuado para la fusi\u00f3n de metales, sinterizaci\u00f3n, como la fusi\u00f3n de aleaciones especiales, para garantizar un calor uniforme de aleaci\u00f3n, mejorar la calidad del material. Adem\u00e1s, no reacciona con los gases de proceso como el arg\u00f3n y el nitr\u00f3geno en el <a href=\"https:\/\/ipsenglobal.com\/vacuum-furnaces\/\" target=\"_blank\" rel=\"noopener\">hornos de vac\u00edo<\/a>.<\/p>\n<ul>\n<li class=\"ql-align-justify\">\n<h3>Tratamiento t\u00e9rmico<\/h3>\n<\/li>\n<\/ul>\n<p class=\"ql-align-justify\">Puede utilizar calentadores de grafito para el temple, revenido y recocido de metales. Se calientan r\u00e1pidamente y controlan la temperatura con precisi\u00f3n. Por ejemplo, cuando se templa la herramienta, puede hacer que alcance la temperatura adecuada. A continuaci\u00f3n, mejora la dureza y la resistencia al desgaste de la herramienta.<\/p>\n<ul>\n<li class=\"ql-align-justify\">\n<h3>Procesamiento de metales:<\/h3>\n<\/li>\n<\/ul>\n<p class=\"ql-align-justify\">En la fundici\u00f3n de metales, forja, elemento de calentamiento de grafito proporciona alta temperatura, de modo que el metal para alcanzar la temperatura de procesamiento adecuado. Para garantizar la calidad y la eficiencia de procesamiento. Como peque\u00f1os hornos el\u00e9ctricos en la industria del acero, puede estabilizar la fusi\u00f3n de materias primas met\u00e1licas.<\/p>\n<ul>\n<li class=\"ql-align-justify\">\n<h3>Producci\u00f3n qu\u00edmica:<\/h3>\n<\/li>\n<\/ul>\n<p class=\"ql-align-justify\">Las reacciones qu\u00edmicas requieren a menudo temperaturas espec\u00edficas. Su estabilidad qu\u00edmica garantiza un funcionamiento seguro en diversos entornos qu\u00edmicos. Como el control preciso de la temperatura en reacciones de s\u00edntesis org\u00e1nica.<\/p>\n<ul>\n<li class=\"ql-align-justify\">\n<h3>Semiconductores fotovoltaicos electr\u00f3nicos:<\/h3>\n<\/li>\n<\/ul>\n<p class=\"ql-align-justify\">Los procesos de litograf\u00eda y recocido de la fabricaci\u00f3n de chips semiconductores requieren una precisi\u00f3n y estabilidad de calentamiento extremadamente altas, puede satisfacer las necesidades. Para garantizar la precisi\u00f3n de los procesos de fabricaci\u00f3n de chips y la calidad del producto.<\/p>\n<h2>Elemento calefactor de grafito<\/h2>\n<p>Su dise\u00f1o debe tener en cuenta muchos aspectos. La forma depende del equipo, como varilla, placa. El tama\u00f1o se determina en funci\u00f3n de la potencia y el espacio para garantizar el efecto de calentamiento. Seleccionar material de grafito de alta pureza, para obtener buena resistencia a altas temperaturas y conductividad el\u00e9ctrica. El m\u00e9todo de conexi\u00f3n tambi\u00e9n es importante, para facilitar la instalaci\u00f3n y la conexi\u00f3n del circuito, para conseguir un calentamiento eficaz.<\/p>","protected":false},"excerpt":{"rendered":"<p>Los elementos calefactores de grafito est\u00e1n fabricados con materiales de grafito de gran pureza y se utilizan como elementos calefactores en hornos de vac\u00edo, como hornos monocristalinos y hornos policristalinos. Utilizan el calentamiento por resistencia para convertir la energ\u00eda el\u00e9ctrica en energ\u00eda t\u00e9rmica. Los elementos calefactores de grafito pueden dise\u00f1arse con diversas formas y satisfacer sus necesidades personalizadas.<\/p>\n<ul>\n<li>\u00a0Densidad aparente (g\/cm3) \u22651,85<\/li>\n<li>\u00a0Contenido de cenizas(PPM) \u2264 1000<\/li>\n<li>\u00a0Dureza Shore \u226545<\/li>\n<li>\u00a0Resistencia espec\u00edfica (\u03bc.\u03a9.m) \u226410<\/li>\n<li>\u00a0Resistencia a la flexi\u00f3n (MPa) \u226540<\/li>\n<li>\u00a0Resistencia a la compresi\u00f3n (MPa) \u226570<\/li>\n<li>\u00a0Max. Tama\u00f1o de grano(\u03bcm) \u226443<\/li>\n<li>\u00a0Coeficiente de dilataci\u00f3n t\u00e9rmica Mm\/\u00b0C \u22644,5*10-6<\/li>\n<\/ul>","protected":false},"featured_media":6445,"template":"","meta":[],"product_brand":[],"product_cat":[38],"product_tag":[],"class_list":{"0":"post-6444","1":"product","2":"type-product","3":"status-publish","4":"has-post-thumbnail","6":"product_cat-graphite-products","8":"first","9":"instock","10":"shipping-taxable","11":"product-type-simple"},"yoast_head":"<!-- This site is optimized with the Yoast SEO Premium plugin v19.2.1 (Yoast SEO v25.3) - https:\/\/yoast.com\/wordpress\/plugins\/seo\/ -->\n<title>Graphite Heating Elements Manufacturers | Jinsun Carbon<\/title>\n<meta name=\"description\" content=\"Graphite heating elements design leverages the unique properties of graphite. It fully utilizes graphite&#039;s physical and chemical traits.\" \/>\n<meta name=\"robots\" content=\"index, follow, max-snippet:-1, max-image-preview:large, max-video-preview:-1\" \/>\n<link rel=\"canonical\" href=\"https:\/\/jinsuncarbon.com\/es\/producto\/elemento-calefactor-de-grafito\/\" \/>\n<meta property=\"og:locale\" content=\"es_MX\" \/>\n<meta property=\"og:type\" content=\"article\" \/>\n<meta property=\"og:title\" content=\"Graphite Heating Elements\" \/>\n<meta property=\"og:description\" content=\"Graphite heating elements design leverages the unique properties of graphite. It fully utilizes graphite&#039;s physical and chemical traits.\" \/>\n<meta property=\"og:url\" content=\"https:\/\/jinsuncarbon.com\/es\/producto\/elemento-calefactor-de-grafito\/\" \/>\n<meta property=\"og:site_name\" content=\"Jinsun Carbon\" \/>\n<meta property=\"article:publisher\" content=\"https:\/\/www.facebook.com\/Graphite-Electrode-109336238661595\" \/>\n<meta property=\"article:modified_time\" content=\"2025-01-18T23:16:22+00:00\" \/>\n<meta property=\"og:image\" content=\"https:\/\/jinsuncarbon.com\/wp-content\/uploads\/2024\/11\/Graphite-Heating-Elements-for-Vacuum-Furnaces.jpg\" \/>\n\t<meta property=\"og:image:width\" content=\"1024\" \/>\n\t<meta property=\"og:image:height\" content=\"763\" \/>\n\t<meta property=\"og:image:type\" content=\"image\/jpeg\" \/>\n<meta name=\"twitter:card\" content=\"summary_large_image\" \/>\n<meta name=\"twitter:site\" content=\"@jinsuncarbon_\" \/>\n<meta name=\"twitter:label1\" content=\"Tiempo de lectura\" \/>\n\t<meta name=\"twitter:data1\" content=\"4 minutos\" \/>\n<script type=\"application\/ld+json\" class=\"yoast-schema-graph\">{\"@context\":\"https:\/\/schema.org\",\"@graph\":[{\"@type\":\"WebPage\",\"@id\":\"https:\/\/jinsuncarbon.com\/product\/graphite-heating-element\/\",\"url\":\"https:\/\/jinsuncarbon.com\/product\/graphite-heating-element\/\",\"name\":\"Graphite Heating Elements Manufacturers | Jinsun Carbon\",\"isPartOf\":{\"@id\":\"https:\/\/jinsuncarbon.com\/#website\"},\"primaryImageOfPage\":{\"@id\":\"https:\/\/jinsuncarbon.com\/product\/graphite-heating-element\/#primaryimage\"},\"image\":{\"@id\":\"https:\/\/jinsuncarbon.com\/product\/graphite-heating-element\/#primaryimage\"},\"thumbnailUrl\":\"https:\/\/jinsuncarbon.com\/wp-content\/uploads\/2024\/11\/Graphite-Heating-Elements-for-Vacuum-Furnaces.jpg\",\"datePublished\":\"2024-11-02T00:02:55+00:00\",\"dateModified\":\"2025-01-18T23:16:22+00:00\",\"description\":\"Graphite heating elements design leverages the unique properties of graphite. It fully utilizes graphite's physical and chemical traits.\",\"breadcrumb\":{\"@id\":\"https:\/\/jinsuncarbon.com\/product\/graphite-heating-element\/#breadcrumb\"},\"inLanguage\":\"es\",\"potentialAction\":[{\"@type\":\"ReadAction\",\"target\":[\"https:\/\/jinsuncarbon.com\/product\/graphite-heating-element\/\"]}]},{\"@type\":\"ImageObject\",\"inLanguage\":\"es\",\"@id\":\"https:\/\/jinsuncarbon.com\/product\/graphite-heating-element\/#primaryimage\",\"url\":\"https:\/\/jinsuncarbon.com\/wp-content\/uploads\/2024\/11\/Graphite-Heating-Elements-for-Vacuum-Furnaces.jpg\",\"contentUrl\":\"https:\/\/jinsuncarbon.com\/wp-content\/uploads\/2024\/11\/Graphite-Heating-Elements-for-Vacuum-Furnaces.jpg\",\"width\":1024,\"height\":763,\"caption\":\"Graphite Heating Elements for Vacuum Furnaces\"},{\"@type\":\"BreadcrumbList\",\"@id\":\"https:\/\/jinsuncarbon.com\/product\/graphite-heating-element\/#breadcrumb\",\"itemListElement\":[{\"@type\":\"ListItem\",\"position\":1,\"name\":\"Home\",\"item\":\"https:\/\/jinsuncarbon.com\/\"},{\"@type\":\"ListItem\",\"position\":2,\"name\":\"Products\",\"item\":\"https:\/\/jinsuncarbon.com\/graphite-carbon\/\"},{\"@type\":\"ListItem\",\"position\":3,\"name\":\"Graphite Heating Elements\"}]},{\"@type\":\"WebSite\",\"@id\":\"https:\/\/jinsuncarbon.com\/#website\",\"url\":\"https:\/\/jinsuncarbon.com\/\",\"name\":\"Jinsun Carbon\",\"description\":\"We are the successful graphite electrode manufacturer in China\",\"publisher\":{\"@id\":\"https:\/\/jinsuncarbon.com\/#organization\"},\"potentialAction\":[{\"@type\":\"SearchAction\",\"target\":{\"@type\":\"EntryPoint\",\"urlTemplate\":\"https:\/\/jinsuncarbon.com\/?s={search_term_string}\"},\"query-input\":{\"@type\":\"PropertyValueSpecification\",\"valueRequired\":true,\"valueName\":\"search_term_string\"}}],\"inLanguage\":\"es\"},{\"@type\":\"Organization\",\"@id\":\"https:\/\/jinsuncarbon.com\/#organization\",\"name\":\"Jinsun Carbon\",\"alternateName\":\"Jinsun Carbon\",\"url\":\"https:\/\/jinsuncarbon.com\/\",\"logo\":{\"@type\":\"ImageObject\",\"inLanguage\":\"es\",\"@id\":\"https:\/\/jinsuncarbon.com\/#\/schema\/logo\/image\/\",\"url\":\"https:\/\/jinsuncarbon.com\/wp-content\/uploads\/2022\/12\/LOGO-1.png\",\"contentUrl\":\"https:\/\/jinsuncarbon.com\/wp-content\/uploads\/2022\/12\/LOGO-1.png\",\"width\":207,\"height\":80,\"caption\":\"Jinsun Carbon\"},\"image\":{\"@id\":\"https:\/\/jinsuncarbon.com\/#\/schema\/logo\/image\/\"},\"sameAs\":[\"https:\/\/www.facebook.com\/Graphite-Electrode-109336238661595\",\"https:\/\/x.com\/jinsuncarbon_\",\"https:\/\/www.linkedin.com\/in\/jinsungraphite\",\"https:\/\/www.youtube.com\/channel\/UCysDNyvyR5-3cCWEmpkVC0g\"]}]}<\/script>\n<!-- \/ Yoast SEO Premium plugin. -->","yoast_head_json":{"title":"Elementos calefactores de grafito Fabricantes | Jinsun Carbon","description":"El dise\u00f1o de los elementos calefactores de grafito aprovecha las propiedades \u00fanicas del grafito. Aprovecha al m\u00e1ximo las caracter\u00edsticas f\u00edsicas y qu\u00edmicas del grafito.","robots":{"index":"index","follow":"follow","max-snippet":"max-snippet:-1","max-image-preview":"max-image-preview:large","max-video-preview":"max-video-preview:-1"},"canonical":"https:\/\/jinsuncarbon.com\/es\/producto\/elemento-calefactor-de-grafito\/","og_locale":"es_MX","og_type":"article","og_title":"Graphite Heating Elements","og_description":"Graphite heating elements design leverages the unique properties of graphite. It fully utilizes graphite's physical and chemical traits.","og_url":"https:\/\/jinsuncarbon.com\/es\/producto\/elemento-calefactor-de-grafito\/","og_site_name":"Jinsun Carbon","article_publisher":"https:\/\/www.facebook.com\/Graphite-Electrode-109336238661595","article_modified_time":"2025-01-18T23:16:22+00:00","og_image":[{"width":1024,"height":763,"url":"https:\/\/jinsuncarbon.com\/wp-content\/uploads\/2024\/11\/Graphite-Heating-Elements-for-Vacuum-Furnaces.jpg","type":"image\/jpeg"}],"twitter_card":"summary_large_image","twitter_site":"@jinsuncarbon_","twitter_misc":{"Tiempo de lectura":"4 minutos"},"schema":{"@context":"https:\/\/schema.org","@graph":[{"@type":"WebPage","@id":"https:\/\/jinsuncarbon.com\/product\/graphite-heating-element\/","url":"https:\/\/jinsuncarbon.com\/product\/graphite-heating-element\/","name":"Elementos calefactores de grafito Fabricantes | Jinsun Carbon","isPartOf":{"@id":"https:\/\/jinsuncarbon.com\/#website"},"primaryImageOfPage":{"@id":"https:\/\/jinsuncarbon.com\/product\/graphite-heating-element\/#primaryimage"},"image":{"@id":"https:\/\/jinsuncarbon.com\/product\/graphite-heating-element\/#primaryimage"},"thumbnailUrl":"https:\/\/jinsuncarbon.com\/wp-content\/uploads\/2024\/11\/Graphite-Heating-Elements-for-Vacuum-Furnaces.jpg","datePublished":"2024-11-02T00:02:55+00:00","dateModified":"2025-01-18T23:16:22+00:00","description":"El dise\u00f1o de los elementos calefactores de grafito aprovecha las propiedades \u00fanicas del grafito. Aprovecha al m\u00e1ximo las caracter\u00edsticas f\u00edsicas y qu\u00edmicas del grafito.","breadcrumb":{"@id":"https:\/\/jinsuncarbon.com\/product\/graphite-heating-element\/#breadcrumb"},"inLanguage":"es","potentialAction":[{"@type":"ReadAction","target":["https:\/\/jinsuncarbon.com\/product\/graphite-heating-element\/"]}]},{"@type":"ImageObject","inLanguage":"es","@id":"https:\/\/jinsuncarbon.com\/product\/graphite-heating-element\/#primaryimage","url":"https:\/\/jinsuncarbon.com\/wp-content\/uploads\/2024\/11\/Graphite-Heating-Elements-for-Vacuum-Furnaces.jpg","contentUrl":"https:\/\/jinsuncarbon.com\/wp-content\/uploads\/2024\/11\/Graphite-Heating-Elements-for-Vacuum-Furnaces.jpg","width":1024,"height":763,"caption":"Graphite Heating Elements for Vacuum Furnaces"},{"@type":"BreadcrumbList","@id":"https:\/\/jinsuncarbon.com\/product\/graphite-heating-element\/#breadcrumb","itemListElement":[{"@type":"ListItem","position":1,"name":"Home","item":"https:\/\/jinsuncarbon.com\/"},{"@type":"ListItem","position":2,"name":"Products","item":"https:\/\/jinsuncarbon.com\/graphite-carbon\/"},{"@type":"ListItem","position":3,"name":"Graphite Heating Elements"}]},{"@type":"WebSite","@id":"https:\/\/jinsuncarbon.com\/#website","url":"https:\/\/jinsuncarbon.com\/","name":"Jinsun Carbon","description":"Somos el fabricante de electrodos de grafito con m\u00e1s \u00e9xito de China","publisher":{"@id":"https:\/\/jinsuncarbon.com\/#organization"},"potentialAction":[{"@type":"SearchAction","target":{"@type":"EntryPoint","urlTemplate":"https:\/\/jinsuncarbon.com\/?s={search_term_string}"},"query-input":{"@type":"PropertyValueSpecification","valueRequired":true,"valueName":"search_term_string"}}],"inLanguage":"es"},{"@type":"Organization","@id":"https:\/\/jinsuncarbon.com\/#organization","name":"Jinsun Carbon","alternateName":"Jinsun Carbon","url":"https:\/\/jinsuncarbon.com\/","logo":{"@type":"ImageObject","inLanguage":"es","@id":"https:\/\/jinsuncarbon.com\/#\/schema\/logo\/image\/","url":"https:\/\/jinsuncarbon.com\/wp-content\/uploads\/2022\/12\/LOGO-1.png","contentUrl":"https:\/\/jinsuncarbon.com\/wp-content\/uploads\/2022\/12\/LOGO-1.png","width":207,"height":80,"caption":"Jinsun Carbon"},"image":{"@id":"https:\/\/jinsuncarbon.com\/#\/schema\/logo\/image\/"},"sameAs":["https:\/\/www.facebook.com\/Graphite-Electrode-109336238661595","https:\/\/x.com\/jinsuncarbon_","https:\/\/www.linkedin.com\/in\/jinsungraphite","https:\/\/www.youtube.com\/channel\/UCysDNyvyR5-3cCWEmpkVC0g"]}]}},"_links":{"self":[{"href":"https:\/\/jinsuncarbon.com\/es\/wp-json\/wp\/v2\/product\/6444","targetHints":{"allow":["GET"]}}],"collection":[{"href":"https:\/\/jinsuncarbon.com\/es\/wp-json\/wp\/v2\/product"}],"about":[{"href":"https:\/\/jinsuncarbon.com\/es\/wp-json\/wp\/v2\/types\/product"}],"wp:featuredmedia":[{"embeddable":true,"href":"https:\/\/jinsuncarbon.com\/es\/wp-json\/wp\/v2\/media\/6445"}],"wp:attachment":[{"href":"https:\/\/jinsuncarbon.com\/es\/wp-json\/wp\/v2\/media?parent=6444"}],"wp:term":[{"taxonomy":"product_brand","embeddable":true,"href":"https:\/\/jinsuncarbon.com\/es\/wp-json\/wp\/v2\/product_brand?post=6444"},{"taxonomy":"product_cat","embeddable":true,"href":"https:\/\/jinsuncarbon.com\/es\/wp-json\/wp\/v2\/product_cat?post=6444"},{"taxonomy":"product_tag","embeddable":true,"href":"https:\/\/jinsuncarbon.com\/es\/wp-json\/wp\/v2\/product_tag?post=6444"}],"curies":[{"name":"wp","href":"https:\/\/api.w.org\/{rel}","templated":true}]}}