{"id":4824,"date":"2024-03-18T13:59:47","date_gmt":"2024-03-18T13:59:47","guid":{"rendered":"https:\/\/jinsuncarbon.com\/?post_type=product&#038;p=4824"},"modified":"2025-03-08T06:39:46","modified_gmt":"2025-03-08T06:39:46","slug":"elevador-de-carbono","status":"publish","type":"product","link":"https:\/\/jinsuncarbon.com\/es\/producto\/elevador-de-carbono\/","title":{"rendered":"Carbon Raiser"},"content":{"rendered":"<h2>Usos del elevador de carbono<\/h2>\n<p>1. Compensar el contenido de carbono perdido durante el proceso de fundici\u00f3n del acero y aumentar el contenido de carbono en el hierro fundido.<\/p>\n<p>2. Mejorar las propiedades mec\u00e1nicas como la resistencia a la tracci\u00f3n, la dureza, la resistencia al desgaste y el l\u00edmite de fatiga de las piezas fundidas.<\/p>\n<p>3. Mejorar la distribuci\u00f3n de los elementos de carbono y aleaci\u00f3n en el metal fundido, haciendo que la estructura en la fundici\u00f3n sea densa y de composici\u00f3n uniforme.<\/p>\n<p>4. Reducir la cantidad de escoria generada, simplificar las operaciones de retirada de escoria y mejorar la eficiencia de la fundici\u00f3n.<\/p>\n<p>5. Mejorar la fluidez del metal fundido y estabilizar la composici\u00f3n del hierro fundido.<\/p>\n<h2>Tipos de elevadores de carb\u00f3n<\/h2>\n<ul>\n<li>\u00a0<strong>Elevador de carb\u00f3n de coque de petr\u00f3leo<\/strong><\/li>\n<\/ul>\n<p>Se procesa mediante la calcinaci\u00f3n y purificaci\u00f3n del coque de petr\u00f3leo y tiene un aspecto redondo o poligonal. Es un material de carbono a\u00f1adido y un intermediario de reacci\u00f3n ideal en la metalurgia, la industria qu\u00edmica, la maquinaria, la energ\u00eda el\u00e9ctrica y otras industrias, y se utiliza ampliamente.<\/p>\n<ul>\n<li><strong>Coque metal\u00fargico<\/strong><\/li>\n<\/ul>\n<p>Suelen utilizarse en hornos de cubilote. Adem\u00e1s de la fundici\u00f3n, tambi\u00e9n se estudia su funci\u00f3n, ya que el carbono se utiliza como carga de diferentes metales.<\/p>\n<ul>\n<li><strong>\u00a0Carb\u00f3n calcinado<\/strong><\/li>\n<\/ul>\n<p>Su composici\u00f3n general es c90-93%, s0,3-0,5%. Utilizado principalmente por<a href=\"https:\/\/corporate.arcelormittal.com\/about\/making-steel#:~:text=Steel%20is%20made%20from%20iron,the%20electric%20arc%20furnace%20route.\" target=\"_blank\" rel=\"noopener\"> siderurgia<\/a> empresas.<\/p>\n<ul>\n<li><strong>Elevador de carbono grafitizado<\/strong><\/li>\n<\/ul>\n<p>Los principales materiales son coque de petr\u00f3leo grafitizado y <a href=\"https:\/\/jinsuncarbon.com\/es\/producto\/electrodo-de-grafito\/\">electrodos de grafito<\/a>. Y la composici\u00f3n general es contenido de carbono 98-99,5%; azufre 0,05-0,03%. Se caracteriza por su r\u00e1pida absorci\u00f3n, alto contenido de carbono y bajo contenido de azufre. Se utiliza principalmente en fundici\u00f3n d\u00factil.<\/p>\n<ul>\n<li>\u00a0<strong>Grafitizado natural<\/strong><\/li>\n<\/ul>\n<p>Principalmente <a href=\"https:\/\/jinsuncarbon.com\/es\/producto\/grafito-natural-en-escamas\/\">grafito natural<\/a>con un contenido de carbono de 65%-99%. Se utiliza principalmente en acer\u00edas, no en fundiciones.<\/p>\n<h2>Aplicaciones industriales<\/h2>\n<p>1. Industria sider\u00fargica: El uso de carburizantes como aditivos puede aumentar eficazmente el contenido de carbono en el acero fundido y mejorar las propiedades f\u00edsicas y mec\u00e1nicas del acero. Para obtener acero con excelentes prestaciones.<\/p>\n<p>2. Industria de la fundici\u00f3n: El contenido de carbono de las materias primas met\u00e1licas de fundici\u00f3n originales suele ser bajo. Pueden aumentar eficazmente el contenido de carbono de las piezas fundidas, mejorar su estructura organizativa y sus propiedades mec\u00e1nicas. Aumentan la resistencia mec\u00e1nica y la resistencia al desgaste de las piezas fundidas.<\/p>\n<p>3. Industria de la fundici\u00f3n: Durante el proceso de fundici\u00f3n, el uso de carburizantes puede reducir eficazmente el contenido de impurezas y mejorar la fluidez del fundente. Al mismo tiempo, tambi\u00e9n puede mejorar la eficiencia de producci\u00f3n del proceso de fundici\u00f3n y reducir el consumo de energ\u00eda.<\/p>\n<p>4. Fabricaci\u00f3n de maquinaria: Como lubricante y material resistente al desgaste, puede mejorar la resistencia al desgaste, el rendimiento y la vida \u00fatil de las piezas mec\u00e1nicas.<\/p>\n<p>5. Industria aeroespacial: Los materiales de carbono producidos con \u00e9l tienen excelentes propiedades de alta resistencia, alta conductividad y estabilidad a altas temperaturas, por lo que son ampliamente utilizados.<\/p>\n<p>Como fabricante de carburantes, Jinsun le suministrar\u00e1 productos de alta calidad para su producci\u00f3n de acero, hierro fundido y aleaciones de alta calidad para satisfacer sus necesidades de producci\u00f3n.<\/p>","protected":false},"excerpt":{"rendered":"<p>El elevador de carbono es un tipo de sustancia que contiene carbono con bajo contenido en azufre y cenizas. Se utiliza para compensar el contenido de carbono que se pierde en el proceso de fundici\u00f3n del acero, al tiempo que mejora la resistencia y otras propiedades del acero.<\/p>\n<p>Durante el proceso de fundici\u00f3n de los productos sider\u00fargicos, debido al largo tiempo de fundici\u00f3n y de conservaci\u00f3n del calor, el contenido de carbono en el hierro fundido puede perderse significativamente, lo que provoca una reducci\u00f3n del contenido de carbono en el hierro fundido y no alcanza el valor esperado para la fabricaci\u00f3n de acero eaf. Para compensar esta p\u00e9rdida de contenido de carbono, se a\u00f1aden elevadores de carbono.<\/p>","protected":false},"featured_media":4826,"template":"","meta":[],"product_brand":[],"product_cat":[39],"product_tag":[],"class_list":{"0":"post-4824","1":"product","2":"type-product","3":"status-publish","4":"has-post-thumbnail","6":"product_cat-carbon-products","8":"first","9":"instock","10":"shipping-taxable","11":"product-type-simple"},"yoast_head":"<!-- This site is optimized with the Yoast SEO Premium plugin v19.2.1 (Yoast SEO v25.3) - https:\/\/yoast.com\/wordpress\/plugins\/seo\/ -->\n<title>Carbon Raiser Manufacturer<\/title>\n<meta name=\"description\" content=\"Carbon raiser is a type of carbon-containing substance that is used to make up for the carbon content lost during the steel smelting process.\" \/>\n<meta name=\"robots\" content=\"index, follow, max-snippet:-1, max-image-preview:large, max-video-preview:-1\" \/>\n<link rel=\"canonical\" href=\"https:\/\/jinsuncarbon.com\/es\/producto\/elevador-de-carbono\/\" \/>\n<meta property=\"og:locale\" content=\"es_MX\" \/>\n<meta property=\"og:type\" content=\"article\" \/>\n<meta property=\"og:title\" content=\"Carbon Raiser\" \/>\n<meta property=\"og:description\" content=\"Carbon raiser is a type of carbon-containing substance that is used to make up for the carbon content lost during the steel smelting process.\" \/>\n<meta property=\"og:url\" content=\"https:\/\/jinsuncarbon.com\/es\/producto\/elevador-de-carbono\/\" \/>\n<meta property=\"og:site_name\" content=\"Jinsun Carbon\" \/>\n<meta property=\"article:publisher\" content=\"https:\/\/www.facebook.com\/Graphite-Electrode-109336238661595\" \/>\n<meta property=\"article:modified_time\" content=\"2025-03-08T06:39:46+00:00\" \/>\n<meta property=\"og:image\" content=\"https:\/\/jinsuncarbon.com\/wp-content\/uploads\/2024\/03\/carbon-raiser.jpg\" \/>\n\t<meta property=\"og:image:width\" content=\"1024\" \/>\n\t<meta property=\"og:image:height\" content=\"680\" \/>\n\t<meta property=\"og:image:type\" content=\"image\/jpeg\" \/>\n<meta name=\"twitter:card\" content=\"summary_large_image\" \/>\n<meta name=\"twitter:site\" content=\"@jinsuncarbon_\" \/>\n<meta name=\"twitter:label1\" content=\"Tiempo de lectura\" \/>\n\t<meta name=\"twitter:data1\" content=\"3 minutos\" \/>\n<script type=\"application\/ld+json\" class=\"yoast-schema-graph\">{\"@context\":\"https:\/\/schema.org\",\"@graph\":[{\"@type\":\"WebPage\",\"@id\":\"https:\/\/jinsuncarbon.com\/product\/carbon-raiser\/\",\"url\":\"https:\/\/jinsuncarbon.com\/product\/carbon-raiser\/\",\"name\":\"Carbon Raiser Manufacturer\",\"isPartOf\":{\"@id\":\"https:\/\/jinsuncarbon.com\/#website\"},\"primaryImageOfPage\":{\"@id\":\"https:\/\/jinsuncarbon.com\/product\/carbon-raiser\/#primaryimage\"},\"image\":{\"@id\":\"https:\/\/jinsuncarbon.com\/product\/carbon-raiser\/#primaryimage\"},\"thumbnailUrl\":\"https:\/\/jinsuncarbon.com\/wp-content\/uploads\/2024\/03\/carbon-raiser.jpg\",\"datePublished\":\"2024-03-18T13:59:47+00:00\",\"dateModified\":\"2025-03-08T06:39:46+00:00\",\"description\":\"Carbon raiser is a type of carbon-containing substance that is used to make up for the carbon content lost during the steel smelting process.\",\"breadcrumb\":{\"@id\":\"https:\/\/jinsuncarbon.com\/product\/carbon-raiser\/#breadcrumb\"},\"inLanguage\":\"es\",\"potentialAction\":[{\"@type\":\"ReadAction\",\"target\":[\"https:\/\/jinsuncarbon.com\/product\/carbon-raiser\/\"]}]},{\"@type\":\"ImageObject\",\"inLanguage\":\"es\",\"@id\":\"https:\/\/jinsuncarbon.com\/product\/carbon-raiser\/#primaryimage\",\"url\":\"https:\/\/jinsuncarbon.com\/wp-content\/uploads\/2024\/03\/carbon-raiser.jpg\",\"contentUrl\":\"https:\/\/jinsuncarbon.com\/wp-content\/uploads\/2024\/03\/carbon-raiser.jpg\",\"width\":1024,\"height\":680,\"caption\":\"carbon raiser\"},{\"@type\":\"BreadcrumbList\",\"@id\":\"https:\/\/jinsuncarbon.com\/product\/carbon-raiser\/#breadcrumb\",\"itemListElement\":[{\"@type\":\"ListItem\",\"position\":1,\"name\":\"Home\",\"item\":\"https:\/\/jinsuncarbon.com\/\"},{\"@type\":\"ListItem\",\"position\":2,\"name\":\"Products\",\"item\":\"https:\/\/jinsuncarbon.com\/graphite-carbon\/\"},{\"@type\":\"ListItem\",\"position\":3,\"name\":\"Carbon Raiser\"}]},{\"@type\":\"WebSite\",\"@id\":\"https:\/\/jinsuncarbon.com\/#website\",\"url\":\"https:\/\/jinsuncarbon.com\/\",\"name\":\"Jinsun Carbon\",\"description\":\"We are the successful graphite electrode manufacturer in China\",\"publisher\":{\"@id\":\"https:\/\/jinsuncarbon.com\/#organization\"},\"potentialAction\":[{\"@type\":\"SearchAction\",\"target\":{\"@type\":\"EntryPoint\",\"urlTemplate\":\"https:\/\/jinsuncarbon.com\/?s={search_term_string}\"},\"query-input\":{\"@type\":\"PropertyValueSpecification\",\"valueRequired\":true,\"valueName\":\"search_term_string\"}}],\"inLanguage\":\"es\"},{\"@type\":\"Organization\",\"@id\":\"https:\/\/jinsuncarbon.com\/#organization\",\"name\":\"Jinsun Carbon\",\"alternateName\":\"Jinsun Carbon\",\"url\":\"https:\/\/jinsuncarbon.com\/\",\"logo\":{\"@type\":\"ImageObject\",\"inLanguage\":\"es\",\"@id\":\"https:\/\/jinsuncarbon.com\/#\/schema\/logo\/image\/\",\"url\":\"https:\/\/jinsuncarbon.com\/wp-content\/uploads\/2022\/12\/LOGO-1.png\",\"contentUrl\":\"https:\/\/jinsuncarbon.com\/wp-content\/uploads\/2022\/12\/LOGO-1.png\",\"width\":207,\"height\":80,\"caption\":\"Jinsun Carbon\"},\"image\":{\"@id\":\"https:\/\/jinsuncarbon.com\/#\/schema\/logo\/image\/\"},\"sameAs\":[\"https:\/\/www.facebook.com\/Graphite-Electrode-109336238661595\",\"https:\/\/x.com\/jinsuncarbon_\",\"https:\/\/www.linkedin.com\/in\/jinsungraphite\",\"https:\/\/www.youtube.com\/channel\/UCysDNyvyR5-3cCWEmpkVC0g\"]}]}<\/script>\n<!-- \/ Yoast SEO Premium plugin. -->","yoast_head_json":{"title":"Carbon Raiser Fabricante","description":"El elevador de carbono es un tipo de sustancia que contiene carbono y que se utiliza para compensar el contenido de carbono que se pierde durante el proceso de fundici\u00f3n del acero.","robots":{"index":"index","follow":"follow","max-snippet":"max-snippet:-1","max-image-preview":"max-image-preview:large","max-video-preview":"max-video-preview:-1"},"canonical":"https:\/\/jinsuncarbon.com\/es\/producto\/elevador-de-carbono\/","og_locale":"es_MX","og_type":"article","og_title":"Carbon Raiser","og_description":"Carbon raiser is a type of carbon-containing substance that is used to make up for the carbon content lost during the steel smelting process.","og_url":"https:\/\/jinsuncarbon.com\/es\/producto\/elevador-de-carbono\/","og_site_name":"Jinsun Carbon","article_publisher":"https:\/\/www.facebook.com\/Graphite-Electrode-109336238661595","article_modified_time":"2025-03-08T06:39:46+00:00","og_image":[{"width":1024,"height":680,"url":"https:\/\/jinsuncarbon.com\/wp-content\/uploads\/2024\/03\/carbon-raiser.jpg","type":"image\/jpeg"}],"twitter_card":"summary_large_image","twitter_site":"@jinsuncarbon_","twitter_misc":{"Tiempo de lectura":"3 minutos"},"schema":{"@context":"https:\/\/schema.org","@graph":[{"@type":"WebPage","@id":"https:\/\/jinsuncarbon.com\/product\/carbon-raiser\/","url":"https:\/\/jinsuncarbon.com\/product\/carbon-raiser\/","name":"Carbon Raiser Fabricante","isPartOf":{"@id":"https:\/\/jinsuncarbon.com\/#website"},"primaryImageOfPage":{"@id":"https:\/\/jinsuncarbon.com\/product\/carbon-raiser\/#primaryimage"},"image":{"@id":"https:\/\/jinsuncarbon.com\/product\/carbon-raiser\/#primaryimage"},"thumbnailUrl":"https:\/\/jinsuncarbon.com\/wp-content\/uploads\/2024\/03\/carbon-raiser.jpg","datePublished":"2024-03-18T13:59:47+00:00","dateModified":"2025-03-08T06:39:46+00:00","description":"El elevador de carbono es un tipo de sustancia que contiene carbono y que se utiliza para compensar el contenido de carbono que se pierde durante el proceso de fundici\u00f3n del acero.","breadcrumb":{"@id":"https:\/\/jinsuncarbon.com\/product\/carbon-raiser\/#breadcrumb"},"inLanguage":"es","potentialAction":[{"@type":"ReadAction","target":["https:\/\/jinsuncarbon.com\/product\/carbon-raiser\/"]}]},{"@type":"ImageObject","inLanguage":"es","@id":"https:\/\/jinsuncarbon.com\/product\/carbon-raiser\/#primaryimage","url":"https:\/\/jinsuncarbon.com\/wp-content\/uploads\/2024\/03\/carbon-raiser.jpg","contentUrl":"https:\/\/jinsuncarbon.com\/wp-content\/uploads\/2024\/03\/carbon-raiser.jpg","width":1024,"height":680,"caption":"carbon raiser"},{"@type":"BreadcrumbList","@id":"https:\/\/jinsuncarbon.com\/product\/carbon-raiser\/#breadcrumb","itemListElement":[{"@type":"ListItem","position":1,"name":"Home","item":"https:\/\/jinsuncarbon.com\/"},{"@type":"ListItem","position":2,"name":"Products","item":"https:\/\/jinsuncarbon.com\/graphite-carbon\/"},{"@type":"ListItem","position":3,"name":"Carbon Raiser"}]},{"@type":"WebSite","@id":"https:\/\/jinsuncarbon.com\/#website","url":"https:\/\/jinsuncarbon.com\/","name":"Jinsun Carbon","description":"Somos el fabricante de electrodos de grafito con m\u00e1s \u00e9xito de China","publisher":{"@id":"https:\/\/jinsuncarbon.com\/#organization"},"potentialAction":[{"@type":"SearchAction","target":{"@type":"EntryPoint","urlTemplate":"https:\/\/jinsuncarbon.com\/?s={search_term_string}"},"query-input":{"@type":"PropertyValueSpecification","valueRequired":true,"valueName":"search_term_string"}}],"inLanguage":"es"},{"@type":"Organization","@id":"https:\/\/jinsuncarbon.com\/#organization","name":"Jinsun Carbon","alternateName":"Jinsun Carbon","url":"https:\/\/jinsuncarbon.com\/","logo":{"@type":"ImageObject","inLanguage":"es","@id":"https:\/\/jinsuncarbon.com\/#\/schema\/logo\/image\/","url":"https:\/\/jinsuncarbon.com\/wp-content\/uploads\/2022\/12\/LOGO-1.png","contentUrl":"https:\/\/jinsuncarbon.com\/wp-content\/uploads\/2022\/12\/LOGO-1.png","width":207,"height":80,"caption":"Jinsun Carbon"},"image":{"@id":"https:\/\/jinsuncarbon.com\/#\/schema\/logo\/image\/"},"sameAs":["https:\/\/www.facebook.com\/Graphite-Electrode-109336238661595","https:\/\/x.com\/jinsuncarbon_","https:\/\/www.linkedin.com\/in\/jinsungraphite","https:\/\/www.youtube.com\/channel\/UCysDNyvyR5-3cCWEmpkVC0g"]}]}},"_links":{"self":[{"href":"https:\/\/jinsuncarbon.com\/es\/wp-json\/wp\/v2\/product\/4824","targetHints":{"allow":["GET"]}}],"collection":[{"href":"https:\/\/jinsuncarbon.com\/es\/wp-json\/wp\/v2\/product"}],"about":[{"href":"https:\/\/jinsuncarbon.com\/es\/wp-json\/wp\/v2\/types\/product"}],"wp:featuredmedia":[{"embeddable":true,"href":"https:\/\/jinsuncarbon.com\/es\/wp-json\/wp\/v2\/media\/4826"}],"wp:attachment":[{"href":"https:\/\/jinsuncarbon.com\/es\/wp-json\/wp\/v2\/media?parent=4824"}],"wp:term":[{"taxonomy":"product_brand","embeddable":true,"href":"https:\/\/jinsuncarbon.com\/es\/wp-json\/wp\/v2\/product_brand?post=4824"},{"taxonomy":"product_cat","embeddable":true,"href":"https:\/\/jinsuncarbon.com\/es\/wp-json\/wp\/v2\/product_cat?post=4824"},{"taxonomy":"product_tag","embeddable":true,"href":"https:\/\/jinsuncarbon.com\/es\/wp-json\/wp\/v2\/product_tag?post=4824"}],"curies":[{"name":"wp","href":"https:\/\/api.w.org\/{rel}","templated":true}]}}