{"id":4169,"date":"2024-02-13T13:25:22","date_gmt":"2024-02-13T13:25:22","guid":{"rendered":"https:\/\/jinsuncarbon.com\/?post_type=product&#038;p=4169"},"modified":"2026-02-26T14:36:28","modified_gmt":"2026-02-26T14:36:28","slug":"electrodo-de-grafito-uhp-de-600-mm","status":"publish","type":"product","link":"https:\/\/jinsuncarbon.com\/es\/producto\/electrodo-de-grafito-uhp-de-600-mm\/","title":{"rendered":"Electrodo de grafito UHP de 600 mm"},"content":{"rendered":"<h3>El electrodo de grafito UHP de 600 mm se utiliza a menudo en <a href=\"https:\/\/en.wikipedia.org\/wiki\/Electric_arc_furnace#:~:text=AC%20furnaces%20usually%20exhibit%20a,of%20the%20steel%20more%20uniform.\" target=\"_blank\" rel=\"noopener\">Horno de arco el\u00e9ctrico AC.<\/a><\/h3>\n<p><strong>Caracter\u00edsticas principales:<\/strong><\/p>\n<ul>\n<li>Mayor densidad aparente<\/li>\n<li>Muy baja resistividad<\/li>\n<li>Permiten una gran carga de corriente<\/li>\n<li>Alta resistencia a la flexi\u00f3n<\/li>\n<li>Coeficiente de dilataci\u00f3n t\u00e9rmica peque\u00f1o<\/li>\n<\/ul>\n<h3><\/h3>\n<h3>Las aplicaciones de los hornos de arco el\u00e9ctrico y electrodo de grafito uhp 600 son las siguientes<\/h3>\n<table width=\"1037\">\n<tbody>\n<tr>\n<td rowspan=\"4\" width=\"402\">Informaci\u00f3n sobre el horno base<\/td>\n<td width=\"299\">Aplicaci\u00f3n (CA \/ CC)<\/td>\n<td width=\"336\">CA<\/td>\n<\/tr>\n<tr>\n<td width=\"299\">Identificaci\u00f3n del horno<\/td>\n<td>Horno de arco el\u00e9ctrico Quantum<\/td>\n<\/tr>\n<tr>\n<td width=\"299\">Capacidad del horno en MT<\/td>\n<td>150<\/td>\n<\/tr>\n<tr>\n<td width=\"299\">Producci\u00f3n anual MT<\/td>\n<td>0,84 millones de toneladas<\/td>\n<\/tr>\n<tr>\n<td rowspan=\"17\" width=\"402\">Datos del electrodo de grafito<\/td>\n<td width=\"299\">Di\u00e1metro del electrodo (mm)<\/td>\n<td width=\"336\">610<\/td>\n<\/tr>\n<tr>\n<td width=\"299\">Di\u00e1metro m\u00edn. (mm)<\/td>\n<td width=\"336\">607<\/td>\n<\/tr>\n<tr>\n<td width=\"299\">Di\u00e1metro m\u00e1x. (mm)<\/td>\n<td width=\"336\">613<\/td>\n<\/tr>\n<tr>\n<td width=\"299\">Longitud del electrodo (mm)<\/td>\n<td width=\"336\">2400<\/td>\n<\/tr>\n<tr>\n<td width=\"299\">Longitud m\u00ednima (mm)<\/td>\n<td width=\"336\">2300<\/td>\n<\/tr>\n<tr>\n<td width=\"299\">Longitud m\u00e1xima (mm)<\/td>\n<td width=\"336\">2500<\/td>\n<\/tr>\n<tr>\n<td width=\"299\">Grado<\/td>\n<td width=\"336\">UHP<\/td>\n<\/tr>\n<tr>\n<td width=\"299\">Tama\u00f1o de la boquilla Di\u00e1metro X longitud (mm)<\/td>\n<td width=\"336\">317.50 X 457.20<\/td>\n<\/tr>\n<tr>\n<td width=\"299\">Sobre peso\/kg<\/td>\n<td width=\"336\">38.7<\/td>\n<\/tr>\n<tr>\n<td width=\"299\">Tipo de boquilla (IEC)<\/td>\n<td width=\"336\">UHP<\/td>\n<\/tr>\n<tr>\n<td width=\"299\">Tap\u00f3n de paso (S\u00ed\/No)<\/td>\n<td width=\"336\">s\u00ed<\/td>\n<\/tr>\n<tr>\n<td width=\"299\">Ranura para el polvo (S\u00ed\/No)<\/td>\n<td width=\"336\">s\u00ed<\/td>\n<\/tr>\n<tr>\n<td width=\"299\">Consumo de electrodos Neto kg\/MT<\/td>\n<td width=\"336\">1kg\/MT de producci\u00f3n de acero<\/td>\n<\/tr>\n<tr>\n<td width=\"299\">Consumo de electrodos Bruto kg\/MT<\/td>\n<td width=\"336\">0.9<\/td>\n<\/tr>\n<tr>\n<td width=\"299\">Promedio % Pausas\/Mes<\/td>\n<td width=\"336\">0<\/td>\n<\/tr>\n<tr>\n<td width=\"299\">Longitud oxidada (M)<\/td>\n<td width=\"336\">N\/A<\/td>\n<\/tr>\n<tr>\n<td width=\"299\">Di\u00e1metro de la punta (mm)<\/td>\n<td width=\"336\">500<\/td>\n<\/tr>\n<\/tbody>\n<\/table>\n<h3><\/h3>\n<h3><\/h3>\n<h3>Fabricaci\u00f3n con coque de aguja de alta calidad<\/h3>\n<p>El uso de coque de aguja de alta calidad y aglutinante de brea modificado para desarrollar electrodos de grafito UHP de alta calidad hace posible una resistencia de carga de alta energ\u00eda y un funcionamiento a alta corriente.<\/p>\n<p>Con el desarrollo de la econom\u00eda industrial, muchos pa\u00edses se han reformado. Han introducido sucesivamente la fabricaci\u00f3n de acero en horno de arco el\u00e9ctrico.<\/p>\n<h3>Requisitos de calidad:<\/h3>\n<p>1. En t\u00e9rminos de apariencia y par\u00e1metros de superficie, el <a href=\"https:\/\/jinsuncarbon.com\/es\/producto\/electrodo-de-grafito-uhp\/\">electrodos de grafito<\/a> debe cumplir los siguientes requisitos:<\/p>\n<p>a perpendicularidad de la generatriz de la superficie del electrodo al extremo no debe ser superior a 0,20 mm.<br \/>\n-la planitud de las superficies extremas del electrodo no debe ser superior a 0,15 mm.<br \/>\n- La ovalidad y la conicidad de la generatriz de la superficie del electrodo no deben superar la mitad de la tolerancia del di\u00e1metro del electrodo. Las depresiones no deben superar las desviaciones m\u00e1ximas del di\u00e1metro del electrodo.<br \/>\n- en la superficie de los electrodos:<br \/>\n1) bordes astillados de cada extremo con una profundidad superior a 8 mm, una longitud total superior a 40 mm;<br \/>\n2) astillas y c\u00e1scaras en la superficie con una profundidad superior a 8 mm y una longitud de 20 mm;<br \/>\n3) m\u00e1s de dos grietas longitudinales a una distancia de al menos 200 mm desde la parte inferior de la toma de la boquilla hasta el centro del electrodo con una longitud superior a 5% del per\u00edmetro de la secci\u00f3n del electrodo;<br \/>\n4) grietas transversales.<br \/>\n2. En t\u00e9rminos de aspecto y par\u00e1metros de superficie, las espigas y los manguitos de las espigas deben cumplir los siguientes requisitos.<br \/>\n- La desalineaci\u00f3n del encaje de la tetina con respecto a la generatriz no debe ser superior a 1 mm.<br \/>\n- la ovalidad del asiento de la boquilla a lo largo del di\u00e1metro interior en la zona de hasta 60 \u00b0 no debe ser superior a 0,6 mm.<br \/>\n- Las escotaduras de centrado en los extremos de los niples no deben ser superiores a 15 mm.<br \/>\n- en la superficie de pezones y pezoneras no est\u00e1 permitido:<br \/>\n1) m\u00e1s de dos virutas de rosca con una longitud superior a 15 mm;<\/p>\n<h5>P\u00f3ngase en contacto con nosotros para obtener electrodos de grafito UHP 600 de alta calidad.<\/h5>","protected":false},"excerpt":{"rendered":"<p>Los electrodos de grafito UHP se producen principalmente a partir de coque de aguja y coque de brea, que son materiales conductores resistentes a altas temperaturas. Se utilizan principalmente en la fabricaci\u00f3n de acero en hornos de arco el\u00e9ctrico. Los electrodos de grafito de alta calidad pueden reducir el consumo de toneladas y mejorar la eficacia de la producci\u00f3n. Normalmente, el consumo por tonelada de acero de nuestro electrodo de grafito UHP 600 es de 0,9 kg.<\/p>","protected":false},"featured_media":4171,"template":"","meta":[],"product_brand":[],"product_cat":[37],"product_tag":[],"class_list":{"0":"post-4169","1":"product","2":"type-product","3":"status-publish","4":"has-post-thumbnail","6":"product_cat-graphite-electrode","8":"first","9":"instock","10":"shipping-taxable","11":"product-type-simple"},"yoast_head":"<!-- This site is optimized with the Yoast SEO Premium plugin v19.2.1 (Yoast SEO v25.3) - https:\/\/yoast.com\/wordpress\/plugins\/seo\/ -->\n<title>600mm Graphite Electrode UHP Manufacturer<\/title>\n<meta name=\"description\" content=\"600mm graphite electrode uhp is mainly made of needle coke and pitch coke, which is high-temperature resistant conductor materials in eaf.\" \/>\n<meta name=\"robots\" content=\"index, follow, max-snippet:-1, max-image-preview:large, max-video-preview:-1\" \/>\n<link rel=\"canonical\" href=\"https:\/\/jinsuncarbon.com\/es\/producto\/electrodo-de-grafito-uhp-de-600-mm\/\" \/>\n<meta property=\"og:locale\" content=\"es_MX\" \/>\n<meta property=\"og:type\" content=\"article\" \/>\n<meta property=\"og:title\" content=\"600mm Graphite Electrode UHP\" \/>\n<meta property=\"og:description\" content=\"600mm graphite electrode uhp is mainly made of needle coke and pitch coke, which is high-temperature resistant conductor materials in eaf.\" \/>\n<meta property=\"og:url\" content=\"https:\/\/jinsuncarbon.com\/es\/producto\/electrodo-de-grafito-uhp-de-600-mm\/\" \/>\n<meta property=\"og:site_name\" content=\"Jinsun Carbon\" \/>\n<meta property=\"article:publisher\" content=\"https:\/\/www.facebook.com\/Graphite-Electrode-109336238661595\" \/>\n<meta property=\"article:modified_time\" content=\"2026-02-26T14:36:28+00:00\" \/>\n<meta property=\"og:image\" content=\"https:\/\/jinsuncarbon.com\/wp-content\/uploads\/2024\/02\/graphite-electrode-uhp-600.jpg\" \/>\n\t<meta property=\"og:image:width\" content=\"1024\" \/>\n\t<meta property=\"og:image:height\" content=\"763\" \/>\n\t<meta property=\"og:image:type\" content=\"image\/jpeg\" \/>\n<meta name=\"twitter:card\" content=\"summary_large_image\" \/>\n<meta name=\"twitter:site\" content=\"@jinsuncarbon_\" \/>\n<meta name=\"twitter:label1\" content=\"Tiempo de lectura\" \/>\n\t<meta name=\"twitter:data1\" content=\"3 minutos\" \/>\n<script type=\"application\/ld+json\" class=\"yoast-schema-graph\">{\"@context\":\"https:\/\/schema.org\",\"@graph\":[{\"@type\":\"WebPage\",\"@id\":\"https:\/\/jinsuncarbon.com\/product\/600mm-graphite-electrode-uhp\/\",\"url\":\"https:\/\/jinsuncarbon.com\/product\/600mm-graphite-electrode-uhp\/\",\"name\":\"600mm Graphite Electrode UHP Manufacturer\",\"isPartOf\":{\"@id\":\"https:\/\/jinsuncarbon.com\/#website\"},\"primaryImageOfPage\":{\"@id\":\"https:\/\/jinsuncarbon.com\/product\/600mm-graphite-electrode-uhp\/#primaryimage\"},\"image\":{\"@id\":\"https:\/\/jinsuncarbon.com\/product\/600mm-graphite-electrode-uhp\/#primaryimage\"},\"thumbnailUrl\":\"https:\/\/jinsuncarbon.com\/wp-content\/uploads\/2024\/02\/graphite-electrode-uhp-600.jpg\",\"datePublished\":\"2024-02-13T13:25:22+00:00\",\"dateModified\":\"2026-02-26T14:36:28+00:00\",\"description\":\"600mm graphite electrode uhp is mainly made of needle coke and pitch coke, which is high-temperature resistant conductor materials in eaf.\",\"breadcrumb\":{\"@id\":\"https:\/\/jinsuncarbon.com\/product\/600mm-graphite-electrode-uhp\/#breadcrumb\"},\"inLanguage\":\"es\",\"potentialAction\":[{\"@type\":\"ReadAction\",\"target\":[\"https:\/\/jinsuncarbon.com\/product\/600mm-graphite-electrode-uhp\/\"]}]},{\"@type\":\"ImageObject\",\"inLanguage\":\"es\",\"@id\":\"https:\/\/jinsuncarbon.com\/product\/600mm-graphite-electrode-uhp\/#primaryimage\",\"url\":\"https:\/\/jinsuncarbon.com\/wp-content\/uploads\/2024\/02\/graphite-electrode-uhp-600.jpg\",\"contentUrl\":\"https:\/\/jinsuncarbon.com\/wp-content\/uploads\/2024\/02\/graphite-electrode-uhp-600.jpg\",\"width\":1024,\"height\":763,\"caption\":\"graphite electrode uhp 600\"},{\"@type\":\"BreadcrumbList\",\"@id\":\"https:\/\/jinsuncarbon.com\/product\/600mm-graphite-electrode-uhp\/#breadcrumb\",\"itemListElement\":[{\"@type\":\"ListItem\",\"position\":1,\"name\":\"Home\",\"item\":\"https:\/\/jinsuncarbon.com\/\"},{\"@type\":\"ListItem\",\"position\":2,\"name\":\"Products\",\"item\":\"https:\/\/jinsuncarbon.com\/graphite-carbon\/\"},{\"@type\":\"ListItem\",\"position\":3,\"name\":\"600mm Graphite Electrode UHP\"}]},{\"@type\":\"WebSite\",\"@id\":\"https:\/\/jinsuncarbon.com\/#website\",\"url\":\"https:\/\/jinsuncarbon.com\/\",\"name\":\"Jinsun Carbon\",\"description\":\"We are the successful graphite electrode manufacturer in China\",\"publisher\":{\"@id\":\"https:\/\/jinsuncarbon.com\/#organization\"},\"potentialAction\":[{\"@type\":\"SearchAction\",\"target\":{\"@type\":\"EntryPoint\",\"urlTemplate\":\"https:\/\/jinsuncarbon.com\/?s={search_term_string}\"},\"query-input\":{\"@type\":\"PropertyValueSpecification\",\"valueRequired\":true,\"valueName\":\"search_term_string\"}}],\"inLanguage\":\"es\"},{\"@type\":\"Organization\",\"@id\":\"https:\/\/jinsuncarbon.com\/#organization\",\"name\":\"Jinsun Carbon\",\"alternateName\":\"Jinsun Carbon\",\"url\":\"https:\/\/jinsuncarbon.com\/\",\"logo\":{\"@type\":\"ImageObject\",\"inLanguage\":\"es\",\"@id\":\"https:\/\/jinsuncarbon.com\/#\/schema\/logo\/image\/\",\"url\":\"https:\/\/jinsuncarbon.com\/wp-content\/uploads\/2022\/12\/LOGO-1.png\",\"contentUrl\":\"https:\/\/jinsuncarbon.com\/wp-content\/uploads\/2022\/12\/LOGO-1.png\",\"width\":207,\"height\":80,\"caption\":\"Jinsun Carbon\"},\"image\":{\"@id\":\"https:\/\/jinsuncarbon.com\/#\/schema\/logo\/image\/\"},\"sameAs\":[\"https:\/\/www.facebook.com\/Graphite-Electrode-109336238661595\",\"https:\/\/x.com\/jinsuncarbon_\",\"https:\/\/www.linkedin.com\/in\/jinsungraphite\",\"https:\/\/www.youtube.com\/channel\/UCysDNyvyR5-3cCWEmpkVC0g\"]}]}<\/script>\n<!-- \/ Yoast SEO Premium plugin. -->","yoast_head_json":{"title":"Fabricante de electrodos de grafito UHP de 600 mm","description":"El electrodo de grafito uhp de 600 mm se fabrica principalmente con coque de aguja y coque de brea, que son materiales conductores resistentes a altas temperaturas en eaf.","robots":{"index":"index","follow":"follow","max-snippet":"max-snippet:-1","max-image-preview":"max-image-preview:large","max-video-preview":"max-video-preview:-1"},"canonical":"https:\/\/jinsuncarbon.com\/es\/producto\/electrodo-de-grafito-uhp-de-600-mm\/","og_locale":"es_MX","og_type":"article","og_title":"600mm Graphite Electrode UHP","og_description":"600mm graphite electrode uhp is mainly made of needle coke and pitch coke, which is high-temperature resistant conductor materials in eaf.","og_url":"https:\/\/jinsuncarbon.com\/es\/producto\/electrodo-de-grafito-uhp-de-600-mm\/","og_site_name":"Jinsun Carbon","article_publisher":"https:\/\/www.facebook.com\/Graphite-Electrode-109336238661595","article_modified_time":"2026-02-26T14:36:28+00:00","og_image":[{"width":1024,"height":763,"url":"https:\/\/jinsuncarbon.com\/wp-content\/uploads\/2024\/02\/graphite-electrode-uhp-600.jpg","type":"image\/jpeg"}],"twitter_card":"summary_large_image","twitter_site":"@jinsuncarbon_","twitter_misc":{"Tiempo de lectura":"3 minutos"},"schema":{"@context":"https:\/\/schema.org","@graph":[{"@type":"WebPage","@id":"https:\/\/jinsuncarbon.com\/product\/600mm-graphite-electrode-uhp\/","url":"https:\/\/jinsuncarbon.com\/product\/600mm-graphite-electrode-uhp\/","name":"Fabricante de electrodos de grafito UHP de 600 mm","isPartOf":{"@id":"https:\/\/jinsuncarbon.com\/#website"},"primaryImageOfPage":{"@id":"https:\/\/jinsuncarbon.com\/product\/600mm-graphite-electrode-uhp\/#primaryimage"},"image":{"@id":"https:\/\/jinsuncarbon.com\/product\/600mm-graphite-electrode-uhp\/#primaryimage"},"thumbnailUrl":"https:\/\/jinsuncarbon.com\/wp-content\/uploads\/2024\/02\/graphite-electrode-uhp-600.jpg","datePublished":"2024-02-13T13:25:22+00:00","dateModified":"2026-02-26T14:36:28+00:00","description":"El electrodo de grafito uhp de 600 mm se fabrica principalmente con coque de aguja y coque de brea, que son materiales conductores resistentes a altas temperaturas en eaf.","breadcrumb":{"@id":"https:\/\/jinsuncarbon.com\/product\/600mm-graphite-electrode-uhp\/#breadcrumb"},"inLanguage":"es","potentialAction":[{"@type":"ReadAction","target":["https:\/\/jinsuncarbon.com\/product\/600mm-graphite-electrode-uhp\/"]}]},{"@type":"ImageObject","inLanguage":"es","@id":"https:\/\/jinsuncarbon.com\/product\/600mm-graphite-electrode-uhp\/#primaryimage","url":"https:\/\/jinsuncarbon.com\/wp-content\/uploads\/2024\/02\/graphite-electrode-uhp-600.jpg","contentUrl":"https:\/\/jinsuncarbon.com\/wp-content\/uploads\/2024\/02\/graphite-electrode-uhp-600.jpg","width":1024,"height":763,"caption":"graphite electrode uhp 600"},{"@type":"BreadcrumbList","@id":"https:\/\/jinsuncarbon.com\/product\/600mm-graphite-electrode-uhp\/#breadcrumb","itemListElement":[{"@type":"ListItem","position":1,"name":"Home","item":"https:\/\/jinsuncarbon.com\/"},{"@type":"ListItem","position":2,"name":"Products","item":"https:\/\/jinsuncarbon.com\/graphite-carbon\/"},{"@type":"ListItem","position":3,"name":"600mm Graphite Electrode UHP"}]},{"@type":"WebSite","@id":"https:\/\/jinsuncarbon.com\/#website","url":"https:\/\/jinsuncarbon.com\/","name":"Jinsun Carbon","description":"Somos el fabricante de electrodos de grafito con m\u00e1s \u00e9xito de China","publisher":{"@id":"https:\/\/jinsuncarbon.com\/#organization"},"potentialAction":[{"@type":"SearchAction","target":{"@type":"EntryPoint","urlTemplate":"https:\/\/jinsuncarbon.com\/?s={search_term_string}"},"query-input":{"@type":"PropertyValueSpecification","valueRequired":true,"valueName":"search_term_string"}}],"inLanguage":"es"},{"@type":"Organization","@id":"https:\/\/jinsuncarbon.com\/#organization","name":"Jinsun Carbon","alternateName":"Jinsun Carbon","url":"https:\/\/jinsuncarbon.com\/","logo":{"@type":"ImageObject","inLanguage":"es","@id":"https:\/\/jinsuncarbon.com\/#\/schema\/logo\/image\/","url":"https:\/\/jinsuncarbon.com\/wp-content\/uploads\/2022\/12\/LOGO-1.png","contentUrl":"https:\/\/jinsuncarbon.com\/wp-content\/uploads\/2022\/12\/LOGO-1.png","width":207,"height":80,"caption":"Jinsun Carbon"},"image":{"@id":"https:\/\/jinsuncarbon.com\/#\/schema\/logo\/image\/"},"sameAs":["https:\/\/www.facebook.com\/Graphite-Electrode-109336238661595","https:\/\/x.com\/jinsuncarbon_","https:\/\/www.linkedin.com\/in\/jinsungraphite","https:\/\/www.youtube.com\/channel\/UCysDNyvyR5-3cCWEmpkVC0g"]}]}},"_links":{"self":[{"href":"https:\/\/jinsuncarbon.com\/es\/wp-json\/wp\/v2\/product\/4169","targetHints":{"allow":["GET"]}}],"collection":[{"href":"https:\/\/jinsuncarbon.com\/es\/wp-json\/wp\/v2\/product"}],"about":[{"href":"https:\/\/jinsuncarbon.com\/es\/wp-json\/wp\/v2\/types\/product"}],"wp:featuredmedia":[{"embeddable":true,"href":"https:\/\/jinsuncarbon.com\/es\/wp-json\/wp\/v2\/media\/4171"}],"wp:attachment":[{"href":"https:\/\/jinsuncarbon.com\/es\/wp-json\/wp\/v2\/media?parent=4169"}],"wp:term":[{"taxonomy":"product_brand","embeddable":true,"href":"https:\/\/jinsuncarbon.com\/es\/wp-json\/wp\/v2\/product_brand?post=4169"},{"taxonomy":"product_cat","embeddable":true,"href":"https:\/\/jinsuncarbon.com\/es\/wp-json\/wp\/v2\/product_cat?post=4169"},{"taxonomy":"product_tag","embeddable":true,"href":"https:\/\/jinsuncarbon.com\/es\/wp-json\/wp\/v2\/product_tag?post=4169"}],"curies":[{"name":"wp","href":"https:\/\/api.w.org\/{rel}","templated":true}]}}