{"id":2133,"date":"2023-01-30T09:12:04","date_gmt":"2023-01-30T09:12:04","guid":{"rendered":"https:\/\/jinsuncarbon.com\/?post_type=product&#038;p=2133"},"modified":"2025-01-10T10:50:20","modified_gmt":"2025-01-10T10:50:20","slug":"placa-de-grafito","status":"publish","type":"product","link":"https:\/\/jinsuncarbon.com\/es\/producto\/placa-de-grafito\/","title":{"rendered":"Placa de grafito"},"content":{"rendered":"<h2>Placas de grafito para diferentes industrias<\/h2>\n<p>Suele estar hecha de coque de petr\u00f3leo y coque de brea, con una alta conductividad t\u00e9rmica, buena conductividad el\u00e9ctrica y resistencia a la corrosi\u00f3n. La placa de grafito se utiliza habitualmente para la electr\u00f3lisis, la galvanoplastia y la electroqu\u00edmica del agua o de soluciones qu\u00edmicas.<\/p>\n<p>En primer lugar, debido a la inercia de <a href=\"https:\/\/jinsuncarbon.com\/es\/por-que-se-utilizan-electrodos-de-grafito-en-la-electrolisis\/\">grafito<\/a>No reacciona qu\u00edmicamente con las sustancias qu\u00edmicas de la soluci\u00f3n a temperatura ambiente. Por lo tanto, se utiliza a menudo para el agua <a href=\"https:\/\/www.britannica.com\/science\/electrolysis\" target=\"_blank\" rel=\"noopener\">electr\u00f3lisis<\/a>como el tratamiento de aguas residuales, para descomponer el hidr\u00f3geno y el ox\u00edgeno.<\/p>\n<p>Cuando se utiliza en celdas electrol\u00edticas. Puede sumergirse en una soluci\u00f3n de \u00e1cido clorh\u00eddrico o \u00e1cido sulf\u00farico y utilizarse como \u00e1nodo. Gracias a su excelente conductividad el\u00e9ctrica, puede utilizarse para transportar corriente en galvanoplastia.<\/p>\n<p>Como es muy resistente al desgaste y tiene un acabado superficial de gran calidad, se utilizan en la industria de las aleaciones de aluminio para fabricar productos lisos y bonitos.  Tambi\u00e9n se utilizan en equipos mec\u00e1nicos.<\/p>\n<p>&nbsp;<\/p>\n<p><img fetchpriority=\"high\" decoding=\"async\" class=\"alignnone wp-image-4463\" src=\"https:\/\/jinsuncarbon.com\/wp-content\/uploads\/2023\/01\/Electrolysis-1024x672.jpg\" alt=\"Electr\u00f3lisis\" width=\"303\" height=\"199\" srcset=\"https:\/\/jinsuncarbon.com\/wp-content\/uploads\/2023\/01\/Electrolysis-1024x672.jpg 1024w, https:\/\/jinsuncarbon.com\/wp-content\/uploads\/2023\/01\/Electrolysis-600x394.jpg 600w, https:\/\/jinsuncarbon.com\/wp-content\/uploads\/2023\/01\/Electrolysis-300x197.jpg 300w, https:\/\/jinsuncarbon.com\/wp-content\/uploads\/2023\/01\/Electrolysis-768x504.jpg 768w, https:\/\/jinsuncarbon.com\/wp-content\/uploads\/2023\/01\/Electrolysis-18x12.jpg 18w, https:\/\/jinsuncarbon.com\/wp-content\/uploads\/2023\/01\/Electrolysis.jpg 1080w\" sizes=\"(max-width: 303px) 100vw, 303px\" \/> <img decoding=\"async\" class=\"alignnone wp-image-4464\" src=\"https:\/\/jinsuncarbon.com\/wp-content\/uploads\/2023\/01\/Electroplating-1024x612.jpg\" alt=\"Galvanoplastia\" width=\"334\" height=\"200\" srcset=\"https:\/\/jinsuncarbon.com\/wp-content\/uploads\/2023\/01\/Electroplating-1024x612.jpg 1024w, https:\/\/jinsuncarbon.com\/wp-content\/uploads\/2023\/01\/Electroplating-600x358.jpg 600w, https:\/\/jinsuncarbon.com\/wp-content\/uploads\/2023\/01\/Electroplating-300x179.jpg 300w, https:\/\/jinsuncarbon.com\/wp-content\/uploads\/2023\/01\/Electroplating-768x459.jpg 768w, https:\/\/jinsuncarbon.com\/wp-content\/uploads\/2023\/01\/Electroplating-18x12.jpg 18w, https:\/\/jinsuncarbon.com\/wp-content\/uploads\/2023\/01\/Electroplating.jpg 1080w\" sizes=\"(max-width: 334px) 100vw, 334px\" \/> <img decoding=\"async\" class=\"alignnone wp-image-4465\" src=\"https:\/\/jinsuncarbon.com\/wp-content\/uploads\/2023\/01\/Enegy-1024x558.jpg\" alt=\"Enegy\" width=\"367\" height=\"200\" srcset=\"https:\/\/jinsuncarbon.com\/wp-content\/uploads\/2023\/01\/Enegy-1024x558.jpg 1024w, https:\/\/jinsuncarbon.com\/wp-content\/uploads\/2023\/01\/Enegy-600x327.jpg 600w, https:\/\/jinsuncarbon.com\/wp-content\/uploads\/2023\/01\/Enegy-300x164.jpg 300w, https:\/\/jinsuncarbon.com\/wp-content\/uploads\/2023\/01\/Enegy-768x419.jpg 768w, https:\/\/jinsuncarbon.com\/wp-content\/uploads\/2023\/01\/Enegy-18x10.jpg 18w, https:\/\/jinsuncarbon.com\/wp-content\/uploads\/2023\/01\/Enegy.jpg 1080w\" sizes=\"(max-width: 367px) 100vw, 367px\" \/><\/p>\n<p>Inducci\u00f3n de electr\u00f3lisis Industria galv\u00e1nica Industria energ\u00e9tica<\/p>\n<p>&nbsp;<\/p>\n<h2>Tipos de placa de grafito<\/h2>\n<p>Hay tres tipos de materiales: grafito de gran pureza, part\u00edculas finas y <a href=\"https:\/\/en.wikipedia.org\/wiki\/Isostatic\" target=\"_blank\" rel=\"noopener\">isost\u00e1tico<\/a> grafito.<\/p>\n<ul>\n<li>La densidad de la serie de gran pureza es muy alta, de 1,80-1,85 g\/cm3.<\/li>\n<li>El tama\u00f1o de las part\u00edculas finas es de 2 mm, 0,8 mm, con una buena resistencia al desgaste y un precio moderado.<\/li>\n<li>La serie isost\u00e1tica es la primera elecci\u00f3n para las industrias de semiconductores y fotovoltaica.<\/li>\n<li>Con varias especificaciones y productos personalizados, puede satisfacer las diferentes demandas de la industria.<\/li>\n<\/ul>\n<p>&nbsp;<\/p>\n<p><img loading=\"lazy\" decoding=\"async\" class=\"alignnone wp-image-4466 size-medium\" src=\"https:\/\/jinsuncarbon.com\/wp-content\/uploads\/2023\/01\/high-purity-graphite-plate-300x248.jpg\" alt=\"Placa de grafito de gran pureza\" width=\"300\" height=\"248\" srcset=\"https:\/\/jinsuncarbon.com\/wp-content\/uploads\/2023\/01\/high-purity-graphite-plate-300x248.jpg 300w, https:\/\/jinsuncarbon.com\/wp-content\/uploads\/2023\/01\/high-purity-graphite-plate-600x496.jpg 600w, https:\/\/jinsuncarbon.com\/wp-content\/uploads\/2023\/01\/high-purity-graphite-plate-768x635.jpg 768w, https:\/\/jinsuncarbon.com\/wp-content\/uploads\/2023\/01\/high-purity-graphite-plate-15x12.jpg 15w, https:\/\/jinsuncarbon.com\/wp-content\/uploads\/2023\/01\/high-purity-graphite-plate.jpg 1024w\" sizes=\"(max-width: 300px) 100vw, 300px\" \/> <img loading=\"lazy\" decoding=\"async\" class=\"alignnone size-medium wp-image-4467\" src=\"https:\/\/jinsuncarbon.com\/wp-content\/uploads\/2023\/01\/Fine-particle-graphite-electrode-300x248.jpg\" alt=\"Electrodo de grafito de part\u00edculas finas\" width=\"300\" height=\"248\" srcset=\"https:\/\/jinsuncarbon.com\/wp-content\/uploads\/2023\/01\/Fine-particle-graphite-electrode-300x248.jpg 300w, https:\/\/jinsuncarbon.com\/wp-content\/uploads\/2023\/01\/Fine-particle-graphite-electrode-600x496.jpg 600w, https:\/\/jinsuncarbon.com\/wp-content\/uploads\/2023\/01\/Fine-particle-graphite-electrode-768x635.jpg 768w, https:\/\/jinsuncarbon.com\/wp-content\/uploads\/2023\/01\/Fine-particle-graphite-electrode-15x12.jpg 15w, https:\/\/jinsuncarbon.com\/wp-content\/uploads\/2023\/01\/Fine-particle-graphite-electrode.jpg 1024w\" sizes=\"(max-width: 300px) 100vw, 300px\" \/> <img loading=\"lazy\" decoding=\"async\" class=\"alignnone size-medium wp-image-4468\" src=\"https:\/\/jinsuncarbon.com\/wp-content\/uploads\/2023\/01\/Isostatic-graphite-plate-300x248.jpg\" alt=\"Placa de grafito isost\u00e1tica\" width=\"300\" height=\"248\" srcset=\"https:\/\/jinsuncarbon.com\/wp-content\/uploads\/2023\/01\/Isostatic-graphite-plate-300x248.jpg 300w, https:\/\/jinsuncarbon.com\/wp-content\/uploads\/2023\/01\/Isostatic-graphite-plate-600x496.jpg 600w, https:\/\/jinsuncarbon.com\/wp-content\/uploads\/2023\/01\/Isostatic-graphite-plate-768x635.jpg 768w, https:\/\/jinsuncarbon.com\/wp-content\/uploads\/2023\/01\/Isostatic-graphite-plate-15x12.jpg 15w, https:\/\/jinsuncarbon.com\/wp-content\/uploads\/2023\/01\/Isostatic-graphite-plate.jpg 1024w\" sizes=\"(max-width: 300px) 100vw, 300px\" \/><\/p>\n<p>&nbsp;<\/p>\n<h2>Caracter\u00edsticas principales<\/h2>\n<p><strong>Alta conductividad t\u00e9rmica:<\/strong> Puede transferir calor r\u00e1pidamente en diversas aplicaciones de gesti\u00f3n t\u00e9rmica.<\/p>\n<p><strong>Excelente resistencia el\u00e9ctrica:<\/strong> Es adecuado para aplicaciones electrol\u00edticas y electr\u00f3nicas, garantizando un aislamiento fiable y evitando la formaci\u00f3n de arcos o cortocircuitos.<\/p>\n<p><strong>Resistencia qu\u00edmica:<\/strong> Es resistente a la mayor\u00eda de los productos qu\u00edmicos y \u00e1cidos corrosivos, por lo que resulta ideal para la industria de transformaci\u00f3n qu\u00edmica. Incluso en entornos qu\u00edmicos agresivos, no se corroe ni se oxida.<\/p>\n<p><strong>Resistencia mec\u00e1nica y estabilidad:<\/strong> Alta resistencia a la tracci\u00f3n y baja dilataci\u00f3n bajo ciclos t\u00e9rmicos. Puede soportar entornos dif\u00edciles y mantener su integridad estructural a lo largo del tiempo.<\/p>\n<p><strong>Mecanizado de precisi\u00f3n: <\/strong>Garantiza unas dimensiones precisas y un acabado superficial liso. Esto permite una f\u00e1cil integraci\u00f3n en una variedad de sistemas y aplicaciones, ahorrando tiempo y esfuerzo durante la instalaci\u00f3n.<\/p>\n<h2>\u00bfPor qu\u00e9 elegirnos?<\/h2>\n<ul>\n<li>Los tama\u00f1os no est\u00e1ndar pueden dise\u00f1arse y fabricarse con planos y muestras.<\/li>\n<li>Resistencia a altas temperaturas, resistencia a la oxidaci\u00f3n, resistencia a la corrosi\u00f3n y larga vida \u00fatil.<\/li>\n<li>Ampliamente utilizado en miner\u00eda t\u00e9rmica, <a href=\"https:\/\/en.wikipedia.org\/wiki\/Metallurgy\" target=\"_blank\" rel=\"noopener\">metalurgia<\/a>industria qu\u00edmica y otras industrias.<\/li>\n<\/ul>","protected":false},"excerpt":{"rendered":"<p>La placa de grafito se utiliza en muchas industrias, como la papelera, electr\u00f3nica, cementera, qu\u00edmica, aeroespacial, etc., para diferentes funciones y prop\u00f3sitos. Se presenta en diferentes tama\u00f1os y formas y puede personalizarse f\u00e1cilmente seg\u00fan las necesidades. La placa de grafito fino se utiliza como material de sellado. Suele ser m\u00e1s fina que las l\u00e1minas de grafito, siempre uniformemente plana y con esquinas en \u00e1ngulo de 90\u00b0. Es asequible en comparaci\u00f3n con otros productos de grafito y simple en la fabricaci\u00f3n, y puede tener un dise\u00f1o estampado y textura suave.<\/p>","protected":false},"featured_media":2439,"template":"","meta":[],"product_brand":[],"product_cat":[38],"product_tag":[],"class_list":{"0":"post-2133","1":"product","2":"type-product","3":"status-publish","4":"has-post-thumbnail","6":"product_cat-graphite-products","8":"first","9":"instock","10":"shipping-taxable","11":"product-type-simple"},"yoast_head":"<!-- This site is optimized with the Yoast SEO Premium plugin v19.2.1 (Yoast SEO v25.3) - https:\/\/yoast.com\/wordpress\/plugins\/seo\/ -->\n<title>Graphite Plate Supplier<\/title>\n<meta name=\"description\" content=\"Graphite plate has the characteristics of high thermal conductivity, good electrical conductivity. It is made of petroleum coke and pitch coke.\" \/>\n<meta name=\"robots\" content=\"index, follow, max-snippet:-1, max-image-preview:large, max-video-preview:-1\" \/>\n<link rel=\"canonical\" href=\"https:\/\/jinsuncarbon.com\/es\/producto\/placa-de-grafito\/\" \/>\n<meta property=\"og:locale\" content=\"es_MX\" \/>\n<meta property=\"og:type\" content=\"article\" \/>\n<meta property=\"og:title\" content=\"Graphite Plate\" \/>\n<meta property=\"og:description\" content=\"Graphite plate has the characteristics of high thermal conductivity, good electrical conductivity. It is made of petroleum coke and pitch coke.\" \/>\n<meta property=\"og:url\" content=\"https:\/\/jinsuncarbon.com\/es\/producto\/placa-de-grafito\/\" \/>\n<meta property=\"og:site_name\" content=\"Jinsun Carbon\" \/>\n<meta property=\"article:publisher\" content=\"https:\/\/www.facebook.com\/Graphite-Electrode-109336238661595\" \/>\n<meta property=\"article:modified_time\" content=\"2025-01-10T10:50:20+00:00\" \/>\n<meta property=\"og:image\" content=\"https:\/\/jinsuncarbon.com\/wp-content\/uploads\/2023\/01\/2525.jpg\" \/>\n\t<meta property=\"og:image:width\" content=\"1024\" \/>\n\t<meta property=\"og:image:height\" content=\"763\" \/>\n\t<meta property=\"og:image:type\" content=\"image\/jpeg\" \/>\n<meta name=\"twitter:card\" content=\"summary_large_image\" \/>\n<meta name=\"twitter:site\" content=\"@jinsuncarbon_\" \/>\n<meta name=\"twitter:label1\" content=\"Tiempo de lectura\" \/>\n\t<meta name=\"twitter:data1\" content=\"4 minutos\" \/>\n<script type=\"application\/ld+json\" class=\"yoast-schema-graph\">{\"@context\":\"https:\/\/schema.org\",\"@graph\":[{\"@type\":\"WebPage\",\"@id\":\"https:\/\/jinsuncarbon.com\/product\/graphite-plate\/\",\"url\":\"https:\/\/jinsuncarbon.com\/product\/graphite-plate\/\",\"name\":\"Graphite Plate Supplier\",\"isPartOf\":{\"@id\":\"https:\/\/jinsuncarbon.com\/#website\"},\"primaryImageOfPage\":{\"@id\":\"https:\/\/jinsuncarbon.com\/product\/graphite-plate\/#primaryimage\"},\"image\":{\"@id\":\"https:\/\/jinsuncarbon.com\/product\/graphite-plate\/#primaryimage\"},\"thumbnailUrl\":\"https:\/\/jinsuncarbon.com\/wp-content\/uploads\/2023\/01\/2525.jpg\",\"datePublished\":\"2023-01-30T09:12:04+00:00\",\"dateModified\":\"2025-01-10T10:50:20+00:00\",\"description\":\"Graphite plate has the characteristics of high thermal conductivity, good electrical conductivity. It is made of petroleum coke and pitch coke.\",\"breadcrumb\":{\"@id\":\"https:\/\/jinsuncarbon.com\/product\/graphite-plate\/#breadcrumb\"},\"inLanguage\":\"es\",\"potentialAction\":[{\"@type\":\"ReadAction\",\"target\":[\"https:\/\/jinsuncarbon.com\/product\/graphite-plate\/\"]}]},{\"@type\":\"ImageObject\",\"inLanguage\":\"es\",\"@id\":\"https:\/\/jinsuncarbon.com\/product\/graphite-plate\/#primaryimage\",\"url\":\"https:\/\/jinsuncarbon.com\/wp-content\/uploads\/2023\/01\/2525.jpg\",\"contentUrl\":\"https:\/\/jinsuncarbon.com\/wp-content\/uploads\/2023\/01\/2525.jpg\",\"width\":1024,\"height\":763,\"caption\":\"Graphite Plate\"},{\"@type\":\"BreadcrumbList\",\"@id\":\"https:\/\/jinsuncarbon.com\/product\/graphite-plate\/#breadcrumb\",\"itemListElement\":[{\"@type\":\"ListItem\",\"position\":1,\"name\":\"Home\",\"item\":\"https:\/\/jinsuncarbon.com\/\"},{\"@type\":\"ListItem\",\"position\":2,\"name\":\"Products\",\"item\":\"https:\/\/jinsuncarbon.com\/graphite-carbon\/\"},{\"@type\":\"ListItem\",\"position\":3,\"name\":\"Graphite Plate\"}]},{\"@type\":\"WebSite\",\"@id\":\"https:\/\/jinsuncarbon.com\/#website\",\"url\":\"https:\/\/jinsuncarbon.com\/\",\"name\":\"Jinsun Carbon\",\"description\":\"We are the successful graphite electrode manufacturer in China\",\"publisher\":{\"@id\":\"https:\/\/jinsuncarbon.com\/#organization\"},\"potentialAction\":[{\"@type\":\"SearchAction\",\"target\":{\"@type\":\"EntryPoint\",\"urlTemplate\":\"https:\/\/jinsuncarbon.com\/?s={search_term_string}\"},\"query-input\":{\"@type\":\"PropertyValueSpecification\",\"valueRequired\":true,\"valueName\":\"search_term_string\"}}],\"inLanguage\":\"es\"},{\"@type\":\"Organization\",\"@id\":\"https:\/\/jinsuncarbon.com\/#organization\",\"name\":\"Jinsun Carbon\",\"alternateName\":\"Jinsun Carbon\",\"url\":\"https:\/\/jinsuncarbon.com\/\",\"logo\":{\"@type\":\"ImageObject\",\"inLanguage\":\"es\",\"@id\":\"https:\/\/jinsuncarbon.com\/#\/schema\/logo\/image\/\",\"url\":\"https:\/\/jinsuncarbon.com\/wp-content\/uploads\/2022\/12\/LOGO-1.png\",\"contentUrl\":\"https:\/\/jinsuncarbon.com\/wp-content\/uploads\/2022\/12\/LOGO-1.png\",\"width\":207,\"height\":80,\"caption\":\"Jinsun Carbon\"},\"image\":{\"@id\":\"https:\/\/jinsuncarbon.com\/#\/schema\/logo\/image\/\"},\"sameAs\":[\"https:\/\/www.facebook.com\/Graphite-Electrode-109336238661595\",\"https:\/\/x.com\/jinsuncarbon_\",\"https:\/\/www.linkedin.com\/in\/jinsungraphite\",\"https:\/\/www.youtube.com\/channel\/UCysDNyvyR5-3cCWEmpkVC0g\"]}]}<\/script>\n<!-- \/ Yoast SEO Premium plugin. -->","yoast_head_json":{"title":"Proveedor de placas de grafito","description":"La placa de grafito tiene las caracter\u00edsticas de alta conductividad t\u00e9rmica y buena conductividad el\u00e9ctrica. Se fabrica con coque de petr\u00f3leo y coque de brea.","robots":{"index":"index","follow":"follow","max-snippet":"max-snippet:-1","max-image-preview":"max-image-preview:large","max-video-preview":"max-video-preview:-1"},"canonical":"https:\/\/jinsuncarbon.com\/es\/producto\/placa-de-grafito\/","og_locale":"es_MX","og_type":"article","og_title":"Graphite Plate","og_description":"Graphite plate has the characteristics of high thermal conductivity, good electrical conductivity. It is made of petroleum coke and pitch coke.","og_url":"https:\/\/jinsuncarbon.com\/es\/producto\/placa-de-grafito\/","og_site_name":"Jinsun Carbon","article_publisher":"https:\/\/www.facebook.com\/Graphite-Electrode-109336238661595","article_modified_time":"2025-01-10T10:50:20+00:00","og_image":[{"width":1024,"height":763,"url":"https:\/\/jinsuncarbon.com\/wp-content\/uploads\/2023\/01\/2525.jpg","type":"image\/jpeg"}],"twitter_card":"summary_large_image","twitter_site":"@jinsuncarbon_","twitter_misc":{"Tiempo de lectura":"4 minutos"},"schema":{"@context":"https:\/\/schema.org","@graph":[{"@type":"WebPage","@id":"https:\/\/jinsuncarbon.com\/product\/graphite-plate\/","url":"https:\/\/jinsuncarbon.com\/product\/graphite-plate\/","name":"Proveedor de placas de grafito","isPartOf":{"@id":"https:\/\/jinsuncarbon.com\/#website"},"primaryImageOfPage":{"@id":"https:\/\/jinsuncarbon.com\/product\/graphite-plate\/#primaryimage"},"image":{"@id":"https:\/\/jinsuncarbon.com\/product\/graphite-plate\/#primaryimage"},"thumbnailUrl":"https:\/\/jinsuncarbon.com\/wp-content\/uploads\/2023\/01\/2525.jpg","datePublished":"2023-01-30T09:12:04+00:00","dateModified":"2025-01-10T10:50:20+00:00","description":"La placa de grafito tiene las caracter\u00edsticas de alta conductividad t\u00e9rmica y buena conductividad el\u00e9ctrica. Se fabrica con coque de petr\u00f3leo y coque de brea.","breadcrumb":{"@id":"https:\/\/jinsuncarbon.com\/product\/graphite-plate\/#breadcrumb"},"inLanguage":"es","potentialAction":[{"@type":"ReadAction","target":["https:\/\/jinsuncarbon.com\/product\/graphite-plate\/"]}]},{"@type":"ImageObject","inLanguage":"es","@id":"https:\/\/jinsuncarbon.com\/product\/graphite-plate\/#primaryimage","url":"https:\/\/jinsuncarbon.com\/wp-content\/uploads\/2023\/01\/2525.jpg","contentUrl":"https:\/\/jinsuncarbon.com\/wp-content\/uploads\/2023\/01\/2525.jpg","width":1024,"height":763,"caption":"Graphite Plate"},{"@type":"BreadcrumbList","@id":"https:\/\/jinsuncarbon.com\/product\/graphite-plate\/#breadcrumb","itemListElement":[{"@type":"ListItem","position":1,"name":"Home","item":"https:\/\/jinsuncarbon.com\/"},{"@type":"ListItem","position":2,"name":"Products","item":"https:\/\/jinsuncarbon.com\/graphite-carbon\/"},{"@type":"ListItem","position":3,"name":"Graphite Plate"}]},{"@type":"WebSite","@id":"https:\/\/jinsuncarbon.com\/#website","url":"https:\/\/jinsuncarbon.com\/","name":"Jinsun Carbon","description":"Somos el fabricante de electrodos de grafito con m\u00e1s \u00e9xito de China","publisher":{"@id":"https:\/\/jinsuncarbon.com\/#organization"},"potentialAction":[{"@type":"SearchAction","target":{"@type":"EntryPoint","urlTemplate":"https:\/\/jinsuncarbon.com\/?s={search_term_string}"},"query-input":{"@type":"PropertyValueSpecification","valueRequired":true,"valueName":"search_term_string"}}],"inLanguage":"es"},{"@type":"Organization","@id":"https:\/\/jinsuncarbon.com\/#organization","name":"Jinsun Carbon","alternateName":"Jinsun Carbon","url":"https:\/\/jinsuncarbon.com\/","logo":{"@type":"ImageObject","inLanguage":"es","@id":"https:\/\/jinsuncarbon.com\/#\/schema\/logo\/image\/","url":"https:\/\/jinsuncarbon.com\/wp-content\/uploads\/2022\/12\/LOGO-1.png","contentUrl":"https:\/\/jinsuncarbon.com\/wp-content\/uploads\/2022\/12\/LOGO-1.png","width":207,"height":80,"caption":"Jinsun Carbon"},"image":{"@id":"https:\/\/jinsuncarbon.com\/#\/schema\/logo\/image\/"},"sameAs":["https:\/\/www.facebook.com\/Graphite-Electrode-109336238661595","https:\/\/x.com\/jinsuncarbon_","https:\/\/www.linkedin.com\/in\/jinsungraphite","https:\/\/www.youtube.com\/channel\/UCysDNyvyR5-3cCWEmpkVC0g"]}]}},"_links":{"self":[{"href":"https:\/\/jinsuncarbon.com\/es\/wp-json\/wp\/v2\/product\/2133","targetHints":{"allow":["GET"]}}],"collection":[{"href":"https:\/\/jinsuncarbon.com\/es\/wp-json\/wp\/v2\/product"}],"about":[{"href":"https:\/\/jinsuncarbon.com\/es\/wp-json\/wp\/v2\/types\/product"}],"wp:featuredmedia":[{"embeddable":true,"href":"https:\/\/jinsuncarbon.com\/es\/wp-json\/wp\/v2\/media\/2439"}],"wp:attachment":[{"href":"https:\/\/jinsuncarbon.com\/es\/wp-json\/wp\/v2\/media?parent=2133"}],"wp:term":[{"taxonomy":"product_brand","embeddable":true,"href":"https:\/\/jinsuncarbon.com\/es\/wp-json\/wp\/v2\/product_brand?post=2133"},{"taxonomy":"product_cat","embeddable":true,"href":"https:\/\/jinsuncarbon.com\/es\/wp-json\/wp\/v2\/product_cat?post=2133"},{"taxonomy":"product_tag","embeddable":true,"href":"https:\/\/jinsuncarbon.com\/es\/wp-json\/wp\/v2\/product_tag?post=2133"}],"curies":[{"name":"wp","href":"https:\/\/api.w.org\/{rel}","templated":true}]}}