{"id":8089,"date":"2025-09-30T01:33:01","date_gmt":"2025-09-30T01:33:01","guid":{"rendered":"https:\/\/jinsuncarbon.com\/?post_type=product&#038;p=8089"},"modified":"2025-09-30T01:33:01","modified_gmt":"2025-09-30T01:33:01","slug":"feinkorniger-graphitstab","status":"publish","type":"product","link":"https:\/\/jinsuncarbon.com\/de\/produkt\/feinkorniger-graphitstab\/","title":{"rendered":"Feink\u00f6rniger Graphitstab"},"content":{"rendered":"<h2>Vorteile von feink\u00f6rnigen Graphitst\u00e4ben<\/h2>\n<p>Seine Vorteile liegen in seiner Leistungsstabilit\u00e4t und Anwendungskompatibilit\u00e4t, insbesondere in den folgenden Punkten.<\/p>\n<p><strong><b>Extrem hohe Hitzebest\u00e4ndigkeit<\/b><\/strong><\/p>\n<p>Graphitstangen k\u00f6nnen ihre strukturelle Stabilit\u00e4t in Umgebungen mit Temperaturen von \u00fcber 2000\u2103 beibehalten, ohne zu erweichen oder sich zu verformen. Au\u00dferdem sind sie f\u00fcr Hochtemperaturheizungen und Schmelzszenarien geeignet.<\/p>\n<p>&nbsp;<\/p>\n<p><strong><b>Ausgezeichnete elektrische Leitf\u00e4higkeit und W\u00e4rmeleitf\u00e4higkeit<\/b><\/strong><\/p>\n<p>Der elektrische Strom wird gleichm\u00e4\u00dfig \u00fcbertragen und der W\u00e4rmeverlust ist gering, so dass es sich als Pr\u00e4zisionselektrodenbauteil eignet.<\/p>\n<p>&nbsp;<\/p>\n<p><strong><b>Gute chemische Inertheit<\/b><\/strong><\/p>\n<p>Es ist best\u00e4ndig gegen starke S\u00e4uren, starke Basen und die meisten korrosiven Gase. Daher hat es eine lange Lebensdauer in rauen Umgebungen wie in der chemischen Industrie und der Elektrolyse.<\/p>\n<p>&nbsp;<\/p>\n<p><strong><b>Niedriger Reibungskoeffizient und hohe Verschlei\u00dffestigkeit<\/b><\/strong><\/p>\n<p>Die Oberfl\u00e4che ist glatt und die Struktur ist dicht, was zu einer geringen Abnutzung f\u00fchrt, die den Verschlei\u00df der Ger\u00e4te verringern kann.<\/p>\n<p>&nbsp;<\/p>\n<p><strong><b>Hohe strukturelle Dichte<\/b><\/strong><\/p>\n<p>Durch die feink\u00f6rnigen Eigenschaften hat es eine h\u00f6here Dichte und eine geringere Porosit\u00e4t. Dies verhindert das Eindringen von Verunreinigungen und verbessert die Zuverl\u00e4ssigkeit bei Pr\u00e4zisionsanwendungen.<\/p>\n<p><strong><b>\u00a0<\/b><\/strong><\/p>\n<h2>Verwendungen von feink\u00f6rnigen Graphitst\u00e4ben<\/h2>\n<h3>Bereich Pr\u00e4zisionsfertigung<\/h3>\n<p><strong><b>E<\/b><\/strong><strong><b>funkenerosive Bearbeitung (EDM)<\/b><\/strong><strong><b>\u00a0Elektrode<\/b><\/strong><\/p>\n<p>Sie k\u00f6nnen damit komplexe Metallformen bearbeiten (z. B. Formen f\u00fcr Automobilkomponenten und elektronische Bauteile). Seine feink\u00f6rnige Struktur sorgt f\u00fcr eine gleichm\u00e4\u00dfige Stromleitung, verringert den Elektrodenverschlei\u00df und verbessert die Genauigkeit der Formenbearbeitung.<\/p>\n<p><strong><b>S<\/b><\/strong><strong><b>Halbleiterindustrie<\/b><\/strong><\/p>\n<p>Aufgrund seiner hohen Reinheit k\u00f6nnen Sie feink\u00f6rnige Graphitst\u00e4be als Wafer-Tr\u00e4gerst\u00e4be f\u00fcr Halbleiter-Einkristall\u00f6fen verwenden. Er kann die Verunreinigung von Halbleitermaterialien verhindern und die genauen Anforderungen der Chip-Herstellung erf\u00fcllen.<\/p>\n<p>&nbsp;<\/p>\n<h3>Hochtemperatur-Industriebereich<\/h3>\n<p><strong><b>Hochtemperatur-Versuchsger\u00e4te<\/b><\/strong><\/p>\n<p>Sie k\u00f6nnen es als <a href=\"https:\/\/jinsuncarbon.com\/de\/produkt\/graphit-heizelement\/\">Heizelement<\/a> f\u00fcr Hochtemperatur-Versuchsger\u00e4te wie Muffel\u00f6fen und Vakuum\u00f6fen. Es kann stabil W\u00e4rme bei Temperaturen \u00fcber 3000\u2103 erzeugen und erf\u00fcllt damit die experimentellen Anforderungen wie z. B. Hochtemperaturtests von Materialien.<\/p>\n<p><strong><b>Metallschmelzen<\/b><\/strong><\/p>\n<p>Sie k\u00f6nnen sie als Hilfselektrode f\u00fcr das Schmelzen von Nichteisenmetallen (Aluminium, Kupfer) verwenden. Sie leitet den Strom und h\u00e4lt dem Schmelzen bei hohen Temperaturen stand und gew\u00e4hrleistet die Stabilit\u00e4t des Schmelzprozesses.<\/p>\n<p>&nbsp;<\/p>\n<h3>Bereich Chemie und Elektrolyse<\/h3>\n<p><strong><b>Elektrode der elektrolytischen Zelle<\/b><\/strong><\/p>\n<p>In Szenarien wie der Chlor-Alkali-Industrie und der Metallindustrie <a href=\"https:\/\/en.wikipedia.org\/wiki\/Electrolysis\" target=\"_blank\" rel=\"noopener\">Elektrolyse<\/a> Reinigung dient es als Elektrode der Elektrolysezelle. Sie ist resistent gegen korrosive Medien wie starke S\u00e4uren und starke Laugen und kann langfristig stabil betrieben werden.<\/p>\n<p><strong><b>Komponenten der chemischen Ausr\u00fcstung<\/b><\/strong><\/p>\n<p>Als St\u00fctz- und Str\u00f6mungsleitst\u00e4be in chemischen Reaktoren widerstehen sie der Erosion durch korrosive Gase oder Fl\u00fcssigkeiten im Reaktor. Dadurch kann die Lebensdauer der Ausr\u00fcstung verl\u00e4ngert werden.<\/p>\n<p>&nbsp;<\/p>\n<h3>Mechanischer und allgemeiner Bereich<\/h3>\n<p><strong><b>P<\/b><\/strong><strong><b>Pr\u00e4zisionsmechanik<\/b><\/strong><\/p>\n<p>Sie k\u00f6nnen es als Hochtemperaturlager und Dichtungsmanschette verwenden. Seine geringe Reibung kann den Verschlei\u00df mechanischer Komponenten reduzieren und die Wartungskosten der Ausr\u00fcstung senken.<\/p>\n<p><strong><b>P<\/b><\/strong><strong><b>rotierende H\u00fclse<\/b><\/strong><strong><b>s<\/b><\/strong><strong><b>\u00a0f\u00fcr Hochtemperaturtemperatursensoren<\/b><\/strong><\/p>\n<p>Seine hohe Temperaturbest\u00e4ndigkeit und W\u00e4rmeleitf\u00e4higkeit gew\u00e4hrleisten eine genaue Temperaturerfassung durch den Sensor in Hochtemperatursituationen.<\/p>","protected":false},"excerpt":{"rendered":"<p>Feink\u00f6rniger Graphitstab ist ein stabf\u00f6rmiges Produkt, das aus hochreinem Graphit durch Verfahren wie Formen, Brennen und Graphitieren hergestellt wird. Sein Hauptmerkmal ist, dass die Graphitkristallpartikel klein und gleichm\u00e4\u00dfig verteilt sind und er eine ausgezeichnete Hochtemperaturbest\u00e4ndigkeit, elektrische Leitf\u00e4higkeit, chemische Stabilit\u00e4t und geringe Reibungseigenschaften aufweist. Daher eignet es sich hervorragend f\u00fcr die Pr\u00e4zisionsfertigung, die Hochtemperaturindustrie usw. und ist ein langlebiges Funktionsmaterial, das sich f\u00fcr anspruchsvolle Szenarien eignet. Sie k\u00f6nnen es als Pr\u00e4zisionselektroden f\u00fcr die Funkenerosion und als Heizelemente f\u00fcr Hochtemperaturversuchs\u00f6fen verwenden. Und korrosionsbest\u00e4ndige Elektroden f\u00fcr chemische Elektrolysezellen, die ein breites Spektrum an kritischen Anwendungsszenarien abdecken.<\/p>","protected":false},"featured_media":8090,"template":"","meta":[],"product_brand":[],"product_cat":[38],"product_tag":[],"class_list":{"0":"post-8089","1":"product","2":"type-product","3":"status-publish","4":"has-post-thumbnail","6":"product_cat-graphite-products","8":"first","9":"instock","10":"shipping-taxable","11":"product-type-simple"},"yoast_head":"<!-- This site is optimized with the Yoast SEO Premium plugin v19.2.1 (Yoast SEO v25.3) - https:\/\/yoast.com\/wordpress\/plugins\/seo\/ -->\n<title>Fine Grain Graphite Rod Manufacturer in China | Jinsun Carbon<\/title>\n<meta name=\"description\" content=\"Fine grain graphite rod manufacturer in China, Jinsun can supply products of different sizes to meet your industrial production needs.\" \/>\n<meta name=\"robots\" content=\"index, follow, max-snippet:-1, max-image-preview:large, max-video-preview:-1\" \/>\n<link rel=\"canonical\" href=\"https:\/\/jinsuncarbon.com\/de\/produkt\/feinkorniger-graphitstab\/\" \/>\n<meta property=\"og:locale\" content=\"de_DE\" \/>\n<meta property=\"og:type\" content=\"article\" \/>\n<meta property=\"og:title\" content=\"Fine Grain Graphite Rod\" \/>\n<meta property=\"og:description\" content=\"Fine grain graphite rod manufacturer in China, Jinsun can supply products of different sizes to meet your industrial production needs.\" \/>\n<meta property=\"og:url\" content=\"https:\/\/jinsuncarbon.com\/de\/produkt\/feinkorniger-graphitstab\/\" \/>\n<meta property=\"og:site_name\" content=\"Jinsun Carbon\" \/>\n<meta property=\"article:publisher\" content=\"https:\/\/www.facebook.com\/Graphite-Electrode-109336238661595\" \/>\n<meta property=\"og:image\" content=\"https:\/\/jinsuncarbon.com\/wp-content\/uploads\/2025\/09\/Fine-grain-graphite-rod.jpg\" \/>\n\t<meta property=\"og:image:width\" content=\"1024\" \/>\n\t<meta property=\"og:image:height\" content=\"763\" \/>\n\t<meta property=\"og:image:type\" content=\"image\/jpeg\" \/>\n<meta name=\"twitter:card\" content=\"summary_large_image\" \/>\n<meta name=\"twitter:site\" content=\"@jinsuncarbon_\" \/>\n<meta name=\"twitter:label1\" content=\"Gesch\u00e4tzte Lesezeit\" \/>\n\t<meta name=\"twitter:data1\" content=\"3\u00a0Minuten\" \/>\n<script type=\"application\/ld+json\" class=\"yoast-schema-graph\">{\"@context\":\"https:\/\/schema.org\",\"@graph\":[{\"@type\":\"WebPage\",\"@id\":\"https:\/\/jinsuncarbon.com\/product\/fine-grain-graphite-rod\/\",\"url\":\"https:\/\/jinsuncarbon.com\/product\/fine-grain-graphite-rod\/\",\"name\":\"Fine Grain Graphite Rod Manufacturer in China | Jinsun Carbon\",\"isPartOf\":{\"@id\":\"https:\/\/jinsuncarbon.com\/#website\"},\"primaryImageOfPage\":{\"@id\":\"https:\/\/jinsuncarbon.com\/product\/fine-grain-graphite-rod\/#primaryimage\"},\"image\":{\"@id\":\"https:\/\/jinsuncarbon.com\/product\/fine-grain-graphite-rod\/#primaryimage\"},\"thumbnailUrl\":\"https:\/\/jinsuncarbon.com\/wp-content\/uploads\/2025\/09\/Fine-grain-graphite-rod.jpg\",\"datePublished\":\"2025-09-30T01:33:01+00:00\",\"description\":\"Fine grain graphite rod manufacturer in China, Jinsun can supply products of different sizes to meet your industrial production needs.\",\"breadcrumb\":{\"@id\":\"https:\/\/jinsuncarbon.com\/product\/fine-grain-graphite-rod\/#breadcrumb\"},\"inLanguage\":\"de\",\"potentialAction\":[{\"@type\":\"ReadAction\",\"target\":[\"https:\/\/jinsuncarbon.com\/product\/fine-grain-graphite-rod\/\"]}]},{\"@type\":\"ImageObject\",\"inLanguage\":\"de\",\"@id\":\"https:\/\/jinsuncarbon.com\/product\/fine-grain-graphite-rod\/#primaryimage\",\"url\":\"https:\/\/jinsuncarbon.com\/wp-content\/uploads\/2025\/09\/Fine-grain-graphite-rod.jpg\",\"contentUrl\":\"https:\/\/jinsuncarbon.com\/wp-content\/uploads\/2025\/09\/Fine-grain-graphite-rod.jpg\",\"width\":1024,\"height\":763,\"caption\":\"Fine grain graphite rod\"},{\"@type\":\"BreadcrumbList\",\"@id\":\"https:\/\/jinsuncarbon.com\/product\/fine-grain-graphite-rod\/#breadcrumb\",\"itemListElement\":[{\"@type\":\"ListItem\",\"position\":1,\"name\":\"Home\",\"item\":\"https:\/\/jinsuncarbon.com\/\"},{\"@type\":\"ListItem\",\"position\":2,\"name\":\"Products\",\"item\":\"https:\/\/jinsuncarbon.com\/graphite-carbon\/\"},{\"@type\":\"ListItem\",\"position\":3,\"name\":\"Fine Grain Graphite Rod\"}]},{\"@type\":\"WebSite\",\"@id\":\"https:\/\/jinsuncarbon.com\/#website\",\"url\":\"https:\/\/jinsuncarbon.com\/\",\"name\":\"Jinsun Carbon\",\"description\":\"We are the successful graphite electrode manufacturer in China\",\"publisher\":{\"@id\":\"https:\/\/jinsuncarbon.com\/#organization\"},\"potentialAction\":[{\"@type\":\"SearchAction\",\"target\":{\"@type\":\"EntryPoint\",\"urlTemplate\":\"https:\/\/jinsuncarbon.com\/?s={search_term_string}\"},\"query-input\":{\"@type\":\"PropertyValueSpecification\",\"valueRequired\":true,\"valueName\":\"search_term_string\"}}],\"inLanguage\":\"de\"},{\"@type\":\"Organization\",\"@id\":\"https:\/\/jinsuncarbon.com\/#organization\",\"name\":\"Jinsun Carbon\",\"alternateName\":\"Jinsun Carbon\",\"url\":\"https:\/\/jinsuncarbon.com\/\",\"logo\":{\"@type\":\"ImageObject\",\"inLanguage\":\"de\",\"@id\":\"https:\/\/jinsuncarbon.com\/#\/schema\/logo\/image\/\",\"url\":\"https:\/\/jinsuncarbon.com\/wp-content\/uploads\/2022\/12\/LOGO-1.png\",\"contentUrl\":\"https:\/\/jinsuncarbon.com\/wp-content\/uploads\/2022\/12\/LOGO-1.png\",\"width\":207,\"height\":80,\"caption\":\"Jinsun Carbon\"},\"image\":{\"@id\":\"https:\/\/jinsuncarbon.com\/#\/schema\/logo\/image\/\"},\"sameAs\":[\"https:\/\/www.facebook.com\/Graphite-Electrode-109336238661595\",\"https:\/\/x.com\/jinsuncarbon_\",\"https:\/\/www.linkedin.com\/in\/jinsungraphite\",\"https:\/\/www.youtube.com\/channel\/UCysDNyvyR5-3cCWEmpkVC0g\"]}]}<\/script>\n<!-- \/ Yoast SEO Premium plugin. -->","yoast_head_json":{"title":"Feink\u00f6rniger Graphitstab Hersteller in China | Jinsun Carbon","description":"Als Hersteller von feink\u00f6rnigen Graphitst\u00e4ben in China kann Jinsun Produkte in verschiedenen Gr\u00f6\u00dfen liefern, um Ihre industriellen Produktionsanforderungen zu erf\u00fcllen.","robots":{"index":"index","follow":"follow","max-snippet":"max-snippet:-1","max-image-preview":"max-image-preview:large","max-video-preview":"max-video-preview:-1"},"canonical":"https:\/\/jinsuncarbon.com\/de\/produkt\/feinkorniger-graphitstab\/","og_locale":"de_DE","og_type":"article","og_title":"Fine Grain Graphite Rod","og_description":"Fine grain graphite rod manufacturer in China, Jinsun can supply products of different sizes to meet your industrial production needs.","og_url":"https:\/\/jinsuncarbon.com\/de\/produkt\/feinkorniger-graphitstab\/","og_site_name":"Jinsun Carbon","article_publisher":"https:\/\/www.facebook.com\/Graphite-Electrode-109336238661595","og_image":[{"width":1024,"height":763,"url":"https:\/\/jinsuncarbon.com\/wp-content\/uploads\/2025\/09\/Fine-grain-graphite-rod.jpg","type":"image\/jpeg"}],"twitter_card":"summary_large_image","twitter_site":"@jinsuncarbon_","twitter_misc":{"Gesch\u00e4tzte Lesezeit":"3\u00a0Minuten"},"schema":{"@context":"https:\/\/schema.org","@graph":[{"@type":"WebPage","@id":"https:\/\/jinsuncarbon.com\/product\/fine-grain-graphite-rod\/","url":"https:\/\/jinsuncarbon.com\/product\/fine-grain-graphite-rod\/","name":"Feink\u00f6rniger Graphitstab Hersteller in China | Jinsun Carbon","isPartOf":{"@id":"https:\/\/jinsuncarbon.com\/#website"},"primaryImageOfPage":{"@id":"https:\/\/jinsuncarbon.com\/product\/fine-grain-graphite-rod\/#primaryimage"},"image":{"@id":"https:\/\/jinsuncarbon.com\/product\/fine-grain-graphite-rod\/#primaryimage"},"thumbnailUrl":"https:\/\/jinsuncarbon.com\/wp-content\/uploads\/2025\/09\/Fine-grain-graphite-rod.jpg","datePublished":"2025-09-30T01:33:01+00:00","description":"Als Hersteller von feink\u00f6rnigen Graphitst\u00e4ben in China kann Jinsun Produkte in verschiedenen Gr\u00f6\u00dfen liefern, um Ihre industriellen Produktionsanforderungen zu erf\u00fcllen.","breadcrumb":{"@id":"https:\/\/jinsuncarbon.com\/product\/fine-grain-graphite-rod\/#breadcrumb"},"inLanguage":"de","potentialAction":[{"@type":"ReadAction","target":["https:\/\/jinsuncarbon.com\/product\/fine-grain-graphite-rod\/"]}]},{"@type":"ImageObject","inLanguage":"de","@id":"https:\/\/jinsuncarbon.com\/product\/fine-grain-graphite-rod\/#primaryimage","url":"https:\/\/jinsuncarbon.com\/wp-content\/uploads\/2025\/09\/Fine-grain-graphite-rod.jpg","contentUrl":"https:\/\/jinsuncarbon.com\/wp-content\/uploads\/2025\/09\/Fine-grain-graphite-rod.jpg","width":1024,"height":763,"caption":"Fine grain graphite rod"},{"@type":"BreadcrumbList","@id":"https:\/\/jinsuncarbon.com\/product\/fine-grain-graphite-rod\/#breadcrumb","itemListElement":[{"@type":"ListItem","position":1,"name":"Home","item":"https:\/\/jinsuncarbon.com\/"},{"@type":"ListItem","position":2,"name":"Products","item":"https:\/\/jinsuncarbon.com\/graphite-carbon\/"},{"@type":"ListItem","position":3,"name":"Fine Grain Graphite Rod"}]},{"@type":"WebSite","@id":"https:\/\/jinsuncarbon.com\/#website","url":"https:\/\/jinsuncarbon.com\/","name":"Jinsun Kohlenstoff","description":"Wir sind der erfolgreiche Hersteller von Graphitelektroden in China","publisher":{"@id":"https:\/\/jinsuncarbon.com\/#organization"},"potentialAction":[{"@type":"SearchAction","target":{"@type":"EntryPoint","urlTemplate":"https:\/\/jinsuncarbon.com\/?s={search_term_string}"},"query-input":{"@type":"PropertyValueSpecification","valueRequired":true,"valueName":"search_term_string"}}],"inLanguage":"de"},{"@type":"Organization","@id":"https:\/\/jinsuncarbon.com\/#organization","name":"Jinsun Kohlenstoff","alternateName":"Jinsun Carbon","url":"https:\/\/jinsuncarbon.com\/","logo":{"@type":"ImageObject","inLanguage":"de","@id":"https:\/\/jinsuncarbon.com\/#\/schema\/logo\/image\/","url":"https:\/\/jinsuncarbon.com\/wp-content\/uploads\/2022\/12\/LOGO-1.png","contentUrl":"https:\/\/jinsuncarbon.com\/wp-content\/uploads\/2022\/12\/LOGO-1.png","width":207,"height":80,"caption":"Jinsun Carbon"},"image":{"@id":"https:\/\/jinsuncarbon.com\/#\/schema\/logo\/image\/"},"sameAs":["https:\/\/www.facebook.com\/Graphite-Electrode-109336238661595","https:\/\/x.com\/jinsuncarbon_","https:\/\/www.linkedin.com\/in\/jinsungraphite","https:\/\/www.youtube.com\/channel\/UCysDNyvyR5-3cCWEmpkVC0g"]}]}},"_links":{"self":[{"href":"https:\/\/jinsuncarbon.com\/de\/wp-json\/wp\/v2\/product\/8089","targetHints":{"allow":["GET"]}}],"collection":[{"href":"https:\/\/jinsuncarbon.com\/de\/wp-json\/wp\/v2\/product"}],"about":[{"href":"https:\/\/jinsuncarbon.com\/de\/wp-json\/wp\/v2\/types\/product"}],"wp:featuredmedia":[{"embeddable":true,"href":"https:\/\/jinsuncarbon.com\/de\/wp-json\/wp\/v2\/media\/8090"}],"wp:attachment":[{"href":"https:\/\/jinsuncarbon.com\/de\/wp-json\/wp\/v2\/media?parent=8089"}],"wp:term":[{"taxonomy":"product_brand","embeddable":true,"href":"https:\/\/jinsuncarbon.com\/de\/wp-json\/wp\/v2\/product_brand?post=8089"},{"taxonomy":"product_cat","embeddable":true,"href":"https:\/\/jinsuncarbon.com\/de\/wp-json\/wp\/v2\/product_cat?post=8089"},{"taxonomy":"product_tag","embeddable":true,"href":"https:\/\/jinsuncarbon.com\/de\/wp-json\/wp\/v2\/product_tag?post=8089"}],"curies":[{"name":"wp","href":"https:\/\/api.w.org\/{rel}","templated":true}]}}