{"id":8087,"date":"2025-09-29T01:30:44","date_gmt":"2025-09-29T01:30:44","guid":{"rendered":"https:\/\/jinsuncarbon.com\/?post_type=product&#038;p=8087"},"modified":"2025-09-29T01:32:23","modified_gmt":"2025-09-29T01:32:23","slug":"graphitformen-fur-kupfer","status":"publish","type":"product","link":"https:\/\/jinsuncarbon.com\/de\/produkt\/graphitformen-fur-kupfer\/","title":{"rendered":"Graphitformen f\u00fcr Kupfer"},"content":{"rendered":"<p>Graphitformen f\u00fcr Kupfer, Es handelt sich um eine Form zum Gie\u00dfen von Kupferrohren, auch bekannt als Graphitkristallisator, der beim Stranggie\u00dfen von Kupferrohren unverzichtbar ist.<\/p>\n<h2>Vorteile von Graphitformen f\u00fcr Kupfer<\/h2>\n<p><strong><b>Ausgezeichnete Hochtemperaturbest\u00e4ndigkeit<\/b><\/strong><\/p>\n<p>Es kann die Schmelztemperatur von Kupfer bei 1083\u2103 widerstehen, die nicht erweichen oder verformen wird. Sie k\u00f6nnen es in einer Hochtemperaturumgebung f\u00fcr eine lange Zeit verwenden, um die Stabilit\u00e4t der Formstruktur zu gew\u00e4hrleisten.<\/p>\n<p>&nbsp;<\/p>\n<p><strong><b>Hohe Korrosionsbest\u00e4ndigkeit gegen\u00fcber Kupferfl\u00fcssigkeiten<\/b><\/strong><\/p>\n<p>Es hat stabile chemische Eigenschaften und neigt nicht dazu, mit geschmolzenem Kupfer und Kupferlegierungen zu reagieren. Es verhindert die Verunreinigung der Kupferfl\u00fcssigkeit und gew\u00e4hrleistet die Reinheit der Kupferprodukte.<\/p>\n<p>&nbsp;<\/p>\n<p><strong><b>Ausgezeichnete Entformungsleistung<\/b><\/strong><\/p>\n<p>Nachdem die Kupferfl\u00fcssigkeit abgek\u00fchlt und erstarrt ist, l\u00e4sst sie sich leicht von der Form trennen. So kann es den Haftungsverlust von Kupferteilen verringern und die Ausbeute verbessern.<\/p>\n<p>&nbsp;<\/p>\n<p><strong><b>Hohe Abformgenauigkeit<\/b><\/strong><\/p>\n<p>Es ist einfach, pr\u00e4zise Verarbeitung, die Gr\u00f6\u00dfe Fehler der Form Hohlraum kann innerhalb eines sehr kleinen Bereichs gesteuert werden. Es kann die komplexe Struktur von Kupferteilen nachbilden und erf\u00fcllt die Anforderungen an das Gie\u00dfen von Pr\u00e4zisionskupferkomponenten.<\/p>\n<p>&nbsp;<\/p>\n<p><strong><b>Gute Gleichm\u00e4\u00dfigkeit der W\u00e4rmeleitf\u00e4higkeit<\/b><\/strong><\/p>\n<p>Es kann daf\u00fcr sorgen, dass das geschmolzene Kupfer in der Form gleichm\u00e4\u00dfig abk\u00fchlt, wodurch Defekte wie Lunker und Risse reduziert werden. Und dann verbessert es die mechanischen Eigenschaften von Kupferprodukten.<\/p>\n<p><strong><b>\u00a0<\/b><\/strong><\/p>\n<h2>Verwendungen von Graphitformen f\u00fcr Kupfer<\/h2>\n<h3>Im Bereich der Pr\u00e4zisionsmaschinen<\/h3>\n<p><strong><b>F<\/b><\/strong><strong><b>oder Verarbeitung von Kupferkomponenten in mechanischen \u00dcbertragungssystemen<\/b><\/strong><\/p>\n<p>Aufgrund der hohen Pr\u00e4zision der Form k\u00f6nnen Sie <a href=\"https:\/\/jinsuncarbon.com\/de\/produkt\/graphitform\/\">Graphit-Formen<\/a> zur Bearbeitung von Kupferlagern, Kupferschneckenr\u00e4dern und Kupfermuttern. Es gew\u00e4hrleistet die Kompatibilit\u00e4t der Komponentengr\u00f6\u00dfen, reduziert den Verschlei\u00df w\u00e4hrend des mechanischen Betriebs und verl\u00e4ngert die Lebensdauer der Ausr\u00fcstung.<\/p>\n<p>&nbsp;<\/p>\n<h3>Im Bereich der Elektronik und Elektrotechnik<\/h3>\n<p><strong><b>F\u00fcr m<\/b><\/strong><strong><b>anufactur<\/b><\/strong><strong><b>ing<\/b><\/strong><strong><b>\u00a0leitf\u00e4hige Komponenten aus Kupfer<\/b><\/strong><\/p>\n<p>In elektronischen Ger\u00e4ten k\u00f6nnen Sie damit Kupferklemmen, Kupferk\u00fchlk\u00f6rper und Pr\u00e4zisionsspulenrahmen aus Kupfer herstellen. Die Form sorgt f\u00fcr glatte Oberfl\u00e4chen und pr\u00e4zise Abmessungen der Bauteile und gew\u00e4hrleistet eine stabile elektrische Leitf\u00e4higkeit. Und sie erf\u00fcllt die Anforderungen an die Miniaturisierung elektronischer Ger\u00e4te.<\/p>\n<p>&nbsp;<\/p>\n<h3>Im Bereich Rohrleitungen und Armaturen<\/h3>\n<p><strong><b>Zur Herstellung von <\/b><\/strong><strong><b>Kupferventile und Kupferrohrfittings<\/b><\/strong><\/p>\n<p>Es kann zur Herstellung von Kupferkr\u00fcmmern und Dreiwegfittings aus Kupfer in Rohrleitungssystemen verwendet werden. Seine Best\u00e4ndigkeit gegen die Korrosion von Kupferfl\u00fcssigkeiten kann die Bildung von Verunreinigungen im Inneren der Kupferteile verhindern. So kann es die Dichtungsleistung w\u00e4hrend des Pipeline-Transports gew\u00e4hrleisten und das Risiko von Leckagen verringern.<\/p>\n<p>&nbsp;<\/p>\n<h3>In der Automobil- und Transportbranche<\/h3>\n<p><strong><b>F\u00fcr die Verarbeitung <\/b><\/strong><strong><b>Kupferkomponenten<\/b><\/strong><strong><b>\u00a0<\/b><\/strong><strong><b>in Automobilteilen<\/b><\/strong><\/p>\n<p>Sie k\u00f6nnen es f\u00fcr die Verarbeitung von Autoklimaanlagen verwenden <a href=\"https:\/\/en.wikipedia.org\/wiki\/Copper_tubing\">Kupferrohre<\/a>Kupferdichtungen f\u00fcr Motoren und Kupferschienen f\u00fcr neue Energiefahrzeuge. Es ist f\u00fcr die Massenproduktion im Druckgussverfahren geeignet und erf\u00fcllt die Anforderungen der Automobilindustrie an die Konsistenz und Haltbarkeit von Kupferteilen.<\/p>\n<p>&nbsp;<\/p>\n<h3>Im Bereich Hardware und Dekoration<\/h3>\n<p><strong><b>F\u00fcr <\/b><\/strong><strong><b>erstellen<\/b><\/strong><strong><b>ing<\/b><\/strong><strong><b>\u00a0Kupferkomponenten f\u00fcr Eisenwarenwerkzeuge und dekorative Kupferteile<\/b><\/strong><\/p>\n<p>Wie z. B. Kupferschl\u00fcsselk\u00f6pfe, Kupferhandwerk und architektonische Dekoration Kupferstreifen. Die Form kann komplexe Muster und Formen nachbilden, was das Aussehen, die Textur und die Verwendbarkeit der Kupferteile verbessert.<\/p>","protected":false},"excerpt":{"rendered":"<p>Die Graphitformen f\u00fcr Kupfer sind Formwerkzeuge aus Graphitmaterial, die speziell f\u00fcr die Verarbeitung von Kupfer und Kupferlegierungen entwickelt wurden und hochreinen Graphit als Rohmaterial verwenden. Es hat eine hohe Temperaturbest\u00e4ndigkeit, Best\u00e4ndigkeit gegen Kupferfl\u00fcssigkeitskorrosion und eine gute Entformungsleistung. Daher kann es f\u00fcr Guss-, Druckguss-, Sinter- und andere Prozesse von Kupferprodukten eingesetzt werden. Und es leistet hervorragende Arbeit bei der pr\u00e4zisen Herstellung von Kupferprodukten, die eine Schl\u00fcsselausr\u00fcstung f\u00fcr die Gew\u00e4hrleistung der Formqualit\u00e4t von Kupferteilen ist.<\/p>","protected":false},"featured_media":8088,"template":"","meta":[],"product_brand":[],"product_cat":[38],"product_tag":[],"class_list":{"0":"post-8087","1":"product","2":"type-product","3":"status-publish","4":"has-post-thumbnail","6":"product_cat-graphite-products","8":"first","9":"instock","10":"shipping-taxable","11":"product-type-simple"},"yoast_head":"<!-- This site is optimized with the Yoast SEO Premium plugin v19.2.1 (Yoast SEO v25.3) - https:\/\/yoast.com\/wordpress\/plugins\/seo\/ -->\n<title>Graphite Molds For Copper | Jinsun Carbon<\/title>\n<meta name=\"description\" content=\"The graphite mold is copper. It is a mold for casting copper tubes, also known as graphite crystallizer. Contact Jinsun to customize graphite molds.\" \/>\n<meta name=\"robots\" content=\"index, follow, max-snippet:-1, max-image-preview:large, max-video-preview:-1\" \/>\n<link rel=\"canonical\" href=\"https:\/\/jinsuncarbon.com\/de\/produkt\/graphitformen-fur-kupfer\/\" \/>\n<meta property=\"og:locale\" content=\"de_DE\" \/>\n<meta property=\"og:type\" content=\"article\" \/>\n<meta property=\"og:title\" content=\"Graphite Molds For Copper\" \/>\n<meta property=\"og:description\" content=\"The graphite mold is copper. It is a mold for casting copper tubes, also known as graphite crystallizer. Contact Jinsun to customize graphite molds.\" \/>\n<meta property=\"og:url\" content=\"https:\/\/jinsuncarbon.com\/de\/produkt\/graphitformen-fur-kupfer\/\" \/>\n<meta property=\"og:site_name\" content=\"Jinsun Carbon\" \/>\n<meta property=\"article:publisher\" content=\"https:\/\/www.facebook.com\/Graphite-Electrode-109336238661595\" \/>\n<meta property=\"article:modified_time\" content=\"2025-09-29T01:32:23+00:00\" \/>\n<meta property=\"og:image\" content=\"https:\/\/jinsuncarbon.com\/wp-content\/uploads\/2025\/09\/Graphite-molds-for-copper.jpg\" \/>\n\t<meta property=\"og:image:width\" content=\"1024\" \/>\n\t<meta property=\"og:image:height\" content=\"763\" \/>\n\t<meta property=\"og:image:type\" content=\"image\/jpeg\" \/>\n<meta name=\"twitter:card\" content=\"summary_large_image\" \/>\n<meta name=\"twitter:site\" content=\"@jinsuncarbon_\" \/>\n<meta name=\"twitter:label1\" content=\"Gesch\u00e4tzte Lesezeit\" \/>\n\t<meta name=\"twitter:data1\" content=\"3\u00a0Minuten\" \/>\n<script type=\"application\/ld+json\" class=\"yoast-schema-graph\">{\"@context\":\"https:\/\/schema.org\",\"@graph\":[{\"@type\":\"WebPage\",\"@id\":\"https:\/\/jinsuncarbon.com\/product\/graphite-molds-for-copper\/\",\"url\":\"https:\/\/jinsuncarbon.com\/product\/graphite-molds-for-copper\/\",\"name\":\"Graphite Molds For Copper | Jinsun Carbon\",\"isPartOf\":{\"@id\":\"https:\/\/jinsuncarbon.com\/#website\"},\"primaryImageOfPage\":{\"@id\":\"https:\/\/jinsuncarbon.com\/product\/graphite-molds-for-copper\/#primaryimage\"},\"image\":{\"@id\":\"https:\/\/jinsuncarbon.com\/product\/graphite-molds-for-copper\/#primaryimage\"},\"thumbnailUrl\":\"https:\/\/jinsuncarbon.com\/wp-content\/uploads\/2025\/09\/Graphite-molds-for-copper.jpg\",\"datePublished\":\"2025-09-29T01:30:44+00:00\",\"dateModified\":\"2025-09-29T01:32:23+00:00\",\"description\":\"The graphite mold is copper. It is a mold for casting copper tubes, also known as graphite crystallizer. Contact Jinsun to customize graphite molds.\",\"breadcrumb\":{\"@id\":\"https:\/\/jinsuncarbon.com\/product\/graphite-molds-for-copper\/#breadcrumb\"},\"inLanguage\":\"de\",\"potentialAction\":[{\"@type\":\"ReadAction\",\"target\":[\"https:\/\/jinsuncarbon.com\/product\/graphite-molds-for-copper\/\"]}]},{\"@type\":\"ImageObject\",\"inLanguage\":\"de\",\"@id\":\"https:\/\/jinsuncarbon.com\/product\/graphite-molds-for-copper\/#primaryimage\",\"url\":\"https:\/\/jinsuncarbon.com\/wp-content\/uploads\/2025\/09\/Graphite-molds-for-copper.jpg\",\"contentUrl\":\"https:\/\/jinsuncarbon.com\/wp-content\/uploads\/2025\/09\/Graphite-molds-for-copper.jpg\",\"width\":1024,\"height\":763,\"caption\":\"Graphite molds for copper\"},{\"@type\":\"BreadcrumbList\",\"@id\":\"https:\/\/jinsuncarbon.com\/product\/graphite-molds-for-copper\/#breadcrumb\",\"itemListElement\":[{\"@type\":\"ListItem\",\"position\":1,\"name\":\"Home\",\"item\":\"https:\/\/jinsuncarbon.com\/\"},{\"@type\":\"ListItem\",\"position\":2,\"name\":\"Products\",\"item\":\"https:\/\/jinsuncarbon.com\/graphite-carbon\/\"},{\"@type\":\"ListItem\",\"position\":3,\"name\":\"Graphite Molds For Copper\"}]},{\"@type\":\"WebSite\",\"@id\":\"https:\/\/jinsuncarbon.com\/#website\",\"url\":\"https:\/\/jinsuncarbon.com\/\",\"name\":\"Jinsun Carbon\",\"description\":\"We are the successful graphite electrode manufacturer in China\",\"publisher\":{\"@id\":\"https:\/\/jinsuncarbon.com\/#organization\"},\"potentialAction\":[{\"@type\":\"SearchAction\",\"target\":{\"@type\":\"EntryPoint\",\"urlTemplate\":\"https:\/\/jinsuncarbon.com\/?s={search_term_string}\"},\"query-input\":{\"@type\":\"PropertyValueSpecification\",\"valueRequired\":true,\"valueName\":\"search_term_string\"}}],\"inLanguage\":\"de\"},{\"@type\":\"Organization\",\"@id\":\"https:\/\/jinsuncarbon.com\/#organization\",\"name\":\"Jinsun Carbon\",\"alternateName\":\"Jinsun Carbon\",\"url\":\"https:\/\/jinsuncarbon.com\/\",\"logo\":{\"@type\":\"ImageObject\",\"inLanguage\":\"de\",\"@id\":\"https:\/\/jinsuncarbon.com\/#\/schema\/logo\/image\/\",\"url\":\"https:\/\/jinsuncarbon.com\/wp-content\/uploads\/2022\/12\/LOGO-1.png\",\"contentUrl\":\"https:\/\/jinsuncarbon.com\/wp-content\/uploads\/2022\/12\/LOGO-1.png\",\"width\":207,\"height\":80,\"caption\":\"Jinsun Carbon\"},\"image\":{\"@id\":\"https:\/\/jinsuncarbon.com\/#\/schema\/logo\/image\/\"},\"sameAs\":[\"https:\/\/www.facebook.com\/Graphite-Electrode-109336238661595\",\"https:\/\/x.com\/jinsuncarbon_\",\"https:\/\/www.linkedin.com\/in\/jinsungraphite\",\"https:\/\/www.youtube.com\/channel\/UCysDNyvyR5-3cCWEmpkVC0g\"]}]}<\/script>\n<!-- \/ Yoast SEO Premium plugin. -->","yoast_head_json":{"title":"Graphitformen f\u00fcr Kupfer | Jinsun Carbon","description":"Die Graphitform ist aus Kupfer. Es ist eine Form zum Gie\u00dfen von Kupferrohren, auch bekannt als Graphitkristallisator. Kontaktieren Sie Jinsun, um Graphit-Formen anzupassen.","robots":{"index":"index","follow":"follow","max-snippet":"max-snippet:-1","max-image-preview":"max-image-preview:large","max-video-preview":"max-video-preview:-1"},"canonical":"https:\/\/jinsuncarbon.com\/de\/produkt\/graphitformen-fur-kupfer\/","og_locale":"de_DE","og_type":"article","og_title":"Graphite Molds For Copper","og_description":"The graphite mold is copper. It is a mold for casting copper tubes, also known as graphite crystallizer. Contact Jinsun to customize graphite molds.","og_url":"https:\/\/jinsuncarbon.com\/de\/produkt\/graphitformen-fur-kupfer\/","og_site_name":"Jinsun Carbon","article_publisher":"https:\/\/www.facebook.com\/Graphite-Electrode-109336238661595","article_modified_time":"2025-09-29T01:32:23+00:00","og_image":[{"width":1024,"height":763,"url":"https:\/\/jinsuncarbon.com\/wp-content\/uploads\/2025\/09\/Graphite-molds-for-copper.jpg","type":"image\/jpeg"}],"twitter_card":"summary_large_image","twitter_site":"@jinsuncarbon_","twitter_misc":{"Gesch\u00e4tzte Lesezeit":"3\u00a0Minuten"},"schema":{"@context":"https:\/\/schema.org","@graph":[{"@type":"WebPage","@id":"https:\/\/jinsuncarbon.com\/product\/graphite-molds-for-copper\/","url":"https:\/\/jinsuncarbon.com\/product\/graphite-molds-for-copper\/","name":"Graphitformen f\u00fcr Kupfer | Jinsun Carbon","isPartOf":{"@id":"https:\/\/jinsuncarbon.com\/#website"},"primaryImageOfPage":{"@id":"https:\/\/jinsuncarbon.com\/product\/graphite-molds-for-copper\/#primaryimage"},"image":{"@id":"https:\/\/jinsuncarbon.com\/product\/graphite-molds-for-copper\/#primaryimage"},"thumbnailUrl":"https:\/\/jinsuncarbon.com\/wp-content\/uploads\/2025\/09\/Graphite-molds-for-copper.jpg","datePublished":"2025-09-29T01:30:44+00:00","dateModified":"2025-09-29T01:32:23+00:00","description":"Die Graphitform ist aus Kupfer. Es ist eine Form zum Gie\u00dfen von Kupferrohren, auch bekannt als Graphitkristallisator. Kontaktieren Sie Jinsun, um Graphit-Formen anzupassen.","breadcrumb":{"@id":"https:\/\/jinsuncarbon.com\/product\/graphite-molds-for-copper\/#breadcrumb"},"inLanguage":"de","potentialAction":[{"@type":"ReadAction","target":["https:\/\/jinsuncarbon.com\/product\/graphite-molds-for-copper\/"]}]},{"@type":"ImageObject","inLanguage":"de","@id":"https:\/\/jinsuncarbon.com\/product\/graphite-molds-for-copper\/#primaryimage","url":"https:\/\/jinsuncarbon.com\/wp-content\/uploads\/2025\/09\/Graphite-molds-for-copper.jpg","contentUrl":"https:\/\/jinsuncarbon.com\/wp-content\/uploads\/2025\/09\/Graphite-molds-for-copper.jpg","width":1024,"height":763,"caption":"Graphite molds for copper"},{"@type":"BreadcrumbList","@id":"https:\/\/jinsuncarbon.com\/product\/graphite-molds-for-copper\/#breadcrumb","itemListElement":[{"@type":"ListItem","position":1,"name":"Home","item":"https:\/\/jinsuncarbon.com\/"},{"@type":"ListItem","position":2,"name":"Products","item":"https:\/\/jinsuncarbon.com\/graphite-carbon\/"},{"@type":"ListItem","position":3,"name":"Graphite Molds For Copper"}]},{"@type":"WebSite","@id":"https:\/\/jinsuncarbon.com\/#website","url":"https:\/\/jinsuncarbon.com\/","name":"Jinsun Kohlenstoff","description":"Wir sind der erfolgreiche Hersteller von Graphitelektroden in China","publisher":{"@id":"https:\/\/jinsuncarbon.com\/#organization"},"potentialAction":[{"@type":"SearchAction","target":{"@type":"EntryPoint","urlTemplate":"https:\/\/jinsuncarbon.com\/?s={search_term_string}"},"query-input":{"@type":"PropertyValueSpecification","valueRequired":true,"valueName":"search_term_string"}}],"inLanguage":"de"},{"@type":"Organization","@id":"https:\/\/jinsuncarbon.com\/#organization","name":"Jinsun Kohlenstoff","alternateName":"Jinsun Carbon","url":"https:\/\/jinsuncarbon.com\/","logo":{"@type":"ImageObject","inLanguage":"de","@id":"https:\/\/jinsuncarbon.com\/#\/schema\/logo\/image\/","url":"https:\/\/jinsuncarbon.com\/wp-content\/uploads\/2022\/12\/LOGO-1.png","contentUrl":"https:\/\/jinsuncarbon.com\/wp-content\/uploads\/2022\/12\/LOGO-1.png","width":207,"height":80,"caption":"Jinsun Carbon"},"image":{"@id":"https:\/\/jinsuncarbon.com\/#\/schema\/logo\/image\/"},"sameAs":["https:\/\/www.facebook.com\/Graphite-Electrode-109336238661595","https:\/\/x.com\/jinsuncarbon_","https:\/\/www.linkedin.com\/in\/jinsungraphite","https:\/\/www.youtube.com\/channel\/UCysDNyvyR5-3cCWEmpkVC0g"]}]}},"_links":{"self":[{"href":"https:\/\/jinsuncarbon.com\/de\/wp-json\/wp\/v2\/product\/8087","targetHints":{"allow":["GET"]}}],"collection":[{"href":"https:\/\/jinsuncarbon.com\/de\/wp-json\/wp\/v2\/product"}],"about":[{"href":"https:\/\/jinsuncarbon.com\/de\/wp-json\/wp\/v2\/types\/product"}],"wp:featuredmedia":[{"embeddable":true,"href":"https:\/\/jinsuncarbon.com\/de\/wp-json\/wp\/v2\/media\/8088"}],"wp:attachment":[{"href":"https:\/\/jinsuncarbon.com\/de\/wp-json\/wp\/v2\/media?parent=8087"}],"wp:term":[{"taxonomy":"product_brand","embeddable":true,"href":"https:\/\/jinsuncarbon.com\/de\/wp-json\/wp\/v2\/product_brand?post=8087"},{"taxonomy":"product_cat","embeddable":true,"href":"https:\/\/jinsuncarbon.com\/de\/wp-json\/wp\/v2\/product_cat?post=8087"},{"taxonomy":"product_tag","embeddable":true,"href":"https:\/\/jinsuncarbon.com\/de\/wp-json\/wp\/v2\/product_tag?post=8087"}],"curies":[{"name":"wp","href":"https:\/\/api.w.org\/{rel}","templated":true}]}}