{"id":8085,"date":"2025-09-30T00:49:55","date_gmt":"2025-09-30T00:49:55","guid":{"rendered":"https:\/\/jinsuncarbon.com\/?post_type=product&#038;p=8085"},"modified":"2025-09-30T00:49:56","modified_gmt":"2025-09-30T00:49:56","slug":"graphitmarmor-form","status":"publish","type":"product","link":"https:\/\/jinsuncarbon.com\/de\/produkt\/graphitmarmor-form\/","title":{"rendered":"Graphit-Marmor-Form"},"content":{"rendered":"<h2>Vorteile der Graphitmarmorform<\/h2>\n<p><strong><b>Hohe Temperaturstabilit\u00e4t<\/b><\/strong><\/p>\n<p>Es kann seine strukturelle Stabilit\u00e4t in einem Temperaturbereich von -200\u00b0C bis 800\u00b0C ohne Rissbildung oder Verformung beibehalten.<\/p>\n<p>&nbsp;<\/p>\n<p><strong><b>Ultrahohe Oberfl\u00e4chenpr\u00e4zision<\/b><\/strong><\/p>\n<p>Aufgrund der dichten Textur und der glatten Oberfl\u00e4che von Marmor kann die Oberfl\u00e4che f\u00fcr die Formgebung auf den Mikrometer genau gestaltet werden. Dadurch wird sichergestellt, dass die fertigen Produkte keine Fehler aufweisen und nicht nachpoliert werden m\u00fcssen.<\/p>\n<p>&nbsp;<\/p>\n<p><strong><b>Antihaftwirkung und leichte Entformbarkeit<\/b><\/strong><\/p>\n<p>Die niedrige Oberfl\u00e4chenspannung macht es weniger wahrscheinlich, dass die fertigen Produkte nach dem Hochtemperaturgie\u00dfen an der Form haften bleiben. Dies erm\u00f6glicht eine reibungslose direkte Entformung, verringert die Besch\u00e4digungsrate der fertigen Produkte und verbessert die Produktionseffizienz.<\/p>\n<p>&nbsp;<\/p>\n<p><strong><b>Starke chemische Inertheit<\/b><\/strong><\/p>\n<p>Es reagiert nicht mit korrosiven Medien und eignet sich daher f\u00fcr die Herstellung von Materialien mit korrosiven Bestandteilen.<\/p>\n<p>&nbsp;<\/p>\n<p><strong><b>Hohe strukturelle Festigkeit<\/b><\/strong><\/p>\n<p>Es kann Druckst\u00f6\u00dfen w\u00e4hrend des Formprozesses widerstehen und verformt sich wahrscheinlich nicht \u00fcber einen langen Zeitraum hinweg.<\/p>\n<p><strong><b>\u00a0<\/b><\/strong><\/p>\n<p><strong><b>Gute Gleichm\u00e4\u00dfigkeit der W\u00e4rmeleitf\u00e4higkeit<\/b><\/strong><\/p>\n<p>Aufgrund der hervorragenden W\u00e4rmeleitf\u00e4higkeit sorgt sie f\u00fcr gleichm\u00e4\u00dfige Temperaturen in allen Teilen der Form. Und es verhindert innere Spannungen oder strukturelle Defekte in den fertigen Produkten aufgrund von lokalen Temperaturunterschieden.<\/p>\n<p><strong><b>\u00a0<\/b><\/strong><\/p>\n<p>Dar\u00fcber hinaus werden Graphitmarmorformen meist in Form von flachen Platten oder kundenspezifischen unregelm\u00e4\u00dfigen Strukturen hergestellt. Und je nach Ihren spezifischen Produktionsanforderungen werden sie pr\u00e4zise bearbeitet, um die entsprechenden Spezifikationsanforderungen zu erf\u00fcllen.<\/p>\n<p><strong><b>\u00a0<\/b><\/strong><\/p>\n<h2>Verwendungen von Graphitmarmorformen<\/h2>\n<h3>Bereich Baumaterialien und Dekoration<\/h3>\n<p><strong><b>Herstellung von Kunststein<\/b><\/strong><\/p>\n<p>Sie k\u00f6nnen es f\u00fcr das Gie\u00dfen von Kunstmarmor- und Quarzsteinplatten verwenden, wodurch die glatte und ebene Oberfl\u00e4che der Platten gew\u00e4hrleistet wird. Au\u00dferdem verhindert es das Anhaften des Hochtemperaturharzes und verbessert so die Qualifikationsrate der fertigen Produkte.<\/p>\n<p>&nbsp;<\/p>\n<p><strong><b>Umformung von hochtemperaturbest\u00e4ndigen dekorativen Teilen<\/b><\/strong><\/p>\n<p>Sie k\u00f6nnen verwenden <a href=\"https:\/\/jinsuncarbon.com\/de\/produkt\/graphitform\/\">Graphitform<\/a> zur Herstellung von dekorativen Bauteilen f\u00fcr den Einsatz in Hochtemperaturumgebungen wie Kaminverkleidungen und Labortischplatten. Durch die Hitzebest\u00e4ndigkeit und Oberfl\u00e4chengenauigkeit wird sichergestellt, dass die dekorativen Teile sowohl praktisch als auch \u00e4sthetisch ansprechend sind.<\/p>\n<p>&nbsp;<\/p>\n<h3>Bereich besondere Materialien<\/h3>\n<p><strong><b>Spezielle keramische Formgebung<\/b><\/strong><\/p>\n<p>Aufgrund der gleichm\u00e4\u00dfigen W\u00e4rmeleitf\u00e4higkeit k\u00f6nnen Sie es zum Sintern spezieller keramischer Bauteile verwenden, wie z. B. <a href=\"https:\/\/en.wikipedia.org\/wiki\/Aluminium_oxide\" target=\"_blank\" rel=\"noopener\">Tonerde<\/a>. Es kann Risse w\u00e4hrend des keramischen Sinterns verhindern, und die strukturelle St\u00e4rke des Marmors kann dem Druck standhalten.<\/p>\n<p>&nbsp;<\/p>\n<p><strong><b>Herstellung von Bauteilen aus Verbundwerkstoffen<\/b><\/strong><\/p>\n<p>Sie k\u00f6nnen es zur Herstellung von Bauteilen verwenden, die eine Aush\u00e4rtung bei hohen Temperaturen erfordern, wie z. B. glasfaserverst\u00e4rkte Verbundwerkstoffe. Dank seiner chemischen Inertheit kann es Reaktionen mit den Verbundwerkstoffharzen verhindern und so die Leistungsf\u00e4higkeit der Bauteile gew\u00e4hrleisten.<\/p>\n<p>&nbsp;<\/p>\n<h3>Der Bereich Kunsthandwerk und Pr\u00e4zisionsteile<\/h3>\n<p><strong><b>Gie\u00dfen von Hochtemperatur-Handwerksprodukten<\/b><\/strong><\/p>\n<p>Sie k\u00f6nnen es auch f\u00fcr die Herstellung von Glas- und Hochtemperaturkeramikhandwerk verwenden. Er kann die komplexen Muster der Kunsthandwerksprodukte pr\u00e4zise reproduzieren, was eine reibungslose Entformung der fertigen Produkte gew\u00e4hrleistet.<\/p>\n<p>&nbsp;<\/p>\n<p><strong><b>Hilfsgie\u00dfen f\u00fcr elektronische Pr\u00e4zisionsbauteile<\/b><\/strong><\/p>\n<p>Es kann die Ma\u00dfhaltigkeit der Bauteile gew\u00e4hrleisten, was bei der Herstellung einiger hochtemperaturbest\u00e4ndiger Geh\u00e4use oder Sockel f\u00fcr elektronische Bauteile genutzt wird. Und seine W\u00e4rmeleitf\u00e4higkeit hilft bei der K\u00fchlung und Formgebung der Bauteile nach dem Gie\u00dfen.<\/p>","protected":false},"excerpt":{"rendered":"<p>Die Graphit-Marmor-Form ist eine Verbundform, die durch die Kombination von Graphit und Marmor hergestellt wird und die wesentlichen Vorteile beider Materialien vereint. Sie verwendet Marmor als strukturelle Grundschicht und Graphit als funktionelle Oberfl\u00e4chenschicht oder als Material f\u00fcr das Hauptformteil. Es verf\u00fcgt \u00fcber eine hervorragende Hochtemperaturstabilit\u00e4t, Oberfl\u00e4chengl\u00e4tte und Antihaftwirkung, die f\u00fcr verschiedene Hochtemperaturumformungsprozesse geeignet ist. Es eignet sich gut f\u00fcr Produktionsszenarien mit hohen Anforderungen an die Pr\u00e4zision und das Aussehen des Produkts und ist ein langlebiges und effizientes Formwerkzeug. Sie k\u00f6nnen es zum Gie\u00dfen von Kunstmarmorplatten, zum Sintern spezieller Keramikteile usw. verwenden.<\/p>","protected":false},"featured_media":8086,"template":"","meta":[],"product_brand":[],"product_cat":[38],"product_tag":[],"class_list":{"0":"post-8085","1":"product","2":"type-product","3":"status-publish","4":"has-post-thumbnail","6":"product_cat-graphite-products","8":"first","9":"instock","10":"shipping-taxable","11":"product-type-simple"},"yoast_head":"<!-- This site is optimized with the Yoast SEO Premium plugin v19.2.1 (Yoast SEO v25.3) - https:\/\/yoast.com\/wordpress\/plugins\/seo\/ -->\n<title>Graphite Marble Mold | Jinsun Carbon<\/title>\n<meta name=\"robots\" content=\"index, follow, max-snippet:-1, max-image-preview:large, max-video-preview:-1\" \/>\n<link rel=\"canonical\" href=\"https:\/\/jinsuncarbon.com\/de\/produkt\/graphitmarmor-form\/\" \/>\n<meta property=\"og:locale\" content=\"de_DE\" \/>\n<meta property=\"og:type\" content=\"article\" \/>\n<meta property=\"og:title\" content=\"Graphite Marble Mold\" \/>\n<meta property=\"og:description\" content=\"Graphite marble mold is a composite mold made by combining graphite and marble materials, integrating the core advantages of both materials. It uses marble as the basic structural layer and graphite as the surface functional layer or the key forming part material.\u00a0It has\u00a0excellent high-temperature stability, surface smoothness and anti-sticking performance, which is adapted to various high-temperature forming processes. And it performs well in production scenarios with high requirements for product precision and appearance, which is a durable and efficient forming tool. You can use it\u00a0in the pouring of artificial marble sheets, the sintering of special ceramic components, and etc.\" \/>\n<meta property=\"og:url\" content=\"https:\/\/jinsuncarbon.com\/de\/produkt\/graphitmarmor-form\/\" \/>\n<meta property=\"og:site_name\" content=\"Jinsun Carbon\" \/>\n<meta property=\"article:publisher\" content=\"https:\/\/www.facebook.com\/Graphite-Electrode-109336238661595\" \/>\n<meta property=\"article:modified_time\" content=\"2025-09-30T00:49:56+00:00\" \/>\n<meta property=\"og:image\" content=\"https:\/\/jinsuncarbon.com\/wp-content\/uploads\/2025\/09\/Graphite-marble-mold.jpg\" \/>\n\t<meta property=\"og:image:width\" content=\"1024\" \/>\n\t<meta property=\"og:image:height\" content=\"763\" \/>\n\t<meta property=\"og:image:type\" content=\"image\/jpeg\" \/>\n<meta name=\"twitter:card\" content=\"summary_large_image\" \/>\n<meta name=\"twitter:site\" content=\"@jinsuncarbon_\" \/>\n<meta name=\"twitter:label1\" content=\"Gesch\u00e4tzte Lesezeit\" \/>\n\t<meta name=\"twitter:data1\" content=\"3\u00a0Minuten\" \/>\n<script type=\"application\/ld+json\" class=\"yoast-schema-graph\">{\"@context\":\"https:\/\/schema.org\",\"@graph\":[{\"@type\":\"WebPage\",\"@id\":\"https:\/\/jinsuncarbon.com\/product\/graphite-marble-mold\/\",\"url\":\"https:\/\/jinsuncarbon.com\/product\/graphite-marble-mold\/\",\"name\":\"Graphite Marble Mold | Jinsun Carbon\",\"isPartOf\":{\"@id\":\"https:\/\/jinsuncarbon.com\/#website\"},\"primaryImageOfPage\":{\"@id\":\"https:\/\/jinsuncarbon.com\/product\/graphite-marble-mold\/#primaryimage\"},\"image\":{\"@id\":\"https:\/\/jinsuncarbon.com\/product\/graphite-marble-mold\/#primaryimage\"},\"thumbnailUrl\":\"https:\/\/jinsuncarbon.com\/wp-content\/uploads\/2025\/09\/Graphite-marble-mold.jpg\",\"datePublished\":\"2025-09-30T00:49:55+00:00\",\"dateModified\":\"2025-09-30T00:49:56+00:00\",\"breadcrumb\":{\"@id\":\"https:\/\/jinsuncarbon.com\/product\/graphite-marble-mold\/#breadcrumb\"},\"inLanguage\":\"de\",\"potentialAction\":[{\"@type\":\"ReadAction\",\"target\":[\"https:\/\/jinsuncarbon.com\/product\/graphite-marble-mold\/\"]}]},{\"@type\":\"ImageObject\",\"inLanguage\":\"de\",\"@id\":\"https:\/\/jinsuncarbon.com\/product\/graphite-marble-mold\/#primaryimage\",\"url\":\"https:\/\/jinsuncarbon.com\/wp-content\/uploads\/2025\/09\/Graphite-marble-mold.jpg\",\"contentUrl\":\"https:\/\/jinsuncarbon.com\/wp-content\/uploads\/2025\/09\/Graphite-marble-mold.jpg\",\"width\":1024,\"height\":763,\"caption\":\"Graphite marble mold\"},{\"@type\":\"BreadcrumbList\",\"@id\":\"https:\/\/jinsuncarbon.com\/product\/graphite-marble-mold\/#breadcrumb\",\"itemListElement\":[{\"@type\":\"ListItem\",\"position\":1,\"name\":\"Home\",\"item\":\"https:\/\/jinsuncarbon.com\/\"},{\"@type\":\"ListItem\",\"position\":2,\"name\":\"Products\",\"item\":\"https:\/\/jinsuncarbon.com\/graphite-carbon\/\"},{\"@type\":\"ListItem\",\"position\":3,\"name\":\"Graphite Marble Mold\"}]},{\"@type\":\"WebSite\",\"@id\":\"https:\/\/jinsuncarbon.com\/#website\",\"url\":\"https:\/\/jinsuncarbon.com\/\",\"name\":\"Jinsun Carbon\",\"description\":\"We are the successful graphite electrode manufacturer in China\",\"publisher\":{\"@id\":\"https:\/\/jinsuncarbon.com\/#organization\"},\"potentialAction\":[{\"@type\":\"SearchAction\",\"target\":{\"@type\":\"EntryPoint\",\"urlTemplate\":\"https:\/\/jinsuncarbon.com\/?s={search_term_string}\"},\"query-input\":{\"@type\":\"PropertyValueSpecification\",\"valueRequired\":true,\"valueName\":\"search_term_string\"}}],\"inLanguage\":\"de\"},{\"@type\":\"Organization\",\"@id\":\"https:\/\/jinsuncarbon.com\/#organization\",\"name\":\"Jinsun Carbon\",\"alternateName\":\"Jinsun Carbon\",\"url\":\"https:\/\/jinsuncarbon.com\/\",\"logo\":{\"@type\":\"ImageObject\",\"inLanguage\":\"de\",\"@id\":\"https:\/\/jinsuncarbon.com\/#\/schema\/logo\/image\/\",\"url\":\"https:\/\/jinsuncarbon.com\/wp-content\/uploads\/2022\/12\/LOGO-1.png\",\"contentUrl\":\"https:\/\/jinsuncarbon.com\/wp-content\/uploads\/2022\/12\/LOGO-1.png\",\"width\":207,\"height\":80,\"caption\":\"Jinsun Carbon\"},\"image\":{\"@id\":\"https:\/\/jinsuncarbon.com\/#\/schema\/logo\/image\/\"},\"sameAs\":[\"https:\/\/www.facebook.com\/Graphite-Electrode-109336238661595\",\"https:\/\/x.com\/jinsuncarbon_\",\"https:\/\/www.linkedin.com\/in\/jinsungraphite\",\"https:\/\/www.youtube.com\/channel\/UCysDNyvyR5-3cCWEmpkVC0g\"]}]}<\/script>\n<!-- \/ Yoast SEO Premium plugin. -->","yoast_head_json":{"title":"Graphit-Marmor-Form | Jinsun Carbon","robots":{"index":"index","follow":"follow","max-snippet":"max-snippet:-1","max-image-preview":"max-image-preview:large","max-video-preview":"max-video-preview:-1"},"canonical":"https:\/\/jinsuncarbon.com\/de\/produkt\/graphitmarmor-form\/","og_locale":"de_DE","og_type":"article","og_title":"Graphite Marble Mold","og_description":"Graphite marble mold is a composite mold made by combining graphite and marble materials, integrating the core advantages of both materials. It uses marble as the basic structural layer and graphite as the surface functional layer or the key forming part material.\u00a0It has\u00a0excellent high-temperature stability, surface smoothness and anti-sticking performance, which is adapted to various high-temperature forming processes. And it performs well in production scenarios with high requirements for product precision and appearance, which is a durable and efficient forming tool. You can use it\u00a0in the pouring of artificial marble sheets, the sintering of special ceramic components, and etc.","og_url":"https:\/\/jinsuncarbon.com\/de\/produkt\/graphitmarmor-form\/","og_site_name":"Jinsun Carbon","article_publisher":"https:\/\/www.facebook.com\/Graphite-Electrode-109336238661595","article_modified_time":"2025-09-30T00:49:56+00:00","og_image":[{"width":1024,"height":763,"url":"https:\/\/jinsuncarbon.com\/wp-content\/uploads\/2025\/09\/Graphite-marble-mold.jpg","type":"image\/jpeg"}],"twitter_card":"summary_large_image","twitter_site":"@jinsuncarbon_","twitter_misc":{"Gesch\u00e4tzte Lesezeit":"3\u00a0Minuten"},"schema":{"@context":"https:\/\/schema.org","@graph":[{"@type":"WebPage","@id":"https:\/\/jinsuncarbon.com\/product\/graphite-marble-mold\/","url":"https:\/\/jinsuncarbon.com\/product\/graphite-marble-mold\/","name":"Graphit-Marmor-Form | Jinsun Carbon","isPartOf":{"@id":"https:\/\/jinsuncarbon.com\/#website"},"primaryImageOfPage":{"@id":"https:\/\/jinsuncarbon.com\/product\/graphite-marble-mold\/#primaryimage"},"image":{"@id":"https:\/\/jinsuncarbon.com\/product\/graphite-marble-mold\/#primaryimage"},"thumbnailUrl":"https:\/\/jinsuncarbon.com\/wp-content\/uploads\/2025\/09\/Graphite-marble-mold.jpg","datePublished":"2025-09-30T00:49:55+00:00","dateModified":"2025-09-30T00:49:56+00:00","breadcrumb":{"@id":"https:\/\/jinsuncarbon.com\/product\/graphite-marble-mold\/#breadcrumb"},"inLanguage":"de","potentialAction":[{"@type":"ReadAction","target":["https:\/\/jinsuncarbon.com\/product\/graphite-marble-mold\/"]}]},{"@type":"ImageObject","inLanguage":"de","@id":"https:\/\/jinsuncarbon.com\/product\/graphite-marble-mold\/#primaryimage","url":"https:\/\/jinsuncarbon.com\/wp-content\/uploads\/2025\/09\/Graphite-marble-mold.jpg","contentUrl":"https:\/\/jinsuncarbon.com\/wp-content\/uploads\/2025\/09\/Graphite-marble-mold.jpg","width":1024,"height":763,"caption":"Graphite marble mold"},{"@type":"BreadcrumbList","@id":"https:\/\/jinsuncarbon.com\/product\/graphite-marble-mold\/#breadcrumb","itemListElement":[{"@type":"ListItem","position":1,"name":"Home","item":"https:\/\/jinsuncarbon.com\/"},{"@type":"ListItem","position":2,"name":"Products","item":"https:\/\/jinsuncarbon.com\/graphite-carbon\/"},{"@type":"ListItem","position":3,"name":"Graphite Marble Mold"}]},{"@type":"WebSite","@id":"https:\/\/jinsuncarbon.com\/#website","url":"https:\/\/jinsuncarbon.com\/","name":"Jinsun Kohlenstoff","description":"Wir sind der erfolgreiche Hersteller von Graphitelektroden in China","publisher":{"@id":"https:\/\/jinsuncarbon.com\/#organization"},"potentialAction":[{"@type":"SearchAction","target":{"@type":"EntryPoint","urlTemplate":"https:\/\/jinsuncarbon.com\/?s={search_term_string}"},"query-input":{"@type":"PropertyValueSpecification","valueRequired":true,"valueName":"search_term_string"}}],"inLanguage":"de"},{"@type":"Organization","@id":"https:\/\/jinsuncarbon.com\/#organization","name":"Jinsun Kohlenstoff","alternateName":"Jinsun Carbon","url":"https:\/\/jinsuncarbon.com\/","logo":{"@type":"ImageObject","inLanguage":"de","@id":"https:\/\/jinsuncarbon.com\/#\/schema\/logo\/image\/","url":"https:\/\/jinsuncarbon.com\/wp-content\/uploads\/2022\/12\/LOGO-1.png","contentUrl":"https:\/\/jinsuncarbon.com\/wp-content\/uploads\/2022\/12\/LOGO-1.png","width":207,"height":80,"caption":"Jinsun Carbon"},"image":{"@id":"https:\/\/jinsuncarbon.com\/#\/schema\/logo\/image\/"},"sameAs":["https:\/\/www.facebook.com\/Graphite-Electrode-109336238661595","https:\/\/x.com\/jinsuncarbon_","https:\/\/www.linkedin.com\/in\/jinsungraphite","https:\/\/www.youtube.com\/channel\/UCysDNyvyR5-3cCWEmpkVC0g"]}]}},"_links":{"self":[{"href":"https:\/\/jinsuncarbon.com\/de\/wp-json\/wp\/v2\/product\/8085","targetHints":{"allow":["GET"]}}],"collection":[{"href":"https:\/\/jinsuncarbon.com\/de\/wp-json\/wp\/v2\/product"}],"about":[{"href":"https:\/\/jinsuncarbon.com\/de\/wp-json\/wp\/v2\/types\/product"}],"wp:featuredmedia":[{"embeddable":true,"href":"https:\/\/jinsuncarbon.com\/de\/wp-json\/wp\/v2\/media\/8086"}],"wp:attachment":[{"href":"https:\/\/jinsuncarbon.com\/de\/wp-json\/wp\/v2\/media?parent=8085"}],"wp:term":[{"taxonomy":"product_brand","embeddable":true,"href":"https:\/\/jinsuncarbon.com\/de\/wp-json\/wp\/v2\/product_brand?post=8085"},{"taxonomy":"product_cat","embeddable":true,"href":"https:\/\/jinsuncarbon.com\/de\/wp-json\/wp\/v2\/product_cat?post=8085"},{"taxonomy":"product_tag","embeddable":true,"href":"https:\/\/jinsuncarbon.com\/de\/wp-json\/wp\/v2\/product_tag?post=8085"}],"curies":[{"name":"wp","href":"https:\/\/api.w.org\/{rel}","templated":true}]}}