{"id":8083,"date":"2025-09-30T01:24:27","date_gmt":"2025-09-30T01:24:27","guid":{"rendered":"https:\/\/jinsuncarbon.com\/?post_type=product&#038;p=8083"},"modified":"2025-09-30T01:24:28","modified_gmt":"2025-09-30T01:24:28","slug":"graphitkegel","status":"publish","type":"product","link":"https:\/\/jinsuncarbon.com\/de\/produkt\/graphitkegel\/","title":{"rendered":"Graphit-Kegel"},"content":{"rendered":"<h2>Vorteile des Graphitkegels<\/h2>\n<p><strong><b>E<\/b><\/strong><strong><b>Hervorragende Hitzebest\u00e4ndigkeit<\/b><\/strong><\/p>\n<p>Es kann seine strukturelle Stabilit\u00e4t in einem breiten Temperaturbereich von -200\u00b0C bis 1600\u00b0C in einer nicht oxidierenden Umgebung beibehalten. Es unterliegt keiner Verformung oder Leistungsverschlechterung aufgrund drastischer Temperatur\u00e4nderungen.<\/p>\n<p>&nbsp;<\/p>\n<p><strong><b>B<\/b><\/strong><strong><b>ausgewogene elektrische und thermische Leitf\u00e4higkeit<\/b><\/strong><\/p>\n<p>Es ist in der Lage, Strom effizient zu leiten und W\u00e4rme schnell zu \u00fcbertragen, wodurch es sich f\u00fcr Szenarien mit hohen Anforderungen eignet.<\/p>\n<p>&nbsp;<\/p>\n<p><strong><b>S<\/b><\/strong><strong><b>lange chemische Best\u00e4ndigkeit<\/b><\/strong><\/p>\n<p>Es ist unwahrscheinlich, dass es mit korrosiven Medien reagiert, so dass es lange Zeit in rauen Umgebungen eingesetzt werden kann.<\/p>\n<p>&nbsp;<\/p>\n<p><strong><b>H<\/b><\/strong><strong><b>hohe strukturelle Pr\u00e4zision<\/b><\/strong><\/p>\n<p>Die gleichm\u00e4\u00dfige konische Form und die hervorragende Oberfl\u00e4chengl\u00e4tte erm\u00f6glichen es, die Montageanforderungen von Ger\u00e4ten pr\u00e4zise zu erf\u00fcllen.<\/p>\n<p>&nbsp;<\/p>\n<p><strong><b>R<\/b><\/strong><strong><b>zuverl\u00e4ssige mechanische Festigkeit<\/b><\/strong><\/p>\n<p>Seine Schlagz\u00e4higkeit und Druckfestigkeit sind besser als die von herk\u00f6mmlichen Graphitprodukten. Bei der Verwendung als St\u00fctz- oder Positionierungselement ist es weniger anf\u00e4llig f\u00fcr Besch\u00e4digungen.<\/p>\n<p><strong><b>\u00a0<\/b><\/strong><\/p>\n<h2>Verwendungen von Graphitkegeln<\/h2>\n<h3>Industrielle Hochtemperaturbereiche<\/h3>\n<p><strong><b>Elektroden f\u00fcr Heizger\u00e4te<\/b><\/strong><\/p>\n<p>In Elektrolichtbogen\u00f6fen und Hochtemperatursinter\u00f6fen k\u00f6nnen sie als Verbindungs- oder Leitkomponenten dienen f\u00fcr <a href=\"https:\/\/jinsuncarbon.com\/de\/produkt\/graphitstab-elektrode\/\">Elektroden<\/a>. Dank seiner hohen Temperaturbest\u00e4ndigkeit und ausgezeichneten Leitf\u00e4higkeit h\u00e4lt es den hohen Temperaturen im Inneren der \u00d6fen stand und gew\u00e4hrleistet eine effiziente Beheizung.<\/p>\n<p>&nbsp;<\/p>\n<p><strong><b>Hochtemperatur-Probenhalterung<\/b><\/strong><\/p>\n<p>Bei materialwissenschaftlichen Experimenten k\u00f6nnen Sie es als Probentr\u00e4ger in Hochtemperaturumgebungen verwenden. Es kann kleine Metallproben tragen und die W\u00e4rme\u00fcbertragung unterst\u00fctzen sowie eine gleichm\u00e4\u00dfige Erw\u00e4rmung der Proben gew\u00e4hrleisten.<\/p>\n<p>&nbsp;<\/p>\n<h3>Elektronik und Halbleiterbereich<\/h3>\n<p><strong><b>Genaue Positionierung der Komponenten<\/b><\/strong><\/p>\n<p>In der Halbleiter-Wafer-Verarbeitung Ausr\u00fcstung, k\u00f6nnen Sie es als Hilfs-Positionierung Kegel Strukturen f\u00fcr Wafer dienen. Sie k\u00f6nnen Kratzer auf der Wafer-Oberfl\u00e4che vermeiden und halten gleichzeitig den hohen Temperaturen w\u00e4hrend der Verarbeitung stand.<\/p>\n<p>&nbsp;<\/p>\n<p><strong><b>Hilfskomponenten zur W\u00e4rmeabfuhr<\/b><\/strong><\/p>\n<p>Aufgrund der W\u00e4rmeleitf\u00e4higkeit kann es als lokale W\u00e4rmeableitungsstruktur in einigen elektronischen Hochleistungskomponenten verwendet werden. Es kann die von den Komponenten erzeugte W\u00e4rme zum Hauptk\u00f6rper der W\u00e4rmeableitung leiten und so zur Kontrolle der Komponententemperatur beitragen.<\/p>\n<p><strong><b>\u00a0<\/b><\/strong><\/p>\n<p><strong><b>Chemische und elektrolytische Bereiche<\/b><\/strong><\/p>\n<p><strong><b>Hilfselektroden der Elektrolysezelle<\/b><\/strong><\/p>\n<p>Bei der Elektrolyse von Nichteisenmetallen, wie z. B. elektrolytischem Aluminium, kann es als Hilfselektrodenkomponente verwendet werden. Aufgrund seiner chemischen Inertheit kann es den Strom leiten, lokalen hohen Temperaturen widerstehen und die Lebensdauer verl\u00e4ngern.<\/p>\n<p>&nbsp;<\/p>\n<p><strong><b>Zubeh\u00f6r f\u00fcr chemische Reaktionsgef\u00e4\u00dfe<\/b><\/strong><\/p>\n<p>Bei einigen chemischen Hochtemperaturreaktionen kann er als str\u00f6mungsleitende oder st\u00fctzende Kegelkomponente innerhalb des Reaktionsgef\u00e4\u00dfes dienen. Er f\u00fchrt die Reaktionsmaterialien und unterst\u00fctzt die <a href=\"https:\/\/www.merriam-webster.com\/dictionary\/catalyst\" target=\"_blank\" rel=\"noopener\">Katalysator<\/a> Tr\u00e4ger und geht keine chemischen Reaktionen mit dem Reaktionsmedium ein.<\/p>\n<p>&nbsp;<\/p>\n<h3>Mechanische und allgemeine industrielle Bereiche<\/h3>\n<p><strong><b>Positionierung und Abdichtung von Hilfskomponenten<\/b><\/strong><\/p>\n<p>In der mechanischen Montage<\/p>\n<p>Sie k\u00f6nnen ihn als Positionierkegel f\u00fcr Ausr\u00fcstungskomponenten verwenden, was die Montagegenauigkeit gew\u00e4hrleistet.<\/p>\n<p>&nbsp;<\/p>\n<p>In einigen Szenarien der Rohr- oder Beh\u00e4lterabdichtung<\/p>\n<p>Es kann als Hilfsdichtungskomponente dienen, die mit Dichtungsmaterialien zusammenarbeiten kann, um die Dichtungswirkung zu verbessern.<\/p>\n<p>&nbsp;<\/p>\n<p><strong><b>Verschlei\u00dffeste Komponenten<\/b><\/strong><\/p>\n<p>In langsam rotierenden Maschinen k\u00f6nnen Sie es als kleine verschlei\u00dffeste Kegelkomponenten verwenden. Aufgrund der geringen Reibungseigenschaften kann es den Verschlei\u00df der Komponenten reduzieren und die Wartungskosten senken.<\/p>","protected":false},"excerpt":{"rendered":"<p>Der Graphitkegel ist ein kegelf\u00f6rmiges Bauteil, das aus hochreinem Graphit hergestellt wird. Aufgrund der Eigenschaften von Graphit, wie z. B. hohe Temperaturbest\u00e4ndigkeit, ausgezeichnete elektrische Leitf\u00e4higkeit und starke chemische Stabilit\u00e4t, kann es unter verschiedenen rauen Arbeitsbedingungen stabil funktionieren. Es hat eine hohe strukturelle Festigkeit und eine gute Anpassungsf\u00e4higkeit und erf\u00fcllt die dynamischen Nutzungsanforderungen verschiedener Bereiche f\u00fcr kegelf\u00f6rmige Funktionskomponenten. Sie k\u00f6nnen es zum Beispiel als Elektrodenverbindungselement oder als pr\u00e4zises Positionierungselement verwenden.<\/p>","protected":false},"featured_media":8084,"template":"","meta":[],"product_brand":[],"product_cat":[38],"product_tag":[],"class_list":{"0":"post-8083","1":"product","2":"type-product","3":"status-publish","4":"has-post-thumbnail","6":"product_cat-graphite-products","8":"first","9":"instock","10":"shipping-taxable","11":"product-type-simple"},"yoast_head":"<!-- This site is optimized with the Yoast SEO Premium plugin v19.2.1 (Yoast SEO v25.3) - https:\/\/yoast.com\/wordpress\/plugins\/seo\/ -->\n<title>Graphite Cone | Jinsun Carbon<\/title>\n<meta name=\"robots\" content=\"index, follow, max-snippet:-1, max-image-preview:large, max-video-preview:-1\" \/>\n<link rel=\"canonical\" href=\"https:\/\/jinsuncarbon.com\/de\/produkt\/graphitkegel\/\" \/>\n<meta property=\"og:locale\" content=\"de_DE\" \/>\n<meta property=\"og:type\" content=\"article\" \/>\n<meta property=\"og:title\" content=\"Graphite Cone\" \/>\n<meta property=\"og:description\" content=\"Graphite cone is a cone-shaped component processed from high-purity graphite.\u00a0Because of\u00a0the characteristics of graphite such as high temperature resistance, excellent electrical conductivity, and strong chemical stability, it can function stably under various harsh working conditions. It has high structural strength and good adaptability, meeting\u00a0the dynamic usage requirements of different fields for cone-shaped functional components. For example, you can use it\u00a0as an electrode connection component, or a precise positioning component.\" \/>\n<meta property=\"og:url\" content=\"https:\/\/jinsuncarbon.com\/de\/produkt\/graphitkegel\/\" \/>\n<meta property=\"og:site_name\" content=\"Jinsun Carbon\" \/>\n<meta property=\"article:publisher\" content=\"https:\/\/www.facebook.com\/Graphite-Electrode-109336238661595\" \/>\n<meta property=\"article:modified_time\" content=\"2025-09-30T01:24:28+00:00\" \/>\n<meta property=\"og:image\" content=\"https:\/\/jinsuncarbon.com\/wp-content\/uploads\/2025\/09\/Graphite-cone.jpg\" \/>\n\t<meta property=\"og:image:width\" content=\"1024\" \/>\n\t<meta property=\"og:image:height\" content=\"763\" \/>\n\t<meta property=\"og:image:type\" content=\"image\/jpeg\" \/>\n<meta name=\"twitter:card\" content=\"summary_large_image\" \/>\n<meta name=\"twitter:site\" content=\"@jinsuncarbon_\" \/>\n<meta name=\"twitter:label1\" content=\"Gesch\u00e4tzte Lesezeit\" \/>\n\t<meta name=\"twitter:data1\" content=\"3\u00a0Minuten\" \/>\n<script type=\"application\/ld+json\" class=\"yoast-schema-graph\">{\"@context\":\"https:\/\/schema.org\",\"@graph\":[{\"@type\":\"WebPage\",\"@id\":\"https:\/\/jinsuncarbon.com\/product\/graphite-cone\/\",\"url\":\"https:\/\/jinsuncarbon.com\/product\/graphite-cone\/\",\"name\":\"Graphite Cone | Jinsun Carbon\",\"isPartOf\":{\"@id\":\"https:\/\/jinsuncarbon.com\/#website\"},\"primaryImageOfPage\":{\"@id\":\"https:\/\/jinsuncarbon.com\/product\/graphite-cone\/#primaryimage\"},\"image\":{\"@id\":\"https:\/\/jinsuncarbon.com\/product\/graphite-cone\/#primaryimage\"},\"thumbnailUrl\":\"https:\/\/jinsuncarbon.com\/wp-content\/uploads\/2025\/09\/Graphite-cone.jpg\",\"datePublished\":\"2025-09-30T01:24:27+00:00\",\"dateModified\":\"2025-09-30T01:24:28+00:00\",\"breadcrumb\":{\"@id\":\"https:\/\/jinsuncarbon.com\/product\/graphite-cone\/#breadcrumb\"},\"inLanguage\":\"de\",\"potentialAction\":[{\"@type\":\"ReadAction\",\"target\":[\"https:\/\/jinsuncarbon.com\/product\/graphite-cone\/\"]}]},{\"@type\":\"ImageObject\",\"inLanguage\":\"de\",\"@id\":\"https:\/\/jinsuncarbon.com\/product\/graphite-cone\/#primaryimage\",\"url\":\"https:\/\/jinsuncarbon.com\/wp-content\/uploads\/2025\/09\/Graphite-cone.jpg\",\"contentUrl\":\"https:\/\/jinsuncarbon.com\/wp-content\/uploads\/2025\/09\/Graphite-cone.jpg\",\"width\":1024,\"height\":763,\"caption\":\"Graphite cone\"},{\"@type\":\"BreadcrumbList\",\"@id\":\"https:\/\/jinsuncarbon.com\/product\/graphite-cone\/#breadcrumb\",\"itemListElement\":[{\"@type\":\"ListItem\",\"position\":1,\"name\":\"Home\",\"item\":\"https:\/\/jinsuncarbon.com\/\"},{\"@type\":\"ListItem\",\"position\":2,\"name\":\"Products\",\"item\":\"https:\/\/jinsuncarbon.com\/graphite-carbon\/\"},{\"@type\":\"ListItem\",\"position\":3,\"name\":\"Graphite Cone\"}]},{\"@type\":\"WebSite\",\"@id\":\"https:\/\/jinsuncarbon.com\/#website\",\"url\":\"https:\/\/jinsuncarbon.com\/\",\"name\":\"Jinsun Carbon\",\"description\":\"We are the successful graphite electrode manufacturer in China\",\"publisher\":{\"@id\":\"https:\/\/jinsuncarbon.com\/#organization\"},\"potentialAction\":[{\"@type\":\"SearchAction\",\"target\":{\"@type\":\"EntryPoint\",\"urlTemplate\":\"https:\/\/jinsuncarbon.com\/?s={search_term_string}\"},\"query-input\":{\"@type\":\"PropertyValueSpecification\",\"valueRequired\":true,\"valueName\":\"search_term_string\"}}],\"inLanguage\":\"de\"},{\"@type\":\"Organization\",\"@id\":\"https:\/\/jinsuncarbon.com\/#organization\",\"name\":\"Jinsun Carbon\",\"alternateName\":\"Jinsun Carbon\",\"url\":\"https:\/\/jinsuncarbon.com\/\",\"logo\":{\"@type\":\"ImageObject\",\"inLanguage\":\"de\",\"@id\":\"https:\/\/jinsuncarbon.com\/#\/schema\/logo\/image\/\",\"url\":\"https:\/\/jinsuncarbon.com\/wp-content\/uploads\/2022\/12\/LOGO-1.png\",\"contentUrl\":\"https:\/\/jinsuncarbon.com\/wp-content\/uploads\/2022\/12\/LOGO-1.png\",\"width\":207,\"height\":80,\"caption\":\"Jinsun Carbon\"},\"image\":{\"@id\":\"https:\/\/jinsuncarbon.com\/#\/schema\/logo\/image\/\"},\"sameAs\":[\"https:\/\/www.facebook.com\/Graphite-Electrode-109336238661595\",\"https:\/\/x.com\/jinsuncarbon_\",\"https:\/\/www.linkedin.com\/in\/jinsungraphite\",\"https:\/\/www.youtube.com\/channel\/UCysDNyvyR5-3cCWEmpkVC0g\"]}]}<\/script>\n<!-- \/ Yoast SEO Premium plugin. -->","yoast_head_json":{"title":"Graphitkegel | Jinsun Carbon","robots":{"index":"index","follow":"follow","max-snippet":"max-snippet:-1","max-image-preview":"max-image-preview:large","max-video-preview":"max-video-preview:-1"},"canonical":"https:\/\/jinsuncarbon.com\/de\/produkt\/graphitkegel\/","og_locale":"de_DE","og_type":"article","og_title":"Graphite Cone","og_description":"Graphite cone is a cone-shaped component processed from high-purity graphite.\u00a0Because of\u00a0the characteristics of graphite such as high temperature resistance, excellent electrical conductivity, and strong chemical stability, it can function stably under various harsh working conditions. It has high structural strength and good adaptability, meeting\u00a0the dynamic usage requirements of different fields for cone-shaped functional components. For example, you can use it\u00a0as an electrode connection component, or a precise positioning component.","og_url":"https:\/\/jinsuncarbon.com\/de\/produkt\/graphitkegel\/","og_site_name":"Jinsun Carbon","article_publisher":"https:\/\/www.facebook.com\/Graphite-Electrode-109336238661595","article_modified_time":"2025-09-30T01:24:28+00:00","og_image":[{"width":1024,"height":763,"url":"https:\/\/jinsuncarbon.com\/wp-content\/uploads\/2025\/09\/Graphite-cone.jpg","type":"image\/jpeg"}],"twitter_card":"summary_large_image","twitter_site":"@jinsuncarbon_","twitter_misc":{"Gesch\u00e4tzte Lesezeit":"3\u00a0Minuten"},"schema":{"@context":"https:\/\/schema.org","@graph":[{"@type":"WebPage","@id":"https:\/\/jinsuncarbon.com\/product\/graphite-cone\/","url":"https:\/\/jinsuncarbon.com\/product\/graphite-cone\/","name":"Graphitkegel | Jinsun Carbon","isPartOf":{"@id":"https:\/\/jinsuncarbon.com\/#website"},"primaryImageOfPage":{"@id":"https:\/\/jinsuncarbon.com\/product\/graphite-cone\/#primaryimage"},"image":{"@id":"https:\/\/jinsuncarbon.com\/product\/graphite-cone\/#primaryimage"},"thumbnailUrl":"https:\/\/jinsuncarbon.com\/wp-content\/uploads\/2025\/09\/Graphite-cone.jpg","datePublished":"2025-09-30T01:24:27+00:00","dateModified":"2025-09-30T01:24:28+00:00","breadcrumb":{"@id":"https:\/\/jinsuncarbon.com\/product\/graphite-cone\/#breadcrumb"},"inLanguage":"de","potentialAction":[{"@type":"ReadAction","target":["https:\/\/jinsuncarbon.com\/product\/graphite-cone\/"]}]},{"@type":"ImageObject","inLanguage":"de","@id":"https:\/\/jinsuncarbon.com\/product\/graphite-cone\/#primaryimage","url":"https:\/\/jinsuncarbon.com\/wp-content\/uploads\/2025\/09\/Graphite-cone.jpg","contentUrl":"https:\/\/jinsuncarbon.com\/wp-content\/uploads\/2025\/09\/Graphite-cone.jpg","width":1024,"height":763,"caption":"Graphite cone"},{"@type":"BreadcrumbList","@id":"https:\/\/jinsuncarbon.com\/product\/graphite-cone\/#breadcrumb","itemListElement":[{"@type":"ListItem","position":1,"name":"Home","item":"https:\/\/jinsuncarbon.com\/"},{"@type":"ListItem","position":2,"name":"Products","item":"https:\/\/jinsuncarbon.com\/graphite-carbon\/"},{"@type":"ListItem","position":3,"name":"Graphite Cone"}]},{"@type":"WebSite","@id":"https:\/\/jinsuncarbon.com\/#website","url":"https:\/\/jinsuncarbon.com\/","name":"Jinsun Kohlenstoff","description":"Wir sind der erfolgreiche Hersteller von Graphitelektroden in China","publisher":{"@id":"https:\/\/jinsuncarbon.com\/#organization"},"potentialAction":[{"@type":"SearchAction","target":{"@type":"EntryPoint","urlTemplate":"https:\/\/jinsuncarbon.com\/?s={search_term_string}"},"query-input":{"@type":"PropertyValueSpecification","valueRequired":true,"valueName":"search_term_string"}}],"inLanguage":"de"},{"@type":"Organization","@id":"https:\/\/jinsuncarbon.com\/#organization","name":"Jinsun Kohlenstoff","alternateName":"Jinsun Carbon","url":"https:\/\/jinsuncarbon.com\/","logo":{"@type":"ImageObject","inLanguage":"de","@id":"https:\/\/jinsuncarbon.com\/#\/schema\/logo\/image\/","url":"https:\/\/jinsuncarbon.com\/wp-content\/uploads\/2022\/12\/LOGO-1.png","contentUrl":"https:\/\/jinsuncarbon.com\/wp-content\/uploads\/2022\/12\/LOGO-1.png","width":207,"height":80,"caption":"Jinsun Carbon"},"image":{"@id":"https:\/\/jinsuncarbon.com\/#\/schema\/logo\/image\/"},"sameAs":["https:\/\/www.facebook.com\/Graphite-Electrode-109336238661595","https:\/\/x.com\/jinsuncarbon_","https:\/\/www.linkedin.com\/in\/jinsungraphite","https:\/\/www.youtube.com\/channel\/UCysDNyvyR5-3cCWEmpkVC0g"]}]}},"_links":{"self":[{"href":"https:\/\/jinsuncarbon.com\/de\/wp-json\/wp\/v2\/product\/8083","targetHints":{"allow":["GET"]}}],"collection":[{"href":"https:\/\/jinsuncarbon.com\/de\/wp-json\/wp\/v2\/product"}],"about":[{"href":"https:\/\/jinsuncarbon.com\/de\/wp-json\/wp\/v2\/types\/product"}],"wp:featuredmedia":[{"embeddable":true,"href":"https:\/\/jinsuncarbon.com\/de\/wp-json\/wp\/v2\/media\/8084"}],"wp:attachment":[{"href":"https:\/\/jinsuncarbon.com\/de\/wp-json\/wp\/v2\/media?parent=8083"}],"wp:term":[{"taxonomy":"product_brand","embeddable":true,"href":"https:\/\/jinsuncarbon.com\/de\/wp-json\/wp\/v2\/product_brand?post=8083"},{"taxonomy":"product_cat","embeddable":true,"href":"https:\/\/jinsuncarbon.com\/de\/wp-json\/wp\/v2\/product_cat?post=8083"},{"taxonomy":"product_tag","embeddable":true,"href":"https:\/\/jinsuncarbon.com\/de\/wp-json\/wp\/v2\/product_tag?post=8083"}],"curies":[{"name":"wp","href":"https:\/\/api.w.org\/{rel}","templated":true}]}}