{"id":8068,"date":"2025-09-13T08:58:54","date_gmt":"2025-09-13T08:58:54","guid":{"rendered":"https:\/\/jinsuncarbon.com\/?post_type=product&#038;p=8068"},"modified":"2025-09-13T08:58:55","modified_gmt":"2025-09-13T08:58:55","slug":"kohlefaser-schrauben","status":"publish","type":"product","link":"https:\/\/jinsuncarbon.com\/de\/produkt\/kohlefaser-schrauben\/","title":{"rendered":"Kohlefaser-Schrauben"},"content":{"rendered":"<h2>Vorteile von Carbonfaser-Schrauben<\/h2>\n<p><strong><b>Leichtes Gewicht<\/b><\/strong><\/p>\n<p>Das Gewicht ist viel geringer als das von Stahlverbindungselementen mit derselben Spezifikation, wodurch das Gesamtgewicht der Ausr\u00fcstung erheblich reduziert werden kann. Au\u00dferdem kann es die Festigkeit der Verbindung gew\u00e4hrleisten und ist daher in gewichtssensiblen Bereichen wie der Luft- und Raumfahrt einsetzbar.<\/p>\n<p>&nbsp;<\/p>\n<p><strong><b>Hohe Festigkeitseigenschaften<\/b><\/strong><\/p>\n<p>Seine Zugfestigkeit und spezifische Festigkeit \u00fcbertreffen bei weitem die herk\u00f6mmlicher Metalle.<\/p>\n<p>&nbsp;<\/p>\n<p><strong><b>Ausgezeichnete Korrosionsbest\u00e4ndigkeit<\/b><\/strong><\/p>\n<p>Kohlefaserbolzen sind in feuchten, sauren oder alkalischen Umgebungen nicht rost- oder korrosionsanf\u00e4llig. Dadurch werden die \u00fcblichen Rostprobleme von Metallbefestigungselementen vermieden und die Lebensdauer erheblich verl\u00e4ngert.<\/p>\n<p>&nbsp;<\/p>\n<p><strong><b>Hervorragende Erm\u00fcdungsleistung<\/b><\/strong><\/p>\n<p>Es ist nicht anf\u00e4llig f\u00fcr Br\u00fcche unter lang anhaltenden Wechselbelastungen und verbessert so die Sicherheit des Ger\u00e4tebetriebs.<\/p>\n<p>&nbsp;<\/p>\n<p><strong><b>Niedriger W\u00e4rmeausdehnungskoeffizient<\/b><\/strong><\/p>\n<p>Es kann die Lockerung von Verbindungen, die durch thermische Ausdehnung und Kontraktion verursacht wird, verringern und die Stabilit\u00e4t der Verbindung gew\u00e4hrleisten.<\/p>\n<p>&nbsp;<\/p>\n<h2>Arten von Kohlefaser-Schrauben<\/h2>\n<h3>Entsprechend der Klassifizierung des Grundmaterials<\/h3>\n<p><strong><b>T<\/b><\/strong><strong><b>hermetisch abschlie\u00dfende Verbundschraube und -mutter<\/b><\/strong><\/p>\n<p>Sie werden aus Epoxidharz, Phenolharz usw. hergestellt, die nach dem Gie\u00dfen stabile Eigenschaften aufweisen. Sie eignen sich f\u00fcr statische Verbindungen mit hohen Anforderungen an die strukturelle Festigkeit, z. B. f\u00fcr die Befestigung der inneren Struktur von Raumfahrzeugen.<\/p>\n<p><strong><b>\u00a0<\/b><\/strong><\/p>\n<p><strong><b>T<\/b><\/strong><strong><b>Schraube und Mutter aus hermoplastischem Verbundwerkstoff<\/b><\/strong><\/p>\n<p>Sie werden aus Polyetheretherketon (PEEK) und anderen Materialien hergestellt. <a href=\"https:\/\/jinsuncarbon.com\/de\/ist-graphit-ein-verbundwerkstoff\/\">Materialien<\/a>die eine gewisse Z\u00e4higkeit, Wiederverwertbarkeit und eine h\u00f6here Schlagfestigkeit aufweisen. Sie eignen sich f\u00fcr dynamische Verbindungen mit leichten Vibrationen, z. B. f\u00fcr hochwertige Fahrwerkskomponenten.<\/p>\n<p>&nbsp;<\/p>\n<h2>Verwendung von Kohlefaser-Schrauben<\/h2>\n<p><strong><b>Im Bereich der Luft- und Raumfahrt<\/b><\/strong><\/p>\n<p>Sein geringes Gewicht wird f\u00fcr die Verbindung des Flugzeugrumpfes, der Au\u00dfenhaut und des Tragfl\u00e4chenrahmens genutzt. Und bei der Befestigung der Strukturkomponenten von Satelliten kann es den Treibstoffverbrauch oder die Startkosten senken. Und seine Korrosionsbest\u00e4ndigkeit kann den rauen Bedingungen in gro\u00dfen H\u00f6hen standhalten.<\/p>\n<p>&nbsp;<\/p>\n<p><strong><b>Im Bereich der Fahrzeuge mit neuer Energie<\/b><\/strong><\/p>\n<p>Sie k\u00f6nnen es f\u00fcr den Anschluss des Akkupackgeh\u00e4uses verwenden, das die Anforderungen an die Isolierung erf\u00fcllen kann. Es reduziert auch das Gewicht des <a href=\"https:\/\/www.continentalbattery.com\/\" target=\"_blank\" rel=\"noopener\">Batteriesystem<\/a> und verbessert die Reichweite des Fahrzeugs. Sie k\u00f6nnen es auch f\u00fcr die Leichtmontage von Motoren und elektronischen Steuerungssystemen verwenden.<\/p>\n<p>&nbsp;<\/p>\n<p><strong><b>Im Bereich der High-End-Ausr\u00fcstung<\/b><\/strong><\/p>\n<p>Aufgrund seiner Witterungsbest\u00e4ndigkeit kann es den komplexen Au\u00dfenklimabedingungen standhalten und Rostprobleme bei langfristiger Nutzung vermeiden. Sie k\u00f6nnen es als die interne Struktur Verbindung der Windkraftanlage Ausr\u00fcstung Kabinen verwenden. Gleichzeitig kann seine hohe Festigkeitseigenschaft den Vibrationsbelastungen w\u00e4hrend des Betriebs der Windkraftanlagen standhalten.<\/p>\n<p>&nbsp;<\/p>\n<p><strong><b>Im Bereich der Medizinprodukte<\/b><\/strong><\/p>\n<p>Sie k\u00f6nnen es f\u00fcr den Anschluss von Komponenten von Instrumenten wie MRT-Ger\u00e4ten verwenden, die empfindlich auf metallische St\u00f6rungen reagieren. Durch seine nichtmetallischen Eigenschaften wird das Magnetfeld des Ger\u00e4ts nicht beeintr\u00e4chtigt, was die Sicherheit der Anwendung gew\u00e4hrleistet.<\/p>","protected":false},"excerpt":{"rendered":"<p>Schrauben und Muttern aus Kohlefaserverbundwerkstoffen sind eine Art von Verbindungselementen, die durch die Kombination von Kohlefasern als Verst\u00e4rkungselemente mit Harzen und anderen Materialien als Matrix hergestellt werden. Sie haben die wichtigsten Vorteile wie geringes Gewicht, hohe Festigkeit und Korrosionsbest\u00e4ndigkeit. Sie k\u00f6nnen die Leistungsbeschr\u00e4nkungen herk\u00f6mmlicher Metallverbindungselemente \u00fcberwinden und sind daher wichtige Verbindungskomponenten in Bereichen wie der Luft- und Raumfahrt. Und sie erbringen au\u00dfergew\u00f6hnliche Leistungen in Szenarien, die hohe Leistungsanforderungen und Witterungsbest\u00e4ndigkeit erfordern.<\/p>","protected":false},"featured_media":8069,"template":"","meta":[],"product_brand":[],"product_cat":[38],"product_tag":[],"class_list":{"0":"post-8068","1":"product","2":"type-product","3":"status-publish","4":"has-post-thumbnail","6":"product_cat-graphite-products","8":"first","9":"instock","10":"shipping-taxable","11":"product-type-simple"},"yoast_head":"<!-- This site is optimized with the Yoast SEO Premium plugin v19.2.1 (Yoast SEO v25.3) - https:\/\/yoast.com\/wordpress\/plugins\/seo\/ -->\n<title>Carbon Fiber Bolts | Jinsun Carbon<\/title>\n<meta name=\"robots\" content=\"index, follow, max-snippet:-1, max-image-preview:large, max-video-preview:-1\" \/>\n<link rel=\"canonical\" href=\"https:\/\/jinsuncarbon.com\/de\/produkt\/kohlefaser-schrauben\/\" \/>\n<meta property=\"og:locale\" content=\"de_DE\" \/>\n<meta property=\"og:type\" content=\"article\" \/>\n<meta property=\"og:title\" content=\"Carbon Fiber Bolts\" \/>\n<meta property=\"og:description\" content=\"Carbon composite bolt and nut are a type of fastener combination made by combining carbon fibers as reinforcing elements with resins and other materials as the matrix. They have the\u00a0core advantages such as light weight, high strength, and corrosion resistance. They can overcome the performance limitations of traditional metal fasteners, so they are key connection components in fields\u00a0like aerospace.\u00a0And they perform exceptionally well in scenarios\u00a0which\u00a0has\u00a0high performance requirement\u00a0and weather resistance.\" \/>\n<meta property=\"og:url\" content=\"https:\/\/jinsuncarbon.com\/de\/produkt\/kohlefaser-schrauben\/\" \/>\n<meta property=\"og:site_name\" content=\"Jinsun Carbon\" \/>\n<meta property=\"article:publisher\" content=\"https:\/\/www.facebook.com\/Graphite-Electrode-109336238661595\" \/>\n<meta property=\"article:modified_time\" content=\"2025-09-13T08:58:55+00:00\" \/>\n<meta property=\"og:image\" content=\"https:\/\/jinsuncarbon.com\/wp-content\/uploads\/2025\/09\/Carbon-Composite-Bolt-and-Nut.jpg\" \/>\n\t<meta property=\"og:image:width\" content=\"1024\" \/>\n\t<meta property=\"og:image:height\" content=\"763\" \/>\n\t<meta property=\"og:image:type\" content=\"image\/jpeg\" \/>\n<meta name=\"twitter:card\" content=\"summary_large_image\" \/>\n<meta name=\"twitter:site\" content=\"@jinsuncarbon_\" \/>\n<meta name=\"twitter:label1\" content=\"Gesch\u00e4tzte Lesezeit\" \/>\n\t<meta name=\"twitter:data1\" content=\"3\u00a0Minuten\" \/>\n<script type=\"application\/ld+json\" class=\"yoast-schema-graph\">{\"@context\":\"https:\/\/schema.org\",\"@graph\":[{\"@type\":\"WebPage\",\"@id\":\"https:\/\/jinsuncarbon.com\/product\/carbon-fiber-bolts\/\",\"url\":\"https:\/\/jinsuncarbon.com\/product\/carbon-fiber-bolts\/\",\"name\":\"Carbon Fiber Bolts | Jinsun Carbon\",\"isPartOf\":{\"@id\":\"https:\/\/jinsuncarbon.com\/#website\"},\"primaryImageOfPage\":{\"@id\":\"https:\/\/jinsuncarbon.com\/product\/carbon-fiber-bolts\/#primaryimage\"},\"image\":{\"@id\":\"https:\/\/jinsuncarbon.com\/product\/carbon-fiber-bolts\/#primaryimage\"},\"thumbnailUrl\":\"https:\/\/jinsuncarbon.com\/wp-content\/uploads\/2025\/09\/Carbon-Composite-Bolt-and-Nut.jpg\",\"datePublished\":\"2025-09-13T08:58:54+00:00\",\"dateModified\":\"2025-09-13T08:58:55+00:00\",\"breadcrumb\":{\"@id\":\"https:\/\/jinsuncarbon.com\/product\/carbon-fiber-bolts\/#breadcrumb\"},\"inLanguage\":\"de\",\"potentialAction\":[{\"@type\":\"ReadAction\",\"target\":[\"https:\/\/jinsuncarbon.com\/product\/carbon-fiber-bolts\/\"]}]},{\"@type\":\"ImageObject\",\"inLanguage\":\"de\",\"@id\":\"https:\/\/jinsuncarbon.com\/product\/carbon-fiber-bolts\/#primaryimage\",\"url\":\"https:\/\/jinsuncarbon.com\/wp-content\/uploads\/2025\/09\/Carbon-Composite-Bolt-and-Nut.jpg\",\"contentUrl\":\"https:\/\/jinsuncarbon.com\/wp-content\/uploads\/2025\/09\/Carbon-Composite-Bolt-and-Nut.jpg\",\"width\":1024,\"height\":763,\"caption\":\"Carbon Fiber Bolts\"},{\"@type\":\"BreadcrumbList\",\"@id\":\"https:\/\/jinsuncarbon.com\/product\/carbon-fiber-bolts\/#breadcrumb\",\"itemListElement\":[{\"@type\":\"ListItem\",\"position\":1,\"name\":\"Home\",\"item\":\"https:\/\/jinsuncarbon.com\/\"},{\"@type\":\"ListItem\",\"position\":2,\"name\":\"Products\",\"item\":\"https:\/\/jinsuncarbon.com\/graphite-carbon\/\"},{\"@type\":\"ListItem\",\"position\":3,\"name\":\"Carbon Fiber Bolts\"}]},{\"@type\":\"WebSite\",\"@id\":\"https:\/\/jinsuncarbon.com\/#website\",\"url\":\"https:\/\/jinsuncarbon.com\/\",\"name\":\"Jinsun Carbon\",\"description\":\"We are the successful graphite electrode manufacturer in China\",\"publisher\":{\"@id\":\"https:\/\/jinsuncarbon.com\/#organization\"},\"potentialAction\":[{\"@type\":\"SearchAction\",\"target\":{\"@type\":\"EntryPoint\",\"urlTemplate\":\"https:\/\/jinsuncarbon.com\/?s={search_term_string}\"},\"query-input\":{\"@type\":\"PropertyValueSpecification\",\"valueRequired\":true,\"valueName\":\"search_term_string\"}}],\"inLanguage\":\"de\"},{\"@type\":\"Organization\",\"@id\":\"https:\/\/jinsuncarbon.com\/#organization\",\"name\":\"Jinsun Carbon\",\"alternateName\":\"Jinsun Carbon\",\"url\":\"https:\/\/jinsuncarbon.com\/\",\"logo\":{\"@type\":\"ImageObject\",\"inLanguage\":\"de\",\"@id\":\"https:\/\/jinsuncarbon.com\/#\/schema\/logo\/image\/\",\"url\":\"https:\/\/jinsuncarbon.com\/wp-content\/uploads\/2022\/12\/LOGO-1.png\",\"contentUrl\":\"https:\/\/jinsuncarbon.com\/wp-content\/uploads\/2022\/12\/LOGO-1.png\",\"width\":207,\"height\":80,\"caption\":\"Jinsun Carbon\"},\"image\":{\"@id\":\"https:\/\/jinsuncarbon.com\/#\/schema\/logo\/image\/\"},\"sameAs\":[\"https:\/\/www.facebook.com\/Graphite-Electrode-109336238661595\",\"https:\/\/x.com\/jinsuncarbon_\",\"https:\/\/www.linkedin.com\/in\/jinsungraphite\",\"https:\/\/www.youtube.com\/channel\/UCysDNyvyR5-3cCWEmpkVC0g\"]}]}<\/script>\n<!-- \/ Yoast SEO Premium plugin. -->","yoast_head_json":{"title":"Kohlefaser-Schrauben | Jinsun Carbon","robots":{"index":"index","follow":"follow","max-snippet":"max-snippet:-1","max-image-preview":"max-image-preview:large","max-video-preview":"max-video-preview:-1"},"canonical":"https:\/\/jinsuncarbon.com\/de\/produkt\/kohlefaser-schrauben\/","og_locale":"de_DE","og_type":"article","og_title":"Carbon Fiber Bolts","og_description":"Carbon composite bolt and nut are a type of fastener combination made by combining carbon fibers as reinforcing elements with resins and other materials as the matrix. They have the\u00a0core advantages such as light weight, high strength, and corrosion resistance. They can overcome the performance limitations of traditional metal fasteners, so they are key connection components in fields\u00a0like aerospace.\u00a0And they perform exceptionally well in scenarios\u00a0which\u00a0has\u00a0high performance requirement\u00a0and weather resistance.","og_url":"https:\/\/jinsuncarbon.com\/de\/produkt\/kohlefaser-schrauben\/","og_site_name":"Jinsun Carbon","article_publisher":"https:\/\/www.facebook.com\/Graphite-Electrode-109336238661595","article_modified_time":"2025-09-13T08:58:55+00:00","og_image":[{"width":1024,"height":763,"url":"https:\/\/jinsuncarbon.com\/wp-content\/uploads\/2025\/09\/Carbon-Composite-Bolt-and-Nut.jpg","type":"image\/jpeg"}],"twitter_card":"summary_large_image","twitter_site":"@jinsuncarbon_","twitter_misc":{"Gesch\u00e4tzte Lesezeit":"3\u00a0Minuten"},"schema":{"@context":"https:\/\/schema.org","@graph":[{"@type":"WebPage","@id":"https:\/\/jinsuncarbon.com\/product\/carbon-fiber-bolts\/","url":"https:\/\/jinsuncarbon.com\/product\/carbon-fiber-bolts\/","name":"Kohlefaser-Schrauben | Jinsun Carbon","isPartOf":{"@id":"https:\/\/jinsuncarbon.com\/#website"},"primaryImageOfPage":{"@id":"https:\/\/jinsuncarbon.com\/product\/carbon-fiber-bolts\/#primaryimage"},"image":{"@id":"https:\/\/jinsuncarbon.com\/product\/carbon-fiber-bolts\/#primaryimage"},"thumbnailUrl":"https:\/\/jinsuncarbon.com\/wp-content\/uploads\/2025\/09\/Carbon-Composite-Bolt-and-Nut.jpg","datePublished":"2025-09-13T08:58:54+00:00","dateModified":"2025-09-13T08:58:55+00:00","breadcrumb":{"@id":"https:\/\/jinsuncarbon.com\/product\/carbon-fiber-bolts\/#breadcrumb"},"inLanguage":"de","potentialAction":[{"@type":"ReadAction","target":["https:\/\/jinsuncarbon.com\/product\/carbon-fiber-bolts\/"]}]},{"@type":"ImageObject","inLanguage":"de","@id":"https:\/\/jinsuncarbon.com\/product\/carbon-fiber-bolts\/#primaryimage","url":"https:\/\/jinsuncarbon.com\/wp-content\/uploads\/2025\/09\/Carbon-Composite-Bolt-and-Nut.jpg","contentUrl":"https:\/\/jinsuncarbon.com\/wp-content\/uploads\/2025\/09\/Carbon-Composite-Bolt-and-Nut.jpg","width":1024,"height":763,"caption":"Carbon Fiber Bolts"},{"@type":"BreadcrumbList","@id":"https:\/\/jinsuncarbon.com\/product\/carbon-fiber-bolts\/#breadcrumb","itemListElement":[{"@type":"ListItem","position":1,"name":"Home","item":"https:\/\/jinsuncarbon.com\/"},{"@type":"ListItem","position":2,"name":"Products","item":"https:\/\/jinsuncarbon.com\/graphite-carbon\/"},{"@type":"ListItem","position":3,"name":"Carbon Fiber Bolts"}]},{"@type":"WebSite","@id":"https:\/\/jinsuncarbon.com\/#website","url":"https:\/\/jinsuncarbon.com\/","name":"Jinsun Kohlenstoff","description":"Wir sind der erfolgreiche Hersteller von Graphitelektroden in China","publisher":{"@id":"https:\/\/jinsuncarbon.com\/#organization"},"potentialAction":[{"@type":"SearchAction","target":{"@type":"EntryPoint","urlTemplate":"https:\/\/jinsuncarbon.com\/?s={search_term_string}"},"query-input":{"@type":"PropertyValueSpecification","valueRequired":true,"valueName":"search_term_string"}}],"inLanguage":"de"},{"@type":"Organization","@id":"https:\/\/jinsuncarbon.com\/#organization","name":"Jinsun Kohlenstoff","alternateName":"Jinsun Carbon","url":"https:\/\/jinsuncarbon.com\/","logo":{"@type":"ImageObject","inLanguage":"de","@id":"https:\/\/jinsuncarbon.com\/#\/schema\/logo\/image\/","url":"https:\/\/jinsuncarbon.com\/wp-content\/uploads\/2022\/12\/LOGO-1.png","contentUrl":"https:\/\/jinsuncarbon.com\/wp-content\/uploads\/2022\/12\/LOGO-1.png","width":207,"height":80,"caption":"Jinsun Carbon"},"image":{"@id":"https:\/\/jinsuncarbon.com\/#\/schema\/logo\/image\/"},"sameAs":["https:\/\/www.facebook.com\/Graphite-Electrode-109336238661595","https:\/\/x.com\/jinsuncarbon_","https:\/\/www.linkedin.com\/in\/jinsungraphite","https:\/\/www.youtube.com\/channel\/UCysDNyvyR5-3cCWEmpkVC0g"]}]}},"_links":{"self":[{"href":"https:\/\/jinsuncarbon.com\/de\/wp-json\/wp\/v2\/product\/8068","targetHints":{"allow":["GET"]}}],"collection":[{"href":"https:\/\/jinsuncarbon.com\/de\/wp-json\/wp\/v2\/product"}],"about":[{"href":"https:\/\/jinsuncarbon.com\/de\/wp-json\/wp\/v2\/types\/product"}],"wp:featuredmedia":[{"embeddable":true,"href":"https:\/\/jinsuncarbon.com\/de\/wp-json\/wp\/v2\/media\/8069"}],"wp:attachment":[{"href":"https:\/\/jinsuncarbon.com\/de\/wp-json\/wp\/v2\/media?parent=8068"}],"wp:term":[{"taxonomy":"product_brand","embeddable":true,"href":"https:\/\/jinsuncarbon.com\/de\/wp-json\/wp\/v2\/product_brand?post=8068"},{"taxonomy":"product_cat","embeddable":true,"href":"https:\/\/jinsuncarbon.com\/de\/wp-json\/wp\/v2\/product_cat?post=8068"},{"taxonomy":"product_tag","embeddable":true,"href":"https:\/\/jinsuncarbon.com\/de\/wp-json\/wp\/v2\/product_tag?post=8068"}],"curies":[{"name":"wp","href":"https:\/\/api.w.org\/{rel}","templated":true}]}}