{"id":8067,"date":"2025-09-20T02:43:17","date_gmt":"2025-09-20T02:43:17","guid":{"rendered":"https:\/\/jinsuncarbon.com\/?post_type=product&#038;p=8067"},"modified":"2025-09-20T02:43:18","modified_gmt":"2025-09-20T02:43:18","slug":"kohlenstofftiegel","status":"publish","type":"product","link":"https:\/\/jinsuncarbon.com\/de\/produkt\/kohlenstofftiegel\/","title":{"rendered":"Kohlenstofftiegel"},"content":{"rendered":"<p>Kohlenstofftiegel gibt es in verschiedenen Formen, z. B. zylindrisch, konisch und quadratisch, und ihre Vorteile sind ziemlich bemerkenswert.<\/p>\n<h2>Vorteile des Kohlenstofftiegels<\/h2>\n<p>Extrem hohe Hitzebest\u00e4ndigkeit<br \/>\nEs kann seine strukturelle Stabilit\u00e4t in einem extrem hohen Temperaturbereich von 1500\u00b0C bis 2200\u00b0C beibehalten, so dass es nicht leicht zu schmelzen oder zu brechen ist.<\/p>\n<p>Stabile chemische Eigenschaften<br \/>\nEs reagiert bei hohen Temperaturen nicht mit Metallschmelzen, so dass die Reinheit der erhitzten Stoffe gew\u00e4hrleistet ist.<\/p>\n<p>Gleichm\u00e4\u00dfige W\u00e4rmeleitf\u00e4higkeit<br \/>\nSie erm\u00f6glicht eine schnelle W\u00e4rme\u00fcbertragung und eine gleichm\u00e4\u00dfige Erw\u00e4rmung der inneren Materialien, was die Effizienz von Schmelzvorg\u00e4ngen oder Reaktionen verbessert.<\/p>\n<p>Hohe mechanische Festigkeit<br \/>\nEs ist in der Lage, das Gewicht der Schmelze sowie bestimmte St\u00f6\u00dfe und Vibrationen zu verkraften. Und es ist unwahrscheinlich, dass es bei der Handhabung und beim Gie\u00dfen besch\u00e4digt wird.<\/p>\n<p>Glatte Oberfl\u00e4che<br \/>\nEs haftet nicht so leicht an den Materialien, was die Reinigung nach dem Gebrauch erleichtert, und kann mehrfach wiederverwendet werden, was die Kosten f\u00fcr die Nutzung reduziert.<\/p>\n<p>Starke Anpassungsf\u00e4higkeit<br \/>\nEs kann mit verschiedenen Heizger\u00e4ten kombiniert werden, wie z. B. <a href=\"https:\/\/en.wikipedia.org\/wiki\/Induction_furnace\" target=\"_blank\" rel=\"noopener\">Induktions\u00f6fen<\/a> um die Nutzungsanforderungen verschiedener Szenarien zu erf\u00fcllen.<\/p>\n<h2>Verwendungen von Kohlenstofftiegeln<\/h2>\n<h3>Auf dem Gebiet der Metallurgie<\/h3>\n<p>Sie k\u00f6nnen ihn zum Schmelzen verschiedener Metalle und anderer Nichteisenmetalle sowie verschiedener Legierungen verwenden. Er kann sicherstellen, dass das Metall w\u00e4hrend des Schmelzvorgangs nicht mit dem Tiegel reagiert. Au\u00dferdem sorgt er f\u00fcr eine gleichm\u00e4\u00dfige Zusammensetzung der Metallschmelze und liefert so hochwertige Rohstoffe f\u00fcr die nachfolgenden Verarbeitungsschritte. Er eignet sich daher besonders f\u00fcr die Produktion von Sonderlegierungen und Edelmetallen in kleinem Ma\u00dfstab.<\/p>\n<h3>Im Labor und im Forschungsbereich<\/h3>\n<p>In der Materialsynthese<br \/>\nSie k\u00f6nnen es f\u00fcr die Hochtemperaturvorbereitung von keramischen Materialien, Nanomaterialien und Verbundwerkstoffen usw. verwenden.<\/p>\n<p>In der Probenverarbeitung<br \/>\nSie k\u00f6nnen es f\u00fcr die Verbrennung und Veraschung fester Proben verwenden, um organische Verunreinigungen zu entfernen, und anschlie\u00dfend eine Komponentenanalyse durchf\u00fchren.<\/p>\n<p>Bei chemischen Experimenten<br \/>\nEs kann als Reaktionsgef\u00e4\u00df dienen, in dem Hochtemperatur-Schmelzreaktionen wie Salzschmelzelektrolyse und Metalloxid-Reduktionsreaktionen durchgef\u00fchrt werden. Es bietet eine stabile Umgebung f\u00fcr Forscher, die neue Materialien erforschen und Reaktionsmechanismen untersuchen wollen.<\/p>\n<h3>In der Glas- und Keramikindustrie<\/h3>\n<p>Bei der Herstellung von optischem Glas<br \/>\nDie hohe Temperaturbest\u00e4ndigkeit und die geringen Verunreinigungen sorgen daf\u00fcr, dass die Glasschmelze frei von Blasen und Verunreinigungen ist. So kann es die Lichtdurchl\u00e4ssigkeit und die optische Leistung des optischen Glases verbessern.<\/p>\n<p>In der keramischen Industrie<br \/>\nSie k\u00f6nnen es zum Brennen spezieller keramischer Massen oder zum Schmelzen keramischer Glasuren verwenden. Er kann die Temperatur genau steuern, was die Qualit\u00e4t der Textur und des Aussehens der Keramikprodukte gew\u00e4hrleistet.<\/p>\n<h3>In der Elektronik- und Halbleiterindustrie<\/h3>\n<p><br class=\"yoast-text-mark\" \/>Bei der Herstellung von Halbleitermaterialien<br \/>\nSie k\u00f6nnen es f\u00fcr die Vorbehandlung von Halbleiter-Einkristallen vor dem Ziehen verwenden und die Verunreinigungen darin entfernen.<\/p>\n<p>Bei der Herstellung von elektronischen Bauteilen<br \/>\nSie k\u00f6nnen es f\u00fcr die W\u00e4rmebehandlung von elektronischen Keramikbauteilen wie Keramikkondensatoren und Induktoren verwenden. Oder Sie k\u00f6nnen verwenden <a href=\"https:\/\/jinsuncarbon.com\/de\/produkt\/graphit-tiegel\/\">Kohlenstofftiegel<\/a> zum Schmelzen und Reinigen von Metallelektrodenmaterialien wie Wolfram und Molybd\u00e4n. Es kann die Stabilit\u00e4t der Leistung von elektronischen Bauteilen gew\u00e4hrleisten und die Produktion dieser Bauteile unterst\u00fctzen.<\/p>","protected":false},"excerpt":{"rendered":"<p>Der Kohlenstofftiegel ist ein hochtemperaturbest\u00e4ndiger Beh\u00e4lter aus hochreinem Kohlenstoffmaterial, der auch als Hochtemperatur-Schmelztiegel bezeichnet wird. Mit seiner ausgezeichneten Hochtemperaturbest\u00e4ndigkeit, chemischen Stabilit\u00e4t und W\u00e4rmeleitf\u00e4higkeit leistet er in modernen Industriebereichen hervorragende Dienste. Er kann in der Metallurgie, der wissenschaftlichen Forschung und der Materialverarbeitung eingesetzt werden, da er ein robustes und langlebiges Utensil ist. Und es eignet sich hervorragend f\u00fcr anspruchsvolle Szenarien wie Hochtemperaturschmelzen und Erhitzungsreaktionen.<\/p>","protected":false},"featured_media":8070,"template":"","meta":[],"product_brand":[],"product_cat":[38],"product_tag":[],"class_list":{"0":"post-8067","1":"product","2":"type-product","3":"status-publish","4":"has-post-thumbnail","6":"product_cat-graphite-products","8":"first","9":"instock","10":"shipping-taxable","11":"product-type-simple"},"yoast_head":"<!-- This site is optimized with the Yoast SEO Premium plugin v19.2.1 (Yoast SEO v25.3) - https:\/\/yoast.com\/wordpress\/plugins\/seo\/ -->\n<title>Carbon Crucible Manufacturer in China | Jinsun Carbon<\/title>\n<meta name=\"robots\" content=\"index, follow, max-snippet:-1, max-image-preview:large, max-video-preview:-1\" \/>\n<link rel=\"canonical\" href=\"https:\/\/jinsuncarbon.com\/de\/produkt\/kohlenstofftiegel\/\" \/>\n<meta property=\"og:locale\" content=\"de_DE\" \/>\n<meta property=\"og:type\" content=\"article\" \/>\n<meta property=\"og:title\" content=\"Carbon Crucible\" \/>\n<meta property=\"og:description\" content=\"The carbon crucible is a high-temperature-resistant container made from high-purity carbon materials, which is also called a high-temperature molten crucible. With the excellent high-temperature resistance, chemical stability and thermal conductivity, it performs outstandingly in modern industrial fields. You can use it in metallurgy, scientific research and material processing, because it is a strong and durable utensil. And it is highly suitable for demanding scenarios such as high-temperature melting and heating reactions.\" \/>\n<meta property=\"og:url\" content=\"https:\/\/jinsuncarbon.com\/de\/produkt\/kohlenstofftiegel\/\" \/>\n<meta property=\"og:site_name\" content=\"Jinsun Carbon\" \/>\n<meta property=\"article:publisher\" content=\"https:\/\/www.facebook.com\/Graphite-Electrode-109336238661595\" \/>\n<meta property=\"article:modified_time\" content=\"2025-09-20T02:43:18+00:00\" \/>\n<meta property=\"og:image\" content=\"https:\/\/jinsuncarbon.com\/wp-content\/uploads\/2025\/09\/Carbon-Crucible.jpg\" \/>\n\t<meta property=\"og:image:width\" content=\"1024\" \/>\n\t<meta property=\"og:image:height\" content=\"763\" \/>\n\t<meta property=\"og:image:type\" content=\"image\/jpeg\" \/>\n<meta name=\"twitter:card\" content=\"summary_large_image\" \/>\n<meta name=\"twitter:site\" content=\"@jinsuncarbon_\" \/>\n<meta name=\"twitter:label1\" content=\"Gesch\u00e4tzte Lesezeit\" \/>\n\t<meta name=\"twitter:data1\" content=\"3\u00a0Minuten\" \/>\n<script type=\"application\/ld+json\" class=\"yoast-schema-graph\">{\"@context\":\"https:\/\/schema.org\",\"@graph\":[{\"@type\":\"WebPage\",\"@id\":\"https:\/\/jinsuncarbon.com\/product\/carbon-crucible\/\",\"url\":\"https:\/\/jinsuncarbon.com\/product\/carbon-crucible\/\",\"name\":\"Carbon Crucible Manufacturer in China | Jinsun Carbon\",\"isPartOf\":{\"@id\":\"https:\/\/jinsuncarbon.com\/#website\"},\"primaryImageOfPage\":{\"@id\":\"https:\/\/jinsuncarbon.com\/product\/carbon-crucible\/#primaryimage\"},\"image\":{\"@id\":\"https:\/\/jinsuncarbon.com\/product\/carbon-crucible\/#primaryimage\"},\"thumbnailUrl\":\"https:\/\/jinsuncarbon.com\/wp-content\/uploads\/2025\/09\/Carbon-Crucible.jpg\",\"datePublished\":\"2025-09-20T02:43:17+00:00\",\"dateModified\":\"2025-09-20T02:43:18+00:00\",\"breadcrumb\":{\"@id\":\"https:\/\/jinsuncarbon.com\/product\/carbon-crucible\/#breadcrumb\"},\"inLanguage\":\"de\",\"potentialAction\":[{\"@type\":\"ReadAction\",\"target\":[\"https:\/\/jinsuncarbon.com\/product\/carbon-crucible\/\"]}]},{\"@type\":\"ImageObject\",\"inLanguage\":\"de\",\"@id\":\"https:\/\/jinsuncarbon.com\/product\/carbon-crucible\/#primaryimage\",\"url\":\"https:\/\/jinsuncarbon.com\/wp-content\/uploads\/2025\/09\/Carbon-Crucible.jpg\",\"contentUrl\":\"https:\/\/jinsuncarbon.com\/wp-content\/uploads\/2025\/09\/Carbon-Crucible.jpg\",\"width\":1024,\"height\":763,\"caption\":\"Carbon Crucible\"},{\"@type\":\"BreadcrumbList\",\"@id\":\"https:\/\/jinsuncarbon.com\/product\/carbon-crucible\/#breadcrumb\",\"itemListElement\":[{\"@type\":\"ListItem\",\"position\":1,\"name\":\"Home\",\"item\":\"https:\/\/jinsuncarbon.com\/\"},{\"@type\":\"ListItem\",\"position\":2,\"name\":\"Products\",\"item\":\"https:\/\/jinsuncarbon.com\/graphite-carbon\/\"},{\"@type\":\"ListItem\",\"position\":3,\"name\":\"Carbon Crucible\"}]},{\"@type\":\"WebSite\",\"@id\":\"https:\/\/jinsuncarbon.com\/#website\",\"url\":\"https:\/\/jinsuncarbon.com\/\",\"name\":\"Jinsun Carbon\",\"description\":\"We are the successful graphite electrode manufacturer in China\",\"publisher\":{\"@id\":\"https:\/\/jinsuncarbon.com\/#organization\"},\"potentialAction\":[{\"@type\":\"SearchAction\",\"target\":{\"@type\":\"EntryPoint\",\"urlTemplate\":\"https:\/\/jinsuncarbon.com\/?s={search_term_string}\"},\"query-input\":{\"@type\":\"PropertyValueSpecification\",\"valueRequired\":true,\"valueName\":\"search_term_string\"}}],\"inLanguage\":\"de\"},{\"@type\":\"Organization\",\"@id\":\"https:\/\/jinsuncarbon.com\/#organization\",\"name\":\"Jinsun Carbon\",\"alternateName\":\"Jinsun Carbon\",\"url\":\"https:\/\/jinsuncarbon.com\/\",\"logo\":{\"@type\":\"ImageObject\",\"inLanguage\":\"de\",\"@id\":\"https:\/\/jinsuncarbon.com\/#\/schema\/logo\/image\/\",\"url\":\"https:\/\/jinsuncarbon.com\/wp-content\/uploads\/2022\/12\/LOGO-1.png\",\"contentUrl\":\"https:\/\/jinsuncarbon.com\/wp-content\/uploads\/2022\/12\/LOGO-1.png\",\"width\":207,\"height\":80,\"caption\":\"Jinsun Carbon\"},\"image\":{\"@id\":\"https:\/\/jinsuncarbon.com\/#\/schema\/logo\/image\/\"},\"sameAs\":[\"https:\/\/www.facebook.com\/Graphite-Electrode-109336238661595\",\"https:\/\/x.com\/jinsuncarbon_\",\"https:\/\/www.linkedin.com\/in\/jinsungraphite\",\"https:\/\/www.youtube.com\/channel\/UCysDNyvyR5-3cCWEmpkVC0g\"]}]}<\/script>\n<!-- \/ Yoast SEO Premium plugin. -->","yoast_head_json":{"title":"Kohlenstofftiegel Hersteller in China | Jinsun Kohlenstoff","robots":{"index":"index","follow":"follow","max-snippet":"max-snippet:-1","max-image-preview":"max-image-preview:large","max-video-preview":"max-video-preview:-1"},"canonical":"https:\/\/jinsuncarbon.com\/de\/produkt\/kohlenstofftiegel\/","og_locale":"de_DE","og_type":"article","og_title":"Carbon Crucible","og_description":"The carbon crucible is a high-temperature-resistant container made from high-purity carbon materials, which is also called a high-temperature molten crucible. With the excellent high-temperature resistance, chemical stability and thermal conductivity, it performs outstandingly in modern industrial fields. You can use it in metallurgy, scientific research and material processing, because it is a strong and durable utensil. And it is highly suitable for demanding scenarios such as high-temperature melting and heating reactions.","og_url":"https:\/\/jinsuncarbon.com\/de\/produkt\/kohlenstofftiegel\/","og_site_name":"Jinsun Carbon","article_publisher":"https:\/\/www.facebook.com\/Graphite-Electrode-109336238661595","article_modified_time":"2025-09-20T02:43:18+00:00","og_image":[{"width":1024,"height":763,"url":"https:\/\/jinsuncarbon.com\/wp-content\/uploads\/2025\/09\/Carbon-Crucible.jpg","type":"image\/jpeg"}],"twitter_card":"summary_large_image","twitter_site":"@jinsuncarbon_","twitter_misc":{"Gesch\u00e4tzte Lesezeit":"3\u00a0Minuten"},"schema":{"@context":"https:\/\/schema.org","@graph":[{"@type":"WebPage","@id":"https:\/\/jinsuncarbon.com\/product\/carbon-crucible\/","url":"https:\/\/jinsuncarbon.com\/product\/carbon-crucible\/","name":"Kohlenstofftiegel Hersteller in China | Jinsun Kohlenstoff","isPartOf":{"@id":"https:\/\/jinsuncarbon.com\/#website"},"primaryImageOfPage":{"@id":"https:\/\/jinsuncarbon.com\/product\/carbon-crucible\/#primaryimage"},"image":{"@id":"https:\/\/jinsuncarbon.com\/product\/carbon-crucible\/#primaryimage"},"thumbnailUrl":"https:\/\/jinsuncarbon.com\/wp-content\/uploads\/2025\/09\/Carbon-Crucible.jpg","datePublished":"2025-09-20T02:43:17+00:00","dateModified":"2025-09-20T02:43:18+00:00","breadcrumb":{"@id":"https:\/\/jinsuncarbon.com\/product\/carbon-crucible\/#breadcrumb"},"inLanguage":"de","potentialAction":[{"@type":"ReadAction","target":["https:\/\/jinsuncarbon.com\/product\/carbon-crucible\/"]}]},{"@type":"ImageObject","inLanguage":"de","@id":"https:\/\/jinsuncarbon.com\/product\/carbon-crucible\/#primaryimage","url":"https:\/\/jinsuncarbon.com\/wp-content\/uploads\/2025\/09\/Carbon-Crucible.jpg","contentUrl":"https:\/\/jinsuncarbon.com\/wp-content\/uploads\/2025\/09\/Carbon-Crucible.jpg","width":1024,"height":763,"caption":"Carbon Crucible"},{"@type":"BreadcrumbList","@id":"https:\/\/jinsuncarbon.com\/product\/carbon-crucible\/#breadcrumb","itemListElement":[{"@type":"ListItem","position":1,"name":"Home","item":"https:\/\/jinsuncarbon.com\/"},{"@type":"ListItem","position":2,"name":"Products","item":"https:\/\/jinsuncarbon.com\/graphite-carbon\/"},{"@type":"ListItem","position":3,"name":"Carbon Crucible"}]},{"@type":"WebSite","@id":"https:\/\/jinsuncarbon.com\/#website","url":"https:\/\/jinsuncarbon.com\/","name":"Jinsun Kohlenstoff","description":"Wir sind der erfolgreiche Hersteller von Graphitelektroden in China","publisher":{"@id":"https:\/\/jinsuncarbon.com\/#organization"},"potentialAction":[{"@type":"SearchAction","target":{"@type":"EntryPoint","urlTemplate":"https:\/\/jinsuncarbon.com\/?s={search_term_string}"},"query-input":{"@type":"PropertyValueSpecification","valueRequired":true,"valueName":"search_term_string"}}],"inLanguage":"de"},{"@type":"Organization","@id":"https:\/\/jinsuncarbon.com\/#organization","name":"Jinsun Kohlenstoff","alternateName":"Jinsun Carbon","url":"https:\/\/jinsuncarbon.com\/","logo":{"@type":"ImageObject","inLanguage":"de","@id":"https:\/\/jinsuncarbon.com\/#\/schema\/logo\/image\/","url":"https:\/\/jinsuncarbon.com\/wp-content\/uploads\/2022\/12\/LOGO-1.png","contentUrl":"https:\/\/jinsuncarbon.com\/wp-content\/uploads\/2022\/12\/LOGO-1.png","width":207,"height":80,"caption":"Jinsun Carbon"},"image":{"@id":"https:\/\/jinsuncarbon.com\/#\/schema\/logo\/image\/"},"sameAs":["https:\/\/www.facebook.com\/Graphite-Electrode-109336238661595","https:\/\/x.com\/jinsuncarbon_","https:\/\/www.linkedin.com\/in\/jinsungraphite","https:\/\/www.youtube.com\/channel\/UCysDNyvyR5-3cCWEmpkVC0g"]}]}},"_links":{"self":[{"href":"https:\/\/jinsuncarbon.com\/de\/wp-json\/wp\/v2\/product\/8067","targetHints":{"allow":["GET"]}}],"collection":[{"href":"https:\/\/jinsuncarbon.com\/de\/wp-json\/wp\/v2\/product"}],"about":[{"href":"https:\/\/jinsuncarbon.com\/de\/wp-json\/wp\/v2\/types\/product"}],"wp:featuredmedia":[{"embeddable":true,"href":"https:\/\/jinsuncarbon.com\/de\/wp-json\/wp\/v2\/media\/8070"}],"wp:attachment":[{"href":"https:\/\/jinsuncarbon.com\/de\/wp-json\/wp\/v2\/media?parent=8067"}],"wp:term":[{"taxonomy":"product_brand","embeddable":true,"href":"https:\/\/jinsuncarbon.com\/de\/wp-json\/wp\/v2\/product_brand?post=8067"},{"taxonomy":"product_cat","embeddable":true,"href":"https:\/\/jinsuncarbon.com\/de\/wp-json\/wp\/v2\/product_cat?post=8067"},{"taxonomy":"product_tag","embeddable":true,"href":"https:\/\/jinsuncarbon.com\/de\/wp-json\/wp\/v2\/product_tag?post=8067"}],"curies":[{"name":"wp","href":"https:\/\/api.w.org\/{rel}","templated":true}]}}