{"id":8065,"date":"2025-09-23T00:07:38","date_gmt":"2025-09-23T00:07:38","guid":{"rendered":"https:\/\/jinsuncarbon.com\/?post_type=product&#038;p=8065"},"modified":"2025-09-23T00:07:39","modified_gmt":"2025-09-23T00:07:39","slug":"kohlenstoff-sputtering-target","status":"publish","type":"product","link":"https:\/\/jinsuncarbon.com\/de\/produkt\/kohlenstoff-sputtering-target\/","title":{"rendered":"Kohlenstoff-Sputtering-Target"},"content":{"rendered":"<h2>Vorteile des Carbon Sputtering Targets<\/h2>\n<p>Zu den gebr\u00e4uchlichen Formen geh\u00f6ren kreisf\u00f6rmige, rechteckige oder kundenspezifische unregelm\u00e4\u00dfige Strukturen, und ihre Vorteile kommen besonders beim Beschichtungsprozess zum Tragen.<\/p>\n<p><strong><b>E<\/b><\/strong><strong><b>Ausgezeichnete chemische Stabilit\u00e4t<\/b><\/strong><\/p>\n<p>Unter den Bedingungen des Hochvakuums und des hochenergetischen Teilchenbeschusses ist es weniger wahrscheinlich, dass es mit anderen Elementen reagiert. Dadurch wird die Reinheit der Beschichtungszusammensetzung gew\u00e4hrleistet.<\/p>\n<p>&nbsp;<\/p>\n<p><strong><b>H<\/b><\/strong><strong><b>hochgradig kontrollierbare Sputtering-Rate<\/b><\/strong><\/p>\n<p>Die Dicke der Kohlenstoffschicht l\u00e4sst sich durch Anpassung der Prozessparameter genau steuern, um die unterschiedlichen Anforderungen an die Dicke zu erf\u00fcllen.<\/p>\n<p><strong><b>\u00a0<\/b><\/strong><\/p>\n<p><strong><b>W<\/b><\/strong><strong><b>ideelle Anpassungsf\u00e4higkeit<\/b><\/strong><\/p>\n<p>Sie k\u00f6nnen es mit verschiedenen Substraten kombinieren, wie z. B. <a href=\"https:\/\/en.wikipedia.org\/wiki\/Silicon\" target=\"_blank\" rel=\"noopener\">Silizium<\/a> und Metallen, um Kohlenstoffschichten zu bilden. Die Kohlenstoffschichten haben Eigenschaften wie hohe H\u00e4rte, niedriger Reibungskoeffizient oder ausgezeichnete Leitf\u00e4higkeit.<\/p>\n<p><strong><b>\u00a0<\/b><\/strong><\/p>\n<p><strong><b>Breites Spektrum an Reinheitskontrollm\u00f6glichkeiten<\/b><\/strong><\/p>\n<p>Sie k\u00f6nnen Zielmaterialien von hoher Reinheit (\u00fcber 99,99%) bis hin zu dotierten Typen je nach Bedarf herstellen und die Leistung der Kohlenstoffschicht flexibel anpassen.<\/p>\n<p>&nbsp;<\/p>\n<p><strong><b>Stabile Nutzungsdauer<\/b><\/strong><\/p>\n<p>Unter Standardeinsatzbedingungen ist der Zielmaterialverlust gleichm\u00e4\u00dfig, was die Konsistenz der Chargenbeschichtungsproduktion gew\u00e4hrleistet.<\/p>\n<p><strong><b>\u00a0<\/b><\/strong><\/p>\n<h2>Verwendungszwecke des Kohlenstoffsputtertargets<\/h2>\n<h3>Elektronischer Halbleiterbereich<\/h3>\n<p><strong><b>Beschichtung der Chip-Verbindungsschicht<\/b><\/strong><\/p>\n<p>Sie k\u00f6nnen Kohlenstoffschichten, die von hochreinen Kohlenstoff-Sputter-Targets gebildet werden, als Diffusionsbarrieren oder leitende Schichten verwenden. Die Verwendung f\u00fcr die metallischen Verbindungsschichten in Chips kann die Leitf\u00e4higkeit und Stabilit\u00e4t der Chips verbessern.<\/p>\n<p>&nbsp;<\/p>\n<p><strong><b>Vorbereitung der Sensorelektrode<\/b><\/strong><\/p>\n<p>Sie k\u00f6nnen es auf den Oberfl\u00e4chen von Gassensoren und Biosensoren verwenden, um hochempfindliche <a href=\"https:\/\/jinsuncarbon.com\/de\/produkt\/kohle-stabelektrode\/\">Elektroden<\/a>Dadurch wird die Erkennungsgenauigkeit der Sensoren gew\u00e4hrleistet.<\/p>\n<p>&nbsp;<\/p>\n<h3>Optisches Feld<\/h3>\n<p><strong><b>Anti-Reflexions-\/Anti-Refraktions-Beschichtungen f\u00fcr optische Linsen<\/b><\/strong><\/p>\n<p>Mit Hilfe von Kohlenstofffilmen, die durch Kohlenstoffsputtering-Ziele gebildet werden, kann die optische Reflektivit\u00e4t und Durchl\u00e4ssigkeit von Linsen angepasst werden. Es eignet sich f\u00fcr optische Komponenten wie Kameralinsen und Laserlinsen.<\/p>\n<p>&nbsp;<\/p>\n<p><strong><b>Infrarot-Fensterbeschichtung<\/b><\/strong><\/p>\n<p>Sie k\u00f6nnen es auf der Oberfl\u00e4che der Fenster von Infraroterkennungsger\u00e4ten verwenden. Es kann die Verschlei\u00dffestigkeit und die Leistung der Infrarot\u00fcbertragung der Fenster verbessern.<\/p>\n<p>&nbsp;<\/p>\n<h3>Bereich der mechanischen Fertigung<\/h3>\n<p><strong><b>Beschichtung von Pr\u00e4zisionswerkzeugen<\/b><\/strong><\/p>\n<p>Sie k\u00f6nnen DLC-Filme verwenden, die durch Sputtern mit diamant\u00e4hnlichen Kohlenstofftargets gebildet werden, um die Oberfl\u00e4chen von Werkzeugen aus Hartlegierungen zu beschichten. Sie k\u00f6nnen die H\u00e4rte und Verschlei\u00dffestigkeit der Werkzeuge erheblich verbessern und ihre Lebensdauer verl\u00e4ngern.<\/p>\n<p>&nbsp;<\/p>\n<p><strong><b>Verst\u00e4rkung der Formoberfl\u00e4che<\/b><\/strong><\/p>\n<p>Sie k\u00f6nnen Beschichtungen auf die Oberfl\u00e4chen von Stanz- und Spritzgussformen aufbringen, um den Verschlei\u00df zu verringern. Sie verringern den Reibungskoeffizienten zwischen den Formen und den Werkst\u00fccken und verbessern die Produktionseffizienz der Formen.<\/p>\n<p>&nbsp;<\/p>\n<h3>Neues Energiefeld<\/h3>\n<p><strong><b>Beschichtung von Bipolarplatten f\u00fcr Brennstoffzellen<\/b><\/strong><\/p>\n<p>Die Verwendung auf den Oberfl\u00e4chen von Bipolarplatten aus Metall kann die Korrosionsbest\u00e4ndigkeit und Leitf\u00e4higkeit der Bipolarplatten verbessern. Dadurch werden die Effizienz der Stromerzeugung und die Lebensdauer der Brennstoffzellen verbessert.<\/p>\n<p>&nbsp;<\/p>\n<p><strong><b>Modifizierung der Elektroden von Lithiumbatterien<\/b><\/strong><\/p>\n<p>Sie k\u00f6nnen es auch auf den Oberfl\u00e4chen der positiven oder negativen Elektrodenmaterialien von Lithiumbatterien verwenden. Es verbessert die elektronische Leitf\u00e4higkeit der Elektroden, wodurch die Lade- und Entladeeffizienz und die Lebensdauer der Batterien erh\u00f6ht werden.<\/p>","protected":false},"excerpt":{"rendered":"<p>Das Kohlenstoff-Sputter-Target ist ein funktionelles Targetmaterial, das aus hochreinen Kohlenstoffmaterialien wie Graphit, Diamantfilmen usw. besteht. Es ist die Kernkomponente des Sputtering-Beschichtungsprozesses in der physikalischen Gasphasenabscheidung und zeichnet sich durch hervorragende Leitf\u00e4higkeit, Stabilit\u00e4t und kontrollierbare Sputtering-Effizienz aus. Es kann gleichm\u00e4\u00dfige Kohlenstoffschichten auf der Oberfl\u00e4che von Substraten wie Chips, optischen Komponenten und beschichteten Schneidwerkzeugen bilden. Es ist f\u00fcr die pr\u00e4zisen Beschichtungsanforderungen in den Bereichen Elektronik, Optik und Mechanik weithin geeignet.<\/p>","protected":false},"featured_media":8073,"template":"","meta":[],"product_brand":[],"product_cat":[39],"product_tag":[],"class_list":{"0":"post-8065","1":"product","2":"type-product","3":"status-publish","4":"has-post-thumbnail","6":"product_cat-carbon-products","8":"first","9":"instock","10":"shipping-taxable","11":"product-type-simple"},"yoast_head":"<!-- This site is optimized with the Yoast SEO Premium plugin v19.2.1 (Yoast SEO v25.3) - https:\/\/yoast.com\/wordpress\/plugins\/seo\/ -->\n<title>Carbon Sputtering Target | Jinsun Carbon<\/title>\n<meta name=\"robots\" content=\"index, follow, max-snippet:-1, max-image-preview:large, max-video-preview:-1\" \/>\n<link rel=\"canonical\" href=\"https:\/\/jinsuncarbon.com\/de\/produkt\/kohlenstoff-sputtering-target\/\" \/>\n<meta property=\"og:locale\" content=\"de_DE\" \/>\n<meta property=\"og:type\" content=\"article\" \/>\n<meta property=\"og:title\" content=\"Carbon Sputtering Target\" \/>\n<meta property=\"og:description\" content=\"Carbon sputtering target is a functional target material made of high-purity carbon materials such as graphite, diamond films, etc. It is the core component of the sputtering coating process in physical vapor deposition technology, which has\u00a0excellent conductivity, stability and controllable sputtering efficiency. It can form uniform carbon films on the surfaces of substrates such as chips, optical components, and coated cutting tools. And it is widely applicable to the precise coating requirements in the fields of electronics, optics, and mechanics.\" \/>\n<meta property=\"og:url\" content=\"https:\/\/jinsuncarbon.com\/de\/produkt\/kohlenstoff-sputtering-target\/\" \/>\n<meta property=\"og:site_name\" content=\"Jinsun Carbon\" \/>\n<meta property=\"article:publisher\" content=\"https:\/\/www.facebook.com\/Graphite-Electrode-109336238661595\" \/>\n<meta property=\"article:modified_time\" content=\"2025-09-23T00:07:39+00:00\" \/>\n<meta property=\"og:image\" content=\"https:\/\/jinsuncarbon.com\/wp-content\/uploads\/2025\/09\/Carbon-Sputtering-Target.jpg\" \/>\n\t<meta property=\"og:image:width\" content=\"1024\" \/>\n\t<meta property=\"og:image:height\" content=\"763\" \/>\n\t<meta property=\"og:image:type\" content=\"image\/jpeg\" \/>\n<meta name=\"twitter:card\" content=\"summary_large_image\" \/>\n<meta name=\"twitter:site\" content=\"@jinsuncarbon_\" \/>\n<meta name=\"twitter:label1\" content=\"Gesch\u00e4tzte Lesezeit\" \/>\n\t<meta name=\"twitter:data1\" content=\"3\u00a0Minuten\" \/>\n<script type=\"application\/ld+json\" class=\"yoast-schema-graph\">{\"@context\":\"https:\/\/schema.org\",\"@graph\":[{\"@type\":\"WebPage\",\"@id\":\"https:\/\/jinsuncarbon.com\/product\/carbon-sputtering-target\/\",\"url\":\"https:\/\/jinsuncarbon.com\/product\/carbon-sputtering-target\/\",\"name\":\"Carbon Sputtering Target | Jinsun Carbon\",\"isPartOf\":{\"@id\":\"https:\/\/jinsuncarbon.com\/#website\"},\"primaryImageOfPage\":{\"@id\":\"https:\/\/jinsuncarbon.com\/product\/carbon-sputtering-target\/#primaryimage\"},\"image\":{\"@id\":\"https:\/\/jinsuncarbon.com\/product\/carbon-sputtering-target\/#primaryimage\"},\"thumbnailUrl\":\"https:\/\/jinsuncarbon.com\/wp-content\/uploads\/2025\/09\/Carbon-Sputtering-Target.jpg\",\"datePublished\":\"2025-09-23T00:07:38+00:00\",\"dateModified\":\"2025-09-23T00:07:39+00:00\",\"breadcrumb\":{\"@id\":\"https:\/\/jinsuncarbon.com\/product\/carbon-sputtering-target\/#breadcrumb\"},\"inLanguage\":\"de\",\"potentialAction\":[{\"@type\":\"ReadAction\",\"target\":[\"https:\/\/jinsuncarbon.com\/product\/carbon-sputtering-target\/\"]}]},{\"@type\":\"ImageObject\",\"inLanguage\":\"de\",\"@id\":\"https:\/\/jinsuncarbon.com\/product\/carbon-sputtering-target\/#primaryimage\",\"url\":\"https:\/\/jinsuncarbon.com\/wp-content\/uploads\/2025\/09\/Carbon-Sputtering-Target.jpg\",\"contentUrl\":\"https:\/\/jinsuncarbon.com\/wp-content\/uploads\/2025\/09\/Carbon-Sputtering-Target.jpg\",\"width\":1024,\"height\":763,\"caption\":\"Carbon Sputtering Target\"},{\"@type\":\"BreadcrumbList\",\"@id\":\"https:\/\/jinsuncarbon.com\/product\/carbon-sputtering-target\/#breadcrumb\",\"itemListElement\":[{\"@type\":\"ListItem\",\"position\":1,\"name\":\"Home\",\"item\":\"https:\/\/jinsuncarbon.com\/\"},{\"@type\":\"ListItem\",\"position\":2,\"name\":\"Products\",\"item\":\"https:\/\/jinsuncarbon.com\/graphite-carbon\/\"},{\"@type\":\"ListItem\",\"position\":3,\"name\":\"Carbon Sputtering Target\"}]},{\"@type\":\"WebSite\",\"@id\":\"https:\/\/jinsuncarbon.com\/#website\",\"url\":\"https:\/\/jinsuncarbon.com\/\",\"name\":\"Jinsun Carbon\",\"description\":\"We are the successful graphite electrode manufacturer in China\",\"publisher\":{\"@id\":\"https:\/\/jinsuncarbon.com\/#organization\"},\"potentialAction\":[{\"@type\":\"SearchAction\",\"target\":{\"@type\":\"EntryPoint\",\"urlTemplate\":\"https:\/\/jinsuncarbon.com\/?s={search_term_string}\"},\"query-input\":{\"@type\":\"PropertyValueSpecification\",\"valueRequired\":true,\"valueName\":\"search_term_string\"}}],\"inLanguage\":\"de\"},{\"@type\":\"Organization\",\"@id\":\"https:\/\/jinsuncarbon.com\/#organization\",\"name\":\"Jinsun Carbon\",\"alternateName\":\"Jinsun Carbon\",\"url\":\"https:\/\/jinsuncarbon.com\/\",\"logo\":{\"@type\":\"ImageObject\",\"inLanguage\":\"de\",\"@id\":\"https:\/\/jinsuncarbon.com\/#\/schema\/logo\/image\/\",\"url\":\"https:\/\/jinsuncarbon.com\/wp-content\/uploads\/2022\/12\/LOGO-1.png\",\"contentUrl\":\"https:\/\/jinsuncarbon.com\/wp-content\/uploads\/2022\/12\/LOGO-1.png\",\"width\":207,\"height\":80,\"caption\":\"Jinsun Carbon\"},\"image\":{\"@id\":\"https:\/\/jinsuncarbon.com\/#\/schema\/logo\/image\/\"},\"sameAs\":[\"https:\/\/www.facebook.com\/Graphite-Electrode-109336238661595\",\"https:\/\/x.com\/jinsuncarbon_\",\"https:\/\/www.linkedin.com\/in\/jinsungraphite\",\"https:\/\/www.youtube.com\/channel\/UCysDNyvyR5-3cCWEmpkVC0g\"]}]}<\/script>\n<!-- \/ Yoast SEO Premium plugin. -->","yoast_head_json":{"title":"Kohlenstoff Sputtering Target | Jinsun Carbon","robots":{"index":"index","follow":"follow","max-snippet":"max-snippet:-1","max-image-preview":"max-image-preview:large","max-video-preview":"max-video-preview:-1"},"canonical":"https:\/\/jinsuncarbon.com\/de\/produkt\/kohlenstoff-sputtering-target\/","og_locale":"de_DE","og_type":"article","og_title":"Carbon Sputtering Target","og_description":"Carbon sputtering target is a functional target material made of high-purity carbon materials such as graphite, diamond films, etc. It is the core component of the sputtering coating process in physical vapor deposition technology, which has\u00a0excellent conductivity, stability and controllable sputtering efficiency. It can form uniform carbon films on the surfaces of substrates such as chips, optical components, and coated cutting tools. And it is widely applicable to the precise coating requirements in the fields of electronics, optics, and mechanics.","og_url":"https:\/\/jinsuncarbon.com\/de\/produkt\/kohlenstoff-sputtering-target\/","og_site_name":"Jinsun Carbon","article_publisher":"https:\/\/www.facebook.com\/Graphite-Electrode-109336238661595","article_modified_time":"2025-09-23T00:07:39+00:00","og_image":[{"width":1024,"height":763,"url":"https:\/\/jinsuncarbon.com\/wp-content\/uploads\/2025\/09\/Carbon-Sputtering-Target.jpg","type":"image\/jpeg"}],"twitter_card":"summary_large_image","twitter_site":"@jinsuncarbon_","twitter_misc":{"Gesch\u00e4tzte Lesezeit":"3\u00a0Minuten"},"schema":{"@context":"https:\/\/schema.org","@graph":[{"@type":"WebPage","@id":"https:\/\/jinsuncarbon.com\/product\/carbon-sputtering-target\/","url":"https:\/\/jinsuncarbon.com\/product\/carbon-sputtering-target\/","name":"Kohlenstoff Sputtering Target | Jinsun Carbon","isPartOf":{"@id":"https:\/\/jinsuncarbon.com\/#website"},"primaryImageOfPage":{"@id":"https:\/\/jinsuncarbon.com\/product\/carbon-sputtering-target\/#primaryimage"},"image":{"@id":"https:\/\/jinsuncarbon.com\/product\/carbon-sputtering-target\/#primaryimage"},"thumbnailUrl":"https:\/\/jinsuncarbon.com\/wp-content\/uploads\/2025\/09\/Carbon-Sputtering-Target.jpg","datePublished":"2025-09-23T00:07:38+00:00","dateModified":"2025-09-23T00:07:39+00:00","breadcrumb":{"@id":"https:\/\/jinsuncarbon.com\/product\/carbon-sputtering-target\/#breadcrumb"},"inLanguage":"de","potentialAction":[{"@type":"ReadAction","target":["https:\/\/jinsuncarbon.com\/product\/carbon-sputtering-target\/"]}]},{"@type":"ImageObject","inLanguage":"de","@id":"https:\/\/jinsuncarbon.com\/product\/carbon-sputtering-target\/#primaryimage","url":"https:\/\/jinsuncarbon.com\/wp-content\/uploads\/2025\/09\/Carbon-Sputtering-Target.jpg","contentUrl":"https:\/\/jinsuncarbon.com\/wp-content\/uploads\/2025\/09\/Carbon-Sputtering-Target.jpg","width":1024,"height":763,"caption":"Carbon Sputtering Target"},{"@type":"BreadcrumbList","@id":"https:\/\/jinsuncarbon.com\/product\/carbon-sputtering-target\/#breadcrumb","itemListElement":[{"@type":"ListItem","position":1,"name":"Home","item":"https:\/\/jinsuncarbon.com\/"},{"@type":"ListItem","position":2,"name":"Products","item":"https:\/\/jinsuncarbon.com\/graphite-carbon\/"},{"@type":"ListItem","position":3,"name":"Carbon Sputtering Target"}]},{"@type":"WebSite","@id":"https:\/\/jinsuncarbon.com\/#website","url":"https:\/\/jinsuncarbon.com\/","name":"Jinsun Kohlenstoff","description":"Wir sind der erfolgreiche Hersteller von Graphitelektroden in China","publisher":{"@id":"https:\/\/jinsuncarbon.com\/#organization"},"potentialAction":[{"@type":"SearchAction","target":{"@type":"EntryPoint","urlTemplate":"https:\/\/jinsuncarbon.com\/?s={search_term_string}"},"query-input":{"@type":"PropertyValueSpecification","valueRequired":true,"valueName":"search_term_string"}}],"inLanguage":"de"},{"@type":"Organization","@id":"https:\/\/jinsuncarbon.com\/#organization","name":"Jinsun Kohlenstoff","alternateName":"Jinsun Carbon","url":"https:\/\/jinsuncarbon.com\/","logo":{"@type":"ImageObject","inLanguage":"de","@id":"https:\/\/jinsuncarbon.com\/#\/schema\/logo\/image\/","url":"https:\/\/jinsuncarbon.com\/wp-content\/uploads\/2022\/12\/LOGO-1.png","contentUrl":"https:\/\/jinsuncarbon.com\/wp-content\/uploads\/2022\/12\/LOGO-1.png","width":207,"height":80,"caption":"Jinsun Carbon"},"image":{"@id":"https:\/\/jinsuncarbon.com\/#\/schema\/logo\/image\/"},"sameAs":["https:\/\/www.facebook.com\/Graphite-Electrode-109336238661595","https:\/\/x.com\/jinsuncarbon_","https:\/\/www.linkedin.com\/in\/jinsungraphite","https:\/\/www.youtube.com\/channel\/UCysDNyvyR5-3cCWEmpkVC0g"]}]}},"_links":{"self":[{"href":"https:\/\/jinsuncarbon.com\/de\/wp-json\/wp\/v2\/product\/8065","targetHints":{"allow":["GET"]}}],"collection":[{"href":"https:\/\/jinsuncarbon.com\/de\/wp-json\/wp\/v2\/product"}],"about":[{"href":"https:\/\/jinsuncarbon.com\/de\/wp-json\/wp\/v2\/types\/product"}],"wp:featuredmedia":[{"embeddable":true,"href":"https:\/\/jinsuncarbon.com\/de\/wp-json\/wp\/v2\/media\/8073"}],"wp:attachment":[{"href":"https:\/\/jinsuncarbon.com\/de\/wp-json\/wp\/v2\/media?parent=8065"}],"wp:term":[{"taxonomy":"product_brand","embeddable":true,"href":"https:\/\/jinsuncarbon.com\/de\/wp-json\/wp\/v2\/product_brand?post=8065"},{"taxonomy":"product_cat","embeddable":true,"href":"https:\/\/jinsuncarbon.com\/de\/wp-json\/wp\/v2\/product_cat?post=8065"},{"taxonomy":"product_tag","embeddable":true,"href":"https:\/\/jinsuncarbon.com\/de\/wp-json\/wp\/v2\/product_tag?post=8065"}],"curies":[{"name":"wp","href":"https:\/\/api.w.org\/{rel}","templated":true}]}}