{"id":8064,"date":"2025-09-23T00:40:49","date_gmt":"2025-09-23T00:40:49","guid":{"rendered":"https:\/\/jinsuncarbon.com\/?post_type=product&#038;p=8064"},"modified":"2025-09-23T00:40:50","modified_gmt":"2025-09-23T00:40:50","slug":"tiegel-aus-kohlenstoff-verbundstoff","status":"publish","type":"product","link":"https:\/\/jinsuncarbon.com\/de\/produkt\/tiegel-aus-kohlenstoff-verbundstoff\/","title":{"rendered":"Tiegel aus Kohlenstoff-Verbundwerkstoff"},"content":{"rendered":"<h2>Vorteile von Tiegeln aus Kohlenstoffverbundwerkstoff<\/h2>\n<p>Die g\u00e4ngigen Formen sind zylindrisch, quadratisch und konisch, und ihre Vorteile sind sehr bedeutend.<\/p>\n<p><strong><b>E<\/b><\/strong><strong><b>extrem hohe thermische Stabilit\u00e4t<\/b><\/strong><\/p>\n<p>Er kann Temperaturen von 1500\u00b0C bis 2800\u00b0C \u00fcber einen langen Zeitraum standhalten und ist nicht anf\u00e4llig f\u00fcr Risse. Und seine Temperaturwechselbest\u00e4ndigkeit \u00fcbertrifft die von herk\u00f6mmlichen Graphittiegeln bei weitem.<\/p>\n<p>&nbsp;<\/p>\n<p><strong><b>E<\/b><\/strong><strong><b>Hervorragende mechanische Eigenschaften<\/b><\/strong><\/p>\n<p>Seine Dichte ist nur ein Drittel bis halb so hoch wie die von herk\u00f6mmlichen Metalltiegeln, aber es besitzt eine h\u00f6here Biegefestigkeit und Schlagfestigkeit.<\/p>\n<p>&nbsp;<\/p>\n<p><strong><b>O<\/b><\/strong><strong><b>Hervorragende chemische Best\u00e4ndigkeit<\/b><\/strong><\/p>\n<p>Mit Ausnahme starker oxidierender Gase gibt es keine chemischen Reaktionen mit geschmolzenen Metallen, geschmolzenen Salzen und den meisten Hochtemperaturmedien.<\/p>\n<p>&nbsp;<\/p>\n<p><strong><b>Uniform<\/b><\/strong><strong><b>\u00a0W\u00e4rmeleitf\u00e4higkeit<\/b><\/strong><\/p>\n<p>Sie erm\u00f6glicht eine gleichm\u00e4\u00dfigere Erw\u00e4rmung der Materialien im Inneren des <a href=\"https:\/\/jinsuncarbon.com\/de\/produkt\/groser-grafitti-tiegel\/\">Schmelztiegel<\/a>und reduziert so die lokale \u00dcberhitzung, die zu einer Verschlechterung des Materials f\u00fchrt.<\/p>\n<p>&nbsp;<\/p>\n<p><strong><b>Glatt<\/b><\/strong><strong><b>\u00a0Oberfl\u00e4che und<\/b><\/strong><strong><b>\u00a0Dichtes<\/b><\/strong><strong><b>\u00a0Struktur<\/b><\/strong><\/p>\n<p>Durch die geringe Materialanhaftung ist es bequem zu reinigen und kann den Materialverlust reduzieren.<\/p>\n<p><strong><b>\u00a0<\/b><\/strong><\/p>\n<p>Dar\u00fcber hinaus werden sie entsprechend Ihren spezifischen Anforderungen in Bezug auf Volumen, Durchmesser und Wandst\u00e4rke bearbeitet. Sie k\u00f6nnen auch Kohlenstoff-Verbundstofftiegel mit hoher Dichte, verst\u00e4rkte Kohlenstoff-Verbundstofftiegel, ultrad\u00fcnnwandige Kohlenstoff-Verbundstofftiegel oder andere kundenspezifische Typen von Kohlenstoff-Verbundstofftiegeln w\u00e4hlen.<\/p>\n<p><strong><b>\u00a0<\/b><\/strong><\/p>\n<h2>Verwendungszwecke von Tiegeln aus Kohlenstoffverbundwerkstoff<\/h2>\n<p><strong><b>Im Bereich der Halbleiter und der Photovoltaik<\/b><\/strong><strong><b>s<\/b><\/strong><\/p>\n<p>Aufgrund seiner chemischen Inertheit kann es f\u00fcr die Z\u00fcchtung von einkristallinem und polykristallinem Silizium verwendet werden. Es ist in der Lage, geschmolzene Siliziummaterialien bei Temperaturen von \u00fcber 2000\u00b0C stabil zu transportieren. Es verhindert, dass die Siliziummaterialien durch Verunreinigungen verunreinigt werden, und gew\u00e4hrleistet so die Reinheit und die elektrischen Eigenschaften der Siliziumwafer. Daher ist es ein wichtiges Verbrauchsmaterial f\u00fcr die Herstellung von Fotovoltaikzellen und Halbleiterchips.<\/p>\n<p>&nbsp;<\/p>\n<p><strong><b>Im Bereich der Hochtemperaturmetallurgie<\/b><\/strong><strong><b>s<\/b><\/strong><\/p>\n<p>Sie k\u00f6nnen ihn f\u00fcr das Vakuumschmelzen von Speziallegierungen wie Titanlegierungen und Hochtemperaturlegierungen verwenden. Denn er ist hochtemperatur- und korrosionsbest\u00e4ndig und verhindert, dass die Legierungselemente mit dem Tiegel reagieren. Seine gleichm\u00e4\u00dfige W\u00e4rmeleitf\u00e4higkeit gew\u00e4hrleistet eine einheitliche Zusammensetzung der Legierung und verbessert die mechanischen Eigenschaften des Legierungsmaterials.<\/p>\n<p>&nbsp;<\/p>\n<p><strong><b>Im Bereich der Hochleistungskeramik<\/b><\/strong><strong><b>s<\/b><\/strong><\/p>\n<p>Sie k\u00f6nnen es zum Sintern von Hochleistungskeramiken wie Siliziumnitrid und <a href=\"https:\/\/en.wikipedia.org\/wiki\/Silicon_carbide\" target=\"_blank\" rel=\"noopener\">Siliziumkarbid<\/a>. Es kann eine stabile Sinterumgebung f\u00fcr keramische K\u00f6rper unter reduzierenden Hochtemperaturatmosph\u00e4ren bieten, um die Oxidation der Keramik zu verhindern. Gleichzeitig kann es dem Druck w\u00e4hrend des Sinterprozesses standhalten und die Dichte und Ma\u00dfhaltigkeit der Keramikprodukte gew\u00e4hrleisten.<\/p>\n<p>&nbsp;<\/p>\n<p><strong><b>In den Bereichen Labor und Forschung<\/b><\/strong><\/p>\n<p>Mit seiner Eigenschaft, extremen Umgebungen zu widerstehen, dient er als Kernbeh\u00e4lter f\u00fcr Hochtemperaturexperimente. Sie k\u00f6nnen ihn f\u00fcr die Synthese neuer Materialien und f\u00fcr die Pr\u00fcfung der physikalischen und chemischen Eigenschaften bei hohen Temperaturen verwenden. Er kann die Prozessanforderungen verschiedener Spitzenforschungen erf\u00fcllen und hilft bei der Entwicklung und \u00dcberpr\u00fcfung neuer Hochtemperaturmaterialien.<\/p>","protected":false},"excerpt":{"rendered":"<p>Ein Tiegel aus Kohlenstoffverbundwerkstoff ist ein Hochtemperaturbeh\u00e4lter, der durch ein spezielles Verfahren hergestellt wird. Er kombiniert Kohlenstofffasern oder deren Gewebe als Verst\u00e4rkungsmaterial mit Materialien auf Kohlenstoffbasis als Matrix. Er unterscheidet sich von herk\u00f6mmlichen einfachen Graphittiegeln oder Keramiktiegeln, die ihre strukturelle Stabilit\u00e4t auch bei extrem hohen Temperaturen beibehalten k\u00f6nnen. Durch die Nutzung der Synergie zwischen Kohlenstofffasern und der kohlenstoffbasierten Matrix verf\u00fcgt er \u00fcber zentrale Eigenschaften wie hohe Festigkeit, Temperaturwechselbest\u00e4ndigkeit und Korrosionsbest\u00e4ndigkeit. Es ist eine Schl\u00fcsselkomponente der Ausr\u00fcstung in modernen High-End-Materialaufbereitungsbereichen f\u00fcr die Verarbeitung von Hochtemperaturschmelzen und Kristallwachstumsprozessen.<\/p>","protected":false},"featured_media":8076,"template":"","meta":[],"product_brand":[],"product_cat":[39],"product_tag":[],"class_list":{"0":"post-8064","1":"product","2":"type-product","3":"status-publish","4":"has-post-thumbnail","6":"product_cat-carbon-products","8":"first","9":"instock","10":"shipping-taxable","11":"product-type-simple"},"yoast_head":"<!-- This site is optimized with the Yoast SEO Premium plugin v19.2.1 (Yoast SEO v25.3) - https:\/\/yoast.com\/wordpress\/plugins\/seo\/ -->\n<title>Carbon Composite Crucible Manufacturer in China | Jinsun Carbon<\/title>\n<meta name=\"robots\" content=\"index, follow, max-snippet:-1, max-image-preview:large, max-video-preview:-1\" \/>\n<link rel=\"canonical\" href=\"https:\/\/jinsuncarbon.com\/de\/produkt\/tiegel-aus-kohlenstoff-verbundstoff\/\" \/>\n<meta property=\"og:locale\" content=\"de_DE\" \/>\n<meta property=\"og:type\" content=\"article\" \/>\n<meta property=\"og:title\" content=\"Carbon Composite Crucible\" \/>\n<meta property=\"og:description\" content=\"Carbon composite crucible is a high-temperature container formed through a special process. It\u00a0combines\u00a0carbon fibers or their fabrics as reinforcement materials with carbon-based materials as the matrix. It is different from traditional single graphite crucibles or ceramic crucibles, which can maintain structural stability in extremely high-temperature environments. By leveraging the synergy between carbon fibers and the carbon-based matrix, it possesses core characteristics such as high strength, resistance to thermal shock, and corrosion resistance. It is a key component of equipment in modern high-end material preparation fields for processing high-temperature melts and crystal growth processes.\" \/>\n<meta property=\"og:url\" content=\"https:\/\/jinsuncarbon.com\/de\/produkt\/tiegel-aus-kohlenstoff-verbundstoff\/\" \/>\n<meta property=\"og:site_name\" content=\"Jinsun Carbon\" \/>\n<meta property=\"article:publisher\" content=\"https:\/\/www.facebook.com\/Graphite-Electrode-109336238661595\" \/>\n<meta property=\"article:modified_time\" content=\"2025-09-23T00:40:50+00:00\" \/>\n<meta property=\"og:image\" content=\"https:\/\/jinsuncarbon.com\/wp-content\/uploads\/2025\/09\/Carbon-Composite-Crucible-1.jpg\" \/>\n\t<meta property=\"og:image:width\" content=\"1024\" \/>\n\t<meta property=\"og:image:height\" content=\"763\" \/>\n\t<meta property=\"og:image:type\" content=\"image\/jpeg\" \/>\n<meta name=\"twitter:card\" content=\"summary_large_image\" \/>\n<meta name=\"twitter:site\" content=\"@jinsuncarbon_\" \/>\n<meta name=\"twitter:label1\" content=\"Gesch\u00e4tzte Lesezeit\" \/>\n\t<meta name=\"twitter:data1\" content=\"3\u00a0Minuten\" \/>\n<script type=\"application\/ld+json\" class=\"yoast-schema-graph\">{\"@context\":\"https:\/\/schema.org\",\"@graph\":[{\"@type\":\"WebPage\",\"@id\":\"https:\/\/jinsuncarbon.com\/product\/carbon-composite-crucible\/\",\"url\":\"https:\/\/jinsuncarbon.com\/product\/carbon-composite-crucible\/\",\"name\":\"Carbon Composite Crucible Manufacturer in China | Jinsun Carbon\",\"isPartOf\":{\"@id\":\"https:\/\/jinsuncarbon.com\/#website\"},\"primaryImageOfPage\":{\"@id\":\"https:\/\/jinsuncarbon.com\/product\/carbon-composite-crucible\/#primaryimage\"},\"image\":{\"@id\":\"https:\/\/jinsuncarbon.com\/product\/carbon-composite-crucible\/#primaryimage\"},\"thumbnailUrl\":\"https:\/\/jinsuncarbon.com\/wp-content\/uploads\/2025\/09\/Carbon-Composite-Crucible-1.jpg\",\"datePublished\":\"2025-09-23T00:40:49+00:00\",\"dateModified\":\"2025-09-23T00:40:50+00:00\",\"breadcrumb\":{\"@id\":\"https:\/\/jinsuncarbon.com\/product\/carbon-composite-crucible\/#breadcrumb\"},\"inLanguage\":\"de\",\"potentialAction\":[{\"@type\":\"ReadAction\",\"target\":[\"https:\/\/jinsuncarbon.com\/product\/carbon-composite-crucible\/\"]}]},{\"@type\":\"ImageObject\",\"inLanguage\":\"de\",\"@id\":\"https:\/\/jinsuncarbon.com\/product\/carbon-composite-crucible\/#primaryimage\",\"url\":\"https:\/\/jinsuncarbon.com\/wp-content\/uploads\/2025\/09\/Carbon-Composite-Crucible-1.jpg\",\"contentUrl\":\"https:\/\/jinsuncarbon.com\/wp-content\/uploads\/2025\/09\/Carbon-Composite-Crucible-1.jpg\",\"width\":1024,\"height\":763,\"caption\":\"Carbon Composite Crucible\"},{\"@type\":\"BreadcrumbList\",\"@id\":\"https:\/\/jinsuncarbon.com\/product\/carbon-composite-crucible\/#breadcrumb\",\"itemListElement\":[{\"@type\":\"ListItem\",\"position\":1,\"name\":\"Home\",\"item\":\"https:\/\/jinsuncarbon.com\/\"},{\"@type\":\"ListItem\",\"position\":2,\"name\":\"Products\",\"item\":\"https:\/\/jinsuncarbon.com\/graphite-carbon\/\"},{\"@type\":\"ListItem\",\"position\":3,\"name\":\"Carbon Composite Crucible\"}]},{\"@type\":\"WebSite\",\"@id\":\"https:\/\/jinsuncarbon.com\/#website\",\"url\":\"https:\/\/jinsuncarbon.com\/\",\"name\":\"Jinsun Carbon\",\"description\":\"We are the successful graphite electrode manufacturer in China\",\"publisher\":{\"@id\":\"https:\/\/jinsuncarbon.com\/#organization\"},\"potentialAction\":[{\"@type\":\"SearchAction\",\"target\":{\"@type\":\"EntryPoint\",\"urlTemplate\":\"https:\/\/jinsuncarbon.com\/?s={search_term_string}\"},\"query-input\":{\"@type\":\"PropertyValueSpecification\",\"valueRequired\":true,\"valueName\":\"search_term_string\"}}],\"inLanguage\":\"de\"},{\"@type\":\"Organization\",\"@id\":\"https:\/\/jinsuncarbon.com\/#organization\",\"name\":\"Jinsun Carbon\",\"alternateName\":\"Jinsun Carbon\",\"url\":\"https:\/\/jinsuncarbon.com\/\",\"logo\":{\"@type\":\"ImageObject\",\"inLanguage\":\"de\",\"@id\":\"https:\/\/jinsuncarbon.com\/#\/schema\/logo\/image\/\",\"url\":\"https:\/\/jinsuncarbon.com\/wp-content\/uploads\/2022\/12\/LOGO-1.png\",\"contentUrl\":\"https:\/\/jinsuncarbon.com\/wp-content\/uploads\/2022\/12\/LOGO-1.png\",\"width\":207,\"height\":80,\"caption\":\"Jinsun Carbon\"},\"image\":{\"@id\":\"https:\/\/jinsuncarbon.com\/#\/schema\/logo\/image\/\"},\"sameAs\":[\"https:\/\/www.facebook.com\/Graphite-Electrode-109336238661595\",\"https:\/\/x.com\/jinsuncarbon_\",\"https:\/\/www.linkedin.com\/in\/jinsungraphite\",\"https:\/\/www.youtube.com\/channel\/UCysDNyvyR5-3cCWEmpkVC0g\"]}]}<\/script>\n<!-- \/ Yoast SEO Premium plugin. -->","yoast_head_json":{"title":"Kohlenstoff-Verbundstoff Tiegel Hersteller in China | Jinsun Carbon","robots":{"index":"index","follow":"follow","max-snippet":"max-snippet:-1","max-image-preview":"max-image-preview:large","max-video-preview":"max-video-preview:-1"},"canonical":"https:\/\/jinsuncarbon.com\/de\/produkt\/tiegel-aus-kohlenstoff-verbundstoff\/","og_locale":"de_DE","og_type":"article","og_title":"Carbon Composite Crucible","og_description":"Carbon composite crucible is a high-temperature container formed through a special process. It\u00a0combines\u00a0carbon fibers or their fabrics as reinforcement materials with carbon-based materials as the matrix. It is different from traditional single graphite crucibles or ceramic crucibles, which can maintain structural stability in extremely high-temperature environments. By leveraging the synergy between carbon fibers and the carbon-based matrix, it possesses core characteristics such as high strength, resistance to thermal shock, and corrosion resistance. It is a key component of equipment in modern high-end material preparation fields for processing high-temperature melts and crystal growth processes.","og_url":"https:\/\/jinsuncarbon.com\/de\/produkt\/tiegel-aus-kohlenstoff-verbundstoff\/","og_site_name":"Jinsun Carbon","article_publisher":"https:\/\/www.facebook.com\/Graphite-Electrode-109336238661595","article_modified_time":"2025-09-23T00:40:50+00:00","og_image":[{"width":1024,"height":763,"url":"https:\/\/jinsuncarbon.com\/wp-content\/uploads\/2025\/09\/Carbon-Composite-Crucible-1.jpg","type":"image\/jpeg"}],"twitter_card":"summary_large_image","twitter_site":"@jinsuncarbon_","twitter_misc":{"Gesch\u00e4tzte Lesezeit":"3\u00a0Minuten"},"schema":{"@context":"https:\/\/schema.org","@graph":[{"@type":"WebPage","@id":"https:\/\/jinsuncarbon.com\/product\/carbon-composite-crucible\/","url":"https:\/\/jinsuncarbon.com\/product\/carbon-composite-crucible\/","name":"Kohlenstoff-Verbundstoff Tiegel Hersteller in China | Jinsun Carbon","isPartOf":{"@id":"https:\/\/jinsuncarbon.com\/#website"},"primaryImageOfPage":{"@id":"https:\/\/jinsuncarbon.com\/product\/carbon-composite-crucible\/#primaryimage"},"image":{"@id":"https:\/\/jinsuncarbon.com\/product\/carbon-composite-crucible\/#primaryimage"},"thumbnailUrl":"https:\/\/jinsuncarbon.com\/wp-content\/uploads\/2025\/09\/Carbon-Composite-Crucible-1.jpg","datePublished":"2025-09-23T00:40:49+00:00","dateModified":"2025-09-23T00:40:50+00:00","breadcrumb":{"@id":"https:\/\/jinsuncarbon.com\/product\/carbon-composite-crucible\/#breadcrumb"},"inLanguage":"de","potentialAction":[{"@type":"ReadAction","target":["https:\/\/jinsuncarbon.com\/product\/carbon-composite-crucible\/"]}]},{"@type":"ImageObject","inLanguage":"de","@id":"https:\/\/jinsuncarbon.com\/product\/carbon-composite-crucible\/#primaryimage","url":"https:\/\/jinsuncarbon.com\/wp-content\/uploads\/2025\/09\/Carbon-Composite-Crucible-1.jpg","contentUrl":"https:\/\/jinsuncarbon.com\/wp-content\/uploads\/2025\/09\/Carbon-Composite-Crucible-1.jpg","width":1024,"height":763,"caption":"Carbon Composite Crucible"},{"@type":"BreadcrumbList","@id":"https:\/\/jinsuncarbon.com\/product\/carbon-composite-crucible\/#breadcrumb","itemListElement":[{"@type":"ListItem","position":1,"name":"Home","item":"https:\/\/jinsuncarbon.com\/"},{"@type":"ListItem","position":2,"name":"Products","item":"https:\/\/jinsuncarbon.com\/graphite-carbon\/"},{"@type":"ListItem","position":3,"name":"Carbon Composite Crucible"}]},{"@type":"WebSite","@id":"https:\/\/jinsuncarbon.com\/#website","url":"https:\/\/jinsuncarbon.com\/","name":"Jinsun Kohlenstoff","description":"Wir sind der erfolgreiche Hersteller von Graphitelektroden in China","publisher":{"@id":"https:\/\/jinsuncarbon.com\/#organization"},"potentialAction":[{"@type":"SearchAction","target":{"@type":"EntryPoint","urlTemplate":"https:\/\/jinsuncarbon.com\/?s={search_term_string}"},"query-input":{"@type":"PropertyValueSpecification","valueRequired":true,"valueName":"search_term_string"}}],"inLanguage":"de"},{"@type":"Organization","@id":"https:\/\/jinsuncarbon.com\/#organization","name":"Jinsun Kohlenstoff","alternateName":"Jinsun Carbon","url":"https:\/\/jinsuncarbon.com\/","logo":{"@type":"ImageObject","inLanguage":"de","@id":"https:\/\/jinsuncarbon.com\/#\/schema\/logo\/image\/","url":"https:\/\/jinsuncarbon.com\/wp-content\/uploads\/2022\/12\/LOGO-1.png","contentUrl":"https:\/\/jinsuncarbon.com\/wp-content\/uploads\/2022\/12\/LOGO-1.png","width":207,"height":80,"caption":"Jinsun Carbon"},"image":{"@id":"https:\/\/jinsuncarbon.com\/#\/schema\/logo\/image\/"},"sameAs":["https:\/\/www.facebook.com\/Graphite-Electrode-109336238661595","https:\/\/x.com\/jinsuncarbon_","https:\/\/www.linkedin.com\/in\/jinsungraphite","https:\/\/www.youtube.com\/channel\/UCysDNyvyR5-3cCWEmpkVC0g"]}]}},"_links":{"self":[{"href":"https:\/\/jinsuncarbon.com\/de\/wp-json\/wp\/v2\/product\/8064","targetHints":{"allow":["GET"]}}],"collection":[{"href":"https:\/\/jinsuncarbon.com\/de\/wp-json\/wp\/v2\/product"}],"about":[{"href":"https:\/\/jinsuncarbon.com\/de\/wp-json\/wp\/v2\/types\/product"}],"wp:featuredmedia":[{"embeddable":true,"href":"https:\/\/jinsuncarbon.com\/de\/wp-json\/wp\/v2\/media\/8076"}],"wp:attachment":[{"href":"https:\/\/jinsuncarbon.com\/de\/wp-json\/wp\/v2\/media?parent=8064"}],"wp:term":[{"taxonomy":"product_brand","embeddable":true,"href":"https:\/\/jinsuncarbon.com\/de\/wp-json\/wp\/v2\/product_brand?post=8064"},{"taxonomy":"product_cat","embeddable":true,"href":"https:\/\/jinsuncarbon.com\/de\/wp-json\/wp\/v2\/product_cat?post=8064"},{"taxonomy":"product_tag","embeddable":true,"href":"https:\/\/jinsuncarbon.com\/de\/wp-json\/wp\/v2\/product_tag?post=8064"}],"curies":[{"name":"wp","href":"https:\/\/api.w.org\/{rel}","templated":true}]}}