{"id":8063,"date":"2025-09-23T01:17:40","date_gmt":"2025-09-23T01:17:40","guid":{"rendered":"https:\/\/jinsuncarbon.com\/?post_type=product&#038;p=8063"},"modified":"2025-09-23T01:17:41","modified_gmt":"2025-09-23T01:17:41","slug":"kohlenstoff-nanorohre","status":"publish","type":"product","link":"https:\/\/jinsuncarbon.com\/de\/produkt\/kohlenstoff-nanorohre\/","title":{"rendered":"Kohlenstoff-Nanor\u00f6hre"},"content":{"rendered":"<h2>Vorteile von Kohlenstoff-Nanor\u00f6hren<\/h2>\n<p>Kohlenstoff-Nanor\u00f6hrchen gibt es in verschiedenen Formen, sie k\u00f6nnen zu Pulvern, Folien oder Verbundwerkstoffen verarbeitet werden, und ihre Vorteile sind \u00e4u\u00dferst bemerkenswert.<\/p>\n<p><strong><b>E<\/b><\/strong><strong><b>\u00c4u\u00dferst starke mechanische Eigenschaften<\/b><\/strong><\/p>\n<p>Seine Zugfestigkeit ist mehr als 100 Mal so hoch wie die von Stahl, und es wiegt nur 1\/6 von Stahl. Dies macht es zu einer idealen Wahl f\u00fcr leichte Konstruktionsmaterialien.<\/p>\n<p>&nbsp;<\/p>\n<p><strong><b>O<\/b><\/strong><strong><b>Hervorragende elektrische Leitf\u00e4higkeit<\/b><\/strong><\/p>\n<p>Es ist mit dem metallischen Kupfer vergleichbar, und einige Typen besitzen sogar Halbleitereigenschaften, die sich f\u00fcr verschiedene elektronische Ger\u00e4te eignen.<\/p>\n<p>&nbsp;<\/p>\n<p><strong><b>Hoch<\/b><\/strong><strong><b>\u00a0W\u00e4rmeleitf\u00e4higkeit<\/b><\/strong><\/p>\n<p>Sie \u00fcbertrifft bei weitem die von herk\u00f6mmlichen w\u00e4rmeleitenden Materialien, was eine schnelle W\u00e4rme\u00fcbertragung und gleichm\u00e4\u00dfige Verteilung erm\u00f6glicht.<\/p>\n<p>&nbsp;<\/p>\n<p><strong><b>E<\/b><\/strong><strong><b>Ausgezeichnete chemische Stabilit\u00e4t<\/b><\/strong><\/p>\n<p>Es bleibt in sauren und alkalischen Umgebungen und bei hohen Temperaturen stabil, und einige Typen k\u00f6nnen Temperaturen von \u00fcber 1000 \u00b0C standhalten.<\/p>\n<p>&nbsp;<\/p>\n<p><strong><b>U<\/b><\/strong><strong><b>nikale Hohlstruktur<\/b><\/strong><\/p>\n<p>Sie k\u00f6nnen damit Medikamente, Katalysatoren usw. laden, was eine extrem hohe Flexibilit\u00e4t bei funktionalen Anwendungen erm\u00f6glicht.<\/p>\n<p>&nbsp;<\/p>\n<h2>Arten von Kohlenstoff-Nanor\u00f6hren<\/h2>\n<p><strong><b>Entsprechend der Anzahl der Wandschichten<\/b><\/strong><\/p>\n<p><strong><b>S<\/b><\/strong><strong><b>einwandiges Kohlenstoff-Nanor\u00f6hrchen<\/b><\/strong><\/p>\n<p>Es besteht aus nur einer Schicht von Kohlenstoff-Atomr\u00f6hren und hat einen Durchmesser von 0,4 bis 2 Nanometern. Es hat rein elektronische Eigenschaften, die sich f\u00fcr hochpr\u00e4zise elektronische Ger\u00e4te, Nanosensoren und andere Szenarien eignen.<\/p>\n<p>&nbsp;<\/p>\n<p><strong><b>M<\/b><\/strong><strong><b>doppelwandige Kohlenstoff-Nanor\u00f6hre<\/b><\/strong><\/p>\n<p>Es wird durch die koaxiale Verschachtelung mehrerer Schichten von Kohlenstoff-Atomr\u00f6hren gebildet, deren Durchmesser im Allgemeinen zwischen 2 und 100 Nanometern liegt. Die Kosten sind relativ niedrig und die mechanische Festigkeit ist besser. Daher eignet es sich f\u00fcr industrielle Szenarien wie <a href=\"https:\/\/jinsuncarbon.com\/de\/ist-graphit-ein-verbundwerkstoff\/\">Verbundwerkstoff<\/a> Verst\u00e4rkung und leitf\u00e4hige Beschichtungen.<\/p>\n<p>&nbsp;<\/p>\n<h2>Verwendung von Kohlenstoff-Nanor\u00f6hren<\/h2>\n<p><strong><b>Im Bereich der Elektronik<\/b><\/strong><\/p>\n<p>Sie k\u00f6nnen es zur Herstellung von leitf\u00e4higen Elektroden f\u00fcr flexible Displays verwenden. Seine hohe Leitf\u00e4higkeit und Flexibilit\u00e4t sind gut geeignet, um die Anforderungen des Bildschirmbiegens zu erf\u00fcllen.<\/p>\n<p>&nbsp;<\/p>\n<p>Sie k\u00f6nnen damit auch leistungsstarke <a href=\"https:\/\/en.wikipedia.org\/wiki\/Transistor\" target=\"_blank\" rel=\"noopener\">Transistoren<\/a>Dadurch werden die Leistungsbeschr\u00e4nkungen herk\u00f6mmlicher siliziumbasierter Ger\u00e4te \u00fcberwunden und die Miniaturisierung von Chips erleichtert.<\/p>\n<p>&nbsp;<\/p>\n<p><strong><b>Im Energiefeld<\/b><\/strong><\/p>\n<p>Die Zugabe von Kohlenstoff-Nanor\u00f6hrchen zu Lithiumbatterien kann die Leitf\u00e4higkeit und strukturelle Stabilit\u00e4t der Elektroden verbessern. Es kann auch die Lebensdauer der Batterie verl\u00e4ngern und die Schnellladeleistung verbessern.<\/p>\n<p>&nbsp;<\/p>\n<p>Bei der Verwendung in Superkondensatoren kann die hohe spezifische Oberfl\u00e4che die Energiespeicherkapazit\u00e4t erh\u00f6hen und ein schnelles Laden und Entladen erm\u00f6glichen.<\/p>\n<p><strong><b>\u00a0<\/b><\/strong><\/p>\n<p><strong><b>Im Bereich der Biomedizin<\/b><\/strong><\/p>\n<p>Durch das Einbringen von Krebsmedikamenten in die hohle Struktur ist es m\u00f6glich, Tumorzellen gezielt zu bek\u00e4mpfen. Dadurch wird die Sch\u00e4digung des normalen Gewebes durch die Medikamente minimiert.<\/p>\n<p>&nbsp;<\/p>\n<p>Sie k\u00f6nnen auch zu Biosensoren verarbeitet werden, mit denen sich Spurenmarker im Blut schnell nachweisen lassen, was eine fr\u00fchzeitige Krankheitsdiagnose erleichtert.<\/p>\n<p>&nbsp;<\/p>\n<p><strong><b>Im Bereich der Verbundwerkstoffe<\/b><\/strong><\/p>\n<p>Sie k\u00f6nnen in Kunststoffe, Metalle oder Keramiken eingearbeitet werden, um leichte und hochfeste Komponenten f\u00fcr die Luft- und Raumfahrt sowie Strukturteile f\u00fcr die Automobilindustrie herzustellen. Die Verbundwerkstoffe, die in Flugzeugfl\u00fcgeln verwendet werden, reduzieren nicht nur das Gewicht, sondern verbessern auch die Sicherheitsleistung.<\/p>\n<p>&nbsp;<\/p>\n<p>Es kann auch zur Herstellung von kugelsicheren Materialien verwendet werden, die durch ihre hohe Festigkeit St\u00f6\u00dfen wirksam widerstehen k\u00f6nnen.<\/p>","protected":false},"excerpt":{"rendered":"<p>Kohlenstoff-Nanor\u00f6hrchen sind r\u00f6hrenf\u00f6rmige Nanomaterialien, die durch das Zusammenziehen von Kohlenstoffatomen zu einer hexagonalen Gitterstruktur entstehen. Ihr Durchmesser betr\u00e4gt in der Regel nur wenige Nanometer bis zu einigen zehn Nanometern, w\u00e4hrend ihre L\u00e4nge Mikrometer oder sogar Millimeter erreichen kann. Es besitzt eine mechanische Festigkeit, die die herk\u00f6mmlicher Materialien weit \u00fcbertrifft, eine ausgezeichnete elektrische und thermische Leitf\u00e4higkeit und eine einzigartige eindimensionale Hohlstruktur. Dadurch hat es ein gro\u00dfes Potenzial f\u00fcr die High-End-Industrie, neue Energien, Biomedizin und andere Bereiche und erf\u00fcllt die technischen Anforderungen verschiedener High-End-Szenarien.<\/p>","protected":false},"featured_media":8079,"template":"","meta":[],"product_brand":[],"product_cat":[39],"product_tag":[],"class_list":{"0":"post-8063","1":"product","2":"type-product","3":"status-publish","4":"has-post-thumbnail","6":"product_cat-carbon-products","8":"first","9":"instock","10":"shipping-taxable","11":"product-type-simple"},"yoast_head":"<!-- This site is optimized with the Yoast SEO Premium plugin v19.2.1 (Yoast SEO v25.3) - https:\/\/yoast.com\/wordpress\/plugins\/seo\/ -->\n<title>Carbon Nanotube Supplier in China | Jinsun Carbon<\/title>\n<meta name=\"robots\" content=\"index, follow, max-snippet:-1, max-image-preview:large, max-video-preview:-1\" \/>\n<link rel=\"canonical\" href=\"https:\/\/jinsuncarbon.com\/de\/produkt\/kohlenstoff-nanorohre\/\" \/>\n<meta property=\"og:locale\" content=\"de_DE\" \/>\n<meta property=\"og:type\" content=\"article\" \/>\n<meta property=\"og:title\" content=\"Carbon Nanotube\" \/>\n<meta property=\"og:description\" content=\"Carbon nanotube\u00a0is\u00a0a type of tubular nanomaterial formed by curling carbon atoms into a hexagonal grid structure. Its\u00a0diameters are usually only a few nanometers to several tens of nanometers, while its\u00a0lengths can reach micrometers or even millimeters. It has\u00a0mechanical strength far exceeding that of traditional materials, excellent electrical and thermal conductivity, and unique one-dimensional hollow structure. These make it\u00a0have shown great potential in high-end industries, new energy, biomedicine and other fields,\u00a0meeting\u00a0the technical requirements of various high-end scenarios.\" \/>\n<meta property=\"og:url\" content=\"https:\/\/jinsuncarbon.com\/de\/produkt\/kohlenstoff-nanorohre\/\" \/>\n<meta property=\"og:site_name\" content=\"Jinsun Carbon\" \/>\n<meta property=\"article:publisher\" content=\"https:\/\/www.facebook.com\/Graphite-Electrode-109336238661595\" \/>\n<meta property=\"article:modified_time\" content=\"2025-09-23T01:17:41+00:00\" \/>\n<meta property=\"og:image\" content=\"https:\/\/jinsuncarbon.com\/wp-content\/uploads\/2025\/09\/Carbon-Nanotube.jpg\" \/>\n\t<meta property=\"og:image:width\" content=\"1024\" \/>\n\t<meta property=\"og:image:height\" content=\"763\" \/>\n\t<meta property=\"og:image:type\" content=\"image\/jpeg\" \/>\n<meta name=\"twitter:card\" content=\"summary_large_image\" \/>\n<meta name=\"twitter:site\" content=\"@jinsuncarbon_\" \/>\n<meta name=\"twitter:label1\" content=\"Gesch\u00e4tzte Lesezeit\" \/>\n\t<meta name=\"twitter:data1\" content=\"3\u00a0Minuten\" \/>\n<script type=\"application\/ld+json\" class=\"yoast-schema-graph\">{\"@context\":\"https:\/\/schema.org\",\"@graph\":[{\"@type\":\"WebPage\",\"@id\":\"https:\/\/jinsuncarbon.com\/product\/carbon-nanotube\/\",\"url\":\"https:\/\/jinsuncarbon.com\/product\/carbon-nanotube\/\",\"name\":\"Carbon Nanotube Supplier in China | Jinsun Carbon\",\"isPartOf\":{\"@id\":\"https:\/\/jinsuncarbon.com\/#website\"},\"primaryImageOfPage\":{\"@id\":\"https:\/\/jinsuncarbon.com\/product\/carbon-nanotube\/#primaryimage\"},\"image\":{\"@id\":\"https:\/\/jinsuncarbon.com\/product\/carbon-nanotube\/#primaryimage\"},\"thumbnailUrl\":\"https:\/\/jinsuncarbon.com\/wp-content\/uploads\/2025\/09\/Carbon-Nanotube.jpg\",\"datePublished\":\"2025-09-23T01:17:40+00:00\",\"dateModified\":\"2025-09-23T01:17:41+00:00\",\"breadcrumb\":{\"@id\":\"https:\/\/jinsuncarbon.com\/product\/carbon-nanotube\/#breadcrumb\"},\"inLanguage\":\"de\",\"potentialAction\":[{\"@type\":\"ReadAction\",\"target\":[\"https:\/\/jinsuncarbon.com\/product\/carbon-nanotube\/\"]}]},{\"@type\":\"ImageObject\",\"inLanguage\":\"de\",\"@id\":\"https:\/\/jinsuncarbon.com\/product\/carbon-nanotube\/#primaryimage\",\"url\":\"https:\/\/jinsuncarbon.com\/wp-content\/uploads\/2025\/09\/Carbon-Nanotube.jpg\",\"contentUrl\":\"https:\/\/jinsuncarbon.com\/wp-content\/uploads\/2025\/09\/Carbon-Nanotube.jpg\",\"width\":1024,\"height\":763,\"caption\":\"Carbon Nanotube\"},{\"@type\":\"BreadcrumbList\",\"@id\":\"https:\/\/jinsuncarbon.com\/product\/carbon-nanotube\/#breadcrumb\",\"itemListElement\":[{\"@type\":\"ListItem\",\"position\":1,\"name\":\"Home\",\"item\":\"https:\/\/jinsuncarbon.com\/\"},{\"@type\":\"ListItem\",\"position\":2,\"name\":\"Products\",\"item\":\"https:\/\/jinsuncarbon.com\/graphite-carbon\/\"},{\"@type\":\"ListItem\",\"position\":3,\"name\":\"Carbon Nanotube\"}]},{\"@type\":\"WebSite\",\"@id\":\"https:\/\/jinsuncarbon.com\/#website\",\"url\":\"https:\/\/jinsuncarbon.com\/\",\"name\":\"Jinsun Carbon\",\"description\":\"We are the successful graphite electrode manufacturer in China\",\"publisher\":{\"@id\":\"https:\/\/jinsuncarbon.com\/#organization\"},\"potentialAction\":[{\"@type\":\"SearchAction\",\"target\":{\"@type\":\"EntryPoint\",\"urlTemplate\":\"https:\/\/jinsuncarbon.com\/?s={search_term_string}\"},\"query-input\":{\"@type\":\"PropertyValueSpecification\",\"valueRequired\":true,\"valueName\":\"search_term_string\"}}],\"inLanguage\":\"de\"},{\"@type\":\"Organization\",\"@id\":\"https:\/\/jinsuncarbon.com\/#organization\",\"name\":\"Jinsun Carbon\",\"alternateName\":\"Jinsun Carbon\",\"url\":\"https:\/\/jinsuncarbon.com\/\",\"logo\":{\"@type\":\"ImageObject\",\"inLanguage\":\"de\",\"@id\":\"https:\/\/jinsuncarbon.com\/#\/schema\/logo\/image\/\",\"url\":\"https:\/\/jinsuncarbon.com\/wp-content\/uploads\/2022\/12\/LOGO-1.png\",\"contentUrl\":\"https:\/\/jinsuncarbon.com\/wp-content\/uploads\/2022\/12\/LOGO-1.png\",\"width\":207,\"height\":80,\"caption\":\"Jinsun Carbon\"},\"image\":{\"@id\":\"https:\/\/jinsuncarbon.com\/#\/schema\/logo\/image\/\"},\"sameAs\":[\"https:\/\/www.facebook.com\/Graphite-Electrode-109336238661595\",\"https:\/\/x.com\/jinsuncarbon_\",\"https:\/\/www.linkedin.com\/in\/jinsungraphite\",\"https:\/\/www.youtube.com\/channel\/UCysDNyvyR5-3cCWEmpkVC0g\"]}]}<\/script>\n<!-- \/ Yoast SEO Premium plugin. -->","yoast_head_json":{"title":"Lieferant von Kohlenstoff-Nanor\u00f6hren in China | Jinsun Carbon","robots":{"index":"index","follow":"follow","max-snippet":"max-snippet:-1","max-image-preview":"max-image-preview:large","max-video-preview":"max-video-preview:-1"},"canonical":"https:\/\/jinsuncarbon.com\/de\/produkt\/kohlenstoff-nanorohre\/","og_locale":"de_DE","og_type":"article","og_title":"Carbon Nanotube","og_description":"Carbon nanotube\u00a0is\u00a0a type of tubular nanomaterial formed by curling carbon atoms into a hexagonal grid structure. Its\u00a0diameters are usually only a few nanometers to several tens of nanometers, while its\u00a0lengths can reach micrometers or even millimeters. It has\u00a0mechanical strength far exceeding that of traditional materials, excellent electrical and thermal conductivity, and unique one-dimensional hollow structure. These make it\u00a0have shown great potential in high-end industries, new energy, biomedicine and other fields,\u00a0meeting\u00a0the technical requirements of various high-end scenarios.","og_url":"https:\/\/jinsuncarbon.com\/de\/produkt\/kohlenstoff-nanorohre\/","og_site_name":"Jinsun Carbon","article_publisher":"https:\/\/www.facebook.com\/Graphite-Electrode-109336238661595","article_modified_time":"2025-09-23T01:17:41+00:00","og_image":[{"width":1024,"height":763,"url":"https:\/\/jinsuncarbon.com\/wp-content\/uploads\/2025\/09\/Carbon-Nanotube.jpg","type":"image\/jpeg"}],"twitter_card":"summary_large_image","twitter_site":"@jinsuncarbon_","twitter_misc":{"Gesch\u00e4tzte Lesezeit":"3\u00a0Minuten"},"schema":{"@context":"https:\/\/schema.org","@graph":[{"@type":"WebPage","@id":"https:\/\/jinsuncarbon.com\/product\/carbon-nanotube\/","url":"https:\/\/jinsuncarbon.com\/product\/carbon-nanotube\/","name":"Lieferant von Kohlenstoff-Nanor\u00f6hren in China | Jinsun Carbon","isPartOf":{"@id":"https:\/\/jinsuncarbon.com\/#website"},"primaryImageOfPage":{"@id":"https:\/\/jinsuncarbon.com\/product\/carbon-nanotube\/#primaryimage"},"image":{"@id":"https:\/\/jinsuncarbon.com\/product\/carbon-nanotube\/#primaryimage"},"thumbnailUrl":"https:\/\/jinsuncarbon.com\/wp-content\/uploads\/2025\/09\/Carbon-Nanotube.jpg","datePublished":"2025-09-23T01:17:40+00:00","dateModified":"2025-09-23T01:17:41+00:00","breadcrumb":{"@id":"https:\/\/jinsuncarbon.com\/product\/carbon-nanotube\/#breadcrumb"},"inLanguage":"de","potentialAction":[{"@type":"ReadAction","target":["https:\/\/jinsuncarbon.com\/product\/carbon-nanotube\/"]}]},{"@type":"ImageObject","inLanguage":"de","@id":"https:\/\/jinsuncarbon.com\/product\/carbon-nanotube\/#primaryimage","url":"https:\/\/jinsuncarbon.com\/wp-content\/uploads\/2025\/09\/Carbon-Nanotube.jpg","contentUrl":"https:\/\/jinsuncarbon.com\/wp-content\/uploads\/2025\/09\/Carbon-Nanotube.jpg","width":1024,"height":763,"caption":"Carbon Nanotube"},{"@type":"BreadcrumbList","@id":"https:\/\/jinsuncarbon.com\/product\/carbon-nanotube\/#breadcrumb","itemListElement":[{"@type":"ListItem","position":1,"name":"Home","item":"https:\/\/jinsuncarbon.com\/"},{"@type":"ListItem","position":2,"name":"Products","item":"https:\/\/jinsuncarbon.com\/graphite-carbon\/"},{"@type":"ListItem","position":3,"name":"Carbon Nanotube"}]},{"@type":"WebSite","@id":"https:\/\/jinsuncarbon.com\/#website","url":"https:\/\/jinsuncarbon.com\/","name":"Jinsun Kohlenstoff","description":"Wir sind der erfolgreiche Hersteller von Graphitelektroden in China","publisher":{"@id":"https:\/\/jinsuncarbon.com\/#organization"},"potentialAction":[{"@type":"SearchAction","target":{"@type":"EntryPoint","urlTemplate":"https:\/\/jinsuncarbon.com\/?s={search_term_string}"},"query-input":{"@type":"PropertyValueSpecification","valueRequired":true,"valueName":"search_term_string"}}],"inLanguage":"de"},{"@type":"Organization","@id":"https:\/\/jinsuncarbon.com\/#organization","name":"Jinsun Kohlenstoff","alternateName":"Jinsun Carbon","url":"https:\/\/jinsuncarbon.com\/","logo":{"@type":"ImageObject","inLanguage":"de","@id":"https:\/\/jinsuncarbon.com\/#\/schema\/logo\/image\/","url":"https:\/\/jinsuncarbon.com\/wp-content\/uploads\/2022\/12\/LOGO-1.png","contentUrl":"https:\/\/jinsuncarbon.com\/wp-content\/uploads\/2022\/12\/LOGO-1.png","width":207,"height":80,"caption":"Jinsun Carbon"},"image":{"@id":"https:\/\/jinsuncarbon.com\/#\/schema\/logo\/image\/"},"sameAs":["https:\/\/www.facebook.com\/Graphite-Electrode-109336238661595","https:\/\/x.com\/jinsuncarbon_","https:\/\/www.linkedin.com\/in\/jinsungraphite","https:\/\/www.youtube.com\/channel\/UCysDNyvyR5-3cCWEmpkVC0g"]}]}},"_links":{"self":[{"href":"https:\/\/jinsuncarbon.com\/de\/wp-json\/wp\/v2\/product\/8063","targetHints":{"allow":["GET"]}}],"collection":[{"href":"https:\/\/jinsuncarbon.com\/de\/wp-json\/wp\/v2\/product"}],"about":[{"href":"https:\/\/jinsuncarbon.com\/de\/wp-json\/wp\/v2\/types\/product"}],"wp:featuredmedia":[{"embeddable":true,"href":"https:\/\/jinsuncarbon.com\/de\/wp-json\/wp\/v2\/media\/8079"}],"wp:attachment":[{"href":"https:\/\/jinsuncarbon.com\/de\/wp-json\/wp\/v2\/media?parent=8063"}],"wp:term":[{"taxonomy":"product_brand","embeddable":true,"href":"https:\/\/jinsuncarbon.com\/de\/wp-json\/wp\/v2\/product_brand?post=8063"},{"taxonomy":"product_cat","embeddable":true,"href":"https:\/\/jinsuncarbon.com\/de\/wp-json\/wp\/v2\/product_cat?post=8063"},{"taxonomy":"product_tag","embeddable":true,"href":"https:\/\/jinsuncarbon.com\/de\/wp-json\/wp\/v2\/product_tag?post=8063"}],"curies":[{"name":"wp","href":"https:\/\/api.w.org\/{rel}","templated":true}]}}