{"id":8059,"date":"2025-09-09T02:29:18","date_gmt":"2025-09-09T02:29:18","guid":{"rendered":"https:\/\/jinsuncarbon.com\/?post_type=product&#038;p=8059"},"modified":"2026-02-28T00:47:48","modified_gmt":"2026-02-28T00:47:48","slug":"graphitblock-fur-das-giesen","status":"publish","type":"product","link":"https:\/\/jinsuncarbon.com\/de\/produkt\/graphitblock-fur-das-giesen\/","title":{"rendered":"Graphitblock zum Gie\u00dfen"},"content":{"rendered":"<h2>Vorteile des Graphitblocks f\u00fcr das Gie\u00dfen<\/h2>\n<p>Es gibt sie in verschiedenen Formen wie rechteckige, kubische und unregelm\u00e4\u00dfige Bl\u00f6cke, und sie haben bemerkenswerte Vorteile.<\/p>\n<p><strong><b>E<\/b><\/strong><strong><b>exzellente Hochtemperaturbest\u00e4ndigkeit<\/b><\/strong><\/p>\n<p>Es beh\u00e4lt seine strukturelle Stabilit\u00e4t in einer Hochtemperatur-Gussumgebung von 1200\u00b0C bis 1800\u00b0C bei. Es verformt sich nicht und rei\u00dft auch nicht durch den Aufprall von Metallfl\u00fcssigkeiten oder hohe Temperaturen.<\/p>\n<p>&nbsp;<\/p>\n<p><strong><b>L<\/b><\/strong><strong><b>ow W\u00e4rmeausdehnungskoeffizient<\/b><\/strong><\/p>\n<p>W\u00e4hrend der Hochtemperaturerw\u00e4rmung und -abk\u00fchlung kann sie die Formgenauigkeit des Gussteils sicherstellen und Gussverformungsfehler reduzieren.<\/p>\n<p>&nbsp;<\/p>\n<p><strong><b>Stabil <\/b><\/strong><strong><b>chemische Eigenschaften<\/b><\/strong><\/p>\n<p><a href=\"https:\/\/jinsuncarbon.com\/de\/produkt\/graphitblock\/\">Graphitbl\u00f6cke<\/a> bei hohen Temperaturen nicht zu chemischen Reaktionen mit Nichteisenmetallfl\u00fcssigkeiten neigen. Dadurch wird eine Verunreinigung des Gussst\u00fccks vermieden und die Reinheit des Gussst\u00fccks gew\u00e4hrleistet.<\/p>\n<p>&nbsp;<\/p>\n<p><strong><b>Glatt<\/b><\/strong><strong><b>\u00a0die Oberfl\u00e4che ist glatt und klebt nicht an der Metallfl\u00fcssigkeit<\/b><\/strong><\/p>\n<p>Dadurch werden Defekte wie Sandanhaftungen und Grate auf der Gussoberfl\u00e4che reduziert und die Oberfl\u00e4chenqualit\u00e4t des Gussst\u00fccks verbessert.<\/p>\n<p>&nbsp;<\/p>\n<p><strong><b>G<\/b><\/strong><strong><b>gute mechanische Verarbeitungsleistung<\/b><\/strong><\/p>\n<p>Sie k\u00f6nnen das Gussteil entsprechend seiner Form pr\u00e4zise zu einer unregelm\u00e4\u00dfigen Struktur verarbeiten, die sich an verschiedene Gussanforderungen anpasst.<\/p>\n<p>&nbsp;<\/p>\n<p><strong><b>L<\/b><\/strong><strong><b>ong Lebensdauer<\/b><\/strong><\/p>\n<p>Es ist verschlei\u00df- und sto\u00dffest, so dass es f\u00fcr mehrere Gussproduktionen wiederverwendet werden kann, was die Gusskosten senkt.<\/p>\n<p>&nbsp;<\/p>\n<h2>Verwendung von Graphitbl\u00f6cken beim Gie\u00dfen<\/h2>\n<h3>Bereich Nichteisenmetallguss<\/h3>\n<p><strong><b>T<\/b><\/strong><strong><b>Der Hohlraum von <a href=\"https:\/\/en.wikipedia.org\/wiki\/Die_casting\" target=\"_blank\" rel=\"noopener\">Druckgie\u00dfen<\/a> Schimmelpilze<\/b><\/strong><\/p>\n<p>Sie k\u00f6nnen es bei der Herstellung von Pr\u00e4zisionsbauteilen aus Aluminiumlegierungen wie Autor\u00e4dern und Laptopgeh\u00e4usen verwenden. Es kann den Entformungswiderstand verringern und sorgt f\u00fcr eine glatte Oberfl\u00e4che der Gussteile.<\/p>\n<p>&nbsp;<\/p>\n<p><strong><b>Der Kernkranz<\/b><\/strong><\/p>\n<p>Sie k\u00f6nnen Graphitbl\u00f6cke beim Gie\u00dfen von Ventilen und Rohrfittings aus Kupferlegierungen verwenden, um innere Durchgangsl\u00f6cher zu bilden. Sie vermeiden das Auftreten von Defekten wie Lunker und Porosit\u00e4t in den Gussst\u00fccken und verbessern die mechanischen Eigenschaften.<\/p>\n<p>&nbsp;<\/p>\n<h3>Speziallegierung Gussbereich<\/h3>\n<p><strong><b>I<\/b><\/strong><strong><b>n das Gie\u00dfen von Triebwerksschaufeln<\/b><\/strong><\/p>\n<p>Sie k\u00f6nnen Graphitbl\u00f6cke verwenden, um pr\u00e4zise Kerne mit ihrer hohen Temperaturbest\u00e4ndigkeit und ihren geringen Verunreinigungen herzustellen. Er unterst\u00fctzt die Bildung der Hochtemperaturlegierungsfl\u00fcssigkeit und gew\u00e4hrleistet die Genauigkeit der komplexen K\u00fchlkan\u00e4le im Inneren der Schaufeln.<\/p>\n<p>&nbsp;<\/p>\n<p><strong><b>Beim Gie\u00dfen von Spezialstahlkomponenten im Bereich der Kernkraft<\/b><\/strong><\/p>\n<p>Sie dienen als Hilfsbl\u00f6cke f\u00fcr die Formen, um die Abk\u00fchlungsgeschwindigkeit der Gussteile zu steuern und innere Spannungen zu verringern.<\/p>\n<p>&nbsp;<\/p>\n<h3>Bereich Pr\u00e4zisionsguss<\/h3>\n<p><strong><b>I<\/b><\/strong><strong><b>n Schmuckguss<\/b><\/strong><\/p>\n<p>Sie k\u00f6nnen Graphitbl\u00f6cke verarbeiten, um den Hohlraum von Schmuckformen zu formen, und Edelmetallfl\u00fcssigkeiten in sie gie\u00dfen. Die hochpr\u00e4zise Verarbeitung gew\u00e4hrleistet, dass die Schmuckst\u00fccke klare Muster und pr\u00e4zise Abmessungen aufweisen.<\/p>\n<p>&nbsp;<\/p>\n<p><strong><b>Beim Gie\u00dfen von Teilen f\u00fcr medizinische Ger\u00e4te (z. B. k\u00fcnstliche Gelenkkomponenten)<\/b><\/strong><\/p>\n<p>Sie k\u00f6nnen es als Kernbl\u00f6cke verwenden, um die komplexe innere Struktur der Teile zu bilden. Seine chemische Stabilit\u00e4t gew\u00e4hrleistet, dass es biokompatible Legierungen nicht verunreinigt.<\/p>\n<p>&nbsp;<\/p>\n<h3>Allgemeiner mechanischer Gussbereich<\/h3>\n<h5>Beim Gie\u00dfen von allgemeinen mechanischen Teilen<\/h5>\n<p><strong><b>I<\/b><\/strong><strong><b>n das Gie\u00dfen von Teilen aus Gusseisen oder Stahlguss<\/b><\/strong><\/p>\n<p>Sie k\u00f6nnen sie als Hilfspositionierungsbl\u00f6cke verwenden, um mit der Form zusammenzuarbeiten und den Exzentrizit\u00e4tsfehler der Gussteile zu reduzieren.<\/p>\n<p>&nbsp;<\/p>\n<p><strong><b>I<\/b><\/strong><strong><b>n das Gie\u00dfen von Teilen f\u00fcr landwirtschaftliche Maschinen (z. B. Zahnr\u00e4der und Lagergeh\u00e4use)<\/b><\/strong><\/p>\n<p>Sie k\u00f6nnen damit einfache Kernbl\u00f6cke herstellen und die Produktionsschwierigkeiten komplexer Gussteile verringern.<\/p>","protected":false},"excerpt":{"rendered":"<p>Graphitbl\u00f6cke f\u00fcr den Guss sind eine Art von blockf\u00f6rmigen Produkten aus hochreinem Graphitmaterial. Es verf\u00fcgt \u00fcber eine ausgezeichnete Hochtemperaturbest\u00e4ndigkeit, einen niedrigen W\u00e4rmeausdehnungskoeffizienten, chemische Stabilit\u00e4t und eine Antihafteigenschaft f\u00fcr Metall. Daher eignen sich Graphitbl\u00f6cke besonders gut f\u00fcr moderne Industriezweige wie den Nichteisenmetall- und Legierungsguss. Mit ihrer hohen Festigkeit und guten Formgenauigkeit eignen sie sich hervorragend f\u00fcr dynamische Anforderungen in Gie\u00dfereiszenarien, wie z. B. die Formung von Gussteilen und die Unterst\u00fctzung von Kernen.<\/p>","protected":false},"featured_media":8060,"template":"","meta":[],"product_brand":[],"product_cat":[38],"product_tag":[],"class_list":{"0":"post-8059","1":"product","2":"type-product","3":"status-publish","4":"has-post-thumbnail","6":"product_cat-graphite-products","8":"first","9":"instock","10":"shipping-taxable","11":"product-type-simple"},"yoast_head":"<!-- This site is optimized with the Yoast SEO Premium plugin v19.2.1 (Yoast SEO v25.3) - https:\/\/yoast.com\/wordpress\/plugins\/seo\/ -->\n<title>Graphite Block For Casting | Jinsun Carbon<\/title>\n<meta name=\"robots\" content=\"index, follow, max-snippet:-1, max-image-preview:large, max-video-preview:-1\" \/>\n<link rel=\"canonical\" href=\"https:\/\/jinsuncarbon.com\/de\/produkt\/graphitblock-fur-das-giesen\/\" \/>\n<meta property=\"og:locale\" content=\"de_DE\" \/>\n<meta property=\"og:type\" content=\"article\" \/>\n<meta property=\"og:title\" content=\"Graphite Block For Casting\" \/>\n<meta property=\"og:description\" content=\"Graphite block for casting is a kind of block-shaped products made from high-purity graphite materials. It has excellent high-temperature resistance, low thermal expansion coefficient, chemical stability, and non-stick metal property. So graphite blocks perform exceptionally well in modern industrial fields such as non-ferrous metals and alloy casting. With high strength and good forming accuracy, it is highly suitable for dynamic requirements in casting scenarios such as casting part formation and core support.\" \/>\n<meta property=\"og:url\" content=\"https:\/\/jinsuncarbon.com\/de\/produkt\/graphitblock-fur-das-giesen\/\" \/>\n<meta property=\"og:site_name\" content=\"Jinsun Carbon\" \/>\n<meta property=\"article:publisher\" content=\"https:\/\/www.facebook.com\/Graphite-Electrode-109336238661595\" \/>\n<meta property=\"article:modified_time\" content=\"2026-02-28T00:47:48+00:00\" \/>\n<meta property=\"og:image\" content=\"https:\/\/jinsuncarbon.com\/wp-content\/uploads\/2025\/09\/Graphite-block-for-casting.jpg\" \/>\n\t<meta property=\"og:image:width\" content=\"1024\" \/>\n\t<meta property=\"og:image:height\" content=\"763\" \/>\n\t<meta property=\"og:image:type\" content=\"image\/jpeg\" \/>\n<meta name=\"twitter:card\" content=\"summary_large_image\" \/>\n<meta name=\"twitter:site\" content=\"@jinsuncarbon_\" \/>\n<meta name=\"twitter:label1\" content=\"Gesch\u00e4tzte Lesezeit\" \/>\n\t<meta name=\"twitter:data1\" content=\"3\u00a0Minuten\" \/>\n<script type=\"application\/ld+json\" class=\"yoast-schema-graph\">{\"@context\":\"https:\/\/schema.org\",\"@graph\":[{\"@type\":\"WebPage\",\"@id\":\"https:\/\/jinsuncarbon.com\/product\/graphite-block-for-casting\/\",\"url\":\"https:\/\/jinsuncarbon.com\/product\/graphite-block-for-casting\/\",\"name\":\"Graphite Block For Casting | Jinsun Carbon\",\"isPartOf\":{\"@id\":\"https:\/\/jinsuncarbon.com\/#website\"},\"primaryImageOfPage\":{\"@id\":\"https:\/\/jinsuncarbon.com\/product\/graphite-block-for-casting\/#primaryimage\"},\"image\":{\"@id\":\"https:\/\/jinsuncarbon.com\/product\/graphite-block-for-casting\/#primaryimage\"},\"thumbnailUrl\":\"https:\/\/jinsuncarbon.com\/wp-content\/uploads\/2025\/09\/Graphite-block-for-casting.jpg\",\"datePublished\":\"2025-09-09T02:29:18+00:00\",\"dateModified\":\"2026-02-28T00:47:48+00:00\",\"breadcrumb\":{\"@id\":\"https:\/\/jinsuncarbon.com\/product\/graphite-block-for-casting\/#breadcrumb\"},\"inLanguage\":\"de\",\"potentialAction\":[{\"@type\":\"ReadAction\",\"target\":[\"https:\/\/jinsuncarbon.com\/product\/graphite-block-for-casting\/\"]}]},{\"@type\":\"ImageObject\",\"inLanguage\":\"de\",\"@id\":\"https:\/\/jinsuncarbon.com\/product\/graphite-block-for-casting\/#primaryimage\",\"url\":\"https:\/\/jinsuncarbon.com\/wp-content\/uploads\/2025\/09\/Graphite-block-for-casting.jpg\",\"contentUrl\":\"https:\/\/jinsuncarbon.com\/wp-content\/uploads\/2025\/09\/Graphite-block-for-casting.jpg\",\"width\":1024,\"height\":763,\"caption\":\"Graphite block for casting\"},{\"@type\":\"BreadcrumbList\",\"@id\":\"https:\/\/jinsuncarbon.com\/product\/graphite-block-for-casting\/#breadcrumb\",\"itemListElement\":[{\"@type\":\"ListItem\",\"position\":1,\"name\":\"Home\",\"item\":\"https:\/\/jinsuncarbon.com\/\"},{\"@type\":\"ListItem\",\"position\":2,\"name\":\"Products\",\"item\":\"https:\/\/jinsuncarbon.com\/graphite-carbon\/\"},{\"@type\":\"ListItem\",\"position\":3,\"name\":\"Graphite Block For Casting\"}]},{\"@type\":\"WebSite\",\"@id\":\"https:\/\/jinsuncarbon.com\/#website\",\"url\":\"https:\/\/jinsuncarbon.com\/\",\"name\":\"Jinsun Carbon\",\"description\":\"We are the successful graphite electrode manufacturer in China\",\"publisher\":{\"@id\":\"https:\/\/jinsuncarbon.com\/#organization\"},\"potentialAction\":[{\"@type\":\"SearchAction\",\"target\":{\"@type\":\"EntryPoint\",\"urlTemplate\":\"https:\/\/jinsuncarbon.com\/?s={search_term_string}\"},\"query-input\":{\"@type\":\"PropertyValueSpecification\",\"valueRequired\":true,\"valueName\":\"search_term_string\"}}],\"inLanguage\":\"de\"},{\"@type\":\"Organization\",\"@id\":\"https:\/\/jinsuncarbon.com\/#organization\",\"name\":\"Jinsun Carbon\",\"alternateName\":\"Jinsun Carbon\",\"url\":\"https:\/\/jinsuncarbon.com\/\",\"logo\":{\"@type\":\"ImageObject\",\"inLanguage\":\"de\",\"@id\":\"https:\/\/jinsuncarbon.com\/#\/schema\/logo\/image\/\",\"url\":\"https:\/\/jinsuncarbon.com\/wp-content\/uploads\/2022\/12\/LOGO-1.png\",\"contentUrl\":\"https:\/\/jinsuncarbon.com\/wp-content\/uploads\/2022\/12\/LOGO-1.png\",\"width\":207,\"height\":80,\"caption\":\"Jinsun Carbon\"},\"image\":{\"@id\":\"https:\/\/jinsuncarbon.com\/#\/schema\/logo\/image\/\"},\"sameAs\":[\"https:\/\/www.facebook.com\/Graphite-Electrode-109336238661595\",\"https:\/\/x.com\/jinsuncarbon_\",\"https:\/\/www.linkedin.com\/in\/jinsungraphite\",\"https:\/\/www.youtube.com\/channel\/UCysDNyvyR5-3cCWEmpkVC0g\"]}]}<\/script>\n<!-- \/ Yoast SEO Premium plugin. -->","yoast_head_json":{"title":"Graphitblock zum Gie\u00dfen | Jinsun Carbon","robots":{"index":"index","follow":"follow","max-snippet":"max-snippet:-1","max-image-preview":"max-image-preview:large","max-video-preview":"max-video-preview:-1"},"canonical":"https:\/\/jinsuncarbon.com\/de\/produkt\/graphitblock-fur-das-giesen\/","og_locale":"de_DE","og_type":"article","og_title":"Graphite Block For Casting","og_description":"Graphite block for casting is a kind of block-shaped products made from high-purity graphite materials. It has excellent high-temperature resistance, low thermal expansion coefficient, chemical stability, and non-stick metal property. So graphite blocks perform exceptionally well in modern industrial fields such as non-ferrous metals and alloy casting. With high strength and good forming accuracy, it is highly suitable for dynamic requirements in casting scenarios such as casting part formation and core support.","og_url":"https:\/\/jinsuncarbon.com\/de\/produkt\/graphitblock-fur-das-giesen\/","og_site_name":"Jinsun Carbon","article_publisher":"https:\/\/www.facebook.com\/Graphite-Electrode-109336238661595","article_modified_time":"2026-02-28T00:47:48+00:00","og_image":[{"width":1024,"height":763,"url":"https:\/\/jinsuncarbon.com\/wp-content\/uploads\/2025\/09\/Graphite-block-for-casting.jpg","type":"image\/jpeg"}],"twitter_card":"summary_large_image","twitter_site":"@jinsuncarbon_","twitter_misc":{"Gesch\u00e4tzte Lesezeit":"3\u00a0Minuten"},"schema":{"@context":"https:\/\/schema.org","@graph":[{"@type":"WebPage","@id":"https:\/\/jinsuncarbon.com\/product\/graphite-block-for-casting\/","url":"https:\/\/jinsuncarbon.com\/product\/graphite-block-for-casting\/","name":"Graphitblock zum Gie\u00dfen | Jinsun Carbon","isPartOf":{"@id":"https:\/\/jinsuncarbon.com\/#website"},"primaryImageOfPage":{"@id":"https:\/\/jinsuncarbon.com\/product\/graphite-block-for-casting\/#primaryimage"},"image":{"@id":"https:\/\/jinsuncarbon.com\/product\/graphite-block-for-casting\/#primaryimage"},"thumbnailUrl":"https:\/\/jinsuncarbon.com\/wp-content\/uploads\/2025\/09\/Graphite-block-for-casting.jpg","datePublished":"2025-09-09T02:29:18+00:00","dateModified":"2026-02-28T00:47:48+00:00","breadcrumb":{"@id":"https:\/\/jinsuncarbon.com\/product\/graphite-block-for-casting\/#breadcrumb"},"inLanguage":"de","potentialAction":[{"@type":"ReadAction","target":["https:\/\/jinsuncarbon.com\/product\/graphite-block-for-casting\/"]}]},{"@type":"ImageObject","inLanguage":"de","@id":"https:\/\/jinsuncarbon.com\/product\/graphite-block-for-casting\/#primaryimage","url":"https:\/\/jinsuncarbon.com\/wp-content\/uploads\/2025\/09\/Graphite-block-for-casting.jpg","contentUrl":"https:\/\/jinsuncarbon.com\/wp-content\/uploads\/2025\/09\/Graphite-block-for-casting.jpg","width":1024,"height":763,"caption":"Graphite block for casting"},{"@type":"BreadcrumbList","@id":"https:\/\/jinsuncarbon.com\/product\/graphite-block-for-casting\/#breadcrumb","itemListElement":[{"@type":"ListItem","position":1,"name":"Home","item":"https:\/\/jinsuncarbon.com\/"},{"@type":"ListItem","position":2,"name":"Products","item":"https:\/\/jinsuncarbon.com\/graphite-carbon\/"},{"@type":"ListItem","position":3,"name":"Graphite Block For Casting"}]},{"@type":"WebSite","@id":"https:\/\/jinsuncarbon.com\/#website","url":"https:\/\/jinsuncarbon.com\/","name":"Jinsun Kohlenstoff","description":"Wir sind der erfolgreiche Hersteller von Graphitelektroden in China","publisher":{"@id":"https:\/\/jinsuncarbon.com\/#organization"},"potentialAction":[{"@type":"SearchAction","target":{"@type":"EntryPoint","urlTemplate":"https:\/\/jinsuncarbon.com\/?s={search_term_string}"},"query-input":{"@type":"PropertyValueSpecification","valueRequired":true,"valueName":"search_term_string"}}],"inLanguage":"de"},{"@type":"Organization","@id":"https:\/\/jinsuncarbon.com\/#organization","name":"Jinsun Kohlenstoff","alternateName":"Jinsun Carbon","url":"https:\/\/jinsuncarbon.com\/","logo":{"@type":"ImageObject","inLanguage":"de","@id":"https:\/\/jinsuncarbon.com\/#\/schema\/logo\/image\/","url":"https:\/\/jinsuncarbon.com\/wp-content\/uploads\/2022\/12\/LOGO-1.png","contentUrl":"https:\/\/jinsuncarbon.com\/wp-content\/uploads\/2022\/12\/LOGO-1.png","width":207,"height":80,"caption":"Jinsun Carbon"},"image":{"@id":"https:\/\/jinsuncarbon.com\/#\/schema\/logo\/image\/"},"sameAs":["https:\/\/www.facebook.com\/Graphite-Electrode-109336238661595","https:\/\/x.com\/jinsuncarbon_","https:\/\/www.linkedin.com\/in\/jinsungraphite","https:\/\/www.youtube.com\/channel\/UCysDNyvyR5-3cCWEmpkVC0g"]}]}},"_links":{"self":[{"href":"https:\/\/jinsuncarbon.com\/de\/wp-json\/wp\/v2\/product\/8059","targetHints":{"allow":["GET"]}}],"collection":[{"href":"https:\/\/jinsuncarbon.com\/de\/wp-json\/wp\/v2\/product"}],"about":[{"href":"https:\/\/jinsuncarbon.com\/de\/wp-json\/wp\/v2\/types\/product"}],"wp:featuredmedia":[{"embeddable":true,"href":"https:\/\/jinsuncarbon.com\/de\/wp-json\/wp\/v2\/media\/8060"}],"wp:attachment":[{"href":"https:\/\/jinsuncarbon.com\/de\/wp-json\/wp\/v2\/media?parent=8059"}],"wp:term":[{"taxonomy":"product_brand","embeddable":true,"href":"https:\/\/jinsuncarbon.com\/de\/wp-json\/wp\/v2\/product_brand?post=8059"},{"taxonomy":"product_cat","embeddable":true,"href":"https:\/\/jinsuncarbon.com\/de\/wp-json\/wp\/v2\/product_cat?post=8059"},{"taxonomy":"product_tag","embeddable":true,"href":"https:\/\/jinsuncarbon.com\/de\/wp-json\/wp\/v2\/product_tag?post=8059"}],"curies":[{"name":"wp","href":"https:\/\/api.w.org\/{rel}","templated":true}]}}