{"id":8050,"date":"2025-09-06T13:46:06","date_gmt":"2025-09-06T13:46:06","guid":{"rendered":"https:\/\/jinsuncarbon.com\/?post_type=product&#038;p=8050"},"modified":"2025-09-06T13:46:07","modified_gmt":"2025-09-06T13:46:07","slug":"kohlefaserverbundfedern","status":"publish","type":"product","link":"https:\/\/jinsuncarbon.com\/de\/produkt\/kohlefaserverbundfedern\/","title":{"rendered":"Federn aus Kohlefaserverbundwerkstoff"},"content":{"rendered":"<h2>Vorteile von Kohlenstoffverbundfedern<\/h2>\n<p>Zu den gebr\u00e4uchlichen Bauformen geh\u00f6ren zylindrische Schraubenfedern, scheibenf\u00f6rmige Federn und Sonderfedern usw. Und ihre Vorteile in mehreren Dimensionen \u00fcbertreffen bei weitem die der traditionellen Metallfedern.<\/p>\n<p><strong><b>R<\/b><\/strong><strong><b>beachtlicher Leichtbau-Vorteil<\/b><\/strong><\/p>\n<p>Ihr Gewicht betr\u00e4gt nur 1\/4 - 1\/5 der Stahlfeder mit der gleichen Leistung, wodurch die Gesamtlast der Ausr\u00fcstung erheblich reduziert wird. Sie eignet sich daher besonders f\u00fcr Bereiche, in denen eine starke Gewichtsreduzierung erforderlich ist, wie z. B. in der Luft- und Raumfahrt und bei Fahrzeugen mit neuen Energien.<\/p>\n<p>&nbsp;<\/p>\n<p><strong><b>L<\/b><\/strong><strong><b>onger<\/b><\/strong><strong><b>\u00a0<\/b><\/strong><strong><b>Erm\u00fcdungslebensdauer<\/b><\/strong><\/p>\n<p>Bei langfristiger Wechselbelastung ist das Problem des Erm\u00fcdungsbruchs bei Metallfedern weniger wahrscheinlich. Dadurch kann die Lebensdauer um das 2-3fache erh\u00f6ht werden.<\/p>\n<p>&nbsp;<\/p>\n<p><strong><b>E<\/b><\/strong><strong><b>Hervorragende Korrosionsbest\u00e4ndigkeit<\/b><\/strong><\/p>\n<p>Ohne zus\u00e4tzliche Rostschutzbehandlung kann es in rauen Umgebungen wie Feuchtigkeit und Salzspr\u00fchnebel stabil arbeiten.<\/p>\n<p>&nbsp;<\/p>\n<p><strong><b>Flexibel<\/b><\/strong><strong><b>\u00a0Elastizit\u00e4tsmodul<\/b><\/strong><\/p>\n<p>Durch die Einstellung des Verlegewinkels von <a href=\"https:\/\/jinsuncarbon.com\/de\/produkt\/kohlefaser\/\">Kohlefaser<\/a>Es kann die Steifigkeitsanforderungen der verschiedenen Ger\u00e4te genau erf\u00fcllen.<\/p>\n<p>&nbsp;<\/p>\n<p><strong><b>G<\/b><\/strong><strong><b>gute Schwingungsd\u00e4mpfungseigenschaften<\/b><\/strong><\/p>\n<p>Es kann die Vibrationsenergie wirksam absorbieren, die Ger\u00e4usch- und Vibrationsst\u00f6rungen w\u00e4hrend des Betriebs der Ger\u00e4te reduzieren und die Betriebsstabilit\u00e4t verbessern.<\/p>\n<p><strong><b>\u00a0<\/b><\/strong><\/p>\n<p>Dar\u00fcber hinaus werden sie nach Ihren spezifischen Anforderungen bearbeitet, um Ihren Spezifikationen f\u00fcr Gr\u00f6\u00dfe und Elastizit\u00e4t zu entsprechen. Sie k\u00f6nnen auch gewickelte Kohlenstoffverbundfedern, geformte Kohlenstoffverbundfedern, laminierte Kohlenstoffverbundfedern oder andere Arten von Kohlenstoffverbundfedern w\u00e4hlen.<\/p>\n<p><strong><b>\u00a0<\/b><\/strong><\/p>\n<h2>Verwendung von Federn aus Kohlefaserverbundwerkstoff<\/h2>\n<p><strong><b>T<\/b><\/strong><strong><b>ransportsektor<\/b><\/strong><\/p>\n<p><strong><b>I<\/b><\/strong><strong><b>n neue Energiefahrzeuge<\/b><\/strong><\/p>\n<p>Sie kann herk\u00f6mmliche Stahlfedern ersetzen, wodurch das Fahrzeuggewicht um 5% bis 8% reduziert und indirekt die Reichweite verbessert werden kann. Gleichzeitig werden die Vibrationen des Aufh\u00e4ngungssystems reduziert und der Fahrkomfort erh\u00f6ht.<\/p>\n<p>&nbsp;<\/p>\n<p><strong><b>I<\/b><\/strong><strong><b>n Fahrzeuge des Schienenverkehrs<\/b><\/strong><\/p>\n<p>Das Drehgestell ist mit dieser Feder ausgestattet, da sie den Aufprall der R\u00e4der auf die Schiene reduziert und die Wartungsh\u00e4ufigkeit verringert.<\/p>\n<p>&nbsp;<\/p>\n<p><strong><b>Im Bereich der Luft- und Raumfahrt<\/b><\/strong><\/p>\n<p>Sie k\u00f6nnen es in der <a href=\"https:\/\/en.wikipedia.org\/wiki\/Landing_gear\" target=\"_blank\" rel=\"noopener\">Fahrwerk<\/a> und sto\u00dfd\u00e4mpfende Struktur von unbemannten Flugzeugen. Sie kann die Tragf\u00e4higkeit gew\u00e4hrleisten und gleichzeitig das Gewicht des Flugzeugs erheblich reduzieren und die Flugdauer verl\u00e4ngern.<\/p>\n<p>&nbsp;<\/p>\n<p><strong><b>I<\/b><\/strong><strong><b>n das Lageregelungssystem von Satelliten<\/b><\/strong><\/p>\n<p>Seine hohe Stabilit\u00e4t und seine geringe Kriechneigung gew\u00e4hrleisten, dass der Satellit seine Lage in der komplexen Weltraumumgebung pr\u00e4zise einstellt.<\/p>\n<p>&nbsp;<\/p>\n<p><strong><b>Im Bereich der High-End-Ausr\u00fcstung<\/b><\/strong><\/p>\n<p>Sie k\u00f6nnen es in den Komponenten zur Sto\u00dfd\u00e4mpfung der Hauptwelle von Pr\u00e4zisionswerkzeugmaschinen verwenden. Es kann die w\u00e4hrend des Hochgeschwindigkeitsbetriebs erzeugten Vibrationen absorbieren und die Bearbeitungsgenauigkeit verbessern.<\/p>\n<p>&nbsp;<\/p>\n<p>Und im Sto\u00dfd\u00e4mpfungssystem der Gondel von Windkraftanlagen kann es den rauen Au\u00dfenbedingungen standhalten. Auf diese Weise k\u00f6nnen Erm\u00fcdungssch\u00e4den an der Anlage verringert und die Gesamtlebensdauer der Anlage verl\u00e4ngert werden.<\/p>\n<p>&nbsp;<\/p>\n<p><strong><b>I<\/b><\/strong><strong><b>n medizinische Ger\u00e4te<\/b><\/strong><\/p>\n<p>Sie k\u00f6nnen es als Kernspinresonanzger\u00e4te verwenden, weil die beweglichen Teile die nicht-magnetische Eigenschaft haben. Dies ist anders als Metallfedern, die nicht mit dem Magnetfeld st\u00f6ren, die Gew\u00e4hrleistung der Ausr\u00fcstung Nachweisgenauigkeit.<\/p>\n<p>&nbsp;<\/p>","protected":false},"excerpt":{"rendered":"<p>Eine Feder aus Kohlefaserverbundwerkstoff ist ein elastisches Bauteil, das durch spezielle Formgebungsverfahren wie Wickeln und Gie\u00dfen hergestellt wird. Sie besteht aus einem Kohlenstofffaserverbundwerkstoff (CFK) als Kernsubstrat, der sich von herk\u00f6mmlichen Metallfedern unterscheidet. Ihre Haupteigenschaften sind ein geringes Gewicht und eine hohe spezifische Festigkeit, so dass sie in Szenarien mit strengen Anforderungen an Gewichtsreduzierung, Erm\u00fcdungsschutz und dynamische Leistung hervorragende Leistungen erbringt. Sie kann in Bereichen wie den Federungssystemen von Fahrzeugen mit neuer Energie, dem Fahrwerk von unbemannten Flugzeugen usw. eingesetzt werden.<\/p>","protected":false},"featured_media":8051,"template":"","meta":[],"product_brand":[],"product_cat":[39],"product_tag":[],"class_list":{"0":"post-8050","1":"product","2":"type-product","3":"status-publish","4":"has-post-thumbnail","6":"product_cat-carbon-products","8":"first","9":"instock","10":"shipping-taxable","11":"product-type-simple"},"yoast_head":"<!-- This site is optimized with the Yoast SEO Premium plugin v19.2.1 (Yoast SEO v25.3) - https:\/\/yoast.com\/wordpress\/plugins\/seo\/ -->\n<title>Carbon Composite Springs | Jinsun Carbon<\/title>\n<meta name=\"description\" content=\"Carbon composite springs are used in aerospace, automotive, semiconductor manufacturing and other industrial sectors. Contact us now!\" \/>\n<meta name=\"robots\" content=\"index, follow, max-snippet:-1, max-image-preview:large, max-video-preview:-1\" \/>\n<link rel=\"canonical\" href=\"https:\/\/jinsuncarbon.com\/de\/produkt\/kohlefaserverbundfedern\/\" \/>\n<meta property=\"og:locale\" content=\"de_DE\" \/>\n<meta property=\"og:type\" content=\"article\" \/>\n<meta property=\"og:title\" content=\"Carbon Composite Springs\" \/>\n<meta property=\"og:description\" content=\"Carbon composite springs are used in aerospace, automotive, semiconductor manufacturing and other industrial sectors. Contact us now!\" \/>\n<meta property=\"og:url\" content=\"https:\/\/jinsuncarbon.com\/de\/produkt\/kohlefaserverbundfedern\/\" \/>\n<meta property=\"og:site_name\" content=\"Jinsun Carbon\" \/>\n<meta property=\"article:publisher\" content=\"https:\/\/www.facebook.com\/Graphite-Electrode-109336238661595\" \/>\n<meta property=\"article:modified_time\" content=\"2025-09-06T13:46:07+00:00\" \/>\n<meta property=\"og:image\" content=\"https:\/\/jinsuncarbon.com\/wp-content\/uploads\/2025\/09\/Carbon-composite-springs.jpg\" \/>\n\t<meta property=\"og:image:width\" content=\"1024\" \/>\n\t<meta property=\"og:image:height\" content=\"763\" \/>\n\t<meta property=\"og:image:type\" content=\"image\/jpeg\" \/>\n<meta name=\"twitter:card\" content=\"summary_large_image\" \/>\n<meta name=\"twitter:site\" content=\"@jinsuncarbon_\" \/>\n<meta name=\"twitter:label1\" content=\"Gesch\u00e4tzte Lesezeit\" \/>\n\t<meta name=\"twitter:data1\" content=\"3\u00a0Minuten\" \/>\n<script type=\"application\/ld+json\" class=\"yoast-schema-graph\">{\"@context\":\"https:\/\/schema.org\",\"@graph\":[{\"@type\":\"WebPage\",\"@id\":\"https:\/\/jinsuncarbon.com\/product\/carbon-composite-springs\/\",\"url\":\"https:\/\/jinsuncarbon.com\/product\/carbon-composite-springs\/\",\"name\":\"Carbon Composite Springs | Jinsun Carbon\",\"isPartOf\":{\"@id\":\"https:\/\/jinsuncarbon.com\/#website\"},\"primaryImageOfPage\":{\"@id\":\"https:\/\/jinsuncarbon.com\/product\/carbon-composite-springs\/#primaryimage\"},\"image\":{\"@id\":\"https:\/\/jinsuncarbon.com\/product\/carbon-composite-springs\/#primaryimage\"},\"thumbnailUrl\":\"https:\/\/jinsuncarbon.com\/wp-content\/uploads\/2025\/09\/Carbon-composite-springs.jpg\",\"datePublished\":\"2025-09-06T13:46:06+00:00\",\"dateModified\":\"2025-09-06T13:46:07+00:00\",\"description\":\"Carbon composite springs are used in aerospace, automotive, semiconductor manufacturing and other industrial sectors. Contact us now!\",\"breadcrumb\":{\"@id\":\"https:\/\/jinsuncarbon.com\/product\/carbon-composite-springs\/#breadcrumb\"},\"inLanguage\":\"de\",\"potentialAction\":[{\"@type\":\"ReadAction\",\"target\":[\"https:\/\/jinsuncarbon.com\/product\/carbon-composite-springs\/\"]}]},{\"@type\":\"ImageObject\",\"inLanguage\":\"de\",\"@id\":\"https:\/\/jinsuncarbon.com\/product\/carbon-composite-springs\/#primaryimage\",\"url\":\"https:\/\/jinsuncarbon.com\/wp-content\/uploads\/2025\/09\/Carbon-composite-springs.jpg\",\"contentUrl\":\"https:\/\/jinsuncarbon.com\/wp-content\/uploads\/2025\/09\/Carbon-composite-springs.jpg\",\"width\":1024,\"height\":763,\"caption\":\"Carbon composite springs\"},{\"@type\":\"BreadcrumbList\",\"@id\":\"https:\/\/jinsuncarbon.com\/product\/carbon-composite-springs\/#breadcrumb\",\"itemListElement\":[{\"@type\":\"ListItem\",\"position\":1,\"name\":\"Home\",\"item\":\"https:\/\/jinsuncarbon.com\/\"},{\"@type\":\"ListItem\",\"position\":2,\"name\":\"Products\",\"item\":\"https:\/\/jinsuncarbon.com\/graphite-carbon\/\"},{\"@type\":\"ListItem\",\"position\":3,\"name\":\"Carbon Composite Springs\"}]},{\"@type\":\"WebSite\",\"@id\":\"https:\/\/jinsuncarbon.com\/#website\",\"url\":\"https:\/\/jinsuncarbon.com\/\",\"name\":\"Jinsun Carbon\",\"description\":\"We are the successful graphite electrode manufacturer in China\",\"publisher\":{\"@id\":\"https:\/\/jinsuncarbon.com\/#organization\"},\"potentialAction\":[{\"@type\":\"SearchAction\",\"target\":{\"@type\":\"EntryPoint\",\"urlTemplate\":\"https:\/\/jinsuncarbon.com\/?s={search_term_string}\"},\"query-input\":{\"@type\":\"PropertyValueSpecification\",\"valueRequired\":true,\"valueName\":\"search_term_string\"}}],\"inLanguage\":\"de\"},{\"@type\":\"Organization\",\"@id\":\"https:\/\/jinsuncarbon.com\/#organization\",\"name\":\"Jinsun Carbon\",\"alternateName\":\"Jinsun Carbon\",\"url\":\"https:\/\/jinsuncarbon.com\/\",\"logo\":{\"@type\":\"ImageObject\",\"inLanguage\":\"de\",\"@id\":\"https:\/\/jinsuncarbon.com\/#\/schema\/logo\/image\/\",\"url\":\"https:\/\/jinsuncarbon.com\/wp-content\/uploads\/2022\/12\/LOGO-1.png\",\"contentUrl\":\"https:\/\/jinsuncarbon.com\/wp-content\/uploads\/2022\/12\/LOGO-1.png\",\"width\":207,\"height\":80,\"caption\":\"Jinsun Carbon\"},\"image\":{\"@id\":\"https:\/\/jinsuncarbon.com\/#\/schema\/logo\/image\/\"},\"sameAs\":[\"https:\/\/www.facebook.com\/Graphite-Electrode-109336238661595\",\"https:\/\/x.com\/jinsuncarbon_\",\"https:\/\/www.linkedin.com\/in\/jinsungraphite\",\"https:\/\/www.youtube.com\/channel\/UCysDNyvyR5-3cCWEmpkVC0g\"]}]}<\/script>\n<!-- \/ Yoast SEO Premium plugin. -->","yoast_head_json":{"title":"Kohlenstoff-Verbundfedern | Jinsun Carbon","description":"Federn aus Kohlefaserverbundwerkstoffen werden in der Luft- und Raumfahrt, in der Automobilindustrie, in der Halbleiterfertigung und in anderen Industriezweigen eingesetzt. Kontaktieren Sie uns jetzt!","robots":{"index":"index","follow":"follow","max-snippet":"max-snippet:-1","max-image-preview":"max-image-preview:large","max-video-preview":"max-video-preview:-1"},"canonical":"https:\/\/jinsuncarbon.com\/de\/produkt\/kohlefaserverbundfedern\/","og_locale":"de_DE","og_type":"article","og_title":"Carbon Composite Springs","og_description":"Carbon composite springs are used in aerospace, automotive, semiconductor manufacturing and other industrial sectors. Contact us now!","og_url":"https:\/\/jinsuncarbon.com\/de\/produkt\/kohlefaserverbundfedern\/","og_site_name":"Jinsun Carbon","article_publisher":"https:\/\/www.facebook.com\/Graphite-Electrode-109336238661595","article_modified_time":"2025-09-06T13:46:07+00:00","og_image":[{"width":1024,"height":763,"url":"https:\/\/jinsuncarbon.com\/wp-content\/uploads\/2025\/09\/Carbon-composite-springs.jpg","type":"image\/jpeg"}],"twitter_card":"summary_large_image","twitter_site":"@jinsuncarbon_","twitter_misc":{"Gesch\u00e4tzte Lesezeit":"3\u00a0Minuten"},"schema":{"@context":"https:\/\/schema.org","@graph":[{"@type":"WebPage","@id":"https:\/\/jinsuncarbon.com\/product\/carbon-composite-springs\/","url":"https:\/\/jinsuncarbon.com\/product\/carbon-composite-springs\/","name":"Kohlenstoff-Verbundfedern | Jinsun Carbon","isPartOf":{"@id":"https:\/\/jinsuncarbon.com\/#website"},"primaryImageOfPage":{"@id":"https:\/\/jinsuncarbon.com\/product\/carbon-composite-springs\/#primaryimage"},"image":{"@id":"https:\/\/jinsuncarbon.com\/product\/carbon-composite-springs\/#primaryimage"},"thumbnailUrl":"https:\/\/jinsuncarbon.com\/wp-content\/uploads\/2025\/09\/Carbon-composite-springs.jpg","datePublished":"2025-09-06T13:46:06+00:00","dateModified":"2025-09-06T13:46:07+00:00","description":"Federn aus Kohlefaserverbundwerkstoffen werden in der Luft- und Raumfahrt, in der Automobilindustrie, in der Halbleiterfertigung und in anderen Industriezweigen eingesetzt. Kontaktieren Sie uns jetzt!","breadcrumb":{"@id":"https:\/\/jinsuncarbon.com\/product\/carbon-composite-springs\/#breadcrumb"},"inLanguage":"de","potentialAction":[{"@type":"ReadAction","target":["https:\/\/jinsuncarbon.com\/product\/carbon-composite-springs\/"]}]},{"@type":"ImageObject","inLanguage":"de","@id":"https:\/\/jinsuncarbon.com\/product\/carbon-composite-springs\/#primaryimage","url":"https:\/\/jinsuncarbon.com\/wp-content\/uploads\/2025\/09\/Carbon-composite-springs.jpg","contentUrl":"https:\/\/jinsuncarbon.com\/wp-content\/uploads\/2025\/09\/Carbon-composite-springs.jpg","width":1024,"height":763,"caption":"Carbon composite springs"},{"@type":"BreadcrumbList","@id":"https:\/\/jinsuncarbon.com\/product\/carbon-composite-springs\/#breadcrumb","itemListElement":[{"@type":"ListItem","position":1,"name":"Home","item":"https:\/\/jinsuncarbon.com\/"},{"@type":"ListItem","position":2,"name":"Products","item":"https:\/\/jinsuncarbon.com\/graphite-carbon\/"},{"@type":"ListItem","position":3,"name":"Carbon Composite Springs"}]},{"@type":"WebSite","@id":"https:\/\/jinsuncarbon.com\/#website","url":"https:\/\/jinsuncarbon.com\/","name":"Jinsun Kohlenstoff","description":"Wir sind der erfolgreiche Hersteller von Graphitelektroden in China","publisher":{"@id":"https:\/\/jinsuncarbon.com\/#organization"},"potentialAction":[{"@type":"SearchAction","target":{"@type":"EntryPoint","urlTemplate":"https:\/\/jinsuncarbon.com\/?s={search_term_string}"},"query-input":{"@type":"PropertyValueSpecification","valueRequired":true,"valueName":"search_term_string"}}],"inLanguage":"de"},{"@type":"Organization","@id":"https:\/\/jinsuncarbon.com\/#organization","name":"Jinsun Kohlenstoff","alternateName":"Jinsun Carbon","url":"https:\/\/jinsuncarbon.com\/","logo":{"@type":"ImageObject","inLanguage":"de","@id":"https:\/\/jinsuncarbon.com\/#\/schema\/logo\/image\/","url":"https:\/\/jinsuncarbon.com\/wp-content\/uploads\/2022\/12\/LOGO-1.png","contentUrl":"https:\/\/jinsuncarbon.com\/wp-content\/uploads\/2022\/12\/LOGO-1.png","width":207,"height":80,"caption":"Jinsun Carbon"},"image":{"@id":"https:\/\/jinsuncarbon.com\/#\/schema\/logo\/image\/"},"sameAs":["https:\/\/www.facebook.com\/Graphite-Electrode-109336238661595","https:\/\/x.com\/jinsuncarbon_","https:\/\/www.linkedin.com\/in\/jinsungraphite","https:\/\/www.youtube.com\/channel\/UCysDNyvyR5-3cCWEmpkVC0g"]}]}},"_links":{"self":[{"href":"https:\/\/jinsuncarbon.com\/de\/wp-json\/wp\/v2\/product\/8050","targetHints":{"allow":["GET"]}}],"collection":[{"href":"https:\/\/jinsuncarbon.com\/de\/wp-json\/wp\/v2\/product"}],"about":[{"href":"https:\/\/jinsuncarbon.com\/de\/wp-json\/wp\/v2\/types\/product"}],"wp:featuredmedia":[{"embeddable":true,"href":"https:\/\/jinsuncarbon.com\/de\/wp-json\/wp\/v2\/media\/8051"}],"wp:attachment":[{"href":"https:\/\/jinsuncarbon.com\/de\/wp-json\/wp\/v2\/media?parent=8050"}],"wp:term":[{"taxonomy":"product_brand","embeddable":true,"href":"https:\/\/jinsuncarbon.com\/de\/wp-json\/wp\/v2\/product_brand?post=8050"},{"taxonomy":"product_cat","embeddable":true,"href":"https:\/\/jinsuncarbon.com\/de\/wp-json\/wp\/v2\/product_cat?post=8050"},{"taxonomy":"product_tag","embeddable":true,"href":"https:\/\/jinsuncarbon.com\/de\/wp-json\/wp\/v2\/product_tag?post=8050"}],"curies":[{"name":"wp","href":"https:\/\/api.w.org\/{rel}","templated":true}]}}