{"id":8048,"date":"2025-09-07T07:31:02","date_gmt":"2025-09-07T07:31:02","guid":{"rendered":"https:\/\/jinsuncarbon.com\/?post_type=product&#038;p=8048"},"modified":"2025-09-07T07:31:03","modified_gmt":"2025-09-07T07:31:03","slug":"flockengraphitpulver","status":"publish","type":"product","link":"https:\/\/jinsuncarbon.com\/de\/produkt\/flockengraphitpulver\/","title":{"rendered":"Flockengraphit-Pulver"},"content":{"rendered":"<h2 class=\"ql-align-justify\">Vorteile von Flockengraphitpulver<\/h2>\n<p class=\"ql-align-justify\">Es erscheint in der Regel als hell- bis dunkelgraues Pulver und hat folgende Vorteile.<\/p>\n<p>&nbsp;<\/p>\n<p class=\"ql-align-justify\"><strong>Ausgezeichnete Hochtemperaturbest\u00e4ndigkeit<\/strong><\/p>\n<p class=\"ql-align-justify\">Es ist in der Lage, bei Temperaturen \u00fcber 3000\u00b0C stabil zu bleiben, ohne zu schmelzen oder zu verbrennen.<\/p>\n<p class=\"ql-align-justify\"><strong>Ausgezeichnete elektrische und thermische Leitf\u00e4higkeit<\/strong><\/p>\n<p class=\"ql-align-justify\">Die blattartige Struktur zwischen den Pulverteilchen kann ein gut leitendes und w\u00e4rmeleitendes Netzwerk bilden. Dies macht es f\u00fcr verschiedene Szenarien geeignet, die leitende Funktionen erfordern.<\/p>\n<p class=\"ql-align-justify\"><strong>Stabile chemische Eigenschaften<\/strong><\/p>\n<p class=\"ql-align-justify\">Flockengraphitpulver hat eine gute Korrosionsbest\u00e4ndigkeit und ist nicht anf\u00e4llig f\u00fcr chemische Reaktionen.<\/p>\n<p class=\"ql-align-justify\"><strong>Niedriger Reibungskoeffizient<\/strong><\/p>\n<p class=\"ql-align-justify\">Als Additivkomponente kann es die Schmierleistung des Materials erheblich verbessern und den Verschlei\u00df der Komponenten verringern.<\/p>\n<p class=\"ql-align-justify\"><strong>Gute Plastizit\u00e4t und Formbarkeit<\/strong><\/p>\n<p class=\"ql-align-justify\">Es l\u00e4sst sich leicht mit anderen Materialien mischen, und die Kosten sind relativ \u00fcberschaubar. Daher kann es sowohl in mittleren bis hochwertigen Anwendungen als auch in allgemeinen Szenarien eingesetzt werden.<\/p>\n<p class=\"ql-align-justify\">Je nach Bedarf kann es in verschiedene Partikelgr\u00f6\u00dfen (z. B. 100 Mesh, 325 Mesh, Tausende von Mesh usw.) verarbeitet werden, indem die Mahlgenauigkeit und der Klassifizierungsprozess an die jeweiligen Anforderungen angepasst werden. Au\u00dferdem k\u00f6nnen Sie auch normales reines Flockengraphitpulver, hochreines Flockengraphitpulver, ultrafeines Flockengraphitpulver oder andere spezielle Arten von Flockengraphitpulver w\u00e4hlen.<\/p>\n<p>&nbsp;<\/p>\n<h2 class=\"ql-align-justify\">Verwendungen von Flockengraphitpulver<\/h2>\n<p class=\"ql-align-justify\"><strong>Im Bereich der neuen Energien<\/strong><\/p>\n<p class=\"ql-align-justify\">Als einer der Hauptrohstoffe f\u00fcr Lithiumbatterie-Anodenmaterialien kann es mit anderen aktiven Substanzen kombiniert werden. Es kann die Leitf\u00e4higkeit, die Lithium-Speicherkapazit\u00e4t und die Zykluslebensdauer der Anode verbessern. Die negative Elektrode von Lithium-Power-Batterien basiert meist auf hochreinem Flockengraphitpulver.<\/p>\n<p class=\"ql-align-justify\"><strong>In der metallurgischen Industrie<\/strong><\/p>\n<p class=\"ql-align-justify\"><strong>Als Kohlenstoffverst\u00e4rker<\/strong><\/p>\n<p class=\"ql-align-justify\">Es kann den Kohlenstoffgehalt von Stahl erh\u00f6hen und <a href=\"https:\/\/en.wikipedia.org\/wiki\/Cast_iron\" target=\"_blank\" rel=\"noopener\">Gusseisen<\/a> und die Leistung des Metallmaterials zu verbessern.<\/p>\n<p class=\"ql-align-justify\"><strong>Als Zusatzstoff f\u00fcr feuerfeste Materialien<\/strong><\/p>\n<p class=\"ql-align-justify\">Es kann die Hochtemperatur- und Erosionsbest\u00e4ndigkeit von <a href=\"https:\/\/jinsuncarbon.com\/de\/produkt\/graphitstein\/\">feuerfeste Ziegel<\/a> und feuerfeste Beschichtungen.<\/p>\n<p class=\"ql-align-justify\"><strong>In den Bereichen Chemie und Werkstoffe<\/strong><\/p>\n<p class=\"ql-align-justify\"><strong>Als F\u00fcllstoff f\u00fcr leitf\u00e4hige Beschichtungen<\/strong><\/p>\n<p class=\"ql-align-justify\">Es verleiht den Beschichtungen leitende Eigenschaften und kann f\u00fcr antistatische B\u00f6den, Geh\u00e4use von elektronischen Ger\u00e4ten usw. verwendet werden.<\/p>\n<p class=\"ql-align-justify\"><strong>Als Schmiermittelzusatz<\/strong><\/p>\n<p class=\"ql-align-justify\">Es kann zu Festschmierstoffen oder Bestandteilen von Schmier\u00f6len und -fetten verarbeitet werden. Und es eignet sich f\u00fcr die mechanische Schmierung unter rauen Bedingungen wie hohen Temperaturen und hohem Druck.<\/p>\n<p class=\"ql-align-justify\"><strong>Auf dem Gebiet der Elektronik<\/strong><\/p>\n<p class=\"ql-align-justify\">Neben Batterien kann es auch als w\u00e4rme- und stromableitendes Pad f\u00fcr Halbleiterchips, als leitf\u00e4higer Klebstoff usw. verwendet werden. Dank seiner w\u00e4rme- und stromleitenden Eigenschaften gew\u00e4hrleistet es den stabilen Betrieb elektronischer Komponenten.<\/p>\n<p class=\"ql-align-justify\"><strong>Im Bereich des Umweltschutzes<\/strong><\/p>\n<p class=\"ql-align-justify\">Sie k\u00f6nnen hochreines Flockengraphitpulver in der Abwasserbehandlung verwenden, um Schadstoffe durch Adsorption aus dem Wasser zu entfernen.<\/p>","protected":false},"excerpt":{"rendered":"<p>Flockengraphitpulver ist ein pulverf\u00f6rmiges Material, das durch Mahlen und Reinigen von nat\u00fcrlichem Lamellengraphit in verschiedenen Verfahren hergestellt wird. Es verbindet die Kerneigenschaften von Graphitmaterialien mit der einfachen Verarbeitung in Pulverform. Es hat seinen Namen daher, dass es die laminierte Kristallstruktur von nat\u00fcrlichem Graphit beibeh\u00e4lt und eine hervorragende Anpassungsf\u00e4higkeit in zahlreichen industriellen Bereichen aufweist. Es handelt sich um einen grundlegenden Industrierohstoff, der sowohl funktionell als auch praktisch ist und weit verbreitet ist. So ist er beispielsweise ein wichtiger Bestandteil von metallurgischen Karbonisatoren und Hochtemperatur-Schmiermittelzus\u00e4tzen, die den funktionalen Anforderungen gerecht werden k\u00f6nnen.<\/p>","protected":false},"featured_media":8049,"template":"","meta":[],"product_brand":[],"product_cat":[38],"product_tag":[],"class_list":{"0":"post-8048","1":"product","2":"type-product","3":"status-publish","4":"has-post-thumbnail","6":"product_cat-graphite-products","8":"first","9":"instock","10":"shipping-taxable","11":"product-type-simple"},"yoast_head":"<!-- This site is optimized with the Yoast SEO Premium plugin v19.2.1 (Yoast SEO v25.3) - https:\/\/yoast.com\/wordpress\/plugins\/seo\/ -->\n<title>Flake Graphite Powder Manufacturer in China<\/title>\n<meta name=\"description\" content=\"Flake graphite powder with good price. Jinsun can supply flake graphite powder for different industrial needs such as wire and cable, thermal insulation, and lubrication.\" \/>\n<meta name=\"robots\" content=\"index, follow, max-snippet:-1, max-image-preview:large, max-video-preview:-1\" \/>\n<link rel=\"canonical\" href=\"https:\/\/jinsuncarbon.com\/de\/produkt\/flockengraphitpulver\/\" \/>\n<meta property=\"og:locale\" content=\"de_DE\" \/>\n<meta property=\"og:type\" content=\"article\" \/>\n<meta property=\"og:title\" content=\"Flake Graphite Powder\" \/>\n<meta property=\"og:description\" content=\"Flake graphite powder with good price. Jinsun can supply flake graphite powder for different industrial needs such as wire and cable, thermal insulation, and lubrication.\" \/>\n<meta property=\"og:url\" content=\"https:\/\/jinsuncarbon.com\/de\/produkt\/flockengraphitpulver\/\" \/>\n<meta property=\"og:site_name\" content=\"Jinsun Carbon\" \/>\n<meta property=\"article:publisher\" content=\"https:\/\/www.facebook.com\/Graphite-Electrode-109336238661595\" \/>\n<meta property=\"article:modified_time\" content=\"2025-09-07T07:31:03+00:00\" \/>\n<meta property=\"og:image\" content=\"https:\/\/jinsuncarbon.com\/wp-content\/uploads\/2025\/09\/Flake-graphite-powder.jpg\" \/>\n\t<meta property=\"og:image:width\" content=\"1024\" \/>\n\t<meta property=\"og:image:height\" content=\"763\" \/>\n\t<meta property=\"og:image:type\" content=\"image\/jpeg\" \/>\n<meta name=\"twitter:card\" content=\"summary_large_image\" \/>\n<meta name=\"twitter:site\" content=\"@jinsuncarbon_\" \/>\n<meta name=\"twitter:label1\" content=\"Gesch\u00e4tzte Lesezeit\" \/>\n\t<meta name=\"twitter:data1\" content=\"3\u00a0Minuten\" \/>\n<script type=\"application\/ld+json\" class=\"yoast-schema-graph\">{\"@context\":\"https:\/\/schema.org\",\"@graph\":[{\"@type\":\"WebPage\",\"@id\":\"https:\/\/jinsuncarbon.com\/product\/flake-graphite-powder\/\",\"url\":\"https:\/\/jinsuncarbon.com\/product\/flake-graphite-powder\/\",\"name\":\"Flake Graphite Powder Manufacturer in China\",\"isPartOf\":{\"@id\":\"https:\/\/jinsuncarbon.com\/#website\"},\"primaryImageOfPage\":{\"@id\":\"https:\/\/jinsuncarbon.com\/product\/flake-graphite-powder\/#primaryimage\"},\"image\":{\"@id\":\"https:\/\/jinsuncarbon.com\/product\/flake-graphite-powder\/#primaryimage\"},\"thumbnailUrl\":\"https:\/\/jinsuncarbon.com\/wp-content\/uploads\/2025\/09\/Flake-graphite-powder.jpg\",\"datePublished\":\"2025-09-07T07:31:02+00:00\",\"dateModified\":\"2025-09-07T07:31:03+00:00\",\"description\":\"Flake graphite powder with good price. Jinsun can supply flake graphite powder for different industrial needs such as wire and cable, thermal insulation, and lubrication.\",\"breadcrumb\":{\"@id\":\"https:\/\/jinsuncarbon.com\/product\/flake-graphite-powder\/#breadcrumb\"},\"inLanguage\":\"de\",\"potentialAction\":[{\"@type\":\"ReadAction\",\"target\":[\"https:\/\/jinsuncarbon.com\/product\/flake-graphite-powder\/\"]}]},{\"@type\":\"ImageObject\",\"inLanguage\":\"de\",\"@id\":\"https:\/\/jinsuncarbon.com\/product\/flake-graphite-powder\/#primaryimage\",\"url\":\"https:\/\/jinsuncarbon.com\/wp-content\/uploads\/2025\/09\/Flake-graphite-powder.jpg\",\"contentUrl\":\"https:\/\/jinsuncarbon.com\/wp-content\/uploads\/2025\/09\/Flake-graphite-powder.jpg\",\"width\":1024,\"height\":763,\"caption\":\"Flake graphite powder\"},{\"@type\":\"BreadcrumbList\",\"@id\":\"https:\/\/jinsuncarbon.com\/product\/flake-graphite-powder\/#breadcrumb\",\"itemListElement\":[{\"@type\":\"ListItem\",\"position\":1,\"name\":\"Home\",\"item\":\"https:\/\/jinsuncarbon.com\/\"},{\"@type\":\"ListItem\",\"position\":2,\"name\":\"Products\",\"item\":\"https:\/\/jinsuncarbon.com\/graphite-carbon\/\"},{\"@type\":\"ListItem\",\"position\":3,\"name\":\"Flake Graphite Powder\"}]},{\"@type\":\"WebSite\",\"@id\":\"https:\/\/jinsuncarbon.com\/#website\",\"url\":\"https:\/\/jinsuncarbon.com\/\",\"name\":\"Jinsun Carbon\",\"description\":\"We are the successful graphite electrode manufacturer in China\",\"publisher\":{\"@id\":\"https:\/\/jinsuncarbon.com\/#organization\"},\"potentialAction\":[{\"@type\":\"SearchAction\",\"target\":{\"@type\":\"EntryPoint\",\"urlTemplate\":\"https:\/\/jinsuncarbon.com\/?s={search_term_string}\"},\"query-input\":{\"@type\":\"PropertyValueSpecification\",\"valueRequired\":true,\"valueName\":\"search_term_string\"}}],\"inLanguage\":\"de\"},{\"@type\":\"Organization\",\"@id\":\"https:\/\/jinsuncarbon.com\/#organization\",\"name\":\"Jinsun Carbon\",\"alternateName\":\"Jinsun Carbon\",\"url\":\"https:\/\/jinsuncarbon.com\/\",\"logo\":{\"@type\":\"ImageObject\",\"inLanguage\":\"de\",\"@id\":\"https:\/\/jinsuncarbon.com\/#\/schema\/logo\/image\/\",\"url\":\"https:\/\/jinsuncarbon.com\/wp-content\/uploads\/2022\/12\/LOGO-1.png\",\"contentUrl\":\"https:\/\/jinsuncarbon.com\/wp-content\/uploads\/2022\/12\/LOGO-1.png\",\"width\":207,\"height\":80,\"caption\":\"Jinsun Carbon\"},\"image\":{\"@id\":\"https:\/\/jinsuncarbon.com\/#\/schema\/logo\/image\/\"},\"sameAs\":[\"https:\/\/www.facebook.com\/Graphite-Electrode-109336238661595\",\"https:\/\/x.com\/jinsuncarbon_\",\"https:\/\/www.linkedin.com\/in\/jinsungraphite\",\"https:\/\/www.youtube.com\/channel\/UCysDNyvyR5-3cCWEmpkVC0g\"]}]}<\/script>\n<!-- \/ Yoast SEO Premium plugin. -->","yoast_head_json":{"title":"Flockengraphit-Pulver Hersteller in China","description":"Flockengraphitpulver mit gutem Preis. Jinsun kann Flockengraphitpulver f\u00fcr verschiedene industrielle Bed\u00fcrfnisse wie Draht und Kabel, W\u00e4rmed\u00e4mmung und Schmierung liefern.","robots":{"index":"index","follow":"follow","max-snippet":"max-snippet:-1","max-image-preview":"max-image-preview:large","max-video-preview":"max-video-preview:-1"},"canonical":"https:\/\/jinsuncarbon.com\/de\/produkt\/flockengraphitpulver\/","og_locale":"de_DE","og_type":"article","og_title":"Flake Graphite Powder","og_description":"Flake graphite powder with good price. Jinsun can supply flake graphite powder for different industrial needs such as wire and cable, thermal insulation, and lubrication.","og_url":"https:\/\/jinsuncarbon.com\/de\/produkt\/flockengraphitpulver\/","og_site_name":"Jinsun Carbon","article_publisher":"https:\/\/www.facebook.com\/Graphite-Electrode-109336238661595","article_modified_time":"2025-09-07T07:31:03+00:00","og_image":[{"width":1024,"height":763,"url":"https:\/\/jinsuncarbon.com\/wp-content\/uploads\/2025\/09\/Flake-graphite-powder.jpg","type":"image\/jpeg"}],"twitter_card":"summary_large_image","twitter_site":"@jinsuncarbon_","twitter_misc":{"Gesch\u00e4tzte Lesezeit":"3\u00a0Minuten"},"schema":{"@context":"https:\/\/schema.org","@graph":[{"@type":"WebPage","@id":"https:\/\/jinsuncarbon.com\/product\/flake-graphite-powder\/","url":"https:\/\/jinsuncarbon.com\/product\/flake-graphite-powder\/","name":"Flockengraphit-Pulver Hersteller in China","isPartOf":{"@id":"https:\/\/jinsuncarbon.com\/#website"},"primaryImageOfPage":{"@id":"https:\/\/jinsuncarbon.com\/product\/flake-graphite-powder\/#primaryimage"},"image":{"@id":"https:\/\/jinsuncarbon.com\/product\/flake-graphite-powder\/#primaryimage"},"thumbnailUrl":"https:\/\/jinsuncarbon.com\/wp-content\/uploads\/2025\/09\/Flake-graphite-powder.jpg","datePublished":"2025-09-07T07:31:02+00:00","dateModified":"2025-09-07T07:31:03+00:00","description":"Flockengraphitpulver mit gutem Preis. Jinsun kann Flockengraphitpulver f\u00fcr verschiedene industrielle Bed\u00fcrfnisse wie Draht und Kabel, W\u00e4rmed\u00e4mmung und Schmierung liefern.","breadcrumb":{"@id":"https:\/\/jinsuncarbon.com\/product\/flake-graphite-powder\/#breadcrumb"},"inLanguage":"de","potentialAction":[{"@type":"ReadAction","target":["https:\/\/jinsuncarbon.com\/product\/flake-graphite-powder\/"]}]},{"@type":"ImageObject","inLanguage":"de","@id":"https:\/\/jinsuncarbon.com\/product\/flake-graphite-powder\/#primaryimage","url":"https:\/\/jinsuncarbon.com\/wp-content\/uploads\/2025\/09\/Flake-graphite-powder.jpg","contentUrl":"https:\/\/jinsuncarbon.com\/wp-content\/uploads\/2025\/09\/Flake-graphite-powder.jpg","width":1024,"height":763,"caption":"Flake graphite powder"},{"@type":"BreadcrumbList","@id":"https:\/\/jinsuncarbon.com\/product\/flake-graphite-powder\/#breadcrumb","itemListElement":[{"@type":"ListItem","position":1,"name":"Home","item":"https:\/\/jinsuncarbon.com\/"},{"@type":"ListItem","position":2,"name":"Products","item":"https:\/\/jinsuncarbon.com\/graphite-carbon\/"},{"@type":"ListItem","position":3,"name":"Flake Graphite Powder"}]},{"@type":"WebSite","@id":"https:\/\/jinsuncarbon.com\/#website","url":"https:\/\/jinsuncarbon.com\/","name":"Jinsun Kohlenstoff","description":"Wir sind der erfolgreiche Hersteller von Graphitelektroden in China","publisher":{"@id":"https:\/\/jinsuncarbon.com\/#organization"},"potentialAction":[{"@type":"SearchAction","target":{"@type":"EntryPoint","urlTemplate":"https:\/\/jinsuncarbon.com\/?s={search_term_string}"},"query-input":{"@type":"PropertyValueSpecification","valueRequired":true,"valueName":"search_term_string"}}],"inLanguage":"de"},{"@type":"Organization","@id":"https:\/\/jinsuncarbon.com\/#organization","name":"Jinsun Kohlenstoff","alternateName":"Jinsun Carbon","url":"https:\/\/jinsuncarbon.com\/","logo":{"@type":"ImageObject","inLanguage":"de","@id":"https:\/\/jinsuncarbon.com\/#\/schema\/logo\/image\/","url":"https:\/\/jinsuncarbon.com\/wp-content\/uploads\/2022\/12\/LOGO-1.png","contentUrl":"https:\/\/jinsuncarbon.com\/wp-content\/uploads\/2022\/12\/LOGO-1.png","width":207,"height":80,"caption":"Jinsun Carbon"},"image":{"@id":"https:\/\/jinsuncarbon.com\/#\/schema\/logo\/image\/"},"sameAs":["https:\/\/www.facebook.com\/Graphite-Electrode-109336238661595","https:\/\/x.com\/jinsuncarbon_","https:\/\/www.linkedin.com\/in\/jinsungraphite","https:\/\/www.youtube.com\/channel\/UCysDNyvyR5-3cCWEmpkVC0g"]}]}},"_links":{"self":[{"href":"https:\/\/jinsuncarbon.com\/de\/wp-json\/wp\/v2\/product\/8048","targetHints":{"allow":["GET"]}}],"collection":[{"href":"https:\/\/jinsuncarbon.com\/de\/wp-json\/wp\/v2\/product"}],"about":[{"href":"https:\/\/jinsuncarbon.com\/de\/wp-json\/wp\/v2\/types\/product"}],"wp:featuredmedia":[{"embeddable":true,"href":"https:\/\/jinsuncarbon.com\/de\/wp-json\/wp\/v2\/media\/8049"}],"wp:attachment":[{"href":"https:\/\/jinsuncarbon.com\/de\/wp-json\/wp\/v2\/media?parent=8048"}],"wp:term":[{"taxonomy":"product_brand","embeddable":true,"href":"https:\/\/jinsuncarbon.com\/de\/wp-json\/wp\/v2\/product_brand?post=8048"},{"taxonomy":"product_cat","embeddable":true,"href":"https:\/\/jinsuncarbon.com\/de\/wp-json\/wp\/v2\/product_cat?post=8048"},{"taxonomy":"product_tag","embeddable":true,"href":"https:\/\/jinsuncarbon.com\/de\/wp-json\/wp\/v2\/product_tag?post=8048"}],"curies":[{"name":"wp","href":"https:\/\/api.w.org\/{rel}","templated":true}]}}