{"id":8025,"date":"2025-08-18T02:43:58","date_gmt":"2025-08-18T02:43:58","guid":{"rendered":"https:\/\/jinsuncarbon.com\/?post_type=product&#038;p=8025"},"modified":"2025-08-18T02:43:59","modified_gmt":"2025-08-18T02:43:59","slug":"flexible-graphitdichtung","status":"publish","type":"product","link":"https:\/\/jinsuncarbon.com\/de\/produkt\/flexible-graphitdichtung\/","title":{"rendered":"Flexible Graphitdichtung"},"content":{"rendered":"<h2 class=\"ql-align-justify\">Vorteile der flexiblen Graphitdichtung<\/h2>\n<p class=\"ql-align-justify\">Im Allgemeinen gibt es flexible Graphitdichtungen in verschiedenen Formen, wie z. B. kreisf\u00f6rmig, quadratisch und verschiedene unregelm\u00e4\u00dfige Formen, und sie haben bemerkenswerte Vorteile.<\/p>\n<p class=\"ql-align-justify\"><strong>Ausgezeichnete thermische Stabilit\u00e4t<\/strong><\/p>\n<p class=\"ql-align-justify\">Sie kann die Versiegelung aufrechterhalten\u00a0<span data-type=\"0\" data-index=\"3\" data-gid=\"0\">Leistung innerhalb eines breiten Temperaturbereichs von -200\u00b0C bis<\/span>\u00a0650\u00b0C.<\/p>\n<p class=\"ql-align-justify\"><strong><span data-type=\"2\" data-index=\"5\" data-gid=\"1\">Stabile chemische Eigenschaften<\/span><\/strong><\/p>\n<p class=\"ql-align-justify\"><span data-type=\"2\" data-index=\"7\" data-gid=\"1\">Es ist gegen\u00fcber den meisten S\u00e4uren, Basen, organischen L\u00f6sungsmitteln und anderen korrosiven Medien best\u00e4ndig.<\/span><\/p>\n<p class=\"ql-align-justify\"><strong>Zuverl\u00e4ssige Dichtungsleistung<\/strong><\/p>\n<p class=\"ql-align-justify\">Aufgrund der Mikroelastizit\u00e4t kann es kleine Kratzer und Unebenheiten auf der Dichtungsoberfl\u00e4che ausgleichen.<\/p>\n<p class=\"ql-align-justify\"><strong><span data-type=\"2\" data-index=\"9\" data-gid=\"2\">Niedriger Reibungskoeffizient<\/span><\/strong><\/p>\n<p class=\"ql-align-justify\"><span data-type=\"2\" data-index=\"11\" data-gid=\"2\">Dadurch wird der Verschlei\u00df an der Dichtungsfl\u00e4che verringert.<\/span><\/p>\n<p class=\"ql-align-justify\"><strong>Gute Druck-Zugstufen-Leistung<\/strong><\/p>\n<p class=\"ql-align-justify\">Sie kann kleinere Defekte an der Dichtungsfl\u00e4che ausgleichen und auch bei Druckschwankungen eine stabile Abdichtung gew\u00e4hrleisten.<\/p>\n<p class=\"ql-align-justify\"><strong>3 Arten von flexiblen Graphitdichtungen<\/strong><\/p>\n<p class=\"ql-align-justify\">Je nach Material und Verst\u00e4rkungsmethode lassen sich flexible Graphitdichtungen in die folgenden zwei Typen einteilen:<\/p>\n<p class=\"ql-align-justify\"><strong>Dichtung aus reinem, flexiblem Graphit<\/strong><\/p>\n<p class=\"ql-align-justify\">Es besteht aus reinem, flexiblem Graphitmaterial und hat daher eine ausgezeichnete Flexibilit\u00e4t. Und es ist geeignet f\u00fcr Niederdruck, Normaltemperatur allgemeine Abdichtung Szenarien, die Kosten sind relativ niedrig.<\/p>\n<p class=\"ql-align-justify\"><strong>Verbesserte flexible Graphitdichtung<\/strong><\/p>\n<p class=\"ql-align-justify\">Als Verst\u00e4rkungsschicht wird Metallgewebe, Metallfolie oder Fasergewebe verwendet, und die \u00e4u\u00dfere Schicht wird mit <a href=\"https:\/\/jinsuncarbon.com\/de\/was-ist-graphit-und-woraus-besteht-graphit\/\">flexibler Graphit<\/a>. So hat es eine bessere Festigkeit und Druckbest\u00e4ndigkeit, geeignet f\u00fcr mittleren und hohen Druck sowie raue Arbeitsbedingungen. Zum Beispiel f\u00fcr chemische Hochdruck-Rohrleitungen und Druckbeh\u00e4lter.<\/p>\n<h2 class=\"ql-align-justify\">Verwendungsm\u00f6glichkeiten der flexiblen Graphitdichtung<\/h2>\n<p class=\"ql-align-justify\"><strong>In der petrochemischen Industrie<\/strong><\/p>\n<p class=\"ql-align-justify\">Sie k\u00f6nnen es f\u00fcr die Abdichtung verschiedener Rohrleitungen, Pumpen, Ventile und Druckbeh\u00e4lter verwenden.\u00a0<span class=\"\" data-type=\"2\" data-index=\"13\" data-gid=\"1\">Aufgrund seiner stabilen chemischen Eigenschaften kann es korrosiven Medien wie Erd\u00f6l, S\u00e4uren und Laugen widerstehen.<\/span>\u00a0Und es ist geeignet f\u00fcr Hochtemperatur- und Hochdruckbedingungen, die das Austreten von Medien wirksam verhindern k\u00f6nnen.<\/p>\n<p class=\"ql-align-justify\"><strong>Energiewirtschaft<\/strong><\/p>\n<p class=\"ql-align-justify\">Es h\u00e4lt den hohen Temperaturen und dem hohen Druck von Dampf stand und gew\u00e4hrleistet einen stabilen Betrieb der Anlagen. So k\u00f6nnen Sie es f\u00fcr die Abdichtung von Anlagen wie Dampfturbinen, Kesselrohren und Stromerzeugungsanlagen verwenden.<\/p>\n<p class=\"ql-align-justify\"><strong>Metallurgische Industrie<\/strong><\/p>\n<p class=\"ql-align-justify\">Sie k\u00f6nnen es zur Abdichtung von Rohren, Ventilen und Reaktionsgef\u00e4\u00dfen von Schmelzanlagen verwenden. Es kann der Erosion von Hochtemperatur-Ofengas und geschmolzenen Metallen widerstehen und verl\u00e4ngert so die Lebensdauer der Ausr\u00fcstung.<\/p>\n<p class=\"ql-align-justify\"><strong><span data-type=\"2\" data-index=\"15\" data-gid=\"3\">Pharmazeutische und Lebensmittelindustrie<\/span><\/strong><\/p>\n<p class=\"ql-align-justify\"><span class=\"\" data-type=\"2\" data-index=\"17\" data-gid=\"3\">Aufgrund seiner chemischen Inertheit und geringen Anf\u00e4lligkeit f\u00fcr Verunreinigungen kann es f\u00fcr die Abdichtung von pharmazeutischen Reaktionsgef\u00e4\u00dfen und lebensmittelverarbeitenden Anlagen verwendet werden.<\/span><\/p>\n<p class=\"ql-align-justify\"><strong>In den Bereichen K\u00e4ltetechnik und HLK<\/strong><\/p>\n<p class=\"ql-align-justify\">Es spielt auch eine wichtige Rolle bei den Schnittstellendichtungen von K\u00fchlrohren und Klimaanlagen. Denn es h\u00e4lt den niedrigen Temperaturen der K\u00e4ltemittel stand und verhindert so, dass Leckagen die Effizienz des Systems beeintr\u00e4chtigen.<\/p>\n<p class=\"ql-align-justify\"><strong>Bereiche Schiff und Luftfahrt<\/strong><\/p>\n<p class=\"ql-align-justify\">Es ist auch f\u00fcr die Abdichtung von Rohrleitungen und Komponenten von Schiffsmotoren und <a href=\"https:\/\/www.aircraftspruce.com\/\" target=\"_blank\" rel=\"noopener\">Luftfahrtger\u00e4te<\/a>. Selbst in Umgebungen mit starken Vibrationen und Temperaturschwankungen kann es eine zuverl\u00e4ssige Abdichtung gew\u00e4hrleisten.<\/p>\n<p class=\"ql-align-justify\">","protected":false},"excerpt":{"rendered":"<p class=\"ql-align-justify\">Flexible Graphitdichtungen sind eine Art von Dichtungselementen, die haupts\u00e4chlich aus flexiblem Graphit bestehen, der zur Erh\u00f6hung der Festigkeit oft mit Metallger\u00fcsten verst\u00e4rkt wird. Es wird durch Komprimieren und Verarbeiten von Naturgraphit nach chemischer Behandlung und Hochtemperaturexpansion hergestellt. Aufgrund der ausgezeichneten Hochtemperaturbest\u00e4ndigkeit, Dichtungsleistung usw. kann es in gro\u00dfem Umfang f\u00fcr die Abdichtung von Flanschverbindungen von industriellen Rohrleitungen und Anlagen verwendet werden. Es ist eine wichtige Komponente zur L\u00f6sung von Dichtungsproblemen unter komplexen Arbeitsbedingungen wie hohen Temperaturen, hohem Druck und starker Korrosion.<\/p>\n<p class=\"ql-align-justify\">","protected":false},"featured_media":8027,"template":"","meta":[],"product_brand":[],"product_cat":[37],"product_tag":[],"class_list":{"0":"post-8025","1":"product","2":"type-product","3":"status-publish","4":"has-post-thumbnail","6":"product_cat-graphite-electrode","8":"first","9":"instock","10":"shipping-taxable","11":"product-type-simple"},"yoast_head":"<!-- This site is optimized with the Yoast SEO Premium plugin v19.2.1 (Yoast SEO v25.3) - https:\/\/yoast.com\/wordpress\/plugins\/seo\/ -->\n<title>Flexible Graphite Gasket Manufacturer in China<\/title>\n<meta name=\"description\" content=\"Flexible graphite gasket comes in various shapes such as circular, square, and various irregular forms and has remarkable advantages.\" \/>\n<meta name=\"robots\" content=\"index, follow, max-snippet:-1, max-image-preview:large, max-video-preview:-1\" \/>\n<link rel=\"canonical\" href=\"https:\/\/jinsuncarbon.com\/de\/produkt\/flexible-graphitdichtung\/\" \/>\n<meta property=\"og:locale\" content=\"de_DE\" \/>\n<meta property=\"og:type\" content=\"article\" \/>\n<meta property=\"og:title\" content=\"Flexible Graphite Gasket\" \/>\n<meta property=\"og:description\" content=\"Flexible graphite gasket comes in various shapes such as circular, square, and various irregular forms and has remarkable advantages.\" \/>\n<meta property=\"og:url\" content=\"https:\/\/jinsuncarbon.com\/de\/produkt\/flexible-graphitdichtung\/\" \/>\n<meta property=\"og:site_name\" content=\"Jinsun Carbon\" \/>\n<meta property=\"article:publisher\" content=\"https:\/\/www.facebook.com\/Graphite-Electrode-109336238661595\" \/>\n<meta property=\"article:modified_time\" content=\"2025-08-18T02:43:59+00:00\" \/>\n<meta property=\"og:image\" content=\"https:\/\/jinsuncarbon.com\/wp-content\/uploads\/2025\/08\/Flexible-Graphite-Gasket.jpg\" \/>\n\t<meta property=\"og:image:width\" content=\"1024\" \/>\n\t<meta property=\"og:image:height\" content=\"763\" \/>\n\t<meta property=\"og:image:type\" content=\"image\/jpeg\" \/>\n<meta name=\"twitter:card\" content=\"summary_large_image\" \/>\n<meta name=\"twitter:site\" content=\"@jinsuncarbon_\" \/>\n<meta name=\"twitter:label1\" content=\"Gesch\u00e4tzte Lesezeit\" \/>\n\t<meta name=\"twitter:data1\" content=\"3\u00a0Minuten\" \/>\n<script type=\"application\/ld+json\" class=\"yoast-schema-graph\">{\"@context\":\"https:\/\/schema.org\",\"@graph\":[{\"@type\":\"WebPage\",\"@id\":\"https:\/\/jinsuncarbon.com\/product\/flexible-graphite-gasket\/\",\"url\":\"https:\/\/jinsuncarbon.com\/product\/flexible-graphite-gasket\/\",\"name\":\"Flexible Graphite Gasket Manufacturer in China\",\"isPartOf\":{\"@id\":\"https:\/\/jinsuncarbon.com\/#website\"},\"primaryImageOfPage\":{\"@id\":\"https:\/\/jinsuncarbon.com\/product\/flexible-graphite-gasket\/#primaryimage\"},\"image\":{\"@id\":\"https:\/\/jinsuncarbon.com\/product\/flexible-graphite-gasket\/#primaryimage\"},\"thumbnailUrl\":\"https:\/\/jinsuncarbon.com\/wp-content\/uploads\/2025\/08\/Flexible-Graphite-Gasket.jpg\",\"datePublished\":\"2025-08-18T02:43:58+00:00\",\"dateModified\":\"2025-08-18T02:43:59+00:00\",\"description\":\"Flexible graphite gasket comes in various shapes such as circular, square, and various irregular forms and has remarkable advantages.\",\"breadcrumb\":{\"@id\":\"https:\/\/jinsuncarbon.com\/product\/flexible-graphite-gasket\/#breadcrumb\"},\"inLanguage\":\"de\",\"potentialAction\":[{\"@type\":\"ReadAction\",\"target\":[\"https:\/\/jinsuncarbon.com\/product\/flexible-graphite-gasket\/\"]}]},{\"@type\":\"ImageObject\",\"inLanguage\":\"de\",\"@id\":\"https:\/\/jinsuncarbon.com\/product\/flexible-graphite-gasket\/#primaryimage\",\"url\":\"https:\/\/jinsuncarbon.com\/wp-content\/uploads\/2025\/08\/Flexible-Graphite-Gasket.jpg\",\"contentUrl\":\"https:\/\/jinsuncarbon.com\/wp-content\/uploads\/2025\/08\/Flexible-Graphite-Gasket.jpg\",\"width\":1024,\"height\":763,\"caption\":\"Flexible Graphite Gasket\"},{\"@type\":\"BreadcrumbList\",\"@id\":\"https:\/\/jinsuncarbon.com\/product\/flexible-graphite-gasket\/#breadcrumb\",\"itemListElement\":[{\"@type\":\"ListItem\",\"position\":1,\"name\":\"Home\",\"item\":\"https:\/\/jinsuncarbon.com\/\"},{\"@type\":\"ListItem\",\"position\":2,\"name\":\"Products\",\"item\":\"https:\/\/jinsuncarbon.com\/graphite-carbon\/\"},{\"@type\":\"ListItem\",\"position\":3,\"name\":\"Flexible Graphite Gasket\"}]},{\"@type\":\"WebSite\",\"@id\":\"https:\/\/jinsuncarbon.com\/#website\",\"url\":\"https:\/\/jinsuncarbon.com\/\",\"name\":\"Jinsun Carbon\",\"description\":\"We are the successful graphite electrode manufacturer in China\",\"publisher\":{\"@id\":\"https:\/\/jinsuncarbon.com\/#organization\"},\"potentialAction\":[{\"@type\":\"SearchAction\",\"target\":{\"@type\":\"EntryPoint\",\"urlTemplate\":\"https:\/\/jinsuncarbon.com\/?s={search_term_string}\"},\"query-input\":{\"@type\":\"PropertyValueSpecification\",\"valueRequired\":true,\"valueName\":\"search_term_string\"}}],\"inLanguage\":\"de\"},{\"@type\":\"Organization\",\"@id\":\"https:\/\/jinsuncarbon.com\/#organization\",\"name\":\"Jinsun Carbon\",\"alternateName\":\"Jinsun Carbon\",\"url\":\"https:\/\/jinsuncarbon.com\/\",\"logo\":{\"@type\":\"ImageObject\",\"inLanguage\":\"de\",\"@id\":\"https:\/\/jinsuncarbon.com\/#\/schema\/logo\/image\/\",\"url\":\"https:\/\/jinsuncarbon.com\/wp-content\/uploads\/2022\/12\/LOGO-1.png\",\"contentUrl\":\"https:\/\/jinsuncarbon.com\/wp-content\/uploads\/2022\/12\/LOGO-1.png\",\"width\":207,\"height\":80,\"caption\":\"Jinsun Carbon\"},\"image\":{\"@id\":\"https:\/\/jinsuncarbon.com\/#\/schema\/logo\/image\/\"},\"sameAs\":[\"https:\/\/www.facebook.com\/Graphite-Electrode-109336238661595\",\"https:\/\/x.com\/jinsuncarbon_\",\"https:\/\/www.linkedin.com\/in\/jinsungraphite\",\"https:\/\/www.youtube.com\/channel\/UCysDNyvyR5-3cCWEmpkVC0g\"]}]}<\/script>\n<!-- \/ Yoast SEO Premium plugin. -->","yoast_head_json":{"title":"Flexible Graphitdichtung Hersteller in China","description":"Flexible Graphitdichtungen gibt es in verschiedenen Formen, wie z. B. kreisf\u00f6rmig, quadratisch und in verschiedenen unregelm\u00e4\u00dfigen Formen, und sie haben bemerkenswerte Vorteile.","robots":{"index":"index","follow":"follow","max-snippet":"max-snippet:-1","max-image-preview":"max-image-preview:large","max-video-preview":"max-video-preview:-1"},"canonical":"https:\/\/jinsuncarbon.com\/de\/produkt\/flexible-graphitdichtung\/","og_locale":"de_DE","og_type":"article","og_title":"Flexible Graphite Gasket","og_description":"Flexible graphite gasket comes in various shapes such as circular, square, and various irregular forms and has remarkable advantages.","og_url":"https:\/\/jinsuncarbon.com\/de\/produkt\/flexible-graphitdichtung\/","og_site_name":"Jinsun Carbon","article_publisher":"https:\/\/www.facebook.com\/Graphite-Electrode-109336238661595","article_modified_time":"2025-08-18T02:43:59+00:00","og_image":[{"width":1024,"height":763,"url":"https:\/\/jinsuncarbon.com\/wp-content\/uploads\/2025\/08\/Flexible-Graphite-Gasket.jpg","type":"image\/jpeg"}],"twitter_card":"summary_large_image","twitter_site":"@jinsuncarbon_","twitter_misc":{"Gesch\u00e4tzte Lesezeit":"3\u00a0Minuten"},"schema":{"@context":"https:\/\/schema.org","@graph":[{"@type":"WebPage","@id":"https:\/\/jinsuncarbon.com\/product\/flexible-graphite-gasket\/","url":"https:\/\/jinsuncarbon.com\/product\/flexible-graphite-gasket\/","name":"Flexible Graphitdichtung Hersteller in China","isPartOf":{"@id":"https:\/\/jinsuncarbon.com\/#website"},"primaryImageOfPage":{"@id":"https:\/\/jinsuncarbon.com\/product\/flexible-graphite-gasket\/#primaryimage"},"image":{"@id":"https:\/\/jinsuncarbon.com\/product\/flexible-graphite-gasket\/#primaryimage"},"thumbnailUrl":"https:\/\/jinsuncarbon.com\/wp-content\/uploads\/2025\/08\/Flexible-Graphite-Gasket.jpg","datePublished":"2025-08-18T02:43:58+00:00","dateModified":"2025-08-18T02:43:59+00:00","description":"Flexible Graphitdichtungen gibt es in verschiedenen Formen, wie z. B. kreisf\u00f6rmig, quadratisch und in verschiedenen unregelm\u00e4\u00dfigen Formen, und sie haben bemerkenswerte Vorteile.","breadcrumb":{"@id":"https:\/\/jinsuncarbon.com\/product\/flexible-graphite-gasket\/#breadcrumb"},"inLanguage":"de","potentialAction":[{"@type":"ReadAction","target":["https:\/\/jinsuncarbon.com\/product\/flexible-graphite-gasket\/"]}]},{"@type":"ImageObject","inLanguage":"de","@id":"https:\/\/jinsuncarbon.com\/product\/flexible-graphite-gasket\/#primaryimage","url":"https:\/\/jinsuncarbon.com\/wp-content\/uploads\/2025\/08\/Flexible-Graphite-Gasket.jpg","contentUrl":"https:\/\/jinsuncarbon.com\/wp-content\/uploads\/2025\/08\/Flexible-Graphite-Gasket.jpg","width":1024,"height":763,"caption":"Flexible Graphite Gasket"},{"@type":"BreadcrumbList","@id":"https:\/\/jinsuncarbon.com\/product\/flexible-graphite-gasket\/#breadcrumb","itemListElement":[{"@type":"ListItem","position":1,"name":"Home","item":"https:\/\/jinsuncarbon.com\/"},{"@type":"ListItem","position":2,"name":"Products","item":"https:\/\/jinsuncarbon.com\/graphite-carbon\/"},{"@type":"ListItem","position":3,"name":"Flexible Graphite Gasket"}]},{"@type":"WebSite","@id":"https:\/\/jinsuncarbon.com\/#website","url":"https:\/\/jinsuncarbon.com\/","name":"Jinsun Kohlenstoff","description":"Wir sind der erfolgreiche Hersteller von Graphitelektroden in China","publisher":{"@id":"https:\/\/jinsuncarbon.com\/#organization"},"potentialAction":[{"@type":"SearchAction","target":{"@type":"EntryPoint","urlTemplate":"https:\/\/jinsuncarbon.com\/?s={search_term_string}"},"query-input":{"@type":"PropertyValueSpecification","valueRequired":true,"valueName":"search_term_string"}}],"inLanguage":"de"},{"@type":"Organization","@id":"https:\/\/jinsuncarbon.com\/#organization","name":"Jinsun Kohlenstoff","alternateName":"Jinsun Carbon","url":"https:\/\/jinsuncarbon.com\/","logo":{"@type":"ImageObject","inLanguage":"de","@id":"https:\/\/jinsuncarbon.com\/#\/schema\/logo\/image\/","url":"https:\/\/jinsuncarbon.com\/wp-content\/uploads\/2022\/12\/LOGO-1.png","contentUrl":"https:\/\/jinsuncarbon.com\/wp-content\/uploads\/2022\/12\/LOGO-1.png","width":207,"height":80,"caption":"Jinsun Carbon"},"image":{"@id":"https:\/\/jinsuncarbon.com\/#\/schema\/logo\/image\/"},"sameAs":["https:\/\/www.facebook.com\/Graphite-Electrode-109336238661595","https:\/\/x.com\/jinsuncarbon_","https:\/\/www.linkedin.com\/in\/jinsungraphite","https:\/\/www.youtube.com\/channel\/UCysDNyvyR5-3cCWEmpkVC0g"]}]}},"_links":{"self":[{"href":"https:\/\/jinsuncarbon.com\/de\/wp-json\/wp\/v2\/product\/8025","targetHints":{"allow":["GET"]}}],"collection":[{"href":"https:\/\/jinsuncarbon.com\/de\/wp-json\/wp\/v2\/product"}],"about":[{"href":"https:\/\/jinsuncarbon.com\/de\/wp-json\/wp\/v2\/types\/product"}],"wp:featuredmedia":[{"embeddable":true,"href":"https:\/\/jinsuncarbon.com\/de\/wp-json\/wp\/v2\/media\/8027"}],"wp:attachment":[{"href":"https:\/\/jinsuncarbon.com\/de\/wp-json\/wp\/v2\/media?parent=8025"}],"wp:term":[{"taxonomy":"product_brand","embeddable":true,"href":"https:\/\/jinsuncarbon.com\/de\/wp-json\/wp\/v2\/product_brand?post=8025"},{"taxonomy":"product_cat","embeddable":true,"href":"https:\/\/jinsuncarbon.com\/de\/wp-json\/wp\/v2\/product_cat?post=8025"},{"taxonomy":"product_tag","embeddable":true,"href":"https:\/\/jinsuncarbon.com\/de\/wp-json\/wp\/v2\/product_tag?post=8025"}],"curies":[{"name":"wp","href":"https:\/\/api.w.org\/{rel}","templated":true}]}}