{"id":8019,"date":"2025-08-02T08:47:55","date_gmt":"2025-08-02T08:47:55","guid":{"rendered":"https:\/\/jinsuncarbon.com\/?post_type=product&#038;p=8019"},"modified":"2025-08-26T05:00:16","modified_gmt":"2025-08-26T05:00:16","slug":"graphitaufkohlungsanlage","status":"publish","type":"product","link":"https:\/\/jinsuncarbon.com\/de\/produkt\/graphitaufkohlungsanlage\/","title":{"rendered":"Graphit-Aufkohlungsanlage"},"content":{"rendered":"<h2>Graphit Aufkohlungsanlage Hersteller<\/h2>\n<p><strong><b>Hoch<\/b><\/strong><strong><b>\u00a0Kohlenstoffgehalt <\/b><\/strong><\/p>\n<p>Der Kohlenstoffgehalt liegt in der Regel bei \u00fcber 90% und kann bei einigen hochwertigen Produkten sogar \u00fcber 98% liegen. Dies macht es kann schnell aufzuf\u00fcllen Kohlenstoff-Elemente zu geschmolzenem Stahl und verbessern die Schmelzleistung.<\/p>\n<p>&nbsp;<\/p>\n<p><strong><b>Niedrig<\/b><\/strong><strong><b>\u00a0St\u00f6rstellengehalt<\/b><\/strong><\/p>\n<p>Nach der Reinigungsbehandlung ist der Gehalt an sch\u00e4dlichen Verunreinigungen wie Schwefel, Phosphor und Stickstoff gering. Dadurch werden die nachteiligen Auswirkungen auf die metallischen Eigenschaften verringert.<\/p>\n<p>&nbsp;<\/p>\n<p><strong><b>I<\/b><\/strong><strong><b>die Morphologie des Graphits zu verbessern<\/b><\/strong><\/p>\n<p>Dadurch l\u00e4sst es sich leicht in geschmolzenem Metall aufl\u00f6sen und schnell absorbieren, wodurch der Kohlenstoffgehalt des Metalls rasch ansteigen kann.<\/p>\n<p>&nbsp;<\/p>\n<p><strong><b>G<\/b><\/strong><strong><b>gute chemische Stabilit\u00e4t<\/b><\/strong><\/p>\n<p>Es kann eine stabile Leistung in Hochtemperatur-Schmelzumgebungen beibehalten, die wahrscheinlich keine nachteiligen Reaktionen mit anderen Stoffen haben wird.<\/p>\n<p>&nbsp;<\/p>\n<p><strong><b>Einheitliche Zusammensetzung<\/b><\/strong><\/p>\n<p>Dies gew\u00e4hrleistet die Best\u00e4ndigkeit der kohlenstoffsteigernden Wirkung.<\/p>\n<p>&nbsp;<\/p>\n<p><strong><b>C<\/b><\/strong><strong><b>praktisch in der Anwendung<\/b><\/strong><\/p>\n<p>Sie k\u00f6nnen die Zugabemenge je nach Bedarf einstellen und so den Kohlenstoffgehalt des Metalls genau steuern.<\/p>\n<p>&nbsp;<\/p>\n<h2>Technische Spezifikation<\/h2>\n<table>\n<tbody>\n<tr>\n<td width=\"53\">ITEM<\/td>\n<td width=\"53\">Spezifische Resistenz<\/td>\n<td width=\"53\">Schwefel<\/p>\n<p>Inhalt<\/td>\n<td width=\"53\">Esche<\/td>\n<td width=\"53\">Fl\u00fcchtig<\/p>\n<p>Materie<\/td>\n<td width=\"53\">Luftfeuchtigkeit<\/td>\n<td width=\"53\">Kohlenstoff<\/p>\n<p>Inhalt<\/td>\n<td width=\"53\">Stickstoff<\/p>\n<p>Inhalt<\/td>\n<\/tr>\n<tr>\n<td width=\"53\">Verbrennungsanlage<\/p>\n<p>0-2<\/td>\n<td width=\"53\">&lt;120<\/td>\n<td width=\"53\">&lt;0.3<\/td>\n<td width=\"53\">&lt;1<\/td>\n<td width=\"53\">&lt;0.5<\/td>\n<td width=\"53\">&lt;0.05<\/td>\n<td width=\"53\">&gt;98.5<\/td>\n<td width=\"53\">&lt;300<\/td>\n<\/tr>\n<tr>\n<td width=\"53\">Verbrennungsanlage<\/p>\n<p>2-5<\/td>\n<td width=\"53\">&lt;120<\/td>\n<td width=\"53\">&lt;0.05<\/td>\n<td width=\"53\">&lt;1<\/td>\n<td width=\"53\">&lt;0.5<\/td>\n<td width=\"53\">&lt;0.05<\/td>\n<td width=\"53\">&gt;98.5<\/td>\n<td width=\"53\">&lt;300<\/td>\n<\/tr>\n<tr>\n<td width=\"53\">Verbrennungsanlage<\/p>\n<p>5-30<\/td>\n<td width=\"53\">80-100<\/td>\n<td width=\"53\">&lt;0.05<\/td>\n<td width=\"53\">&lt;0.7<\/td>\n<td width=\"53\">&lt;0.5<\/td>\n<td width=\"53\">&lt;0.05<\/td>\n<td width=\"53\">&gt;98.5<\/td>\n<td width=\"53\">&lt;300<\/td>\n<\/tr>\n<\/tbody>\n<\/table>\n<h2><\/h2>\n<h2>Verwendungen von Graphitaufkohlungsanlagen<\/h2>\n<p>Graphit-Rekarbonisierer sind weit verbreitet und es gibt einige g\u00e4ngige Anwendungsbereiche.<\/p>\n<h3><strong><b>Die Eisengussindustrie: <\/b><\/strong><\/h3>\n<p><strong><b>I. Herstellung von Grauguss<\/b><\/strong><\/p>\n<p>Durch die Zugabe w\u00e4hrend des Schmelzprozesses von Grauguss kann der Kohlenstoffgehalt auf einen geeigneten Bereich eingestellt werden. Der Bereich liegt im Allgemeinen bei 2,5% - 4%, was die\u00a0<a href=\"https:\/\/jinsuncarbon.com\/de\/was-ist-graphitierung\/\">Graphitierung<\/a>. Au\u00dferdem verbessert es die Bearbeitungsleistung und die mechanischen Eigenschaften der Gussteile, wie zum Beispiel die Verschlei\u00dffestigkeit und die Druckfestigkeit.<\/p>\n<p>&nbsp;<\/p>\n<p><strong><b>II. Herstellung von Gusseisen mit Kugelgraphit<\/b><\/strong><\/p>\n<p>Es kann f\u00fcr das Schmelzen von Gusseisen mit Kugelgraphit verwendet werden, da es den Kohlenstoffgehalt stabilisieren kann. Wenn es in Kombination mit Sph\u00e4roidisierungsmitteln verwendet wird, kann es den Sph\u00e4roidisierungseffekt sicherstellen. Au\u00dferdem kann es die Z\u00e4higkeit und Festigkeit der Gussteile verbessern, was f\u00fcr die Herstellung von Automobilteilen, Rohren usw. geeignet ist.<\/p>\n<p>&nbsp;<\/p>\n<p><strong><b>III. Schmiedbares Gusseisen<\/b><\/strong><strong><b>\u00a0<\/b><\/strong><strong><b>Produktion<\/b><\/strong><\/p>\n<p>Es kann dazu beitragen, den Kohlenstoffgehalt des geschmolzenen Eisens zu regulieren und so die Voraussetzungen f\u00fcr die Ausscheidung von Graphit w\u00e4hrend des anschlie\u00dfenden Gl\u00fchvorgangs zu schaffen. Dadurch wird die Bearbeitbarkeit des schmiedbaren Gusseisens gew\u00e4hrleistet.<\/p>\n<p>&nbsp;<\/p>\n<p><strong><b>IV. Stahlgussindustrie: <\/b><\/strong><\/p>\n<p>Es kann bei der Herstellung verschiedener Kohlenstoffst\u00e4hle und legierter Gussst\u00e4hle verwendet werden, um die w\u00e4hrend des Schmelzvorgangs verlorenen Kohlenstoffbestandteile zu ersetzen. Es kontrolliert den Kohlenstoffgehalt innerhalb des vorgesehenen Bereichs, der f\u00fcr die Herstellung von Maschinenbettgestellen, Maschinenteilen usw. verwendet wird. Au\u00dferdem kann es sicherstellen, dass die H\u00e4rte, die Festigkeit und andere Eigenschaften des Stahls den Normen entsprechen.<\/p>\n<p>&nbsp;<\/p>\n<h3><strong><b>Andere metallurgische Bereiche: <\/b><\/strong><\/h3>\n<p><strong><b>Pulvermetallurgie<\/b><\/strong><\/p>\n<p>In der<a href=\"https:\/\/en.wikipedia.org\/wiki\/Powder_metallurgy\" target=\"_blank\" rel=\"noopener\"> Pulvermetallurgie<\/a> Prozess k\u00f6nnen Sie es als Kohlenstoffquelle hinzuf\u00fcgen. Es kann den Kohlenstoffgehalt der Legierung anpassen und Metallpulverprodukte mit spezifischen Eigenschaften herstellen.<\/p>\n<p>&nbsp;<\/p>\n<p><strong><b>Herstellung von Eisenlegierungen<\/b><\/strong><\/p>\n<p>Bei einigen Verfahren zur Herstellung von Eisenlegierungen muss der Kohlenstoffgehalt kontrolliert werden. Daher k\u00f6nnen Sie den Graphit-Rekarbonisator als pr\u00e4zisen Kohlenstoffzusatz verwenden, um die Produktqualit\u00e4t sicherzustellen.<\/p>","protected":false},"excerpt":{"rendered":"<p>Graphit-Rekarbonisator ist eine Art Kohlenstoffzusatz, der aus nat\u00fcrlichem oder k\u00fcnstlichem Graphit als Hauptrohstoff hergestellt und durch Zerkleinern, Sieben und andere Techniken verarbeitet wird. Es hat einen hohen Kohlenstoffgehalt, geringe Verunreinigungen und eine ausgezeichnete Kohlenstoffabsorptionsleistung, so dass es ein effizientes kohlenstoffsteigerndes Material ist. Es spielt eine wichtige Rolle in der Stahl- und Gie\u00dfereiindustrie und erf\u00fcllt die Forderung nach einer Regulierung des Kohlenstoffgehalts in der Metallverh\u00fcttung. Die Formen sind vielf\u00e4ltig und umfassen in der Regel k\u00f6rnig, pulverf\u00f6rmig und blockartig. Die spezifische Form kann je nach den Anforderungen des Schmelzprozesses angepasst werden.<\/p>","protected":false},"featured_media":8020,"template":"","meta":[],"product_brand":[],"product_cat":[40],"product_tag":[],"class_list":{"0":"post-8019","1":"product","2":"type-product","3":"status-publish","4":"has-post-thumbnail","6":"product_cat-petroleum-coke","8":"first","9":"instock","10":"shipping-taxable","11":"product-type-simple"},"yoast_head":"<!-- This site is optimized with the Yoast SEO Premium plugin v19.2.1 (Yoast SEO v25.3) - https:\/\/yoast.com\/wordpress\/plugins\/seo\/ -->\n<title>Graphite Recarburizer | Jinsun Carbon<\/title>\n<meta name=\"description\" content=\"Graphite recarburizer manufacturer and supplier, graphite recarburizercan be used in steelmaking, cast iron, alloy casting or as an auxiliary material for smelting.\" \/>\n<meta name=\"robots\" content=\"index, follow, max-snippet:-1, max-image-preview:large, max-video-preview:-1\" \/>\n<link rel=\"canonical\" href=\"https:\/\/jinsuncarbon.com\/de\/produkt\/graphitaufkohlungsanlage\/\" \/>\n<meta property=\"og:locale\" content=\"de_DE\" \/>\n<meta property=\"og:type\" content=\"article\" \/>\n<meta property=\"og:title\" content=\"Graphite Recarburizer\" \/>\n<meta property=\"og:description\" content=\"Graphite recarburizer manufacturer and supplier, graphite recarburizercan be used in steelmaking, cast iron, alloy casting or as an auxiliary material for smelting.\" \/>\n<meta property=\"og:url\" content=\"https:\/\/jinsuncarbon.com\/de\/produkt\/graphitaufkohlungsanlage\/\" \/>\n<meta property=\"og:site_name\" content=\"Jinsun Carbon\" \/>\n<meta property=\"article:publisher\" content=\"https:\/\/www.facebook.com\/Graphite-Electrode-109336238661595\" \/>\n<meta property=\"article:modified_time\" content=\"2025-08-26T05:00:16+00:00\" \/>\n<meta property=\"og:image\" content=\"https:\/\/jinsuncarbon.com\/wp-content\/uploads\/2025\/08\/Graphite-Recarburizer.jpg\" \/>\n\t<meta property=\"og:image:width\" content=\"1024\" \/>\n\t<meta property=\"og:image:height\" content=\"763\" \/>\n\t<meta property=\"og:image:type\" content=\"image\/jpeg\" \/>\n<meta name=\"twitter:card\" content=\"summary_large_image\" \/>\n<meta name=\"twitter:site\" content=\"@jinsuncarbon_\" \/>\n<meta name=\"twitter:label1\" content=\"Gesch\u00e4tzte Lesezeit\" \/>\n\t<meta name=\"twitter:data1\" content=\"3\u00a0Minuten\" \/>\n<script type=\"application\/ld+json\" class=\"yoast-schema-graph\">{\"@context\":\"https:\/\/schema.org\",\"@graph\":[{\"@type\":\"WebPage\",\"@id\":\"https:\/\/jinsuncarbon.com\/product\/graphite-recarburizer\/\",\"url\":\"https:\/\/jinsuncarbon.com\/product\/graphite-recarburizer\/\",\"name\":\"Graphite Recarburizer | Jinsun Carbon\",\"isPartOf\":{\"@id\":\"https:\/\/jinsuncarbon.com\/#website\"},\"primaryImageOfPage\":{\"@id\":\"https:\/\/jinsuncarbon.com\/product\/graphite-recarburizer\/#primaryimage\"},\"image\":{\"@id\":\"https:\/\/jinsuncarbon.com\/product\/graphite-recarburizer\/#primaryimage\"},\"thumbnailUrl\":\"https:\/\/jinsuncarbon.com\/wp-content\/uploads\/2025\/08\/Graphite-Recarburizer.jpg\",\"datePublished\":\"2025-08-02T08:47:55+00:00\",\"dateModified\":\"2025-08-26T05:00:16+00:00\",\"description\":\"Graphite recarburizer manufacturer and supplier, graphite recarburizercan be used in steelmaking, cast iron, alloy casting or as an auxiliary material for smelting.\",\"breadcrumb\":{\"@id\":\"https:\/\/jinsuncarbon.com\/product\/graphite-recarburizer\/#breadcrumb\"},\"inLanguage\":\"de\",\"potentialAction\":[{\"@type\":\"ReadAction\",\"target\":[\"https:\/\/jinsuncarbon.com\/product\/graphite-recarburizer\/\"]}]},{\"@type\":\"ImageObject\",\"inLanguage\":\"de\",\"@id\":\"https:\/\/jinsuncarbon.com\/product\/graphite-recarburizer\/#primaryimage\",\"url\":\"https:\/\/jinsuncarbon.com\/wp-content\/uploads\/2025\/08\/Graphite-Recarburizer.jpg\",\"contentUrl\":\"https:\/\/jinsuncarbon.com\/wp-content\/uploads\/2025\/08\/Graphite-Recarburizer.jpg\",\"width\":1024,\"height\":763,\"caption\":\"Graphite Recarburizer\"},{\"@type\":\"BreadcrumbList\",\"@id\":\"https:\/\/jinsuncarbon.com\/product\/graphite-recarburizer\/#breadcrumb\",\"itemListElement\":[{\"@type\":\"ListItem\",\"position\":1,\"name\":\"Home\",\"item\":\"https:\/\/jinsuncarbon.com\/\"},{\"@type\":\"ListItem\",\"position\":2,\"name\":\"Products\",\"item\":\"https:\/\/jinsuncarbon.com\/graphite-carbon\/\"},{\"@type\":\"ListItem\",\"position\":3,\"name\":\"Graphite Recarburizer\"}]},{\"@type\":\"WebSite\",\"@id\":\"https:\/\/jinsuncarbon.com\/#website\",\"url\":\"https:\/\/jinsuncarbon.com\/\",\"name\":\"Jinsun Carbon\",\"description\":\"We are the successful graphite electrode manufacturer in China\",\"publisher\":{\"@id\":\"https:\/\/jinsuncarbon.com\/#organization\"},\"potentialAction\":[{\"@type\":\"SearchAction\",\"target\":{\"@type\":\"EntryPoint\",\"urlTemplate\":\"https:\/\/jinsuncarbon.com\/?s={search_term_string}\"},\"query-input\":{\"@type\":\"PropertyValueSpecification\",\"valueRequired\":true,\"valueName\":\"search_term_string\"}}],\"inLanguage\":\"de\"},{\"@type\":\"Organization\",\"@id\":\"https:\/\/jinsuncarbon.com\/#organization\",\"name\":\"Jinsun Carbon\",\"alternateName\":\"Jinsun Carbon\",\"url\":\"https:\/\/jinsuncarbon.com\/\",\"logo\":{\"@type\":\"ImageObject\",\"inLanguage\":\"de\",\"@id\":\"https:\/\/jinsuncarbon.com\/#\/schema\/logo\/image\/\",\"url\":\"https:\/\/jinsuncarbon.com\/wp-content\/uploads\/2022\/12\/LOGO-1.png\",\"contentUrl\":\"https:\/\/jinsuncarbon.com\/wp-content\/uploads\/2022\/12\/LOGO-1.png\",\"width\":207,\"height\":80,\"caption\":\"Jinsun Carbon\"},\"image\":{\"@id\":\"https:\/\/jinsuncarbon.com\/#\/schema\/logo\/image\/\"},\"sameAs\":[\"https:\/\/www.facebook.com\/Graphite-Electrode-109336238661595\",\"https:\/\/x.com\/jinsuncarbon_\",\"https:\/\/www.linkedin.com\/in\/jinsungraphite\",\"https:\/\/www.youtube.com\/channel\/UCysDNyvyR5-3cCWEmpkVC0g\"]}]}<\/script>\n<!-- \/ Yoast SEO Premium plugin. -->","yoast_head_json":{"title":"Graphit-Aufkohlungsanlage | Jinsun Carbon","description":"Hersteller und Lieferant von Graphitaufkohlungsanlagen, Graphitaufkohlungsanlagen k\u00f6nnen in der Stahlerzeugung, im Gusseisen- und Legierungsguss oder als Hilfsmaterial f\u00fcr die Verh\u00fcttung verwendet werden.","robots":{"index":"index","follow":"follow","max-snippet":"max-snippet:-1","max-image-preview":"max-image-preview:large","max-video-preview":"max-video-preview:-1"},"canonical":"https:\/\/jinsuncarbon.com\/de\/produkt\/graphitaufkohlungsanlage\/","og_locale":"de_DE","og_type":"article","og_title":"Graphite Recarburizer","og_description":"Graphite recarburizer manufacturer and supplier, graphite recarburizercan be used in steelmaking, cast iron, alloy casting or as an auxiliary material for smelting.","og_url":"https:\/\/jinsuncarbon.com\/de\/produkt\/graphitaufkohlungsanlage\/","og_site_name":"Jinsun Carbon","article_publisher":"https:\/\/www.facebook.com\/Graphite-Electrode-109336238661595","article_modified_time":"2025-08-26T05:00:16+00:00","og_image":[{"width":1024,"height":763,"url":"https:\/\/jinsuncarbon.com\/wp-content\/uploads\/2025\/08\/Graphite-Recarburizer.jpg","type":"image\/jpeg"}],"twitter_card":"summary_large_image","twitter_site":"@jinsuncarbon_","twitter_misc":{"Gesch\u00e4tzte Lesezeit":"3\u00a0Minuten"},"schema":{"@context":"https:\/\/schema.org","@graph":[{"@type":"WebPage","@id":"https:\/\/jinsuncarbon.com\/product\/graphite-recarburizer\/","url":"https:\/\/jinsuncarbon.com\/product\/graphite-recarburizer\/","name":"Graphit-Aufkohlungsanlage | Jinsun Carbon","isPartOf":{"@id":"https:\/\/jinsuncarbon.com\/#website"},"primaryImageOfPage":{"@id":"https:\/\/jinsuncarbon.com\/product\/graphite-recarburizer\/#primaryimage"},"image":{"@id":"https:\/\/jinsuncarbon.com\/product\/graphite-recarburizer\/#primaryimage"},"thumbnailUrl":"https:\/\/jinsuncarbon.com\/wp-content\/uploads\/2025\/08\/Graphite-Recarburizer.jpg","datePublished":"2025-08-02T08:47:55+00:00","dateModified":"2025-08-26T05:00:16+00:00","description":"Hersteller und Lieferant von Graphitaufkohlungsanlagen, Graphitaufkohlungsanlagen k\u00f6nnen in der Stahlerzeugung, im Gusseisen- und Legierungsguss oder als Hilfsmaterial f\u00fcr die Verh\u00fcttung verwendet werden.","breadcrumb":{"@id":"https:\/\/jinsuncarbon.com\/product\/graphite-recarburizer\/#breadcrumb"},"inLanguage":"de","potentialAction":[{"@type":"ReadAction","target":["https:\/\/jinsuncarbon.com\/product\/graphite-recarburizer\/"]}]},{"@type":"ImageObject","inLanguage":"de","@id":"https:\/\/jinsuncarbon.com\/product\/graphite-recarburizer\/#primaryimage","url":"https:\/\/jinsuncarbon.com\/wp-content\/uploads\/2025\/08\/Graphite-Recarburizer.jpg","contentUrl":"https:\/\/jinsuncarbon.com\/wp-content\/uploads\/2025\/08\/Graphite-Recarburizer.jpg","width":1024,"height":763,"caption":"Graphite Recarburizer"},{"@type":"BreadcrumbList","@id":"https:\/\/jinsuncarbon.com\/product\/graphite-recarburizer\/#breadcrumb","itemListElement":[{"@type":"ListItem","position":1,"name":"Home","item":"https:\/\/jinsuncarbon.com\/"},{"@type":"ListItem","position":2,"name":"Products","item":"https:\/\/jinsuncarbon.com\/graphite-carbon\/"},{"@type":"ListItem","position":3,"name":"Graphite Recarburizer"}]},{"@type":"WebSite","@id":"https:\/\/jinsuncarbon.com\/#website","url":"https:\/\/jinsuncarbon.com\/","name":"Jinsun Kohlenstoff","description":"Wir sind der erfolgreiche Hersteller von Graphitelektroden in China","publisher":{"@id":"https:\/\/jinsuncarbon.com\/#organization"},"potentialAction":[{"@type":"SearchAction","target":{"@type":"EntryPoint","urlTemplate":"https:\/\/jinsuncarbon.com\/?s={search_term_string}"},"query-input":{"@type":"PropertyValueSpecification","valueRequired":true,"valueName":"search_term_string"}}],"inLanguage":"de"},{"@type":"Organization","@id":"https:\/\/jinsuncarbon.com\/#organization","name":"Jinsun Kohlenstoff","alternateName":"Jinsun Carbon","url":"https:\/\/jinsuncarbon.com\/","logo":{"@type":"ImageObject","inLanguage":"de","@id":"https:\/\/jinsuncarbon.com\/#\/schema\/logo\/image\/","url":"https:\/\/jinsuncarbon.com\/wp-content\/uploads\/2022\/12\/LOGO-1.png","contentUrl":"https:\/\/jinsuncarbon.com\/wp-content\/uploads\/2022\/12\/LOGO-1.png","width":207,"height":80,"caption":"Jinsun Carbon"},"image":{"@id":"https:\/\/jinsuncarbon.com\/#\/schema\/logo\/image\/"},"sameAs":["https:\/\/www.facebook.com\/Graphite-Electrode-109336238661595","https:\/\/x.com\/jinsuncarbon_","https:\/\/www.linkedin.com\/in\/jinsungraphite","https:\/\/www.youtube.com\/channel\/UCysDNyvyR5-3cCWEmpkVC0g"]}]}},"_links":{"self":[{"href":"https:\/\/jinsuncarbon.com\/de\/wp-json\/wp\/v2\/product\/8019","targetHints":{"allow":["GET"]}}],"collection":[{"href":"https:\/\/jinsuncarbon.com\/de\/wp-json\/wp\/v2\/product"}],"about":[{"href":"https:\/\/jinsuncarbon.com\/de\/wp-json\/wp\/v2\/types\/product"}],"wp:featuredmedia":[{"embeddable":true,"href":"https:\/\/jinsuncarbon.com\/de\/wp-json\/wp\/v2\/media\/8020"}],"wp:attachment":[{"href":"https:\/\/jinsuncarbon.com\/de\/wp-json\/wp\/v2\/media?parent=8019"}],"wp:term":[{"taxonomy":"product_brand","embeddable":true,"href":"https:\/\/jinsuncarbon.com\/de\/wp-json\/wp\/v2\/product_brand?post=8019"},{"taxonomy":"product_cat","embeddable":true,"href":"https:\/\/jinsuncarbon.com\/de\/wp-json\/wp\/v2\/product_cat?post=8019"},{"taxonomy":"product_tag","embeddable":true,"href":"https:\/\/jinsuncarbon.com\/de\/wp-json\/wp\/v2\/product_tag?post=8019"}],"curies":[{"name":"wp","href":"https:\/\/api.w.org\/{rel}","templated":true}]}}