{"id":8017,"date":"2025-08-23T08:05:24","date_gmt":"2025-08-23T08:05:24","guid":{"rendered":"https:\/\/jinsuncarbon.com\/?post_type=product&#038;p=8017"},"modified":"2025-08-23T08:05:25","modified_gmt":"2025-08-23T08:05:25","slug":"kohlenstoffzusatzstoff","status":"publish","type":"product","link":"https:\/\/jinsuncarbon.com\/de\/produkt\/kohlenstoffzusatzstoff\/","title":{"rendered":"Kohlenstoff-Additiv"},"content":{"rendered":"<h2>Hersteller von Kohlenstoffadditiven<\/h2>\n<p><strong><b>Hoher Kohlenstoffgehalt<\/b><\/strong><\/p>\n<p>Es kann die Kohlenstoffelemente f\u00fcr die Metallschmelze schnell wieder auff\u00fcllen.<\/p>\n<p><strong><b>\u00a0<\/b><\/strong><\/p>\n<p><strong><b>Hohe und stabile Kohlenstoffabsorptionsrate<\/b><\/strong><\/p>\n<p>Sie kann den Materialabfall reduzieren und eine gleichm\u00e4\u00dfige Metallzusammensetzung gew\u00e4hrleisten.<\/p>\n<p><strong><b>\u00a0<\/b><\/strong><\/p>\n<p><strong><b>Stabile chemische Eigenschaften<\/b><\/strong><\/p>\n<p>Es neigt nicht zur Zersetzung unter Hochtemperatur-Schmelzbedingungen. Und es hat einen breiten Temperaturbereich, der im Allgemeinen f\u00fcr Temperaturen \u00fcber 1300\u00b0C geeignet ist.<\/p>\n<p><strong><b>\u00a0<\/b><\/strong><\/p>\n<p><strong><b>Geringer Gehalt an Verunreinigungen<\/b><\/strong><\/p>\n<p>Sie k\u00f6nnen es je nach Bedarf steuern, wodurch die negativen Auswirkungen auf die Metalleigenschaften reduziert werden k\u00f6nnen.<\/p>\n<p><strong><b>\u00a0<\/b><\/strong><\/p>\n<p>Dar\u00fcber hinaus ist es leicht zu lagern und zu transportieren, und die Zugabemethode ist flexibel. Einige Typen k\u00f6nnen auch die Mikrostruktur des Metalls verbessern und die mechanischen Eigenschaften des Gussteils erh\u00f6hen.<\/p>\n<p>&nbsp;<\/p>\n<p><strong><b>3) Arten von <\/b><\/strong><strong><b>Kohlenstoffzusatzstoff<\/b><\/strong><\/p>\n<p><strong><b>Graphitbasierte <\/b><\/strong><strong><b>Kohlenstoffzusatzstoff<\/b><\/strong><\/p>\n<p>Hergestellt aus nat\u00fcrlichem Graphit, sein Kohlenstoffgehalt betr\u00e4gt \u2265 90% und hat extrem geringe Verunreinigungen, schnelle Aufl\u00f6sung, hohe Effizienz. Es eignet sich f\u00fcr Szenarien, die eine hohe Reinheit erfordern, wie hochwertiger Stahl und Pr\u00e4zisionsgusseisen.<\/p>\n<p>&nbsp;<\/p>\n<p><strong><b>Petrolkoks-basiert <\/b><\/strong><strong><b>Kohlenstoffzusatzstoff<\/b><\/strong><strong><b>\u00a0<\/b><\/strong><\/p>\n<p>Es enth\u00e4lt Rohkoks, kalzinierten Koks und Halbgraphitkoks, der eine ausgewogene Leistung und ein hohes Kosten-Nutzen-Verh\u00e4ltnis aufweist.<\/p>\n<p>&nbsp;<\/p>\n<p><strong><b>Anthrazit-basiert <\/b><\/strong><strong><b>Kohlenstoffzusatzstoff<\/b><\/strong><\/p>\n<p>Verwendung von <a href=\"https:\/\/jinsuncarbon.com\/de\/produkt\/hochofenkoks\/\">Hochofenkoks<\/a> und Gie\u00dfereikoks als Rohstoffe, sein Kohlenstoffgehalt betr\u00e4gt etwa 70%-90%. Es hat einen niedrigen Preis, aber hohe Verunreinigungen, instabile Wirkung, so k\u00f6nnen Sie es f\u00fcr Low-End-Gie\u00dfen verklagen.<\/p>\n<p>&nbsp;<\/p>\n<p><strong><b>Kohlebasiert <\/b><\/strong><strong><b>Kohlenstoffzusatzstoff<\/b><\/strong><\/p>\n<p>Es wird aus Anthrazit durch Hochtemperaturverarbeitung hergestellt und hat einen Kohlenstoffgehalt von 85%-90%. Es hat niedrige Kosten, aber eine geringe Aktivit\u00e4t, die f\u00fcr Szenarien mit geringen Anforderungen an die Geschwindigkeit der Kohlenstoffzugabe geeignet ist.<\/p>\n<p>&nbsp;<\/p>\n<p><strong><b>Andere Typen<\/b><\/strong><\/p>\n<p>Wie zum Beispiel graphitierter Petrolkoks, dessen Kohlenstoff \u2265 99%, fast <a href=\"https:\/\/jinsuncarbon.com\/de\/produkt\/naturgraphit\/\">Naturgraphit<\/a>. Siliziumkarbid-Kohlenstoffzusatz, der Kohlenstoffzusatz und Desoxidation kombiniert und f\u00fcr bestimmte Verfahren verwendet wird.<\/p>\n<p><strong><b>\u00a0<\/b><\/strong><\/p>\n<h2>Verwendungszwecke des Kohlenstoffadditivs<\/h2>\n<p><strong><b>In der Gie\u00dfereiindustrie<\/b><\/strong><\/p>\n<p><strong><b>P<\/b><\/strong><strong><b>roduktion von Grauguss<\/b><\/strong><\/p>\n<p>Sie k\u00f6nnen es verwenden, um den Kohlenstoffgehalt in geschmolzenem Eisen zu erg\u00e4nzen und das Kohlenstoff\u00e4quivalent von <a href=\"https:\/\/en.wikipedia.org\/wiki\/Cast_iron\" target=\"_blank\" rel=\"noopener\">Gusseisen<\/a>. Und es verbessert die Zerspanungsleistung und die mechanischen Eigenschaften von Gussteilen, die in Gussteilen wie Maschinenbettrahmen weit verbreitet sind.<\/p>\n<p>&nbsp;<\/p>\n<p><strong><b>P<\/b><\/strong><strong><b>Herstellung von duktilem Eisen<\/b><\/strong><\/p>\n<p>Es kann als wichtige Kohlenstoffquelle verwendet werden, die in Kombination mit Sph\u00e4roidisierungsmitteln zur F\u00f6rderung der Sph\u00e4roidisierung von Graphit eingesetzt wird. Au\u00dferdem verbessert es die Z\u00e4higkeit und Festigkeit von Gusseisen, das h\u00e4ufig in hochfesten Gussst\u00fccken verwendet wird.<\/p>\n<p>&nbsp;<\/p>\n<p><strong><b>In der Stahlindustrie<\/b><\/strong><strong><b>&#8211;<\/b><\/strong><strong><b>Herstellung von Feld<\/b><\/strong><\/p>\n<p><strong><b>E<\/b><\/strong><strong><b>lectric arc furnace steel<\/b><\/strong><strong><b>&#8211;<\/b><\/strong><strong><b>Herstellung von<\/b><\/strong><\/p>\n<p>Sie k\u00f6nnen es verwenden, um Kohlenstoff w\u00e4hrend des Schmelzens von Stahlschrott zu erg\u00e4nzen, geeignet f\u00fcr die Herstellung von Kohlenstoffstahl, legiertem Baustahl usw.<\/p>\n<p>&nbsp;<\/p>\n<p><strong><b>P<\/b><\/strong><strong><b>Herstellung von Spezialst\u00e4hlen<\/b><\/strong><\/p>\n<p>Bei der Verwendung als Werkzeug- und Lagerstahl kann der Gehalt an Verunreinigungen im Karbonisator kontrolliert werden. Und dann reduziert es sch\u00e4dliche Elemente in den Stahl, die Verbesserung der H\u00e4rte und Verschlei\u00dffestigkeit des Stahls.<\/p>\n<p>&nbsp;<\/p>\n<p><strong><b>In anderen Bereichen<\/b><\/strong><\/p>\n<p><strong><b>P<\/b><\/strong><strong><b>owder metallurgie<\/b><\/strong><\/p>\n<p>Es kann als Kohlenstoffquelle zu Metallpulvern hinzugef\u00fcgt werden, um die Dichte und Festigkeit von pulvermetallurgischen Produkten zu verbessern.<\/p>\n<p>&nbsp;<\/p>\n<p><strong><b>E<\/b><\/strong><strong><b>Lektrodenherstellung<\/b><\/strong><\/p>\n<p>Sie k\u00f6nnen es auch als kohlenstoffbasiertes Rohmaterial verwenden, um den Kohlenstoffgehalt der Elektrode anzupassen. Dadurch werden die Leitf\u00e4higkeit und die Hochtemperaturstabilit\u00e4t der Elektrode verbessert.<\/p>","protected":false},"excerpt":{"rendered":"<p>Kohlenstoffzusatz ist ein industrielles Material, das haupts\u00e4chlich aus Kohlenstoff besteht, der normalerweise aus Rohstoffen wie Petrolkoks, Graphit und Kohle hergestellt wird. Seine Hauptfunktion besteht darin, den Kohlenstoffgehalt des geschmolzenen Eisens oder Stahls durch Einbringen von Kohlenstoff zu regulieren. Aufgrund der effizienten Kohlenstoffzufuhr und der stabilen chemischen Eigenschaften findet es breite Anwendung in Bereichen wie der Stahlerzeugung, der Gusseisenherstellung und dem Gie\u00dfen. Es handelt sich um ein praktisches und zuverl\u00e4ssiges Material, das sich hervorragend f\u00fcr die pr\u00e4zise Steuerung des erforderlichen Kohlenstoffgehalts in Metallen eignet.<\/p>","protected":false},"featured_media":8033,"template":"","meta":[],"product_brand":[],"product_cat":[39],"product_tag":[],"class_list":{"0":"post-8017","1":"product","2":"type-product","3":"status-publish","4":"has-post-thumbnail","6":"product_cat-carbon-products","8":"first","9":"instock","10":"shipping-taxable","11":"product-type-simple"},"yoast_head":"<!-- This site is optimized with the Yoast SEO Premium plugin v19.2.1 (Yoast SEO v25.3) - https:\/\/yoast.com\/wordpress\/plugins\/seo\/ -->\n<title>Carbon Additive Manufacturer in China<\/title>\n<meta name=\"description\" content=\"Carbon additive manufacturer in China, Jinsun can manufacture according to your specifications. Contact us today.\" \/>\n<meta name=\"robots\" content=\"index, follow, max-snippet:-1, max-image-preview:large, max-video-preview:-1\" \/>\n<link rel=\"canonical\" href=\"https:\/\/jinsuncarbon.com\/de\/produkt\/kohlenstoffzusatzstoff\/\" \/>\n<meta property=\"og:locale\" content=\"de_DE\" \/>\n<meta property=\"og:type\" content=\"article\" \/>\n<meta property=\"og:title\" content=\"Carbon Additive\" \/>\n<meta property=\"og:description\" content=\"Carbon additive manufacturer in China, Jinsun can manufacture according to your specifications. Contact us today.\" \/>\n<meta property=\"og:url\" content=\"https:\/\/jinsuncarbon.com\/de\/produkt\/kohlenstoffzusatzstoff\/\" \/>\n<meta property=\"og:site_name\" content=\"Jinsun Carbon\" \/>\n<meta property=\"article:publisher\" content=\"https:\/\/www.facebook.com\/Graphite-Electrode-109336238661595\" \/>\n<meta property=\"article:modified_time\" content=\"2025-08-23T08:05:25+00:00\" \/>\n<meta property=\"og:image\" content=\"https:\/\/jinsuncarbon.com\/wp-content\/uploads\/2025\/08\/Carbon-Additive.jpg\" \/>\n\t<meta property=\"og:image:width\" content=\"1024\" \/>\n\t<meta property=\"og:image:height\" content=\"763\" \/>\n\t<meta property=\"og:image:type\" content=\"image\/jpeg\" \/>\n<meta name=\"twitter:card\" content=\"summary_large_image\" \/>\n<meta name=\"twitter:site\" content=\"@jinsuncarbon_\" \/>\n<meta name=\"twitter:label1\" content=\"Gesch\u00e4tzte Lesezeit\" \/>\n\t<meta name=\"twitter:data1\" content=\"3\u00a0Minuten\" \/>\n<script type=\"application\/ld+json\" class=\"yoast-schema-graph\">{\"@context\":\"https:\/\/schema.org\",\"@graph\":[{\"@type\":\"WebPage\",\"@id\":\"https:\/\/jinsuncarbon.com\/product\/carbon-additive\/\",\"url\":\"https:\/\/jinsuncarbon.com\/product\/carbon-additive\/\",\"name\":\"Carbon Additive Manufacturer in China\",\"isPartOf\":{\"@id\":\"https:\/\/jinsuncarbon.com\/#website\"},\"primaryImageOfPage\":{\"@id\":\"https:\/\/jinsuncarbon.com\/product\/carbon-additive\/#primaryimage\"},\"image\":{\"@id\":\"https:\/\/jinsuncarbon.com\/product\/carbon-additive\/#primaryimage\"},\"thumbnailUrl\":\"https:\/\/jinsuncarbon.com\/wp-content\/uploads\/2025\/08\/Carbon-Additive.jpg\",\"datePublished\":\"2025-08-23T08:05:24+00:00\",\"dateModified\":\"2025-08-23T08:05:25+00:00\",\"description\":\"Carbon additive manufacturer in China, Jinsun can manufacture according to your specifications. Contact us today.\",\"breadcrumb\":{\"@id\":\"https:\/\/jinsuncarbon.com\/product\/carbon-additive\/#breadcrumb\"},\"inLanguage\":\"de\",\"potentialAction\":[{\"@type\":\"ReadAction\",\"target\":[\"https:\/\/jinsuncarbon.com\/product\/carbon-additive\/\"]}]},{\"@type\":\"ImageObject\",\"inLanguage\":\"de\",\"@id\":\"https:\/\/jinsuncarbon.com\/product\/carbon-additive\/#primaryimage\",\"url\":\"https:\/\/jinsuncarbon.com\/wp-content\/uploads\/2025\/08\/Carbon-Additive.jpg\",\"contentUrl\":\"https:\/\/jinsuncarbon.com\/wp-content\/uploads\/2025\/08\/Carbon-Additive.jpg\",\"width\":1024,\"height\":763,\"caption\":\"Carbon Additive\"},{\"@type\":\"BreadcrumbList\",\"@id\":\"https:\/\/jinsuncarbon.com\/product\/carbon-additive\/#breadcrumb\",\"itemListElement\":[{\"@type\":\"ListItem\",\"position\":1,\"name\":\"Home\",\"item\":\"https:\/\/jinsuncarbon.com\/\"},{\"@type\":\"ListItem\",\"position\":2,\"name\":\"Products\",\"item\":\"https:\/\/jinsuncarbon.com\/graphite-carbon\/\"},{\"@type\":\"ListItem\",\"position\":3,\"name\":\"Carbon Additive\"}]},{\"@type\":\"WebSite\",\"@id\":\"https:\/\/jinsuncarbon.com\/#website\",\"url\":\"https:\/\/jinsuncarbon.com\/\",\"name\":\"Jinsun Carbon\",\"description\":\"We are the successful graphite electrode manufacturer in China\",\"publisher\":{\"@id\":\"https:\/\/jinsuncarbon.com\/#organization\"},\"potentialAction\":[{\"@type\":\"SearchAction\",\"target\":{\"@type\":\"EntryPoint\",\"urlTemplate\":\"https:\/\/jinsuncarbon.com\/?s={search_term_string}\"},\"query-input\":{\"@type\":\"PropertyValueSpecification\",\"valueRequired\":true,\"valueName\":\"search_term_string\"}}],\"inLanguage\":\"de\"},{\"@type\":\"Organization\",\"@id\":\"https:\/\/jinsuncarbon.com\/#organization\",\"name\":\"Jinsun Carbon\",\"alternateName\":\"Jinsun Carbon\",\"url\":\"https:\/\/jinsuncarbon.com\/\",\"logo\":{\"@type\":\"ImageObject\",\"inLanguage\":\"de\",\"@id\":\"https:\/\/jinsuncarbon.com\/#\/schema\/logo\/image\/\",\"url\":\"https:\/\/jinsuncarbon.com\/wp-content\/uploads\/2022\/12\/LOGO-1.png\",\"contentUrl\":\"https:\/\/jinsuncarbon.com\/wp-content\/uploads\/2022\/12\/LOGO-1.png\",\"width\":207,\"height\":80,\"caption\":\"Jinsun Carbon\"},\"image\":{\"@id\":\"https:\/\/jinsuncarbon.com\/#\/schema\/logo\/image\/\"},\"sameAs\":[\"https:\/\/www.facebook.com\/Graphite-Electrode-109336238661595\",\"https:\/\/x.com\/jinsuncarbon_\",\"https:\/\/www.linkedin.com\/in\/jinsungraphite\",\"https:\/\/www.youtube.com\/channel\/UCysDNyvyR5-3cCWEmpkVC0g\"]}]}<\/script>\n<!-- \/ Yoast SEO Premium plugin. -->","yoast_head_json":{"title":"Kohlenstoffadditive Hersteller in China","description":"Als Hersteller von Kohlenstoffadditiven in China kann Jinsun nach Ihren Spezifikationen produzieren. Kontaktieren Sie uns noch heute.","robots":{"index":"index","follow":"follow","max-snippet":"max-snippet:-1","max-image-preview":"max-image-preview:large","max-video-preview":"max-video-preview:-1"},"canonical":"https:\/\/jinsuncarbon.com\/de\/produkt\/kohlenstoffzusatzstoff\/","og_locale":"de_DE","og_type":"article","og_title":"Carbon Additive","og_description":"Carbon additive manufacturer in China, Jinsun can manufacture according to your specifications. Contact us today.","og_url":"https:\/\/jinsuncarbon.com\/de\/produkt\/kohlenstoffzusatzstoff\/","og_site_name":"Jinsun Carbon","article_publisher":"https:\/\/www.facebook.com\/Graphite-Electrode-109336238661595","article_modified_time":"2025-08-23T08:05:25+00:00","og_image":[{"width":1024,"height":763,"url":"https:\/\/jinsuncarbon.com\/wp-content\/uploads\/2025\/08\/Carbon-Additive.jpg","type":"image\/jpeg"}],"twitter_card":"summary_large_image","twitter_site":"@jinsuncarbon_","twitter_misc":{"Gesch\u00e4tzte Lesezeit":"3\u00a0Minuten"},"schema":{"@context":"https:\/\/schema.org","@graph":[{"@type":"WebPage","@id":"https:\/\/jinsuncarbon.com\/product\/carbon-additive\/","url":"https:\/\/jinsuncarbon.com\/product\/carbon-additive\/","name":"Kohlenstoffadditive Hersteller in China","isPartOf":{"@id":"https:\/\/jinsuncarbon.com\/#website"},"primaryImageOfPage":{"@id":"https:\/\/jinsuncarbon.com\/product\/carbon-additive\/#primaryimage"},"image":{"@id":"https:\/\/jinsuncarbon.com\/product\/carbon-additive\/#primaryimage"},"thumbnailUrl":"https:\/\/jinsuncarbon.com\/wp-content\/uploads\/2025\/08\/Carbon-Additive.jpg","datePublished":"2025-08-23T08:05:24+00:00","dateModified":"2025-08-23T08:05:25+00:00","description":"Als Hersteller von Kohlenstoffadditiven in China kann Jinsun nach Ihren Spezifikationen produzieren. Kontaktieren Sie uns noch heute.","breadcrumb":{"@id":"https:\/\/jinsuncarbon.com\/product\/carbon-additive\/#breadcrumb"},"inLanguage":"de","potentialAction":[{"@type":"ReadAction","target":["https:\/\/jinsuncarbon.com\/product\/carbon-additive\/"]}]},{"@type":"ImageObject","inLanguage":"de","@id":"https:\/\/jinsuncarbon.com\/product\/carbon-additive\/#primaryimage","url":"https:\/\/jinsuncarbon.com\/wp-content\/uploads\/2025\/08\/Carbon-Additive.jpg","contentUrl":"https:\/\/jinsuncarbon.com\/wp-content\/uploads\/2025\/08\/Carbon-Additive.jpg","width":1024,"height":763,"caption":"Carbon Additive"},{"@type":"BreadcrumbList","@id":"https:\/\/jinsuncarbon.com\/product\/carbon-additive\/#breadcrumb","itemListElement":[{"@type":"ListItem","position":1,"name":"Home","item":"https:\/\/jinsuncarbon.com\/"},{"@type":"ListItem","position":2,"name":"Products","item":"https:\/\/jinsuncarbon.com\/graphite-carbon\/"},{"@type":"ListItem","position":3,"name":"Carbon Additive"}]},{"@type":"WebSite","@id":"https:\/\/jinsuncarbon.com\/#website","url":"https:\/\/jinsuncarbon.com\/","name":"Jinsun Kohlenstoff","description":"Wir sind der erfolgreiche Hersteller von Graphitelektroden in China","publisher":{"@id":"https:\/\/jinsuncarbon.com\/#organization"},"potentialAction":[{"@type":"SearchAction","target":{"@type":"EntryPoint","urlTemplate":"https:\/\/jinsuncarbon.com\/?s={search_term_string}"},"query-input":{"@type":"PropertyValueSpecification","valueRequired":true,"valueName":"search_term_string"}}],"inLanguage":"de"},{"@type":"Organization","@id":"https:\/\/jinsuncarbon.com\/#organization","name":"Jinsun Kohlenstoff","alternateName":"Jinsun Carbon","url":"https:\/\/jinsuncarbon.com\/","logo":{"@type":"ImageObject","inLanguage":"de","@id":"https:\/\/jinsuncarbon.com\/#\/schema\/logo\/image\/","url":"https:\/\/jinsuncarbon.com\/wp-content\/uploads\/2022\/12\/LOGO-1.png","contentUrl":"https:\/\/jinsuncarbon.com\/wp-content\/uploads\/2022\/12\/LOGO-1.png","width":207,"height":80,"caption":"Jinsun Carbon"},"image":{"@id":"https:\/\/jinsuncarbon.com\/#\/schema\/logo\/image\/"},"sameAs":["https:\/\/www.facebook.com\/Graphite-Electrode-109336238661595","https:\/\/x.com\/jinsuncarbon_","https:\/\/www.linkedin.com\/in\/jinsungraphite","https:\/\/www.youtube.com\/channel\/UCysDNyvyR5-3cCWEmpkVC0g"]}]}},"_links":{"self":[{"href":"https:\/\/jinsuncarbon.com\/de\/wp-json\/wp\/v2\/product\/8017","targetHints":{"allow":["GET"]}}],"collection":[{"href":"https:\/\/jinsuncarbon.com\/de\/wp-json\/wp\/v2\/product"}],"about":[{"href":"https:\/\/jinsuncarbon.com\/de\/wp-json\/wp\/v2\/types\/product"}],"wp:featuredmedia":[{"embeddable":true,"href":"https:\/\/jinsuncarbon.com\/de\/wp-json\/wp\/v2\/media\/8033"}],"wp:attachment":[{"href":"https:\/\/jinsuncarbon.com\/de\/wp-json\/wp\/v2\/media?parent=8017"}],"wp:term":[{"taxonomy":"product_brand","embeddable":true,"href":"https:\/\/jinsuncarbon.com\/de\/wp-json\/wp\/v2\/product_brand?post=8017"},{"taxonomy":"product_cat","embeddable":true,"href":"https:\/\/jinsuncarbon.com\/de\/wp-json\/wp\/v2\/product_cat?post=8017"},{"taxonomy":"product_tag","embeddable":true,"href":"https:\/\/jinsuncarbon.com\/de\/wp-json\/wp\/v2\/product_tag?post=8017"}],"curies":[{"name":"wp","href":"https:\/\/api.w.org\/{rel}","templated":true}]}}