{"id":8016,"date":"2025-09-25T07:43:05","date_gmt":"2025-09-25T07:43:05","guid":{"rendered":"https:\/\/jinsuncarbon.com\/?post_type=product&#038;p=8016"},"modified":"2025-09-25T07:43:07","modified_gmt":"2025-09-25T07:43:07","slug":"aktivkohlefaser","status":"publish","type":"product","link":"https:\/\/jinsuncarbon.com\/de\/produkt\/aktivkohlefaser\/","title":{"rendered":"Aktivkohlefaser"},"content":{"rendered":"<p>Aktivkohlefasern werden in der Regel in Form von Matten oder T\u00fcchern angeboten, <a href=\"https:\/\/jinsuncarbon.com\/de\/produkt\/kohlefaserplatte\/\">Bl\u00e4tter<\/a> oder Garne, und es hat bemerkenswerte Vorteile.<\/p>\n<p><strong><b>E<\/b><\/strong><strong><b>extrem hohe spezifische Oberfl\u00e4che<\/b><\/strong><\/p>\n<p>Seine spezifische Oberfl\u00e4che erreicht 1000-3000 m\u00b2\/g, so dass es eine gro\u00dfe Adsorptionskapazit\u00e4t hat.<\/p>\n<p>&nbsp;<\/p>\n<p><strong><b>Gleichm\u00e4\u00dfig verteilte Mikroporen<\/b><\/strong><strong><b>\u00a0und kleinen Durchmessern<\/b><\/strong><\/p>\n<p>Ihr Durchmesser betr\u00e4gt meist 1-2 nm, was zu einer schnellen Adsorptionsgeschwindigkeit f\u00fchrt. Daher ist die Adsorptionseffizienz f\u00fcr kleine Molek\u00fcle viel h\u00f6her als die von herk\u00f6mmlicher Aktivkohle.<\/p>\n<p>&nbsp;<\/p>\n<p><strong><b>G<\/b><\/strong><strong><b>gute chemische Stabilit\u00e4t<\/b><\/strong><\/p>\n<p>Es ist s\u00e4ure- und laugenbest\u00e4ndig und beh\u00e4lt seine stabile Leistung in einem weiten Temperaturbereich bei, im Allgemeinen von -100\u00b0C bis 300\u00b0C.<\/p>\n<p>&nbsp;<\/p>\n<p><strong><b>E<\/b><\/strong><strong><b>regenerationsunf\u00e4hig<\/b><\/strong><\/p>\n<p>Seine Adsorptionskapazit\u00e4t kann durch Erhitzen, Waschen mit Wasser usw. wiederhergestellt und wiederverwendet werden.<\/p>\n<p>&nbsp;<\/p>\n<p><strong><b>G<\/b><\/strong><strong><b>gute Flexibilit\u00e4t<\/b><\/strong><\/p>\n<p>Dadurch l\u00e4sst es sich leicht zu verschiedenen Formen verarbeiten. Je nach Ihren spezifischen Anforderungen wird es so bearbeitet, dass es Ihre Spezifikationsstandards erf\u00fcllt.<\/p>\n<p>&nbsp;<\/p>\n<p>Dar\u00fcber hinaus k\u00f6nnen Sie auch Aktivkohlefasern auf Viskosebasis, Aktivkohlefasern auf Polyacrylnitrilbasis, Aktivkohlefasern auf Phenolbasis oder andere Arten von Aktivkohlefasern w\u00e4hlen.<\/p>\n<p>&nbsp;<\/p>\n<p><strong><b>E<\/b><\/strong><strong><b>Hervorragende elektrische Leitf\u00e4higkeit<\/b><\/strong><\/p>\n<p>Es hat gute Adsorptionsf\u00e4higkeiten f\u00fcr Schwermetallionen, die in Szenarien eingesetzt werden k\u00f6nnen, die elektrische Leitf\u00e4higkeit erfordern.<\/p>\n<p><strong><b>\u00a0<\/b><\/strong><\/p>\n<h2>Verwendungen von Aktivkohlefasern<\/h2>\n<p><strong><b>Bereich Umweltreinigung <\/b><\/strong><\/p>\n<p><strong><b>Luftreinigung<\/b><\/strong><\/p>\n<p>Es kann sch\u00e4dliche Gase wie Formaldehyd, Benzol und TVOC in der Luft adsorbieren, was die Luftqualit\u00e4t wirksam verbessern kann. So k\u00f6nnen Sie es in Innenraumluftreinigern, Auto-Klimaanlagenfiltern, industriellen Abgasbehandlungsanlagen usw. verwenden.<\/p>\n<p><strong><b>\u00a0<\/b><\/strong><\/p>\n<p><strong><b>Wasseraufbereitung<\/b><\/strong><\/p>\n<p>Es kann organische Substanzen effizient entfernen, <a href=\"https:\/\/www.sciencedirect.com\/topics\/engineering\/heavy-metal-ion\" target=\"_blank\" rel=\"noopener\">Schwermetall-Ionen<\/a>, Ger\u00fcche und Pigmente aus dem Wasser. So k\u00f6nnen Sie es in der Trinkwasseraufbereitung, der industriellen Abwasseraufbereitung und der Abwasserbehandlung einsetzen.<\/p>\n<p>&nbsp;<\/p>\n<p><strong><b>Schutzfeld <\/b><\/strong><\/p>\n<p>Als zentrales Filtermaterial f\u00fcr Gasmasken und Schutzanz\u00fcge kann es giftige Gase, D\u00e4mpfe und Partikel schnell adsorbieren. Daher kann es die Sicherheit des Personals in gef\u00e4hrlichen Umgebungen, wie z. B. in der chemischen und milit\u00e4rischen Industrie, sch\u00fctzen.<\/p>\n<p>&nbsp;<\/p>\n<p><strong><b>Energiesektor <\/b><\/strong><\/p>\n<p>Aufgrund seiner por\u00f6sen Struktur und Leitf\u00e4higkeit kann es als Elektrodenmaterial f\u00fcr Superkondensatoren und Lithium-Ionen-Batterien verwendet werden. Es kann die Speicherkapazit\u00e4t der Batterie erh\u00f6hen und ihre Lade- und Entladeeffizienz verbessern.<\/p>\n<p>&nbsp;<\/p>\n<p><strong><b>Medizinischer Bereich<\/b><\/strong><\/p>\n<p>Man kann es in Blutreinigungsger\u00e4ten verwenden, um Giftstoffe im Blut zu adsorbieren. Au\u00dferdem kann es aus Wunden austretende Schadstoffe adsorbieren und die Heilung f\u00f6rdern; es kann auch zu antibakteriellen Wundauflagen verarbeitet werden.<\/p>\n<p><strong><b>\u00a0<\/b><\/strong><\/p>\n<p><strong><b>Industrieller Sektor <\/b><\/strong><\/p>\n<p><strong><b>R\u00fcckgewinnung von L\u00f6sungsmitteln<\/b><\/strong><\/p>\n<p>In der chemischen Produktion k\u00f6nnen organische L\u00f6sungsmittel wie Aceton und Ethanol zur\u00fcckgewonnen werden, wodurch das Recycling und die Wiederverwendung von Ressourcen erreicht werden.<\/p>\n<p>&nbsp;<\/p>\n<p><strong><b>Unterst\u00fctzung f\u00fcr Katalysatoren<\/b><\/strong><\/p>\n<p>Wenn es als Tr\u00e4ger f\u00fcr Katalysatoren verwendet wird, wird seine por\u00f6se Struktur genutzt, um die Effizienz der katalytischen Reaktionen zu erh\u00f6hen.<\/p>","protected":false},"excerpt":{"rendered":"<p>Aktivkohlefaser ist ein por\u00f6ses Kohlenstoffmaterial, das aus faser\u00e4hnlichen Materialien (wie Polyacrylnitril, Phenolharz, Viskosefaser usw.) hergestellt wird. Sie wird durch Verfahren wie Karbonisierung und Aktivierung hergestellt und als ACF abgek\u00fcrzt. Es hat eine extrem gro\u00dfe spezifische Oberfl\u00e4che, eine reichhaltige mikropor\u00f6se Struktur und eine ausgezeichnete Adsorptionsleistung. Es hat daher einen hohen Anwendungswert in verschiedenen Bereichen wie Umweltschutz und Reinigung. Es handelt sich um ein hochleistungsf\u00e4higes funktionelles Adsorptionsmaterial, das die Anforderungen verschiedener pr\u00e4ziser Trennungs- und Reinigungsverfahren erf\u00fcllen kann. In Gasmasken kann es zum Beispiel schnell toxische Gase adsorbieren, in der Wasseraufbereitung kann es effizient Spuren von Schadstoffen entfernen.<\/p>","protected":false},"featured_media":8081,"template":"","meta":[],"product_brand":[],"product_cat":[39],"product_tag":[],"class_list":{"0":"post-8016","1":"product","2":"type-product","3":"status-publish","4":"has-post-thumbnail","6":"product_cat-carbon-products","8":"first","9":"instock","10":"shipping-taxable","11":"product-type-simple"},"yoast_head":"<!-- This site is optimized with the Yoast SEO Premium plugin v19.2.1 (Yoast SEO v25.3) - https:\/\/yoast.com\/wordpress\/plugins\/seo\/ -->\n<title>Activated Carbon Fiber | Jinsun Carbon<\/title>\n<meta name=\"robots\" content=\"index, follow, max-snippet:-1, max-image-preview:large, max-video-preview:-1\" \/>\n<link rel=\"canonical\" href=\"https:\/\/jinsuncarbon.com\/de\/produkt\/aktivkohlefaser\/\" \/>\n<meta property=\"og:locale\" content=\"de_DE\" \/>\n<meta property=\"og:type\" content=\"article\" \/>\n<meta property=\"og:title\" content=\"Activated Carbon Fiber\" \/>\n<meta property=\"og:description\" content=\"Activated carbon fiber is a porous carbon material produced from fiber-like materials (such as polyacrylonitrile, phenolic resin, viscose fiber, etc.). It is made through processes such as carbonization and activation and is abbreviated as ACF. And it has extremely large specific surface area, abundant microporous structure, and excellent adsorption performance. So it demonstrates high application value in various fields such as environmental protection and purification. It is a highly performing functional adsorption material, which can meet the needs of various precise separation and purification. For example, in gas masks, it can quickly adsorb toxic gases, in water treatment, it can efficiently remove trace pollutants.\" \/>\n<meta property=\"og:url\" content=\"https:\/\/jinsuncarbon.com\/de\/produkt\/aktivkohlefaser\/\" \/>\n<meta property=\"og:site_name\" content=\"Jinsun Carbon\" \/>\n<meta property=\"article:publisher\" content=\"https:\/\/www.facebook.com\/Graphite-Electrode-109336238661595\" \/>\n<meta property=\"article:modified_time\" content=\"2025-09-25T07:43:07+00:00\" \/>\n<meta property=\"og:image\" content=\"https:\/\/jinsuncarbon.com\/wp-content\/uploads\/2025\/08\/Activated-carbon-fiber.png\" \/>\n\t<meta property=\"og:image:width\" content=\"936\" \/>\n\t<meta property=\"og:image:height\" content=\"852\" \/>\n\t<meta property=\"og:image:type\" content=\"image\/png\" \/>\n<meta name=\"twitter:card\" content=\"summary_large_image\" \/>\n<meta name=\"twitter:site\" content=\"@jinsuncarbon_\" \/>\n<meta name=\"twitter:label1\" content=\"Gesch\u00e4tzte Lesezeit\" \/>\n\t<meta name=\"twitter:data1\" content=\"3\u00a0Minuten\" \/>\n<script type=\"application\/ld+json\" class=\"yoast-schema-graph\">{\"@context\":\"https:\/\/schema.org\",\"@graph\":[{\"@type\":\"WebPage\",\"@id\":\"https:\/\/jinsuncarbon.com\/product\/activated-carbon-fiber\/\",\"url\":\"https:\/\/jinsuncarbon.com\/product\/activated-carbon-fiber\/\",\"name\":\"Activated Carbon Fiber | Jinsun Carbon\",\"isPartOf\":{\"@id\":\"https:\/\/jinsuncarbon.com\/#website\"},\"primaryImageOfPage\":{\"@id\":\"https:\/\/jinsuncarbon.com\/product\/activated-carbon-fiber\/#primaryimage\"},\"image\":{\"@id\":\"https:\/\/jinsuncarbon.com\/product\/activated-carbon-fiber\/#primaryimage\"},\"thumbnailUrl\":\"https:\/\/jinsuncarbon.com\/wp-content\/uploads\/2025\/08\/Activated-carbon-fiber.png\",\"datePublished\":\"2025-09-25T07:43:05+00:00\",\"dateModified\":\"2025-09-25T07:43:07+00:00\",\"breadcrumb\":{\"@id\":\"https:\/\/jinsuncarbon.com\/product\/activated-carbon-fiber\/#breadcrumb\"},\"inLanguage\":\"de\",\"potentialAction\":[{\"@type\":\"ReadAction\",\"target\":[\"https:\/\/jinsuncarbon.com\/product\/activated-carbon-fiber\/\"]}]},{\"@type\":\"ImageObject\",\"inLanguage\":\"de\",\"@id\":\"https:\/\/jinsuncarbon.com\/product\/activated-carbon-fiber\/#primaryimage\",\"url\":\"https:\/\/jinsuncarbon.com\/wp-content\/uploads\/2025\/08\/Activated-carbon-fiber.png\",\"contentUrl\":\"https:\/\/jinsuncarbon.com\/wp-content\/uploads\/2025\/08\/Activated-carbon-fiber.png\",\"width\":936,\"height\":852,\"caption\":\"Activated carbon fiber\"},{\"@type\":\"BreadcrumbList\",\"@id\":\"https:\/\/jinsuncarbon.com\/product\/activated-carbon-fiber\/#breadcrumb\",\"itemListElement\":[{\"@type\":\"ListItem\",\"position\":1,\"name\":\"Home\",\"item\":\"https:\/\/jinsuncarbon.com\/\"},{\"@type\":\"ListItem\",\"position\":2,\"name\":\"Products\",\"item\":\"https:\/\/jinsuncarbon.com\/graphite-carbon\/\"},{\"@type\":\"ListItem\",\"position\":3,\"name\":\"Activated Carbon Fiber\"}]},{\"@type\":\"WebSite\",\"@id\":\"https:\/\/jinsuncarbon.com\/#website\",\"url\":\"https:\/\/jinsuncarbon.com\/\",\"name\":\"Jinsun Carbon\",\"description\":\"We are the successful graphite electrode manufacturer in China\",\"publisher\":{\"@id\":\"https:\/\/jinsuncarbon.com\/#organization\"},\"potentialAction\":[{\"@type\":\"SearchAction\",\"target\":{\"@type\":\"EntryPoint\",\"urlTemplate\":\"https:\/\/jinsuncarbon.com\/?s={search_term_string}\"},\"query-input\":{\"@type\":\"PropertyValueSpecification\",\"valueRequired\":true,\"valueName\":\"search_term_string\"}}],\"inLanguage\":\"de\"},{\"@type\":\"Organization\",\"@id\":\"https:\/\/jinsuncarbon.com\/#organization\",\"name\":\"Jinsun Carbon\",\"alternateName\":\"Jinsun Carbon\",\"url\":\"https:\/\/jinsuncarbon.com\/\",\"logo\":{\"@type\":\"ImageObject\",\"inLanguage\":\"de\",\"@id\":\"https:\/\/jinsuncarbon.com\/#\/schema\/logo\/image\/\",\"url\":\"https:\/\/jinsuncarbon.com\/wp-content\/uploads\/2022\/12\/LOGO-1.png\",\"contentUrl\":\"https:\/\/jinsuncarbon.com\/wp-content\/uploads\/2022\/12\/LOGO-1.png\",\"width\":207,\"height\":80,\"caption\":\"Jinsun Carbon\"},\"image\":{\"@id\":\"https:\/\/jinsuncarbon.com\/#\/schema\/logo\/image\/\"},\"sameAs\":[\"https:\/\/www.facebook.com\/Graphite-Electrode-109336238661595\",\"https:\/\/x.com\/jinsuncarbon_\",\"https:\/\/www.linkedin.com\/in\/jinsungraphite\",\"https:\/\/www.youtube.com\/channel\/UCysDNyvyR5-3cCWEmpkVC0g\"]}]}<\/script>\n<!-- \/ Yoast SEO Premium plugin. -->","yoast_head_json":{"title":"Aktivkohlefaser | Jinsun Carbon","robots":{"index":"index","follow":"follow","max-snippet":"max-snippet:-1","max-image-preview":"max-image-preview:large","max-video-preview":"max-video-preview:-1"},"canonical":"https:\/\/jinsuncarbon.com\/de\/produkt\/aktivkohlefaser\/","og_locale":"de_DE","og_type":"article","og_title":"Activated Carbon Fiber","og_description":"Activated carbon fiber is a porous carbon material produced from fiber-like materials (such as polyacrylonitrile, phenolic resin, viscose fiber, etc.). It is made through processes such as carbonization and activation and is abbreviated as ACF. And it has extremely large specific surface area, abundant microporous structure, and excellent adsorption performance. So it demonstrates high application value in various fields such as environmental protection and purification. It is a highly performing functional adsorption material, which can meet the needs of various precise separation and purification. For example, in gas masks, it can quickly adsorb toxic gases, in water treatment, it can efficiently remove trace pollutants.","og_url":"https:\/\/jinsuncarbon.com\/de\/produkt\/aktivkohlefaser\/","og_site_name":"Jinsun Carbon","article_publisher":"https:\/\/www.facebook.com\/Graphite-Electrode-109336238661595","article_modified_time":"2025-09-25T07:43:07+00:00","og_image":[{"width":936,"height":852,"url":"https:\/\/jinsuncarbon.com\/wp-content\/uploads\/2025\/08\/Activated-carbon-fiber.png","type":"image\/png"}],"twitter_card":"summary_large_image","twitter_site":"@jinsuncarbon_","twitter_misc":{"Gesch\u00e4tzte Lesezeit":"3\u00a0Minuten"},"schema":{"@context":"https:\/\/schema.org","@graph":[{"@type":"WebPage","@id":"https:\/\/jinsuncarbon.com\/product\/activated-carbon-fiber\/","url":"https:\/\/jinsuncarbon.com\/product\/activated-carbon-fiber\/","name":"Aktivkohlefaser | Jinsun Carbon","isPartOf":{"@id":"https:\/\/jinsuncarbon.com\/#website"},"primaryImageOfPage":{"@id":"https:\/\/jinsuncarbon.com\/product\/activated-carbon-fiber\/#primaryimage"},"image":{"@id":"https:\/\/jinsuncarbon.com\/product\/activated-carbon-fiber\/#primaryimage"},"thumbnailUrl":"https:\/\/jinsuncarbon.com\/wp-content\/uploads\/2025\/08\/Activated-carbon-fiber.png","datePublished":"2025-09-25T07:43:05+00:00","dateModified":"2025-09-25T07:43:07+00:00","breadcrumb":{"@id":"https:\/\/jinsuncarbon.com\/product\/activated-carbon-fiber\/#breadcrumb"},"inLanguage":"de","potentialAction":[{"@type":"ReadAction","target":["https:\/\/jinsuncarbon.com\/product\/activated-carbon-fiber\/"]}]},{"@type":"ImageObject","inLanguage":"de","@id":"https:\/\/jinsuncarbon.com\/product\/activated-carbon-fiber\/#primaryimage","url":"https:\/\/jinsuncarbon.com\/wp-content\/uploads\/2025\/08\/Activated-carbon-fiber.png","contentUrl":"https:\/\/jinsuncarbon.com\/wp-content\/uploads\/2025\/08\/Activated-carbon-fiber.png","width":936,"height":852,"caption":"Activated carbon fiber"},{"@type":"BreadcrumbList","@id":"https:\/\/jinsuncarbon.com\/product\/activated-carbon-fiber\/#breadcrumb","itemListElement":[{"@type":"ListItem","position":1,"name":"Home","item":"https:\/\/jinsuncarbon.com\/"},{"@type":"ListItem","position":2,"name":"Products","item":"https:\/\/jinsuncarbon.com\/graphite-carbon\/"},{"@type":"ListItem","position":3,"name":"Activated Carbon Fiber"}]},{"@type":"WebSite","@id":"https:\/\/jinsuncarbon.com\/#website","url":"https:\/\/jinsuncarbon.com\/","name":"Jinsun Kohlenstoff","description":"Wir sind der erfolgreiche Hersteller von Graphitelektroden in China","publisher":{"@id":"https:\/\/jinsuncarbon.com\/#organization"},"potentialAction":[{"@type":"SearchAction","target":{"@type":"EntryPoint","urlTemplate":"https:\/\/jinsuncarbon.com\/?s={search_term_string}"},"query-input":{"@type":"PropertyValueSpecification","valueRequired":true,"valueName":"search_term_string"}}],"inLanguage":"de"},{"@type":"Organization","@id":"https:\/\/jinsuncarbon.com\/#organization","name":"Jinsun Kohlenstoff","alternateName":"Jinsun Carbon","url":"https:\/\/jinsuncarbon.com\/","logo":{"@type":"ImageObject","inLanguage":"de","@id":"https:\/\/jinsuncarbon.com\/#\/schema\/logo\/image\/","url":"https:\/\/jinsuncarbon.com\/wp-content\/uploads\/2022\/12\/LOGO-1.png","contentUrl":"https:\/\/jinsuncarbon.com\/wp-content\/uploads\/2022\/12\/LOGO-1.png","width":207,"height":80,"caption":"Jinsun Carbon"},"image":{"@id":"https:\/\/jinsuncarbon.com\/#\/schema\/logo\/image\/"},"sameAs":["https:\/\/www.facebook.com\/Graphite-Electrode-109336238661595","https:\/\/x.com\/jinsuncarbon_","https:\/\/www.linkedin.com\/in\/jinsungraphite","https:\/\/www.youtube.com\/channel\/UCysDNyvyR5-3cCWEmpkVC0g"]}]}},"_links":{"self":[{"href":"https:\/\/jinsuncarbon.com\/de\/wp-json\/wp\/v2\/product\/8016","targetHints":{"allow":["GET"]}}],"collection":[{"href":"https:\/\/jinsuncarbon.com\/de\/wp-json\/wp\/v2\/product"}],"about":[{"href":"https:\/\/jinsuncarbon.com\/de\/wp-json\/wp\/v2\/types\/product"}],"wp:featuredmedia":[{"embeddable":true,"href":"https:\/\/jinsuncarbon.com\/de\/wp-json\/wp\/v2\/media\/8081"}],"wp:attachment":[{"href":"https:\/\/jinsuncarbon.com\/de\/wp-json\/wp\/v2\/media?parent=8016"}],"wp:term":[{"taxonomy":"product_brand","embeddable":true,"href":"https:\/\/jinsuncarbon.com\/de\/wp-json\/wp\/v2\/product_brand?post=8016"},{"taxonomy":"product_cat","embeddable":true,"href":"https:\/\/jinsuncarbon.com\/de\/wp-json\/wp\/v2\/product_cat?post=8016"},{"taxonomy":"product_tag","embeddable":true,"href":"https:\/\/jinsuncarbon.com\/de\/wp-json\/wp\/v2\/product_tag?post=8016"}],"curies":[{"name":"wp","href":"https:\/\/api.w.org\/{rel}","templated":true}]}}