{"id":8015,"date":"2025-08-02T00:04:39","date_gmt":"2025-08-02T00:04:39","guid":{"rendered":"https:\/\/jinsuncarbon.com\/?post_type=product&#038;p=8015"},"modified":"2025-08-02T00:04:40","modified_gmt":"2025-08-02T00:04:40","slug":"graphit-scheibe","status":"publish","type":"product","link":"https:\/\/jinsuncarbon.com\/de\/produkt\/graphit-scheibe\/","title":{"rendered":"Graphit-Scheibe"},"content":{"rendered":"<h2>Vorteile der Graphitwaschanlage<\/h2>\n<p><strong><b>Hervorragende thermische Stabilit\u00e4t<\/b><\/strong><strong><b>y<\/b><\/strong><\/p>\n<p>Es kann eine stabile Leistung in einem weiten Temperaturbereich von -200\u00b0C bis 600\u00b0C beibehalten, was f\u00fcr extreme Temperaturumgebungen geeignet ist.<\/p>\n<p>&nbsp;<\/p>\n<p><strong><b>Chemische Tr\u00e4gheit<\/b><\/strong><\/p>\n<p>Es weist eine ausgezeichnete Korrosionsbest\u00e4ndigkeit gegen\u00fcber den meisten S\u00e4uren, Basen und organischen L\u00f6sungsmitteln auf.<\/p>\n<p>&nbsp;<\/p>\n<p><strong><b>Selbstschmierung<\/b><\/strong><\/p>\n<p>Sein Reibungskoeffizient ist niedrig, was den Verschlei\u00df der Dichtungsfl\u00e4chen verringern und die Lebensdauer verl\u00e4ngern kann.<\/p>\n<p>&nbsp;<\/p>\n<p><strong><b>Gute Flexibilit\u00e4t<\/b><\/strong><\/p>\n<p>Es l\u00e4sst sich leicht zusammendr\u00fccken und zur\u00fcckfedern, passt sich unebenen Dichtungsfl\u00e4chen an und gew\u00e4hrleistet so einen festen Sitz.<\/p>\n<p>&nbsp;<\/p>\n<p><strong><b>Hohe Abdichtungsleistung<\/b><\/strong><\/p>\n<p>Es kann auch unter hohem Druck oder Vakuum eine gute Dichtwirkung beibehalten.<\/p>\n<p>&nbsp;<\/p>\n<p><strong><b>Thermische und elektrische Leitf\u00e4higkeit<\/b><\/strong><\/p>\n<p>Es kann W\u00e4rme und Strom schnell leiten und eignet sich f\u00fcr Dichtungsszenarien, die W\u00e4rmemanagement oder elektrische Leitf\u00e4higkeit erfordern.<\/p>\n<p>&nbsp;<\/p>\n<h2>Typen von Graphitwaschanlagen<\/h2>\n<p><strong><b>Klassifiziert nach Reinheit<\/b><\/strong><\/p>\n<p><strong><b>Graphit mit Standardreinheit <\/b><\/strong><strong><b>Waschmaschine<\/b><\/strong><\/p>\n<p>Sein Kohlenstoffgehalt liegt bei etwa 99%, so dass es f\u00fcr allgemeine industrielle Dichtungsanforderungen wie Rohre, Ventile usw. geeignet ist.<\/p>\n<p>&nbsp;<\/p>\n<p><strong><b>Hochreiner Graphit <\/b><\/strong><strong><b>Waschmaschine<\/b><\/strong><\/p>\n<p>Sein Kohlenstoffgehalt liegt bei \u00fcber 99,5%, was f\u00fcr Bereiche mit extrem hohen Reinheitsanforderungen, wie z. B. die Halbleiterindustrie, geeignet ist.<\/p>\n<p>&nbsp;<\/p>\n<p><strong><b>Klassifiziert nach Form<\/b><\/strong><\/p>\n<p><strong><b>Wohnung<\/b><\/strong><strong><b>\u00a0<\/b><\/strong><strong><b>Graphit <\/b><\/strong><strong><b>Waschmaschine<\/b><\/strong><\/p>\n<p>Dies ist die gebr\u00e4uchlichste runde Unterlegscheibe, die f\u00fcr die statische Abdichtung von Flanschen, Pumpen, Ventilen usw. geeignet ist.<\/p>\n<p><strong><b>G<\/b><\/strong><strong><b>raphite <\/b><\/strong><strong><b>Waschmaschine<\/b><\/strong><strong><b>\u00a0mit eingebetteter Struktur<\/b><\/strong><\/p>\n<p>Wie die metallverst\u00e4rkte Graphitscheibe kombiniert sie ein Metallger\u00fcst, das die Festigkeit und Druckbest\u00e4ndigkeit erh\u00f6ht.<\/p>\n<p>&nbsp;<\/p>\n<p><strong><b>Sonderform<\/b><\/strong><strong><b>\u00a0<\/b><\/strong><strong><b>Graphit<\/b><\/strong><strong><b>\u00a0Waschmaschine<\/b><\/strong><\/p>\n<p>Sie k\u00f6nnen ihn je nach den Anforderungen des Ger\u00e4ts an bestimmte Formen anpassen, z. B. rechteckig, elliptisch usw.<\/p>\n<p>&nbsp;<\/p>\n<h2>Verwendungen von Graphitunterlegscheiben<\/h2>\n<p><strong><b>Chemische Industrie<\/b><\/strong><\/p>\n<p>Dank der ausgezeichneten Korrosionsbest\u00e4ndigkeit kann ein Auslaufen des Mediums wirksam verhindert werden, was die Produktionssicherheit und die Stabilit\u00e4t der Anlagen gew\u00e4hrleistet.<\/p>\n<p>&nbsp;<\/p>\n<p><strong><b>Energiewirtschaft<\/b><\/strong><\/p>\n<p><strong><b>In \u00d6ltransportpipelines<\/b><\/strong><\/p>\n<p>Sie k\u00f6nnen Graphitscheiben als Flanschdichtungselemente verwenden, um der Korrosion von Roh\u00f6l und Hochdruckumgebungen zu widerstehen. Dadurch wird die Abdichtung des Transportsystems gew\u00e4hrleistet.<\/p>\n<p>&nbsp;<\/p>\n<p><strong><b>In n<\/b><\/strong><strong><b>Erdgasanlagen <\/b><\/strong><\/p>\n<p>Es ist hochtemperatur- und hochdruckbest\u00e4ndig, so dass es auch f\u00fcr die Abdichtung von Schnittstellen verwendet werden kann. In Erdgasspeichern und Kompressoren kann es dazu beitragen, die Betriebssicherheit der Anlagen zu verbessern.<\/p>\n<p>&nbsp;<\/p>\n<p><strong><b>Mechanische Industrie<\/b><\/strong><\/p>\n<p><strong><b>Abdichtung von Rohrleitungen<\/b><\/strong><\/p>\n<p>Aufgrund seiner hervorragenden Dichtungsleistung, W\u00e4rmebest\u00e4ndigkeit und Flexibilit\u00e4t ist es ein ideales Material f\u00fcr die Herstellung von Dichtungskomponenten f\u00fcr Rohrleitungen, Pumpen, Ventile usw. Es kann in Branchen wie der Automobil-, Energie- und Papierindustrie eingesetzt werden und verhindert wirksam den Austritt von Fl\u00fcssigkeiten und Gasen.<\/p>\n<p>&nbsp;<\/p>\n<p><strong><b>Abdichtung der Ger\u00e4teschnittstelle<\/b><\/strong><\/p>\n<p>Aufgrund der guten Kompressions- und R\u00fcckpralleigenschaften k\u00f6nnen Sie es als Dichtungskomponente f\u00fcr verschiedene mechanische Schnittstellen verwenden. Es kann Leckagen, die durch Vibrationen und Druck\u00e4nderungen verursacht werden, reduzieren und die Effizienz des mechanischen Betriebs verbessern.<\/p>\n<p>&nbsp;<\/p>\n<p><strong><b>Lebensmittel- und Pharmaindustrie<\/b><\/strong><\/p>\n<p><strong><b>Abdichtung des Reaktorbeh\u00e4lters<\/b><\/strong><\/p>\n<p>Aufgrund seiner starken chemischen Inertheit kann es als Dichtungsmaterial f\u00fcr Lebensmittel- und Pharmareaktoren verwendet werden. Es verunreinigt die Materialien nicht und kann so die Produktreinheit gew\u00e4hrleisten und die Lebensdauer der Ger\u00e4te verl\u00e4ngern.<\/p>\n<p>&nbsp;<\/p>\n<p><strong><b>K\u00e4ltetechnik-Industrie<\/b><\/strong><\/p>\n<p><strong><b>Versiegelung von K\u00fchlanlagen<\/b><\/strong><\/p>\n<p>In K\u00e4ltesystemen kann es niedrigen Temperaturen, den chemischen Eigenschaften von K\u00e4ltemitteln und anderen rauen Umgebungen standhalten. Sie k\u00f6nnen es als Dichtungselemente f\u00fcr Rohre und Komponenten verwenden, um die Effizienz und Stabilit\u00e4t des K\u00fchlsystems zu verbessern.<\/p>","protected":false},"excerpt":{"rendered":"<p>Die Graphitscheibe ist ein ringf\u00f6rmiges Dichtungselement aus Graphit als Kernmaterial, das auch als Scheibe auf Kohlenstoffbasis bezeichnet wird. Sie wird durch Pressen, Schneiden und andere Verfahren aus Naturgraphit oder hochreinem Kunstgraphit hergestellt, und einige Produkte k\u00f6nnen Metallauskleidungen enthalten, um die Gesamtfestigkeit zu erh\u00f6hen. Sie verf\u00fcgt \u00fcber eine hervorragende Dichtungsleistung, Temperaturbest\u00e4ndigkeit, Korrosionsbest\u00e4ndigkeit und chemische Stabilit\u00e4t und ist f\u00fcr statische Dichtungsanforderungen bestens geeignet.<\/p>","protected":false},"featured_media":0,"template":"","meta":[],"product_brand":[],"product_cat":[38],"product_tag":[],"class_list":{"0":"post-8015","1":"product","2":"type-product","3":"status-publish","5":"product_cat-graphite-products","7":"first","8":"instock","9":"shipping-taxable","10":"product-type-simple"},"yoast_head":"<!-- This site is optimized with the Yoast SEO Premium plugin v19.2.1 (Yoast SEO v25.3) - https:\/\/yoast.com\/wordpress\/plugins\/seo\/ -->\n<title>Graphite Washer | Jinsun Carbon<\/title>\n<meta name=\"robots\" content=\"index, follow, max-snippet:-1, max-image-preview:large, max-video-preview:-1\" \/>\n<link rel=\"canonical\" href=\"https:\/\/jinsuncarbon.com\/de\/produkt\/graphit-scheibe\/\" \/>\n<meta property=\"og:locale\" content=\"de_DE\" \/>\n<meta property=\"og:type\" content=\"article\" \/>\n<meta property=\"og:title\" content=\"Graphite Washer\" \/>\n<meta property=\"og:description\" content=\"Graphite washer\u00a0is a ring-shaped sealing component made of graphite as the core material, which\u00a0is also called carbon-based washer. It\u00a0is manufactured by pressing, cutting and other processes from natural graphite or high-purity artificial graphite, and some products may incorporate metal linings to enhance overall strength. It has\u00a0outstanding sealing performance, temperature resistance, corrosion resistance and chemical stability, which is\u00a0highly suitable for static sealing requirements.\" \/>\n<meta property=\"og:url\" content=\"https:\/\/jinsuncarbon.com\/de\/produkt\/graphit-scheibe\/\" \/>\n<meta property=\"og:site_name\" content=\"Jinsun Carbon\" \/>\n<meta property=\"article:publisher\" content=\"https:\/\/www.facebook.com\/Graphite-Electrode-109336238661595\" \/>\n<meta property=\"article:modified_time\" content=\"2025-08-02T00:04:40+00:00\" \/>\n<meta property=\"og:image\" content=\"https:\/\/jinsuncarbon.com\/wp-content\/uploads\/2022\/12\/1f16999dc0b243ed0868893795772a5.jpg\" \/>\n\t<meta property=\"og:image:width\" content=\"1024\" \/>\n\t<meta property=\"og:image:height\" content=\"777\" \/>\n\t<meta property=\"og:image:type\" content=\"image\/jpeg\" \/>\n<meta name=\"twitter:card\" content=\"summary_large_image\" \/>\n<meta name=\"twitter:site\" content=\"@jinsuncarbon_\" \/>\n<meta name=\"twitter:label1\" content=\"Gesch\u00e4tzte Lesezeit\" \/>\n\t<meta name=\"twitter:data1\" content=\"3\u00a0Minuten\" \/>\n<script type=\"application\/ld+json\" class=\"yoast-schema-graph\">{\"@context\":\"https:\/\/schema.org\",\"@graph\":[{\"@type\":\"WebPage\",\"@id\":\"https:\/\/jinsuncarbon.com\/product\/graphite-washer\/\",\"url\":\"https:\/\/jinsuncarbon.com\/product\/graphite-washer\/\",\"name\":\"Graphite Washer | Jinsun Carbon\",\"isPartOf\":{\"@id\":\"https:\/\/jinsuncarbon.com\/#website\"},\"datePublished\":\"2025-08-02T00:04:39+00:00\",\"dateModified\":\"2025-08-02T00:04:40+00:00\",\"breadcrumb\":{\"@id\":\"https:\/\/jinsuncarbon.com\/product\/graphite-washer\/#breadcrumb\"},\"inLanguage\":\"de\",\"potentialAction\":[{\"@type\":\"ReadAction\",\"target\":[\"https:\/\/jinsuncarbon.com\/product\/graphite-washer\/\"]}]},{\"@type\":\"BreadcrumbList\",\"@id\":\"https:\/\/jinsuncarbon.com\/product\/graphite-washer\/#breadcrumb\",\"itemListElement\":[{\"@type\":\"ListItem\",\"position\":1,\"name\":\"Home\",\"item\":\"https:\/\/jinsuncarbon.com\/\"},{\"@type\":\"ListItem\",\"position\":2,\"name\":\"Products\",\"item\":\"https:\/\/jinsuncarbon.com\/graphite-carbon\/\"},{\"@type\":\"ListItem\",\"position\":3,\"name\":\"Graphite Washer\"}]},{\"@type\":\"WebSite\",\"@id\":\"https:\/\/jinsuncarbon.com\/#website\",\"url\":\"https:\/\/jinsuncarbon.com\/\",\"name\":\"Jinsun Carbon\",\"description\":\"We are the successful graphite electrode manufacturer in China\",\"publisher\":{\"@id\":\"https:\/\/jinsuncarbon.com\/#organization\"},\"potentialAction\":[{\"@type\":\"SearchAction\",\"target\":{\"@type\":\"EntryPoint\",\"urlTemplate\":\"https:\/\/jinsuncarbon.com\/?s={search_term_string}\"},\"query-input\":{\"@type\":\"PropertyValueSpecification\",\"valueRequired\":true,\"valueName\":\"search_term_string\"}}],\"inLanguage\":\"de\"},{\"@type\":\"Organization\",\"@id\":\"https:\/\/jinsuncarbon.com\/#organization\",\"name\":\"Jinsun Carbon\",\"alternateName\":\"Jinsun Carbon\",\"url\":\"https:\/\/jinsuncarbon.com\/\",\"logo\":{\"@type\":\"ImageObject\",\"inLanguage\":\"de\",\"@id\":\"https:\/\/jinsuncarbon.com\/#\/schema\/logo\/image\/\",\"url\":\"https:\/\/jinsuncarbon.com\/wp-content\/uploads\/2022\/12\/LOGO-1.png\",\"contentUrl\":\"https:\/\/jinsuncarbon.com\/wp-content\/uploads\/2022\/12\/LOGO-1.png\",\"width\":207,\"height\":80,\"caption\":\"Jinsun Carbon\"},\"image\":{\"@id\":\"https:\/\/jinsuncarbon.com\/#\/schema\/logo\/image\/\"},\"sameAs\":[\"https:\/\/www.facebook.com\/Graphite-Electrode-109336238661595\",\"https:\/\/x.com\/jinsuncarbon_\",\"https:\/\/www.linkedin.com\/in\/jinsungraphite\",\"https:\/\/www.youtube.com\/channel\/UCysDNyvyR5-3cCWEmpkVC0g\"]}]}<\/script>\n<!-- \/ Yoast SEO Premium plugin. -->","yoast_head_json":{"title":"Graphit-Scheibe | Jinsun Carbon","robots":{"index":"index","follow":"follow","max-snippet":"max-snippet:-1","max-image-preview":"max-image-preview:large","max-video-preview":"max-video-preview:-1"},"canonical":"https:\/\/jinsuncarbon.com\/de\/produkt\/graphit-scheibe\/","og_locale":"de_DE","og_type":"article","og_title":"Graphite Washer","og_description":"Graphite washer\u00a0is a ring-shaped sealing component made of graphite as the core material, which\u00a0is also called carbon-based washer. It\u00a0is manufactured by pressing, cutting and other processes from natural graphite or high-purity artificial graphite, and some products may incorporate metal linings to enhance overall strength. It has\u00a0outstanding sealing performance, temperature resistance, corrosion resistance and chemical stability, which is\u00a0highly suitable for static sealing requirements.","og_url":"https:\/\/jinsuncarbon.com\/de\/produkt\/graphit-scheibe\/","og_site_name":"Jinsun Carbon","article_publisher":"https:\/\/www.facebook.com\/Graphite-Electrode-109336238661595","article_modified_time":"2025-08-02T00:04:40+00:00","og_image":[{"width":1024,"height":777,"url":"https:\/\/jinsuncarbon.com\/wp-content\/uploads\/2022\/12\/1f16999dc0b243ed0868893795772a5.jpg","type":"image\/jpeg"}],"twitter_card":"summary_large_image","twitter_site":"@jinsuncarbon_","twitter_misc":{"Gesch\u00e4tzte Lesezeit":"3\u00a0Minuten"},"schema":{"@context":"https:\/\/schema.org","@graph":[{"@type":"WebPage","@id":"https:\/\/jinsuncarbon.com\/product\/graphite-washer\/","url":"https:\/\/jinsuncarbon.com\/product\/graphite-washer\/","name":"Graphit-Scheibe | Jinsun Carbon","isPartOf":{"@id":"https:\/\/jinsuncarbon.com\/#website"},"datePublished":"2025-08-02T00:04:39+00:00","dateModified":"2025-08-02T00:04:40+00:00","breadcrumb":{"@id":"https:\/\/jinsuncarbon.com\/product\/graphite-washer\/#breadcrumb"},"inLanguage":"de","potentialAction":[{"@type":"ReadAction","target":["https:\/\/jinsuncarbon.com\/product\/graphite-washer\/"]}]},{"@type":"BreadcrumbList","@id":"https:\/\/jinsuncarbon.com\/product\/graphite-washer\/#breadcrumb","itemListElement":[{"@type":"ListItem","position":1,"name":"Home","item":"https:\/\/jinsuncarbon.com\/"},{"@type":"ListItem","position":2,"name":"Products","item":"https:\/\/jinsuncarbon.com\/graphite-carbon\/"},{"@type":"ListItem","position":3,"name":"Graphite Washer"}]},{"@type":"WebSite","@id":"https:\/\/jinsuncarbon.com\/#website","url":"https:\/\/jinsuncarbon.com\/","name":"Jinsun Kohlenstoff","description":"Wir sind der erfolgreiche Hersteller von Graphitelektroden in China","publisher":{"@id":"https:\/\/jinsuncarbon.com\/#organization"},"potentialAction":[{"@type":"SearchAction","target":{"@type":"EntryPoint","urlTemplate":"https:\/\/jinsuncarbon.com\/?s={search_term_string}"},"query-input":{"@type":"PropertyValueSpecification","valueRequired":true,"valueName":"search_term_string"}}],"inLanguage":"de"},{"@type":"Organization","@id":"https:\/\/jinsuncarbon.com\/#organization","name":"Jinsun Kohlenstoff","alternateName":"Jinsun Carbon","url":"https:\/\/jinsuncarbon.com\/","logo":{"@type":"ImageObject","inLanguage":"de","@id":"https:\/\/jinsuncarbon.com\/#\/schema\/logo\/image\/","url":"https:\/\/jinsuncarbon.com\/wp-content\/uploads\/2022\/12\/LOGO-1.png","contentUrl":"https:\/\/jinsuncarbon.com\/wp-content\/uploads\/2022\/12\/LOGO-1.png","width":207,"height":80,"caption":"Jinsun Carbon"},"image":{"@id":"https:\/\/jinsuncarbon.com\/#\/schema\/logo\/image\/"},"sameAs":["https:\/\/www.facebook.com\/Graphite-Electrode-109336238661595","https:\/\/x.com\/jinsuncarbon_","https:\/\/www.linkedin.com\/in\/jinsungraphite","https:\/\/www.youtube.com\/channel\/UCysDNyvyR5-3cCWEmpkVC0g"]}]}},"_links":{"self":[{"href":"https:\/\/jinsuncarbon.com\/de\/wp-json\/wp\/v2\/product\/8015","targetHints":{"allow":["GET"]}}],"collection":[{"href":"https:\/\/jinsuncarbon.com\/de\/wp-json\/wp\/v2\/product"}],"about":[{"href":"https:\/\/jinsuncarbon.com\/de\/wp-json\/wp\/v2\/types\/product"}],"wp:attachment":[{"href":"https:\/\/jinsuncarbon.com\/de\/wp-json\/wp\/v2\/media?parent=8015"}],"wp:term":[{"taxonomy":"product_brand","embeddable":true,"href":"https:\/\/jinsuncarbon.com\/de\/wp-json\/wp\/v2\/product_brand?post=8015"},{"taxonomy":"product_cat","embeddable":true,"href":"https:\/\/jinsuncarbon.com\/de\/wp-json\/wp\/v2\/product_cat?post=8015"},{"taxonomy":"product_tag","embeddable":true,"href":"https:\/\/jinsuncarbon.com\/de\/wp-json\/wp\/v2\/product_tag?post=8015"}],"curies":[{"name":"wp","href":"https:\/\/api.w.org\/{rel}","templated":true}]}}