{"id":7991,"date":"2025-07-12T10:29:13","date_gmt":"2025-07-12T10:29:13","guid":{"rendered":"https:\/\/jinsuncarbon.com\/?post_type=product&#038;p=7991"},"modified":"2025-07-12T10:29:14","modified_gmt":"2025-07-12T10:29:14","slug":"aufkohlungsanlage","status":"publish","type":"product","link":"https:\/\/jinsuncarbon.com\/de\/produkt\/aufkohlungsanlage\/","title":{"rendered":"Wiederaufkocher"},"content":{"rendered":"<h2>Vorteile der Aufkohlungsanlage<\/h2>\n<p><strong><b>H<\/b><\/strong><strong><b>hoher Kohlenstoffgehalt<\/b><\/strong><\/p>\n<p>Seine Kohlenstoffabsorptionsrate ist hoch, so dass es den Kohlenstoff in der Metallschmelze schnell und effektiv wieder auff\u00fcllen kann.<\/p>\n<p>&nbsp;<\/p>\n<p><strong><b>G<\/b><\/strong><strong><b>gute chemische Stabilit\u00e4t<\/b><\/strong><\/p>\n<p>Es ist nicht anf\u00e4llig f\u00fcr Zersetzung oder Verschlechterung in Hochtemperatur-Schmelzumgebungen.<\/p>\n<p>&nbsp;<\/p>\n<p><strong><b>Reines<\/b><\/strong><strong><b>\u00a0Zusammensetzung<\/b><\/strong><\/p>\n<p>Es hat einen geringen Gehalt an sch\u00e4dlichen Verunreinigungen (wie Schwefel, Stickstoff, Wasserstoff usw.), was die nachteiligen Auswirkungen auf die Metalleigenschaften verringern kann.<\/p>\n<p>&nbsp;<\/p>\n<p><strong><b>M\u00e4\u00dfige Reaktivit\u00e4t<\/b><\/strong><\/p>\n<p>Es kann vollst\u00e4ndig in die Metallschmelze integriert werden, was einen gleichm\u00e4\u00dfigen und stabilen Kohlenstoffzusatzeffekt gew\u00e4hrleistet.<\/p>\n<p>&nbsp;<\/p>\n<p><strong><b>H<\/b><\/strong><strong><b>hohes Leistungs-Kosten-Verh\u00e4ltnis<\/b><\/strong><\/p>\n<p>Verschiedene Arten von Aufkohlungsanlagen k\u00f6nnen die Anforderungen verschiedener Szenarien erf\u00fcllen, so dass auch die Kostenkontrolle ber\u00fccksichtigt werden kann.<\/p>\n<p>&nbsp;<\/p>\n<p><strong><b>Bequemer und flexibler Einsatz<\/b><\/strong><\/p>\n<p>Es hat verschiedene Formen, wie z. B. k\u00f6rnig, blockartig, pulverf\u00f6rmig usw., so dass seine Zugabemethode flexibel ist. Au\u00dferdem ist es f\u00fcr verschiedene Schmelzverfahren geeignet und l\u00e4sst sich leicht lagern und transportieren.<\/p>\n<p><strong><b>\u00a0<\/b><\/strong><\/p>\n<p>Je nach Ihren spezifischen Anforderungen wird es so verarbeitet, dass es Ihren Korngr\u00f6\u00dfenstandards entspricht. Dar\u00fcber hinaus k\u00f6nnen Sie auch Graphit-Aufkohlungsanlagen, Koks-Aufkohlungsanlagen, Aufkohlungsanlagen auf Kohlebasis oder andere Arten von Aufkohlungsanlagen w\u00e4hlen.<\/p>\n<p><strong><b>\u00a0<\/b><\/strong><\/p>\n<h2>Verwendungszwecke des Aufkohlungsmittels<\/h2>\n<p><strong><b>Stahlverh\u00fcttung<\/b><\/strong><\/p>\n<p>Beim Schmelzen von Stahl in einem Konverter oder einem Elektrolichtbogenofen k\u00f6nnen Sie es verwenden, um den Kohlenstoffgehalt pr\u00e4zise aufzuf\u00fcllen. Der geschmolzene Stahl verliert durch Oxidationsreaktionen Kohlenstoff, und die Zugabe von Aufkohlungsmitteln kann sicherstellen, dass die Stahlzusammensetzung den Normen entspricht.<\/p>\n<p>&nbsp;<\/p>\n<p>Bei der Herstellung von Stahl mit hohem Kohlenstoffgehalt k\u00f6nnen Sie damit den Kohlenstoffgehalt erh\u00f6hen und so die H\u00e4rte steigern. Bei der Herstellung von Stahl mit mittlerem Kohlenstoffgehalt steuert es den Kohlenstoffgehalt innerhalb eines bestimmten Bereichs und sorgt f\u00fcr ein Gleichgewicht zwischen Festigkeit und Z\u00e4higkeit.<\/p>\n<p>&nbsp;<\/p>\n<p><strong><b>Gusseisenguss<\/b><\/strong><\/p>\n<p>Bei der Herstellung von <a href=\"https:\/\/en.wikipedia.org\/wiki\/Gray_iron\" target=\"_blank\" rel=\"noopener\">Grauguss<\/a>Es kann das Kohlenstoff\u00e4quivalent des geschmolzenen Eisens einstellen und die Flie\u00dff\u00e4higkeit verbessern. Und dann reduzieren Defekte wie Poren und Lunker, so dass die Gussstruktur dichter wird.<\/p>\n<p>&nbsp;<\/p>\n<p>Bei der Herstellung von duktilem Eisen k\u00f6nnen Sie es verwenden, um eine stabile Kohlenstoffquelle zu gew\u00e4hrleisten. Es f\u00f6rdert die Bildung von <a href=\"https:\/\/jinsuncarbon.com\/de\/erfahren-sie-mehr-uber-das-gusseisen-mit-kugelgraphit\/\">kugelf\u00f6rmiger Graphit<\/a>Dadurch wird die Z\u00e4higkeit des Gussst\u00fccks deutlich erh\u00f6ht.  So k\u00f6nnen Sie es in Schl\u00fcsselkomponenten wie Motorbl\u00f6cken von Kraftfahrzeugen weithin verwenden.<\/p>\n<p>&nbsp;<\/p>\n<p><strong><b>Verarbeitung von recyceltem Metall<\/b><\/strong><\/p>\n<p>Sie k\u00f6nnen es zur Erg\u00e4nzung des Kohlenstoffgehalts im Abfallrecyclingprozess von kleinen und mittleren Gie\u00dfereien verwenden. Die Zugabe w\u00e4hrend des Recyclingprozesses von recycelten Metallen wie Stahlschrott und Eisenschrott kann dazu beitragen, den Verlust an Kohlenstoffelementen auszugleichen. Dadurch wird nicht nur der Verwertungswert der recycelten Metalle erh\u00f6ht, sondern es werden auch die Rohstoffkosten gesenkt, was zur Kreislaufwirtschaft beitr\u00e4gt.<\/p>\n<p>&nbsp;<\/p>\n<p><strong><b>Spezielle Legierungsvorbereitung<\/b><\/strong><\/p>\n<p>Es kann auch als pr\u00e4zise Kohlenstoffquelle bei der Herstellung von Hochtemperaturlegierungen, verschlei\u00dffesten Legierungen usw. verwendet werden. Es kann die Verschlei\u00dffestigkeit verbessern und die H\u00e4rte erh\u00f6hen und erf\u00fcllt damit die strengen Anforderungen an die Materialleistung im High-End-Bereich.<\/p>","protected":false},"excerpt":{"rendered":"<p>Recarburizer ist ein metallurgisches Hilfsmaterial, das aus Materialien mit hohem Kohlenstoffgehalt hergestellt wird und auch als Kohlenstoffzusatz bezeichnet wird. Es handelt sich um ein zuverl\u00e4ssiges Material, das eine effiziente F\u00e4higkeit zur Auff\u00fcllung von Kohlenstoffelementen, eine stabile Zusammensetzung und eine gute Reaktivit\u00e4t aufweist. Es kann den Kohlenstoffgehalt in Metallschmelzprozessen regulieren und ist daher in industriellen Bereichen wie Stahlschmelzen und Gie\u00dfen weit verbreitet. So l\u00e4sst sich beispielsweise das Kohlenstoff\u00e4quivalent bei der Herstellung von Sph\u00e4roguss genau einstellen und der Kohlenstoffgehalt von geschmolzenem Stahl bei der Herstellung von Stahl im Elektrolichtbogenofen schnell wieder auff\u00fcllen.<\/p>","protected":false},"featured_media":7997,"template":"","meta":[],"product_brand":[],"product_cat":[37],"product_tag":[],"class_list":{"0":"post-7991","1":"product","2":"type-product","3":"status-publish","4":"has-post-thumbnail","6":"product_cat-graphite-electrode","8":"first","9":"instock","10":"shipping-taxable","11":"product-type-simple"},"yoast_head":"<!-- This site is optimized with the Yoast SEO Premium plugin v19.2.1 (Yoast SEO v25.3) - https:\/\/yoast.com\/wordpress\/plugins\/seo\/ -->\n<title>Recarburizer Manufacturer in China<\/title>\n<meta name=\"description\" content=\"A recarburizer is a material with a high carbon content that is used in metal production. It increases the carbon content of molten metal to achieve the desired properties.\" \/>\n<meta name=\"robots\" content=\"index, follow, max-snippet:-1, max-image-preview:large, max-video-preview:-1\" \/>\n<link rel=\"canonical\" href=\"https:\/\/jinsuncarbon.com\/de\/produkt\/aufkohlungsanlage\/\" \/>\n<meta property=\"og:locale\" content=\"de_DE\" \/>\n<meta property=\"og:type\" content=\"article\" \/>\n<meta property=\"og:title\" content=\"Recarburizer\" \/>\n<meta property=\"og:description\" content=\"A recarburizer is a material with a high carbon content that is used in metal production. It increases the carbon content of molten metal to achieve the desired properties.\" \/>\n<meta property=\"og:url\" content=\"https:\/\/jinsuncarbon.com\/de\/produkt\/aufkohlungsanlage\/\" \/>\n<meta property=\"og:site_name\" content=\"Jinsun Carbon\" \/>\n<meta property=\"article:publisher\" content=\"https:\/\/www.facebook.com\/Graphite-Electrode-109336238661595\" \/>\n<meta property=\"article:modified_time\" content=\"2025-07-12T10:29:14+00:00\" \/>\n<meta property=\"og:image\" content=\"https:\/\/jinsuncarbon.com\/wp-content\/uploads\/2025\/07\/Recarburizer.jpg\" \/>\n\t<meta property=\"og:image:width\" content=\"1024\" \/>\n\t<meta property=\"og:image:height\" content=\"763\" \/>\n\t<meta property=\"og:image:type\" content=\"image\/jpeg\" \/>\n<meta name=\"twitter:card\" content=\"summary_large_image\" \/>\n<meta name=\"twitter:site\" content=\"@jinsuncarbon_\" \/>\n<meta name=\"twitter:label1\" content=\"Gesch\u00e4tzte Lesezeit\" \/>\n\t<meta name=\"twitter:data1\" content=\"3\u00a0Minuten\" \/>\n<script type=\"application\/ld+json\" class=\"yoast-schema-graph\">{\"@context\":\"https:\/\/schema.org\",\"@graph\":[{\"@type\":\"WebPage\",\"@id\":\"https:\/\/jinsuncarbon.com\/product\/recarburizer\/\",\"url\":\"https:\/\/jinsuncarbon.com\/product\/recarburizer\/\",\"name\":\"Recarburizer Manufacturer in China\",\"isPartOf\":{\"@id\":\"https:\/\/jinsuncarbon.com\/#website\"},\"primaryImageOfPage\":{\"@id\":\"https:\/\/jinsuncarbon.com\/product\/recarburizer\/#primaryimage\"},\"image\":{\"@id\":\"https:\/\/jinsuncarbon.com\/product\/recarburizer\/#primaryimage\"},\"thumbnailUrl\":\"https:\/\/jinsuncarbon.com\/wp-content\/uploads\/2025\/07\/Recarburizer.jpg\",\"datePublished\":\"2025-07-12T10:29:13+00:00\",\"dateModified\":\"2025-07-12T10:29:14+00:00\",\"description\":\"A recarburizer is a material with a high carbon content that is used in metal production. It increases the carbon content of molten metal to achieve the desired properties.\",\"breadcrumb\":{\"@id\":\"https:\/\/jinsuncarbon.com\/product\/recarburizer\/#breadcrumb\"},\"inLanguage\":\"de\",\"potentialAction\":[{\"@type\":\"ReadAction\",\"target\":[\"https:\/\/jinsuncarbon.com\/product\/recarburizer\/\"]}]},{\"@type\":\"ImageObject\",\"inLanguage\":\"de\",\"@id\":\"https:\/\/jinsuncarbon.com\/product\/recarburizer\/#primaryimage\",\"url\":\"https:\/\/jinsuncarbon.com\/wp-content\/uploads\/2025\/07\/Recarburizer.jpg\",\"contentUrl\":\"https:\/\/jinsuncarbon.com\/wp-content\/uploads\/2025\/07\/Recarburizer.jpg\",\"width\":1024,\"height\":763,\"caption\":\"Recarburizer\"},{\"@type\":\"BreadcrumbList\",\"@id\":\"https:\/\/jinsuncarbon.com\/product\/recarburizer\/#breadcrumb\",\"itemListElement\":[{\"@type\":\"ListItem\",\"position\":1,\"name\":\"Home\",\"item\":\"https:\/\/jinsuncarbon.com\/\"},{\"@type\":\"ListItem\",\"position\":2,\"name\":\"Products\",\"item\":\"https:\/\/jinsuncarbon.com\/graphite-carbon\/\"},{\"@type\":\"ListItem\",\"position\":3,\"name\":\"Recarburizer\"}]},{\"@type\":\"WebSite\",\"@id\":\"https:\/\/jinsuncarbon.com\/#website\",\"url\":\"https:\/\/jinsuncarbon.com\/\",\"name\":\"Jinsun Carbon\",\"description\":\"We are the successful graphite electrode manufacturer in China\",\"publisher\":{\"@id\":\"https:\/\/jinsuncarbon.com\/#organization\"},\"potentialAction\":[{\"@type\":\"SearchAction\",\"target\":{\"@type\":\"EntryPoint\",\"urlTemplate\":\"https:\/\/jinsuncarbon.com\/?s={search_term_string}\"},\"query-input\":{\"@type\":\"PropertyValueSpecification\",\"valueRequired\":true,\"valueName\":\"search_term_string\"}}],\"inLanguage\":\"de\"},{\"@type\":\"Organization\",\"@id\":\"https:\/\/jinsuncarbon.com\/#organization\",\"name\":\"Jinsun Carbon\",\"alternateName\":\"Jinsun Carbon\",\"url\":\"https:\/\/jinsuncarbon.com\/\",\"logo\":{\"@type\":\"ImageObject\",\"inLanguage\":\"de\",\"@id\":\"https:\/\/jinsuncarbon.com\/#\/schema\/logo\/image\/\",\"url\":\"https:\/\/jinsuncarbon.com\/wp-content\/uploads\/2022\/12\/LOGO-1.png\",\"contentUrl\":\"https:\/\/jinsuncarbon.com\/wp-content\/uploads\/2022\/12\/LOGO-1.png\",\"width\":207,\"height\":80,\"caption\":\"Jinsun Carbon\"},\"image\":{\"@id\":\"https:\/\/jinsuncarbon.com\/#\/schema\/logo\/image\/\"},\"sameAs\":[\"https:\/\/www.facebook.com\/Graphite-Electrode-109336238661595\",\"https:\/\/x.com\/jinsuncarbon_\",\"https:\/\/www.linkedin.com\/in\/jinsungraphite\",\"https:\/\/www.youtube.com\/channel\/UCysDNyvyR5-3cCWEmpkVC0g\"]}]}<\/script>\n<!-- \/ Yoast SEO Premium plugin. -->","yoast_head_json":{"title":"Aufkohlungsanlage Hersteller in China","description":"Ein Aufkohlungsmittel ist ein Material mit hohem Kohlenstoffgehalt, das bei der Metallherstellung verwendet wird. Er erh\u00f6ht den Kohlenstoffgehalt des geschmolzenen Metalls, um die gew\u00fcnschten Eigenschaften zu erzielen.","robots":{"index":"index","follow":"follow","max-snippet":"max-snippet:-1","max-image-preview":"max-image-preview:large","max-video-preview":"max-video-preview:-1"},"canonical":"https:\/\/jinsuncarbon.com\/de\/produkt\/aufkohlungsanlage\/","og_locale":"de_DE","og_type":"article","og_title":"Recarburizer","og_description":"A recarburizer is a material with a high carbon content that is used in metal production. It increases the carbon content of molten metal to achieve the desired properties.","og_url":"https:\/\/jinsuncarbon.com\/de\/produkt\/aufkohlungsanlage\/","og_site_name":"Jinsun Carbon","article_publisher":"https:\/\/www.facebook.com\/Graphite-Electrode-109336238661595","article_modified_time":"2025-07-12T10:29:14+00:00","og_image":[{"width":1024,"height":763,"url":"https:\/\/jinsuncarbon.com\/wp-content\/uploads\/2025\/07\/Recarburizer.jpg","type":"image\/jpeg"}],"twitter_card":"summary_large_image","twitter_site":"@jinsuncarbon_","twitter_misc":{"Gesch\u00e4tzte Lesezeit":"3\u00a0Minuten"},"schema":{"@context":"https:\/\/schema.org","@graph":[{"@type":"WebPage","@id":"https:\/\/jinsuncarbon.com\/product\/recarburizer\/","url":"https:\/\/jinsuncarbon.com\/product\/recarburizer\/","name":"Aufkohlungsanlage Hersteller in China","isPartOf":{"@id":"https:\/\/jinsuncarbon.com\/#website"},"primaryImageOfPage":{"@id":"https:\/\/jinsuncarbon.com\/product\/recarburizer\/#primaryimage"},"image":{"@id":"https:\/\/jinsuncarbon.com\/product\/recarburizer\/#primaryimage"},"thumbnailUrl":"https:\/\/jinsuncarbon.com\/wp-content\/uploads\/2025\/07\/Recarburizer.jpg","datePublished":"2025-07-12T10:29:13+00:00","dateModified":"2025-07-12T10:29:14+00:00","description":"Ein Aufkohlungsmittel ist ein Material mit hohem Kohlenstoffgehalt, das bei der Metallherstellung verwendet wird. Er erh\u00f6ht den Kohlenstoffgehalt des geschmolzenen Metalls, um die gew\u00fcnschten Eigenschaften zu erzielen.","breadcrumb":{"@id":"https:\/\/jinsuncarbon.com\/product\/recarburizer\/#breadcrumb"},"inLanguage":"de","potentialAction":[{"@type":"ReadAction","target":["https:\/\/jinsuncarbon.com\/product\/recarburizer\/"]}]},{"@type":"ImageObject","inLanguage":"de","@id":"https:\/\/jinsuncarbon.com\/product\/recarburizer\/#primaryimage","url":"https:\/\/jinsuncarbon.com\/wp-content\/uploads\/2025\/07\/Recarburizer.jpg","contentUrl":"https:\/\/jinsuncarbon.com\/wp-content\/uploads\/2025\/07\/Recarburizer.jpg","width":1024,"height":763,"caption":"Recarburizer"},{"@type":"BreadcrumbList","@id":"https:\/\/jinsuncarbon.com\/product\/recarburizer\/#breadcrumb","itemListElement":[{"@type":"ListItem","position":1,"name":"Home","item":"https:\/\/jinsuncarbon.com\/"},{"@type":"ListItem","position":2,"name":"Products","item":"https:\/\/jinsuncarbon.com\/graphite-carbon\/"},{"@type":"ListItem","position":3,"name":"Recarburizer"}]},{"@type":"WebSite","@id":"https:\/\/jinsuncarbon.com\/#website","url":"https:\/\/jinsuncarbon.com\/","name":"Jinsun Kohlenstoff","description":"Wir sind der erfolgreiche Hersteller von Graphitelektroden in China","publisher":{"@id":"https:\/\/jinsuncarbon.com\/#organization"},"potentialAction":[{"@type":"SearchAction","target":{"@type":"EntryPoint","urlTemplate":"https:\/\/jinsuncarbon.com\/?s={search_term_string}"},"query-input":{"@type":"PropertyValueSpecification","valueRequired":true,"valueName":"search_term_string"}}],"inLanguage":"de"},{"@type":"Organization","@id":"https:\/\/jinsuncarbon.com\/#organization","name":"Jinsun Kohlenstoff","alternateName":"Jinsun Carbon","url":"https:\/\/jinsuncarbon.com\/","logo":{"@type":"ImageObject","inLanguage":"de","@id":"https:\/\/jinsuncarbon.com\/#\/schema\/logo\/image\/","url":"https:\/\/jinsuncarbon.com\/wp-content\/uploads\/2022\/12\/LOGO-1.png","contentUrl":"https:\/\/jinsuncarbon.com\/wp-content\/uploads\/2022\/12\/LOGO-1.png","width":207,"height":80,"caption":"Jinsun Carbon"},"image":{"@id":"https:\/\/jinsuncarbon.com\/#\/schema\/logo\/image\/"},"sameAs":["https:\/\/www.facebook.com\/Graphite-Electrode-109336238661595","https:\/\/x.com\/jinsuncarbon_","https:\/\/www.linkedin.com\/in\/jinsungraphite","https:\/\/www.youtube.com\/channel\/UCysDNyvyR5-3cCWEmpkVC0g"]}]}},"_links":{"self":[{"href":"https:\/\/jinsuncarbon.com\/de\/wp-json\/wp\/v2\/product\/7991","targetHints":{"allow":["GET"]}}],"collection":[{"href":"https:\/\/jinsuncarbon.com\/de\/wp-json\/wp\/v2\/product"}],"about":[{"href":"https:\/\/jinsuncarbon.com\/de\/wp-json\/wp\/v2\/types\/product"}],"wp:featuredmedia":[{"embeddable":true,"href":"https:\/\/jinsuncarbon.com\/de\/wp-json\/wp\/v2\/media\/7997"}],"wp:attachment":[{"href":"https:\/\/jinsuncarbon.com\/de\/wp-json\/wp\/v2\/media?parent=7991"}],"wp:term":[{"taxonomy":"product_brand","embeddable":true,"href":"https:\/\/jinsuncarbon.com\/de\/wp-json\/wp\/v2\/product_brand?post=7991"},{"taxonomy":"product_cat","embeddable":true,"href":"https:\/\/jinsuncarbon.com\/de\/wp-json\/wp\/v2\/product_cat?post=7991"},{"taxonomy":"product_tag","embeddable":true,"href":"https:\/\/jinsuncarbon.com\/de\/wp-json\/wp\/v2\/product_tag?post=7991"}],"curies":[{"name":"wp","href":"https:\/\/api.w.org\/{rel}","templated":true}]}}