{"id":7990,"date":"2025-07-12T10:05:53","date_gmt":"2025-07-12T10:05:53","guid":{"rendered":"https:\/\/jinsuncarbon.com\/?post_type=product&#038;p=7990"},"modified":"2025-07-12T10:05:55","modified_gmt":"2025-07-12T10:05:55","slug":"siliziumkarbid-beschichteter-graphit","status":"publish","type":"product","link":"https:\/\/jinsuncarbon.com\/de\/produkt\/siliziumkarbid-beschichteter-graphit\/","title":{"rendered":"Siliziumkarbidbeschichteter Graphit"},"content":{"rendered":"<h2>Vorteile von mit Siliziumkarbid beschichtetem Graphit<\/h2>\n<p>Mit Siliziumkarbid (SiC) beschichteter Graphit wird im Allgemeinen in Form von Bl\u00f6cken, Platten oder Rohren verwendet und hat bemerkenswerte Vorteile.<\/p>\n<p><strong><b>E<\/b><\/strong><strong><b>Hervorragende Hochtemperaturstabilit\u00e4t<\/b><\/strong><\/p>\n<p>Es kann in einem weiten Temperaturbereich von -200\u00b0C bis 1600\u00b0C stabil bleiben.<\/p>\n<p>&nbsp;<\/p>\n<p><strong><b>H<\/b><\/strong><strong><b>hohe Oberfl\u00e4chenh\u00e4rte<\/b><\/strong><\/p>\n<p>Das macht sie zu einer extrem guten Verschlei\u00dfschutzschicht. Sie kann Reibungsverluste verringern, die Lebensdauer von Ger\u00e4ten verl\u00e4ngern und die betriebliche Effizienz verbessern.<\/p>\n<p>&nbsp;<\/p>\n<p><strong><b>Stabile chemische Eigenschaften<\/b><\/strong><\/p>\n<p>Sie ist sehr tolerant gegen\u00fcber verschiedenen chemischen Substanzen.<\/p>\n<p>&nbsp;<\/p>\n<p><strong><b>S<\/b><\/strong><strong><b>hohe Oxidationsbest\u00e4ndigkeit<\/b><\/strong><\/p>\n<p>Sie k\u00f6nnen es als Hochtemperatur-Schutzmaterial verwenden und es ist sehr langlebig.<\/p>\n<p>&nbsp;<\/p>\n<p><strong><b>E<\/b><\/strong><strong><b>Hervorragende W\u00e4rmeleitf\u00e4higkeit<\/b><\/strong><\/p>\n<p>Dadurch kann es W\u00e4rme schnell ableiten, was f\u00fcr viele Hochtemperaturanwendungen im W\u00e4rmemanagement entscheidend ist.<\/p>\n<p>&nbsp;<\/p>\n<p><strong><b>G<\/b><\/strong><strong><b>gute elektrische Leitf\u00e4higkeit <\/b><\/strong><\/p>\n<p>Es kann auch bei hohen Temperaturen und in korrosiven Umgebungen stabil Strom \u00fcbertragen und eignet sich f\u00fcr verschiedene leitf\u00e4hige Szenarien.<\/p>\n<p><strong><b>\u00a0<\/b><\/strong><\/p>\n<h2>Verwendungszwecke von mit Siliziumkarbid beschichtetem Graphit<\/h2>\n<p><strong><b>Im Bereich der Metallurgie<\/b><\/strong><\/p>\n<p>Mit Siliziumkarbid beschichteter Graphit hat eine hohe Korrosionsbest\u00e4ndigkeit und kann die Elektroden wirksam vor Sch\u00e4den sch\u00fctzen. W\u00e4hrend des Betriebs der metallurgischen Ausr\u00fcstung, es steht vor Hochtemperatur-Erosion, so k\u00f6nnen Sie es f\u00fcr Elektrodenschutz verwenden.<strong><b>\u00a0<\/b><\/strong>Sie kann die Wahrscheinlichkeit von Ger\u00e4teausf\u00e4llen verringern und die Leistung und Stabilit\u00e4t verbessern.<\/p>\n<p><strong><b>\u00a0<\/b><\/strong><\/p>\n<p><strong><b>Auf dem Gebiet der Energie<\/b><\/strong><\/p>\n<p><strong><b>In Hochtemperatur-Brennstoffzellen<\/b><\/strong><\/p>\n<p>Sie k\u00f6nnen es verwenden als <a href=\"https:\/\/jinsuncarbon.com\/de\/produkt\/graphit-bipolarplatte\/\">Bipolarplatten<\/a> um Brennstoff und Oxidationsmittel zu trennen, Strom zu sammeln und zu leiten. Und es unterst\u00fctzt die Membranelektrode, um die langfristige stabile Stromerzeugung der Batterie zu gew\u00e4hrleisten.<\/p>\n<p>&nbsp;<\/p>\n<p><strong><b>In der nuklearen Industrieausr\u00fcstung<\/b><\/strong><\/p>\n<p>Aufgrund der Strahlungsbest\u00e4ndigkeit und der chemischen Stabilit\u00e4t k\u00f6nnen Sie es als Bauelemente oder Schutzmaterialien f\u00fcr <a href=\"https:\/\/en.wikipedia.org\/wiki\/Nuclear_reactor\" target=\"_blank\" rel=\"noopener\">Atomreaktoren<\/a>. Es kann dazu beitragen, die Sicherheit und Stabilit\u00e4t des Betriebs von kerntechnischen Anlagen zu verbessern.<\/p>\n<p><strong><b>\u00a0<\/b><\/strong><\/p>\n<p><strong><b>In der chemischen Industrie<\/b><\/strong><\/p>\n<p>Es kann als ideales Beschichtungsmaterial f\u00fcr die Innenauskleidung von Reaktionsbeh\u00e4ltern und W\u00e4rmetauscher-Rohrleitungen verwendet werden. Aufgrund der chemischen Inertheit kann es die Korrosionsquelle isolieren und die Basis der Ausr\u00fcstung sch\u00fctzen. Gleichzeitig kann man seine W\u00e4rmeleitf\u00e4higkeit nutzen, um eine gleichm\u00e4\u00dfige Temperaturkontrolle des Mediums zu erreichen. Die Verwendung auf der Elektrodenoberfl\u00e4che einer elektrolytischen Zelle kann die Stabilit\u00e4t der Elektrode bei hohen Temperaturen verbessern. Dies kann die Effizienz der Elektrolyse und die Qualit\u00e4t des Produkts verbessern.<\/p>\n<p>&nbsp;<\/p>\n<p><strong><b>In der Maschinenindustrie<\/b><\/strong><\/p>\n<p><strong><b>Herstellung von verschlei\u00dffesten Komponenten<\/b><\/strong><\/p>\n<p>Aufgrund der ausgezeichneten H\u00e4rte, Verschlei\u00dffestigkeit und Hochtemperaturbest\u00e4ndigkeit kann es zu metallurgischen Walzen und verschlei\u00dffesten Auskleidungen verarbeitet werden. Au\u00dferdem kann es in gro\u00dfem Umfang f\u00fcr den Verschlei\u00dfschutz von Ger\u00e4ten, Rohren, Ventilen und anderen Komponenten in der Industrie verwendet werden. Es kann den Verschlei\u00df von Komponenten reduzieren und die Austauschzyklen verl\u00e4ngern.<\/p>\n<p>&nbsp;<\/p>\n<p><strong><b>P<\/b><\/strong><strong><b>rotierende Schicht f\u00fcr Hochtemperatur-Formen<\/b><\/strong><\/p>\n<p>Durch die hohe Temperaturbest\u00e4ndigkeit und die Antihaft-Eigenschaften kann es den Verschlei\u00df der Form verringern und die Genauigkeit und Effizienz der Formgebung verbessern.<\/p>","protected":false},"excerpt":{"rendered":"<p>Mit Siliziumkarbid beschichteter Graphit ist ein Verbundwerkstoff, der die Oberfl\u00e4che des Graphitsubstrats mit einem Siliziumkarbidfilm \u00fcberzieht. Mit seinen einzigartigen thermischen, elektrischen, chemischen und verschlei\u00dffesten Eigenschaften eignet es sich f\u00fcr eine Vielzahl moderner industrieller Anwendungen. Au\u00dferdem ist es ein robustes und langlebiges Material, das sich hervorragend f\u00fcr dynamische Anforderungen unter rauen Bedingungen eignet. Es wird z. B. als W\u00e4rmefeldkomponente in Einkristall\u00f6fen, als verschlei\u00dffester Tiegel in der metallurgischen Industrie usw. verwendet.<\/p>","protected":false},"featured_media":7995,"template":"","meta":[],"product_brand":[],"product_cat":[67],"product_tag":[],"class_list":{"0":"post-7990","1":"product","2":"type-product","3":"status-publish","4":"has-post-thumbnail","6":"product_cat-graphite-material","8":"first","9":"instock","10":"shipping-taxable","11":"product-type-simple"},"yoast_head":"<!-- This site is optimized with the Yoast SEO Premium plugin v19.2.1 (Yoast SEO v25.3) - https:\/\/yoast.com\/wordpress\/plugins\/seo\/ -->\n<title>Silicon Carbide Coated Graphite | Jinsun Carbon<\/title>\n<meta name=\"description\" content=\"Silicon carbide coated graphite manufacturer in China. The coating is typically applied to the graphite substrate using a chemical vapor deposition (CVD) technique.\" \/>\n<meta name=\"robots\" content=\"index, follow, max-snippet:-1, max-image-preview:large, max-video-preview:-1\" \/>\n<link rel=\"canonical\" href=\"https:\/\/jinsuncarbon.com\/de\/produkt\/siliziumkarbid-beschichteter-graphit\/\" \/>\n<meta property=\"og:locale\" content=\"de_DE\" \/>\n<meta property=\"og:type\" content=\"article\" \/>\n<meta property=\"og:title\" content=\"Silicon Carbide Coated Graphite\" \/>\n<meta property=\"og:description\" content=\"Silicon carbide coated graphite manufacturer in China. The coating is typically applied to the graphite substrate using a chemical vapor deposition (CVD) technique.\" \/>\n<meta property=\"og:url\" content=\"https:\/\/jinsuncarbon.com\/de\/produkt\/siliziumkarbid-beschichteter-graphit\/\" \/>\n<meta property=\"og:site_name\" content=\"Jinsun Carbon\" \/>\n<meta property=\"article:publisher\" content=\"https:\/\/www.facebook.com\/Graphite-Electrode-109336238661595\" \/>\n<meta property=\"article:modified_time\" content=\"2025-07-12T10:05:55+00:00\" \/>\n<meta property=\"og:image\" content=\"https:\/\/jinsuncarbon.com\/wp-content\/uploads\/2025\/07\/Silicon-Carbide-Coated-Graphite.jpg\" \/>\n\t<meta property=\"og:image:width\" content=\"1024\" \/>\n\t<meta property=\"og:image:height\" content=\"763\" \/>\n\t<meta property=\"og:image:type\" content=\"image\/jpeg\" \/>\n<meta name=\"twitter:card\" content=\"summary_large_image\" \/>\n<meta name=\"twitter:site\" content=\"@jinsuncarbon_\" \/>\n<meta name=\"twitter:label1\" content=\"Gesch\u00e4tzte Lesezeit\" \/>\n\t<meta name=\"twitter:data1\" content=\"3\u00a0Minuten\" \/>\n<script type=\"application\/ld+json\" class=\"yoast-schema-graph\">{\"@context\":\"https:\/\/schema.org\",\"@graph\":[{\"@type\":\"WebPage\",\"@id\":\"https:\/\/jinsuncarbon.com\/product\/silicon-carbide-coated-graphite\/\",\"url\":\"https:\/\/jinsuncarbon.com\/product\/silicon-carbide-coated-graphite\/\",\"name\":\"Silicon Carbide Coated Graphite | Jinsun Carbon\",\"isPartOf\":{\"@id\":\"https:\/\/jinsuncarbon.com\/#website\"},\"primaryImageOfPage\":{\"@id\":\"https:\/\/jinsuncarbon.com\/product\/silicon-carbide-coated-graphite\/#primaryimage\"},\"image\":{\"@id\":\"https:\/\/jinsuncarbon.com\/product\/silicon-carbide-coated-graphite\/#primaryimage\"},\"thumbnailUrl\":\"https:\/\/jinsuncarbon.com\/wp-content\/uploads\/2025\/07\/Silicon-Carbide-Coated-Graphite.jpg\",\"datePublished\":\"2025-07-12T10:05:53+00:00\",\"dateModified\":\"2025-07-12T10:05:55+00:00\",\"description\":\"Silicon carbide coated graphite manufacturer in China. The coating is typically applied to the graphite substrate using a chemical vapor deposition (CVD) technique.\",\"breadcrumb\":{\"@id\":\"https:\/\/jinsuncarbon.com\/product\/silicon-carbide-coated-graphite\/#breadcrumb\"},\"inLanguage\":\"de\",\"potentialAction\":[{\"@type\":\"ReadAction\",\"target\":[\"https:\/\/jinsuncarbon.com\/product\/silicon-carbide-coated-graphite\/\"]}]},{\"@type\":\"ImageObject\",\"inLanguage\":\"de\",\"@id\":\"https:\/\/jinsuncarbon.com\/product\/silicon-carbide-coated-graphite\/#primaryimage\",\"url\":\"https:\/\/jinsuncarbon.com\/wp-content\/uploads\/2025\/07\/Silicon-Carbide-Coated-Graphite.jpg\",\"contentUrl\":\"https:\/\/jinsuncarbon.com\/wp-content\/uploads\/2025\/07\/Silicon-Carbide-Coated-Graphite.jpg\",\"width\":1024,\"height\":763,\"caption\":\"Silicon Carbide Coated Graphite\"},{\"@type\":\"BreadcrumbList\",\"@id\":\"https:\/\/jinsuncarbon.com\/product\/silicon-carbide-coated-graphite\/#breadcrumb\",\"itemListElement\":[{\"@type\":\"ListItem\",\"position\":1,\"name\":\"Home\",\"item\":\"https:\/\/jinsuncarbon.com\/\"},{\"@type\":\"ListItem\",\"position\":2,\"name\":\"Products\",\"item\":\"https:\/\/jinsuncarbon.com\/graphite-carbon\/\"},{\"@type\":\"ListItem\",\"position\":3,\"name\":\"Silicon Carbide Coated Graphite\"}]},{\"@type\":\"WebSite\",\"@id\":\"https:\/\/jinsuncarbon.com\/#website\",\"url\":\"https:\/\/jinsuncarbon.com\/\",\"name\":\"Jinsun Carbon\",\"description\":\"We are the successful graphite electrode manufacturer in China\",\"publisher\":{\"@id\":\"https:\/\/jinsuncarbon.com\/#organization\"},\"potentialAction\":[{\"@type\":\"SearchAction\",\"target\":{\"@type\":\"EntryPoint\",\"urlTemplate\":\"https:\/\/jinsuncarbon.com\/?s={search_term_string}\"},\"query-input\":{\"@type\":\"PropertyValueSpecification\",\"valueRequired\":true,\"valueName\":\"search_term_string\"}}],\"inLanguage\":\"de\"},{\"@type\":\"Organization\",\"@id\":\"https:\/\/jinsuncarbon.com\/#organization\",\"name\":\"Jinsun Carbon\",\"alternateName\":\"Jinsun Carbon\",\"url\":\"https:\/\/jinsuncarbon.com\/\",\"logo\":{\"@type\":\"ImageObject\",\"inLanguage\":\"de\",\"@id\":\"https:\/\/jinsuncarbon.com\/#\/schema\/logo\/image\/\",\"url\":\"https:\/\/jinsuncarbon.com\/wp-content\/uploads\/2022\/12\/LOGO-1.png\",\"contentUrl\":\"https:\/\/jinsuncarbon.com\/wp-content\/uploads\/2022\/12\/LOGO-1.png\",\"width\":207,\"height\":80,\"caption\":\"Jinsun Carbon\"},\"image\":{\"@id\":\"https:\/\/jinsuncarbon.com\/#\/schema\/logo\/image\/\"},\"sameAs\":[\"https:\/\/www.facebook.com\/Graphite-Electrode-109336238661595\",\"https:\/\/x.com\/jinsuncarbon_\",\"https:\/\/www.linkedin.com\/in\/jinsungraphite\",\"https:\/\/www.youtube.com\/channel\/UCysDNyvyR5-3cCWEmpkVC0g\"]}]}<\/script>\n<!-- \/ Yoast SEO Premium plugin. -->","yoast_head_json":{"title":"Siliziumkarbidbeschichteter Graphit | Jinsun Carbon","description":"Hersteller von mit Siliziumkarbid beschichtetem Graphit in China. Die Beschichtung wird in der Regel durch chemische Gasphasenabscheidung (CVD) auf das Graphitsubstrat aufgebracht.","robots":{"index":"index","follow":"follow","max-snippet":"max-snippet:-1","max-image-preview":"max-image-preview:large","max-video-preview":"max-video-preview:-1"},"canonical":"https:\/\/jinsuncarbon.com\/de\/produkt\/siliziumkarbid-beschichteter-graphit\/","og_locale":"de_DE","og_type":"article","og_title":"Silicon Carbide Coated Graphite","og_description":"Silicon carbide coated graphite manufacturer in China. The coating is typically applied to the graphite substrate using a chemical vapor deposition (CVD) technique.","og_url":"https:\/\/jinsuncarbon.com\/de\/produkt\/siliziumkarbid-beschichteter-graphit\/","og_site_name":"Jinsun Carbon","article_publisher":"https:\/\/www.facebook.com\/Graphite-Electrode-109336238661595","article_modified_time":"2025-07-12T10:05:55+00:00","og_image":[{"width":1024,"height":763,"url":"https:\/\/jinsuncarbon.com\/wp-content\/uploads\/2025\/07\/Silicon-Carbide-Coated-Graphite.jpg","type":"image\/jpeg"}],"twitter_card":"summary_large_image","twitter_site":"@jinsuncarbon_","twitter_misc":{"Gesch\u00e4tzte Lesezeit":"3\u00a0Minuten"},"schema":{"@context":"https:\/\/schema.org","@graph":[{"@type":"WebPage","@id":"https:\/\/jinsuncarbon.com\/product\/silicon-carbide-coated-graphite\/","url":"https:\/\/jinsuncarbon.com\/product\/silicon-carbide-coated-graphite\/","name":"Siliziumkarbidbeschichteter Graphit | Jinsun Carbon","isPartOf":{"@id":"https:\/\/jinsuncarbon.com\/#website"},"primaryImageOfPage":{"@id":"https:\/\/jinsuncarbon.com\/product\/silicon-carbide-coated-graphite\/#primaryimage"},"image":{"@id":"https:\/\/jinsuncarbon.com\/product\/silicon-carbide-coated-graphite\/#primaryimage"},"thumbnailUrl":"https:\/\/jinsuncarbon.com\/wp-content\/uploads\/2025\/07\/Silicon-Carbide-Coated-Graphite.jpg","datePublished":"2025-07-12T10:05:53+00:00","dateModified":"2025-07-12T10:05:55+00:00","description":"Hersteller von mit Siliziumkarbid beschichtetem Graphit in China. Die Beschichtung wird in der Regel durch chemische Gasphasenabscheidung (CVD) auf das Graphitsubstrat aufgebracht.","breadcrumb":{"@id":"https:\/\/jinsuncarbon.com\/product\/silicon-carbide-coated-graphite\/#breadcrumb"},"inLanguage":"de","potentialAction":[{"@type":"ReadAction","target":["https:\/\/jinsuncarbon.com\/product\/silicon-carbide-coated-graphite\/"]}]},{"@type":"ImageObject","inLanguage":"de","@id":"https:\/\/jinsuncarbon.com\/product\/silicon-carbide-coated-graphite\/#primaryimage","url":"https:\/\/jinsuncarbon.com\/wp-content\/uploads\/2025\/07\/Silicon-Carbide-Coated-Graphite.jpg","contentUrl":"https:\/\/jinsuncarbon.com\/wp-content\/uploads\/2025\/07\/Silicon-Carbide-Coated-Graphite.jpg","width":1024,"height":763,"caption":"Silicon Carbide Coated Graphite"},{"@type":"BreadcrumbList","@id":"https:\/\/jinsuncarbon.com\/product\/silicon-carbide-coated-graphite\/#breadcrumb","itemListElement":[{"@type":"ListItem","position":1,"name":"Home","item":"https:\/\/jinsuncarbon.com\/"},{"@type":"ListItem","position":2,"name":"Products","item":"https:\/\/jinsuncarbon.com\/graphite-carbon\/"},{"@type":"ListItem","position":3,"name":"Silicon Carbide Coated Graphite"}]},{"@type":"WebSite","@id":"https:\/\/jinsuncarbon.com\/#website","url":"https:\/\/jinsuncarbon.com\/","name":"Jinsun Kohlenstoff","description":"Wir sind der erfolgreiche Hersteller von Graphitelektroden in China","publisher":{"@id":"https:\/\/jinsuncarbon.com\/#organization"},"potentialAction":[{"@type":"SearchAction","target":{"@type":"EntryPoint","urlTemplate":"https:\/\/jinsuncarbon.com\/?s={search_term_string}"},"query-input":{"@type":"PropertyValueSpecification","valueRequired":true,"valueName":"search_term_string"}}],"inLanguage":"de"},{"@type":"Organization","@id":"https:\/\/jinsuncarbon.com\/#organization","name":"Jinsun Kohlenstoff","alternateName":"Jinsun Carbon","url":"https:\/\/jinsuncarbon.com\/","logo":{"@type":"ImageObject","inLanguage":"de","@id":"https:\/\/jinsuncarbon.com\/#\/schema\/logo\/image\/","url":"https:\/\/jinsuncarbon.com\/wp-content\/uploads\/2022\/12\/LOGO-1.png","contentUrl":"https:\/\/jinsuncarbon.com\/wp-content\/uploads\/2022\/12\/LOGO-1.png","width":207,"height":80,"caption":"Jinsun Carbon"},"image":{"@id":"https:\/\/jinsuncarbon.com\/#\/schema\/logo\/image\/"},"sameAs":["https:\/\/www.facebook.com\/Graphite-Electrode-109336238661595","https:\/\/x.com\/jinsuncarbon_","https:\/\/www.linkedin.com\/in\/jinsungraphite","https:\/\/www.youtube.com\/channel\/UCysDNyvyR5-3cCWEmpkVC0g"]}]}},"_links":{"self":[{"href":"https:\/\/jinsuncarbon.com\/de\/wp-json\/wp\/v2\/product\/7990","targetHints":{"allow":["GET"]}}],"collection":[{"href":"https:\/\/jinsuncarbon.com\/de\/wp-json\/wp\/v2\/product"}],"about":[{"href":"https:\/\/jinsuncarbon.com\/de\/wp-json\/wp\/v2\/types\/product"}],"wp:featuredmedia":[{"embeddable":true,"href":"https:\/\/jinsuncarbon.com\/de\/wp-json\/wp\/v2\/media\/7995"}],"wp:attachment":[{"href":"https:\/\/jinsuncarbon.com\/de\/wp-json\/wp\/v2\/media?parent=7990"}],"wp:term":[{"taxonomy":"product_brand","embeddable":true,"href":"https:\/\/jinsuncarbon.com\/de\/wp-json\/wp\/v2\/product_brand?post=7990"},{"taxonomy":"product_cat","embeddable":true,"href":"https:\/\/jinsuncarbon.com\/de\/wp-json\/wp\/v2\/product_cat?post=7990"},{"taxonomy":"product_tag","embeddable":true,"href":"https:\/\/jinsuncarbon.com\/de\/wp-json\/wp\/v2\/product_tag?post=7990"}],"curies":[{"name":"wp","href":"https:\/\/api.w.org\/{rel}","templated":true}]}}